{"id":36813,"date":"2025-10-01T00:47:13","date_gmt":"2025-10-01T00:47:13","guid":{"rendered":"https:\/\/lovme.pt\/?post_type=product&#038;p=36813"},"modified":"2026-02-19T20:23:26","modified_gmt":"2026-02-19T20:23:26","slug":"passion-conjunto-de-couro-ecologico-amanda-s-m","status":"publish","type":"product","link":"https:\/\/lovme.pt\/index.php\/produto\/passion-conjunto-de-couro-ecologico-amanda-s-m\/","title":{"rendered":"PASSION &#8211; AMANDA SET CUERO ECOLOGICO S\/M"},"content":{"rendered":"<p>Um suti\u00e3 de couro atr\u00e1s de sensuais inser\u00e7\u00f5es de malha, uma cinta-liga e uma tanga e tudo isso com juntas decorativas douradas em forma de c\u00edrculos? Sim, \u00e9 a Amanda, o look perfeito para qualquer noite de paix\u00e3o<\/p>\n<ul>\n<li> Copos com arma\u00e7\u00e3o<\/li>\n<li> Al\u00e7as ajust\u00e1veis<\/li>\n<li> O produto n\u00e3o sensibiliza<\/li>\n<li> N\u00e3o descolore<\/li>\n<li> N\u00e3o tinge quando lavado<\/li>\n<\/ul>\n<p> Mais sobre o conjunto Amanda:<\/p>\n<ul>\n<li> Conjunto de suti\u00e3 e cinta-liga com design espetacular<\/li>\n<li> \u00d3tima combina\u00e7\u00e3o de tecidos semitransparentes e rendas<\/li>\n<li> Al\u00e7as ajust\u00e1veis<\/li>\n<li> material el\u00e1stico<\/li>\n<li> Apresentado em uma linda caixa ecol\u00f3gica<\/li>\n<li> Composi\u00e7\u00e3o: 60% poliuretano \/ 40% poli\u00e9ster<\/li>\n<li> Tamanho: P\/M<\/li>\n<\/ul>\n<p> Pensada e pensada para mulheres modernas e din\u00e2micas, Passion \u00e9 uma lingerie fabricada na Uni\u00e3o Europeia com rigorosos controles de qualidade.<\/p>\n<p> O m\u00e1ximo detalhe na fabrica\u00e7\u00e3o e seus elementos decorativos s\u00e3o as principais caracter\u00edsticas desta lingerie pensada para o mundo atual e para pessoas din\u00e2micas e ansiosas por inovar. <\/p>\n<p style=\"text-align: center;\"><img decoding=\"async\" alt=\"\" src=\"https:\/\/interno.dreamlove.es\/UserFiles\/images\/PASIOM%282%29.jpg\" style=\"text-align: center; width: 512px; height: 167px;\" \/><\/p>\n","protected":false},"excerpt":{"rendered":"<p>PASSION &#8211; CONJUNTO DE COURO ECOL\u00d3GICO AMANDA S\/M<\/p>\n","protected":false},"featured_media":90909,"template":"","meta":{"_acf_changed":false},"product_brand":[],"product_cat":[47,66,115],"product_tag":[],"class_list":{"0":"post-36813","1":"product","2":"type-product","3":"status-publish","4":"has-post-thumbnail","6":"product_cat-lingerie","7":"product_cat-lingerie-feminina","8":"product_cat-ofertas","9":"yith_product_brand-passion","10":"yith_product_brand-passionpassion-woman","11":"yith_product_brand-passionpassion-womanpassion-woman-sets","13":"first","14":"instock","15":"taxable","16":"shipping-taxable","17":"purchasable","18":"product-type-variable","19":"has-default-attributes"},"acf":[],"yoast_head":"<!-- This site is optimized with the Yoast SEO plugin v27.4 - https:\/\/yoast.com\/product\/yoast-seo-wordpress\/ -->\n<title>PASSION - AMANDA SET CUERO ECOLOGICO S\/M - Lovme<\/title>\n<meta name=\"robots\" content=\"index, follow, max-snippet:-1, max-image-preview:large, max-video-preview:-1\" \/>\n<link rel=\"canonical\" href=\"https:\/\/lovme.pt\/index.php\/produto\/passion-conjunto-de-couro-ecologico-amanda-s-m\/\" \/>\n<meta property=\"og:locale\" content=\"pt_PT\" \/>\n<meta property=\"og:type\" content=\"article\" \/>\n<meta property=\"og:title\" content=\"PASSION - AMANDA SET CUERO ECOLOGICO S\/M - Lovme\" \/>\n<meta property=\"og:description\" content=\"PASSION - CONJUNTO DE COURO ECOL\u00d3GICO AMANDA S\/M\" \/>\n<meta property=\"og:url\" content=\"https:\/\/lovme.pt\/index.php\/produto\/passion-conjunto-de-couro-ecologico-amanda-s-m\/\" \/>\n<meta property=\"og:site_name\" content=\"Lovme\" \/>\n<meta property=\"article:modified_time\" content=\"2026-02-19T20:23:26+00:00\" \/>\n<meta property=\"og:image\" content=\"https:\/\/erki24nd3ub.exactdn.com\/wp-content\/uploads\/dream\/img\/img_112081_23fb4b3085ad51ff3b57ab652f312c6e_1.jpg?strip=all\" \/>\n\t<meta property=\"og:image:width\" content=\"800\" \/>\n\t<meta property=\"og:image:height\" content=\"800\" \/>\n\t<meta property=\"og:image:type\" content=\"image\/jpeg\" \/>\n<meta name=\"twitter:card\" content=\"summary_large_image\" \/>\n<meta name=\"twitter:label1\" content=\"Tempo estimado de leitura\" \/>\n\t<meta name=\"twitter:data1\" content=\"1 minuto\" \/>\n<script type=\"application\/ld+json\" class=\"yoast-schema-graph\">{\"@context\":\"https:\\\/\\\/schema.org\",\"@graph\":[{\"@type\":\"WebPage\",\"@id\":\"https:\\\/\\\/lovme.pt\\\/index.php\\\/produto\\\/passion-conjunto-de-couro-ecologico-amanda-s-m\\\/\",\"url\":\"https:\\\/\\\/lovme.pt\\\/index.php\\\/produto\\\/passion-conjunto-de-couro-ecologico-amanda-s-m\\\/\",\"name\":\"PASSION - AMANDA SET CUERO ECOLOGICO S\\\/M - Lovme\",\"isPartOf\":{\"@id\":\"https:\\\/\\\/lovme.pt\\\/#website\"},\"primaryImageOfPage\":{\"@id\":\"https:\\\/\\\/lovme.pt\\\/index.php\\\/produto\\\/passion-conjunto-de-couro-ecologico-amanda-s-m\\\/#primaryimage\"},\"image\":{\"@id\":\"https:\\\/\\\/lovme.pt\\\/index.php\\\/produto\\\/passion-conjunto-de-couro-ecologico-amanda-s-m\\\/#primaryimage\"},\"thumbnailUrl\":\"https:\\\/\\\/erki24nd3ub.exactdn.com\\\/wp-content\\\/uploads\\\/dream\\\/img\\\/img_112081_23fb4b3085ad51ff3b57ab652f312c6e_1.jpg?strip=all\",\"datePublished\":\"2025-10-01T00:47:13+00:00\",\"dateModified\":\"2026-02-19T20:23:26+00:00\",\"breadcrumb\":{\"@id\":\"https:\\\/\\\/lovme.pt\\\/index.php\\\/produto\\\/passion-conjunto-de-couro-ecologico-amanda-s-m\\\/#breadcrumb\"},\"inLanguage\":\"pt-PT\",\"potentialAction\":[{\"@type\":\"ReadAction\",\"target\":[\"https:\\\/\\\/lovme.pt\\\/index.php\\\/produto\\\/passion-conjunto-de-couro-ecologico-amanda-s-m\\\/\"]}]},{\"@type\":\"ImageObject\",\"inLanguage\":\"pt-PT\",\"@id\":\"https:\\\/\\\/lovme.pt\\\/index.php\\\/produto\\\/passion-conjunto-de-couro-ecologico-amanda-s-m\\\/#primaryimage\",\"url\":\"https:\\\/\\\/erki24nd3ub.exactdn.com\\\/wp-content\\\/uploads\\\/dream\\\/img\\\/img_112081_23fb4b3085ad51ff3b57ab652f312c6e_1.jpg?strip=all\",\"contentUrl\":\"https:\\\/\\\/erki24nd3ub.exactdn.com\\\/wp-content\\\/uploads\\\/dream\\\/img\\\/img_112081_23fb4b3085ad51ff3b57ab652f312c6e_1.jpg?strip=all\",\"width\":800,\"height\":800},{\"@type\":\"BreadcrumbList\",\"@id\":\"https:\\\/\\\/lovme.pt\\\/index.php\\\/produto\\\/passion-conjunto-de-couro-ecologico-amanda-s-m\\\/#breadcrumb\",\"itemListElement\":[{\"@type\":\"ListItem\",\"position\":1,\"name\":\"In\u00edcio\",\"item\":\"https:\\\/\\\/lovme.pt\\\/\"},{\"@type\":\"ListItem\",\"position\":2,\"name\":\"Loja\",\"item\":\"https:\\\/\\\/lovme.pt\\\/index.php\\\/loja\\\/\"},{\"@type\":\"ListItem\",\"position\":3,\"name\":\"PASSION &#8211; AMANDA SET CUERO ECOLOGICO S\\\/M\"}]},{\"@type\":\"WebSite\",\"@id\":\"https:\\\/\\\/lovme.pt\\\/#website\",\"url\":\"https:\\\/\\\/lovme.pt\\\/\",\"name\":\"Lovme Loja Er\u00f3tica N\u00ba1 em Portugal\",\"description\":\"A melhor loja er\u00f3tica de Portugal.\",\"alternateName\":\"Loja Er\u00f3tica Lovme\",\"potentialAction\":[{\"@type\":\"SearchAction\",\"target\":{\"@type\":\"EntryPoint\",\"urlTemplate\":\"https:\\\/\\\/lovme.pt\\\/?s={search_term_string}\"},\"query-input\":{\"@type\":\"PropertyValueSpecification\",\"valueRequired\":true,\"valueName\":\"search_term_string\"}}],\"inLanguage\":\"pt-PT\"}]}<\/script>\n<!-- \/ Yoast SEO plugin. -->","yoast_head_json":{"title":"PASSION - AMANDA SET CUERO ECOLOGICO S\/M - Lovme","robots":{"index":"index","follow":"follow","max-snippet":"max-snippet:-1","max-image-preview":"max-image-preview:large","max-video-preview":"max-video-preview:-1"},"canonical":"https:\/\/lovme.pt\/index.php\/produto\/passion-conjunto-de-couro-ecologico-amanda-s-m\/","og_locale":"pt_PT","og_type":"article","og_title":"PASSION - AMANDA SET CUERO ECOLOGICO S\/M - Lovme","og_description":"PASSION - CONJUNTO DE COURO ECOL\u00d3GICO AMANDA S\/M","og_url":"https:\/\/lovme.pt\/index.php\/produto\/passion-conjunto-de-couro-ecologico-amanda-s-m\/","og_site_name":"Lovme","article_modified_time":"2026-02-19T20:23:26+00:00","og_image":[{"width":800,"height":800,"url":"https:\/\/erki24nd3ub.exactdn.com\/wp-content\/uploads\/dream\/img\/img_112081_23fb4b3085ad51ff3b57ab652f312c6e_1.jpg?strip=all","type":"image\/jpeg"}],"twitter_card":"summary_large_image","twitter_misc":{"Tempo estimado de leitura":"1 minuto"},"schema":{"@context":"https:\/\/schema.org","@graph":[{"@type":"WebPage","@id":"https:\/\/lovme.pt\/index.php\/produto\/passion-conjunto-de-couro-ecologico-amanda-s-m\/","url":"https:\/\/lovme.pt\/index.php\/produto\/passion-conjunto-de-couro-ecologico-amanda-s-m\/","name":"PASSION - AMANDA SET CUERO ECOLOGICO S\/M - Lovme","isPartOf":{"@id":"https:\/\/lovme.pt\/#website"},"primaryImageOfPage":{"@id":"https:\/\/lovme.pt\/index.php\/produto\/passion-conjunto-de-couro-ecologico-amanda-s-m\/#primaryimage"},"image":{"@id":"https:\/\/lovme.pt\/index.php\/produto\/passion-conjunto-de-couro-ecologico-amanda-s-m\/#primaryimage"},"thumbnailUrl":"https:\/\/erki24nd3ub.exactdn.com\/wp-content\/uploads\/dream\/img\/img_112081_23fb4b3085ad51ff3b57ab652f312c6e_1.jpg?strip=all","datePublished":"2025-10-01T00:47:13+00:00","dateModified":"2026-02-19T20:23:26+00:00","breadcrumb":{"@id":"https:\/\/lovme.pt\/index.php\/produto\/passion-conjunto-de-couro-ecologico-amanda-s-m\/#breadcrumb"},"inLanguage":"pt-PT","potentialAction":[{"@type":"ReadAction","target":["https:\/\/lovme.pt\/index.php\/produto\/passion-conjunto-de-couro-ecologico-amanda-s-m\/"]}]},{"@type":"ImageObject","inLanguage":"pt-PT","@id":"https:\/\/lovme.pt\/index.php\/produto\/passion-conjunto-de-couro-ecologico-amanda-s-m\/#primaryimage","url":"https:\/\/erki24nd3ub.exactdn.com\/wp-content\/uploads\/dream\/img\/img_112081_23fb4b3085ad51ff3b57ab652f312c6e_1.jpg?strip=all","contentUrl":"https:\/\/erki24nd3ub.exactdn.com\/wp-content\/uploads\/dream\/img\/img_112081_23fb4b3085ad51ff3b57ab652f312c6e_1.jpg?strip=all","width":800,"height":800},{"@type":"BreadcrumbList","@id":"https:\/\/lovme.pt\/index.php\/produto\/passion-conjunto-de-couro-ecologico-amanda-s-m\/#breadcrumb","itemListElement":[{"@type":"ListItem","position":1,"name":"In\u00edcio","item":"https:\/\/lovme.pt\/"},{"@type":"ListItem","position":2,"name":"Loja","item":"https:\/\/lovme.pt\/index.php\/loja\/"},{"@type":"ListItem","position":3,"name":"PASSION &#8211; AMANDA SET CUERO ECOLOGICO S\/M"}]},{"@type":"WebSite","@id":"https:\/\/lovme.pt\/#website","url":"https:\/\/lovme.pt\/","name":"Lovme Loja Er\u00f3tica N\u00ba1 em Portugal","description":"A melhor loja er\u00f3tica de Portugal.","alternateName":"Loja Er\u00f3tica Lovme","potentialAction":[{"@type":"SearchAction","target":{"@type":"EntryPoint","urlTemplate":"https:\/\/lovme.pt\/?s={search_term_string}"},"query-input":{"@type":"PropertyValueSpecification","valueRequired":true,"valueName":"search_term_string"}}],"inLanguage":"pt-PT"}]}},"_links":{"self":[{"href":"https:\/\/lovme.pt\/index.php\/wp-json\/wp\/v2\/product\/36813","targetHints":{"allow":["GET"]}}],"collection":[{"href":"https:\/\/lovme.pt\/index.php\/wp-json\/wp\/v2\/product"}],"about":[{"href":"https:\/\/lovme.pt\/index.php\/wp-json\/wp\/v2\/types\/product"}],"wp:featuredmedia":[{"embeddable":true,"href":"https:\/\/lovme.pt\/index.php\/wp-json\/wp\/v2\/media\/90909"}],"wp:attachment":[{"href":"https:\/\/lovme.pt\/index.php\/wp-json\/wp\/v2\/media?parent=36813"}],"wp:term":[{"taxonomy":"product_brand","embeddable":true,"href":"https:\/\/lovme.pt\/index.php\/wp-json\/wp\/v2\/product_brand?post=36813"},{"taxonomy":"product_cat","embeddable":true,"href":"https:\/\/lovme.pt\/index.php\/wp-json\/wp\/v2\/product_cat?post=36813"},{"taxonomy":"product_tag","embeddable":true,"href":"https:\/\/lovme.pt\/index.php\/wp-json\/wp\/v2\/product_tag?post=36813"}],"curies":[{"name":"wp","href":"https:\/\/api.w.org\/{rel}","templated":true}]}}