{"id":36325,"date":"2025-09-30T10:09:21","date_gmt":"2025-09-30T10:09:21","guid":{"rendered":"https:\/\/lovme.pt\/?post_type=product&#038;p=36325"},"modified":"2026-02-25T07:32:27","modified_gmt":"2026-02-25T07:32:27","slug":"jamyjob-masturbador-novax-com-vibracao-e-compressao","status":"publish","type":"product","link":"https:\/\/lovme.pt\/index.php\/produto\/jamyjob-masturbador-novax-com-vibracao-e-compressao\/","title":{"rendered":"JAMYJOB &#8211; MASTURBADOR NOVAX COM VIBRA\u00c7\u00c3O E COMPRESS\u00c3O"},"content":{"rendered":"<p>Na JAMYJOB, continuamos inovando a cada dia para oferecer o m\u00e1ximo prazer na masturba\u00e7\u00e3o masculina. Nosso masturbador Novax tem como objetivo fazer voc\u00ea se sentir como um masturbador elegante para estimular todo o p\u00eanis. O material semelhante \u00e0 pele tem uma textura muito realista e \u00e9 um sucesso gra\u00e7as ao seu design discreto.<\/p>\n<ul>\n<li> Estimula todo o p\u00eanis<\/li>\n<li> 6 modos de suc\u00e7\u00e3o\/compress\u00e3o<\/li>\n<li> 10 modos de vibra\u00e7\u00e3o<\/li>\n<li> Interior de silicone FDA.<\/li>\n<li> O inovador regulador de press\u00e3o interna cria um efeito de suc\u00e7\u00e3o vari\u00e1vel.<\/li>\n<li> Capa feita de material super macio de pele cibern\u00e9tica.<\/li>\n<li> Garantia de 2 anos<\/li>\n<li> Estimula todo o p\u00eanis.<\/li>\n<li> F\u00e1cil de limpar.<\/li>\n<li> \u00c0 prova d&#039;\u00e1gua. Categoria IPX6<\/li>\n<li> Divers\u00e3o subaqu\u00e1tica<\/li>\n<li> Cabo de carregamento USB magn\u00e9tico<\/li>\n<li> Tempo de carregamento de 170 minutos para 100 minutos de prazer intenso<\/li>\n<li> Ele pesa apenas 430 gramas.<\/li>\n<li> Medidas; 197 x 85 x 84 mm \/\/ Comprimento inser\u00edvel: 12 cm<\/li>\n<\/ul>\n<p> JAMYKOB Novax \u00e9 o masturbador elegante para o homem moderno<\/p>\n<p> Com uma estrutura ABS preta, elegante e robusta, este gerador de prazer masculino \u00e9 realmente um espet\u00e1culo, deixando voc\u00ea imaginando o que h\u00e1 dentro: dentro do NOVAX h\u00e1 uma capa feita de silicone FDA supermacio, semelhante \u00e0 pele, oferecendo uma sensa\u00e7\u00e3o realista com uma estrutura distinta.<\/p>\n<p> Al\u00e9m disso, gra\u00e7as ao inovador regulador de press\u00e3o interno, voc\u00ea pode adicionar ainda mais intensidade ao brincar com o JAMYJOB Novax. Outras capas com estruturas diferentes tamb\u00e9m podem ser facilmente adquiridas e trocadas. Voc\u00ea sempre encontrar\u00e1 a capa perfeita para o seu humor! Para uma experi\u00eancia agrad\u00e1vel, recomenda-se o uso adicional de lubrificante, como o AQUA.<\/p>\n<p> O JAMYJOB Novax \u00e9, obviamente, \u00e0 prova d&#039;\u00e1gua e pode acompanh\u00e1-lo tanto no banho quanto no chuveiro. O formato ergon\u00f4mico e o material confort\u00e1vel permitem que ele se encaixe perfeitamente na sua m\u00e3o. Quando as \u00faltimas ondas do orgasmo passarem, voc\u00ea pode limp\u00e1-lo facilmente com \u00e1gua e sab\u00e3o ou com um de nossos limpadores de brinquedos para bem-estar sexual.<\/p>\n","protected":false},"excerpt":{"rendered":"<p>JAMYJOB &#8211; MASTURBADOR NOVAX COM VIBRA\u00c7\u00c3O E COMPRESS\u00c3O<\/p>\n","protected":false},"featured_media":63287,"template":"","meta":{"_acf_changed":false},"product_brand":[],"product_cat":[17,58,76],"product_tag":[],"class_list":{"0":"post-36325","1":"product","2":"type-product","3":"status-publish","4":"has-post-thumbnail","6":"product_cat-brinquedos-de-bem-estar-sexual","7":"product_cat-masturbadores-para-penis","8":"product_cat-vibradores","9":"yith_product_brand-jamyjob","11":"first","12":"instock","13":"taxable","14":"shipping-taxable","15":"purchasable","16":"product-type-simple"},"acf":[],"yoast_head":"<!-- This site is optimized with the Yoast SEO plugin v27.4 - https:\/\/yoast.com\/product\/yoast-seo-wordpress\/ -->\n<title>JAMYJOB - MASTURBADOR NOVAX COM VIBRA\u00c7\u00c3O E COMPRESS\u00c3O - Lovme<\/title>\n<meta name=\"robots\" content=\"index, follow, max-snippet:-1, max-image-preview:large, max-video-preview:-1\" \/>\n<link rel=\"canonical\" href=\"https:\/\/lovme.pt\/index.php\/produto\/jamyjob-masturbador-novax-com-vibracao-e-compressao\/\" \/>\n<meta property=\"og:locale\" content=\"pt_PT\" \/>\n<meta property=\"og:type\" content=\"article\" \/>\n<meta property=\"og:title\" content=\"JAMYJOB - MASTURBADOR NOVAX COM VIBRA\u00c7\u00c3O E COMPRESS\u00c3O - Lovme\" \/>\n<meta property=\"og:description\" content=\"JAMYJOB - MASTURBADOR NOVAX COM VIBRA\u00c7\u00c3O E COMPRESS\u00c3O\" \/>\n<meta property=\"og:url\" content=\"https:\/\/lovme.pt\/index.php\/produto\/jamyjob-masturbador-novax-com-vibracao-e-compressao\/\" \/>\n<meta property=\"og:site_name\" content=\"Lovme\" \/>\n<meta property=\"article:modified_time\" content=\"2026-02-25T07:32:27+00:00\" \/>\n<meta property=\"og:image\" content=\"https:\/\/erki24nd3ub.exactdn.com\/wp-content\/uploads\/dream\/img\/img_109855_5b3b8ef8affdcad0f1793795302ddee3_1.png?strip=all\" \/>\n\t<meta property=\"og:image:width\" content=\"800\" \/>\n\t<meta property=\"og:image:height\" content=\"800\" \/>\n\t<meta property=\"og:image:type\" content=\"image\/png\" \/>\n<meta name=\"twitter:card\" content=\"summary_large_image\" \/>\n<meta name=\"twitter:label1\" content=\"Tempo estimado de leitura\" \/>\n\t<meta name=\"twitter:data1\" content=\"2 minutos\" \/>\n<script type=\"application\/ld+json\" class=\"yoast-schema-graph\">{\"@context\":\"https:\\\/\\\/schema.org\",\"@graph\":[{\"@type\":\"WebPage\",\"@id\":\"https:\\\/\\\/lovme.pt\\\/index.php\\\/produto\\\/jamyjob-masturbador-novax-com-vibracao-e-compressao\\\/\",\"url\":\"https:\\\/\\\/lovme.pt\\\/index.php\\\/produto\\\/jamyjob-masturbador-novax-com-vibracao-e-compressao\\\/\",\"name\":\"JAMYJOB - MASTURBADOR NOVAX COM VIBRA\u00c7\u00c3O E COMPRESS\u00c3O - Lovme\",\"isPartOf\":{\"@id\":\"https:\\\/\\\/lovme.pt\\\/#website\"},\"primaryImageOfPage\":{\"@id\":\"https:\\\/\\\/lovme.pt\\\/index.php\\\/produto\\\/jamyjob-masturbador-novax-com-vibracao-e-compressao\\\/#primaryimage\"},\"image\":{\"@id\":\"https:\\\/\\\/lovme.pt\\\/index.php\\\/produto\\\/jamyjob-masturbador-novax-com-vibracao-e-compressao\\\/#primaryimage\"},\"thumbnailUrl\":\"https:\\\/\\\/erki24nd3ub.exactdn.com\\\/wp-content\\\/uploads\\\/dream\\\/img\\\/img_109855_5b3b8ef8affdcad0f1793795302ddee3_1.png?strip=all\",\"datePublished\":\"2025-09-30T10:09:21+00:00\",\"dateModified\":\"2026-02-25T07:32:27+00:00\",\"breadcrumb\":{\"@id\":\"https:\\\/\\\/lovme.pt\\\/index.php\\\/produto\\\/jamyjob-masturbador-novax-com-vibracao-e-compressao\\\/#breadcrumb\"},\"inLanguage\":\"pt-PT\",\"potentialAction\":[{\"@type\":\"ReadAction\",\"target\":[\"https:\\\/\\\/lovme.pt\\\/index.php\\\/produto\\\/jamyjob-masturbador-novax-com-vibracao-e-compressao\\\/\"]}]},{\"@type\":\"ImageObject\",\"inLanguage\":\"pt-PT\",\"@id\":\"https:\\\/\\\/lovme.pt\\\/index.php\\\/produto\\\/jamyjob-masturbador-novax-com-vibracao-e-compressao\\\/#primaryimage\",\"url\":\"https:\\\/\\\/erki24nd3ub.exactdn.com\\\/wp-content\\\/uploads\\\/dream\\\/img\\\/img_109855_5b3b8ef8affdcad0f1793795302ddee3_1.png?strip=all\",\"contentUrl\":\"https:\\\/\\\/erki24nd3ub.exactdn.com\\\/wp-content\\\/uploads\\\/dream\\\/img\\\/img_109855_5b3b8ef8affdcad0f1793795302ddee3_1.png?strip=all\",\"width\":800,\"height\":800},{\"@type\":\"BreadcrumbList\",\"@id\":\"https:\\\/\\\/lovme.pt\\\/index.php\\\/produto\\\/jamyjob-masturbador-novax-com-vibracao-e-compressao\\\/#breadcrumb\",\"itemListElement\":[{\"@type\":\"ListItem\",\"position\":1,\"name\":\"In\u00edcio\",\"item\":\"https:\\\/\\\/lovme.pt\\\/\"},{\"@type\":\"ListItem\",\"position\":2,\"name\":\"Loja\",\"item\":\"https:\\\/\\\/lovme.pt\\\/index.php\\\/loja\\\/\"},{\"@type\":\"ListItem\",\"position\":3,\"name\":\"JAMYJOB &#8211; MASTURBADOR NOVAX COM VIBRA\u00c7\u00c3O E COMPRESS\u00c3O\"}]},{\"@type\":\"WebSite\",\"@id\":\"https:\\\/\\\/lovme.pt\\\/#website\",\"url\":\"https:\\\/\\\/lovme.pt\\\/\",\"name\":\"Lovme Loja Er\u00f3tica N\u00ba1 em Portugal\",\"description\":\"A melhor loja er\u00f3tica de Portugal.\",\"alternateName\":\"Loja Er\u00f3tica Lovme\",\"potentialAction\":[{\"@type\":\"SearchAction\",\"target\":{\"@type\":\"EntryPoint\",\"urlTemplate\":\"https:\\\/\\\/lovme.pt\\\/?s={search_term_string}\"},\"query-input\":{\"@type\":\"PropertyValueSpecification\",\"valueRequired\":true,\"valueName\":\"search_term_string\"}}],\"inLanguage\":\"pt-PT\"}]}<\/script>\n<!-- \/ Yoast SEO plugin. -->","yoast_head_json":{"title":"JAMYJOB - MASTURBADOR NOVAX COM VIBRA\u00c7\u00c3O E COMPRESS\u00c3O - Lovme","robots":{"index":"index","follow":"follow","max-snippet":"max-snippet:-1","max-image-preview":"max-image-preview:large","max-video-preview":"max-video-preview:-1"},"canonical":"https:\/\/lovme.pt\/index.php\/produto\/jamyjob-masturbador-novax-com-vibracao-e-compressao\/","og_locale":"pt_PT","og_type":"article","og_title":"JAMYJOB - MASTURBADOR NOVAX COM VIBRA\u00c7\u00c3O E COMPRESS\u00c3O - Lovme","og_description":"JAMYJOB - MASTURBADOR NOVAX COM VIBRA\u00c7\u00c3O E COMPRESS\u00c3O","og_url":"https:\/\/lovme.pt\/index.php\/produto\/jamyjob-masturbador-novax-com-vibracao-e-compressao\/","og_site_name":"Lovme","article_modified_time":"2026-02-25T07:32:27+00:00","og_image":[{"width":800,"height":800,"url":"https:\/\/erki24nd3ub.exactdn.com\/wp-content\/uploads\/dream\/img\/img_109855_5b3b8ef8affdcad0f1793795302ddee3_1.png?strip=all","type":"image\/png"}],"twitter_card":"summary_large_image","twitter_misc":{"Tempo estimado de leitura":"2 minutos"},"schema":{"@context":"https:\/\/schema.org","@graph":[{"@type":"WebPage","@id":"https:\/\/lovme.pt\/index.php\/produto\/jamyjob-masturbador-novax-com-vibracao-e-compressao\/","url":"https:\/\/lovme.pt\/index.php\/produto\/jamyjob-masturbador-novax-com-vibracao-e-compressao\/","name":"JAMYJOB - MASTURBADOR NOVAX COM VIBRA\u00c7\u00c3O E COMPRESS\u00c3O - Lovme","isPartOf":{"@id":"https:\/\/lovme.pt\/#website"},"primaryImageOfPage":{"@id":"https:\/\/lovme.pt\/index.php\/produto\/jamyjob-masturbador-novax-com-vibracao-e-compressao\/#primaryimage"},"image":{"@id":"https:\/\/lovme.pt\/index.php\/produto\/jamyjob-masturbador-novax-com-vibracao-e-compressao\/#primaryimage"},"thumbnailUrl":"https:\/\/erki24nd3ub.exactdn.com\/wp-content\/uploads\/dream\/img\/img_109855_5b3b8ef8affdcad0f1793795302ddee3_1.png?strip=all","datePublished":"2025-09-30T10:09:21+00:00","dateModified":"2026-02-25T07:32:27+00:00","breadcrumb":{"@id":"https:\/\/lovme.pt\/index.php\/produto\/jamyjob-masturbador-novax-com-vibracao-e-compressao\/#breadcrumb"},"inLanguage":"pt-PT","potentialAction":[{"@type":"ReadAction","target":["https:\/\/lovme.pt\/index.php\/produto\/jamyjob-masturbador-novax-com-vibracao-e-compressao\/"]}]},{"@type":"ImageObject","inLanguage":"pt-PT","@id":"https:\/\/lovme.pt\/index.php\/produto\/jamyjob-masturbador-novax-com-vibracao-e-compressao\/#primaryimage","url":"https:\/\/erki24nd3ub.exactdn.com\/wp-content\/uploads\/dream\/img\/img_109855_5b3b8ef8affdcad0f1793795302ddee3_1.png?strip=all","contentUrl":"https:\/\/erki24nd3ub.exactdn.com\/wp-content\/uploads\/dream\/img\/img_109855_5b3b8ef8affdcad0f1793795302ddee3_1.png?strip=all","width":800,"height":800},{"@type":"BreadcrumbList","@id":"https:\/\/lovme.pt\/index.php\/produto\/jamyjob-masturbador-novax-com-vibracao-e-compressao\/#breadcrumb","itemListElement":[{"@type":"ListItem","position":1,"name":"In\u00edcio","item":"https:\/\/lovme.pt\/"},{"@type":"ListItem","position":2,"name":"Loja","item":"https:\/\/lovme.pt\/index.php\/loja\/"},{"@type":"ListItem","position":3,"name":"JAMYJOB &#8211; MASTURBADOR NOVAX COM VIBRA\u00c7\u00c3O E COMPRESS\u00c3O"}]},{"@type":"WebSite","@id":"https:\/\/lovme.pt\/#website","url":"https:\/\/lovme.pt\/","name":"Lovme Loja Er\u00f3tica N\u00ba1 em Portugal","description":"A melhor loja er\u00f3tica de Portugal.","alternateName":"Loja Er\u00f3tica Lovme","potentialAction":[{"@type":"SearchAction","target":{"@type":"EntryPoint","urlTemplate":"https:\/\/lovme.pt\/?s={search_term_string}"},"query-input":{"@type":"PropertyValueSpecification","valueRequired":true,"valueName":"search_term_string"}}],"inLanguage":"pt-PT"}]}},"_links":{"self":[{"href":"https:\/\/lovme.pt\/index.php\/wp-json\/wp\/v2\/product\/36325","targetHints":{"allow":["GET"]}}],"collection":[{"href":"https:\/\/lovme.pt\/index.php\/wp-json\/wp\/v2\/product"}],"about":[{"href":"https:\/\/lovme.pt\/index.php\/wp-json\/wp\/v2\/types\/product"}],"wp:featuredmedia":[{"embeddable":true,"href":"https:\/\/lovme.pt\/index.php\/wp-json\/wp\/v2\/media\/63287"}],"wp:attachment":[{"href":"https:\/\/lovme.pt\/index.php\/wp-json\/wp\/v2\/media?parent=36325"}],"wp:term":[{"taxonomy":"product_brand","embeddable":true,"href":"https:\/\/lovme.pt\/index.php\/wp-json\/wp\/v2\/product_brand?post=36325"},{"taxonomy":"product_cat","embeddable":true,"href":"https:\/\/lovme.pt\/index.php\/wp-json\/wp\/v2\/product_cat?post=36325"},{"taxonomy":"product_tag","embeddable":true,"href":"https:\/\/lovme.pt\/index.php\/wp-json\/wp\/v2\/product_tag?post=36325"}],"curies":[{"name":"wp","href":"https:\/\/api.w.org\/{rel}","templated":true}]}}