{"id":36324,"date":"2025-09-30T22:24:31","date_gmt":"2025-09-30T22:24:31","guid":{"rendered":"https:\/\/lovme.pt\/?post_type=product&#038;p=36324"},"modified":"2026-02-25T07:32:20","modified_gmt":"2026-02-25T07:32:20","slug":"bioaqua-lubrificante-ingredientes-naturais-a-base-de-agua-200-ml","status":"publish","type":"product","link":"https:\/\/lovme.pt\/index.php\/produto\/bioaqua-lubrificante-ingredientes-naturais-a-base-de-agua-200-ml\/","title":{"rendered":"BIOAQUA &#8211; LUBRIFICANTE INGREDIENTES NATURAIS \u00c0 BASE DE \u00c1GUA 200 ML"},"content":{"rendered":"<p>Nosso lubrificante BIOAQUA &eacute; a escolha perfeita para o prazer natural: sem giro, apenas sensa&ccedil;&otilde;es sem atrito com um toque leve. Pode ser usado durante o sexo, mas gra&ccedil;as &agrave; sua formula&ccedil;&atilde;o natural &agrave; base de &aacute;gua, tamb&eacute;m &eacute; delicado com brinquedos sexuais.<\/p>\n<p>O que o lubrificante BIOAQUA pode oferecer?<\/p>\n<p>A vers&atilde;o BIOAQUA do lubrificante &agrave; base de &aacute;gua, gra&ccedil;as &agrave; sua f&oacute;rmula suave e 100% natural, oferece uma sensa&ccedil;&atilde;o de pele sedosa que torna a estimula&ccedil;&atilde;o especialmente intensa. &Eacute; adequado tanto para mulheres como para homens ou casais e proporciona sempre um maior prazer de deslizar. A f&oacute;rmula sem componentes oleosos ou gordurosos tamb&eacute;m &eacute; compat&iacute;vel com preservativos.<\/p>\n<p>Este lubrificante &agrave; base de &aacute;gua &eacute; 100% natural, seguro para os brinquedos e agrad&aacute;vel para o corpo!<\/p>\n<p>BIOAQUA tamb&eacute;m &eacute; &oacute;timo para uso com preservativos ou apenas pele a pele. Ao contr&aacute;rio de muitos outros lubrificantes &agrave; base de &aacute;gua, BIOAQUA n&atilde;o deixa res&iacute;duos. Al&eacute;m disso, sua garrafa transparente fica &oacute;tima em sua mesa de cabeceira.<\/p>\n<p>Nota: A utiliza&ccedil;&atilde;o de lubrificantes, &oacute;leos e cremes n&atilde;o aquosos pode provocar danos irrevers&iacute;veis na unidade de comando e em todo o brinquedo.<\/p>\n<p>Instru&ccedil;&otilde;es de uso: aplique a quantidade desejada de lubrificante nas partes desejadas do corpo e repita quantas vezes quiser.<\/p>\n<p>Os lubrificantes BIOAQUA s&atilde;o compat&iacute;veis com preservativos de l&aacute;tex.<\/p>\n<ul>\n<li>Adequado para sexo oral<\/li>\n<li>Ideal para uso com brinquedos sexuais<\/li>\n<li>100% europeu.<\/li>\n<\/ul>\n<p>Observa&ccedil;&atilde;o: o uso de lubrificantes, &oacute;leos e cremes de qualidade que n&atilde;o sejam &agrave; base de &aacute;gua pode causar danos irrevers&iacute;veis &agrave; unidade de controle e a todo o brinquedo.<\/p>\n<ul>\n<li>Ingredientes 100% naturais.<\/li>\n<li>Testado dermatologicamente<\/li>\n<li>Alta performance<\/li>\n<li>Capacidade de deslizamento longa<\/li>\n<li>Adequado para uso com preservativos de l&aacute;tex<\/li>\n<li>Sol&uacute;vel em &aacute;gua<\/li>\n<li>neutro a gosto<\/li>\n<li>Incolor e inodoro<\/li>\n<li>N&atilde;o cont&eacute;m &oacute;leo nem perfumes<\/li>\n<li>Aprovado como medicamento com a marca CE<\/li>\n<\/ul>\n","protected":false},"excerpt":{"rendered":"<p>EMBALAGEM DISPON\u00cdVEL EM: \/es\/en\/fr\/de\/pt\/it\/ro\/el\/ru\/hu\/<\/p>\n","protected":false},"featured_media":77530,"template":"","meta":{"_acf_changed":false},"product_brand":[],"product_cat":[49,53],"product_tag":[],"class_list":{"0":"post-36324","1":"product","2":"type-product","3":"status-publish","4":"has-post-thumbnail","6":"product_cat-cosmeticos","7":"product_cat-lubrificantes-intimos","8":"yith_product_brand-aquabioaqua","10":"first","11":"instock","12":"taxable","13":"shipping-taxable","14":"purchasable","15":"product-type-simple"},"acf":[],"yoast_head":"<!-- This site is optimized with the Yoast SEO plugin v27.4 - https:\/\/yoast.com\/product\/yoast-seo-wordpress\/ -->\n<title>BIOAQUA - LUBRIFICANTE INGREDIENTES NATURAIS \u00c0 BASE DE \u00c1GUA 200 ML - Lovme<\/title>\n<meta name=\"robots\" content=\"index, follow, max-snippet:-1, max-image-preview:large, max-video-preview:-1\" \/>\n<link rel=\"canonical\" href=\"https:\/\/lovme.pt\/index.php\/produto\/bioaqua-lubrificante-ingredientes-naturais-a-base-de-agua-200-ml\/\" \/>\n<meta property=\"og:locale\" content=\"pt_PT\" \/>\n<meta property=\"og:type\" content=\"article\" \/>\n<meta property=\"og:title\" content=\"BIOAQUA - LUBRIFICANTE INGREDIENTES NATURAIS \u00c0 BASE DE \u00c1GUA 200 ML - Lovme\" \/>\n<meta property=\"og:description\" content=\"EMBALAGEM DISPON\u00cdVEL EM: \/es\/en\/fr\/de\/pt\/it\/ro\/el\/ru\/hu\/\" \/>\n<meta property=\"og:url\" content=\"https:\/\/lovme.pt\/index.php\/produto\/bioaqua-lubrificante-ingredientes-naturais-a-base-de-agua-200-ml\/\" \/>\n<meta property=\"og:site_name\" content=\"Lovme\" \/>\n<meta property=\"article:modified_time\" content=\"2026-02-25T07:32:20+00:00\" \/>\n<meta property=\"og:image\" content=\"https:\/\/erki24nd3ub.exactdn.com\/wp-content\/uploads\/dream\/img\/img_111497_113be07700e4903d0822aebd665be92a_1.png?strip=all\" \/>\n\t<meta property=\"og:image:width\" content=\"800\" \/>\n\t<meta property=\"og:image:height\" content=\"800\" \/>\n\t<meta property=\"og:image:type\" content=\"image\/png\" \/>\n<meta name=\"twitter:card\" content=\"summary_large_image\" \/>\n<meta name=\"twitter:label1\" content=\"Tempo estimado de leitura\" \/>\n\t<meta name=\"twitter:data1\" content=\"2 minutos\" \/>\n<script type=\"application\/ld+json\" class=\"yoast-schema-graph\">{\"@context\":\"https:\\\/\\\/schema.org\",\"@graph\":[{\"@type\":\"WebPage\",\"@id\":\"https:\\\/\\\/lovme.pt\\\/index.php\\\/produto\\\/bioaqua-lubrificante-ingredientes-naturais-a-base-de-agua-200-ml\\\/\",\"url\":\"https:\\\/\\\/lovme.pt\\\/index.php\\\/produto\\\/bioaqua-lubrificante-ingredientes-naturais-a-base-de-agua-200-ml\\\/\",\"name\":\"BIOAQUA - LUBRIFICANTE INGREDIENTES NATURAIS \u00c0 BASE DE \u00c1GUA 200 ML - Lovme\",\"isPartOf\":{\"@id\":\"https:\\\/\\\/lovme.pt\\\/#website\"},\"primaryImageOfPage\":{\"@id\":\"https:\\\/\\\/lovme.pt\\\/index.php\\\/produto\\\/bioaqua-lubrificante-ingredientes-naturais-a-base-de-agua-200-ml\\\/#primaryimage\"},\"image\":{\"@id\":\"https:\\\/\\\/lovme.pt\\\/index.php\\\/produto\\\/bioaqua-lubrificante-ingredientes-naturais-a-base-de-agua-200-ml\\\/#primaryimage\"},\"thumbnailUrl\":\"https:\\\/\\\/erki24nd3ub.exactdn.com\\\/wp-content\\\/uploads\\\/dream\\\/img\\\/img_111497_113be07700e4903d0822aebd665be92a_1.png?strip=all\",\"datePublished\":\"2025-09-30T22:24:31+00:00\",\"dateModified\":\"2026-02-25T07:32:20+00:00\",\"breadcrumb\":{\"@id\":\"https:\\\/\\\/lovme.pt\\\/index.php\\\/produto\\\/bioaqua-lubrificante-ingredientes-naturais-a-base-de-agua-200-ml\\\/#breadcrumb\"},\"inLanguage\":\"pt-PT\",\"potentialAction\":[{\"@type\":\"ReadAction\",\"target\":[\"https:\\\/\\\/lovme.pt\\\/index.php\\\/produto\\\/bioaqua-lubrificante-ingredientes-naturais-a-base-de-agua-200-ml\\\/\"]}]},{\"@type\":\"ImageObject\",\"inLanguage\":\"pt-PT\",\"@id\":\"https:\\\/\\\/lovme.pt\\\/index.php\\\/produto\\\/bioaqua-lubrificante-ingredientes-naturais-a-base-de-agua-200-ml\\\/#primaryimage\",\"url\":\"https:\\\/\\\/erki24nd3ub.exactdn.com\\\/wp-content\\\/uploads\\\/dream\\\/img\\\/img_111497_113be07700e4903d0822aebd665be92a_1.png?strip=all\",\"contentUrl\":\"https:\\\/\\\/erki24nd3ub.exactdn.com\\\/wp-content\\\/uploads\\\/dream\\\/img\\\/img_111497_113be07700e4903d0822aebd665be92a_1.png?strip=all\",\"width\":800,\"height\":800},{\"@type\":\"BreadcrumbList\",\"@id\":\"https:\\\/\\\/lovme.pt\\\/index.php\\\/produto\\\/bioaqua-lubrificante-ingredientes-naturais-a-base-de-agua-200-ml\\\/#breadcrumb\",\"itemListElement\":[{\"@type\":\"ListItem\",\"position\":1,\"name\":\"In\u00edcio\",\"item\":\"https:\\\/\\\/lovme.pt\\\/\"},{\"@type\":\"ListItem\",\"position\":2,\"name\":\"Loja\",\"item\":\"https:\\\/\\\/lovme.pt\\\/index.php\\\/loja\\\/\"},{\"@type\":\"ListItem\",\"position\":3,\"name\":\"BIOAQUA &#8211; LUBRIFICANTE INGREDIENTES NATURAIS \u00c0 BASE DE \u00c1GUA 200 ML\"}]},{\"@type\":\"WebSite\",\"@id\":\"https:\\\/\\\/lovme.pt\\\/#website\",\"url\":\"https:\\\/\\\/lovme.pt\\\/\",\"name\":\"Lovme Loja Er\u00f3tica N\u00ba1 em Portugal\",\"description\":\"A melhor loja er\u00f3tica de Portugal.\",\"alternateName\":\"Loja Er\u00f3tica Lovme\",\"potentialAction\":[{\"@type\":\"SearchAction\",\"target\":{\"@type\":\"EntryPoint\",\"urlTemplate\":\"https:\\\/\\\/lovme.pt\\\/?s={search_term_string}\"},\"query-input\":{\"@type\":\"PropertyValueSpecification\",\"valueRequired\":true,\"valueName\":\"search_term_string\"}}],\"inLanguage\":\"pt-PT\"}]}<\/script>\n<!-- \/ Yoast SEO plugin. -->","yoast_head_json":{"title":"BIOAQUA - LUBRIFICANTE INGREDIENTES NATURAIS \u00c0 BASE DE \u00c1GUA 200 ML - Lovme","robots":{"index":"index","follow":"follow","max-snippet":"max-snippet:-1","max-image-preview":"max-image-preview:large","max-video-preview":"max-video-preview:-1"},"canonical":"https:\/\/lovme.pt\/index.php\/produto\/bioaqua-lubrificante-ingredientes-naturais-a-base-de-agua-200-ml\/","og_locale":"pt_PT","og_type":"article","og_title":"BIOAQUA - LUBRIFICANTE INGREDIENTES NATURAIS \u00c0 BASE DE \u00c1GUA 200 ML - Lovme","og_description":"EMBALAGEM DISPON\u00cdVEL EM: \/es\/en\/fr\/de\/pt\/it\/ro\/el\/ru\/hu\/","og_url":"https:\/\/lovme.pt\/index.php\/produto\/bioaqua-lubrificante-ingredientes-naturais-a-base-de-agua-200-ml\/","og_site_name":"Lovme","article_modified_time":"2026-02-25T07:32:20+00:00","og_image":[{"width":800,"height":800,"url":"https:\/\/erki24nd3ub.exactdn.com\/wp-content\/uploads\/dream\/img\/img_111497_113be07700e4903d0822aebd665be92a_1.png?strip=all","type":"image\/png"}],"twitter_card":"summary_large_image","twitter_misc":{"Tempo estimado de leitura":"2 minutos"},"schema":{"@context":"https:\/\/schema.org","@graph":[{"@type":"WebPage","@id":"https:\/\/lovme.pt\/index.php\/produto\/bioaqua-lubrificante-ingredientes-naturais-a-base-de-agua-200-ml\/","url":"https:\/\/lovme.pt\/index.php\/produto\/bioaqua-lubrificante-ingredientes-naturais-a-base-de-agua-200-ml\/","name":"BIOAQUA - LUBRIFICANTE INGREDIENTES NATURAIS \u00c0 BASE DE \u00c1GUA 200 ML - Lovme","isPartOf":{"@id":"https:\/\/lovme.pt\/#website"},"primaryImageOfPage":{"@id":"https:\/\/lovme.pt\/index.php\/produto\/bioaqua-lubrificante-ingredientes-naturais-a-base-de-agua-200-ml\/#primaryimage"},"image":{"@id":"https:\/\/lovme.pt\/index.php\/produto\/bioaqua-lubrificante-ingredientes-naturais-a-base-de-agua-200-ml\/#primaryimage"},"thumbnailUrl":"https:\/\/erki24nd3ub.exactdn.com\/wp-content\/uploads\/dream\/img\/img_111497_113be07700e4903d0822aebd665be92a_1.png?strip=all","datePublished":"2025-09-30T22:24:31+00:00","dateModified":"2026-02-25T07:32:20+00:00","breadcrumb":{"@id":"https:\/\/lovme.pt\/index.php\/produto\/bioaqua-lubrificante-ingredientes-naturais-a-base-de-agua-200-ml\/#breadcrumb"},"inLanguage":"pt-PT","potentialAction":[{"@type":"ReadAction","target":["https:\/\/lovme.pt\/index.php\/produto\/bioaqua-lubrificante-ingredientes-naturais-a-base-de-agua-200-ml\/"]}]},{"@type":"ImageObject","inLanguage":"pt-PT","@id":"https:\/\/lovme.pt\/index.php\/produto\/bioaqua-lubrificante-ingredientes-naturais-a-base-de-agua-200-ml\/#primaryimage","url":"https:\/\/erki24nd3ub.exactdn.com\/wp-content\/uploads\/dream\/img\/img_111497_113be07700e4903d0822aebd665be92a_1.png?strip=all","contentUrl":"https:\/\/erki24nd3ub.exactdn.com\/wp-content\/uploads\/dream\/img\/img_111497_113be07700e4903d0822aebd665be92a_1.png?strip=all","width":800,"height":800},{"@type":"BreadcrumbList","@id":"https:\/\/lovme.pt\/index.php\/produto\/bioaqua-lubrificante-ingredientes-naturais-a-base-de-agua-200-ml\/#breadcrumb","itemListElement":[{"@type":"ListItem","position":1,"name":"In\u00edcio","item":"https:\/\/lovme.pt\/"},{"@type":"ListItem","position":2,"name":"Loja","item":"https:\/\/lovme.pt\/index.php\/loja\/"},{"@type":"ListItem","position":3,"name":"BIOAQUA &#8211; LUBRIFICANTE INGREDIENTES NATURAIS \u00c0 BASE DE \u00c1GUA 200 ML"}]},{"@type":"WebSite","@id":"https:\/\/lovme.pt\/#website","url":"https:\/\/lovme.pt\/","name":"Lovme Loja Er\u00f3tica N\u00ba1 em Portugal","description":"A melhor loja er\u00f3tica de Portugal.","alternateName":"Loja Er\u00f3tica Lovme","potentialAction":[{"@type":"SearchAction","target":{"@type":"EntryPoint","urlTemplate":"https:\/\/lovme.pt\/?s={search_term_string}"},"query-input":{"@type":"PropertyValueSpecification","valueRequired":true,"valueName":"search_term_string"}}],"inLanguage":"pt-PT"}]}},"_links":{"self":[{"href":"https:\/\/lovme.pt\/index.php\/wp-json\/wp\/v2\/product\/36324","targetHints":{"allow":["GET"]}}],"collection":[{"href":"https:\/\/lovme.pt\/index.php\/wp-json\/wp\/v2\/product"}],"about":[{"href":"https:\/\/lovme.pt\/index.php\/wp-json\/wp\/v2\/types\/product"}],"wp:featuredmedia":[{"embeddable":true,"href":"https:\/\/lovme.pt\/index.php\/wp-json\/wp\/v2\/media\/77530"}],"wp:attachment":[{"href":"https:\/\/lovme.pt\/index.php\/wp-json\/wp\/v2\/media?parent=36324"}],"wp:term":[{"taxonomy":"product_brand","embeddable":true,"href":"https:\/\/lovme.pt\/index.php\/wp-json\/wp\/v2\/product_brand?post=36324"},{"taxonomy":"product_cat","embeddable":true,"href":"https:\/\/lovme.pt\/index.php\/wp-json\/wp\/v2\/product_cat?post=36324"},{"taxonomy":"product_tag","embeddable":true,"href":"https:\/\/lovme.pt\/index.php\/wp-json\/wp\/v2\/product_tag?post=36324"}],"curies":[{"name":"wp","href":"https:\/\/api.w.org\/{rel}","templated":true}]}}