{"id":36301,"date":"2025-09-30T22:32:29","date_gmt":"2025-09-30T22:32:29","guid":{"rendered":"https:\/\/lovme.pt\/?post_type=product&#038;p=36301"},"modified":"2026-02-25T07:30:35","modified_gmt":"2026-02-25T07:30:35","slug":"coquette-chic-desire-mordaca-de-bola-respiravel-fantasy","status":"publish","type":"product","link":"https:\/\/lovme.pt\/index.php\/produto\/coquette-chic-desire-mordaca-de-bola-respiravel-fantasy\/","title":{"rendered":"COQUETTE CHIC DESIRE &#8211; MORDA\u00c7A DE BOLA RESPIR\u00c1VEL FANTASY"},"content":{"rendered":"<p>COQUETTE CHIC DESIRE FANTASY apresenta esta morda\u00e7a de couro vegano perfeita para seus jogos BDSM.<\/p>\n<p> Morda\u00e7a projetada com produtos at\u00f3xicos, com furos de respira\u00e7\u00e3o para conforto do submisso.<\/p>\n<ul>\n<li> Feito de material; Neoprene, metal sem n\u00edquel e couro vegano.<\/li>\n<li> 100% ajust\u00e1vel.<\/li>\n<li> <span style=\"font-size: 13px\"><strong>Medidas<\/strong> : Comprimento: 66 cm \/ Largura (di\u00e2metro da bola): 4,5 cm<\/span><\/li>\n<\/ul>\n<p> A cole\u00e7\u00e3o COQUETTE CHIC DESIRE FANTASY \u00e9 perfeita para BDSM, qualidade e resist\u00eancia adequadas para qualquer jogo!<\/p>\n<p> <strong>Como voc\u00ea pode praticar de forma saud\u00e1vel?<\/strong><\/p>\n<p> *A comunica\u00e7\u00e3o \u00e9 vital. Por um lado, todas as partes envolvidas devem expressar verbalmente e claramente seu consentimento para realizar algumas dessas pr\u00e1ticas. Mas isso n\u00e3o \u00e9 tudo, tamb\u00e9m deve haver uma conversa pr\u00e9via sobre os chamados limites suaves, aqueles que estou disposto a ceder e\/ou negociar, e os limites r\u00edgidos, aqueles que n\u00e3o estou disposto a comprometer.<\/p>\n<p> *Use a chamada palavra segura, ou seja, escolha uma determinada palavra que signifique \u201cpare\u201d, seja porque algo \u00e9 desconfort\u00e1vel, doloroso ou desagrad\u00e1vel. \u00c9 recomendado que seja uma cor ou uma palavra que geralmente n\u00e3o \u00e9 dita durante o ato sexual, como uma cor suave ou algo assim, por exemplo \u201camarelo\u201d ou \u201crosa\u201d para que o dominante ou submisso ou\u00e7a e pare. Tamb\u00e9m \u00e9 aconselh\u00e1vel n\u00e3o usar palavras como \u201cN\u00e3o\u201d ou \u201cPare\u201d, pois pode ser ainda mais estimulante para a outra pessoa.<\/p>\n<p> *N\u00e3o utilize itens que ofere\u00e7am risco \u00e0 outra pessoa, ou seja, implementos que foram criados especificamente para essas pr\u00e1ticas e por isso \u00e9 muito importante utilizar produtos como COQUETTE CHIC DESIRE FANTASY. Brinquedos sexuais tamb\u00e9m podem ser inclu\u00eddos com seguran\u00e7a nessas pr\u00e1ticas, seja para sexo com penetra\u00e7\u00e3o, masturba\u00e7\u00e3o ou estimula\u00e7\u00e3o externa.<\/p>\n<p> *Nunca se esque\u00e7a de usar camisinha, pois somente assim voc\u00ea estar\u00e1 prevenindo a transmiss\u00e3o de doen\u00e7as sexualmente transmiss\u00edveis.<\/p>\n<p> Por outro lado, se \u00e9 a primeira vez que voc\u00ea est\u00e1 experimentando essas pr\u00e1ticas, a primeira coisa que voc\u00ea tem que fazer \u00e9 se informar e obter bons conselhos para saber do que se trata, seus mitos e verdades. \u201cSugerimos come\u00e7ar pelo menos intenso e ir aumentando a intensidade, s\u00f3 assim os envolvidos poder\u00e3o descobrir seus limites, o que gostam ou n\u00e3o. Nesse aspecto, na COQUETTE CHIC DESIRE FANTASY temos produtos que podem ser um grande suporte para esse caminho. H\u00e1 tamb\u00e9m jogos de tabuleiro que ajudam a \u201cquebrar o gelo\u201d para experimentar e descobrir novas sensa\u00e7\u00f5es.\u201d<\/p>\n<p> \u201cE claro, como j\u00e1 mencionamos antes, antes, tenha uma conversa clara e honesta com o parceiro sobre limites e, a prop\u00f3sito, sobre o consentimento para realizar algumas ou todas as pr\u00e1ticas que fazem parte do BDSM\u201d <\/p>\n<p style=\"text-align: center\">\n","protected":false},"excerpt":{"rendered":"<p>COQUETTE CHIC DESIRE &#8211; MORDA\u00c7A DE BOLA RESPIR\u00c1VEL FANTASY<\/p>\n","protected":false},"featured_media":78647,"template":"","meta":{"_acf_changed":false},"product_brand":[],"product_cat":[48,17],"product_tag":[],"class_list":{"0":"post-36301","1":"product","2":"type-product","3":"status-publish","4":"has-post-thumbnail","6":"product_cat-bdsm","7":"product_cat-brinquedos-de-bem-estar-sexual","8":"yith_product_brand-coquette-chic-desirecoquette-fantasy","10":"first","11":"instock","12":"taxable","13":"shipping-taxable","14":"purchasable","15":"product-type-simple"},"acf":[],"yoast_head":"<!-- This site is optimized with the Yoast SEO plugin v27.4 - https:\/\/yoast.com\/product\/yoast-seo-wordpress\/ -->\n<title>COQUETTE CHIC DESIRE - MORDA\u00c7A DE BOLA RESPIR\u00c1VEL FANTASY - Lovme<\/title>\n<meta name=\"robots\" content=\"index, follow, max-snippet:-1, max-image-preview:large, max-video-preview:-1\" \/>\n<link rel=\"canonical\" href=\"https:\/\/lovme.pt\/index.php\/produto\/coquette-chic-desire-mordaca-de-bola-respiravel-fantasy\/\" \/>\n<meta property=\"og:locale\" content=\"pt_PT\" \/>\n<meta property=\"og:type\" content=\"article\" \/>\n<meta property=\"og:title\" content=\"COQUETTE CHIC DESIRE - MORDA\u00c7A DE BOLA RESPIR\u00c1VEL FANTASY - Lovme\" \/>\n<meta property=\"og:description\" content=\"COQUETTE CHIC DESIRE - MORDA\u00c7A DE BOLA RESPIR\u00c1VEL FANTASY\" \/>\n<meta property=\"og:url\" content=\"https:\/\/lovme.pt\/index.php\/produto\/coquette-chic-desire-mordaca-de-bola-respiravel-fantasy\/\" \/>\n<meta property=\"og:site_name\" content=\"Lovme\" \/>\n<meta property=\"article:modified_time\" content=\"2026-02-25T07:30:35+00:00\" \/>\n<meta property=\"og:image\" content=\"https:\/\/erki24nd3ub.exactdn.com\/wp-content\/uploads\/dream\/img\/img_143556_b7302c59aeed46c3ba8b028381f4df5a_1.png?strip=all\" \/>\n\t<meta property=\"og:image:width\" content=\"800\" \/>\n\t<meta property=\"og:image:height\" content=\"800\" \/>\n\t<meta property=\"og:image:type\" content=\"image\/png\" \/>\n<meta name=\"twitter:card\" content=\"summary_large_image\" \/>\n<meta name=\"twitter:label1\" content=\"Tempo estimado de leitura\" \/>\n\t<meta name=\"twitter:data1\" content=\"2 minutos\" \/>\n<script type=\"application\/ld+json\" class=\"yoast-schema-graph\">{\"@context\":\"https:\\\/\\\/schema.org\",\"@graph\":[{\"@type\":\"WebPage\",\"@id\":\"https:\\\/\\\/lovme.pt\\\/index.php\\\/produto\\\/coquette-chic-desire-mordaca-de-bola-respiravel-fantasy\\\/\",\"url\":\"https:\\\/\\\/lovme.pt\\\/index.php\\\/produto\\\/coquette-chic-desire-mordaca-de-bola-respiravel-fantasy\\\/\",\"name\":\"COQUETTE CHIC DESIRE - MORDA\u00c7A DE BOLA RESPIR\u00c1VEL FANTASY - Lovme\",\"isPartOf\":{\"@id\":\"https:\\\/\\\/lovme.pt\\\/#website\"},\"primaryImageOfPage\":{\"@id\":\"https:\\\/\\\/lovme.pt\\\/index.php\\\/produto\\\/coquette-chic-desire-mordaca-de-bola-respiravel-fantasy\\\/#primaryimage\"},\"image\":{\"@id\":\"https:\\\/\\\/lovme.pt\\\/index.php\\\/produto\\\/coquette-chic-desire-mordaca-de-bola-respiravel-fantasy\\\/#primaryimage\"},\"thumbnailUrl\":\"https:\\\/\\\/erki24nd3ub.exactdn.com\\\/wp-content\\\/uploads\\\/dream\\\/img\\\/img_143556_b7302c59aeed46c3ba8b028381f4df5a_1.png?strip=all\",\"datePublished\":\"2025-09-30T22:32:29+00:00\",\"dateModified\":\"2026-02-25T07:30:35+00:00\",\"breadcrumb\":{\"@id\":\"https:\\\/\\\/lovme.pt\\\/index.php\\\/produto\\\/coquette-chic-desire-mordaca-de-bola-respiravel-fantasy\\\/#breadcrumb\"},\"inLanguage\":\"pt-PT\",\"potentialAction\":[{\"@type\":\"ReadAction\",\"target\":[\"https:\\\/\\\/lovme.pt\\\/index.php\\\/produto\\\/coquette-chic-desire-mordaca-de-bola-respiravel-fantasy\\\/\"]}]},{\"@type\":\"ImageObject\",\"inLanguage\":\"pt-PT\",\"@id\":\"https:\\\/\\\/lovme.pt\\\/index.php\\\/produto\\\/coquette-chic-desire-mordaca-de-bola-respiravel-fantasy\\\/#primaryimage\",\"url\":\"https:\\\/\\\/erki24nd3ub.exactdn.com\\\/wp-content\\\/uploads\\\/dream\\\/img\\\/img_143556_b7302c59aeed46c3ba8b028381f4df5a_1.png?strip=all\",\"contentUrl\":\"https:\\\/\\\/erki24nd3ub.exactdn.com\\\/wp-content\\\/uploads\\\/dream\\\/img\\\/img_143556_b7302c59aeed46c3ba8b028381f4df5a_1.png?strip=all\",\"width\":800,\"height\":800},{\"@type\":\"BreadcrumbList\",\"@id\":\"https:\\\/\\\/lovme.pt\\\/index.php\\\/produto\\\/coquette-chic-desire-mordaca-de-bola-respiravel-fantasy\\\/#breadcrumb\",\"itemListElement\":[{\"@type\":\"ListItem\",\"position\":1,\"name\":\"In\u00edcio\",\"item\":\"https:\\\/\\\/lovme.pt\\\/\"},{\"@type\":\"ListItem\",\"position\":2,\"name\":\"Loja\",\"item\":\"https:\\\/\\\/lovme.pt\\\/index.php\\\/loja\\\/\"},{\"@type\":\"ListItem\",\"position\":3,\"name\":\"COQUETTE CHIC DESIRE &#8211; MORDA\u00c7A DE BOLA RESPIR\u00c1VEL FANTASY\"}]},{\"@type\":\"WebSite\",\"@id\":\"https:\\\/\\\/lovme.pt\\\/#website\",\"url\":\"https:\\\/\\\/lovme.pt\\\/\",\"name\":\"Lovme Loja Er\u00f3tica N\u00ba1 em Portugal\",\"description\":\"A melhor loja er\u00f3tica de Portugal.\",\"alternateName\":\"Loja Er\u00f3tica Lovme\",\"potentialAction\":[{\"@type\":\"SearchAction\",\"target\":{\"@type\":\"EntryPoint\",\"urlTemplate\":\"https:\\\/\\\/lovme.pt\\\/?s={search_term_string}\"},\"query-input\":{\"@type\":\"PropertyValueSpecification\",\"valueRequired\":true,\"valueName\":\"search_term_string\"}}],\"inLanguage\":\"pt-PT\"}]}<\/script>\n<!-- \/ Yoast SEO plugin. -->","yoast_head_json":{"title":"COQUETTE CHIC DESIRE - MORDA\u00c7A DE BOLA RESPIR\u00c1VEL FANTASY - Lovme","robots":{"index":"index","follow":"follow","max-snippet":"max-snippet:-1","max-image-preview":"max-image-preview:large","max-video-preview":"max-video-preview:-1"},"canonical":"https:\/\/lovme.pt\/index.php\/produto\/coquette-chic-desire-mordaca-de-bola-respiravel-fantasy\/","og_locale":"pt_PT","og_type":"article","og_title":"COQUETTE CHIC DESIRE - MORDA\u00c7A DE BOLA RESPIR\u00c1VEL FANTASY - Lovme","og_description":"COQUETTE CHIC DESIRE - MORDA\u00c7A DE BOLA RESPIR\u00c1VEL FANTASY","og_url":"https:\/\/lovme.pt\/index.php\/produto\/coquette-chic-desire-mordaca-de-bola-respiravel-fantasy\/","og_site_name":"Lovme","article_modified_time":"2026-02-25T07:30:35+00:00","og_image":[{"width":800,"height":800,"url":"https:\/\/erki24nd3ub.exactdn.com\/wp-content\/uploads\/dream\/img\/img_143556_b7302c59aeed46c3ba8b028381f4df5a_1.png?strip=all","type":"image\/png"}],"twitter_card":"summary_large_image","twitter_misc":{"Tempo estimado de leitura":"2 minutos"},"schema":{"@context":"https:\/\/schema.org","@graph":[{"@type":"WebPage","@id":"https:\/\/lovme.pt\/index.php\/produto\/coquette-chic-desire-mordaca-de-bola-respiravel-fantasy\/","url":"https:\/\/lovme.pt\/index.php\/produto\/coquette-chic-desire-mordaca-de-bola-respiravel-fantasy\/","name":"COQUETTE CHIC DESIRE - MORDA\u00c7A DE BOLA RESPIR\u00c1VEL FANTASY - Lovme","isPartOf":{"@id":"https:\/\/lovme.pt\/#website"},"primaryImageOfPage":{"@id":"https:\/\/lovme.pt\/index.php\/produto\/coquette-chic-desire-mordaca-de-bola-respiravel-fantasy\/#primaryimage"},"image":{"@id":"https:\/\/lovme.pt\/index.php\/produto\/coquette-chic-desire-mordaca-de-bola-respiravel-fantasy\/#primaryimage"},"thumbnailUrl":"https:\/\/erki24nd3ub.exactdn.com\/wp-content\/uploads\/dream\/img\/img_143556_b7302c59aeed46c3ba8b028381f4df5a_1.png?strip=all","datePublished":"2025-09-30T22:32:29+00:00","dateModified":"2026-02-25T07:30:35+00:00","breadcrumb":{"@id":"https:\/\/lovme.pt\/index.php\/produto\/coquette-chic-desire-mordaca-de-bola-respiravel-fantasy\/#breadcrumb"},"inLanguage":"pt-PT","potentialAction":[{"@type":"ReadAction","target":["https:\/\/lovme.pt\/index.php\/produto\/coquette-chic-desire-mordaca-de-bola-respiravel-fantasy\/"]}]},{"@type":"ImageObject","inLanguage":"pt-PT","@id":"https:\/\/lovme.pt\/index.php\/produto\/coquette-chic-desire-mordaca-de-bola-respiravel-fantasy\/#primaryimage","url":"https:\/\/erki24nd3ub.exactdn.com\/wp-content\/uploads\/dream\/img\/img_143556_b7302c59aeed46c3ba8b028381f4df5a_1.png?strip=all","contentUrl":"https:\/\/erki24nd3ub.exactdn.com\/wp-content\/uploads\/dream\/img\/img_143556_b7302c59aeed46c3ba8b028381f4df5a_1.png?strip=all","width":800,"height":800},{"@type":"BreadcrumbList","@id":"https:\/\/lovme.pt\/index.php\/produto\/coquette-chic-desire-mordaca-de-bola-respiravel-fantasy\/#breadcrumb","itemListElement":[{"@type":"ListItem","position":1,"name":"In\u00edcio","item":"https:\/\/lovme.pt\/"},{"@type":"ListItem","position":2,"name":"Loja","item":"https:\/\/lovme.pt\/index.php\/loja\/"},{"@type":"ListItem","position":3,"name":"COQUETTE CHIC DESIRE &#8211; MORDA\u00c7A DE BOLA RESPIR\u00c1VEL FANTASY"}]},{"@type":"WebSite","@id":"https:\/\/lovme.pt\/#website","url":"https:\/\/lovme.pt\/","name":"Lovme Loja Er\u00f3tica N\u00ba1 em Portugal","description":"A melhor loja er\u00f3tica de Portugal.","alternateName":"Loja Er\u00f3tica Lovme","potentialAction":[{"@type":"SearchAction","target":{"@type":"EntryPoint","urlTemplate":"https:\/\/lovme.pt\/?s={search_term_string}"},"query-input":{"@type":"PropertyValueSpecification","valueRequired":true,"valueName":"search_term_string"}}],"inLanguage":"pt-PT"}]}},"_links":{"self":[{"href":"https:\/\/lovme.pt\/index.php\/wp-json\/wp\/v2\/product\/36301","targetHints":{"allow":["GET"]}}],"collection":[{"href":"https:\/\/lovme.pt\/index.php\/wp-json\/wp\/v2\/product"}],"about":[{"href":"https:\/\/lovme.pt\/index.php\/wp-json\/wp\/v2\/types\/product"}],"wp:featuredmedia":[{"embeddable":true,"href":"https:\/\/lovme.pt\/index.php\/wp-json\/wp\/v2\/media\/78647"}],"wp:attachment":[{"href":"https:\/\/lovme.pt\/index.php\/wp-json\/wp\/v2\/media?parent=36301"}],"wp:term":[{"taxonomy":"product_brand","embeddable":true,"href":"https:\/\/lovme.pt\/index.php\/wp-json\/wp\/v2\/product_brand?post=36301"},{"taxonomy":"product_cat","embeddable":true,"href":"https:\/\/lovme.pt\/index.php\/wp-json\/wp\/v2\/product_cat?post=36301"},{"taxonomy":"product_tag","embeddable":true,"href":"https:\/\/lovme.pt\/index.php\/wp-json\/wp\/v2\/product_tag?post=36301"}],"curies":[{"name":"wp","href":"https:\/\/api.w.org\/{rel}","templated":true}]}}