{"id":36291,"date":"2025-09-30T22:32:25","date_gmt":"2025-09-30T22:32:25","guid":{"rendered":"https:\/\/lovme.pt\/?post_type=product&#038;p=36291"},"modified":"2026-02-25T07:28:41","modified_gmt":"2026-02-25T07:28:41","slug":"begme-red-edition-vegan-leather-jaw","status":"publish","type":"product","link":"https:\/\/lovme.pt\/index.php\/produto\/begme-red-edition-vegan-leather-jaw\/","title":{"rendered":"BEGME &#8211; RED EDITION VEGAN LEATHER JAW"},"content":{"rendered":"<p>Begme apresenta esta morda\u00e7a de couro vegano perfeita para seus jogos BDSM.<\/p>\n<p> Encha a boca do seu amante com esta MAND\u00cdBULA RESPIR\u00c1VEL durante sua pr\u00f3xima sess\u00e3o de BDSM.<\/p>\n<p> Ideal para escravos em treinamento, esta morda\u00e7a se encaixa confortavelmente sobre a boca do seu companheiro submisso para mant\u00ea-lo quieto. Ela incorpora quatro furos de ventila\u00e7\u00e3o para maior seguran\u00e7a e conforto.<\/p>\n<p> Uma tira de cabe\u00e7a vermelha de qualidade facilita a fixa\u00e7\u00e3o do paqu\u00edmetro e o ajuste do tamanho com um fecho de press\u00e3o pr\u00e1tico.<\/p>\n<p> Morda\u00e7a projetada com produtos n\u00e3o t\u00f3xicos, com furos de respira\u00e7\u00e3o para conforto submisso. O melhor complemento para seus jogos de bondage.<\/p>\n<ul>\n<li> Feito de material; Neoprene, metal sem n\u00edquel e couro vegano.<\/li>\n<li> <span style=\"font-size: 13px\">Medidas: Comprimento: 65 cm \/ Largura (di\u00e2metro da bola): 4,5 cm<\/span><\/li>\n<\/ul>\n<p> Use este acess\u00f3rio sozinho ou com outros itens BEGME<\/p>\n<p> O sadomasoquismo se baseia em mais do que apenas sentir prazer atrav\u00e9s da dor. Caracteriza-se por assumir os pap\u00e9is de dominante e submisso. A representa\u00e7\u00e3o desses pap\u00e9is em casais n\u00e3o sadomasoquistas, dentro de seu jogo er\u00f3tico e sem lev\u00e1-lo ao extremo, pode ser estimulante. Claro, explica que essa deve ser sempre uma pr\u00e1tica consentida e desejada por ambos os membros. &quot;Quando essas pr\u00e1ticas n\u00e3o causam desconforto na pessoa ou em seu parceiro e s\u00e3o consentidas, n\u00e3o podemos consider\u00e1-las doentias ou patol\u00f3gicas. O S&amp;M n\u00e3o gera problemas em pessoas saud\u00e1veis.&quot; A \u00fanica coisa que devem respeitar \u00e9 o estabelecimento de limites muito claros sobre o que \u00e9 permitido e o que n\u00e3o \u00e9, bem como alguma sinaliza\u00e7\u00e3o para saber onde parar.<\/p>\n<p> Por que BEGME?<\/p>\n<p> Begme \u00e9 uma marca BDSM com materiais de primeira qualidade, fabricados 100% com tr\u00eas controles de qualidade e que garantem um processo totalmente seguro no jogo do Fetiche. <\/p>\n<p style=\"text-align: center\">\n","protected":false},"excerpt":{"rendered":"<p>BEGME &#8211; RED EDITION VEGAN LEATHER JAW<\/p>\n","protected":false},"featured_media":78637,"template":"","meta":{"_acf_changed":false},"product_brand":[],"product_cat":[48,17],"product_tag":[],"class_list":{"0":"post-36291","1":"product","2":"type-product","3":"status-publish","4":"has-post-thumbnail","6":"product_cat-bdsm","7":"product_cat-brinquedos-de-bem-estar-sexual","8":"yith_product_brand-begme-fetish-games-begme-red-edition","10":"first","11":"instock","12":"taxable","13":"shipping-taxable","14":"purchasable","15":"product-type-simple"},"acf":[],"yoast_head":"<!-- This site is optimized with the Yoast SEO plugin v27.4 - https:\/\/yoast.com\/product\/yoast-seo-wordpress\/ -->\n<title>BEGME - RED EDITION VEGAN LEATHER JAW - Lovme<\/title>\n<meta name=\"robots\" content=\"index, follow, max-snippet:-1, max-image-preview:large, max-video-preview:-1\" \/>\n<link rel=\"canonical\" href=\"https:\/\/lovme.pt\/index.php\/produto\/begme-red-edition-vegan-leather-jaw\/\" \/>\n<meta property=\"og:locale\" content=\"pt_PT\" \/>\n<meta property=\"og:type\" content=\"article\" \/>\n<meta property=\"og:title\" content=\"BEGME - RED EDITION VEGAN LEATHER JAW - Lovme\" \/>\n<meta property=\"og:description\" content=\"BEGME - RED EDITION VEGAN LEATHER JAW\" \/>\n<meta property=\"og:url\" content=\"https:\/\/lovme.pt\/index.php\/produto\/begme-red-edition-vegan-leather-jaw\/\" \/>\n<meta property=\"og:site_name\" content=\"Lovme\" \/>\n<meta property=\"article:modified_time\" content=\"2026-02-25T07:28:41+00:00\" \/>\n<meta property=\"og:image\" content=\"https:\/\/erki24nd3ub.exactdn.com\/wp-content\/uploads\/dream\/img\/img_109564_be96277ad61728805bb76cde2c43ab29_1.png?strip=all\" \/>\n\t<meta property=\"og:image:width\" content=\"800\" \/>\n\t<meta property=\"og:image:height\" content=\"800\" \/>\n\t<meta property=\"og:image:type\" content=\"image\/png\" \/>\n<meta name=\"twitter:card\" content=\"summary_large_image\" \/>\n<meta name=\"twitter:label1\" content=\"Tempo estimado de leitura\" \/>\n\t<meta name=\"twitter:data1\" content=\"2 minutos\" \/>\n<script type=\"application\/ld+json\" class=\"yoast-schema-graph\">{\"@context\":\"https:\\\/\\\/schema.org\",\"@graph\":[{\"@type\":\"WebPage\",\"@id\":\"https:\\\/\\\/lovme.pt\\\/index.php\\\/produto\\\/begme-red-edition-vegan-leather-jaw\\\/\",\"url\":\"https:\\\/\\\/lovme.pt\\\/index.php\\\/produto\\\/begme-red-edition-vegan-leather-jaw\\\/\",\"name\":\"BEGME - RED EDITION VEGAN LEATHER JAW - Lovme\",\"isPartOf\":{\"@id\":\"https:\\\/\\\/lovme.pt\\\/#website\"},\"primaryImageOfPage\":{\"@id\":\"https:\\\/\\\/lovme.pt\\\/index.php\\\/produto\\\/begme-red-edition-vegan-leather-jaw\\\/#primaryimage\"},\"image\":{\"@id\":\"https:\\\/\\\/lovme.pt\\\/index.php\\\/produto\\\/begme-red-edition-vegan-leather-jaw\\\/#primaryimage\"},\"thumbnailUrl\":\"https:\\\/\\\/erki24nd3ub.exactdn.com\\\/wp-content\\\/uploads\\\/dream\\\/img\\\/img_109564_be96277ad61728805bb76cde2c43ab29_1.png?strip=all\",\"datePublished\":\"2025-09-30T22:32:25+00:00\",\"dateModified\":\"2026-02-25T07:28:41+00:00\",\"breadcrumb\":{\"@id\":\"https:\\\/\\\/lovme.pt\\\/index.php\\\/produto\\\/begme-red-edition-vegan-leather-jaw\\\/#breadcrumb\"},\"inLanguage\":\"pt-PT\",\"potentialAction\":[{\"@type\":\"ReadAction\",\"target\":[\"https:\\\/\\\/lovme.pt\\\/index.php\\\/produto\\\/begme-red-edition-vegan-leather-jaw\\\/\"]}]},{\"@type\":\"ImageObject\",\"inLanguage\":\"pt-PT\",\"@id\":\"https:\\\/\\\/lovme.pt\\\/index.php\\\/produto\\\/begme-red-edition-vegan-leather-jaw\\\/#primaryimage\",\"url\":\"https:\\\/\\\/erki24nd3ub.exactdn.com\\\/wp-content\\\/uploads\\\/dream\\\/img\\\/img_109564_be96277ad61728805bb76cde2c43ab29_1.png?strip=all\",\"contentUrl\":\"https:\\\/\\\/erki24nd3ub.exactdn.com\\\/wp-content\\\/uploads\\\/dream\\\/img\\\/img_109564_be96277ad61728805bb76cde2c43ab29_1.png?strip=all\",\"width\":800,\"height\":800},{\"@type\":\"BreadcrumbList\",\"@id\":\"https:\\\/\\\/lovme.pt\\\/index.php\\\/produto\\\/begme-red-edition-vegan-leather-jaw\\\/#breadcrumb\",\"itemListElement\":[{\"@type\":\"ListItem\",\"position\":1,\"name\":\"In\u00edcio\",\"item\":\"https:\\\/\\\/lovme.pt\\\/\"},{\"@type\":\"ListItem\",\"position\":2,\"name\":\"Loja\",\"item\":\"https:\\\/\\\/lovme.pt\\\/index.php\\\/loja\\\/\"},{\"@type\":\"ListItem\",\"position\":3,\"name\":\"BEGME &#8211; RED EDITION VEGAN LEATHER JAW\"}]},{\"@type\":\"WebSite\",\"@id\":\"https:\\\/\\\/lovme.pt\\\/#website\",\"url\":\"https:\\\/\\\/lovme.pt\\\/\",\"name\":\"Lovme Loja Er\u00f3tica N\u00ba1 em Portugal\",\"description\":\"A melhor loja er\u00f3tica de Portugal.\",\"alternateName\":\"Loja Er\u00f3tica Lovme\",\"potentialAction\":[{\"@type\":\"SearchAction\",\"target\":{\"@type\":\"EntryPoint\",\"urlTemplate\":\"https:\\\/\\\/lovme.pt\\\/?s={search_term_string}\"},\"query-input\":{\"@type\":\"PropertyValueSpecification\",\"valueRequired\":true,\"valueName\":\"search_term_string\"}}],\"inLanguage\":\"pt-PT\"}]}<\/script>\n<!-- \/ Yoast SEO plugin. -->","yoast_head_json":{"title":"BEGME - RED EDITION VEGAN LEATHER JAW - Lovme","robots":{"index":"index","follow":"follow","max-snippet":"max-snippet:-1","max-image-preview":"max-image-preview:large","max-video-preview":"max-video-preview:-1"},"canonical":"https:\/\/lovme.pt\/index.php\/produto\/begme-red-edition-vegan-leather-jaw\/","og_locale":"pt_PT","og_type":"article","og_title":"BEGME - RED EDITION VEGAN LEATHER JAW - Lovme","og_description":"BEGME - RED EDITION VEGAN LEATHER JAW","og_url":"https:\/\/lovme.pt\/index.php\/produto\/begme-red-edition-vegan-leather-jaw\/","og_site_name":"Lovme","article_modified_time":"2026-02-25T07:28:41+00:00","og_image":[{"width":800,"height":800,"url":"https:\/\/erki24nd3ub.exactdn.com\/wp-content\/uploads\/dream\/img\/img_109564_be96277ad61728805bb76cde2c43ab29_1.png?strip=all","type":"image\/png"}],"twitter_card":"summary_large_image","twitter_misc":{"Tempo estimado de leitura":"2 minutos"},"schema":{"@context":"https:\/\/schema.org","@graph":[{"@type":"WebPage","@id":"https:\/\/lovme.pt\/index.php\/produto\/begme-red-edition-vegan-leather-jaw\/","url":"https:\/\/lovme.pt\/index.php\/produto\/begme-red-edition-vegan-leather-jaw\/","name":"BEGME - RED EDITION VEGAN LEATHER JAW - Lovme","isPartOf":{"@id":"https:\/\/lovme.pt\/#website"},"primaryImageOfPage":{"@id":"https:\/\/lovme.pt\/index.php\/produto\/begme-red-edition-vegan-leather-jaw\/#primaryimage"},"image":{"@id":"https:\/\/lovme.pt\/index.php\/produto\/begme-red-edition-vegan-leather-jaw\/#primaryimage"},"thumbnailUrl":"https:\/\/erki24nd3ub.exactdn.com\/wp-content\/uploads\/dream\/img\/img_109564_be96277ad61728805bb76cde2c43ab29_1.png?strip=all","datePublished":"2025-09-30T22:32:25+00:00","dateModified":"2026-02-25T07:28:41+00:00","breadcrumb":{"@id":"https:\/\/lovme.pt\/index.php\/produto\/begme-red-edition-vegan-leather-jaw\/#breadcrumb"},"inLanguage":"pt-PT","potentialAction":[{"@type":"ReadAction","target":["https:\/\/lovme.pt\/index.php\/produto\/begme-red-edition-vegan-leather-jaw\/"]}]},{"@type":"ImageObject","inLanguage":"pt-PT","@id":"https:\/\/lovme.pt\/index.php\/produto\/begme-red-edition-vegan-leather-jaw\/#primaryimage","url":"https:\/\/erki24nd3ub.exactdn.com\/wp-content\/uploads\/dream\/img\/img_109564_be96277ad61728805bb76cde2c43ab29_1.png?strip=all","contentUrl":"https:\/\/erki24nd3ub.exactdn.com\/wp-content\/uploads\/dream\/img\/img_109564_be96277ad61728805bb76cde2c43ab29_1.png?strip=all","width":800,"height":800},{"@type":"BreadcrumbList","@id":"https:\/\/lovme.pt\/index.php\/produto\/begme-red-edition-vegan-leather-jaw\/#breadcrumb","itemListElement":[{"@type":"ListItem","position":1,"name":"In\u00edcio","item":"https:\/\/lovme.pt\/"},{"@type":"ListItem","position":2,"name":"Loja","item":"https:\/\/lovme.pt\/index.php\/loja\/"},{"@type":"ListItem","position":3,"name":"BEGME &#8211; RED EDITION VEGAN LEATHER JAW"}]},{"@type":"WebSite","@id":"https:\/\/lovme.pt\/#website","url":"https:\/\/lovme.pt\/","name":"Lovme Loja Er\u00f3tica N\u00ba1 em Portugal","description":"A melhor loja er\u00f3tica de Portugal.","alternateName":"Loja Er\u00f3tica Lovme","potentialAction":[{"@type":"SearchAction","target":{"@type":"EntryPoint","urlTemplate":"https:\/\/lovme.pt\/?s={search_term_string}"},"query-input":{"@type":"PropertyValueSpecification","valueRequired":true,"valueName":"search_term_string"}}],"inLanguage":"pt-PT"}]}},"_links":{"self":[{"href":"https:\/\/lovme.pt\/index.php\/wp-json\/wp\/v2\/product\/36291","targetHints":{"allow":["GET"]}}],"collection":[{"href":"https:\/\/lovme.pt\/index.php\/wp-json\/wp\/v2\/product"}],"about":[{"href":"https:\/\/lovme.pt\/index.php\/wp-json\/wp\/v2\/types\/product"}],"wp:featuredmedia":[{"embeddable":true,"href":"https:\/\/lovme.pt\/index.php\/wp-json\/wp\/v2\/media\/78637"}],"wp:attachment":[{"href":"https:\/\/lovme.pt\/index.php\/wp-json\/wp\/v2\/media?parent=36291"}],"wp:term":[{"taxonomy":"product_brand","embeddable":true,"href":"https:\/\/lovme.pt\/index.php\/wp-json\/wp\/v2\/product_brand?post=36291"},{"taxonomy":"product_cat","embeddable":true,"href":"https:\/\/lovme.pt\/index.php\/wp-json\/wp\/v2\/product_cat?post=36291"},{"taxonomy":"product_tag","embeddable":true,"href":"https:\/\/lovme.pt\/index.php\/wp-json\/wp\/v2\/product_tag?post=36291"}],"curies":[{"name":"wp","href":"https:\/\/api.w.org\/{rel}","templated":true}]}}