{"id":36282,"date":"2025-09-30T22:47:03","date_gmt":"2025-09-30T22:47:03","guid":{"rendered":"https:\/\/lovme.pt\/?post_type=product&#038;p=36282"},"modified":"2026-02-25T07:27:47","modified_gmt":"2026-02-25T07:27:47","slug":"begme-remo-de-couro-vegano-black-edition","status":"publish","type":"product","link":"https:\/\/lovme.pt\/index.php\/produto\/begme-remo-de-couro-vegano-black-edition\/","title":{"rendered":"BEGME &#8211; REMO DE COURO VEGANO BLACK EDITION"},"content":{"rendered":"<p>Begme apresenta esta morda\u00e7a de couro vegano perfeita para seus jogos BDSM.<\/p>\n<p> Leve seus jogos fetichistas para o pr\u00f3ximo n\u00edvel e descubra seu lado dominante ou submisso com este chicote de alta qualidade da BEGME!<\/p>\n<p> Assuma o controle e domine seu amante com este flogger kink. \u00c9 muito dur\u00e1vel para brincadeiras de n\u00edvel avan\u00e7ado entre pessoas.<\/p>\n<ul>\n<li> Feito de material; Neoprene, metal sem n\u00edquel e couro vegano.<\/li>\n<li> Medidas: Comprimento: 32 cm \/ Largura: 6 cm<\/li>\n<\/ul>\n<p> Use este acess\u00f3rio sozinho ou com outros itens BEGME<\/p>\n<p> O sadomasoquismo se baseia em mais do que apenas sentir prazer atrav\u00e9s da dor. Ele se caracteriza por assumir os pap\u00e9is de dominante e submisso. A representa\u00e7\u00e3o desses pap\u00e9is em casais n\u00e3o sadomasoquistas, dentro de seu jogo er\u00f3tico e sem lev\u00e1-lo ao extremo, pode ser estimulante. Claro, ele explica que essa deve ser sempre uma pr\u00e1tica consensual e desejada por ambos os membros. &quot;Quando essas pr\u00e1ticas n\u00e3o geram desconforto na pessoa ou em seu parceiro e s\u00e3o consensuais, n\u00e3o podemos consider\u00e1-las doentias ou patol\u00f3gicas. S&amp;M n\u00e3o causa problemas em pessoas saud\u00e1veis.&quot; A \u00fanica coisa que eles devem respeitar \u00e9 o estabelecimento de limites muito claros sobre o que \u00e9 permitido e o que n\u00e3o \u00e9, bem como alguma sinaliza\u00e7\u00e3o para saber onde parar.<\/p>\n<p> <u><strong>Por que BEGME?<\/strong><\/u><\/p>\n<p> Begme \u00e9 uma marca BDSM com materiais de primeira qualidade, fabricados 100% com tr\u00eas controles de qualidade e que garantem um processo totalmente seguro no jogo do Fetiche.<\/p>\n","protected":false},"excerpt":{"rendered":"<p>BEGME &#8211; REMO DE COURO VEGANO BLACK EDITION<\/p>\n","protected":false},"featured_media":80925,"template":"","meta":{"_acf_changed":false},"product_brand":[],"product_cat":[48,17],"product_tag":[],"class_list":{"0":"post-36282","1":"product","2":"type-product","3":"status-publish","4":"has-post-thumbnail","6":"product_cat-bdsm","7":"product_cat-brinquedos-de-bem-estar-sexual","8":"yith_product_brand-begme-fetish-games-begme-black-edition","10":"first","11":"instock","12":"taxable","13":"shipping-taxable","14":"purchasable","15":"product-type-simple"},"acf":[],"yoast_head":"<!-- This site is optimized with the Yoast SEO plugin v27.4 - https:\/\/yoast.com\/product\/yoast-seo-wordpress\/ -->\n<title>BEGME - REMO DE COURO VEGANO BLACK EDITION - Lovme<\/title>\n<meta name=\"robots\" content=\"index, follow, max-snippet:-1, max-image-preview:large, max-video-preview:-1\" \/>\n<link rel=\"canonical\" href=\"https:\/\/lovme.pt\/index.php\/produto\/begme-remo-de-couro-vegano-black-edition\/\" \/>\n<meta property=\"og:locale\" content=\"pt_PT\" \/>\n<meta property=\"og:type\" content=\"article\" \/>\n<meta property=\"og:title\" content=\"BEGME - REMO DE COURO VEGANO BLACK EDITION - Lovme\" \/>\n<meta property=\"og:description\" content=\"BEGME - REMO DE COURO VEGANO BLACK EDITION\" \/>\n<meta property=\"og:url\" content=\"https:\/\/lovme.pt\/index.php\/produto\/begme-remo-de-couro-vegano-black-edition\/\" \/>\n<meta property=\"og:site_name\" content=\"Lovme\" \/>\n<meta property=\"article:modified_time\" content=\"2026-02-25T07:27:47+00:00\" \/>\n<meta property=\"og:image\" content=\"https:\/\/erki24nd3ub.exactdn.com\/wp-content\/uploads\/dream\/img\/img_109511_e9c99fbe31a9978bae10c95a8a07d259_1.png?strip=all\" \/>\n\t<meta property=\"og:image:width\" content=\"800\" \/>\n\t<meta property=\"og:image:height\" content=\"800\" \/>\n\t<meta property=\"og:image:type\" content=\"image\/png\" \/>\n<meta name=\"twitter:card\" content=\"summary_large_image\" \/>\n<meta name=\"twitter:label1\" content=\"Tempo estimado de leitura\" \/>\n\t<meta name=\"twitter:data1\" content=\"1 minuto\" \/>\n<script type=\"application\/ld+json\" class=\"yoast-schema-graph\">{\"@context\":\"https:\\\/\\\/schema.org\",\"@graph\":[{\"@type\":\"WebPage\",\"@id\":\"https:\\\/\\\/lovme.pt\\\/index.php\\\/produto\\\/begme-remo-de-couro-vegano-black-edition\\\/\",\"url\":\"https:\\\/\\\/lovme.pt\\\/index.php\\\/produto\\\/begme-remo-de-couro-vegano-black-edition\\\/\",\"name\":\"BEGME - REMO DE COURO VEGANO BLACK EDITION - Lovme\",\"isPartOf\":{\"@id\":\"https:\\\/\\\/lovme.pt\\\/#website\"},\"primaryImageOfPage\":{\"@id\":\"https:\\\/\\\/lovme.pt\\\/index.php\\\/produto\\\/begme-remo-de-couro-vegano-black-edition\\\/#primaryimage\"},\"image\":{\"@id\":\"https:\\\/\\\/lovme.pt\\\/index.php\\\/produto\\\/begme-remo-de-couro-vegano-black-edition\\\/#primaryimage\"},\"thumbnailUrl\":\"https:\\\/\\\/erki24nd3ub.exactdn.com\\\/wp-content\\\/uploads\\\/dream\\\/img\\\/img_109511_e9c99fbe31a9978bae10c95a8a07d259_1.png?strip=all\",\"datePublished\":\"2025-09-30T22:47:03+00:00\",\"dateModified\":\"2026-02-25T07:27:47+00:00\",\"breadcrumb\":{\"@id\":\"https:\\\/\\\/lovme.pt\\\/index.php\\\/produto\\\/begme-remo-de-couro-vegano-black-edition\\\/#breadcrumb\"},\"inLanguage\":\"pt-PT\",\"potentialAction\":[{\"@type\":\"ReadAction\",\"target\":[\"https:\\\/\\\/lovme.pt\\\/index.php\\\/produto\\\/begme-remo-de-couro-vegano-black-edition\\\/\"]}]},{\"@type\":\"ImageObject\",\"inLanguage\":\"pt-PT\",\"@id\":\"https:\\\/\\\/lovme.pt\\\/index.php\\\/produto\\\/begme-remo-de-couro-vegano-black-edition\\\/#primaryimage\",\"url\":\"https:\\\/\\\/erki24nd3ub.exactdn.com\\\/wp-content\\\/uploads\\\/dream\\\/img\\\/img_109511_e9c99fbe31a9978bae10c95a8a07d259_1.png?strip=all\",\"contentUrl\":\"https:\\\/\\\/erki24nd3ub.exactdn.com\\\/wp-content\\\/uploads\\\/dream\\\/img\\\/img_109511_e9c99fbe31a9978bae10c95a8a07d259_1.png?strip=all\",\"width\":800,\"height\":800},{\"@type\":\"BreadcrumbList\",\"@id\":\"https:\\\/\\\/lovme.pt\\\/index.php\\\/produto\\\/begme-remo-de-couro-vegano-black-edition\\\/#breadcrumb\",\"itemListElement\":[{\"@type\":\"ListItem\",\"position\":1,\"name\":\"In\u00edcio\",\"item\":\"https:\\\/\\\/lovme.pt\\\/\"},{\"@type\":\"ListItem\",\"position\":2,\"name\":\"Loja\",\"item\":\"https:\\\/\\\/lovme.pt\\\/index.php\\\/loja\\\/\"},{\"@type\":\"ListItem\",\"position\":3,\"name\":\"BEGME &#8211; REMO DE COURO VEGANO BLACK EDITION\"}]},{\"@type\":\"WebSite\",\"@id\":\"https:\\\/\\\/lovme.pt\\\/#website\",\"url\":\"https:\\\/\\\/lovme.pt\\\/\",\"name\":\"Lovme Loja Er\u00f3tica N\u00ba1 em Portugal\",\"description\":\"A melhor loja er\u00f3tica de Portugal.\",\"alternateName\":\"Loja Er\u00f3tica Lovme\",\"potentialAction\":[{\"@type\":\"SearchAction\",\"target\":{\"@type\":\"EntryPoint\",\"urlTemplate\":\"https:\\\/\\\/lovme.pt\\\/?s={search_term_string}\"},\"query-input\":{\"@type\":\"PropertyValueSpecification\",\"valueRequired\":true,\"valueName\":\"search_term_string\"}}],\"inLanguage\":\"pt-PT\"}]}<\/script>\n<!-- \/ Yoast SEO plugin. -->","yoast_head_json":{"title":"BEGME - REMO DE COURO VEGANO BLACK EDITION - Lovme","robots":{"index":"index","follow":"follow","max-snippet":"max-snippet:-1","max-image-preview":"max-image-preview:large","max-video-preview":"max-video-preview:-1"},"canonical":"https:\/\/lovme.pt\/index.php\/produto\/begme-remo-de-couro-vegano-black-edition\/","og_locale":"pt_PT","og_type":"article","og_title":"BEGME - REMO DE COURO VEGANO BLACK EDITION - Lovme","og_description":"BEGME - REMO DE COURO VEGANO BLACK EDITION","og_url":"https:\/\/lovme.pt\/index.php\/produto\/begme-remo-de-couro-vegano-black-edition\/","og_site_name":"Lovme","article_modified_time":"2026-02-25T07:27:47+00:00","og_image":[{"width":800,"height":800,"url":"https:\/\/erki24nd3ub.exactdn.com\/wp-content\/uploads\/dream\/img\/img_109511_e9c99fbe31a9978bae10c95a8a07d259_1.png?strip=all","type":"image\/png"}],"twitter_card":"summary_large_image","twitter_misc":{"Tempo estimado de leitura":"1 minuto"},"schema":{"@context":"https:\/\/schema.org","@graph":[{"@type":"WebPage","@id":"https:\/\/lovme.pt\/index.php\/produto\/begme-remo-de-couro-vegano-black-edition\/","url":"https:\/\/lovme.pt\/index.php\/produto\/begme-remo-de-couro-vegano-black-edition\/","name":"BEGME - REMO DE COURO VEGANO BLACK EDITION - Lovme","isPartOf":{"@id":"https:\/\/lovme.pt\/#website"},"primaryImageOfPage":{"@id":"https:\/\/lovme.pt\/index.php\/produto\/begme-remo-de-couro-vegano-black-edition\/#primaryimage"},"image":{"@id":"https:\/\/lovme.pt\/index.php\/produto\/begme-remo-de-couro-vegano-black-edition\/#primaryimage"},"thumbnailUrl":"https:\/\/erki24nd3ub.exactdn.com\/wp-content\/uploads\/dream\/img\/img_109511_e9c99fbe31a9978bae10c95a8a07d259_1.png?strip=all","datePublished":"2025-09-30T22:47:03+00:00","dateModified":"2026-02-25T07:27:47+00:00","breadcrumb":{"@id":"https:\/\/lovme.pt\/index.php\/produto\/begme-remo-de-couro-vegano-black-edition\/#breadcrumb"},"inLanguage":"pt-PT","potentialAction":[{"@type":"ReadAction","target":["https:\/\/lovme.pt\/index.php\/produto\/begme-remo-de-couro-vegano-black-edition\/"]}]},{"@type":"ImageObject","inLanguage":"pt-PT","@id":"https:\/\/lovme.pt\/index.php\/produto\/begme-remo-de-couro-vegano-black-edition\/#primaryimage","url":"https:\/\/erki24nd3ub.exactdn.com\/wp-content\/uploads\/dream\/img\/img_109511_e9c99fbe31a9978bae10c95a8a07d259_1.png?strip=all","contentUrl":"https:\/\/erki24nd3ub.exactdn.com\/wp-content\/uploads\/dream\/img\/img_109511_e9c99fbe31a9978bae10c95a8a07d259_1.png?strip=all","width":800,"height":800},{"@type":"BreadcrumbList","@id":"https:\/\/lovme.pt\/index.php\/produto\/begme-remo-de-couro-vegano-black-edition\/#breadcrumb","itemListElement":[{"@type":"ListItem","position":1,"name":"In\u00edcio","item":"https:\/\/lovme.pt\/"},{"@type":"ListItem","position":2,"name":"Loja","item":"https:\/\/lovme.pt\/index.php\/loja\/"},{"@type":"ListItem","position":3,"name":"BEGME &#8211; REMO DE COURO VEGANO BLACK EDITION"}]},{"@type":"WebSite","@id":"https:\/\/lovme.pt\/#website","url":"https:\/\/lovme.pt\/","name":"Lovme Loja Er\u00f3tica N\u00ba1 em Portugal","description":"A melhor loja er\u00f3tica de Portugal.","alternateName":"Loja Er\u00f3tica Lovme","potentialAction":[{"@type":"SearchAction","target":{"@type":"EntryPoint","urlTemplate":"https:\/\/lovme.pt\/?s={search_term_string}"},"query-input":{"@type":"PropertyValueSpecification","valueRequired":true,"valueName":"search_term_string"}}],"inLanguage":"pt-PT"}]}},"_links":{"self":[{"href":"https:\/\/lovme.pt\/index.php\/wp-json\/wp\/v2\/product\/36282","targetHints":{"allow":["GET"]}}],"collection":[{"href":"https:\/\/lovme.pt\/index.php\/wp-json\/wp\/v2\/product"}],"about":[{"href":"https:\/\/lovme.pt\/index.php\/wp-json\/wp\/v2\/types\/product"}],"wp:featuredmedia":[{"embeddable":true,"href":"https:\/\/lovme.pt\/index.php\/wp-json\/wp\/v2\/media\/80925"}],"wp:attachment":[{"href":"https:\/\/lovme.pt\/index.php\/wp-json\/wp\/v2\/media?parent=36282"}],"wp:term":[{"taxonomy":"product_brand","embeddable":true,"href":"https:\/\/lovme.pt\/index.php\/wp-json\/wp\/v2\/product_brand?post=36282"},{"taxonomy":"product_cat","embeddable":true,"href":"https:\/\/lovme.pt\/index.php\/wp-json\/wp\/v2\/product_cat?post=36282"},{"taxonomy":"product_tag","embeddable":true,"href":"https:\/\/lovme.pt\/index.php\/wp-json\/wp\/v2\/product_tag?post=36282"}],"curies":[{"name":"wp","href":"https:\/\/api.w.org\/{rel}","templated":true}]}}