{"id":36255,"date":"2025-09-30T09:37:05","date_gmt":"2025-09-30T09:37:05","guid":{"rendered":"https:\/\/lovme.pt\/?post_type=product&#038;p=36255"},"modified":"2026-02-19T20:23:15","modified_gmt":"2026-02-19T20:23:15","slug":"ohmama-plug-anal-com-cristal-azul-l","status":"publish","type":"product","link":"https:\/\/lovme.pt\/index.php\/produto\/ohmama-plug-anal-com-cristal-azul-l\/","title":{"rendered":"OHMAMA &#8211; PLUG ANAL CON CRISTAL ROSA L"},"content":{"rendered":"<p>Oh m\u00e3e! Prazer anal, mas no pr\u00f3ximo n\u00edvel? Com este plug anal pesado de a\u00e7o inoxid\u00e1vel voc\u00ea pode ir para o pr\u00f3ximo n\u00edvel em jogos anais. \u00c9 pequeno mas ao mesmo tempo pesado e elegante porque incorpora um vidro decorativo brilhante.<\/p>\n<p> Perfeito para usu\u00e1rios iniciantes e avan\u00e7ados se prepararem para brincadeiras anal solo ou preliminares em casal.<\/p>\n<p> Seu design e ergonomia permitem f\u00e1cil inser\u00e7\u00e3o gra\u00e7as \u00e0 ponta c\u00f4nica e arredondada. Seu batente permite que ele n\u00e3o se mova mais do que o desejado e voc\u00ea pode remov\u00ea-lo com seguran\u00e7a.<\/p>\n<p> Aplique uma quantidade generosa de lubrificante (Ohmama recomenda o uso com lubrificantes Waterfeel para uma lubrifica\u00e7\u00e3o de qualidade e duradoura)<\/p>\n<p> <strong><u>Caracter\u00edsticas<\/u><\/strong><\/p>\n<ul>\n<li> Plugue anal de a\u00e7o inoxid\u00e1vel<\/li>\n<li> Adapta-se \u00e0 temperatura corporal<\/li>\n<li> Pode ser usado com todos os lubrificantes (\u00e0 base de \u00e1gua, silicone e h\u00edbridos)<\/li>\n<li> Livre de n\u00edquel e ftalato<\/li>\n<li> Medidas 2,7 x 8 cm<\/li>\n<li> Apresenta\u00e7\u00e3o em bolsa (sem caixa)<\/li>\n<\/ul>\n<p> <strong>A MARCA<\/strong><\/p>\n<p> A gama de produtos OHMAMA \u00e9 perfeita para presentear. Um produto dispon\u00edvel para todos com qualidade perfeita. Uma combina\u00e7\u00e3o \u00fanica nesta linha especial de brinquedos para adultos<\/p><\/p>\n","protected":false},"excerpt":{"rendered":"<p>OHMAMA &#8211; PLUG ANAL COM CRISTAL AZUL L<\/p>\n","protected":false},"featured_media":54768,"template":"","meta":{"_acf_changed":false},"product_brand":[],"product_cat":[17,62,63],"product_tag":[],"class_list":{"0":"post-36255","1":"product","2":"type-product","3":"status-publish","4":"has-post-thumbnail","6":"product_cat-brinquedos-de-bem-estar-sexual","7":"product_cat-plugues-e-correntes-anais","8":"product_cat-sexo-anal","9":"yith_product_brand-ohmama","10":"yith_product_brand-ohmamaohmama-anal","12":"first","13":"instock","14":"taxable","15":"shipping-taxable","16":"purchasable","17":"product-type-variable","18":"has-default-attributes"},"acf":[],"yoast_head":"<!-- This site is optimized with the Yoast SEO plugin v27.4 - https:\/\/yoast.com\/product\/yoast-seo-wordpress\/ -->\n<title>OHMAMA - PLUG ANAL CON CRISTAL ROSA L - Lovme<\/title>\n<meta name=\"robots\" content=\"index, follow, max-snippet:-1, max-image-preview:large, max-video-preview:-1\" \/>\n<link rel=\"canonical\" href=\"https:\/\/lovme.pt\/index.php\/produto\/ohmama-plug-anal-com-cristal-azul-l\/\" \/>\n<meta property=\"og:locale\" content=\"pt_PT\" \/>\n<meta property=\"og:type\" content=\"article\" \/>\n<meta property=\"og:title\" content=\"OHMAMA - PLUG ANAL CON CRISTAL ROSA L - Lovme\" \/>\n<meta property=\"og:description\" content=\"OHMAMA - PLUG ANAL COM CRISTAL AZUL L\" \/>\n<meta property=\"og:url\" content=\"https:\/\/lovme.pt\/index.php\/produto\/ohmama-plug-anal-com-cristal-azul-l\/\" \/>\n<meta property=\"og:site_name\" content=\"Lovme\" \/>\n<meta property=\"article:modified_time\" content=\"2026-02-19T20:23:15+00:00\" \/>\n<meta property=\"og:image\" content=\"https:\/\/erki24nd3ub.exactdn.com\/wp-content\/uploads\/dream\/img\/img_109359_43a25c856ae9a6e86ed9c2b8605eadc7_1.png?strip=all\" \/>\n\t<meta property=\"og:image:width\" content=\"800\" \/>\n\t<meta property=\"og:image:height\" content=\"800\" \/>\n\t<meta property=\"og:image:type\" content=\"image\/png\" \/>\n<meta name=\"twitter:card\" content=\"summary_large_image\" \/>\n<meta name=\"twitter:label1\" content=\"Tempo estimado de leitura\" \/>\n\t<meta name=\"twitter:data1\" content=\"1 minuto\" \/>\n<script type=\"application\/ld+json\" class=\"yoast-schema-graph\">{\"@context\":\"https:\\\/\\\/schema.org\",\"@graph\":[{\"@type\":\"WebPage\",\"@id\":\"https:\\\/\\\/lovme.pt\\\/index.php\\\/produto\\\/ohmama-plug-anal-com-cristal-azul-l\\\/\",\"url\":\"https:\\\/\\\/lovme.pt\\\/index.php\\\/produto\\\/ohmama-plug-anal-com-cristal-azul-l\\\/\",\"name\":\"OHMAMA - PLUG ANAL CON CRISTAL ROSA L - Lovme\",\"isPartOf\":{\"@id\":\"https:\\\/\\\/lovme.pt\\\/#website\"},\"primaryImageOfPage\":{\"@id\":\"https:\\\/\\\/lovme.pt\\\/index.php\\\/produto\\\/ohmama-plug-anal-com-cristal-azul-l\\\/#primaryimage\"},\"image\":{\"@id\":\"https:\\\/\\\/lovme.pt\\\/index.php\\\/produto\\\/ohmama-plug-anal-com-cristal-azul-l\\\/#primaryimage\"},\"thumbnailUrl\":\"https:\\\/\\\/erki24nd3ub.exactdn.com\\\/wp-content\\\/uploads\\\/dream\\\/img\\\/img_109359_43a25c856ae9a6e86ed9c2b8605eadc7_1.png?strip=all\",\"datePublished\":\"2025-09-30T09:37:05+00:00\",\"dateModified\":\"2026-02-19T20:23:15+00:00\",\"breadcrumb\":{\"@id\":\"https:\\\/\\\/lovme.pt\\\/index.php\\\/produto\\\/ohmama-plug-anal-com-cristal-azul-l\\\/#breadcrumb\"},\"inLanguage\":\"pt-PT\",\"potentialAction\":[{\"@type\":\"ReadAction\",\"target\":[\"https:\\\/\\\/lovme.pt\\\/index.php\\\/produto\\\/ohmama-plug-anal-com-cristal-azul-l\\\/\"]}]},{\"@type\":\"ImageObject\",\"inLanguage\":\"pt-PT\",\"@id\":\"https:\\\/\\\/lovme.pt\\\/index.php\\\/produto\\\/ohmama-plug-anal-com-cristal-azul-l\\\/#primaryimage\",\"url\":\"https:\\\/\\\/erki24nd3ub.exactdn.com\\\/wp-content\\\/uploads\\\/dream\\\/img\\\/img_109359_43a25c856ae9a6e86ed9c2b8605eadc7_1.png?strip=all\",\"contentUrl\":\"https:\\\/\\\/erki24nd3ub.exactdn.com\\\/wp-content\\\/uploads\\\/dream\\\/img\\\/img_109359_43a25c856ae9a6e86ed9c2b8605eadc7_1.png?strip=all\",\"width\":800,\"height\":800},{\"@type\":\"BreadcrumbList\",\"@id\":\"https:\\\/\\\/lovme.pt\\\/index.php\\\/produto\\\/ohmama-plug-anal-com-cristal-azul-l\\\/#breadcrumb\",\"itemListElement\":[{\"@type\":\"ListItem\",\"position\":1,\"name\":\"In\u00edcio\",\"item\":\"https:\\\/\\\/lovme.pt\\\/\"},{\"@type\":\"ListItem\",\"position\":2,\"name\":\"Loja\",\"item\":\"https:\\\/\\\/lovme.pt\\\/index.php\\\/loja\\\/\"},{\"@type\":\"ListItem\",\"position\":3,\"name\":\"OHMAMA &#8211; PLUG ANAL CON CRISTAL ROSA L\"}]},{\"@type\":\"WebSite\",\"@id\":\"https:\\\/\\\/lovme.pt\\\/#website\",\"url\":\"https:\\\/\\\/lovme.pt\\\/\",\"name\":\"Lovme Loja Er\u00f3tica N\u00ba1 em Portugal\",\"description\":\"A melhor loja er\u00f3tica de Portugal.\",\"alternateName\":\"Loja Er\u00f3tica Lovme\",\"potentialAction\":[{\"@type\":\"SearchAction\",\"target\":{\"@type\":\"EntryPoint\",\"urlTemplate\":\"https:\\\/\\\/lovme.pt\\\/?s={search_term_string}\"},\"query-input\":{\"@type\":\"PropertyValueSpecification\",\"valueRequired\":true,\"valueName\":\"search_term_string\"}}],\"inLanguage\":\"pt-PT\"}]}<\/script>\n<!-- \/ Yoast SEO plugin. -->","yoast_head_json":{"title":"OHMAMA - PLUG ANAL CON CRISTAL ROSA L - Lovme","robots":{"index":"index","follow":"follow","max-snippet":"max-snippet:-1","max-image-preview":"max-image-preview:large","max-video-preview":"max-video-preview:-1"},"canonical":"https:\/\/lovme.pt\/index.php\/produto\/ohmama-plug-anal-com-cristal-azul-l\/","og_locale":"pt_PT","og_type":"article","og_title":"OHMAMA - PLUG ANAL CON CRISTAL ROSA L - Lovme","og_description":"OHMAMA - PLUG ANAL COM CRISTAL AZUL L","og_url":"https:\/\/lovme.pt\/index.php\/produto\/ohmama-plug-anal-com-cristal-azul-l\/","og_site_name":"Lovme","article_modified_time":"2026-02-19T20:23:15+00:00","og_image":[{"width":800,"height":800,"url":"https:\/\/erki24nd3ub.exactdn.com\/wp-content\/uploads\/dream\/img\/img_109359_43a25c856ae9a6e86ed9c2b8605eadc7_1.png?strip=all","type":"image\/png"}],"twitter_card":"summary_large_image","twitter_misc":{"Tempo estimado de leitura":"1 minuto"},"schema":{"@context":"https:\/\/schema.org","@graph":[{"@type":"WebPage","@id":"https:\/\/lovme.pt\/index.php\/produto\/ohmama-plug-anal-com-cristal-azul-l\/","url":"https:\/\/lovme.pt\/index.php\/produto\/ohmama-plug-anal-com-cristal-azul-l\/","name":"OHMAMA - PLUG ANAL CON CRISTAL ROSA L - Lovme","isPartOf":{"@id":"https:\/\/lovme.pt\/#website"},"primaryImageOfPage":{"@id":"https:\/\/lovme.pt\/index.php\/produto\/ohmama-plug-anal-com-cristal-azul-l\/#primaryimage"},"image":{"@id":"https:\/\/lovme.pt\/index.php\/produto\/ohmama-plug-anal-com-cristal-azul-l\/#primaryimage"},"thumbnailUrl":"https:\/\/erki24nd3ub.exactdn.com\/wp-content\/uploads\/dream\/img\/img_109359_43a25c856ae9a6e86ed9c2b8605eadc7_1.png?strip=all","datePublished":"2025-09-30T09:37:05+00:00","dateModified":"2026-02-19T20:23:15+00:00","breadcrumb":{"@id":"https:\/\/lovme.pt\/index.php\/produto\/ohmama-plug-anal-com-cristal-azul-l\/#breadcrumb"},"inLanguage":"pt-PT","potentialAction":[{"@type":"ReadAction","target":["https:\/\/lovme.pt\/index.php\/produto\/ohmama-plug-anal-com-cristal-azul-l\/"]}]},{"@type":"ImageObject","inLanguage":"pt-PT","@id":"https:\/\/lovme.pt\/index.php\/produto\/ohmama-plug-anal-com-cristal-azul-l\/#primaryimage","url":"https:\/\/erki24nd3ub.exactdn.com\/wp-content\/uploads\/dream\/img\/img_109359_43a25c856ae9a6e86ed9c2b8605eadc7_1.png?strip=all","contentUrl":"https:\/\/erki24nd3ub.exactdn.com\/wp-content\/uploads\/dream\/img\/img_109359_43a25c856ae9a6e86ed9c2b8605eadc7_1.png?strip=all","width":800,"height":800},{"@type":"BreadcrumbList","@id":"https:\/\/lovme.pt\/index.php\/produto\/ohmama-plug-anal-com-cristal-azul-l\/#breadcrumb","itemListElement":[{"@type":"ListItem","position":1,"name":"In\u00edcio","item":"https:\/\/lovme.pt\/"},{"@type":"ListItem","position":2,"name":"Loja","item":"https:\/\/lovme.pt\/index.php\/loja\/"},{"@type":"ListItem","position":3,"name":"OHMAMA &#8211; PLUG ANAL CON CRISTAL ROSA L"}]},{"@type":"WebSite","@id":"https:\/\/lovme.pt\/#website","url":"https:\/\/lovme.pt\/","name":"Lovme Loja Er\u00f3tica N\u00ba1 em Portugal","description":"A melhor loja er\u00f3tica de Portugal.","alternateName":"Loja Er\u00f3tica Lovme","potentialAction":[{"@type":"SearchAction","target":{"@type":"EntryPoint","urlTemplate":"https:\/\/lovme.pt\/?s={search_term_string}"},"query-input":{"@type":"PropertyValueSpecification","valueRequired":true,"valueName":"search_term_string"}}],"inLanguage":"pt-PT"}]}},"_links":{"self":[{"href":"https:\/\/lovme.pt\/index.php\/wp-json\/wp\/v2\/product\/36255","targetHints":{"allow":["GET"]}}],"collection":[{"href":"https:\/\/lovme.pt\/index.php\/wp-json\/wp\/v2\/product"}],"about":[{"href":"https:\/\/lovme.pt\/index.php\/wp-json\/wp\/v2\/types\/product"}],"wp:featuredmedia":[{"embeddable":true,"href":"https:\/\/lovme.pt\/index.php\/wp-json\/wp\/v2\/media\/54768"}],"wp:attachment":[{"href":"https:\/\/lovme.pt\/index.php\/wp-json\/wp\/v2\/media?parent=36255"}],"wp:term":[{"taxonomy":"product_brand","embeddable":true,"href":"https:\/\/lovme.pt\/index.php\/wp-json\/wp\/v2\/product_brand?post=36255"},{"taxonomy":"product_cat","embeddable":true,"href":"https:\/\/lovme.pt\/index.php\/wp-json\/wp\/v2\/product_cat?post=36255"},{"taxonomy":"product_tag","embeddable":true,"href":"https:\/\/lovme.pt\/index.php\/wp-json\/wp\/v2\/product_tag?post=36255"}],"curies":[{"name":"wp","href":"https:\/\/api.w.org\/{rel}","templated":true}]}}