{"id":35791,"date":"2025-09-30T20:15:51","date_gmt":"2025-09-30T20:15:51","guid":{"rendered":"https:\/\/lovme.pt\/?post_type=product&#038;p=35791"},"modified":"2026-02-19T20:23:17","modified_gmt":"2026-02-19T20:23:17","slug":"satisfyer-vibrador-lolli-plug-2-plug-verde","status":"publish","type":"product","link":"https:\/\/lovme.pt\/index.php\/produto\/satisfyer-vibrador-lolli-plug-2-plug-verde\/","title":{"rendered":"SATISFYER &#8211; LOLLI PLUG 2 PLUG VIBRATOR GRIS"},"content":{"rendered":"<p>Informa\u00e7\u00f5es sobre o produto &#8220;Lolli Plug 2&#8221;<\/p>\n<p> Os 2 motores e as vibra\u00e7\u00f5es poderosas tornam o Lolli-Plug 2 um atrativo absoluto. A estrutura esf\u00e9rica \u00e9 feita de silicone macio e fechada na base larga para uso seguro.<\/p>\n<ul>\n<li> 12 programas de vibra\u00e7\u00e3o variados e poderosos Artboard-5-4x<\/li>\n<li> 2 motores potentes transmitem ritmos de vibra\u00e7\u00e3o intensos por todo o brinquedo<\/li>\n<li> Adequado para homens e mulheres<\/li>\n<li> Garantia de 15 anos<\/li>\n<li> Vibra\u00e7\u00e3o profunda super forte<\/li>\n<li> Silicone amigo do corpo<\/li>\n<li> \u00c0 prova d\u00e1gua (IPX7)<\/li>\n<li> F\u00e1cil de limpar<\/li>\n<li> Modo sussurro<\/li>\n<li> Bateria recarreg\u00e1vel de \u00edons de l\u00edtio<\/li>\n<li> Cabo de carregamento USB magn\u00e9tico inclu\u00eddo<\/li>\n<\/ul>\n<p> <strong>Satisfyer Lolli-Plug 2: plug anal vibrat\u00f3rio<\/strong><\/p>\n<p> Desfrute de massagens sensuais no \u00e2nus e na pr\u00f3stata com o Satisfyer Lolli-Plug 2: O vibrador anal com estrutura esf\u00e9rica ascendente tem uma superf\u00edcie sedosa e lisa de silicone que n\u00e3o agride o corpo e \u00e9 \u00f3timo para homens e mulheres. Os 12 programas de vibra\u00e7\u00e3o e 2 motores podem ser selecionados atrav\u00e9s dos controles intuitivos.<\/p>\n<p> <strong>Que outros excelentes recursos o vibrador anal possui?<\/strong><\/p>\n<p> Como o Lolli-Plug 2 \u00e9 \u00e0 prova d\u00e1gua (IPX7), ele tamb\u00e9m pode acompanh\u00e1-lo no chuveiro ou na banheira &#8211; e pode ser facilmente limpo com \u00e1gua morna e sab\u00e3o neutro. O vibrador anal tem uma base larga, que tamb\u00e9m serve de al\u00e7a, para que voc\u00ea possa se divertir sem se preocupar que escorregue.<\/p>\n<p> Se o seu Lolli-Plug 2 ficar sem energia, voc\u00ea pode recarregar as baterias integradas com o cabo de carregamento USB inclu\u00eddo. Sempre recomendamos o uso de um lubrificante \u00e0 base de \u00e1gua para a\u00e7\u00e3o backdoor. Os lubrificantes da Satisfyer est\u00e3o dispon\u00edveis em v\u00e1rios tipos e proporcionam uma experi\u00eancia tranquila.<\/p>\n","protected":false},"excerpt":{"rendered":"<p>SATISFYER &#8211; VIBRADOR LOLLI PLUG 2 PLUG VERDE<\/p>\n","protected":false},"featured_media":66790,"template":"","meta":{"_acf_changed":false},"product_brand":[],"product_cat":[17,62,63,76],"product_tag":[],"class_list":{"0":"post-35791","1":"product","2":"type-product","3":"status-publish","4":"has-post-thumbnail","6":"product_cat-brinquedos-de-bem-estar-sexual","7":"product_cat-plugues-e-correntes-anais","8":"product_cat-sexo-anal","9":"product_cat-vibradores","10":"yith_product_brand-satisfyer","11":"yith_product_brand-satisfyer-satisfyer-plugs","13":"first","14":"instock","15":"taxable","16":"shipping-taxable","17":"purchasable","18":"product-type-variable","19":"has-default-attributes"},"acf":[],"yoast_head":"<!-- This site is optimized with the Yoast SEO plugin v27.4 - https:\/\/yoast.com\/product\/yoast-seo-wordpress\/ -->\n<title>SATISFYER - LOLLI PLUG 2 PLUG VIBRATOR GRIS - Lovme<\/title>\n<meta name=\"robots\" content=\"index, follow, max-snippet:-1, max-image-preview:large, max-video-preview:-1\" \/>\n<link rel=\"canonical\" href=\"https:\/\/lovme.pt\/index.php\/produto\/satisfyer-vibrador-lolli-plug-2-plug-verde\/\" \/>\n<meta property=\"og:locale\" content=\"pt_PT\" \/>\n<meta property=\"og:type\" content=\"article\" \/>\n<meta property=\"og:title\" content=\"SATISFYER - LOLLI PLUG 2 PLUG VIBRATOR GRIS - Lovme\" \/>\n<meta property=\"og:description\" content=\"SATISFYER - VIBRADOR LOLLI PLUG 2 PLUG VERDE\" \/>\n<meta property=\"og:url\" content=\"https:\/\/lovme.pt\/index.php\/produto\/satisfyer-vibrador-lolli-plug-2-plug-verde\/\" \/>\n<meta property=\"og:site_name\" content=\"Lovme\" \/>\n<meta property=\"article:modified_time\" content=\"2026-02-19T20:23:17+00:00\" \/>\n<meta property=\"og:image\" content=\"https:\/\/erki24nd3ub.exactdn.com\/wp-content\/uploads\/dream\/img\/img_107353_90f3673701dc6072532597ae4202a577_1.png?strip=all\" \/>\n\t<meta property=\"og:image:width\" content=\"800\" \/>\n\t<meta property=\"og:image:height\" content=\"800\" \/>\n\t<meta property=\"og:image:type\" content=\"image\/png\" \/>\n<meta name=\"twitter:card\" content=\"summary_large_image\" \/>\n<meta name=\"twitter:label1\" content=\"Tempo estimado de leitura\" \/>\n\t<meta name=\"twitter:data1\" content=\"1 minuto\" \/>\n<script type=\"application\/ld+json\" class=\"yoast-schema-graph\">{\"@context\":\"https:\\\/\\\/schema.org\",\"@graph\":[{\"@type\":\"WebPage\",\"@id\":\"https:\\\/\\\/lovme.pt\\\/index.php\\\/produto\\\/satisfyer-vibrador-lolli-plug-2-plug-verde\\\/\",\"url\":\"https:\\\/\\\/lovme.pt\\\/index.php\\\/produto\\\/satisfyer-vibrador-lolli-plug-2-plug-verde\\\/\",\"name\":\"SATISFYER - LOLLI PLUG 2 PLUG VIBRATOR GRIS - Lovme\",\"isPartOf\":{\"@id\":\"https:\\\/\\\/lovme.pt\\\/#website\"},\"primaryImageOfPage\":{\"@id\":\"https:\\\/\\\/lovme.pt\\\/index.php\\\/produto\\\/satisfyer-vibrador-lolli-plug-2-plug-verde\\\/#primaryimage\"},\"image\":{\"@id\":\"https:\\\/\\\/lovme.pt\\\/index.php\\\/produto\\\/satisfyer-vibrador-lolli-plug-2-plug-verde\\\/#primaryimage\"},\"thumbnailUrl\":\"https:\\\/\\\/erki24nd3ub.exactdn.com\\\/wp-content\\\/uploads\\\/dream\\\/img\\\/img_107353_90f3673701dc6072532597ae4202a577_1.png?strip=all\",\"datePublished\":\"2025-09-30T20:15:51+00:00\",\"dateModified\":\"2026-02-19T20:23:17+00:00\",\"breadcrumb\":{\"@id\":\"https:\\\/\\\/lovme.pt\\\/index.php\\\/produto\\\/satisfyer-vibrador-lolli-plug-2-plug-verde\\\/#breadcrumb\"},\"inLanguage\":\"pt-PT\",\"potentialAction\":[{\"@type\":\"ReadAction\",\"target\":[\"https:\\\/\\\/lovme.pt\\\/index.php\\\/produto\\\/satisfyer-vibrador-lolli-plug-2-plug-verde\\\/\"]}]},{\"@type\":\"ImageObject\",\"inLanguage\":\"pt-PT\",\"@id\":\"https:\\\/\\\/lovme.pt\\\/index.php\\\/produto\\\/satisfyer-vibrador-lolli-plug-2-plug-verde\\\/#primaryimage\",\"url\":\"https:\\\/\\\/erki24nd3ub.exactdn.com\\\/wp-content\\\/uploads\\\/dream\\\/img\\\/img_107353_90f3673701dc6072532597ae4202a577_1.png?strip=all\",\"contentUrl\":\"https:\\\/\\\/erki24nd3ub.exactdn.com\\\/wp-content\\\/uploads\\\/dream\\\/img\\\/img_107353_90f3673701dc6072532597ae4202a577_1.png?strip=all\",\"width\":800,\"height\":800},{\"@type\":\"BreadcrumbList\",\"@id\":\"https:\\\/\\\/lovme.pt\\\/index.php\\\/produto\\\/satisfyer-vibrador-lolli-plug-2-plug-verde\\\/#breadcrumb\",\"itemListElement\":[{\"@type\":\"ListItem\",\"position\":1,\"name\":\"In\u00edcio\",\"item\":\"https:\\\/\\\/lovme.pt\\\/\"},{\"@type\":\"ListItem\",\"position\":2,\"name\":\"Loja\",\"item\":\"https:\\\/\\\/lovme.pt\\\/index.php\\\/loja\\\/\"},{\"@type\":\"ListItem\",\"position\":3,\"name\":\"SATISFYER &#8211; LOLLI PLUG 2 PLUG VIBRATOR GRIS\"}]},{\"@type\":\"WebSite\",\"@id\":\"https:\\\/\\\/lovme.pt\\\/#website\",\"url\":\"https:\\\/\\\/lovme.pt\\\/\",\"name\":\"Lovme Loja Er\u00f3tica N\u00ba1 em Portugal\",\"description\":\"A melhor loja er\u00f3tica de Portugal.\",\"alternateName\":\"Loja Er\u00f3tica Lovme\",\"potentialAction\":[{\"@type\":\"SearchAction\",\"target\":{\"@type\":\"EntryPoint\",\"urlTemplate\":\"https:\\\/\\\/lovme.pt\\\/?s={search_term_string}\"},\"query-input\":{\"@type\":\"PropertyValueSpecification\",\"valueRequired\":true,\"valueName\":\"search_term_string\"}}],\"inLanguage\":\"pt-PT\"}]}<\/script>\n<!-- \/ Yoast SEO plugin. -->","yoast_head_json":{"title":"SATISFYER - LOLLI PLUG 2 PLUG VIBRATOR GRIS - Lovme","robots":{"index":"index","follow":"follow","max-snippet":"max-snippet:-1","max-image-preview":"max-image-preview:large","max-video-preview":"max-video-preview:-1"},"canonical":"https:\/\/lovme.pt\/index.php\/produto\/satisfyer-vibrador-lolli-plug-2-plug-verde\/","og_locale":"pt_PT","og_type":"article","og_title":"SATISFYER - LOLLI PLUG 2 PLUG VIBRATOR GRIS - Lovme","og_description":"SATISFYER - VIBRADOR LOLLI PLUG 2 PLUG VERDE","og_url":"https:\/\/lovme.pt\/index.php\/produto\/satisfyer-vibrador-lolli-plug-2-plug-verde\/","og_site_name":"Lovme","article_modified_time":"2026-02-19T20:23:17+00:00","og_image":[{"width":800,"height":800,"url":"https:\/\/erki24nd3ub.exactdn.com\/wp-content\/uploads\/dream\/img\/img_107353_90f3673701dc6072532597ae4202a577_1.png?strip=all","type":"image\/png"}],"twitter_card":"summary_large_image","twitter_misc":{"Tempo estimado de leitura":"1 minuto"},"schema":{"@context":"https:\/\/schema.org","@graph":[{"@type":"WebPage","@id":"https:\/\/lovme.pt\/index.php\/produto\/satisfyer-vibrador-lolli-plug-2-plug-verde\/","url":"https:\/\/lovme.pt\/index.php\/produto\/satisfyer-vibrador-lolli-plug-2-plug-verde\/","name":"SATISFYER - LOLLI PLUG 2 PLUG VIBRATOR GRIS - Lovme","isPartOf":{"@id":"https:\/\/lovme.pt\/#website"},"primaryImageOfPage":{"@id":"https:\/\/lovme.pt\/index.php\/produto\/satisfyer-vibrador-lolli-plug-2-plug-verde\/#primaryimage"},"image":{"@id":"https:\/\/lovme.pt\/index.php\/produto\/satisfyer-vibrador-lolli-plug-2-plug-verde\/#primaryimage"},"thumbnailUrl":"https:\/\/erki24nd3ub.exactdn.com\/wp-content\/uploads\/dream\/img\/img_107353_90f3673701dc6072532597ae4202a577_1.png?strip=all","datePublished":"2025-09-30T20:15:51+00:00","dateModified":"2026-02-19T20:23:17+00:00","breadcrumb":{"@id":"https:\/\/lovme.pt\/index.php\/produto\/satisfyer-vibrador-lolli-plug-2-plug-verde\/#breadcrumb"},"inLanguage":"pt-PT","potentialAction":[{"@type":"ReadAction","target":["https:\/\/lovme.pt\/index.php\/produto\/satisfyer-vibrador-lolli-plug-2-plug-verde\/"]}]},{"@type":"ImageObject","inLanguage":"pt-PT","@id":"https:\/\/lovme.pt\/index.php\/produto\/satisfyer-vibrador-lolli-plug-2-plug-verde\/#primaryimage","url":"https:\/\/erki24nd3ub.exactdn.com\/wp-content\/uploads\/dream\/img\/img_107353_90f3673701dc6072532597ae4202a577_1.png?strip=all","contentUrl":"https:\/\/erki24nd3ub.exactdn.com\/wp-content\/uploads\/dream\/img\/img_107353_90f3673701dc6072532597ae4202a577_1.png?strip=all","width":800,"height":800},{"@type":"BreadcrumbList","@id":"https:\/\/lovme.pt\/index.php\/produto\/satisfyer-vibrador-lolli-plug-2-plug-verde\/#breadcrumb","itemListElement":[{"@type":"ListItem","position":1,"name":"In\u00edcio","item":"https:\/\/lovme.pt\/"},{"@type":"ListItem","position":2,"name":"Loja","item":"https:\/\/lovme.pt\/index.php\/loja\/"},{"@type":"ListItem","position":3,"name":"SATISFYER &#8211; LOLLI PLUG 2 PLUG VIBRATOR GRIS"}]},{"@type":"WebSite","@id":"https:\/\/lovme.pt\/#website","url":"https:\/\/lovme.pt\/","name":"Lovme Loja Er\u00f3tica N\u00ba1 em Portugal","description":"A melhor loja er\u00f3tica de Portugal.","alternateName":"Loja Er\u00f3tica Lovme","potentialAction":[{"@type":"SearchAction","target":{"@type":"EntryPoint","urlTemplate":"https:\/\/lovme.pt\/?s={search_term_string}"},"query-input":{"@type":"PropertyValueSpecification","valueRequired":true,"valueName":"search_term_string"}}],"inLanguage":"pt-PT"}]}},"_links":{"self":[{"href":"https:\/\/lovme.pt\/index.php\/wp-json\/wp\/v2\/product\/35791","targetHints":{"allow":["GET"]}}],"collection":[{"href":"https:\/\/lovme.pt\/index.php\/wp-json\/wp\/v2\/product"}],"about":[{"href":"https:\/\/lovme.pt\/index.php\/wp-json\/wp\/v2\/types\/product"}],"wp:featuredmedia":[{"embeddable":true,"href":"https:\/\/lovme.pt\/index.php\/wp-json\/wp\/v2\/media\/66790"}],"wp:attachment":[{"href":"https:\/\/lovme.pt\/index.php\/wp-json\/wp\/v2\/media?parent=35791"}],"wp:term":[{"taxonomy":"product_brand","embeddable":true,"href":"https:\/\/lovme.pt\/index.php\/wp-json\/wp\/v2\/product_brand?post=35791"},{"taxonomy":"product_cat","embeddable":true,"href":"https:\/\/lovme.pt\/index.php\/wp-json\/wp\/v2\/product_cat?post=35791"},{"taxonomy":"product_tag","embeddable":true,"href":"https:\/\/lovme.pt\/index.php\/wp-json\/wp\/v2\/product_tag?post=35791"}],"curies":[{"name":"wp","href":"https:\/\/api.w.org\/{rel}","templated":true}]}}