{"id":35103,"date":"2025-09-30T10:09:13","date_gmt":"2025-09-30T10:09:13","guid":{"rendered":"https:\/\/lovme.pt\/?post_type=product&#038;p=35103"},"modified":"2026-02-25T07:19:07","modified_gmt":"2026-02-25T07:19:07","slug":"calexotics-masturbador-optimum-power-com-vibracao-e-ondas-estimulantes","status":"publish","type":"product","link":"https:\/\/lovme.pt\/index.php\/produto\/calexotics-masturbador-optimum-power-com-vibracao-e-ondas-estimulantes\/","title":{"rendered":"CALEXOTICS &#8211; MASTURBADOR DE SUC\u00c7\u00c3O VIBRAT\u00d3RIA DE POT\u00caNCIA \u00d3TIMA"},"content":{"rendered":"<p>Envolva-se em um prazer pulsante de n\u00edvel superior com o poderoso Optimum Power\u00ae Pulsar Stroker.<\/p>\n<p> Este masturbador vibrat\u00f3rio totalmente independente foi criado para envolver seus sentidos com uma experi\u00eancia de car\u00edcias totalmente personaliz\u00e1vel. Uma c\u00e2mara texturizada ultra-apertada envolve voc\u00ea firmemente, enquanto tr\u00eas n\u00edveis de suc\u00e7\u00e3o potentes e quatro fun\u00e7\u00f5es de vibra\u00e7\u00e3o independentes proporcionam um prazer incompar\u00e1vel.<\/p>\n<p> O painel de controle de f\u00e1cil toque facilita o ajuste das fun\u00e7\u00f5es: pressione e segure o bot\u00e3o liga\/desliga por 3 segundos para ligar\/desligar. A capa texturizada ultrafina e ultramacia pode ser removida para limpeza ou usada separadamente para o massageador.<\/p>\n<p> Aproveite a tampa remov\u00edvel para um armazenamento limpo e seguro.<\/p>\n<p> Desfrute de mais de 1,5 horas de prazer de suc\u00e7\u00e3o em baixas velocidades e recarregue a paix\u00e3o em apenas 2 horas com o cabo USB fornecido.<\/p>\n<ul>\n<li> Masturbador recarreg\u00e1vel totalmente aut\u00f4nomo com capacidade de vibra\u00e7\u00e3o e suc\u00e7\u00e3o<\/li>\n<li> Capa remov\u00edvel ultramacia e realista para f\u00e1cil limpeza ou uso independente<\/li>\n<li> 4 fun\u00e7\u00f5es independentes de vibra\u00e7\u00e3o intensa, pulsa\u00e7\u00e3o e escalada<\/li>\n<li> 3 n\u00edveis de suc\u00e7\u00e3o potente, al\u00e9m de suc\u00e7\u00e3o e vibra\u00e7\u00e3o cont\u00ednuas<\/li>\n<li> C\u00e2mara texturizada para sensa\u00e7\u00f5es adicionais<\/li>\n<li> Controle f\u00e1cil dos bot\u00f5es: pressione e segure por 3 segundos para ligar ou desligar<\/li>\n<li> Tampa remov\u00edvel para armazenamento seguro e limpo<\/li>\n<li> Recarreg\u00e1vel USB: Cabo de carregamento inclu\u00eddo<\/li>\n<\/ul>\n<p> Caracter\u00edsticas:<\/p>\n<ul>\n<li> Dimens\u00f5es do produto: 14 x 7,5 cm (manga) | 8,5 x 3 \/ 21,5 x 7,5 cm (caixa)<\/li>\n<li> Vibrat\u00f3rio: Sim<\/li>\n<li> Modos de vibra\u00e7\u00e3o: 3<\/li>\n<li> Modos de velocidade: 4<\/li>\n<li> \u00c0 prova d&#039;\u00e1gua: Sim<\/li>\n<li> Bodysafe: Sim<\/li>\n<li> Material ABS com caixa de PU (capa) ABS (decora\u00e7\u00e3o) TPE (capa) Silicone (bot\u00f5es, tampa da porta de carregamento)<\/li>\n<li> Pilhas recarreg\u00e1veis necess\u00e1rias<\/li>\n<li> Recarreg\u00e1vel USB<\/li>\n<li> Tempo de carregamento em minutos: Carga completa em 2 horas<\/li>\n<li> Tempo de execu\u00e7\u00e3o em minutos: funciona por 75 minutos em alta velocidade e 1,5 horas em baixa velocidade.<\/li>\n<\/ul>\n","protected":false},"excerpt":{"rendered":"<p>CALEXOTICS &#8211; MASTURBADOR DE SUC\u00c7\u00c3O VIBRAT\u00d3RIA DE POT\u00caNCIA \u00d3TIMA<\/p>\n","protected":false},"featured_media":63259,"template":"","meta":{"_acf_changed":false},"product_brand":[],"product_cat":[58],"product_tag":[],"class_list":{"0":"post-35103","1":"product","2":"type-product","3":"status-publish","4":"has-post-thumbnail","6":"product_cat-masturbadores-para-penis","7":"yith_product_brand-calexotics","9":"first","10":"instock","11":"taxable","12":"shipping-taxable","13":"purchasable","14":"product-type-simple"},"acf":[],"yoast_head":"<!-- This site is optimized with the Yoast SEO plugin v27.4 - https:\/\/yoast.com\/product\/yoast-seo-wordpress\/ -->\n<title>CALEXOTICS - MASTURBADOR DE SUC\u00c7\u00c3O VIBRAT\u00d3RIA DE POT\u00caNCIA \u00d3TIMA - Lovme<\/title>\n<meta name=\"robots\" content=\"index, follow, max-snippet:-1, max-image-preview:large, max-video-preview:-1\" \/>\n<link rel=\"canonical\" href=\"https:\/\/lovme.pt\/index.php\/produto\/calexotics-masturbador-optimum-power-com-vibracao-e-ondas-estimulantes\/\" \/>\n<meta property=\"og:locale\" content=\"pt_PT\" \/>\n<meta property=\"og:type\" content=\"article\" \/>\n<meta property=\"og:title\" content=\"CALEXOTICS - MASTURBADOR DE SUC\u00c7\u00c3O VIBRAT\u00d3RIA DE POT\u00caNCIA \u00d3TIMA - Lovme\" \/>\n<meta property=\"og:description\" content=\"CALEXOTICS - MASTURBADOR DE SUC\u00c7\u00c3O VIBRAT\u00d3RIA DE POT\u00caNCIA \u00d3TIMA\" \/>\n<meta property=\"og:url\" content=\"https:\/\/lovme.pt\/index.php\/produto\/calexotics-masturbador-optimum-power-com-vibracao-e-ondas-estimulantes\/\" \/>\n<meta property=\"og:site_name\" content=\"Lovme\" \/>\n<meta property=\"article:modified_time\" content=\"2026-02-25T07:19:07+00:00\" \/>\n<meta property=\"og:image\" content=\"https:\/\/erki24nd3ub.exactdn.com\/wp-content\/uploads\/dream\/img\/img_105055_f95c0efa12e0669e4f03a165d140e2cf_1.jpg?strip=all\" \/>\n\t<meta property=\"og:image:width\" content=\"800\" \/>\n\t<meta property=\"og:image:height\" content=\"800\" \/>\n\t<meta property=\"og:image:type\" content=\"image\/jpeg\" \/>\n<meta name=\"twitter:card\" content=\"summary_large_image\" \/>\n<meta name=\"twitter:label1\" content=\"Tempo estimado de leitura\" \/>\n\t<meta name=\"twitter:data1\" content=\"2 minutos\" \/>\n<script type=\"application\/ld+json\" class=\"yoast-schema-graph\">{\"@context\":\"https:\\\/\\\/schema.org\",\"@graph\":[{\"@type\":\"WebPage\",\"@id\":\"https:\\\/\\\/lovme.pt\\\/index.php\\\/produto\\\/calexotics-masturbador-optimum-power-com-vibracao-e-ondas-estimulantes\\\/\",\"url\":\"https:\\\/\\\/lovme.pt\\\/index.php\\\/produto\\\/calexotics-masturbador-optimum-power-com-vibracao-e-ondas-estimulantes\\\/\",\"name\":\"CALEXOTICS - MASTURBADOR DE SUC\u00c7\u00c3O VIBRAT\u00d3RIA DE POT\u00caNCIA \u00d3TIMA - Lovme\",\"isPartOf\":{\"@id\":\"https:\\\/\\\/lovme.pt\\\/#website\"},\"primaryImageOfPage\":{\"@id\":\"https:\\\/\\\/lovme.pt\\\/index.php\\\/produto\\\/calexotics-masturbador-optimum-power-com-vibracao-e-ondas-estimulantes\\\/#primaryimage\"},\"image\":{\"@id\":\"https:\\\/\\\/lovme.pt\\\/index.php\\\/produto\\\/calexotics-masturbador-optimum-power-com-vibracao-e-ondas-estimulantes\\\/#primaryimage\"},\"thumbnailUrl\":\"https:\\\/\\\/erki24nd3ub.exactdn.com\\\/wp-content\\\/uploads\\\/dream\\\/img\\\/img_105055_f95c0efa12e0669e4f03a165d140e2cf_1.jpg?strip=all\",\"datePublished\":\"2025-09-30T10:09:13+00:00\",\"dateModified\":\"2026-02-25T07:19:07+00:00\",\"breadcrumb\":{\"@id\":\"https:\\\/\\\/lovme.pt\\\/index.php\\\/produto\\\/calexotics-masturbador-optimum-power-com-vibracao-e-ondas-estimulantes\\\/#breadcrumb\"},\"inLanguage\":\"pt-PT\",\"potentialAction\":[{\"@type\":\"ReadAction\",\"target\":[\"https:\\\/\\\/lovme.pt\\\/index.php\\\/produto\\\/calexotics-masturbador-optimum-power-com-vibracao-e-ondas-estimulantes\\\/\"]}]},{\"@type\":\"ImageObject\",\"inLanguage\":\"pt-PT\",\"@id\":\"https:\\\/\\\/lovme.pt\\\/index.php\\\/produto\\\/calexotics-masturbador-optimum-power-com-vibracao-e-ondas-estimulantes\\\/#primaryimage\",\"url\":\"https:\\\/\\\/erki24nd3ub.exactdn.com\\\/wp-content\\\/uploads\\\/dream\\\/img\\\/img_105055_f95c0efa12e0669e4f03a165d140e2cf_1.jpg?strip=all\",\"contentUrl\":\"https:\\\/\\\/erki24nd3ub.exactdn.com\\\/wp-content\\\/uploads\\\/dream\\\/img\\\/img_105055_f95c0efa12e0669e4f03a165d140e2cf_1.jpg?strip=all\",\"width\":800,\"height\":800},{\"@type\":\"BreadcrumbList\",\"@id\":\"https:\\\/\\\/lovme.pt\\\/index.php\\\/produto\\\/calexotics-masturbador-optimum-power-com-vibracao-e-ondas-estimulantes\\\/#breadcrumb\",\"itemListElement\":[{\"@type\":\"ListItem\",\"position\":1,\"name\":\"In\u00edcio\",\"item\":\"https:\\\/\\\/lovme.pt\\\/\"},{\"@type\":\"ListItem\",\"position\":2,\"name\":\"Loja\",\"item\":\"https:\\\/\\\/lovme.pt\\\/index.php\\\/loja\\\/\"},{\"@type\":\"ListItem\",\"position\":3,\"name\":\"CALEXOTICS &#8211; MASTURBADOR DE SUC\u00c7\u00c3O VIBRAT\u00d3RIA DE POT\u00caNCIA \u00d3TIMA\"}]},{\"@type\":\"WebSite\",\"@id\":\"https:\\\/\\\/lovme.pt\\\/#website\",\"url\":\"https:\\\/\\\/lovme.pt\\\/\",\"name\":\"Lovme Loja Er\u00f3tica N\u00ba1 em Portugal\",\"description\":\"A melhor loja er\u00f3tica de Portugal.\",\"alternateName\":\"Loja Er\u00f3tica Lovme\",\"potentialAction\":[{\"@type\":\"SearchAction\",\"target\":{\"@type\":\"EntryPoint\",\"urlTemplate\":\"https:\\\/\\\/lovme.pt\\\/?s={search_term_string}\"},\"query-input\":{\"@type\":\"PropertyValueSpecification\",\"valueRequired\":true,\"valueName\":\"search_term_string\"}}],\"inLanguage\":\"pt-PT\"}]}<\/script>\n<!-- \/ Yoast SEO plugin. -->","yoast_head_json":{"title":"CALEXOTICS - MASTURBADOR DE SUC\u00c7\u00c3O VIBRAT\u00d3RIA DE POT\u00caNCIA \u00d3TIMA - Lovme","robots":{"index":"index","follow":"follow","max-snippet":"max-snippet:-1","max-image-preview":"max-image-preview:large","max-video-preview":"max-video-preview:-1"},"canonical":"https:\/\/lovme.pt\/index.php\/produto\/calexotics-masturbador-optimum-power-com-vibracao-e-ondas-estimulantes\/","og_locale":"pt_PT","og_type":"article","og_title":"CALEXOTICS - MASTURBADOR DE SUC\u00c7\u00c3O VIBRAT\u00d3RIA DE POT\u00caNCIA \u00d3TIMA - Lovme","og_description":"CALEXOTICS - MASTURBADOR DE SUC\u00c7\u00c3O VIBRAT\u00d3RIA DE POT\u00caNCIA \u00d3TIMA","og_url":"https:\/\/lovme.pt\/index.php\/produto\/calexotics-masturbador-optimum-power-com-vibracao-e-ondas-estimulantes\/","og_site_name":"Lovme","article_modified_time":"2026-02-25T07:19:07+00:00","og_image":[{"width":800,"height":800,"url":"https:\/\/erki24nd3ub.exactdn.com\/wp-content\/uploads\/dream\/img\/img_105055_f95c0efa12e0669e4f03a165d140e2cf_1.jpg?strip=all","type":"image\/jpeg"}],"twitter_card":"summary_large_image","twitter_misc":{"Tempo estimado de leitura":"2 minutos"},"schema":{"@context":"https:\/\/schema.org","@graph":[{"@type":"WebPage","@id":"https:\/\/lovme.pt\/index.php\/produto\/calexotics-masturbador-optimum-power-com-vibracao-e-ondas-estimulantes\/","url":"https:\/\/lovme.pt\/index.php\/produto\/calexotics-masturbador-optimum-power-com-vibracao-e-ondas-estimulantes\/","name":"CALEXOTICS - MASTURBADOR DE SUC\u00c7\u00c3O VIBRAT\u00d3RIA DE POT\u00caNCIA \u00d3TIMA - Lovme","isPartOf":{"@id":"https:\/\/lovme.pt\/#website"},"primaryImageOfPage":{"@id":"https:\/\/lovme.pt\/index.php\/produto\/calexotics-masturbador-optimum-power-com-vibracao-e-ondas-estimulantes\/#primaryimage"},"image":{"@id":"https:\/\/lovme.pt\/index.php\/produto\/calexotics-masturbador-optimum-power-com-vibracao-e-ondas-estimulantes\/#primaryimage"},"thumbnailUrl":"https:\/\/erki24nd3ub.exactdn.com\/wp-content\/uploads\/dream\/img\/img_105055_f95c0efa12e0669e4f03a165d140e2cf_1.jpg?strip=all","datePublished":"2025-09-30T10:09:13+00:00","dateModified":"2026-02-25T07:19:07+00:00","breadcrumb":{"@id":"https:\/\/lovme.pt\/index.php\/produto\/calexotics-masturbador-optimum-power-com-vibracao-e-ondas-estimulantes\/#breadcrumb"},"inLanguage":"pt-PT","potentialAction":[{"@type":"ReadAction","target":["https:\/\/lovme.pt\/index.php\/produto\/calexotics-masturbador-optimum-power-com-vibracao-e-ondas-estimulantes\/"]}]},{"@type":"ImageObject","inLanguage":"pt-PT","@id":"https:\/\/lovme.pt\/index.php\/produto\/calexotics-masturbador-optimum-power-com-vibracao-e-ondas-estimulantes\/#primaryimage","url":"https:\/\/erki24nd3ub.exactdn.com\/wp-content\/uploads\/dream\/img\/img_105055_f95c0efa12e0669e4f03a165d140e2cf_1.jpg?strip=all","contentUrl":"https:\/\/erki24nd3ub.exactdn.com\/wp-content\/uploads\/dream\/img\/img_105055_f95c0efa12e0669e4f03a165d140e2cf_1.jpg?strip=all","width":800,"height":800},{"@type":"BreadcrumbList","@id":"https:\/\/lovme.pt\/index.php\/produto\/calexotics-masturbador-optimum-power-com-vibracao-e-ondas-estimulantes\/#breadcrumb","itemListElement":[{"@type":"ListItem","position":1,"name":"In\u00edcio","item":"https:\/\/lovme.pt\/"},{"@type":"ListItem","position":2,"name":"Loja","item":"https:\/\/lovme.pt\/index.php\/loja\/"},{"@type":"ListItem","position":3,"name":"CALEXOTICS &#8211; MASTURBADOR DE SUC\u00c7\u00c3O VIBRAT\u00d3RIA DE POT\u00caNCIA \u00d3TIMA"}]},{"@type":"WebSite","@id":"https:\/\/lovme.pt\/#website","url":"https:\/\/lovme.pt\/","name":"Lovme Loja Er\u00f3tica N\u00ba1 em Portugal","description":"A melhor loja er\u00f3tica de Portugal.","alternateName":"Loja Er\u00f3tica Lovme","potentialAction":[{"@type":"SearchAction","target":{"@type":"EntryPoint","urlTemplate":"https:\/\/lovme.pt\/?s={search_term_string}"},"query-input":{"@type":"PropertyValueSpecification","valueRequired":true,"valueName":"search_term_string"}}],"inLanguage":"pt-PT"}]}},"_links":{"self":[{"href":"https:\/\/lovme.pt\/index.php\/wp-json\/wp\/v2\/product\/35103","targetHints":{"allow":["GET"]}}],"collection":[{"href":"https:\/\/lovme.pt\/index.php\/wp-json\/wp\/v2\/product"}],"about":[{"href":"https:\/\/lovme.pt\/index.php\/wp-json\/wp\/v2\/types\/product"}],"wp:featuredmedia":[{"embeddable":true,"href":"https:\/\/lovme.pt\/index.php\/wp-json\/wp\/v2\/media\/63259"}],"wp:attachment":[{"href":"https:\/\/lovme.pt\/index.php\/wp-json\/wp\/v2\/media?parent=35103"}],"wp:term":[{"taxonomy":"product_brand","embeddable":true,"href":"https:\/\/lovme.pt\/index.php\/wp-json\/wp\/v2\/product_brand?post=35103"},{"taxonomy":"product_cat","embeddable":true,"href":"https:\/\/lovme.pt\/index.php\/wp-json\/wp\/v2\/product_cat?post=35103"},{"taxonomy":"product_tag","embeddable":true,"href":"https:\/\/lovme.pt\/index.php\/wp-json\/wp\/v2\/product_tag?post=35103"}],"curies":[{"name":"wp","href":"https:\/\/api.w.org\/{rel}","templated":true}]}}