{"id":35101,"date":"2025-09-30T20:13:04","date_gmt":"2025-09-30T20:13:04","guid":{"rendered":"https:\/\/lovme.pt\/?post_type=product&#038;p=35101"},"modified":"2026-02-25T07:18:59","modified_gmt":"2026-02-25T07:18:59","slug":"calexotics-dildo-boundless-12-cm-compativel-com-arnes","status":"publish","type":"product","link":"https:\/\/lovme.pt\/index.php\/produto\/calexotics-dildo-boundless-12-cm-compativel-com-arnes\/","title":{"rendered":"CALEXOTICS &#8211; DILDO BOUNDLESS 12 CM COMPAT\u00cdVEL COM ARN\u00caS"},"content":{"rendered":"<p><strong>O Boundless<\/strong> 12 cm certamente o levar&aacute; ao mundo org&aacute;stico com uma estimula&ccedil;&atilde;o interna sensacional.<\/p>\n<p> O eixo perfeitamente angulado e estriado e a sua base com ventosa forte permitem-lhe proporcionar uma estimula&ccedil;&atilde;o precisa a cada impulso, sendo r&iacute;gido mas curvo &eacute; criado para atingir os sens&iacute;veis pontos internos de prazer<\/p>\n<p> Uma base de ventosa &eacute; perfeita para brincadeiras criativas e prazerosas com as m&atilde;os livres, basta colocar seu arn&ecirc;s favorito ou mont&aacute;-lo em uma superf&iacute;cie plana para se divertir!<\/p>\n<p> O silicone hipoalerg&ecirc;nico premium &eacute; seguro para o corpo, sem fragr&acirc;ncia e sem ftalatos para manter seus pontos mais sens&iacute;veis felizes e saud&aacute;veis.<\/p>\n<ul>\n<li> Vibrador de silicone premium com textura sensual e perfeita<\/li>\n<li> Design curvo e estriado para conforto e facilidade de uso<\/li>\n<li> Base de ventosa de baixo perfil para servi&ccedil;o pesado<\/li>\n<li> Adapta-se &agrave; maioria dos arneses<\/li>\n<li> Dimens&otilde;es do produto:<\/li>\n<li> 12cm x 2,5cm (vibrador)\n<ul>\n<li> 7,5 cm (base)<\/li>\n<\/ul>\n<\/li>\n<li> &Agrave; prova d&#039;&aacute;gua: Sim<\/li>\n<li> Seguran&ccedil;a corporal: Sim<\/li>\n<li> Material: Silicone<\/li>\n<li> Ventosa: Sim<\/li>\n<\/ul>\n","protected":false},"excerpt":{"rendered":"<p>CALEXOTICS &#8211; DILDO BOUNDLESS 12 CM COMPAT\u00cdVEL COM ARN\u00caS<\/p>\n","protected":false},"featured_media":66216,"template":"","meta":{"_acf_changed":false},"product_brand":[],"product_cat":[56],"product_tag":[],"class_list":{"0":"post-35101","1":"product","2":"type-product","3":"status-publish","4":"has-post-thumbnail","6":"product_cat-dildos-e-arneses","7":"yith_product_brand-calexotics","9":"first","10":"instock","11":"taxable","12":"shipping-taxable","13":"purchasable","14":"product-type-simple"},"acf":[],"yoast_head":"<!-- This site is optimized with the Yoast SEO plugin v27.3 - https:\/\/yoast.com\/product\/yoast-seo-wordpress\/ -->\n<title>CALEXOTICS - DILDO BOUNDLESS 12 CM COMPAT\u00cdVEL COM ARN\u00caS - Lovme<\/title>\n<meta name=\"robots\" content=\"index, follow, max-snippet:-1, max-image-preview:large, max-video-preview:-1\" \/>\n<link rel=\"canonical\" href=\"https:\/\/lovme.pt\/index.php\/produto\/calexotics-dildo-boundless-12-cm-compativel-com-arnes\/\" \/>\n<meta property=\"og:locale\" content=\"pt_PT\" \/>\n<meta property=\"og:type\" content=\"article\" \/>\n<meta property=\"og:title\" content=\"CALEXOTICS - DILDO BOUNDLESS 12 CM COMPAT\u00cdVEL COM ARN\u00caS - Lovme\" \/>\n<meta property=\"og:description\" content=\"CALEXOTICS - DILDO BOUNDLESS 12 CM COMPAT\u00cdVEL COM ARN\u00caS\" \/>\n<meta property=\"og:url\" content=\"https:\/\/lovme.pt\/index.php\/produto\/calexotics-dildo-boundless-12-cm-compativel-com-arnes\/\" \/>\n<meta property=\"og:site_name\" content=\"Lovme\" \/>\n<meta property=\"article:modified_time\" content=\"2026-02-25T07:18:59+00:00\" \/>\n<meta property=\"og:image\" content=\"https:\/\/erki24nd3ub.exactdn.com\/wp-content\/uploads\/dream\/img\/img_105037_0e91fd01084082295a39e5aaaa2b7c2b_1.jpg?strip=all\" \/>\n\t<meta property=\"og:image:width\" content=\"800\" \/>\n\t<meta property=\"og:image:height\" content=\"800\" \/>\n\t<meta property=\"og:image:type\" content=\"image\/jpeg\" \/>\n<meta name=\"twitter:card\" content=\"summary_large_image\" \/>\n<meta name=\"twitter:label1\" content=\"Tempo estimado de leitura\" \/>\n\t<meta name=\"twitter:data1\" content=\"1 minuto\" \/>\n<script type=\"application\/ld+json\" class=\"yoast-schema-graph\">{\"@context\":\"https:\\\/\\\/schema.org\",\"@graph\":[{\"@type\":\"WebPage\",\"@id\":\"https:\\\/\\\/lovme.pt\\\/index.php\\\/produto\\\/calexotics-dildo-boundless-12-cm-compativel-com-arnes\\\/\",\"url\":\"https:\\\/\\\/lovme.pt\\\/index.php\\\/produto\\\/calexotics-dildo-boundless-12-cm-compativel-com-arnes\\\/\",\"name\":\"CALEXOTICS - DILDO BOUNDLESS 12 CM COMPAT\u00cdVEL COM ARN\u00caS - Lovme\",\"isPartOf\":{\"@id\":\"https:\\\/\\\/lovme.pt\\\/#website\"},\"primaryImageOfPage\":{\"@id\":\"https:\\\/\\\/lovme.pt\\\/index.php\\\/produto\\\/calexotics-dildo-boundless-12-cm-compativel-com-arnes\\\/#primaryimage\"},\"image\":{\"@id\":\"https:\\\/\\\/lovme.pt\\\/index.php\\\/produto\\\/calexotics-dildo-boundless-12-cm-compativel-com-arnes\\\/#primaryimage\"},\"thumbnailUrl\":\"https:\\\/\\\/erki24nd3ub.exactdn.com\\\/wp-content\\\/uploads\\\/dream\\\/img\\\/img_105037_0e91fd01084082295a39e5aaaa2b7c2b_1.jpg?strip=all\",\"datePublished\":\"2025-09-30T20:13:04+00:00\",\"dateModified\":\"2026-02-25T07:18:59+00:00\",\"breadcrumb\":{\"@id\":\"https:\\\/\\\/lovme.pt\\\/index.php\\\/produto\\\/calexotics-dildo-boundless-12-cm-compativel-com-arnes\\\/#breadcrumb\"},\"inLanguage\":\"pt-PT\",\"potentialAction\":[{\"@type\":\"ReadAction\",\"target\":[\"https:\\\/\\\/lovme.pt\\\/index.php\\\/produto\\\/calexotics-dildo-boundless-12-cm-compativel-com-arnes\\\/\"]}]},{\"@type\":\"ImageObject\",\"inLanguage\":\"pt-PT\",\"@id\":\"https:\\\/\\\/lovme.pt\\\/index.php\\\/produto\\\/calexotics-dildo-boundless-12-cm-compativel-com-arnes\\\/#primaryimage\",\"url\":\"https:\\\/\\\/erki24nd3ub.exactdn.com\\\/wp-content\\\/uploads\\\/dream\\\/img\\\/img_105037_0e91fd01084082295a39e5aaaa2b7c2b_1.jpg?strip=all\",\"contentUrl\":\"https:\\\/\\\/erki24nd3ub.exactdn.com\\\/wp-content\\\/uploads\\\/dream\\\/img\\\/img_105037_0e91fd01084082295a39e5aaaa2b7c2b_1.jpg?strip=all\",\"width\":800,\"height\":800},{\"@type\":\"BreadcrumbList\",\"@id\":\"https:\\\/\\\/lovme.pt\\\/index.php\\\/produto\\\/calexotics-dildo-boundless-12-cm-compativel-com-arnes\\\/#breadcrumb\",\"itemListElement\":[{\"@type\":\"ListItem\",\"position\":1,\"name\":\"In\u00edcio\",\"item\":\"https:\\\/\\\/lovme.pt\\\/\"},{\"@type\":\"ListItem\",\"position\":2,\"name\":\"Loja\",\"item\":\"https:\\\/\\\/lovme.pt\\\/index.php\\\/loja\\\/\"},{\"@type\":\"ListItem\",\"position\":3,\"name\":\"CALEXOTICS &#8211; DILDO BOUNDLESS 12 CM COMPAT\u00cdVEL COM ARN\u00caS\"}]},{\"@type\":\"WebSite\",\"@id\":\"https:\\\/\\\/lovme.pt\\\/#website\",\"url\":\"https:\\\/\\\/lovme.pt\\\/\",\"name\":\"Lovme Loja Er\u00f3tica N\u00ba1 em Portugal\",\"description\":\"A melhor loja er\u00f3tica de Portugal.\",\"alternateName\":\"Loja Er\u00f3tica Lovme\",\"potentialAction\":[{\"@type\":\"SearchAction\",\"target\":{\"@type\":\"EntryPoint\",\"urlTemplate\":\"https:\\\/\\\/lovme.pt\\\/?s={search_term_string}\"},\"query-input\":{\"@type\":\"PropertyValueSpecification\",\"valueRequired\":true,\"valueName\":\"search_term_string\"}}],\"inLanguage\":\"pt-PT\"}]}<\/script>\n<!-- \/ Yoast SEO plugin. -->","yoast_head_json":{"title":"CALEXOTICS - DILDO BOUNDLESS 12 CM COMPAT\u00cdVEL COM ARN\u00caS - Lovme","robots":{"index":"index","follow":"follow","max-snippet":"max-snippet:-1","max-image-preview":"max-image-preview:large","max-video-preview":"max-video-preview:-1"},"canonical":"https:\/\/lovme.pt\/index.php\/produto\/calexotics-dildo-boundless-12-cm-compativel-com-arnes\/","og_locale":"pt_PT","og_type":"article","og_title":"CALEXOTICS - DILDO BOUNDLESS 12 CM COMPAT\u00cdVEL COM ARN\u00caS - Lovme","og_description":"CALEXOTICS - DILDO BOUNDLESS 12 CM COMPAT\u00cdVEL COM ARN\u00caS","og_url":"https:\/\/lovme.pt\/index.php\/produto\/calexotics-dildo-boundless-12-cm-compativel-com-arnes\/","og_site_name":"Lovme","article_modified_time":"2026-02-25T07:18:59+00:00","og_image":[{"width":800,"height":800,"url":"https:\/\/erki24nd3ub.exactdn.com\/wp-content\/uploads\/dream\/img\/img_105037_0e91fd01084082295a39e5aaaa2b7c2b_1.jpg?strip=all","type":"image\/jpeg"}],"twitter_card":"summary_large_image","twitter_misc":{"Tempo estimado de leitura":"1 minuto"},"schema":{"@context":"https:\/\/schema.org","@graph":[{"@type":"WebPage","@id":"https:\/\/lovme.pt\/index.php\/produto\/calexotics-dildo-boundless-12-cm-compativel-com-arnes\/","url":"https:\/\/lovme.pt\/index.php\/produto\/calexotics-dildo-boundless-12-cm-compativel-com-arnes\/","name":"CALEXOTICS - DILDO BOUNDLESS 12 CM COMPAT\u00cdVEL COM ARN\u00caS - Lovme","isPartOf":{"@id":"https:\/\/lovme.pt\/#website"},"primaryImageOfPage":{"@id":"https:\/\/lovme.pt\/index.php\/produto\/calexotics-dildo-boundless-12-cm-compativel-com-arnes\/#primaryimage"},"image":{"@id":"https:\/\/lovme.pt\/index.php\/produto\/calexotics-dildo-boundless-12-cm-compativel-com-arnes\/#primaryimage"},"thumbnailUrl":"https:\/\/erki24nd3ub.exactdn.com\/wp-content\/uploads\/dream\/img\/img_105037_0e91fd01084082295a39e5aaaa2b7c2b_1.jpg?strip=all","datePublished":"2025-09-30T20:13:04+00:00","dateModified":"2026-02-25T07:18:59+00:00","breadcrumb":{"@id":"https:\/\/lovme.pt\/index.php\/produto\/calexotics-dildo-boundless-12-cm-compativel-com-arnes\/#breadcrumb"},"inLanguage":"pt-PT","potentialAction":[{"@type":"ReadAction","target":["https:\/\/lovme.pt\/index.php\/produto\/calexotics-dildo-boundless-12-cm-compativel-com-arnes\/"]}]},{"@type":"ImageObject","inLanguage":"pt-PT","@id":"https:\/\/lovme.pt\/index.php\/produto\/calexotics-dildo-boundless-12-cm-compativel-com-arnes\/#primaryimage","url":"https:\/\/erki24nd3ub.exactdn.com\/wp-content\/uploads\/dream\/img\/img_105037_0e91fd01084082295a39e5aaaa2b7c2b_1.jpg?strip=all","contentUrl":"https:\/\/erki24nd3ub.exactdn.com\/wp-content\/uploads\/dream\/img\/img_105037_0e91fd01084082295a39e5aaaa2b7c2b_1.jpg?strip=all","width":800,"height":800},{"@type":"BreadcrumbList","@id":"https:\/\/lovme.pt\/index.php\/produto\/calexotics-dildo-boundless-12-cm-compativel-com-arnes\/#breadcrumb","itemListElement":[{"@type":"ListItem","position":1,"name":"In\u00edcio","item":"https:\/\/lovme.pt\/"},{"@type":"ListItem","position":2,"name":"Loja","item":"https:\/\/lovme.pt\/index.php\/loja\/"},{"@type":"ListItem","position":3,"name":"CALEXOTICS &#8211; DILDO BOUNDLESS 12 CM COMPAT\u00cdVEL COM ARN\u00caS"}]},{"@type":"WebSite","@id":"https:\/\/lovme.pt\/#website","url":"https:\/\/lovme.pt\/","name":"Lovme Loja Er\u00f3tica N\u00ba1 em Portugal","description":"A melhor loja er\u00f3tica de Portugal.","alternateName":"Loja Er\u00f3tica Lovme","potentialAction":[{"@type":"SearchAction","target":{"@type":"EntryPoint","urlTemplate":"https:\/\/lovme.pt\/?s={search_term_string}"},"query-input":{"@type":"PropertyValueSpecification","valueRequired":true,"valueName":"search_term_string"}}],"inLanguage":"pt-PT"}]}},"_links":{"self":[{"href":"https:\/\/lovme.pt\/index.php\/wp-json\/wp\/v2\/product\/35101","targetHints":{"allow":["GET"]}}],"collection":[{"href":"https:\/\/lovme.pt\/index.php\/wp-json\/wp\/v2\/product"}],"about":[{"href":"https:\/\/lovme.pt\/index.php\/wp-json\/wp\/v2\/types\/product"}],"wp:featuredmedia":[{"embeddable":true,"href":"https:\/\/lovme.pt\/index.php\/wp-json\/wp\/v2\/media\/66216"}],"wp:attachment":[{"href":"https:\/\/lovme.pt\/index.php\/wp-json\/wp\/v2\/media?parent=35101"}],"wp:term":[{"taxonomy":"product_brand","embeddable":true,"href":"https:\/\/lovme.pt\/index.php\/wp-json\/wp\/v2\/product_brand?post=35101"},{"taxonomy":"product_cat","embeddable":true,"href":"https:\/\/lovme.pt\/index.php\/wp-json\/wp\/v2\/product_cat?post=35101"},{"taxonomy":"product_tag","embeddable":true,"href":"https:\/\/lovme.pt\/index.php\/wp-json\/wp\/v2\/product_tag?post=35101"}],"curies":[{"name":"wp","href":"https:\/\/api.w.org\/{rel}","templated":true}]}}