{"id":34258,"date":"2025-10-01T00:02:35","date_gmt":"2025-10-01T00:02:35","guid":{"rendered":"https:\/\/lovme.pt\/?post_type=product&#038;p=34258"},"modified":"2026-02-25T07:15:02","modified_gmt":"2026-02-25T07:15:02","slug":"anbiguo-vibrador-de-plug-anal-com-controle-remoto-watchme-com-rotacao-de-perolas-amadeus","status":"publish","type":"product","link":"https:\/\/lovme.pt\/index.php\/produto\/anbiguo-vibrador-de-plug-anal-com-controle-remoto-watchme-com-rotacao-de-perolas-amadeus\/","title":{"rendered":"ANBIGUO &#8211; VIBRADOR DE PLUG ANAL COM CONTROLE REMOTO WATCHME COM ROTA\u00c7\u00c3O DE P\u00c9ROLAS AMADEUS"},"content":{"rendered":"<p>A morbidade &eacute; uma realidade humana, ou seja, um dos impulsos b&aacute;sicos do ser humano. Tem a ver com a parte instintiva e faz parte de todas as necessidades, como: comer, ter rela&ccedil;&otilde;es sexuais, socializar, dormir, entre outras.<\/p>\n<p>Alguns estudos realizados na Wake Forest University mostraram que o interesse m&oacute;rbido sempre esteve presente em nosso c&eacute;rebro. &Eacute; por isso que a morbidade &eacute; algo que pode ser definido como uma necessidade das pessoas, algo que elas precisam ter ou fazer.<\/p>\n<p>Esse sentimento &eacute; uma esp&eacute;cie de for&ccedil;a que leva as pessoas a entrar em contato com ele e a sentir prazer ao faz&ecirc;-lo. O prazer de fazer algo proibido ou quebrar as regras.<\/p>\n<p>A morbidade possui diferentes formas de se expressar, entre elas est&aacute; a pornografia; Ver este tipo de conte&uacute;do satisfaz a curiosidade das pessoas, mas tamb&eacute;m lhes permite dar um passo al&eacute;m das rela&ccedil;&otilde;es sexuais comuns. &Eacute; por isso que nasce <strong>ANBIGUO<\/strong> , a primeira marca pensada para a morbidade sexual sem limites!<\/p>\n<p>Onde come&ccedil;a o proibido &eacute; a morbidez e a ambiguidade. Sem r&oacute;tulos, sem limita&ccedil;&otilde;es e com muita paix&atilde;o desenvolvemos esta marca.<\/p>\n<p><strong>AMADEUS<\/strong> &eacute; o plug perfeito para estimula&ccedil;&atilde;o anal e vaginal de vibra&ccedil;&atilde;o baixa a intensa. Discreto, poderoso e incrivelmente suave. Contornado exclusivamente para a regi&atilde;o anal ou vaginal e para que voc&ecirc; jogue todos os seus pontos de prazer. Sua camada extra de silicone aveludado &eacute; um complemento para o sexo anal.<\/p>\n<p><strong>AMADEUS &eacute; duplamente estimulante, incorpora esferas rotativas no seu eixo principal que acrescentam mais excita&ccedil;&atilde;o e prazer.<\/strong><\/p>\n<p>Este vibrador &eacute; feito de silicone m&eacute;dico flex&iacute;vel e pode ser colocado confort&aacute;vel e suavemente na pele. A particularidade deste produto de bem-estar sexual &eacute; o controle remoto sem fio, com o qual voc&ecirc; pode controlar facilmente o prazer do rel&oacute;gio sem ter que quebrar o estado de excita&ccedil;&atilde;o. Voc&ecirc; pode selecionar entre 7 programas de vibra&ccedil;&atilde;o emocionantes com diferentes graus de intensidade.<\/p>\n<p><u><strong>Caracteristicas:<\/strong><\/u><\/p>\n<ul>\n<li>Vibrador de frequ&ecirc;ncia pulsante suave<\/li>\n<li>Medidas; 15,5 x 3,1 cm<\/li>\n<li>Silicone de grau m&eacute;dico<\/li>\n<li>Recarreg&aacute;vel atrav&eacute;s do carregador magn&eacute;tico inclu&iacute;do<\/li>\n<li>7 modos de vibra&ccedil;&atilde;o<\/li>\n<li>Controle de intensidade em cada modo de vibra&ccedil;&atilde;o<\/li>\n<li>Rel&oacute;gio com controle remoto Tecnologia WATCHME<\/li>\n<li>Contornado para estimular com precis&atilde;o seus pontos de prazer<\/li>\n<li>Adequado para estimula&ccedil;&atilde;o interna e externa.<\/li>\n<li>100% &agrave; prova d&#039;&aacute;gua para f&aacute;cil limpeza e mais quente que banhos quentes Classifica&ccedil;&atilde;o IPX7<\/li>\n<li>Vibrador 100% vegano<\/li>\n<\/ul>\n<p>O que devemos levar em conta ao usar AMADEUS?<\/p>\n<p>Utilize sempre lubrificante &agrave; base de &aacute;gua em quantidade suficiente (por exemplo da marca AQUA) para tornar a experi&ecirc;ncia de prazer o mais excitante e agrad&aacute;vel poss&iacute;vel. O delicado silicone &eacute; agrad&aacute;vel &agrave; pele gra&ccedil;as &agrave; sua superf&iacute;cie macia e esponjosa. Al&eacute;m disso, AMADEUS &eacute; f&aacute;cil de limpar gra&ccedil;as aos seus materiais: basta um pouco de &aacute;gua morna e sab&atilde;o para a limpeza, e algumas borrifadas do limpador de brinquedos proporcionam uma higiene completa, para que voc&ecirc; possa come&ccedil;ar imediatamente a pr&oacute;xima aventura!<\/p>\n<p>Se voc&ecirc; pensa que n&atilde;o &eacute; necess&aacute;rio ter um rel&oacute;gio sexual inteligente porque com um controle remoto normal voc&ecirc; atinge seus objetivos, voc&ecirc; est&aacute; enganado. Neste artigo explicaremos alguns benef&iacute;cios que a tecnologia WATCHME trar&aacute; para voc&ecirc;.<\/p>\n<p><u>O que &eacute; um rel&oacute;gio WATCHME?<\/u><\/p>\n<p>&Eacute; um rel&oacute;gio sexual inteligente que o ajudar&aacute; a controlar os melhores brinquedos sexuais. Podemos sincroniz&aacute;-los com brinquedos sexuais que usam a tecnologia watchme para controlar as vibra&ccedil;&otilde;es e fun&ccedil;&otilde;es do nosso brinquedo sexual favorito.<\/p>\n<p>Fun&ccedil;&otilde;es de um rel&oacute;gio WATCHME<\/p>\n<p>Em um rel&oacute;gio WATCHME existem algumas fun&ccedil;&otilde;es excelentes que iremos detalhar:<\/p>\n<ul>\n<li>Ativar\/desativar vibra&ccedil;&atilde;o.<\/li>\n<li>Modificar modos de vibra&ccedil;&atilde;o<\/li>\n<li>Modifique as intensidades em cada modo de vibra&ccedil;&atilde;o.<\/li>\n<\/ul>\n<p>Durante anos vimos milhares de brinquedos sexuais utilizarem um controle remoto, isso sempre permitiu que voc&ecirc; brincasse de forma divertida com seu parceiro ou sozinho usando um controle remoto para dar prazer &agrave; dist&acirc;ncia. &Eacute; muito agrad&aacute;vel usar um controle remoto, por&eacute;m, com Watchme demos um passo al&eacute;m na comodidade e conforto do ato sexual.<\/p>\n<p><u>Por que usar o rel&oacute;gio WATCHME?<\/u><\/p>\n<p>Explicamos os principais motivos que far&atilde;o voc&ecirc; pensar em usar um controle remoto em forma de rel&oacute;gio.<\/p>\n<p>Quando praticamos rela&ccedil;&otilde;es sexuais, estamos focados em dar e receber prazer. Ao usar brinquedos com controle remoto &agrave;s vezes perdemos o controle entre os len&ccedil;&oacute;is. Com o Watchme isso n&atilde;o acontecer&aacute;, o rel&oacute;gio estar&aacute; sempre acess&iacute;vel e seu foco ser&aacute; apenas dar ou receber prazer.<\/p>\n<p>Quando usamos o controle remoto, queremos que ele seja o mais discreto poss&iacute;vel, que passe completamente despercebido. Nos &uacute;ltimos anos temos visto o avan&ccedil;o de rel&oacute;gios inteligentes como o Apple Watch ou muitos mais. Por&eacute;m, ao usar o watchme watch ele ir&aacute; passe despercebido porque agora &eacute; muito comum olhar o rel&oacute;gio para verificar as calorias queimadas, fotos, mensagens, etc. A &uacute;nica diferen&ccedil;a &eacute; que ao olhar para o watchme voc&ecirc; estar&aacute; controlando o prazer do seu amante ou o seu pr&oacute;prio, pronto para a a&ccedil;&atilde;o?<\/p>\n<p>Watchme &eacute; um rel&oacute;gio feito de silicone macio e confort&aacute;vel projetado para o avan&ccedil;o do controle remoto, sendo o &uacute;nico rel&oacute;gio do mercado que permite variar as intensidades em cada modo de vibra&ccedil;&atilde;o e oferece uma infinidade de modos de vibra&ccedil;&atilde;o, do suave ao forte.<\/p>\n","protected":false},"excerpt":{"rendered":"<p>ANBIGUO &#8211; VIBRADOR DE CONTROLE REMOTO WATCHME COM P\u00c9ROLAS ROTATIVAS ANAL AMADEUS<\/p>\n","protected":false},"featured_media":83959,"template":"","meta":{"_acf_changed":false},"product_brand":[],"product_cat":[48,17,61,62,63,76],"product_tag":[],"class_list":{"0":"post-34258","1":"product","2":"type-product","3":"status-publish","4":"has-post-thumbnail","6":"product_cat-bdsm","7":"product_cat-brinquedos-de-bem-estar-sexual","8":"product_cat-para-elas","9":"product_cat-plugues-e-correntes-anais","10":"product_cat-sexo-anal","11":"product_cat-vibradores","12":"yith_product_brand-anbiguo","14":"first","15":"instock","16":"taxable","17":"shipping-taxable","18":"purchasable","19":"product-type-simple"},"acf":[],"yoast_head":"<!-- This site is optimized with the Yoast SEO plugin v27.4 - https:\/\/yoast.com\/product\/yoast-seo-wordpress\/ -->\n<title>ANBIGUO - VIBRADOR DE PLUG ANAL COM CONTROLE REMOTO WATCHME COM ROTA\u00c7\u00c3O DE P\u00c9ROLAS AMADEUS - Lovme<\/title>\n<meta name=\"robots\" content=\"index, follow, max-snippet:-1, max-image-preview:large, max-video-preview:-1\" \/>\n<link rel=\"canonical\" href=\"https:\/\/lovme.pt\/index.php\/produto\/anbiguo-vibrador-de-plug-anal-com-controle-remoto-watchme-com-rotacao-de-perolas-amadeus\/\" \/>\n<meta property=\"og:locale\" content=\"pt_PT\" \/>\n<meta property=\"og:type\" content=\"article\" \/>\n<meta property=\"og:title\" content=\"ANBIGUO - VIBRADOR DE PLUG ANAL COM CONTROLE REMOTO WATCHME COM ROTA\u00c7\u00c3O DE P\u00c9ROLAS AMADEUS - Lovme\" \/>\n<meta property=\"og:description\" content=\"ANBIGUO - VIBRADOR DE CONTROLE REMOTO WATCHME COM P\u00c9ROLAS ROTATIVAS ANAL AMADEUS\" \/>\n<meta property=\"og:url\" content=\"https:\/\/lovme.pt\/index.php\/produto\/anbiguo-vibrador-de-plug-anal-com-controle-remoto-watchme-com-rotacao-de-perolas-amadeus\/\" \/>\n<meta property=\"og:site_name\" content=\"Lovme\" \/>\n<meta property=\"article:modified_time\" content=\"2026-02-25T07:15:02+00:00\" \/>\n<meta property=\"og:image\" content=\"https:\/\/erki24nd3ub.exactdn.com\/wp-content\/uploads\/dream\/img\/img_103616_1c0cecb18e1fc1474a1af0fef7114e4e_1.png?strip=all\" \/>\n\t<meta property=\"og:image:width\" content=\"800\" \/>\n\t<meta property=\"og:image:height\" content=\"800\" \/>\n\t<meta property=\"og:image:type\" content=\"image\/png\" \/>\n<meta name=\"twitter:card\" content=\"summary_large_image\" \/>\n<meta name=\"twitter:label1\" content=\"Tempo estimado de leitura\" \/>\n\t<meta name=\"twitter:data1\" content=\"5 minutos\" \/>\n<script type=\"application\/ld+json\" class=\"yoast-schema-graph\">{\"@context\":\"https:\\\/\\\/schema.org\",\"@graph\":[{\"@type\":\"WebPage\",\"@id\":\"https:\\\/\\\/lovme.pt\\\/index.php\\\/produto\\\/anbiguo-vibrador-de-plug-anal-com-controle-remoto-watchme-com-rotacao-de-perolas-amadeus\\\/\",\"url\":\"https:\\\/\\\/lovme.pt\\\/index.php\\\/produto\\\/anbiguo-vibrador-de-plug-anal-com-controle-remoto-watchme-com-rotacao-de-perolas-amadeus\\\/\",\"name\":\"ANBIGUO - VIBRADOR DE PLUG ANAL COM CONTROLE REMOTO WATCHME COM ROTA\u00c7\u00c3O DE P\u00c9ROLAS AMADEUS - Lovme\",\"isPartOf\":{\"@id\":\"https:\\\/\\\/lovme.pt\\\/#website\"},\"primaryImageOfPage\":{\"@id\":\"https:\\\/\\\/lovme.pt\\\/index.php\\\/produto\\\/anbiguo-vibrador-de-plug-anal-com-controle-remoto-watchme-com-rotacao-de-perolas-amadeus\\\/#primaryimage\"},\"image\":{\"@id\":\"https:\\\/\\\/lovme.pt\\\/index.php\\\/produto\\\/anbiguo-vibrador-de-plug-anal-com-controle-remoto-watchme-com-rotacao-de-perolas-amadeus\\\/#primaryimage\"},\"thumbnailUrl\":\"https:\\\/\\\/erki24nd3ub.exactdn.com\\\/wp-content\\\/uploads\\\/dream\\\/img\\\/img_103616_1c0cecb18e1fc1474a1af0fef7114e4e_1.png?strip=all\",\"datePublished\":\"2025-10-01T00:02:35+00:00\",\"dateModified\":\"2026-02-25T07:15:02+00:00\",\"breadcrumb\":{\"@id\":\"https:\\\/\\\/lovme.pt\\\/index.php\\\/produto\\\/anbiguo-vibrador-de-plug-anal-com-controle-remoto-watchme-com-rotacao-de-perolas-amadeus\\\/#breadcrumb\"},\"inLanguage\":\"pt-PT\",\"potentialAction\":[{\"@type\":\"ReadAction\",\"target\":[\"https:\\\/\\\/lovme.pt\\\/index.php\\\/produto\\\/anbiguo-vibrador-de-plug-anal-com-controle-remoto-watchme-com-rotacao-de-perolas-amadeus\\\/\"]}]},{\"@type\":\"ImageObject\",\"inLanguage\":\"pt-PT\",\"@id\":\"https:\\\/\\\/lovme.pt\\\/index.php\\\/produto\\\/anbiguo-vibrador-de-plug-anal-com-controle-remoto-watchme-com-rotacao-de-perolas-amadeus\\\/#primaryimage\",\"url\":\"https:\\\/\\\/erki24nd3ub.exactdn.com\\\/wp-content\\\/uploads\\\/dream\\\/img\\\/img_103616_1c0cecb18e1fc1474a1af0fef7114e4e_1.png?strip=all\",\"contentUrl\":\"https:\\\/\\\/erki24nd3ub.exactdn.com\\\/wp-content\\\/uploads\\\/dream\\\/img\\\/img_103616_1c0cecb18e1fc1474a1af0fef7114e4e_1.png?strip=all\",\"width\":800,\"height\":800},{\"@type\":\"BreadcrumbList\",\"@id\":\"https:\\\/\\\/lovme.pt\\\/index.php\\\/produto\\\/anbiguo-vibrador-de-plug-anal-com-controle-remoto-watchme-com-rotacao-de-perolas-amadeus\\\/#breadcrumb\",\"itemListElement\":[{\"@type\":\"ListItem\",\"position\":1,\"name\":\"In\u00edcio\",\"item\":\"https:\\\/\\\/lovme.pt\\\/\"},{\"@type\":\"ListItem\",\"position\":2,\"name\":\"Loja\",\"item\":\"https:\\\/\\\/lovme.pt\\\/index.php\\\/loja\\\/\"},{\"@type\":\"ListItem\",\"position\":3,\"name\":\"ANBIGUO &#8211; VIBRADOR DE PLUG ANAL COM CONTROLE REMOTO WATCHME COM ROTA\u00c7\u00c3O DE P\u00c9ROLAS AMADEUS\"}]},{\"@type\":\"WebSite\",\"@id\":\"https:\\\/\\\/lovme.pt\\\/#website\",\"url\":\"https:\\\/\\\/lovme.pt\\\/\",\"name\":\"Lovme Loja Er\u00f3tica N\u00ba1 em Portugal\",\"description\":\"A melhor loja er\u00f3tica de Portugal.\",\"alternateName\":\"Loja Er\u00f3tica Lovme\",\"potentialAction\":[{\"@type\":\"SearchAction\",\"target\":{\"@type\":\"EntryPoint\",\"urlTemplate\":\"https:\\\/\\\/lovme.pt\\\/?s={search_term_string}\"},\"query-input\":{\"@type\":\"PropertyValueSpecification\",\"valueRequired\":true,\"valueName\":\"search_term_string\"}}],\"inLanguage\":\"pt-PT\"}]}<\/script>\n<!-- \/ Yoast SEO plugin. -->","yoast_head_json":{"title":"ANBIGUO - VIBRADOR DE PLUG ANAL COM CONTROLE REMOTO WATCHME COM ROTA\u00c7\u00c3O DE P\u00c9ROLAS AMADEUS - Lovme","robots":{"index":"index","follow":"follow","max-snippet":"max-snippet:-1","max-image-preview":"max-image-preview:large","max-video-preview":"max-video-preview:-1"},"canonical":"https:\/\/lovme.pt\/index.php\/produto\/anbiguo-vibrador-de-plug-anal-com-controle-remoto-watchme-com-rotacao-de-perolas-amadeus\/","og_locale":"pt_PT","og_type":"article","og_title":"ANBIGUO - VIBRADOR DE PLUG ANAL COM CONTROLE REMOTO WATCHME COM ROTA\u00c7\u00c3O DE P\u00c9ROLAS AMADEUS - Lovme","og_description":"ANBIGUO - VIBRADOR DE CONTROLE REMOTO WATCHME COM P\u00c9ROLAS ROTATIVAS ANAL AMADEUS","og_url":"https:\/\/lovme.pt\/index.php\/produto\/anbiguo-vibrador-de-plug-anal-com-controle-remoto-watchme-com-rotacao-de-perolas-amadeus\/","og_site_name":"Lovme","article_modified_time":"2026-02-25T07:15:02+00:00","og_image":[{"width":800,"height":800,"url":"https:\/\/erki24nd3ub.exactdn.com\/wp-content\/uploads\/dream\/img\/img_103616_1c0cecb18e1fc1474a1af0fef7114e4e_1.png?strip=all","type":"image\/png"}],"twitter_card":"summary_large_image","twitter_misc":{"Tempo estimado de leitura":"5 minutos"},"schema":{"@context":"https:\/\/schema.org","@graph":[{"@type":"WebPage","@id":"https:\/\/lovme.pt\/index.php\/produto\/anbiguo-vibrador-de-plug-anal-com-controle-remoto-watchme-com-rotacao-de-perolas-amadeus\/","url":"https:\/\/lovme.pt\/index.php\/produto\/anbiguo-vibrador-de-plug-anal-com-controle-remoto-watchme-com-rotacao-de-perolas-amadeus\/","name":"ANBIGUO - VIBRADOR DE PLUG ANAL COM CONTROLE REMOTO WATCHME COM ROTA\u00c7\u00c3O DE P\u00c9ROLAS AMADEUS - Lovme","isPartOf":{"@id":"https:\/\/lovme.pt\/#website"},"primaryImageOfPage":{"@id":"https:\/\/lovme.pt\/index.php\/produto\/anbiguo-vibrador-de-plug-anal-com-controle-remoto-watchme-com-rotacao-de-perolas-amadeus\/#primaryimage"},"image":{"@id":"https:\/\/lovme.pt\/index.php\/produto\/anbiguo-vibrador-de-plug-anal-com-controle-remoto-watchme-com-rotacao-de-perolas-amadeus\/#primaryimage"},"thumbnailUrl":"https:\/\/erki24nd3ub.exactdn.com\/wp-content\/uploads\/dream\/img\/img_103616_1c0cecb18e1fc1474a1af0fef7114e4e_1.png?strip=all","datePublished":"2025-10-01T00:02:35+00:00","dateModified":"2026-02-25T07:15:02+00:00","breadcrumb":{"@id":"https:\/\/lovme.pt\/index.php\/produto\/anbiguo-vibrador-de-plug-anal-com-controle-remoto-watchme-com-rotacao-de-perolas-amadeus\/#breadcrumb"},"inLanguage":"pt-PT","potentialAction":[{"@type":"ReadAction","target":["https:\/\/lovme.pt\/index.php\/produto\/anbiguo-vibrador-de-plug-anal-com-controle-remoto-watchme-com-rotacao-de-perolas-amadeus\/"]}]},{"@type":"ImageObject","inLanguage":"pt-PT","@id":"https:\/\/lovme.pt\/index.php\/produto\/anbiguo-vibrador-de-plug-anal-com-controle-remoto-watchme-com-rotacao-de-perolas-amadeus\/#primaryimage","url":"https:\/\/erki24nd3ub.exactdn.com\/wp-content\/uploads\/dream\/img\/img_103616_1c0cecb18e1fc1474a1af0fef7114e4e_1.png?strip=all","contentUrl":"https:\/\/erki24nd3ub.exactdn.com\/wp-content\/uploads\/dream\/img\/img_103616_1c0cecb18e1fc1474a1af0fef7114e4e_1.png?strip=all","width":800,"height":800},{"@type":"BreadcrumbList","@id":"https:\/\/lovme.pt\/index.php\/produto\/anbiguo-vibrador-de-plug-anal-com-controle-remoto-watchme-com-rotacao-de-perolas-amadeus\/#breadcrumb","itemListElement":[{"@type":"ListItem","position":1,"name":"In\u00edcio","item":"https:\/\/lovme.pt\/"},{"@type":"ListItem","position":2,"name":"Loja","item":"https:\/\/lovme.pt\/index.php\/loja\/"},{"@type":"ListItem","position":3,"name":"ANBIGUO &#8211; VIBRADOR DE PLUG ANAL COM CONTROLE REMOTO WATCHME COM ROTA\u00c7\u00c3O DE P\u00c9ROLAS AMADEUS"}]},{"@type":"WebSite","@id":"https:\/\/lovme.pt\/#website","url":"https:\/\/lovme.pt\/","name":"Lovme Loja Er\u00f3tica N\u00ba1 em Portugal","description":"A melhor loja er\u00f3tica de Portugal.","alternateName":"Loja Er\u00f3tica Lovme","potentialAction":[{"@type":"SearchAction","target":{"@type":"EntryPoint","urlTemplate":"https:\/\/lovme.pt\/?s={search_term_string}"},"query-input":{"@type":"PropertyValueSpecification","valueRequired":true,"valueName":"search_term_string"}}],"inLanguage":"pt-PT"}]}},"_links":{"self":[{"href":"https:\/\/lovme.pt\/index.php\/wp-json\/wp\/v2\/product\/34258","targetHints":{"allow":["GET"]}}],"collection":[{"href":"https:\/\/lovme.pt\/index.php\/wp-json\/wp\/v2\/product"}],"about":[{"href":"https:\/\/lovme.pt\/index.php\/wp-json\/wp\/v2\/types\/product"}],"wp:featuredmedia":[{"embeddable":true,"href":"https:\/\/lovme.pt\/index.php\/wp-json\/wp\/v2\/media\/83959"}],"wp:attachment":[{"href":"https:\/\/lovme.pt\/index.php\/wp-json\/wp\/v2\/media?parent=34258"}],"wp:term":[{"taxonomy":"product_brand","embeddable":true,"href":"https:\/\/lovme.pt\/index.php\/wp-json\/wp\/v2\/product_brand?post=34258"},{"taxonomy":"product_cat","embeddable":true,"href":"https:\/\/lovme.pt\/index.php\/wp-json\/wp\/v2\/product_cat?post=34258"},{"taxonomy":"product_tag","embeddable":true,"href":"https:\/\/lovme.pt\/index.php\/wp-json\/wp\/v2\/product_tag?post=34258"}],"curies":[{"name":"wp","href":"https:\/\/api.w.org\/{rel}","templated":true}]}}