{"id":33658,"date":"2025-10-01T00:14:38","date_gmt":"2025-10-01T00:14:38","guid":{"rendered":"https:\/\/lovme.pt\/?post_type=product&#038;p=33658"},"modified":"2026-02-19T20:23:21","modified_gmt":"2026-02-19T20:23:21","slug":"bye-bra-pads-oleo-mineral-copo-a-b","status":"publish","type":"product","link":"https:\/\/lovme.pt\/index.php\/produto\/bye-bra-pads-oleo-mineral-copo-a-b\/","title":{"rendered":"BYE-BRA &#8211; ALMOHADILLAS ACEITE MINERAL COPA C\/D"},"content":{"rendered":"<p>As almofadas de \u00f3leo mineral Bye Bra foram projetadas para proporcionar um efeito push-up de apar\u00eancia natural e caber na maioria dos suti\u00e3s. Devido ao calor do corpo, as almofadas de \u00f3leo se moldar\u00e3o ao seu formato natural e criar\u00e3o o mergulho perfeito<\/p>\n<p>Instru\u00e7\u00f5es<\/p>\n<p>Aplique os an\u00fancios push-up de \u00f3leo mineral bye bra sob os seios ou coloque-os nos bolsos do suti\u00e3. Ajuste as almofadas de flex\u00e3o de \u00f3leo mineral at\u00e9 que estejam colocadas uniformemente e criem o efeito desejado<\/p>\n<ul>\n<li>Reutiliz\u00e1vel<\/li>\n<li>Mergulho natural<\/li>\n<li>Bordas suaves<\/li>\n<li>Confort\u00e1vel<\/li>\n<\/ul>\n","protected":false},"excerpt":{"rendered":"<p>BYE-BRA &#8211; PADS \u00d3LEO MINERAL COPO A\/B<\/p>\n","protected":false},"featured_media":85820,"template":"","meta":{"_acf_changed":false},"product_brand":[],"product_cat":[47,66],"product_tag":[],"class_list":{"0":"post-33658","1":"product","2":"type-product","3":"status-publish","4":"has-post-thumbnail","6":"product_cat-lingerie","7":"product_cat-lingerie-feminina","8":"yith_product_brand-bye-bra","9":"yith_product_brand-bye-brabye-bra-bras","11":"first","12":"instock","13":"taxable","14":"shipping-taxable","15":"purchasable","16":"product-type-variable","17":"has-default-attributes"},"acf":[],"yoast_head":"<!-- This site is optimized with the Yoast SEO plugin v27.4 - https:\/\/yoast.com\/product\/yoast-seo-wordpress\/ -->\n<title>BYE-BRA - ALMOHADILLAS ACEITE MINERAL COPA C\/D - Lovme<\/title>\n<meta name=\"robots\" content=\"index, follow, max-snippet:-1, max-image-preview:large, max-video-preview:-1\" \/>\n<link rel=\"canonical\" href=\"https:\/\/lovme.pt\/index.php\/produto\/bye-bra-pads-oleo-mineral-copo-a-b\/\" \/>\n<meta property=\"og:locale\" content=\"pt_PT\" \/>\n<meta property=\"og:type\" content=\"article\" \/>\n<meta property=\"og:title\" content=\"BYE-BRA - ALMOHADILLAS ACEITE MINERAL COPA C\/D - Lovme\" \/>\n<meta property=\"og:description\" content=\"BYE-BRA - PADS \u00d3LEO MINERAL COPO A\/B\" \/>\n<meta property=\"og:url\" content=\"https:\/\/lovme.pt\/index.php\/produto\/bye-bra-pads-oleo-mineral-copo-a-b\/\" \/>\n<meta property=\"og:site_name\" content=\"Lovme\" \/>\n<meta property=\"article:modified_time\" content=\"2026-02-19T20:23:21+00:00\" \/>\n<meta property=\"og:image\" content=\"https:\/\/erki24nd3ub.exactdn.com\/wp-content\/uploads\/dream\/img\/img_101062_143043f87d85b1e0add7090ba55f4dc6_1.png?strip=all\" \/>\n\t<meta property=\"og:image:width\" content=\"800\" \/>\n\t<meta property=\"og:image:height\" content=\"800\" \/>\n\t<meta property=\"og:image:type\" content=\"image\/png\" \/>\n<meta name=\"twitter:card\" content=\"summary_large_image\" \/>\n<script type=\"application\/ld+json\" class=\"yoast-schema-graph\">{\"@context\":\"https:\\\/\\\/schema.org\",\"@graph\":[{\"@type\":\"WebPage\",\"@id\":\"https:\\\/\\\/lovme.pt\\\/index.php\\\/produto\\\/bye-bra-pads-oleo-mineral-copo-a-b\\\/\",\"url\":\"https:\\\/\\\/lovme.pt\\\/index.php\\\/produto\\\/bye-bra-pads-oleo-mineral-copo-a-b\\\/\",\"name\":\"BYE-BRA - ALMOHADILLAS ACEITE MINERAL COPA C\\\/D - Lovme\",\"isPartOf\":{\"@id\":\"https:\\\/\\\/lovme.pt\\\/#website\"},\"primaryImageOfPage\":{\"@id\":\"https:\\\/\\\/lovme.pt\\\/index.php\\\/produto\\\/bye-bra-pads-oleo-mineral-copo-a-b\\\/#primaryimage\"},\"image\":{\"@id\":\"https:\\\/\\\/lovme.pt\\\/index.php\\\/produto\\\/bye-bra-pads-oleo-mineral-copo-a-b\\\/#primaryimage\"},\"thumbnailUrl\":\"https:\\\/\\\/erki24nd3ub.exactdn.com\\\/wp-content\\\/uploads\\\/dream\\\/img\\\/img_101062_143043f87d85b1e0add7090ba55f4dc6_1.png?strip=all\",\"datePublished\":\"2025-10-01T00:14:38+00:00\",\"dateModified\":\"2026-02-19T20:23:21+00:00\",\"breadcrumb\":{\"@id\":\"https:\\\/\\\/lovme.pt\\\/index.php\\\/produto\\\/bye-bra-pads-oleo-mineral-copo-a-b\\\/#breadcrumb\"},\"inLanguage\":\"pt-PT\",\"potentialAction\":[{\"@type\":\"ReadAction\",\"target\":[\"https:\\\/\\\/lovme.pt\\\/index.php\\\/produto\\\/bye-bra-pads-oleo-mineral-copo-a-b\\\/\"]}]},{\"@type\":\"ImageObject\",\"inLanguage\":\"pt-PT\",\"@id\":\"https:\\\/\\\/lovme.pt\\\/index.php\\\/produto\\\/bye-bra-pads-oleo-mineral-copo-a-b\\\/#primaryimage\",\"url\":\"https:\\\/\\\/erki24nd3ub.exactdn.com\\\/wp-content\\\/uploads\\\/dream\\\/img\\\/img_101062_143043f87d85b1e0add7090ba55f4dc6_1.png?strip=all\",\"contentUrl\":\"https:\\\/\\\/erki24nd3ub.exactdn.com\\\/wp-content\\\/uploads\\\/dream\\\/img\\\/img_101062_143043f87d85b1e0add7090ba55f4dc6_1.png?strip=all\",\"width\":800,\"height\":800},{\"@type\":\"BreadcrumbList\",\"@id\":\"https:\\\/\\\/lovme.pt\\\/index.php\\\/produto\\\/bye-bra-pads-oleo-mineral-copo-a-b\\\/#breadcrumb\",\"itemListElement\":[{\"@type\":\"ListItem\",\"position\":1,\"name\":\"In\u00edcio\",\"item\":\"https:\\\/\\\/lovme.pt\\\/\"},{\"@type\":\"ListItem\",\"position\":2,\"name\":\"Loja\",\"item\":\"https:\\\/\\\/lovme.pt\\\/index.php\\\/loja\\\/\"},{\"@type\":\"ListItem\",\"position\":3,\"name\":\"BYE-BRA &#8211; ALMOHADILLAS ACEITE MINERAL COPA C\\\/D\"}]},{\"@type\":\"WebSite\",\"@id\":\"https:\\\/\\\/lovme.pt\\\/#website\",\"url\":\"https:\\\/\\\/lovme.pt\\\/\",\"name\":\"Lovme Loja Er\u00f3tica N\u00ba1 em Portugal\",\"description\":\"A melhor loja er\u00f3tica de Portugal.\",\"alternateName\":\"Loja Er\u00f3tica Lovme\",\"potentialAction\":[{\"@type\":\"SearchAction\",\"target\":{\"@type\":\"EntryPoint\",\"urlTemplate\":\"https:\\\/\\\/lovme.pt\\\/?s={search_term_string}\"},\"query-input\":{\"@type\":\"PropertyValueSpecification\",\"valueRequired\":true,\"valueName\":\"search_term_string\"}}],\"inLanguage\":\"pt-PT\"}]}<\/script>\n<!-- \/ Yoast SEO plugin. -->","yoast_head_json":{"title":"BYE-BRA - ALMOHADILLAS ACEITE MINERAL COPA C\/D - Lovme","robots":{"index":"index","follow":"follow","max-snippet":"max-snippet:-1","max-image-preview":"max-image-preview:large","max-video-preview":"max-video-preview:-1"},"canonical":"https:\/\/lovme.pt\/index.php\/produto\/bye-bra-pads-oleo-mineral-copo-a-b\/","og_locale":"pt_PT","og_type":"article","og_title":"BYE-BRA - ALMOHADILLAS ACEITE MINERAL COPA C\/D - Lovme","og_description":"BYE-BRA - PADS \u00d3LEO MINERAL COPO A\/B","og_url":"https:\/\/lovme.pt\/index.php\/produto\/bye-bra-pads-oleo-mineral-copo-a-b\/","og_site_name":"Lovme","article_modified_time":"2026-02-19T20:23:21+00:00","og_image":[{"width":800,"height":800,"url":"https:\/\/erki24nd3ub.exactdn.com\/wp-content\/uploads\/dream\/img\/img_101062_143043f87d85b1e0add7090ba55f4dc6_1.png?strip=all","type":"image\/png"}],"twitter_card":"summary_large_image","schema":{"@context":"https:\/\/schema.org","@graph":[{"@type":"WebPage","@id":"https:\/\/lovme.pt\/index.php\/produto\/bye-bra-pads-oleo-mineral-copo-a-b\/","url":"https:\/\/lovme.pt\/index.php\/produto\/bye-bra-pads-oleo-mineral-copo-a-b\/","name":"BYE-BRA - ALMOHADILLAS ACEITE MINERAL COPA C\/D - Lovme","isPartOf":{"@id":"https:\/\/lovme.pt\/#website"},"primaryImageOfPage":{"@id":"https:\/\/lovme.pt\/index.php\/produto\/bye-bra-pads-oleo-mineral-copo-a-b\/#primaryimage"},"image":{"@id":"https:\/\/lovme.pt\/index.php\/produto\/bye-bra-pads-oleo-mineral-copo-a-b\/#primaryimage"},"thumbnailUrl":"https:\/\/erki24nd3ub.exactdn.com\/wp-content\/uploads\/dream\/img\/img_101062_143043f87d85b1e0add7090ba55f4dc6_1.png?strip=all","datePublished":"2025-10-01T00:14:38+00:00","dateModified":"2026-02-19T20:23:21+00:00","breadcrumb":{"@id":"https:\/\/lovme.pt\/index.php\/produto\/bye-bra-pads-oleo-mineral-copo-a-b\/#breadcrumb"},"inLanguage":"pt-PT","potentialAction":[{"@type":"ReadAction","target":["https:\/\/lovme.pt\/index.php\/produto\/bye-bra-pads-oleo-mineral-copo-a-b\/"]}]},{"@type":"ImageObject","inLanguage":"pt-PT","@id":"https:\/\/lovme.pt\/index.php\/produto\/bye-bra-pads-oleo-mineral-copo-a-b\/#primaryimage","url":"https:\/\/erki24nd3ub.exactdn.com\/wp-content\/uploads\/dream\/img\/img_101062_143043f87d85b1e0add7090ba55f4dc6_1.png?strip=all","contentUrl":"https:\/\/erki24nd3ub.exactdn.com\/wp-content\/uploads\/dream\/img\/img_101062_143043f87d85b1e0add7090ba55f4dc6_1.png?strip=all","width":800,"height":800},{"@type":"BreadcrumbList","@id":"https:\/\/lovme.pt\/index.php\/produto\/bye-bra-pads-oleo-mineral-copo-a-b\/#breadcrumb","itemListElement":[{"@type":"ListItem","position":1,"name":"In\u00edcio","item":"https:\/\/lovme.pt\/"},{"@type":"ListItem","position":2,"name":"Loja","item":"https:\/\/lovme.pt\/index.php\/loja\/"},{"@type":"ListItem","position":3,"name":"BYE-BRA &#8211; ALMOHADILLAS ACEITE MINERAL COPA C\/D"}]},{"@type":"WebSite","@id":"https:\/\/lovme.pt\/#website","url":"https:\/\/lovme.pt\/","name":"Lovme Loja Er\u00f3tica N\u00ba1 em Portugal","description":"A melhor loja er\u00f3tica de Portugal.","alternateName":"Loja Er\u00f3tica Lovme","potentialAction":[{"@type":"SearchAction","target":{"@type":"EntryPoint","urlTemplate":"https:\/\/lovme.pt\/?s={search_term_string}"},"query-input":{"@type":"PropertyValueSpecification","valueRequired":true,"valueName":"search_term_string"}}],"inLanguage":"pt-PT"}]}},"_links":{"self":[{"href":"https:\/\/lovme.pt\/index.php\/wp-json\/wp\/v2\/product\/33658","targetHints":{"allow":["GET"]}}],"collection":[{"href":"https:\/\/lovme.pt\/index.php\/wp-json\/wp\/v2\/product"}],"about":[{"href":"https:\/\/lovme.pt\/index.php\/wp-json\/wp\/v2\/types\/product"}],"wp:featuredmedia":[{"embeddable":true,"href":"https:\/\/lovme.pt\/index.php\/wp-json\/wp\/v2\/media\/85820"}],"wp:attachment":[{"href":"https:\/\/lovme.pt\/index.php\/wp-json\/wp\/v2\/media?parent=33658"}],"wp:term":[{"taxonomy":"product_brand","embeddable":true,"href":"https:\/\/lovme.pt\/index.php\/wp-json\/wp\/v2\/product_brand?post=33658"},{"taxonomy":"product_cat","embeddable":true,"href":"https:\/\/lovme.pt\/index.php\/wp-json\/wp\/v2\/product_cat?post=33658"},{"taxonomy":"product_tag","embeddable":true,"href":"https:\/\/lovme.pt\/index.php\/wp-json\/wp\/v2\/product_tag?post=33658"}],"curies":[{"name":"wp","href":"https:\/\/api.w.org\/{rel}","templated":true}]}}