{"id":33545,"date":"2025-10-01T02:03:36","date_gmt":"2025-10-01T02:03:36","guid":{"rendered":"https:\/\/lovme.pt\/?post_type=product&#038;p=33545"},"modified":"2026-02-19T20:23:28","modified_gmt":"2026-02-19T20:23:28","slug":"bye-bra-realador-peito-push-up-silicone-natural-tamanho-m","status":"publish","type":"product","link":"https:\/\/lovme.pt\/index.php\/produto\/bye-bra-realador-peito-push-up-silicone-natural-tamanho-m\/","title":{"rendered":"BYE-BRA &#8211; ELEVADOR PECHO PUSH-UP SILICONA NATURAL TALLA XL"},"content":{"rendered":"<p>As pull-ups de silicone Bye-Bra s\u00e3o adequadas para uso com roupas abertas. Al\u00e9m de levantar e modelar, o produto pode ser reutiliz\u00e1vel at\u00e9 50 vezes. Os pull-ups de silicone s\u00e3o feitos de 100% silicone<\/p>\n<p>Instru\u00e7\u00f5es:<\/p>\n<p>Limpe sua pele de qualquer \u00f3leo e cremes. Remova a pel\u00edcula protetora e aplique um pull-up de cada vez. Cole primeiro a p\u00e9tala de silicone sobre o mamilo e levante-a para obter o efeito desejado<\/p>\n<ul>\n<li>Reutiliz\u00e1vel<\/li>\n<li>Adesivo<\/li>\n<li>Eleva\u00e7\u00e3o<\/li>\n<li>Invis\u00edvel<\/li>\n<\/ul>\n<p style=\"text-align: center;\"><img decoding=\"async\" alt=\"\" src=\"https:\/\/interno.dreamlove.es\/UserFiles\/images\/Captura%282%29.JPG\" style=\"text-align: center; width: 840px; height: 200px;\" \/><\/p>\n","protected":false},"excerpt":{"rendered":"<p>BYE-BRA &#8211; REALADOR PEITO PUSH-UP SILICONE NATURAL TAMANHO M<\/p>\n","protected":false},"featured_media":94541,"template":"","meta":{"_acf_changed":false},"product_brand":[],"product_cat":[50,47,66],"product_tag":[],"class_list":{"0":"post-33545","1":"product","2":"type-product","3":"status-publish","4":"has-post-thumbnail","6":"product_cat-complementos-e-acessorios","7":"product_cat-lingerie","8":"product_cat-lingerie-feminina","9":"yith_product_brand-bye-bra","10":"yith_product_brand-bye-brabye-bra-pull-ups","12":"first","13":"instock","14":"taxable","15":"shipping-taxable","16":"purchasable","17":"product-type-variable","18":"has-default-attributes"},"acf":[],"yoast_head":"<!-- This site is optimized with the Yoast SEO plugin v27.4 - https:\/\/yoast.com\/product\/yoast-seo-wordpress\/ -->\n<title>BYE-BRA - ELEVADOR PECHO PUSH-UP SILICONA NATURAL TALLA XL - Lovme<\/title>\n<meta name=\"robots\" content=\"index, follow, max-snippet:-1, max-image-preview:large, max-video-preview:-1\" \/>\n<link rel=\"canonical\" href=\"https:\/\/lovme.pt\/index.php\/produto\/bye-bra-realador-peito-push-up-silicone-natural-tamanho-m\/\" \/>\n<meta property=\"og:locale\" content=\"pt_PT\" \/>\n<meta property=\"og:type\" content=\"article\" \/>\n<meta property=\"og:title\" content=\"BYE-BRA - ELEVADOR PECHO PUSH-UP SILICONA NATURAL TALLA XL - Lovme\" \/>\n<meta property=\"og:description\" content=\"BYE-BRA - REALADOR PEITO PUSH-UP SILICONE NATURAL TAMANHO M\" \/>\n<meta property=\"og:url\" content=\"https:\/\/lovme.pt\/index.php\/produto\/bye-bra-realador-peito-push-up-silicone-natural-tamanho-m\/\" \/>\n<meta property=\"og:site_name\" content=\"Lovme\" \/>\n<meta property=\"article:modified_time\" content=\"2026-02-19T20:23:28+00:00\" \/>\n<meta property=\"og:image\" content=\"https:\/\/erki24nd3ub.exactdn.com\/wp-content\/uploads\/dream\/img\/img_100499_84f073e1f89b8b2e762da1512387de8b_1.png?strip=all\" \/>\n\t<meta property=\"og:image:width\" content=\"800\" \/>\n\t<meta property=\"og:image:height\" content=\"800\" \/>\n\t<meta property=\"og:image:type\" content=\"image\/png\" \/>\n<meta name=\"twitter:card\" content=\"summary_large_image\" \/>\n<script type=\"application\/ld+json\" class=\"yoast-schema-graph\">{\"@context\":\"https:\\\/\\\/schema.org\",\"@graph\":[{\"@type\":\"WebPage\",\"@id\":\"https:\\\/\\\/lovme.pt\\\/index.php\\\/produto\\\/bye-bra-realador-peito-push-up-silicone-natural-tamanho-m\\\/\",\"url\":\"https:\\\/\\\/lovme.pt\\\/index.php\\\/produto\\\/bye-bra-realador-peito-push-up-silicone-natural-tamanho-m\\\/\",\"name\":\"BYE-BRA - ELEVADOR PECHO PUSH-UP SILICONA NATURAL TALLA XL - Lovme\",\"isPartOf\":{\"@id\":\"https:\\\/\\\/lovme.pt\\\/#website\"},\"primaryImageOfPage\":{\"@id\":\"https:\\\/\\\/lovme.pt\\\/index.php\\\/produto\\\/bye-bra-realador-peito-push-up-silicone-natural-tamanho-m\\\/#primaryimage\"},\"image\":{\"@id\":\"https:\\\/\\\/lovme.pt\\\/index.php\\\/produto\\\/bye-bra-realador-peito-push-up-silicone-natural-tamanho-m\\\/#primaryimage\"},\"thumbnailUrl\":\"https:\\\/\\\/erki24nd3ub.exactdn.com\\\/wp-content\\\/uploads\\\/dream\\\/img\\\/img_100499_84f073e1f89b8b2e762da1512387de8b_1.png?strip=all\",\"datePublished\":\"2025-10-01T02:03:36+00:00\",\"dateModified\":\"2026-02-19T20:23:28+00:00\",\"breadcrumb\":{\"@id\":\"https:\\\/\\\/lovme.pt\\\/index.php\\\/produto\\\/bye-bra-realador-peito-push-up-silicone-natural-tamanho-m\\\/#breadcrumb\"},\"inLanguage\":\"pt-PT\",\"potentialAction\":[{\"@type\":\"ReadAction\",\"target\":[\"https:\\\/\\\/lovme.pt\\\/index.php\\\/produto\\\/bye-bra-realador-peito-push-up-silicone-natural-tamanho-m\\\/\"]}]},{\"@type\":\"ImageObject\",\"inLanguage\":\"pt-PT\",\"@id\":\"https:\\\/\\\/lovme.pt\\\/index.php\\\/produto\\\/bye-bra-realador-peito-push-up-silicone-natural-tamanho-m\\\/#primaryimage\",\"url\":\"https:\\\/\\\/erki24nd3ub.exactdn.com\\\/wp-content\\\/uploads\\\/dream\\\/img\\\/img_100499_84f073e1f89b8b2e762da1512387de8b_1.png?strip=all\",\"contentUrl\":\"https:\\\/\\\/erki24nd3ub.exactdn.com\\\/wp-content\\\/uploads\\\/dream\\\/img\\\/img_100499_84f073e1f89b8b2e762da1512387de8b_1.png?strip=all\",\"width\":800,\"height\":800},{\"@type\":\"BreadcrumbList\",\"@id\":\"https:\\\/\\\/lovme.pt\\\/index.php\\\/produto\\\/bye-bra-realador-peito-push-up-silicone-natural-tamanho-m\\\/#breadcrumb\",\"itemListElement\":[{\"@type\":\"ListItem\",\"position\":1,\"name\":\"In\u00edcio\",\"item\":\"https:\\\/\\\/lovme.pt\\\/\"},{\"@type\":\"ListItem\",\"position\":2,\"name\":\"Loja\",\"item\":\"https:\\\/\\\/lovme.pt\\\/index.php\\\/loja\\\/\"},{\"@type\":\"ListItem\",\"position\":3,\"name\":\"BYE-BRA &#8211; ELEVADOR PECHO PUSH-UP SILICONA NATURAL TALLA XL\"}]},{\"@type\":\"WebSite\",\"@id\":\"https:\\\/\\\/lovme.pt\\\/#website\",\"url\":\"https:\\\/\\\/lovme.pt\\\/\",\"name\":\"Lovme Loja Er\u00f3tica N\u00ba1 em Portugal\",\"description\":\"A melhor loja er\u00f3tica de Portugal.\",\"alternateName\":\"Loja Er\u00f3tica Lovme\",\"potentialAction\":[{\"@type\":\"SearchAction\",\"target\":{\"@type\":\"EntryPoint\",\"urlTemplate\":\"https:\\\/\\\/lovme.pt\\\/?s={search_term_string}\"},\"query-input\":{\"@type\":\"PropertyValueSpecification\",\"valueRequired\":true,\"valueName\":\"search_term_string\"}}],\"inLanguage\":\"pt-PT\"}]}<\/script>\n<!-- \/ Yoast SEO plugin. -->","yoast_head_json":{"title":"BYE-BRA - ELEVADOR PECHO PUSH-UP SILICONA NATURAL TALLA XL - Lovme","robots":{"index":"index","follow":"follow","max-snippet":"max-snippet:-1","max-image-preview":"max-image-preview:large","max-video-preview":"max-video-preview:-1"},"canonical":"https:\/\/lovme.pt\/index.php\/produto\/bye-bra-realador-peito-push-up-silicone-natural-tamanho-m\/","og_locale":"pt_PT","og_type":"article","og_title":"BYE-BRA - ELEVADOR PECHO PUSH-UP SILICONA NATURAL TALLA XL - Lovme","og_description":"BYE-BRA - REALADOR PEITO PUSH-UP SILICONE NATURAL TAMANHO M","og_url":"https:\/\/lovme.pt\/index.php\/produto\/bye-bra-realador-peito-push-up-silicone-natural-tamanho-m\/","og_site_name":"Lovme","article_modified_time":"2026-02-19T20:23:28+00:00","og_image":[{"width":800,"height":800,"url":"https:\/\/erki24nd3ub.exactdn.com\/wp-content\/uploads\/dream\/img\/img_100499_84f073e1f89b8b2e762da1512387de8b_1.png?strip=all","type":"image\/png"}],"twitter_card":"summary_large_image","schema":{"@context":"https:\/\/schema.org","@graph":[{"@type":"WebPage","@id":"https:\/\/lovme.pt\/index.php\/produto\/bye-bra-realador-peito-push-up-silicone-natural-tamanho-m\/","url":"https:\/\/lovme.pt\/index.php\/produto\/bye-bra-realador-peito-push-up-silicone-natural-tamanho-m\/","name":"BYE-BRA - ELEVADOR PECHO PUSH-UP SILICONA NATURAL TALLA XL - Lovme","isPartOf":{"@id":"https:\/\/lovme.pt\/#website"},"primaryImageOfPage":{"@id":"https:\/\/lovme.pt\/index.php\/produto\/bye-bra-realador-peito-push-up-silicone-natural-tamanho-m\/#primaryimage"},"image":{"@id":"https:\/\/lovme.pt\/index.php\/produto\/bye-bra-realador-peito-push-up-silicone-natural-tamanho-m\/#primaryimage"},"thumbnailUrl":"https:\/\/erki24nd3ub.exactdn.com\/wp-content\/uploads\/dream\/img\/img_100499_84f073e1f89b8b2e762da1512387de8b_1.png?strip=all","datePublished":"2025-10-01T02:03:36+00:00","dateModified":"2026-02-19T20:23:28+00:00","breadcrumb":{"@id":"https:\/\/lovme.pt\/index.php\/produto\/bye-bra-realador-peito-push-up-silicone-natural-tamanho-m\/#breadcrumb"},"inLanguage":"pt-PT","potentialAction":[{"@type":"ReadAction","target":["https:\/\/lovme.pt\/index.php\/produto\/bye-bra-realador-peito-push-up-silicone-natural-tamanho-m\/"]}]},{"@type":"ImageObject","inLanguage":"pt-PT","@id":"https:\/\/lovme.pt\/index.php\/produto\/bye-bra-realador-peito-push-up-silicone-natural-tamanho-m\/#primaryimage","url":"https:\/\/erki24nd3ub.exactdn.com\/wp-content\/uploads\/dream\/img\/img_100499_84f073e1f89b8b2e762da1512387de8b_1.png?strip=all","contentUrl":"https:\/\/erki24nd3ub.exactdn.com\/wp-content\/uploads\/dream\/img\/img_100499_84f073e1f89b8b2e762da1512387de8b_1.png?strip=all","width":800,"height":800},{"@type":"BreadcrumbList","@id":"https:\/\/lovme.pt\/index.php\/produto\/bye-bra-realador-peito-push-up-silicone-natural-tamanho-m\/#breadcrumb","itemListElement":[{"@type":"ListItem","position":1,"name":"In\u00edcio","item":"https:\/\/lovme.pt\/"},{"@type":"ListItem","position":2,"name":"Loja","item":"https:\/\/lovme.pt\/index.php\/loja\/"},{"@type":"ListItem","position":3,"name":"BYE-BRA &#8211; ELEVADOR PECHO PUSH-UP SILICONA NATURAL TALLA XL"}]},{"@type":"WebSite","@id":"https:\/\/lovme.pt\/#website","url":"https:\/\/lovme.pt\/","name":"Lovme Loja Er\u00f3tica N\u00ba1 em Portugal","description":"A melhor loja er\u00f3tica de Portugal.","alternateName":"Loja Er\u00f3tica Lovme","potentialAction":[{"@type":"SearchAction","target":{"@type":"EntryPoint","urlTemplate":"https:\/\/lovme.pt\/?s={search_term_string}"},"query-input":{"@type":"PropertyValueSpecification","valueRequired":true,"valueName":"search_term_string"}}],"inLanguage":"pt-PT"}]}},"_links":{"self":[{"href":"https:\/\/lovme.pt\/index.php\/wp-json\/wp\/v2\/product\/33545","targetHints":{"allow":["GET"]}}],"collection":[{"href":"https:\/\/lovme.pt\/index.php\/wp-json\/wp\/v2\/product"}],"about":[{"href":"https:\/\/lovme.pt\/index.php\/wp-json\/wp\/v2\/types\/product"}],"wp:featuredmedia":[{"embeddable":true,"href":"https:\/\/lovme.pt\/index.php\/wp-json\/wp\/v2\/media\/94541"}],"wp:attachment":[{"href":"https:\/\/lovme.pt\/index.php\/wp-json\/wp\/v2\/media?parent=33545"}],"wp:term":[{"taxonomy":"product_brand","embeddable":true,"href":"https:\/\/lovme.pt\/index.php\/wp-json\/wp\/v2\/product_brand?post=33545"},{"taxonomy":"product_cat","embeddable":true,"href":"https:\/\/lovme.pt\/index.php\/wp-json\/wp\/v2\/product_cat?post=33545"},{"taxonomy":"product_tag","embeddable":true,"href":"https:\/\/lovme.pt\/index.php\/wp-json\/wp\/v2\/product_tag?post=33545"}],"curies":[{"name":"wp","href":"https:\/\/api.w.org\/{rel}","templated":true}]}}