{"id":33518,"date":"2025-10-01T02:03:21","date_gmt":"2025-10-01T02:03:21","guid":{"rendered":"https:\/\/lovme.pt\/?post_type=product&#038;p=33518"},"modified":"2026-02-19T20:23:28","modified_gmt":"2026-02-19T20:23:28","slug":"bye-bra-realador-seios-de-silicone-copo-c","status":"publish","type":"product","link":"https:\/\/lovme.pt\/index.php\/produto\/bye-bra-realador-seios-de-silicone-copo-c\/","title":{"rendered":"BYE-BRA &#8211; ELEVADORES PECHO DE SILICONA COPA F"},"content":{"rendered":"<p>Os elevadores de silicone Bye Bra Sculpting est\u00e3o aqui para lhe dar o m\u00e1ximo de seguran\u00e7a, conforto e decote com a ajuda de uma al\u00e7a transparente adicional de 24 cm de comprimento presa \u00e0s copas de silicone. A al\u00e7a transparente de suporte proporcionar\u00e1 levantamento, enquanto as copas adesivas manter\u00e3o o suti\u00e3 no lugar com seguran\u00e7a e criar\u00e3o decote. Os elevadores de silicone para escultura de suti\u00e3 da bye v\u00e3o at\u00e9 o tamanho G e, portanto, tamb\u00e9m suportam os copos maiores. Os elevadores de silicone para escultura s\u00e3o feitos de 100% silicone.<\/p>\n<p> Instru\u00e7\u00f5es:<\/p>\n<p> Limpe sua pele de qualquer \u00f3leo e cremes. Feito isso, seque a pele com uma toalha macia. Retire a pel\u00edcula protetora do copo e da al\u00e7a transparente. Vire o copo para fora enquanto segura a fita transparente pela extremidade com uma m\u00e3o. Posicione o copo no \u00e2ngulo desejado do peito e pressione suavemente as bordas do copo com a ponta dos dedos. Em seguida, puxe a al\u00e7a transparente para cima, por cima do ombro. Quando a posi\u00e7\u00e3o desejada for alcan\u00e7ada, cole a tira na pele. Repita o mesmo procedimento com a outra mama. Pressione ambas as copas firmemente sobre os seios para obter um efeito adesivo ideal.<\/p>\n<p> Lave os elevadores de silicone Bye Bra Sculpting \u00e0 m\u00e3o com \u00e1gua morna, depois de totalmente secos, cubra os elevadores com as pel\u00edculas protetoras<\/p>\n<ul>\n<li> Reutiliz\u00e1vel<\/li>\n<li> Mergulho<\/li>\n<li> at\u00e9 a x\u00edcara G<\/li>\n<li> Elevador<\/li>\n<\/ul>\n","protected":false},"excerpt":{"rendered":"<p>BYE-BRA &#8211; REALADOR SEIOS DE SILICONE COPO C<\/p>\n","protected":false},"featured_media":94497,"template":"","meta":{"_acf_changed":false},"product_brand":[],"product_cat":[50,47,66],"product_tag":[],"class_list":{"0":"post-33518","1":"product","2":"type-product","3":"status-publish","4":"has-post-thumbnail","6":"product_cat-complementos-e-acessorios","7":"product_cat-lingerie","8":"product_cat-lingerie-feminina","9":"yith_product_brand-bye-bra","10":"yith_product_brand-bye-brabye-bra-tapes","12":"first","13":"instock","14":"taxable","15":"shipping-taxable","16":"purchasable","17":"product-type-variable","18":"has-default-attributes"},"acf":[],"yoast_head":"<!-- This site is optimized with the Yoast SEO plugin v27.4 - https:\/\/yoast.com\/product\/yoast-seo-wordpress\/ -->\n<title>BYE-BRA - ELEVADORES PECHO DE SILICONA COPA F - Lovme<\/title>\n<meta name=\"robots\" content=\"index, follow, max-snippet:-1, max-image-preview:large, max-video-preview:-1\" \/>\n<link rel=\"canonical\" href=\"https:\/\/lovme.pt\/index.php\/produto\/bye-bra-realador-seios-de-silicone-copo-c\/\" \/>\n<meta property=\"og:locale\" content=\"pt_PT\" \/>\n<meta property=\"og:type\" content=\"article\" \/>\n<meta property=\"og:title\" content=\"BYE-BRA - ELEVADORES PECHO DE SILICONA COPA F - Lovme\" \/>\n<meta property=\"og:description\" content=\"BYE-BRA - REALADOR SEIOS DE SILICONE COPO C\" \/>\n<meta property=\"og:url\" content=\"https:\/\/lovme.pt\/index.php\/produto\/bye-bra-realador-seios-de-silicone-copo-c\/\" \/>\n<meta property=\"og:site_name\" content=\"Lovme\" \/>\n<meta property=\"article:modified_time\" content=\"2026-02-19T20:23:28+00:00\" \/>\n<meta property=\"og:image\" content=\"https:\/\/erki24nd3ub.exactdn.com\/wp-content\/uploads\/dream\/img\/img_100363_e46e831c7dc45d26ddfe564d2932eb27_1.png?strip=all\" \/>\n\t<meta property=\"og:image:width\" content=\"800\" \/>\n\t<meta property=\"og:image:height\" content=\"800\" \/>\n\t<meta property=\"og:image:type\" content=\"image\/png\" \/>\n<meta name=\"twitter:card\" content=\"summary_large_image\" \/>\n<meta name=\"twitter:label1\" content=\"Tempo estimado de leitura\" \/>\n\t<meta name=\"twitter:data1\" content=\"1 minuto\" \/>\n<script type=\"application\/ld+json\" class=\"yoast-schema-graph\">{\"@context\":\"https:\\\/\\\/schema.org\",\"@graph\":[{\"@type\":\"WebPage\",\"@id\":\"https:\\\/\\\/lovme.pt\\\/index.php\\\/produto\\\/bye-bra-realador-seios-de-silicone-copo-c\\\/\",\"url\":\"https:\\\/\\\/lovme.pt\\\/index.php\\\/produto\\\/bye-bra-realador-seios-de-silicone-copo-c\\\/\",\"name\":\"BYE-BRA - ELEVADORES PECHO DE SILICONA COPA F - Lovme\",\"isPartOf\":{\"@id\":\"https:\\\/\\\/lovme.pt\\\/#website\"},\"primaryImageOfPage\":{\"@id\":\"https:\\\/\\\/lovme.pt\\\/index.php\\\/produto\\\/bye-bra-realador-seios-de-silicone-copo-c\\\/#primaryimage\"},\"image\":{\"@id\":\"https:\\\/\\\/lovme.pt\\\/index.php\\\/produto\\\/bye-bra-realador-seios-de-silicone-copo-c\\\/#primaryimage\"},\"thumbnailUrl\":\"https:\\\/\\\/erki24nd3ub.exactdn.com\\\/wp-content\\\/uploads\\\/dream\\\/img\\\/img_100363_e46e831c7dc45d26ddfe564d2932eb27_1.png?strip=all\",\"datePublished\":\"2025-10-01T02:03:21+00:00\",\"dateModified\":\"2026-02-19T20:23:28+00:00\",\"breadcrumb\":{\"@id\":\"https:\\\/\\\/lovme.pt\\\/index.php\\\/produto\\\/bye-bra-realador-seios-de-silicone-copo-c\\\/#breadcrumb\"},\"inLanguage\":\"pt-PT\",\"potentialAction\":[{\"@type\":\"ReadAction\",\"target\":[\"https:\\\/\\\/lovme.pt\\\/index.php\\\/produto\\\/bye-bra-realador-seios-de-silicone-copo-c\\\/\"]}]},{\"@type\":\"ImageObject\",\"inLanguage\":\"pt-PT\",\"@id\":\"https:\\\/\\\/lovme.pt\\\/index.php\\\/produto\\\/bye-bra-realador-seios-de-silicone-copo-c\\\/#primaryimage\",\"url\":\"https:\\\/\\\/erki24nd3ub.exactdn.com\\\/wp-content\\\/uploads\\\/dream\\\/img\\\/img_100363_e46e831c7dc45d26ddfe564d2932eb27_1.png?strip=all\",\"contentUrl\":\"https:\\\/\\\/erki24nd3ub.exactdn.com\\\/wp-content\\\/uploads\\\/dream\\\/img\\\/img_100363_e46e831c7dc45d26ddfe564d2932eb27_1.png?strip=all\",\"width\":800,\"height\":800},{\"@type\":\"BreadcrumbList\",\"@id\":\"https:\\\/\\\/lovme.pt\\\/index.php\\\/produto\\\/bye-bra-realador-seios-de-silicone-copo-c\\\/#breadcrumb\",\"itemListElement\":[{\"@type\":\"ListItem\",\"position\":1,\"name\":\"In\u00edcio\",\"item\":\"https:\\\/\\\/lovme.pt\\\/\"},{\"@type\":\"ListItem\",\"position\":2,\"name\":\"Loja\",\"item\":\"https:\\\/\\\/lovme.pt\\\/index.php\\\/loja\\\/\"},{\"@type\":\"ListItem\",\"position\":3,\"name\":\"BYE-BRA &#8211; ELEVADORES PECHO DE SILICONA COPA F\"}]},{\"@type\":\"WebSite\",\"@id\":\"https:\\\/\\\/lovme.pt\\\/#website\",\"url\":\"https:\\\/\\\/lovme.pt\\\/\",\"name\":\"Lovme Loja Er\u00f3tica N\u00ba1 em Portugal\",\"description\":\"A melhor loja er\u00f3tica de Portugal.\",\"alternateName\":\"Loja Er\u00f3tica Lovme\",\"potentialAction\":[{\"@type\":\"SearchAction\",\"target\":{\"@type\":\"EntryPoint\",\"urlTemplate\":\"https:\\\/\\\/lovme.pt\\\/?s={search_term_string}\"},\"query-input\":{\"@type\":\"PropertyValueSpecification\",\"valueRequired\":true,\"valueName\":\"search_term_string\"}}],\"inLanguage\":\"pt-PT\"}]}<\/script>\n<!-- \/ Yoast SEO plugin. -->","yoast_head_json":{"title":"BYE-BRA - ELEVADORES PECHO DE SILICONA COPA F - Lovme","robots":{"index":"index","follow":"follow","max-snippet":"max-snippet:-1","max-image-preview":"max-image-preview:large","max-video-preview":"max-video-preview:-1"},"canonical":"https:\/\/lovme.pt\/index.php\/produto\/bye-bra-realador-seios-de-silicone-copo-c\/","og_locale":"pt_PT","og_type":"article","og_title":"BYE-BRA - ELEVADORES PECHO DE SILICONA COPA F - Lovme","og_description":"BYE-BRA - REALADOR SEIOS DE SILICONE COPO C","og_url":"https:\/\/lovme.pt\/index.php\/produto\/bye-bra-realador-seios-de-silicone-copo-c\/","og_site_name":"Lovme","article_modified_time":"2026-02-19T20:23:28+00:00","og_image":[{"width":800,"height":800,"url":"https:\/\/erki24nd3ub.exactdn.com\/wp-content\/uploads\/dream\/img\/img_100363_e46e831c7dc45d26ddfe564d2932eb27_1.png?strip=all","type":"image\/png"}],"twitter_card":"summary_large_image","twitter_misc":{"Tempo estimado de leitura":"1 minuto"},"schema":{"@context":"https:\/\/schema.org","@graph":[{"@type":"WebPage","@id":"https:\/\/lovme.pt\/index.php\/produto\/bye-bra-realador-seios-de-silicone-copo-c\/","url":"https:\/\/lovme.pt\/index.php\/produto\/bye-bra-realador-seios-de-silicone-copo-c\/","name":"BYE-BRA - ELEVADORES PECHO DE SILICONA COPA F - Lovme","isPartOf":{"@id":"https:\/\/lovme.pt\/#website"},"primaryImageOfPage":{"@id":"https:\/\/lovme.pt\/index.php\/produto\/bye-bra-realador-seios-de-silicone-copo-c\/#primaryimage"},"image":{"@id":"https:\/\/lovme.pt\/index.php\/produto\/bye-bra-realador-seios-de-silicone-copo-c\/#primaryimage"},"thumbnailUrl":"https:\/\/erki24nd3ub.exactdn.com\/wp-content\/uploads\/dream\/img\/img_100363_e46e831c7dc45d26ddfe564d2932eb27_1.png?strip=all","datePublished":"2025-10-01T02:03:21+00:00","dateModified":"2026-02-19T20:23:28+00:00","breadcrumb":{"@id":"https:\/\/lovme.pt\/index.php\/produto\/bye-bra-realador-seios-de-silicone-copo-c\/#breadcrumb"},"inLanguage":"pt-PT","potentialAction":[{"@type":"ReadAction","target":["https:\/\/lovme.pt\/index.php\/produto\/bye-bra-realador-seios-de-silicone-copo-c\/"]}]},{"@type":"ImageObject","inLanguage":"pt-PT","@id":"https:\/\/lovme.pt\/index.php\/produto\/bye-bra-realador-seios-de-silicone-copo-c\/#primaryimage","url":"https:\/\/erki24nd3ub.exactdn.com\/wp-content\/uploads\/dream\/img\/img_100363_e46e831c7dc45d26ddfe564d2932eb27_1.png?strip=all","contentUrl":"https:\/\/erki24nd3ub.exactdn.com\/wp-content\/uploads\/dream\/img\/img_100363_e46e831c7dc45d26ddfe564d2932eb27_1.png?strip=all","width":800,"height":800},{"@type":"BreadcrumbList","@id":"https:\/\/lovme.pt\/index.php\/produto\/bye-bra-realador-seios-de-silicone-copo-c\/#breadcrumb","itemListElement":[{"@type":"ListItem","position":1,"name":"In\u00edcio","item":"https:\/\/lovme.pt\/"},{"@type":"ListItem","position":2,"name":"Loja","item":"https:\/\/lovme.pt\/index.php\/loja\/"},{"@type":"ListItem","position":3,"name":"BYE-BRA &#8211; ELEVADORES PECHO DE SILICONA COPA F"}]},{"@type":"WebSite","@id":"https:\/\/lovme.pt\/#website","url":"https:\/\/lovme.pt\/","name":"Lovme Loja Er\u00f3tica N\u00ba1 em Portugal","description":"A melhor loja er\u00f3tica de Portugal.","alternateName":"Loja Er\u00f3tica Lovme","potentialAction":[{"@type":"SearchAction","target":{"@type":"EntryPoint","urlTemplate":"https:\/\/lovme.pt\/?s={search_term_string}"},"query-input":{"@type":"PropertyValueSpecification","valueRequired":true,"valueName":"search_term_string"}}],"inLanguage":"pt-PT"}]}},"_links":{"self":[{"href":"https:\/\/lovme.pt\/index.php\/wp-json\/wp\/v2\/product\/33518","targetHints":{"allow":["GET"]}}],"collection":[{"href":"https:\/\/lovme.pt\/index.php\/wp-json\/wp\/v2\/product"}],"about":[{"href":"https:\/\/lovme.pt\/index.php\/wp-json\/wp\/v2\/types\/product"}],"wp:featuredmedia":[{"embeddable":true,"href":"https:\/\/lovme.pt\/index.php\/wp-json\/wp\/v2\/media\/94497"}],"wp:attachment":[{"href":"https:\/\/lovme.pt\/index.php\/wp-json\/wp\/v2\/media?parent=33518"}],"wp:term":[{"taxonomy":"product_brand","embeddable":true,"href":"https:\/\/lovme.pt\/index.php\/wp-json\/wp\/v2\/product_brand?post=33518"},{"taxonomy":"product_cat","embeddable":true,"href":"https:\/\/lovme.pt\/index.php\/wp-json\/wp\/v2\/product_cat?post=33518"},{"taxonomy":"product_tag","embeddable":true,"href":"https:\/\/lovme.pt\/index.php\/wp-json\/wp\/v2\/product_tag?post=33518"}],"curies":[{"name":"wp","href":"https:\/\/api.w.org\/{rel}","templated":true}]}}