{"id":33500,"date":"2025-10-01T00:13:53","date_gmt":"2025-10-01T00:13:53","guid":{"rendered":"https:\/\/lovme.pt\/?post_type=product&#038;p=33500"},"modified":"2026-02-19T20:23:21","modified_gmt":"2026-02-19T20:23:21","slug":"bye-bra-suti-adesivo-entrelaqueamento-preto-copo-a","status":"publish","type":"product","link":"https:\/\/lovme.pt\/index.php\/produto\/bye-bra-suti-adesivo-entrelaqueamento-preto-copo-a\/","title":{"rendered":"BYE-BRA &#8211; SUJETADOR ADHESIVO ENTRELAZADO BEIGE COPA C"},"content":{"rendered":"<p>O suti\u00e3 redondo Lace-it oferece decote aprimorado e suporte ideal sem al\u00e7as. Sem costura e invis\u00edvel sob a roupa. os copos adesivos s\u00e3o f\u00e1ceis de aplicar e o fecho frontal permite ajustar o posicionamento. Quanto mais apertado o fecho, maior ser\u00e1 o efeito de decote. O suti\u00e3 redondo Lace-it \u00e9 a solu\u00e7\u00e3o ideal para qualquer roupa sem al\u00e7as e sem costas. O suti\u00e3 redondo Lace-it pode ser usado at\u00e9 25 vezes<\/p>\n<p> Instru\u00e7\u00f5es:<\/p>\n<p> Limpe sua pele de qualquer \u00f3leo e cremes. Feito isso, seque a pele com uma toalha macia. Afrouxe o fecho frontal do Suti\u00e3 Round Lace-it e remova a pel\u00edcula protetora. Depois, coloque as x\u00edcaras sobre os seios. Pressione suavemente os copos adesivos sobre a pele para suavizar e garantir um suporte ideal. Puxe para baixo os dois cadar\u00e7os enquanto desliza o fecho frontal para cima.<\/p>\n<ul>\n<li> Reutiliz\u00e1vel<\/li>\n<li> Adesivo<\/li>\n<li> Sem encosto<\/li>\n<li> Sem al\u00e7as<\/li>\n<\/ul>\n","protected":false},"excerpt":{"rendered":"<p>BYE-BRA &#8211; SUTI ADESIVO ENTRELAQUEAMENTO PRETO COPO A<\/p>\n","protected":false},"featured_media":85684,"template":"","meta":{"_acf_changed":false},"product_brand":[],"product_cat":[47,66,115],"product_tag":[],"class_list":{"0":"post-33500","1":"product","2":"type-product","3":"status-publish","4":"has-post-thumbnail","6":"product_cat-lingerie","7":"product_cat-lingerie-feminina","8":"product_cat-ofertas","9":"yith_product_brand-bye-bra","10":"yith_product_brand-bye-brabye-bra-bras","12":"first","13":"instock","14":"taxable","15":"shipping-taxable","16":"purchasable","17":"product-type-variable","18":"has-default-attributes"},"acf":[],"yoast_head":"<!-- This site is optimized with the Yoast SEO plugin v27.4 - https:\/\/yoast.com\/product\/yoast-seo-wordpress\/ -->\n<title>BYE-BRA - SUJETADOR ADHESIVO ENTRELAZADO BEIGE COPA C - Lovme<\/title>\n<meta name=\"robots\" content=\"index, follow, max-snippet:-1, max-image-preview:large, max-video-preview:-1\" \/>\n<link rel=\"canonical\" href=\"https:\/\/lovme.pt\/index.php\/produto\/bye-bra-suti-adesivo-entrelaqueamento-preto-copo-a\/\" \/>\n<meta property=\"og:locale\" content=\"pt_PT\" \/>\n<meta property=\"og:type\" content=\"article\" \/>\n<meta property=\"og:title\" content=\"BYE-BRA - SUJETADOR ADHESIVO ENTRELAZADO BEIGE COPA C - Lovme\" \/>\n<meta property=\"og:description\" content=\"BYE-BRA - SUTI ADESIVO ENTRELAQUEAMENTO PRETO COPO A\" \/>\n<meta property=\"og:url\" content=\"https:\/\/lovme.pt\/index.php\/produto\/bye-bra-suti-adesivo-entrelaqueamento-preto-copo-a\/\" \/>\n<meta property=\"og:site_name\" content=\"Lovme\" \/>\n<meta property=\"article:modified_time\" content=\"2026-02-19T20:23:21+00:00\" \/>\n<meta property=\"og:image\" content=\"https:\/\/erki24nd3ub.exactdn.com\/wp-content\/uploads\/dream\/img\/img_100245_cd23956d4904c729c46e2697a7de2b87_1.png?strip=all\" \/>\n\t<meta property=\"og:image:width\" content=\"800\" \/>\n\t<meta property=\"og:image:height\" content=\"800\" \/>\n\t<meta property=\"og:image:type\" content=\"image\/png\" \/>\n<meta name=\"twitter:card\" content=\"summary_large_image\" \/>\n<meta name=\"twitter:label1\" content=\"Tempo estimado de leitura\" \/>\n\t<meta name=\"twitter:data1\" content=\"1 minuto\" \/>\n<script type=\"application\/ld+json\" class=\"yoast-schema-graph\">{\"@context\":\"https:\\\/\\\/schema.org\",\"@graph\":[{\"@type\":\"WebPage\",\"@id\":\"https:\\\/\\\/lovme.pt\\\/index.php\\\/produto\\\/bye-bra-suti-adesivo-entrelaqueamento-preto-copo-a\\\/\",\"url\":\"https:\\\/\\\/lovme.pt\\\/index.php\\\/produto\\\/bye-bra-suti-adesivo-entrelaqueamento-preto-copo-a\\\/\",\"name\":\"BYE-BRA - SUJETADOR ADHESIVO ENTRELAZADO BEIGE COPA C - Lovme\",\"isPartOf\":{\"@id\":\"https:\\\/\\\/lovme.pt\\\/#website\"},\"primaryImageOfPage\":{\"@id\":\"https:\\\/\\\/lovme.pt\\\/index.php\\\/produto\\\/bye-bra-suti-adesivo-entrelaqueamento-preto-copo-a\\\/#primaryimage\"},\"image\":{\"@id\":\"https:\\\/\\\/lovme.pt\\\/index.php\\\/produto\\\/bye-bra-suti-adesivo-entrelaqueamento-preto-copo-a\\\/#primaryimage\"},\"thumbnailUrl\":\"https:\\\/\\\/erki24nd3ub.exactdn.com\\\/wp-content\\\/uploads\\\/dream\\\/img\\\/img_100245_cd23956d4904c729c46e2697a7de2b87_1.png?strip=all\",\"datePublished\":\"2025-10-01T00:13:53+00:00\",\"dateModified\":\"2026-02-19T20:23:21+00:00\",\"breadcrumb\":{\"@id\":\"https:\\\/\\\/lovme.pt\\\/index.php\\\/produto\\\/bye-bra-suti-adesivo-entrelaqueamento-preto-copo-a\\\/#breadcrumb\"},\"inLanguage\":\"pt-PT\",\"potentialAction\":[{\"@type\":\"ReadAction\",\"target\":[\"https:\\\/\\\/lovme.pt\\\/index.php\\\/produto\\\/bye-bra-suti-adesivo-entrelaqueamento-preto-copo-a\\\/\"]}]},{\"@type\":\"ImageObject\",\"inLanguage\":\"pt-PT\",\"@id\":\"https:\\\/\\\/lovme.pt\\\/index.php\\\/produto\\\/bye-bra-suti-adesivo-entrelaqueamento-preto-copo-a\\\/#primaryimage\",\"url\":\"https:\\\/\\\/erki24nd3ub.exactdn.com\\\/wp-content\\\/uploads\\\/dream\\\/img\\\/img_100245_cd23956d4904c729c46e2697a7de2b87_1.png?strip=all\",\"contentUrl\":\"https:\\\/\\\/erki24nd3ub.exactdn.com\\\/wp-content\\\/uploads\\\/dream\\\/img\\\/img_100245_cd23956d4904c729c46e2697a7de2b87_1.png?strip=all\",\"width\":800,\"height\":800},{\"@type\":\"BreadcrumbList\",\"@id\":\"https:\\\/\\\/lovme.pt\\\/index.php\\\/produto\\\/bye-bra-suti-adesivo-entrelaqueamento-preto-copo-a\\\/#breadcrumb\",\"itemListElement\":[{\"@type\":\"ListItem\",\"position\":1,\"name\":\"In\u00edcio\",\"item\":\"https:\\\/\\\/lovme.pt\\\/\"},{\"@type\":\"ListItem\",\"position\":2,\"name\":\"Loja\",\"item\":\"https:\\\/\\\/lovme.pt\\\/index.php\\\/loja\\\/\"},{\"@type\":\"ListItem\",\"position\":3,\"name\":\"BYE-BRA &#8211; SUJETADOR ADHESIVO ENTRELAZADO BEIGE COPA C\"}]},{\"@type\":\"WebSite\",\"@id\":\"https:\\\/\\\/lovme.pt\\\/#website\",\"url\":\"https:\\\/\\\/lovme.pt\\\/\",\"name\":\"Lovme Loja Er\u00f3tica N\u00ba1 em Portugal\",\"description\":\"A melhor loja er\u00f3tica de Portugal.\",\"alternateName\":\"Loja Er\u00f3tica Lovme\",\"potentialAction\":[{\"@type\":\"SearchAction\",\"target\":{\"@type\":\"EntryPoint\",\"urlTemplate\":\"https:\\\/\\\/lovme.pt\\\/?s={search_term_string}\"},\"query-input\":{\"@type\":\"PropertyValueSpecification\",\"valueRequired\":true,\"valueName\":\"search_term_string\"}}],\"inLanguage\":\"pt-PT\"}]}<\/script>\n<!-- \/ Yoast SEO plugin. -->","yoast_head_json":{"title":"BYE-BRA - SUJETADOR ADHESIVO ENTRELAZADO BEIGE COPA C - Lovme","robots":{"index":"index","follow":"follow","max-snippet":"max-snippet:-1","max-image-preview":"max-image-preview:large","max-video-preview":"max-video-preview:-1"},"canonical":"https:\/\/lovme.pt\/index.php\/produto\/bye-bra-suti-adesivo-entrelaqueamento-preto-copo-a\/","og_locale":"pt_PT","og_type":"article","og_title":"BYE-BRA - SUJETADOR ADHESIVO ENTRELAZADO BEIGE COPA C - Lovme","og_description":"BYE-BRA - SUTI ADESIVO ENTRELAQUEAMENTO PRETO COPO A","og_url":"https:\/\/lovme.pt\/index.php\/produto\/bye-bra-suti-adesivo-entrelaqueamento-preto-copo-a\/","og_site_name":"Lovme","article_modified_time":"2026-02-19T20:23:21+00:00","og_image":[{"width":800,"height":800,"url":"https:\/\/erki24nd3ub.exactdn.com\/wp-content\/uploads\/dream\/img\/img_100245_cd23956d4904c729c46e2697a7de2b87_1.png?strip=all","type":"image\/png"}],"twitter_card":"summary_large_image","twitter_misc":{"Tempo estimado de leitura":"1 minuto"},"schema":{"@context":"https:\/\/schema.org","@graph":[{"@type":"WebPage","@id":"https:\/\/lovme.pt\/index.php\/produto\/bye-bra-suti-adesivo-entrelaqueamento-preto-copo-a\/","url":"https:\/\/lovme.pt\/index.php\/produto\/bye-bra-suti-adesivo-entrelaqueamento-preto-copo-a\/","name":"BYE-BRA - SUJETADOR ADHESIVO ENTRELAZADO BEIGE COPA C - Lovme","isPartOf":{"@id":"https:\/\/lovme.pt\/#website"},"primaryImageOfPage":{"@id":"https:\/\/lovme.pt\/index.php\/produto\/bye-bra-suti-adesivo-entrelaqueamento-preto-copo-a\/#primaryimage"},"image":{"@id":"https:\/\/lovme.pt\/index.php\/produto\/bye-bra-suti-adesivo-entrelaqueamento-preto-copo-a\/#primaryimage"},"thumbnailUrl":"https:\/\/erki24nd3ub.exactdn.com\/wp-content\/uploads\/dream\/img\/img_100245_cd23956d4904c729c46e2697a7de2b87_1.png?strip=all","datePublished":"2025-10-01T00:13:53+00:00","dateModified":"2026-02-19T20:23:21+00:00","breadcrumb":{"@id":"https:\/\/lovme.pt\/index.php\/produto\/bye-bra-suti-adesivo-entrelaqueamento-preto-copo-a\/#breadcrumb"},"inLanguage":"pt-PT","potentialAction":[{"@type":"ReadAction","target":["https:\/\/lovme.pt\/index.php\/produto\/bye-bra-suti-adesivo-entrelaqueamento-preto-copo-a\/"]}]},{"@type":"ImageObject","inLanguage":"pt-PT","@id":"https:\/\/lovme.pt\/index.php\/produto\/bye-bra-suti-adesivo-entrelaqueamento-preto-copo-a\/#primaryimage","url":"https:\/\/erki24nd3ub.exactdn.com\/wp-content\/uploads\/dream\/img\/img_100245_cd23956d4904c729c46e2697a7de2b87_1.png?strip=all","contentUrl":"https:\/\/erki24nd3ub.exactdn.com\/wp-content\/uploads\/dream\/img\/img_100245_cd23956d4904c729c46e2697a7de2b87_1.png?strip=all","width":800,"height":800},{"@type":"BreadcrumbList","@id":"https:\/\/lovme.pt\/index.php\/produto\/bye-bra-suti-adesivo-entrelaqueamento-preto-copo-a\/#breadcrumb","itemListElement":[{"@type":"ListItem","position":1,"name":"In\u00edcio","item":"https:\/\/lovme.pt\/"},{"@type":"ListItem","position":2,"name":"Loja","item":"https:\/\/lovme.pt\/index.php\/loja\/"},{"@type":"ListItem","position":3,"name":"BYE-BRA &#8211; SUJETADOR ADHESIVO ENTRELAZADO BEIGE COPA C"}]},{"@type":"WebSite","@id":"https:\/\/lovme.pt\/#website","url":"https:\/\/lovme.pt\/","name":"Lovme Loja Er\u00f3tica N\u00ba1 em Portugal","description":"A melhor loja er\u00f3tica de Portugal.","alternateName":"Loja Er\u00f3tica Lovme","potentialAction":[{"@type":"SearchAction","target":{"@type":"EntryPoint","urlTemplate":"https:\/\/lovme.pt\/?s={search_term_string}"},"query-input":{"@type":"PropertyValueSpecification","valueRequired":true,"valueName":"search_term_string"}}],"inLanguage":"pt-PT"}]}},"_links":{"self":[{"href":"https:\/\/lovme.pt\/index.php\/wp-json\/wp\/v2\/product\/33500","targetHints":{"allow":["GET"]}}],"collection":[{"href":"https:\/\/lovme.pt\/index.php\/wp-json\/wp\/v2\/product"}],"about":[{"href":"https:\/\/lovme.pt\/index.php\/wp-json\/wp\/v2\/types\/product"}],"wp:featuredmedia":[{"embeddable":true,"href":"https:\/\/lovme.pt\/index.php\/wp-json\/wp\/v2\/media\/85684"}],"wp:attachment":[{"href":"https:\/\/lovme.pt\/index.php\/wp-json\/wp\/v2\/media?parent=33500"}],"wp:term":[{"taxonomy":"product_brand","embeddable":true,"href":"https:\/\/lovme.pt\/index.php\/wp-json\/wp\/v2\/product_brand?post=33500"},{"taxonomy":"product_cat","embeddable":true,"href":"https:\/\/lovme.pt\/index.php\/wp-json\/wp\/v2\/product_cat?post=33500"},{"taxonomy":"product_tag","embeddable":true,"href":"https:\/\/lovme.pt\/index.php\/wp-json\/wp\/v2\/product_tag?post=33500"}],"curies":[{"name":"wp","href":"https:\/\/api.w.org\/{rel}","templated":true}]}}