{"id":33330,"date":"2025-10-01T00:02:15","date_gmt":"2025-10-01T00:02:15","guid":{"rendered":"https:\/\/lovme.pt\/?post_type=product&#038;p=33330"},"modified":"2026-03-31T21:56:18","modified_gmt":"2026-03-31T21:56:18","slug":"addicted-toys-plug-anal-vibratorio-com-anel-para-penis","status":"publish","type":"product","link":"https:\/\/lovme.pt\/index.php\/produto\/addicted-toys-plug-anal-vibratorio-com-anel-para-penis\/","title":{"rendered":"ADDICTED TOYS &#8211; PLUG ANAL VIBRAT\u00d3RIO COM ANEL PARA P\u00caNIS"},"content":{"rendered":"<p>Dentro de toda a gama de produtos ADDICTED TOYS queremos oferecer-lhe a possibilidade de explorar o jogo sexual de formas excitantes e experi&ecirc;ncias sensuais.<\/p>\n<p> Se voc&ecirc; nunca experimentou brincadeira anal, o massageador e anel peniano ADDICTED TOYS Annal &eacute; exatamente o que voc&ecirc; precisa para explorar o maravilhoso mundo da estimula&ccedil;&atilde;o anal.<\/p>\n<p> O plug anal e anel peniano inserido no &acirc;nus e o anel ao redor do p&ecirc;nis, voc&ecirc; ter&aacute; ere&ccedil;&otilde;es mais duras do que nunca! O anel de silicone super el&aacute;stico pressiona as quedas de energia, mantendo ere&ccedil;&otilde;es firmes que duram e duram! A cabe&ccedil;a lisa e redonda facilita a entrada e a recupera&ccedil;&atilde;o, enquanto o eixo fino e c&ocirc;nico garante que o plugue permane&ccedil;a no lugar. Coloque o anel em volta da base do p&ecirc;nis e dos test&iacute;culos e comece a desfrutar de um prazer duradouro!<\/p>\n<p> Feito de silicone de grau m&eacute;dico supermacio, agrad&aacute;vel &agrave; pele, de toque suave e extremamente higi&ecirc;nico<\/p>\n<ul>\n<li> Ideal para iniciantes e para experimentar experi&ecirc;ncias anais<\/li>\n<li> Medi&ccedil;&otilde;es de plugue; 15 X 10,6cm (Veja a imagem para detalhar as medidas)<\/li>\n<\/ul>\n<p> O que devo ter em mente ao usar brinquedos anais?<\/p>\n<p> Para conseguir uma experi&ecirc;ncia ideal e poder desfrut&aacute;-la de forma agrad&aacute;vel e sem sentir dores, a Addicted Toys recomenda a utiliza&ccedil;&atilde;o de lubrificantes da marca Black Hole.<\/p>\n<p> Para que possa desfrutar do brinquedo anal o maior tempo poss&iacute;vel, aconselhamos limp&aacute;-lo e desinfet&aacute;-lo com um produto de limpeza de brinquedos antes e depois de cada utiliza&ccedil;&atilde;o. A composi&ccedil;&atilde;o Waterfeel Spray Disinfectant adapta-se ao silicone macio e &eacute; suave com o material para que a superf&iacute;cie permane&ccedil;a lisa e flex&iacute;vel.<\/p>\n","protected":false},"excerpt":{"rendered":"<p>ADDICTED TOYS &#8211; PLUG ANAL VIBRAT\u00d3RIO COM ANEL PARA P\u00caNIS<\/p>\n","protected":false},"featured_media":83915,"template":"","meta":{"_acf_changed":false},"product_brand":[],"product_cat":[48,17,59,60,62,63],"product_tag":[],"class_list":{"0":"post-33330","1":"product","2":"type-product","3":"status-publish","4":"has-post-thumbnail","6":"product_cat-bdsm","7":"product_cat-brinquedos-de-bem-estar-sexual","8":"product_cat-para-casais","9":"product_cat-para-eles","10":"product_cat-plugues-e-correntes-anais","11":"product_cat-sexo-anal","12":"yith_product_brand-addicted-toys","14":"first","15":"instock","16":"taxable","17":"shipping-taxable","18":"purchasable","19":"product-type-simple"},"acf":[],"yoast_head":"<!-- This site is optimized with the Yoast SEO plugin v27.4 - https:\/\/yoast.com\/product\/yoast-seo-wordpress\/ -->\n<title>ADDICTED TOYS - PLUG ANAL VIBRAT\u00d3RIO COM ANEL PARA P\u00caNIS - Lovme<\/title>\n<meta name=\"robots\" content=\"index, follow, max-snippet:-1, max-image-preview:large, max-video-preview:-1\" \/>\n<link rel=\"canonical\" href=\"https:\/\/lovme.pt\/index.php\/produto\/addicted-toys-plug-anal-vibratorio-com-anel-para-penis\/\" \/>\n<meta property=\"og:locale\" content=\"pt_PT\" \/>\n<meta property=\"og:type\" content=\"article\" \/>\n<meta property=\"og:title\" content=\"ADDICTED TOYS - PLUG ANAL VIBRAT\u00d3RIO COM ANEL PARA P\u00caNIS - Lovme\" \/>\n<meta property=\"og:description\" content=\"ADDICTED TOYS - PLUG ANAL VIBRAT\u00d3RIO COM ANEL PARA P\u00caNIS\" \/>\n<meta property=\"og:url\" content=\"https:\/\/lovme.pt\/index.php\/produto\/addicted-toys-plug-anal-vibratorio-com-anel-para-penis\/\" \/>\n<meta property=\"og:site_name\" content=\"Lovme\" \/>\n<meta property=\"article:modified_time\" content=\"2026-03-31T21:56:18+00:00\" \/>\n<meta property=\"og:image\" content=\"https:\/\/erki24nd3ub.exactdn.com\/wp-content\/uploads\/dream\/img\/img_99468_04e0b2c67fa8c0ff14dabd3996779ef9_1.png?strip=all\" \/>\n\t<meta property=\"og:image:width\" content=\"800\" \/>\n\t<meta property=\"og:image:height\" content=\"800\" \/>\n\t<meta property=\"og:image:type\" content=\"image\/png\" \/>\n<meta name=\"twitter:card\" content=\"summary_large_image\" \/>\n<meta name=\"twitter:label1\" content=\"Tempo estimado de leitura\" \/>\n\t<meta name=\"twitter:data1\" content=\"2 minutos\" \/>\n<script type=\"application\/ld+json\" class=\"yoast-schema-graph\">{\"@context\":\"https:\\\/\\\/schema.org\",\"@graph\":[{\"@type\":\"WebPage\",\"@id\":\"https:\\\/\\\/lovme.pt\\\/index.php\\\/produto\\\/addicted-toys-plug-anal-vibratorio-com-anel-para-penis\\\/\",\"url\":\"https:\\\/\\\/lovme.pt\\\/index.php\\\/produto\\\/addicted-toys-plug-anal-vibratorio-com-anel-para-penis\\\/\",\"name\":\"ADDICTED TOYS - PLUG ANAL VIBRAT\u00d3RIO COM ANEL PARA P\u00caNIS - Lovme\",\"isPartOf\":{\"@id\":\"https:\\\/\\\/lovme.pt\\\/#website\"},\"primaryImageOfPage\":{\"@id\":\"https:\\\/\\\/lovme.pt\\\/index.php\\\/produto\\\/addicted-toys-plug-anal-vibratorio-com-anel-para-penis\\\/#primaryimage\"},\"image\":{\"@id\":\"https:\\\/\\\/lovme.pt\\\/index.php\\\/produto\\\/addicted-toys-plug-anal-vibratorio-com-anel-para-penis\\\/#primaryimage\"},\"thumbnailUrl\":\"https:\\\/\\\/erki24nd3ub.exactdn.com\\\/wp-content\\\/uploads\\\/dream\\\/img\\\/img_99468_04e0b2c67fa8c0ff14dabd3996779ef9_1.png?strip=all\",\"datePublished\":\"2025-10-01T00:02:15+00:00\",\"dateModified\":\"2026-03-31T21:56:18+00:00\",\"breadcrumb\":{\"@id\":\"https:\\\/\\\/lovme.pt\\\/index.php\\\/produto\\\/addicted-toys-plug-anal-vibratorio-com-anel-para-penis\\\/#breadcrumb\"},\"inLanguage\":\"pt-PT\",\"potentialAction\":[{\"@type\":\"ReadAction\",\"target\":[\"https:\\\/\\\/lovme.pt\\\/index.php\\\/produto\\\/addicted-toys-plug-anal-vibratorio-com-anel-para-penis\\\/\"]}]},{\"@type\":\"ImageObject\",\"inLanguage\":\"pt-PT\",\"@id\":\"https:\\\/\\\/lovme.pt\\\/index.php\\\/produto\\\/addicted-toys-plug-anal-vibratorio-com-anel-para-penis\\\/#primaryimage\",\"url\":\"https:\\\/\\\/erki24nd3ub.exactdn.com\\\/wp-content\\\/uploads\\\/dream\\\/img\\\/img_99468_04e0b2c67fa8c0ff14dabd3996779ef9_1.png?strip=all\",\"contentUrl\":\"https:\\\/\\\/erki24nd3ub.exactdn.com\\\/wp-content\\\/uploads\\\/dream\\\/img\\\/img_99468_04e0b2c67fa8c0ff14dabd3996779ef9_1.png?strip=all\",\"width\":800,\"height\":800},{\"@type\":\"BreadcrumbList\",\"@id\":\"https:\\\/\\\/lovme.pt\\\/index.php\\\/produto\\\/addicted-toys-plug-anal-vibratorio-com-anel-para-penis\\\/#breadcrumb\",\"itemListElement\":[{\"@type\":\"ListItem\",\"position\":1,\"name\":\"In\u00edcio\",\"item\":\"https:\\\/\\\/lovme.pt\\\/\"},{\"@type\":\"ListItem\",\"position\":2,\"name\":\"Loja\",\"item\":\"https:\\\/\\\/lovme.pt\\\/index.php\\\/loja\\\/\"},{\"@type\":\"ListItem\",\"position\":3,\"name\":\"ADDICTED TOYS &#8211; PLUG ANAL VIBRAT\u00d3RIO COM ANEL PARA P\u00caNIS\"}]},{\"@type\":\"WebSite\",\"@id\":\"https:\\\/\\\/lovme.pt\\\/#website\",\"url\":\"https:\\\/\\\/lovme.pt\\\/\",\"name\":\"Lovme Loja Er\u00f3tica N\u00ba1 em Portugal\",\"description\":\"A melhor loja er\u00f3tica de Portugal.\",\"alternateName\":\"Loja Er\u00f3tica Lovme\",\"potentialAction\":[{\"@type\":\"SearchAction\",\"target\":{\"@type\":\"EntryPoint\",\"urlTemplate\":\"https:\\\/\\\/lovme.pt\\\/?s={search_term_string}\"},\"query-input\":{\"@type\":\"PropertyValueSpecification\",\"valueRequired\":true,\"valueName\":\"search_term_string\"}}],\"inLanguage\":\"pt-PT\"}]}<\/script>\n<!-- \/ Yoast SEO plugin. -->","yoast_head_json":{"title":"ADDICTED TOYS - PLUG ANAL VIBRAT\u00d3RIO COM ANEL PARA P\u00caNIS - Lovme","robots":{"index":"index","follow":"follow","max-snippet":"max-snippet:-1","max-image-preview":"max-image-preview:large","max-video-preview":"max-video-preview:-1"},"canonical":"https:\/\/lovme.pt\/index.php\/produto\/addicted-toys-plug-anal-vibratorio-com-anel-para-penis\/","og_locale":"pt_PT","og_type":"article","og_title":"ADDICTED TOYS - PLUG ANAL VIBRAT\u00d3RIO COM ANEL PARA P\u00caNIS - Lovme","og_description":"ADDICTED TOYS - PLUG ANAL VIBRAT\u00d3RIO COM ANEL PARA P\u00caNIS","og_url":"https:\/\/lovme.pt\/index.php\/produto\/addicted-toys-plug-anal-vibratorio-com-anel-para-penis\/","og_site_name":"Lovme","article_modified_time":"2026-03-31T21:56:18+00:00","og_image":[{"width":800,"height":800,"url":"https:\/\/erki24nd3ub.exactdn.com\/wp-content\/uploads\/dream\/img\/img_99468_04e0b2c67fa8c0ff14dabd3996779ef9_1.png?strip=all","type":"image\/png"}],"twitter_card":"summary_large_image","twitter_misc":{"Tempo estimado de leitura":"2 minutos"},"schema":{"@context":"https:\/\/schema.org","@graph":[{"@type":"WebPage","@id":"https:\/\/lovme.pt\/index.php\/produto\/addicted-toys-plug-anal-vibratorio-com-anel-para-penis\/","url":"https:\/\/lovme.pt\/index.php\/produto\/addicted-toys-plug-anal-vibratorio-com-anel-para-penis\/","name":"ADDICTED TOYS - PLUG ANAL VIBRAT\u00d3RIO COM ANEL PARA P\u00caNIS - Lovme","isPartOf":{"@id":"https:\/\/lovme.pt\/#website"},"primaryImageOfPage":{"@id":"https:\/\/lovme.pt\/index.php\/produto\/addicted-toys-plug-anal-vibratorio-com-anel-para-penis\/#primaryimage"},"image":{"@id":"https:\/\/lovme.pt\/index.php\/produto\/addicted-toys-plug-anal-vibratorio-com-anel-para-penis\/#primaryimage"},"thumbnailUrl":"https:\/\/erki24nd3ub.exactdn.com\/wp-content\/uploads\/dream\/img\/img_99468_04e0b2c67fa8c0ff14dabd3996779ef9_1.png?strip=all","datePublished":"2025-10-01T00:02:15+00:00","dateModified":"2026-03-31T21:56:18+00:00","breadcrumb":{"@id":"https:\/\/lovme.pt\/index.php\/produto\/addicted-toys-plug-anal-vibratorio-com-anel-para-penis\/#breadcrumb"},"inLanguage":"pt-PT","potentialAction":[{"@type":"ReadAction","target":["https:\/\/lovme.pt\/index.php\/produto\/addicted-toys-plug-anal-vibratorio-com-anel-para-penis\/"]}]},{"@type":"ImageObject","inLanguage":"pt-PT","@id":"https:\/\/lovme.pt\/index.php\/produto\/addicted-toys-plug-anal-vibratorio-com-anel-para-penis\/#primaryimage","url":"https:\/\/erki24nd3ub.exactdn.com\/wp-content\/uploads\/dream\/img\/img_99468_04e0b2c67fa8c0ff14dabd3996779ef9_1.png?strip=all","contentUrl":"https:\/\/erki24nd3ub.exactdn.com\/wp-content\/uploads\/dream\/img\/img_99468_04e0b2c67fa8c0ff14dabd3996779ef9_1.png?strip=all","width":800,"height":800},{"@type":"BreadcrumbList","@id":"https:\/\/lovme.pt\/index.php\/produto\/addicted-toys-plug-anal-vibratorio-com-anel-para-penis\/#breadcrumb","itemListElement":[{"@type":"ListItem","position":1,"name":"In\u00edcio","item":"https:\/\/lovme.pt\/"},{"@type":"ListItem","position":2,"name":"Loja","item":"https:\/\/lovme.pt\/index.php\/loja\/"},{"@type":"ListItem","position":3,"name":"ADDICTED TOYS &#8211; PLUG ANAL VIBRAT\u00d3RIO COM ANEL PARA P\u00caNIS"}]},{"@type":"WebSite","@id":"https:\/\/lovme.pt\/#website","url":"https:\/\/lovme.pt\/","name":"Lovme Loja Er\u00f3tica N\u00ba1 em Portugal","description":"A melhor loja er\u00f3tica de Portugal.","alternateName":"Loja Er\u00f3tica Lovme","potentialAction":[{"@type":"SearchAction","target":{"@type":"EntryPoint","urlTemplate":"https:\/\/lovme.pt\/?s={search_term_string}"},"query-input":{"@type":"PropertyValueSpecification","valueRequired":true,"valueName":"search_term_string"}}],"inLanguage":"pt-PT"}]}},"_links":{"self":[{"href":"https:\/\/lovme.pt\/index.php\/wp-json\/wp\/v2\/product\/33330","targetHints":{"allow":["GET"]}}],"collection":[{"href":"https:\/\/lovme.pt\/index.php\/wp-json\/wp\/v2\/product"}],"about":[{"href":"https:\/\/lovme.pt\/index.php\/wp-json\/wp\/v2\/types\/product"}],"wp:featuredmedia":[{"embeddable":true,"href":"https:\/\/lovme.pt\/index.php\/wp-json\/wp\/v2\/media\/83915"}],"wp:attachment":[{"href":"https:\/\/lovme.pt\/index.php\/wp-json\/wp\/v2\/media?parent=33330"}],"wp:term":[{"taxonomy":"product_brand","embeddable":true,"href":"https:\/\/lovme.pt\/index.php\/wp-json\/wp\/v2\/product_brand?post=33330"},{"taxonomy":"product_cat","embeddable":true,"href":"https:\/\/lovme.pt\/index.php\/wp-json\/wp\/v2\/product_cat?post=33330"},{"taxonomy":"product_tag","embeddable":true,"href":"https:\/\/lovme.pt\/index.php\/wp-json\/wp\/v2\/product_tag?post=33330"}],"curies":[{"name":"wp","href":"https:\/\/api.w.org\/{rel}","templated":true}]}}