{"id":33159,"date":"2025-09-30T09:55:44","date_gmt":"2025-09-30T09:55:44","guid":{"rendered":"https:\/\/lovme.pt\/?post_type=product&#038;p=33159"},"modified":"2026-02-25T06:52:37","modified_gmt":"2026-02-25T06:52:37","slug":"rockarmy-arnes-silicone-liquido-premium-spitfire-realista-21-cm-o-4-62-cm","status":"publish","type":"product","link":"https:\/\/lovme.pt\/index.php\/produto\/rockarmy-arnes-silicone-liquido-premium-spitfire-realista-21-cm-o-4-62-cm\/","title":{"rendered":"ROCKARMY &#8211; ARN\u00caS + SILICONE L\u00cdQUIDO PREMIUM SPITFIRE REALISTA 21 CM -O- 4.62 CM"},"content":{"rendered":"<p>O Liquid silicone Spitfire &eacute; um vibrador de silicone agrad&aacute;vel e realista da cole&ccedil;&atilde;o Rock Army, projetado para atingir todos os seus pontos &iacute;ntimos.<\/p>\n<p>Este p&eacute;nis realista premium tem uma cor de tom natural e tem uma silhueta com uma base de ventosa &#8211; proporcionando uma experi&ecirc;ncia realista e emocionante.<\/p>\n<p>O design apresenta detalhes cuidadosamente elaborados para aumentar seu apelo natural, enquanto seu material de dupla densidade oferece o dobro da divers&atilde;o &iacute;ntima.<\/p>\n<p>O seu exterior de toque suave e o seu n&uacute;cleo s&oacute;lido formam uma combina&ccedil;&atilde;o irresist&iacute;vel que o surpreender&aacute; com a sua sensa&ccedil;&atilde;o sensacional.<\/p>\n<p>Grandes tamb&eacute;m s&atilde;o suas qualidades. Com seu toque sedoso e agrad&aacute;vel superf&iacute;cie 100% silicone, Spitfire estimula em todas as situa&ccedil;&otilde;es; na cama, na banheira ou usando-o com um arn&ecirc;s. Al&eacute;m disso, o Spitfire pode ser usado com as m&atilde;os livres, colocando ergonomicamente o p&eacute; em uma superf&iacute;cie plana. Ele permanecer&aacute; assim o tempo que for necess&aacute;rio e ser&aacute; facilmente removido.<\/p>\n<p>Feito de silicone l&iacute;quido e embalado de maneira cuidadosamente revisada, o silicone l&iacute;quido do rock army &eacute; um item obrigat&oacute;rio para todos os amantes da divers&atilde;o realista.<\/p>\n<p>O material de Silicone L&iacute;quido 100% hipoalerg&ecirc;nico da Rockarmy se destaca por sua superf&iacute;cie fosca sedosa com extraordin&aacute;ria adapta&ccedil;&atilde;o ao corpo. Acabamento &agrave; prova d&#039;&aacute;gua premium (IPX7).<\/p>\n<p>Os brinquedos er&oacute;ticos s&atilde;o f&aacute;ceis de limpar e mant&ecirc;m-se higi&eacute;nicos durante muito tempo. O material flex&iacute;vel desliza lindamente e adota rapidamente a temperatura do corpo. O vibrador Rockarmy &eacute; r&aacute;pido e f&aacute;cil de limpar com um pouco de sab&atilde;o e &aacute;gua morna. Para uma higiene completa, borrife depois com limpador desinfetante para brinquedos sexuais, de prefer&ecirc;ncia projetado especificamente para esse fim, limpador de brinquedos com sensa&ccedil;&atilde;o de &aacute;gua.<\/p>\n<ul>\n<li>Dildo<\/li>\n<li>Para uso vaginal e anal<\/li>\n<li>A base larga do brinquedo estimula as zonas er&oacute;genas externas e garante um uso anal 100% seguro<\/li>\n<li>Tem uma superf&iacute;cie lisa agrad&aacute;vel e um design muito realista<\/li>\n<li>O corpo &eacute; est&aacute;vel e muito flex&iacute;vel ao mesmo tempo<\/li>\n<li>A base da ventosa permite a fixa&ccedil;&atilde;o em superf&iacute;cies e paredes lisas<\/li>\n<li>Pode ser usado com cinto<\/li>\n<li>Material hipoalerg&ecirc;nico e inodoro<\/li>\n<li>Capa de chuva<\/li>\n<li>F&aacute;cil de limpar com o WATERFEEL TOYCLEANER ou sab&atilde;o neutro e &aacute;gua<\/li>\n<li>Tamanho: 21cm x 4,62cm<\/li>\n<\/ul>\n<p>INFORMA&Ccedil;&Otilde;ES DO ARQUIVO:<\/p>\n<p>A&iacute; vem o complemento perfeito para sua linha favorita de dildos: The RockArmy Harness.<\/p>\n<p>Jogue e n&atilde;o importa se o seu parceiro &eacute; um homem ou uma mulher, porque voc&ecirc; pode finalmente adaptar seu vibrador favorito e coloc&aacute;-lo com este robusto arn&ecirc;s de couro PU confortavelmente, gra&ccedil;as &agrave;s suas quatro tiras de nylon e seu fecho traseiro.<\/p>\n<p>Jogar duro n&atilde;o ser&aacute; um problema porque seu vibrador ser&aacute; fixado e adaptado sem problemas, tamb&eacute;m incorpora 3 an&eacute;is de silicone de tamanhos diferentes.<\/p>\n<ul>\n<li>Material seguro para o corpo<\/li>\n<li>Al&ccedil;as de nylon. Resist&ecirc;ncia e confort&aacute;vel<\/li>\n<li>couro PU<\/li>\n<li>Detalhes met&aacute;licos<\/li>\n<li>An&eacute;is flex&iacute;veis inclu&iacute;dos<\/li>\n<\/ul>\n<p>&Eacute; hora de proporcionar prazer requintado com o arn&ecirc;s Rock Army!<\/p>\n","protected":false},"excerpt":{"rendered":"<p>ROCKARMY &#8211; ARN\u00caS + SILICONE L\u00cdQUIDO PREMIUM SPITFIRE REALISTA 21 CM -O- 4.62 CM<\/p>\n","protected":false},"featured_media":59464,"template":"","meta":{"_acf_changed":false},"product_brand":[],"product_cat":[17,56],"product_tag":[],"class_list":{"0":"post-33159","1":"product","2":"type-product","3":"status-publish","4":"has-post-thumbnail","6":"product_cat-brinquedos-de-bem-estar-sexual","7":"product_cat-dildos-e-arneses","8":"yith_product_brand-rock-army","10":"first","11":"instock","12":"taxable","13":"shipping-taxable","14":"purchasable","15":"product-type-simple"},"acf":[],"yoast_head":"<!-- This site is optimized with the Yoast SEO plugin v27.4 - https:\/\/yoast.com\/product\/yoast-seo-wordpress\/ -->\n<title>ROCKARMY - ARN\u00caS + SILICONE L\u00cdQUIDO PREMIUM SPITFIRE REALISTA 21 CM -O- 4.62 CM - Lovme<\/title>\n<meta name=\"robots\" content=\"index, follow, max-snippet:-1, max-image-preview:large, max-video-preview:-1\" \/>\n<link rel=\"canonical\" href=\"https:\/\/lovme.pt\/index.php\/produto\/rockarmy-arnes-silicone-liquido-premium-spitfire-realista-21-cm-o-4-62-cm\/\" \/>\n<meta property=\"og:locale\" content=\"pt_PT\" \/>\n<meta property=\"og:type\" content=\"article\" \/>\n<meta property=\"og:title\" content=\"ROCKARMY - ARN\u00caS + SILICONE L\u00cdQUIDO PREMIUM SPITFIRE REALISTA 21 CM -O- 4.62 CM - Lovme\" \/>\n<meta property=\"og:description\" content=\"ROCKARMY - ARN\u00caS + SILICONE L\u00cdQUIDO PREMIUM SPITFIRE REALISTA 21 CM -O- 4.62 CM\" \/>\n<meta property=\"og:url\" content=\"https:\/\/lovme.pt\/index.php\/produto\/rockarmy-arnes-silicone-liquido-premium-spitfire-realista-21-cm-o-4-62-cm\/\" \/>\n<meta property=\"og:site_name\" content=\"Lovme\" \/>\n<meta property=\"article:modified_time\" content=\"2026-02-25T06:52:37+00:00\" \/>\n<meta property=\"og:image\" content=\"https:\/\/erki24nd3ub.exactdn.com\/wp-content\/uploads\/dream\/img\/img_98309_f904c5e7df6105d97cc85c3f4b826556_1.png?strip=all\" \/>\n\t<meta property=\"og:image:width\" content=\"800\" \/>\n\t<meta property=\"og:image:height\" content=\"800\" \/>\n\t<meta property=\"og:image:type\" content=\"image\/png\" \/>\n<meta name=\"twitter:card\" content=\"summary_large_image\" \/>\n<meta name=\"twitter:label1\" content=\"Tempo estimado de leitura\" \/>\n\t<meta name=\"twitter:data1\" content=\"3 minutos\" \/>\n<script type=\"application\/ld+json\" class=\"yoast-schema-graph\">{\"@context\":\"https:\\\/\\\/schema.org\",\"@graph\":[{\"@type\":\"WebPage\",\"@id\":\"https:\\\/\\\/lovme.pt\\\/index.php\\\/produto\\\/rockarmy-arnes-silicone-liquido-premium-spitfire-realista-21-cm-o-4-62-cm\\\/\",\"url\":\"https:\\\/\\\/lovme.pt\\\/index.php\\\/produto\\\/rockarmy-arnes-silicone-liquido-premium-spitfire-realista-21-cm-o-4-62-cm\\\/\",\"name\":\"ROCKARMY - ARN\u00caS + SILICONE L\u00cdQUIDO PREMIUM SPITFIRE REALISTA 21 CM -O- 4.62 CM - Lovme\",\"isPartOf\":{\"@id\":\"https:\\\/\\\/lovme.pt\\\/#website\"},\"primaryImageOfPage\":{\"@id\":\"https:\\\/\\\/lovme.pt\\\/index.php\\\/produto\\\/rockarmy-arnes-silicone-liquido-premium-spitfire-realista-21-cm-o-4-62-cm\\\/#primaryimage\"},\"image\":{\"@id\":\"https:\\\/\\\/lovme.pt\\\/index.php\\\/produto\\\/rockarmy-arnes-silicone-liquido-premium-spitfire-realista-21-cm-o-4-62-cm\\\/#primaryimage\"},\"thumbnailUrl\":\"https:\\\/\\\/erki24nd3ub.exactdn.com\\\/wp-content\\\/uploads\\\/dream\\\/img\\\/img_98309_f904c5e7df6105d97cc85c3f4b826556_1.png?strip=all\",\"datePublished\":\"2025-09-30T09:55:44+00:00\",\"dateModified\":\"2026-02-25T06:52:37+00:00\",\"breadcrumb\":{\"@id\":\"https:\\\/\\\/lovme.pt\\\/index.php\\\/produto\\\/rockarmy-arnes-silicone-liquido-premium-spitfire-realista-21-cm-o-4-62-cm\\\/#breadcrumb\"},\"inLanguage\":\"pt-PT\",\"potentialAction\":[{\"@type\":\"ReadAction\",\"target\":[\"https:\\\/\\\/lovme.pt\\\/index.php\\\/produto\\\/rockarmy-arnes-silicone-liquido-premium-spitfire-realista-21-cm-o-4-62-cm\\\/\"]}]},{\"@type\":\"ImageObject\",\"inLanguage\":\"pt-PT\",\"@id\":\"https:\\\/\\\/lovme.pt\\\/index.php\\\/produto\\\/rockarmy-arnes-silicone-liquido-premium-spitfire-realista-21-cm-o-4-62-cm\\\/#primaryimage\",\"url\":\"https:\\\/\\\/erki24nd3ub.exactdn.com\\\/wp-content\\\/uploads\\\/dream\\\/img\\\/img_98309_f904c5e7df6105d97cc85c3f4b826556_1.png?strip=all\",\"contentUrl\":\"https:\\\/\\\/erki24nd3ub.exactdn.com\\\/wp-content\\\/uploads\\\/dream\\\/img\\\/img_98309_f904c5e7df6105d97cc85c3f4b826556_1.png?strip=all\",\"width\":800,\"height\":800},{\"@type\":\"BreadcrumbList\",\"@id\":\"https:\\\/\\\/lovme.pt\\\/index.php\\\/produto\\\/rockarmy-arnes-silicone-liquido-premium-spitfire-realista-21-cm-o-4-62-cm\\\/#breadcrumb\",\"itemListElement\":[{\"@type\":\"ListItem\",\"position\":1,\"name\":\"In\u00edcio\",\"item\":\"https:\\\/\\\/lovme.pt\\\/\"},{\"@type\":\"ListItem\",\"position\":2,\"name\":\"Loja\",\"item\":\"https:\\\/\\\/lovme.pt\\\/index.php\\\/loja\\\/\"},{\"@type\":\"ListItem\",\"position\":3,\"name\":\"ROCKARMY &#8211; ARN\u00caS + SILICONE L\u00cdQUIDO PREMIUM SPITFIRE REALISTA 21 CM -O- 4.62 CM\"}]},{\"@type\":\"WebSite\",\"@id\":\"https:\\\/\\\/lovme.pt\\\/#website\",\"url\":\"https:\\\/\\\/lovme.pt\\\/\",\"name\":\"Lovme Loja Er\u00f3tica N\u00ba1 em Portugal\",\"description\":\"A melhor loja er\u00f3tica de Portugal.\",\"alternateName\":\"Loja Er\u00f3tica Lovme\",\"potentialAction\":[{\"@type\":\"SearchAction\",\"target\":{\"@type\":\"EntryPoint\",\"urlTemplate\":\"https:\\\/\\\/lovme.pt\\\/?s={search_term_string}\"},\"query-input\":{\"@type\":\"PropertyValueSpecification\",\"valueRequired\":true,\"valueName\":\"search_term_string\"}}],\"inLanguage\":\"pt-PT\"}]}<\/script>\n<!-- \/ Yoast SEO plugin. -->","yoast_head_json":{"title":"ROCKARMY - ARN\u00caS + SILICONE L\u00cdQUIDO PREMIUM SPITFIRE REALISTA 21 CM -O- 4.62 CM - Lovme","robots":{"index":"index","follow":"follow","max-snippet":"max-snippet:-1","max-image-preview":"max-image-preview:large","max-video-preview":"max-video-preview:-1"},"canonical":"https:\/\/lovme.pt\/index.php\/produto\/rockarmy-arnes-silicone-liquido-premium-spitfire-realista-21-cm-o-4-62-cm\/","og_locale":"pt_PT","og_type":"article","og_title":"ROCKARMY - ARN\u00caS + SILICONE L\u00cdQUIDO PREMIUM SPITFIRE REALISTA 21 CM -O- 4.62 CM - Lovme","og_description":"ROCKARMY - ARN\u00caS + SILICONE L\u00cdQUIDO PREMIUM SPITFIRE REALISTA 21 CM -O- 4.62 CM","og_url":"https:\/\/lovme.pt\/index.php\/produto\/rockarmy-arnes-silicone-liquido-premium-spitfire-realista-21-cm-o-4-62-cm\/","og_site_name":"Lovme","article_modified_time":"2026-02-25T06:52:37+00:00","og_image":[{"width":800,"height":800,"url":"https:\/\/erki24nd3ub.exactdn.com\/wp-content\/uploads\/dream\/img\/img_98309_f904c5e7df6105d97cc85c3f4b826556_1.png?strip=all","type":"image\/png"}],"twitter_card":"summary_large_image","twitter_misc":{"Tempo estimado de leitura":"3 minutos"},"schema":{"@context":"https:\/\/schema.org","@graph":[{"@type":"WebPage","@id":"https:\/\/lovme.pt\/index.php\/produto\/rockarmy-arnes-silicone-liquido-premium-spitfire-realista-21-cm-o-4-62-cm\/","url":"https:\/\/lovme.pt\/index.php\/produto\/rockarmy-arnes-silicone-liquido-premium-spitfire-realista-21-cm-o-4-62-cm\/","name":"ROCKARMY - ARN\u00caS + SILICONE L\u00cdQUIDO PREMIUM SPITFIRE REALISTA 21 CM -O- 4.62 CM - Lovme","isPartOf":{"@id":"https:\/\/lovme.pt\/#website"},"primaryImageOfPage":{"@id":"https:\/\/lovme.pt\/index.php\/produto\/rockarmy-arnes-silicone-liquido-premium-spitfire-realista-21-cm-o-4-62-cm\/#primaryimage"},"image":{"@id":"https:\/\/lovme.pt\/index.php\/produto\/rockarmy-arnes-silicone-liquido-premium-spitfire-realista-21-cm-o-4-62-cm\/#primaryimage"},"thumbnailUrl":"https:\/\/erki24nd3ub.exactdn.com\/wp-content\/uploads\/dream\/img\/img_98309_f904c5e7df6105d97cc85c3f4b826556_1.png?strip=all","datePublished":"2025-09-30T09:55:44+00:00","dateModified":"2026-02-25T06:52:37+00:00","breadcrumb":{"@id":"https:\/\/lovme.pt\/index.php\/produto\/rockarmy-arnes-silicone-liquido-premium-spitfire-realista-21-cm-o-4-62-cm\/#breadcrumb"},"inLanguage":"pt-PT","potentialAction":[{"@type":"ReadAction","target":["https:\/\/lovme.pt\/index.php\/produto\/rockarmy-arnes-silicone-liquido-premium-spitfire-realista-21-cm-o-4-62-cm\/"]}]},{"@type":"ImageObject","inLanguage":"pt-PT","@id":"https:\/\/lovme.pt\/index.php\/produto\/rockarmy-arnes-silicone-liquido-premium-spitfire-realista-21-cm-o-4-62-cm\/#primaryimage","url":"https:\/\/erki24nd3ub.exactdn.com\/wp-content\/uploads\/dream\/img\/img_98309_f904c5e7df6105d97cc85c3f4b826556_1.png?strip=all","contentUrl":"https:\/\/erki24nd3ub.exactdn.com\/wp-content\/uploads\/dream\/img\/img_98309_f904c5e7df6105d97cc85c3f4b826556_1.png?strip=all","width":800,"height":800},{"@type":"BreadcrumbList","@id":"https:\/\/lovme.pt\/index.php\/produto\/rockarmy-arnes-silicone-liquido-premium-spitfire-realista-21-cm-o-4-62-cm\/#breadcrumb","itemListElement":[{"@type":"ListItem","position":1,"name":"In\u00edcio","item":"https:\/\/lovme.pt\/"},{"@type":"ListItem","position":2,"name":"Loja","item":"https:\/\/lovme.pt\/index.php\/loja\/"},{"@type":"ListItem","position":3,"name":"ROCKARMY &#8211; ARN\u00caS + SILICONE L\u00cdQUIDO PREMIUM SPITFIRE REALISTA 21 CM -O- 4.62 CM"}]},{"@type":"WebSite","@id":"https:\/\/lovme.pt\/#website","url":"https:\/\/lovme.pt\/","name":"Lovme Loja Er\u00f3tica N\u00ba1 em Portugal","description":"A melhor loja er\u00f3tica de Portugal.","alternateName":"Loja Er\u00f3tica Lovme","potentialAction":[{"@type":"SearchAction","target":{"@type":"EntryPoint","urlTemplate":"https:\/\/lovme.pt\/?s={search_term_string}"},"query-input":{"@type":"PropertyValueSpecification","valueRequired":true,"valueName":"search_term_string"}}],"inLanguage":"pt-PT"}]}},"_links":{"self":[{"href":"https:\/\/lovme.pt\/index.php\/wp-json\/wp\/v2\/product\/33159","targetHints":{"allow":["GET"]}}],"collection":[{"href":"https:\/\/lovme.pt\/index.php\/wp-json\/wp\/v2\/product"}],"about":[{"href":"https:\/\/lovme.pt\/index.php\/wp-json\/wp\/v2\/types\/product"}],"wp:featuredmedia":[{"embeddable":true,"href":"https:\/\/lovme.pt\/index.php\/wp-json\/wp\/v2\/media\/59464"}],"wp:attachment":[{"href":"https:\/\/lovme.pt\/index.php\/wp-json\/wp\/v2\/media?parent=33159"}],"wp:term":[{"taxonomy":"product_brand","embeddable":true,"href":"https:\/\/lovme.pt\/index.php\/wp-json\/wp\/v2\/product_brand?post=33159"},{"taxonomy":"product_cat","embeddable":true,"href":"https:\/\/lovme.pt\/index.php\/wp-json\/wp\/v2\/product_cat?post=33159"},{"taxonomy":"product_tag","embeddable":true,"href":"https:\/\/lovme.pt\/index.php\/wp-json\/wp\/v2\/product_tag?post=33159"}],"curies":[{"name":"wp","href":"https:\/\/api.w.org\/{rel}","templated":true}]}}