{"id":33158,"date":"2025-09-30T09:55:43","date_gmt":"2025-09-30T09:55:43","guid":{"rendered":"https:\/\/lovme.pt\/?post_type=product&#038;p=33158"},"modified":"2026-02-25T06:52:24","modified_gmt":"2026-02-25T06:52:24","slug":"rockarmy-arn-s-dildo-silicone-liquido-premium-kingcobra-24-cm-o-4-77-cm","status":"publish","type":"product","link":"https:\/\/lovme.pt\/index.php\/produto\/rockarmy-arn-s-dildo-silicone-liquido-premium-kingcobra-24-cm-o-4-77-cm\/","title":{"rendered":"ROCKARMY &#8211; ARN S + DILDO SILICONE L\u00cdQUIDO PREMIUM KINGCOBRA 24 CM -O- 4.77 CM"},"content":{"rendered":"<p><strong>ARN&Ecirc;S KINGCOBRA + VIBRADOR<\/strong><\/p>\n<p>O Silicone L&iacute;quido Kingcobra &eacute; um vibrador de silicone prazeroso e realista da cole&ccedil;&atilde;o Rock Army, projetado para atingir todos os seus pontos &iacute;ntimos.<\/p>\n<p>Este p&ecirc;nis realista premium tem um tom natural e uma silhueta com base em ventosa: oferecendo uma experi&ecirc;ncia realista e emocionante.<\/p>\n<p>O design apresenta detalhes cuidadosamente elaborados para real&ccedil;ar seu apelo natural, enquanto seu material de dupla densidade oferece o dobro de divers&atilde;o &iacute;ntima.<\/p>\n<p>Seu exterior de toque suave e n&uacute;cleo s&oacute;lido formam uma combina&ccedil;&atilde;o irresist&iacute;vel que o deixar&aacute; sem palavras com sua sensa&ccedil;&atilde;o sensacional.<\/p>\n<p>Suas qualidades tamb&eacute;m s&atilde;o &oacute;timas. Com seu toque sedoso e agrad&aacute;vel superf&iacute;cie 100% silicone, Kingcobra estimula em todas as situa&ccedil;&otilde;es; na cama, na banheira ou com arn&ecirc;s. Al&eacute;m disso, o Kingcobra pode ser usado sem as m&atilde;os, colocando o p&eacute; ergonomicamente sobre uma superf&iacute;cie plana. Ele permanecer&aacute; assim pelo tempo que for necess&aacute;rio e ser&aacute; removido com total facilidade.<\/p>\n<p>Feito de silicone l&iacute;quido e embalado de maneira cuidadosamente revisada, o silicone l&iacute;quido Rock Army &eacute; obrigat&oacute;rio para todos os amantes da divers&atilde;o realista.<\/p>\n<p>O material hipoalerg&eacute;nico 100% Silicone L&iacute;quido da Rockarmy destaca-se pela sua superf&iacute;cie mate e sedosa com uma extraordin&aacute;ria adapta&ccedil;&atilde;o ao corpo. Acabamento imperme&aacute;vel premium (IPX7).<\/p>\n<p>Os brinquedos sexuais s&atilde;o f&aacute;ceis de limpar e permanecem higi&ecirc;nicos por muito tempo. O material flex&iacute;vel desliza maravilhosamente e se adapta rapidamente &agrave; temperatura corporal. O vibrador Rockarmy limpa r&aacute;pida e facilmente com um pouco de sab&atilde;o e &aacute;gua morna. Para uma higiene completa, pulverize a seguir com limpador desinfetante para brinquedos sexuais, de prefer&ecirc;ncia com limpador de brinquedos waterfeel, desenvolvido especificamente para isso.<\/p>\n<ul>\n<li>Vibrador<\/li>\n<li>Para uso vaginal e anal<\/li>\n<li>A base larga do brinquedo estimula zonas er&oacute;genas externas e garante um uso anal 100% seguro<\/li>\n<li>Tem uma bela superf&iacute;cie lisa e um design muito realista<\/li>\n<li>O corpo &eacute; est&aacute;vel e muito flex&iacute;vel ao mesmo tempo<\/li>\n<li>A base da ventosa permite a sua fixa&ccedil;&atilde;o em superf&iacute;cies e paredes lisas.<\/li>\n<li>Pode ser usado com arn&ecirc;s<\/li>\n<li>Material hipoalerg&ecirc;nico e inodoro<\/li>\n<li>Capa de chuva<\/li>\n<li>F&aacute;cil de limpar com WATERFEEL TOYCLEANER ou &aacute;gua e sab&atilde;o neutro<\/li>\n<li>Tamanho: 24 cm x 4,77 cm<\/li>\n<\/ul>\n<p>SOBRE O ARN&Ecirc;S:<\/p>\n<p>A&iacute; vem o complemento perfeito para sua linha favorita de vibradores: o arn&ecirc;s RockArmy.<\/p>\n<p>&Eacute; hora de brincar e n&atilde;o importa se o seu parceiro &eacute; homem ou mulher, porque voc&ecirc; pode finalmente adaptar o seu vibrador favorito e coloc&aacute;-lo confortavelmente com este arn&ecirc;s de couro PU resistente gra&ccedil;as &agrave;s suas quatro tiras de n&aacute;ilon e ao seu fecho traseiro.<\/p>\n<p>Jogar forte n&atilde;o ser&aacute; problema, pois o vibrador se segura e se adapta sem problemas, al&eacute;m de incorporar 3 an&eacute;is de silicone de diferentes tamanhos.<\/p>\n<ul>\n<li>material seguro para o corpo<\/li>\n<li>Correias de n&aacute;ilon. Resist&ecirc;ncia e m&aacute;ximo conforto<\/li>\n<li>Couro PU<\/li>\n<li>Detalhes met&aacute;licos<\/li>\n<li>An&eacute;is flex&iacute;veis inclu&iacute;dos<\/li>\n<\/ul>\n<p>&Eacute; hora de proporcionar um prazer requintado com o arn&ecirc;s Rock Army!<\/p>\n<p style=\"text-align: center\">&nbsp;<\/p>\n","protected":false},"excerpt":{"rendered":"<p>ROCKARMY &#8211; ARN\u00caS + SILICONE L\u00cdQUIDO PREMIUM KINGCOBRA REALISTA 24 CM -O- 4.77 CM<\/p>\n","protected":false},"featured_media":59459,"template":"","meta":{"_acf_changed":false},"product_brand":[],"product_cat":[17,56],"product_tag":[],"class_list":{"0":"post-33158","1":"product","2":"type-product","3":"status-publish","4":"has-post-thumbnail","6":"product_cat-brinquedos-de-bem-estar-sexual","7":"product_cat-dildos-e-arneses","8":"yith_product_brand-rock-army","10":"first","11":"instock","12":"taxable","13":"shipping-taxable","14":"purchasable","15":"product-type-simple"},"acf":[],"yoast_head":"<!-- This site is optimized with the Yoast SEO plugin v27.4 - https:\/\/yoast.com\/product\/yoast-seo-wordpress\/ -->\n<title>ROCKARMY - ARN S + DILDO SILICONE L\u00cdQUIDO PREMIUM KINGCOBRA 24 CM -O- 4.77 CM - Lovme<\/title>\n<meta name=\"robots\" content=\"index, follow, max-snippet:-1, max-image-preview:large, max-video-preview:-1\" \/>\n<link rel=\"canonical\" href=\"https:\/\/lovme.pt\/index.php\/produto\/rockarmy-arn-s-dildo-silicone-liquido-premium-kingcobra-24-cm-o-4-77-cm\/\" \/>\n<meta property=\"og:locale\" content=\"pt_PT\" \/>\n<meta property=\"og:type\" content=\"article\" \/>\n<meta property=\"og:title\" content=\"ROCKARMY - ARN S + DILDO SILICONE L\u00cdQUIDO PREMIUM KINGCOBRA 24 CM -O- 4.77 CM - Lovme\" \/>\n<meta property=\"og:description\" content=\"ROCKARMY - ARN\u00caS + SILICONE L\u00cdQUIDO PREMIUM KINGCOBRA REALISTA 24 CM -O- 4.77 CM\" \/>\n<meta property=\"og:url\" content=\"https:\/\/lovme.pt\/index.php\/produto\/rockarmy-arn-s-dildo-silicone-liquido-premium-kingcobra-24-cm-o-4-77-cm\/\" \/>\n<meta property=\"og:site_name\" content=\"Lovme\" \/>\n<meta property=\"article:modified_time\" content=\"2026-02-25T06:52:24+00:00\" \/>\n<meta property=\"og:image\" content=\"https:\/\/erki24nd3ub.exactdn.com\/wp-content\/uploads\/dream\/img\/img_98295_c631b53e14648eaded9bcbcaa3e7540f_1.png?strip=all\" \/>\n\t<meta property=\"og:image:width\" content=\"800\" \/>\n\t<meta property=\"og:image:height\" content=\"800\" \/>\n\t<meta property=\"og:image:type\" content=\"image\/png\" \/>\n<meta name=\"twitter:card\" content=\"summary_large_image\" \/>\n<meta name=\"twitter:label1\" content=\"Tempo estimado de leitura\" \/>\n\t<meta name=\"twitter:data1\" content=\"3 minutos\" \/>\n<script type=\"application\/ld+json\" class=\"yoast-schema-graph\">{\"@context\":\"https:\\\/\\\/schema.org\",\"@graph\":[{\"@type\":\"WebPage\",\"@id\":\"https:\\\/\\\/lovme.pt\\\/index.php\\\/produto\\\/rockarmy-arn-s-dildo-silicone-liquido-premium-kingcobra-24-cm-o-4-77-cm\\\/\",\"url\":\"https:\\\/\\\/lovme.pt\\\/index.php\\\/produto\\\/rockarmy-arn-s-dildo-silicone-liquido-premium-kingcobra-24-cm-o-4-77-cm\\\/\",\"name\":\"ROCKARMY - ARN S + DILDO SILICONE L\u00cdQUIDO PREMIUM KINGCOBRA 24 CM -O- 4.77 CM - Lovme\",\"isPartOf\":{\"@id\":\"https:\\\/\\\/lovme.pt\\\/#website\"},\"primaryImageOfPage\":{\"@id\":\"https:\\\/\\\/lovme.pt\\\/index.php\\\/produto\\\/rockarmy-arn-s-dildo-silicone-liquido-premium-kingcobra-24-cm-o-4-77-cm\\\/#primaryimage\"},\"image\":{\"@id\":\"https:\\\/\\\/lovme.pt\\\/index.php\\\/produto\\\/rockarmy-arn-s-dildo-silicone-liquido-premium-kingcobra-24-cm-o-4-77-cm\\\/#primaryimage\"},\"thumbnailUrl\":\"https:\\\/\\\/erki24nd3ub.exactdn.com\\\/wp-content\\\/uploads\\\/dream\\\/img\\\/img_98295_c631b53e14648eaded9bcbcaa3e7540f_1.png?strip=all\",\"datePublished\":\"2025-09-30T09:55:43+00:00\",\"dateModified\":\"2026-02-25T06:52:24+00:00\",\"breadcrumb\":{\"@id\":\"https:\\\/\\\/lovme.pt\\\/index.php\\\/produto\\\/rockarmy-arn-s-dildo-silicone-liquido-premium-kingcobra-24-cm-o-4-77-cm\\\/#breadcrumb\"},\"inLanguage\":\"pt-PT\",\"potentialAction\":[{\"@type\":\"ReadAction\",\"target\":[\"https:\\\/\\\/lovme.pt\\\/index.php\\\/produto\\\/rockarmy-arn-s-dildo-silicone-liquido-premium-kingcobra-24-cm-o-4-77-cm\\\/\"]}]},{\"@type\":\"ImageObject\",\"inLanguage\":\"pt-PT\",\"@id\":\"https:\\\/\\\/lovme.pt\\\/index.php\\\/produto\\\/rockarmy-arn-s-dildo-silicone-liquido-premium-kingcobra-24-cm-o-4-77-cm\\\/#primaryimage\",\"url\":\"https:\\\/\\\/erki24nd3ub.exactdn.com\\\/wp-content\\\/uploads\\\/dream\\\/img\\\/img_98295_c631b53e14648eaded9bcbcaa3e7540f_1.png?strip=all\",\"contentUrl\":\"https:\\\/\\\/erki24nd3ub.exactdn.com\\\/wp-content\\\/uploads\\\/dream\\\/img\\\/img_98295_c631b53e14648eaded9bcbcaa3e7540f_1.png?strip=all\",\"width\":800,\"height\":800},{\"@type\":\"BreadcrumbList\",\"@id\":\"https:\\\/\\\/lovme.pt\\\/index.php\\\/produto\\\/rockarmy-arn-s-dildo-silicone-liquido-premium-kingcobra-24-cm-o-4-77-cm\\\/#breadcrumb\",\"itemListElement\":[{\"@type\":\"ListItem\",\"position\":1,\"name\":\"In\u00edcio\",\"item\":\"https:\\\/\\\/lovme.pt\\\/\"},{\"@type\":\"ListItem\",\"position\":2,\"name\":\"Loja\",\"item\":\"https:\\\/\\\/lovme.pt\\\/index.php\\\/loja\\\/\"},{\"@type\":\"ListItem\",\"position\":3,\"name\":\"ROCKARMY &#8211; ARN S + DILDO SILICONE L\u00cdQUIDO PREMIUM KINGCOBRA 24 CM -O- 4.77 CM\"}]},{\"@type\":\"WebSite\",\"@id\":\"https:\\\/\\\/lovme.pt\\\/#website\",\"url\":\"https:\\\/\\\/lovme.pt\\\/\",\"name\":\"Lovme Loja Er\u00f3tica N\u00ba1 em Portugal\",\"description\":\"A melhor loja er\u00f3tica de Portugal.\",\"alternateName\":\"Loja Er\u00f3tica Lovme\",\"potentialAction\":[{\"@type\":\"SearchAction\",\"target\":{\"@type\":\"EntryPoint\",\"urlTemplate\":\"https:\\\/\\\/lovme.pt\\\/?s={search_term_string}\"},\"query-input\":{\"@type\":\"PropertyValueSpecification\",\"valueRequired\":true,\"valueName\":\"search_term_string\"}}],\"inLanguage\":\"pt-PT\"}]}<\/script>\n<!-- \/ Yoast SEO plugin. -->","yoast_head_json":{"title":"ROCKARMY - ARN S + DILDO SILICONE L\u00cdQUIDO PREMIUM KINGCOBRA 24 CM -O- 4.77 CM - Lovme","robots":{"index":"index","follow":"follow","max-snippet":"max-snippet:-1","max-image-preview":"max-image-preview:large","max-video-preview":"max-video-preview:-1"},"canonical":"https:\/\/lovme.pt\/index.php\/produto\/rockarmy-arn-s-dildo-silicone-liquido-premium-kingcobra-24-cm-o-4-77-cm\/","og_locale":"pt_PT","og_type":"article","og_title":"ROCKARMY - ARN S + DILDO SILICONE L\u00cdQUIDO PREMIUM KINGCOBRA 24 CM -O- 4.77 CM - Lovme","og_description":"ROCKARMY - ARN\u00caS + SILICONE L\u00cdQUIDO PREMIUM KINGCOBRA REALISTA 24 CM -O- 4.77 CM","og_url":"https:\/\/lovme.pt\/index.php\/produto\/rockarmy-arn-s-dildo-silicone-liquido-premium-kingcobra-24-cm-o-4-77-cm\/","og_site_name":"Lovme","article_modified_time":"2026-02-25T06:52:24+00:00","og_image":[{"width":800,"height":800,"url":"https:\/\/erki24nd3ub.exactdn.com\/wp-content\/uploads\/dream\/img\/img_98295_c631b53e14648eaded9bcbcaa3e7540f_1.png?strip=all","type":"image\/png"}],"twitter_card":"summary_large_image","twitter_misc":{"Tempo estimado de leitura":"3 minutos"},"schema":{"@context":"https:\/\/schema.org","@graph":[{"@type":"WebPage","@id":"https:\/\/lovme.pt\/index.php\/produto\/rockarmy-arn-s-dildo-silicone-liquido-premium-kingcobra-24-cm-o-4-77-cm\/","url":"https:\/\/lovme.pt\/index.php\/produto\/rockarmy-arn-s-dildo-silicone-liquido-premium-kingcobra-24-cm-o-4-77-cm\/","name":"ROCKARMY - ARN S + DILDO SILICONE L\u00cdQUIDO PREMIUM KINGCOBRA 24 CM -O- 4.77 CM - Lovme","isPartOf":{"@id":"https:\/\/lovme.pt\/#website"},"primaryImageOfPage":{"@id":"https:\/\/lovme.pt\/index.php\/produto\/rockarmy-arn-s-dildo-silicone-liquido-premium-kingcobra-24-cm-o-4-77-cm\/#primaryimage"},"image":{"@id":"https:\/\/lovme.pt\/index.php\/produto\/rockarmy-arn-s-dildo-silicone-liquido-premium-kingcobra-24-cm-o-4-77-cm\/#primaryimage"},"thumbnailUrl":"https:\/\/erki24nd3ub.exactdn.com\/wp-content\/uploads\/dream\/img\/img_98295_c631b53e14648eaded9bcbcaa3e7540f_1.png?strip=all","datePublished":"2025-09-30T09:55:43+00:00","dateModified":"2026-02-25T06:52:24+00:00","breadcrumb":{"@id":"https:\/\/lovme.pt\/index.php\/produto\/rockarmy-arn-s-dildo-silicone-liquido-premium-kingcobra-24-cm-o-4-77-cm\/#breadcrumb"},"inLanguage":"pt-PT","potentialAction":[{"@type":"ReadAction","target":["https:\/\/lovme.pt\/index.php\/produto\/rockarmy-arn-s-dildo-silicone-liquido-premium-kingcobra-24-cm-o-4-77-cm\/"]}]},{"@type":"ImageObject","inLanguage":"pt-PT","@id":"https:\/\/lovme.pt\/index.php\/produto\/rockarmy-arn-s-dildo-silicone-liquido-premium-kingcobra-24-cm-o-4-77-cm\/#primaryimage","url":"https:\/\/erki24nd3ub.exactdn.com\/wp-content\/uploads\/dream\/img\/img_98295_c631b53e14648eaded9bcbcaa3e7540f_1.png?strip=all","contentUrl":"https:\/\/erki24nd3ub.exactdn.com\/wp-content\/uploads\/dream\/img\/img_98295_c631b53e14648eaded9bcbcaa3e7540f_1.png?strip=all","width":800,"height":800},{"@type":"BreadcrumbList","@id":"https:\/\/lovme.pt\/index.php\/produto\/rockarmy-arn-s-dildo-silicone-liquido-premium-kingcobra-24-cm-o-4-77-cm\/#breadcrumb","itemListElement":[{"@type":"ListItem","position":1,"name":"In\u00edcio","item":"https:\/\/lovme.pt\/"},{"@type":"ListItem","position":2,"name":"Loja","item":"https:\/\/lovme.pt\/index.php\/loja\/"},{"@type":"ListItem","position":3,"name":"ROCKARMY &#8211; ARN S + DILDO SILICONE L\u00cdQUIDO PREMIUM KINGCOBRA 24 CM -O- 4.77 CM"}]},{"@type":"WebSite","@id":"https:\/\/lovme.pt\/#website","url":"https:\/\/lovme.pt\/","name":"Lovme Loja Er\u00f3tica N\u00ba1 em Portugal","description":"A melhor loja er\u00f3tica de Portugal.","alternateName":"Loja Er\u00f3tica Lovme","potentialAction":[{"@type":"SearchAction","target":{"@type":"EntryPoint","urlTemplate":"https:\/\/lovme.pt\/?s={search_term_string}"},"query-input":{"@type":"PropertyValueSpecification","valueRequired":true,"valueName":"search_term_string"}}],"inLanguage":"pt-PT"}]}},"_links":{"self":[{"href":"https:\/\/lovme.pt\/index.php\/wp-json\/wp\/v2\/product\/33158","targetHints":{"allow":["GET"]}}],"collection":[{"href":"https:\/\/lovme.pt\/index.php\/wp-json\/wp\/v2\/product"}],"about":[{"href":"https:\/\/lovme.pt\/index.php\/wp-json\/wp\/v2\/types\/product"}],"wp:featuredmedia":[{"embeddable":true,"href":"https:\/\/lovme.pt\/index.php\/wp-json\/wp\/v2\/media\/59459"}],"wp:attachment":[{"href":"https:\/\/lovme.pt\/index.php\/wp-json\/wp\/v2\/media?parent=33158"}],"wp:term":[{"taxonomy":"product_brand","embeddable":true,"href":"https:\/\/lovme.pt\/index.php\/wp-json\/wp\/v2\/product_brand?post=33158"},{"taxonomy":"product_cat","embeddable":true,"href":"https:\/\/lovme.pt\/index.php\/wp-json\/wp\/v2\/product_cat?post=33158"},{"taxonomy":"product_tag","embeddable":true,"href":"https:\/\/lovme.pt\/index.php\/wp-json\/wp\/v2\/product_tag?post=33158"}],"curies":[{"name":"wp","href":"https:\/\/api.w.org\/{rel}","templated":true}]}}