{"id":33150,"date":"2025-09-30T09:57:12","date_gmt":"2025-09-30T09:57:12","guid":{"rendered":"https:\/\/lovme.pt\/?post_type=product&#038;p=33150"},"modified":"2026-02-25T06:51:05","modified_gmt":"2026-02-25T06:51:05","slug":"rockarmy-arnes-ajustavel-e-aneis-flexiveis","status":"publish","type":"product","link":"https:\/\/lovme.pt\/index.php\/produto\/rockarmy-arnes-ajustavel-e-aneis-flexiveis\/","title":{"rendered":"ROCKARMY &#8211; ARN\u00caS AJUST\u00c1VEL E AN\u00c9IS FLEX\u00cdVEIS"},"content":{"rendered":"<p>A&iacute; vem o complemento perfeito para sua linha favorita de vibradores: o arn&ecirc;s RockArmy.<\/p>\n<p>&Eacute; hora de brincar e n&atilde;o importa se o seu parceiro &eacute; homem ou mulher, porque voc&ecirc; pode finalmente adaptar o seu vibrador favorito e coloc&aacute;-lo confortavelmente com este arn&ecirc;s de couro PU resistente gra&ccedil;as &agrave;s suas quatro tiras de n&aacute;ilon e ao seu fecho traseiro.<\/p>\n<p>Jogar forte n&atilde;o ser&aacute; problema, pois o vibrador se segura e se adapta sem problemas, al&eacute;m de incorporar 3 an&eacute;is de silicone de diferentes tamanhos.<\/p>\n<ul>\n<li>material seguro para o corpo<\/li>\n<li>Correias de n&aacute;ilon. Resist&ecirc;ncia e m&aacute;ximo conforto<\/li>\n<li>Couro PU<\/li>\n<li>Detalhes met&aacute;licos<\/li>\n<li>An&eacute;is flex&iacute;veis inclu&iacute;dos<\/li>\n<\/ul>\n<p>&Eacute; hora de proporcionar um prazer requintado com o arn&ecirc;s Rock Army!<\/p>\n","protected":false},"excerpt":{"rendered":"<p>ROCKARMY &#8211; ARN\u00caS AJUST\u00c1VEL E AN\u00c9IS FLEX\u00cdVEIS<\/p>\n","protected":false},"featured_media":59842,"template":"","meta":{"_acf_changed":false},"product_brand":[],"product_cat":[17,56],"product_tag":[],"class_list":{"0":"post-33150","1":"product","2":"type-product","3":"status-publish","4":"has-post-thumbnail","6":"product_cat-brinquedos-de-bem-estar-sexual","7":"product_cat-dildos-e-arneses","8":"yith_product_brand-rock-army","10":"first","11":"instock","12":"taxable","13":"shipping-taxable","14":"purchasable","15":"product-type-simple"},"acf":[],"yoast_head":"<!-- This site is optimized with the Yoast SEO plugin v27.4 - https:\/\/yoast.com\/product\/yoast-seo-wordpress\/ -->\n<title>ROCKARMY - ARN\u00caS AJUST\u00c1VEL E AN\u00c9IS FLEX\u00cdVEIS - Lovme<\/title>\n<meta name=\"robots\" content=\"index, follow, max-snippet:-1, max-image-preview:large, max-video-preview:-1\" \/>\n<link rel=\"canonical\" href=\"https:\/\/lovme.pt\/index.php\/produto\/rockarmy-arnes-ajustavel-e-aneis-flexiveis\/\" \/>\n<meta property=\"og:locale\" content=\"pt_PT\" \/>\n<meta property=\"og:type\" content=\"article\" \/>\n<meta property=\"og:title\" content=\"ROCKARMY - ARN\u00caS AJUST\u00c1VEL E AN\u00c9IS FLEX\u00cdVEIS - Lovme\" \/>\n<meta property=\"og:description\" content=\"ROCKARMY - ARN\u00caS AJUST\u00c1VEL E AN\u00c9IS FLEX\u00cdVEIS\" \/>\n<meta property=\"og:url\" content=\"https:\/\/lovme.pt\/index.php\/produto\/rockarmy-arnes-ajustavel-e-aneis-flexiveis\/\" \/>\n<meta property=\"og:site_name\" content=\"Lovme\" \/>\n<meta property=\"article:modified_time\" content=\"2026-02-25T06:51:05+00:00\" \/>\n<meta property=\"og:image\" content=\"https:\/\/erki24nd3ub.exactdn.com\/wp-content\/uploads\/dream\/img\/img_98186_a15c280706dad9105fd2bc3ca4b2f067_1.png?strip=all\" \/>\n\t<meta property=\"og:image:width\" content=\"800\" \/>\n\t<meta property=\"og:image:height\" content=\"800\" \/>\n\t<meta property=\"og:image:type\" content=\"image\/png\" \/>\n<meta name=\"twitter:card\" content=\"summary_large_image\" \/>\n<meta name=\"twitter:label1\" content=\"Tempo estimado de leitura\" \/>\n\t<meta name=\"twitter:data1\" content=\"1 minuto\" \/>\n<script type=\"application\/ld+json\" class=\"yoast-schema-graph\">{\"@context\":\"https:\\\/\\\/schema.org\",\"@graph\":[{\"@type\":\"WebPage\",\"@id\":\"https:\\\/\\\/lovme.pt\\\/index.php\\\/produto\\\/rockarmy-arnes-ajustavel-e-aneis-flexiveis\\\/\",\"url\":\"https:\\\/\\\/lovme.pt\\\/index.php\\\/produto\\\/rockarmy-arnes-ajustavel-e-aneis-flexiveis\\\/\",\"name\":\"ROCKARMY - ARN\u00caS AJUST\u00c1VEL E AN\u00c9IS FLEX\u00cdVEIS - Lovme\",\"isPartOf\":{\"@id\":\"https:\\\/\\\/lovme.pt\\\/#website\"},\"primaryImageOfPage\":{\"@id\":\"https:\\\/\\\/lovme.pt\\\/index.php\\\/produto\\\/rockarmy-arnes-ajustavel-e-aneis-flexiveis\\\/#primaryimage\"},\"image\":{\"@id\":\"https:\\\/\\\/lovme.pt\\\/index.php\\\/produto\\\/rockarmy-arnes-ajustavel-e-aneis-flexiveis\\\/#primaryimage\"},\"thumbnailUrl\":\"https:\\\/\\\/erki24nd3ub.exactdn.com\\\/wp-content\\\/uploads\\\/dream\\\/img\\\/img_98186_a15c280706dad9105fd2bc3ca4b2f067_1.png?strip=all\",\"datePublished\":\"2025-09-30T09:57:12+00:00\",\"dateModified\":\"2026-02-25T06:51:05+00:00\",\"breadcrumb\":{\"@id\":\"https:\\\/\\\/lovme.pt\\\/index.php\\\/produto\\\/rockarmy-arnes-ajustavel-e-aneis-flexiveis\\\/#breadcrumb\"},\"inLanguage\":\"pt-PT\",\"potentialAction\":[{\"@type\":\"ReadAction\",\"target\":[\"https:\\\/\\\/lovme.pt\\\/index.php\\\/produto\\\/rockarmy-arnes-ajustavel-e-aneis-flexiveis\\\/\"]}]},{\"@type\":\"ImageObject\",\"inLanguage\":\"pt-PT\",\"@id\":\"https:\\\/\\\/lovme.pt\\\/index.php\\\/produto\\\/rockarmy-arnes-ajustavel-e-aneis-flexiveis\\\/#primaryimage\",\"url\":\"https:\\\/\\\/erki24nd3ub.exactdn.com\\\/wp-content\\\/uploads\\\/dream\\\/img\\\/img_98186_a15c280706dad9105fd2bc3ca4b2f067_1.png?strip=all\",\"contentUrl\":\"https:\\\/\\\/erki24nd3ub.exactdn.com\\\/wp-content\\\/uploads\\\/dream\\\/img\\\/img_98186_a15c280706dad9105fd2bc3ca4b2f067_1.png?strip=all\",\"width\":800,\"height\":800},{\"@type\":\"BreadcrumbList\",\"@id\":\"https:\\\/\\\/lovme.pt\\\/index.php\\\/produto\\\/rockarmy-arnes-ajustavel-e-aneis-flexiveis\\\/#breadcrumb\",\"itemListElement\":[{\"@type\":\"ListItem\",\"position\":1,\"name\":\"In\u00edcio\",\"item\":\"https:\\\/\\\/lovme.pt\\\/\"},{\"@type\":\"ListItem\",\"position\":2,\"name\":\"Loja\",\"item\":\"https:\\\/\\\/lovme.pt\\\/index.php\\\/loja\\\/\"},{\"@type\":\"ListItem\",\"position\":3,\"name\":\"ROCKARMY &#8211; ARN\u00caS AJUST\u00c1VEL E AN\u00c9IS FLEX\u00cdVEIS\"}]},{\"@type\":\"WebSite\",\"@id\":\"https:\\\/\\\/lovme.pt\\\/#website\",\"url\":\"https:\\\/\\\/lovme.pt\\\/\",\"name\":\"Lovme Loja Er\u00f3tica N\u00ba1 em Portugal\",\"description\":\"A melhor loja er\u00f3tica de Portugal.\",\"alternateName\":\"Loja Er\u00f3tica Lovme\",\"potentialAction\":[{\"@type\":\"SearchAction\",\"target\":{\"@type\":\"EntryPoint\",\"urlTemplate\":\"https:\\\/\\\/lovme.pt\\\/?s={search_term_string}\"},\"query-input\":{\"@type\":\"PropertyValueSpecification\",\"valueRequired\":true,\"valueName\":\"search_term_string\"}}],\"inLanguage\":\"pt-PT\"}]}<\/script>\n<!-- \/ Yoast SEO plugin. -->","yoast_head_json":{"title":"ROCKARMY - ARN\u00caS AJUST\u00c1VEL E AN\u00c9IS FLEX\u00cdVEIS - Lovme","robots":{"index":"index","follow":"follow","max-snippet":"max-snippet:-1","max-image-preview":"max-image-preview:large","max-video-preview":"max-video-preview:-1"},"canonical":"https:\/\/lovme.pt\/index.php\/produto\/rockarmy-arnes-ajustavel-e-aneis-flexiveis\/","og_locale":"pt_PT","og_type":"article","og_title":"ROCKARMY - ARN\u00caS AJUST\u00c1VEL E AN\u00c9IS FLEX\u00cdVEIS - Lovme","og_description":"ROCKARMY - ARN\u00caS AJUST\u00c1VEL E AN\u00c9IS FLEX\u00cdVEIS","og_url":"https:\/\/lovme.pt\/index.php\/produto\/rockarmy-arnes-ajustavel-e-aneis-flexiveis\/","og_site_name":"Lovme","article_modified_time":"2026-02-25T06:51:05+00:00","og_image":[{"width":800,"height":800,"url":"https:\/\/erki24nd3ub.exactdn.com\/wp-content\/uploads\/dream\/img\/img_98186_a15c280706dad9105fd2bc3ca4b2f067_1.png?strip=all","type":"image\/png"}],"twitter_card":"summary_large_image","twitter_misc":{"Tempo estimado de leitura":"1 minuto"},"schema":{"@context":"https:\/\/schema.org","@graph":[{"@type":"WebPage","@id":"https:\/\/lovme.pt\/index.php\/produto\/rockarmy-arnes-ajustavel-e-aneis-flexiveis\/","url":"https:\/\/lovme.pt\/index.php\/produto\/rockarmy-arnes-ajustavel-e-aneis-flexiveis\/","name":"ROCKARMY - ARN\u00caS AJUST\u00c1VEL E AN\u00c9IS FLEX\u00cdVEIS - Lovme","isPartOf":{"@id":"https:\/\/lovme.pt\/#website"},"primaryImageOfPage":{"@id":"https:\/\/lovme.pt\/index.php\/produto\/rockarmy-arnes-ajustavel-e-aneis-flexiveis\/#primaryimage"},"image":{"@id":"https:\/\/lovme.pt\/index.php\/produto\/rockarmy-arnes-ajustavel-e-aneis-flexiveis\/#primaryimage"},"thumbnailUrl":"https:\/\/erki24nd3ub.exactdn.com\/wp-content\/uploads\/dream\/img\/img_98186_a15c280706dad9105fd2bc3ca4b2f067_1.png?strip=all","datePublished":"2025-09-30T09:57:12+00:00","dateModified":"2026-02-25T06:51:05+00:00","breadcrumb":{"@id":"https:\/\/lovme.pt\/index.php\/produto\/rockarmy-arnes-ajustavel-e-aneis-flexiveis\/#breadcrumb"},"inLanguage":"pt-PT","potentialAction":[{"@type":"ReadAction","target":["https:\/\/lovme.pt\/index.php\/produto\/rockarmy-arnes-ajustavel-e-aneis-flexiveis\/"]}]},{"@type":"ImageObject","inLanguage":"pt-PT","@id":"https:\/\/lovme.pt\/index.php\/produto\/rockarmy-arnes-ajustavel-e-aneis-flexiveis\/#primaryimage","url":"https:\/\/erki24nd3ub.exactdn.com\/wp-content\/uploads\/dream\/img\/img_98186_a15c280706dad9105fd2bc3ca4b2f067_1.png?strip=all","contentUrl":"https:\/\/erki24nd3ub.exactdn.com\/wp-content\/uploads\/dream\/img\/img_98186_a15c280706dad9105fd2bc3ca4b2f067_1.png?strip=all","width":800,"height":800},{"@type":"BreadcrumbList","@id":"https:\/\/lovme.pt\/index.php\/produto\/rockarmy-arnes-ajustavel-e-aneis-flexiveis\/#breadcrumb","itemListElement":[{"@type":"ListItem","position":1,"name":"In\u00edcio","item":"https:\/\/lovme.pt\/"},{"@type":"ListItem","position":2,"name":"Loja","item":"https:\/\/lovme.pt\/index.php\/loja\/"},{"@type":"ListItem","position":3,"name":"ROCKARMY &#8211; ARN\u00caS AJUST\u00c1VEL E AN\u00c9IS FLEX\u00cdVEIS"}]},{"@type":"WebSite","@id":"https:\/\/lovme.pt\/#website","url":"https:\/\/lovme.pt\/","name":"Lovme Loja Er\u00f3tica N\u00ba1 em Portugal","description":"A melhor loja er\u00f3tica de Portugal.","alternateName":"Loja Er\u00f3tica Lovme","potentialAction":[{"@type":"SearchAction","target":{"@type":"EntryPoint","urlTemplate":"https:\/\/lovme.pt\/?s={search_term_string}"},"query-input":{"@type":"PropertyValueSpecification","valueRequired":true,"valueName":"search_term_string"}}],"inLanguage":"pt-PT"}]}},"_links":{"self":[{"href":"https:\/\/lovme.pt\/index.php\/wp-json\/wp\/v2\/product\/33150","targetHints":{"allow":["GET"]}}],"collection":[{"href":"https:\/\/lovme.pt\/index.php\/wp-json\/wp\/v2\/product"}],"about":[{"href":"https:\/\/lovme.pt\/index.php\/wp-json\/wp\/v2\/types\/product"}],"wp:featuredmedia":[{"embeddable":true,"href":"https:\/\/lovme.pt\/index.php\/wp-json\/wp\/v2\/media\/59842"}],"wp:attachment":[{"href":"https:\/\/lovme.pt\/index.php\/wp-json\/wp\/v2\/media?parent=33150"}],"wp:term":[{"taxonomy":"product_brand","embeddable":true,"href":"https:\/\/lovme.pt\/index.php\/wp-json\/wp\/v2\/product_brand?post=33150"},{"taxonomy":"product_cat","embeddable":true,"href":"https:\/\/lovme.pt\/index.php\/wp-json\/wp\/v2\/product_cat?post=33150"},{"taxonomy":"product_tag","embeddable":true,"href":"https:\/\/lovme.pt\/index.php\/wp-json\/wp\/v2\/product_tag?post=33150"}],"curies":[{"name":"wp","href":"https:\/\/api.w.org\/{rel}","templated":true}]}}