{"id":33149,"date":"2025-10-01T02:54:30","date_gmt":"2025-10-01T02:54:30","guid":{"rendered":"https:\/\/lovme.pt\/?post_type=product&p=33149"},"modified":"2026-02-19T20:21:58","modified_gmt":"2026-02-19T20:21:58","slug":"x-ray-arnes-dildo-transparente-21-cm-o-4-cm","status":"publish","type":"product","link":"https:\/\/lovme.pt\/index.php\/produto\/x-ray-arnes-dildo-transparente-21-cm-o-4-cm\/","title":{"rendered":"X RAY &#8211; ARN\u00caS + DILDO TRANSPARENTE 21 CM -O- 4 CM"},"content":{"rendered":"<p><strong>PACOTE ARN\u00caS + VIBRADOR<\/strong><\/p>\n<p> Claramente o melhor p\u00eanis!<\/p>\n<ul>\n<li> X Ray Clear \u00e9 uma verdadeira experi\u00eancia de prazer com uma f\u00f3rmula especialmente desenvolvida que otimiza a sensa\u00e7\u00e3o suave e sedosa com a firmeza de um vibrador realista totalmente transparente.<\/li>\n<li> O X Ray \u00e9 feito com material Jelly de \u00faltima qualidade vers\u00e3o 2020, totalmente inodoro, macio ao toque e muito f\u00e1cil de limpar.<\/li>\n<\/ul>\n<p> Clareza luminosa e formato realista ir\u00e3o realizar todas as suas fantasias!<br \/> Com seu eixo flex\u00edvel, veias espec\u00edficas e cabe\u00e7a definida, o X Ray Clear envolver\u00e1 seus sentidos visual e fisicamente.<br \/> A poderosa base de ventila\u00e7\u00e3o se conecta a quase qualquer superf\u00edcie plana e torna cada arn\u00eas de vibrador compat\u00edvel com o mar.<\/p>\n<ul>\n<li> Veja as imagens dos produtos para saber o tamanho real<\/li>\n<li> Comprimento total; 21 cm x 4 cm de di\u00e2metro.<\/li>\n<li> Completamente submers\u00edvel.<\/li>\n<li> Material gelatinoso hipoalerg\u00eanico testado<\/li>\n<li> Falatos gr\u00e1tis.<\/li>\n<li> Manuten\u00e7\u00e3o f\u00e1cil.<\/li>\n<\/ul>\n<p> MATERIAL E CUIDADOS<\/p>\n<p> O Xray Jelly Material n\u00e3o \u00e9 poroso, n\u00e3o poroso e, portanto, altamente higi\u00eanico. A textura macia e flex\u00edvel garante que o material Jelly seja agrad\u00e1vel e f\u00e1cil de colocar. Absorve e armazena rapidamente o calor do seu corpo. Para a utiliza\u00e7\u00e3o de lubrificantes, recomendamos um lubrificante \u00e0 base de \u00e1gua Waterfeel. Isso combina com o material e garante que ele mantenha a textura por muito tempo. Ap\u00f3s o uso limpe-o com limpador de brinquedos waterfeel ou sab\u00e3o de pH neutro e \u00e1gua morna para uma limpeza perfeita.<\/p>\n<p> INFORMA\u00c7\u00d5ES DO ARN\u00caS:<\/p>\n<ul>\n<li> Arn\u00eas compat\u00edvel com todos os vibradores X RAY<\/li>\n<li> Inclui 3 an\u00e9is de silicone que far\u00e3o o ajuste perfeito, tornando voc\u00eas dois um s\u00f3.<\/li>\n<li> Material seguro para o corpo.<\/li>\n<li> Correias de nylon para um ajuste perfeito.<\/li>\n<li> Confort\u00e1vel de usar<\/li>\n<li> Detalhes met\u00e1licos, design luxuoso.<\/li>\n<\/ul>\n<p> <b>RAIO X, A MARCA<\/b><\/p>\n<p> Sensa\u00e7\u00e3o firme e realista segundo a marca XRAY, um produto de primeira qualidade a um pre\u00e7o acess\u00edvel que pode ser uma combina\u00e7\u00e3o perfeita de pre\u00e7o e prazer.<\/p>\n","protected":false},"excerpt":{"rendered":"<p>X RAY &#8211; ARN\u00caS + DILDO TRANSPARENTE 21 CM -O- 4 CM<\/p>\n","protected":false},"featured_media":100010,"template":"","meta":{"_acf_changed":false},"product_brand":[],"product_cat":[17,56],"product_tag":[],"class_list":{"0":"post-33149","1":"product","2":"type-product","3":"status-publish","4":"has-post-thumbnail","6":"product_cat-brinquedos-de-bem-estar-sexual","7":"product_cat-dildos-e-arneses","8":"yith_product_brand-x-ray","10":"first","11":"instock","12":"taxable","13":"shipping-taxable","14":"purchasable","15":"product-type-simple"},"acf":[],"yoast_head":"<!-- This site is optimized with the Yoast SEO plugin v27.4 - https:\/\/yoast.com\/product\/yoast-seo-wordpress\/ -->\n<title>X RAY - ARN\u00caS + DILDO TRANSPARENTE 21 CM -O- 4 CM - Lovme<\/title>\n<meta name=\"robots\" content=\"index, follow, max-snippet:-1, max-image-preview:large, max-video-preview:-1\" \/>\n<link rel=\"canonical\" href=\"https:\/\/lovme.pt\/index.php\/produto\/x-ray-arnes-dildo-transparente-21-cm-o-4-cm\/\" \/>\n<meta property=\"og:locale\" content=\"pt_PT\" \/>\n<meta property=\"og:type\" content=\"article\" \/>\n<meta property=\"og:title\" content=\"X RAY - ARN\u00caS + DILDO TRANSPARENTE 21 CM -O- 4 CM - Lovme\" \/>\n<meta property=\"og:description\" content=\"X RAY - ARN\u00caS + DILDO TRANSPARENTE 21 CM -O- 4 CM\" \/>\n<meta property=\"og:url\" content=\"https:\/\/lovme.pt\/index.php\/produto\/x-ray-arnes-dildo-transparente-21-cm-o-4-cm\/\" \/>\n<meta property=\"og:site_name\" content=\"Lovme\" \/>\n<meta property=\"article:modified_time\" content=\"2026-02-19T20:21:58+00:00\" \/>\n<meta property=\"og:image\" content=\"https:\/\/erki24nd3ub.exactdn.com\/wp-content\/uploads\/dream\/img\/img_98157_70471e08aff0ab676b574f80c9422981_1.png?strip=all\" \/>\n\t<meta property=\"og:image:width\" content=\"800\" \/>\n\t<meta property=\"og:image:height\" content=\"800\" \/>\n\t<meta property=\"og:image:type\" content=\"image\/png\" \/>\n<meta name=\"twitter:card\" content=\"summary_large_image\" \/>\n<meta name=\"twitter:label1\" content=\"Tempo estimado de leitura\" \/>\n\t<meta name=\"twitter:data1\" content=\"2 minutos\" \/>\n<script type=\"application\/ld+json\" class=\"yoast-schema-graph\">{\"@context\":\"https:\\\/\\\/schema.org\",\"@graph\":[{\"@type\":\"WebPage\",\"@id\":\"https:\\\/\\\/lovme.pt\\\/index.php\\\/produto\\\/x-ray-arnes-dildo-transparente-21-cm-o-4-cm\\\/\",\"url\":\"https:\\\/\\\/lovme.pt\\\/index.php\\\/produto\\\/x-ray-arnes-dildo-transparente-21-cm-o-4-cm\\\/\",\"name\":\"X RAY - ARN\u00caS + DILDO TRANSPARENTE 21 CM -O- 4 CM - Lovme\",\"isPartOf\":{\"@id\":\"https:\\\/\\\/lovme.pt\\\/#website\"},\"primaryImageOfPage\":{\"@id\":\"https:\\\/\\\/lovme.pt\\\/index.php\\\/produto\\\/x-ray-arnes-dildo-transparente-21-cm-o-4-cm\\\/#primaryimage\"},\"image\":{\"@id\":\"https:\\\/\\\/lovme.pt\\\/index.php\\\/produto\\\/x-ray-arnes-dildo-transparente-21-cm-o-4-cm\\\/#primaryimage\"},\"thumbnailUrl\":\"https:\\\/\\\/erki24nd3ub.exactdn.com\\\/wp-content\\\/uploads\\\/dream\\\/img\\\/img_98157_70471e08aff0ab676b574f80c9422981_1.png?strip=all\",\"datePublished\":\"2025-10-01T02:54:30+00:00\",\"dateModified\":\"2026-02-19T20:21:58+00:00\",\"breadcrumb\":{\"@id\":\"https:\\\/\\\/lovme.pt\\\/index.php\\\/produto\\\/x-ray-arnes-dildo-transparente-21-cm-o-4-cm\\\/#breadcrumb\"},\"inLanguage\":\"pt-PT\",\"potentialAction\":[{\"@type\":\"ReadAction\",\"target\":[\"https:\\\/\\\/lovme.pt\\\/index.php\\\/produto\\\/x-ray-arnes-dildo-transparente-21-cm-o-4-cm\\\/\"]}]},{\"@type\":\"ImageObject\",\"inLanguage\":\"pt-PT\",\"@id\":\"https:\\\/\\\/lovme.pt\\\/index.php\\\/produto\\\/x-ray-arnes-dildo-transparente-21-cm-o-4-cm\\\/#primaryimage\",\"url\":\"https:\\\/\\\/erki24nd3ub.exactdn.com\\\/wp-content\\\/uploads\\\/dream\\\/img\\\/img_98157_70471e08aff0ab676b574f80c9422981_1.png?strip=all\",\"contentUrl\":\"https:\\\/\\\/erki24nd3ub.exactdn.com\\\/wp-content\\\/uploads\\\/dream\\\/img\\\/img_98157_70471e08aff0ab676b574f80c9422981_1.png?strip=all\",\"width\":800,\"height\":800},{\"@type\":\"BreadcrumbList\",\"@id\":\"https:\\\/\\\/lovme.pt\\\/index.php\\\/produto\\\/x-ray-arnes-dildo-transparente-21-cm-o-4-cm\\\/#breadcrumb\",\"itemListElement\":[{\"@type\":\"ListItem\",\"position\":1,\"name\":\"In\u00edcio\",\"item\":\"https:\\\/\\\/lovme.pt\\\/\"},{\"@type\":\"ListItem\",\"position\":2,\"name\":\"Loja\",\"item\":\"https:\\\/\\\/lovme.pt\\\/index.php\\\/loja\\\/\"},{\"@type\":\"ListItem\",\"position\":3,\"name\":\"X RAY &#8211; ARN\u00caS + DILDO TRANSPARENTE 21 CM -O- 4 CM\"}]},{\"@type\":\"WebSite\",\"@id\":\"https:\\\/\\\/lovme.pt\\\/#website\",\"url\":\"https:\\\/\\\/lovme.pt\\\/\",\"name\":\"Lovme Loja Er\u00f3tica N\u00ba1 em Portugal\",\"description\":\"A melhor loja er\u00f3tica de Portugal.\",\"alternateName\":\"Loja Er\u00f3tica Lovme\",\"potentialAction\":[{\"@type\":\"SearchAction\",\"target\":{\"@type\":\"EntryPoint\",\"urlTemplate\":\"https:\\\/\\\/lovme.pt\\\/?s={search_term_string}\"},\"query-input\":{\"@type\":\"PropertyValueSpecification\",\"valueRequired\":true,\"valueName\":\"search_term_string\"}}],\"inLanguage\":\"pt-PT\"}]}<\/script>\n<!-- \/ Yoast SEO plugin. -->","yoast_head_json":{"title":"X RAY - ARN\u00caS + DILDO TRANSPARENTE 21 CM -O- 4 CM - Lovme","robots":{"index":"index","follow":"follow","max-snippet":"max-snippet:-1","max-image-preview":"max-image-preview:large","max-video-preview":"max-video-preview:-1"},"canonical":"https:\/\/lovme.pt\/index.php\/produto\/x-ray-arnes-dildo-transparente-21-cm-o-4-cm\/","og_locale":"pt_PT","og_type":"article","og_title":"X RAY - ARN\u00caS + DILDO TRANSPARENTE 21 CM -O- 4 CM - Lovme","og_description":"X RAY - ARN\u00caS + DILDO TRANSPARENTE 21 CM -O- 4 CM","og_url":"https:\/\/lovme.pt\/index.php\/produto\/x-ray-arnes-dildo-transparente-21-cm-o-4-cm\/","og_site_name":"Lovme","article_modified_time":"2026-02-19T20:21:58+00:00","og_image":[{"width":800,"height":800,"url":"https:\/\/erki24nd3ub.exactdn.com\/wp-content\/uploads\/dream\/img\/img_98157_70471e08aff0ab676b574f80c9422981_1.png?strip=all","type":"image\/png"}],"twitter_card":"summary_large_image","twitter_misc":{"Tempo estimado de leitura":"2 minutos"},"schema":{"@context":"https:\/\/schema.org","@graph":[{"@type":"WebPage","@id":"https:\/\/lovme.pt\/index.php\/produto\/x-ray-arnes-dildo-transparente-21-cm-o-4-cm\/","url":"https:\/\/lovme.pt\/index.php\/produto\/x-ray-arnes-dildo-transparente-21-cm-o-4-cm\/","name":"X RAY - ARN\u00caS + DILDO TRANSPARENTE 21 CM -O- 4 CM - Lovme","isPartOf":{"@id":"https:\/\/lovme.pt\/#website"},"primaryImageOfPage":{"@id":"https:\/\/lovme.pt\/index.php\/produto\/x-ray-arnes-dildo-transparente-21-cm-o-4-cm\/#primaryimage"},"image":{"@id":"https:\/\/lovme.pt\/index.php\/produto\/x-ray-arnes-dildo-transparente-21-cm-o-4-cm\/#primaryimage"},"thumbnailUrl":"https:\/\/erki24nd3ub.exactdn.com\/wp-content\/uploads\/dream\/img\/img_98157_70471e08aff0ab676b574f80c9422981_1.png?strip=all","datePublished":"2025-10-01T02:54:30+00:00","dateModified":"2026-02-19T20:21:58+00:00","breadcrumb":{"@id":"https:\/\/lovme.pt\/index.php\/produto\/x-ray-arnes-dildo-transparente-21-cm-o-4-cm\/#breadcrumb"},"inLanguage":"pt-PT","potentialAction":[{"@type":"ReadAction","target":["https:\/\/lovme.pt\/index.php\/produto\/x-ray-arnes-dildo-transparente-21-cm-o-4-cm\/"]}]},{"@type":"ImageObject","inLanguage":"pt-PT","@id":"https:\/\/lovme.pt\/index.php\/produto\/x-ray-arnes-dildo-transparente-21-cm-o-4-cm\/#primaryimage","url":"https:\/\/erki24nd3ub.exactdn.com\/wp-content\/uploads\/dream\/img\/img_98157_70471e08aff0ab676b574f80c9422981_1.png?strip=all","contentUrl":"https:\/\/erki24nd3ub.exactdn.com\/wp-content\/uploads\/dream\/img\/img_98157_70471e08aff0ab676b574f80c9422981_1.png?strip=all","width":800,"height":800},{"@type":"BreadcrumbList","@id":"https:\/\/lovme.pt\/index.php\/produto\/x-ray-arnes-dildo-transparente-21-cm-o-4-cm\/#breadcrumb","itemListElement":[{"@type":"ListItem","position":1,"name":"In\u00edcio","item":"https:\/\/lovme.pt\/"},{"@type":"ListItem","position":2,"name":"Loja","item":"https:\/\/lovme.pt\/index.php\/loja\/"},{"@type":"ListItem","position":3,"name":"X RAY &#8211; ARN\u00caS + DILDO TRANSPARENTE 21 CM -O- 4 CM"}]},{"@type":"WebSite","@id":"https:\/\/lovme.pt\/#website","url":"https:\/\/lovme.pt\/","name":"Lovme Loja Er\u00f3tica N\u00ba1 em Portugal","description":"A melhor loja er\u00f3tica de Portugal.","alternateName":"Loja Er\u00f3tica Lovme","potentialAction":[{"@type":"SearchAction","target":{"@type":"EntryPoint","urlTemplate":"https:\/\/lovme.pt\/?s={search_term_string}"},"query-input":{"@type":"PropertyValueSpecification","valueRequired":true,"valueName":"search_term_string"}}],"inLanguage":"pt-PT"}]}},"_links":{"self":[{"href":"https:\/\/lovme.pt\/index.php\/wp-json\/wp\/v2\/product\/33149","targetHints":{"allow":["GET"]}}],"collection":[{"href":"https:\/\/lovme.pt\/index.php\/wp-json\/wp\/v2\/product"}],"about":[{"href":"https:\/\/lovme.pt\/index.php\/wp-json\/wp\/v2\/types\/product"}],"wp:featuredmedia":[{"embeddable":true,"href":"https:\/\/lovme.pt\/index.php\/wp-json\/wp\/v2\/media\/100010"}],"wp:attachment":[{"href":"https:\/\/lovme.pt\/index.php\/wp-json\/wp\/v2\/media?parent=33149"}],"wp:term":[{"taxonomy":"product_brand","embeddable":true,"href":"https:\/\/lovme.pt\/index.php\/wp-json\/wp\/v2\/product_brand?post=33149"},{"taxonomy":"product_cat","embeddable":true,"href":"https:\/\/lovme.pt\/index.php\/wp-json\/wp\/v2\/product_cat?post=33149"},{"taxonomy":"product_tag","embeddable":true,"href":"https:\/\/lovme.pt\/index.php\/wp-json\/wp\/v2\/product_tag?post=33149"}],"curies":[{"name":"wp","href":"https:\/\/api.w.org\/{rel}","templated":true}]}}