{"id":32992,"date":"2025-09-30T20:12:53","date_gmt":"2025-09-30T20:12:53","guid":{"rendered":"https:\/\/lovme.pt\/?post_type=product&#038;p=32992"},"modified":"2026-02-25T06:44:57","modified_gmt":"2026-02-25T06:44:57","slug":"cyber-silicock-silicone-liquido-macio-ultra-realistico-freeman-20-cm-o-3-8-cm","status":"publish","type":"product","link":"https:\/\/lovme.pt\/index.php\/produto\/cyber-silicock-silicone-liquido-macio-ultra-realistico-freeman-20-cm-o-3-8-cm\/","title":{"rendered":"CYBER SILICOCK &#8211; SILICONE L\u00cdQUIDO MACIO ULTRA REAL\u00cdSTICO FREEMAN 20 CM -O- 3.8 CM"},"content":{"rendered":"<p>A forma natural e a composi&ccedil;&atilde;o do material cibersil&iacute;cio fazem com que este vibrador realista pare&ccedil;a particularmente real. A sua forma recta, terminando numa glande precisamente definida, e a aut&ecirc;ntica base dos test&iacute;culos mimam-no de uma forma inebriante e sensual. Se voc&ecirc; prefere ser mimado vaginal ou anal, depende inteiramente de voc&ecirc;. Ambos s&atilde;o facilmente poss&iacute;veis com Freeman. A ampla ventosa &eacute; est&aacute;vel em superf&iacute;cies lisas e, portanto, o vibrador tamb&eacute;m &eacute; adequado para aventuras selvagens no chuveiro e no banho, sozinho ou em conjunto.<\/p>\n<ul>\n<li> Comprimento total; 20 cm<\/li>\n<li> Comprimento inser&iacute;vel; 15 cent&iacute;metros<\/li>\n<li> Largura; 3,8 cent&iacute;metros<\/li>\n<li> Material; Silicone m&eacute;dico l&iacute;quido.<\/li>\n<\/ul>\n<p> MATERIAL E CUIDADOS<\/p>\n<p> O vibrador &eacute; feito de silicone m&eacute;dico l&iacute;quido. O silicone m&eacute;dico l&iacute;quido &eacute; amigo da pele e armazena rapidamente o calor corporal e torna a sua experi&ecirc;ncia particularmente sensual. No entanto, &eacute; importante usar um lubrificante &agrave; base de &aacute;gua em conjunto com cada brinquedo de silicone, caso contr&aacute;rio o brinquedo pode ser danificado ou deformado. Ao limpar o brinquedo, voc&ecirc; obter&aacute; os melhores resultados com um limpador de brinquedos antibacteriano.<\/p>\n<p> A MARCA CYBERSILICOK<\/p>\n<p> Como o nome sugere, os brinquedos CYBERSILICOCK s&atilde;o feitos de silicone. Os vibradores naturais com design realista s&atilde;o muito adequados para iniciantes ou avan&ccedil;ados em jogos sexuais. A Cybersilicock nasceu originalmente como uma marca tecnol&oacute;gica de vibradores de controle remoto com fun&ccedil;&otilde;es incr&iacute;veis. No entanto, muitos clientes solicitaram vibradores sem vibra&ccedil;&atilde;o com o mesmo material do cibersil&iacute;cio. Agora &eacute; uma realidade e os dildos de cibersil&iacute;cio chegaram para continuar surpreendendo.<\/p>\n","protected":false},"excerpt":{"rendered":"<p>CYBER SILICOCK &#8211; SILICONE L\u00cdQUIDO MACIO ULTRA REAL\u00cdSTICO FREEMAN 20 CM -O- 3.8 CM<\/p>\n","protected":false},"featured_media":66181,"template":"","meta":{"_acf_changed":false},"product_brand":[],"product_cat":[17,56],"product_tag":[],"class_list":{"0":"post-32992","1":"product","2":"type-product","3":"status-publish","4":"has-post-thumbnail","6":"product_cat-brinquedos-de-bem-estar-sexual","7":"product_cat-dildos-e-arneses","8":"yith_product_brand-cyber-silicock","10":"first","11":"instock","12":"taxable","13":"shipping-taxable","14":"purchasable","15":"product-type-simple"},"acf":[],"yoast_head":"<!-- This site is optimized with the Yoast SEO plugin v27.4 - https:\/\/yoast.com\/product\/yoast-seo-wordpress\/ -->\n<title>CYBER SILICOCK - SILICONE L\u00cdQUIDO MACIO ULTRA REAL\u00cdSTICO FREEMAN 20 CM -O- 3.8 CM - Lovme<\/title>\n<meta name=\"robots\" content=\"index, follow, max-snippet:-1, max-image-preview:large, max-video-preview:-1\" \/>\n<link rel=\"canonical\" href=\"https:\/\/lovme.pt\/index.php\/produto\/cyber-silicock-silicone-liquido-macio-ultra-realistico-freeman-20-cm-o-3-8-cm\/\" \/>\n<meta property=\"og:locale\" content=\"pt_PT\" \/>\n<meta property=\"og:type\" content=\"article\" \/>\n<meta property=\"og:title\" content=\"CYBER SILICOCK - SILICONE L\u00cdQUIDO MACIO ULTRA REAL\u00cdSTICO FREEMAN 20 CM -O- 3.8 CM - Lovme\" \/>\n<meta property=\"og:description\" content=\"CYBER SILICOCK - SILICONE L\u00cdQUIDO MACIO ULTRA REAL\u00cdSTICO FREEMAN 20 CM -O- 3.8 CM\" \/>\n<meta property=\"og:url\" content=\"https:\/\/lovme.pt\/index.php\/produto\/cyber-silicock-silicone-liquido-macio-ultra-realistico-freeman-20-cm-o-3-8-cm\/\" \/>\n<meta property=\"og:site_name\" content=\"Lovme\" \/>\n<meta property=\"article:modified_time\" content=\"2026-02-25T06:44:57+00:00\" \/>\n<meta property=\"og:image\" content=\"https:\/\/erki24nd3ub.exactdn.com\/wp-content\/uploads\/dream\/img\/img_97167_2fcab36cd74d84fcc83e637087bac833_1.png?strip=all\" \/>\n\t<meta property=\"og:image:width\" content=\"800\" \/>\n\t<meta property=\"og:image:height\" content=\"800\" \/>\n\t<meta property=\"og:image:type\" content=\"image\/png\" \/>\n<meta name=\"twitter:card\" content=\"summary_large_image\" \/>\n<meta name=\"twitter:label1\" content=\"Tempo estimado de leitura\" \/>\n\t<meta name=\"twitter:data1\" content=\"2 minutos\" \/>\n<script type=\"application\/ld+json\" class=\"yoast-schema-graph\">{\"@context\":\"https:\\\/\\\/schema.org\",\"@graph\":[{\"@type\":\"WebPage\",\"@id\":\"https:\\\/\\\/lovme.pt\\\/index.php\\\/produto\\\/cyber-silicock-silicone-liquido-macio-ultra-realistico-freeman-20-cm-o-3-8-cm\\\/\",\"url\":\"https:\\\/\\\/lovme.pt\\\/index.php\\\/produto\\\/cyber-silicock-silicone-liquido-macio-ultra-realistico-freeman-20-cm-o-3-8-cm\\\/\",\"name\":\"CYBER SILICOCK - SILICONE L\u00cdQUIDO MACIO ULTRA REAL\u00cdSTICO FREEMAN 20 CM -O- 3.8 CM - Lovme\",\"isPartOf\":{\"@id\":\"https:\\\/\\\/lovme.pt\\\/#website\"},\"primaryImageOfPage\":{\"@id\":\"https:\\\/\\\/lovme.pt\\\/index.php\\\/produto\\\/cyber-silicock-silicone-liquido-macio-ultra-realistico-freeman-20-cm-o-3-8-cm\\\/#primaryimage\"},\"image\":{\"@id\":\"https:\\\/\\\/lovme.pt\\\/index.php\\\/produto\\\/cyber-silicock-silicone-liquido-macio-ultra-realistico-freeman-20-cm-o-3-8-cm\\\/#primaryimage\"},\"thumbnailUrl\":\"https:\\\/\\\/erki24nd3ub.exactdn.com\\\/wp-content\\\/uploads\\\/dream\\\/img\\\/img_97167_2fcab36cd74d84fcc83e637087bac833_1.png?strip=all\",\"datePublished\":\"2025-09-30T20:12:53+00:00\",\"dateModified\":\"2026-02-25T06:44:57+00:00\",\"breadcrumb\":{\"@id\":\"https:\\\/\\\/lovme.pt\\\/index.php\\\/produto\\\/cyber-silicock-silicone-liquido-macio-ultra-realistico-freeman-20-cm-o-3-8-cm\\\/#breadcrumb\"},\"inLanguage\":\"pt-PT\",\"potentialAction\":[{\"@type\":\"ReadAction\",\"target\":[\"https:\\\/\\\/lovme.pt\\\/index.php\\\/produto\\\/cyber-silicock-silicone-liquido-macio-ultra-realistico-freeman-20-cm-o-3-8-cm\\\/\"]}]},{\"@type\":\"ImageObject\",\"inLanguage\":\"pt-PT\",\"@id\":\"https:\\\/\\\/lovme.pt\\\/index.php\\\/produto\\\/cyber-silicock-silicone-liquido-macio-ultra-realistico-freeman-20-cm-o-3-8-cm\\\/#primaryimage\",\"url\":\"https:\\\/\\\/erki24nd3ub.exactdn.com\\\/wp-content\\\/uploads\\\/dream\\\/img\\\/img_97167_2fcab36cd74d84fcc83e637087bac833_1.png?strip=all\",\"contentUrl\":\"https:\\\/\\\/erki24nd3ub.exactdn.com\\\/wp-content\\\/uploads\\\/dream\\\/img\\\/img_97167_2fcab36cd74d84fcc83e637087bac833_1.png?strip=all\",\"width\":800,\"height\":800},{\"@type\":\"BreadcrumbList\",\"@id\":\"https:\\\/\\\/lovme.pt\\\/index.php\\\/produto\\\/cyber-silicock-silicone-liquido-macio-ultra-realistico-freeman-20-cm-o-3-8-cm\\\/#breadcrumb\",\"itemListElement\":[{\"@type\":\"ListItem\",\"position\":1,\"name\":\"In\u00edcio\",\"item\":\"https:\\\/\\\/lovme.pt\\\/\"},{\"@type\":\"ListItem\",\"position\":2,\"name\":\"Loja\",\"item\":\"https:\\\/\\\/lovme.pt\\\/index.php\\\/loja\\\/\"},{\"@type\":\"ListItem\",\"position\":3,\"name\":\"CYBER SILICOCK &#8211; SILICONE L\u00cdQUIDO MACIO ULTRA REAL\u00cdSTICO FREEMAN 20 CM -O- 3.8 CM\"}]},{\"@type\":\"WebSite\",\"@id\":\"https:\\\/\\\/lovme.pt\\\/#website\",\"url\":\"https:\\\/\\\/lovme.pt\\\/\",\"name\":\"Lovme Loja Er\u00f3tica N\u00ba1 em Portugal\",\"description\":\"A melhor loja er\u00f3tica de Portugal.\",\"alternateName\":\"Loja Er\u00f3tica Lovme\",\"potentialAction\":[{\"@type\":\"SearchAction\",\"target\":{\"@type\":\"EntryPoint\",\"urlTemplate\":\"https:\\\/\\\/lovme.pt\\\/?s={search_term_string}\"},\"query-input\":{\"@type\":\"PropertyValueSpecification\",\"valueRequired\":true,\"valueName\":\"search_term_string\"}}],\"inLanguage\":\"pt-PT\"}]}<\/script>\n<!-- \/ Yoast SEO plugin. -->","yoast_head_json":{"title":"CYBER SILICOCK - SILICONE L\u00cdQUIDO MACIO ULTRA REAL\u00cdSTICO FREEMAN 20 CM -O- 3.8 CM - Lovme","robots":{"index":"index","follow":"follow","max-snippet":"max-snippet:-1","max-image-preview":"max-image-preview:large","max-video-preview":"max-video-preview:-1"},"canonical":"https:\/\/lovme.pt\/index.php\/produto\/cyber-silicock-silicone-liquido-macio-ultra-realistico-freeman-20-cm-o-3-8-cm\/","og_locale":"pt_PT","og_type":"article","og_title":"CYBER SILICOCK - SILICONE L\u00cdQUIDO MACIO ULTRA REAL\u00cdSTICO FREEMAN 20 CM -O- 3.8 CM - Lovme","og_description":"CYBER SILICOCK - SILICONE L\u00cdQUIDO MACIO ULTRA REAL\u00cdSTICO FREEMAN 20 CM -O- 3.8 CM","og_url":"https:\/\/lovme.pt\/index.php\/produto\/cyber-silicock-silicone-liquido-macio-ultra-realistico-freeman-20-cm-o-3-8-cm\/","og_site_name":"Lovme","article_modified_time":"2026-02-25T06:44:57+00:00","og_image":[{"width":800,"height":800,"url":"https:\/\/erki24nd3ub.exactdn.com\/wp-content\/uploads\/dream\/img\/img_97167_2fcab36cd74d84fcc83e637087bac833_1.png?strip=all","type":"image\/png"}],"twitter_card":"summary_large_image","twitter_misc":{"Tempo estimado de leitura":"2 minutos"},"schema":{"@context":"https:\/\/schema.org","@graph":[{"@type":"WebPage","@id":"https:\/\/lovme.pt\/index.php\/produto\/cyber-silicock-silicone-liquido-macio-ultra-realistico-freeman-20-cm-o-3-8-cm\/","url":"https:\/\/lovme.pt\/index.php\/produto\/cyber-silicock-silicone-liquido-macio-ultra-realistico-freeman-20-cm-o-3-8-cm\/","name":"CYBER SILICOCK - SILICONE L\u00cdQUIDO MACIO ULTRA REAL\u00cdSTICO FREEMAN 20 CM -O- 3.8 CM - Lovme","isPartOf":{"@id":"https:\/\/lovme.pt\/#website"},"primaryImageOfPage":{"@id":"https:\/\/lovme.pt\/index.php\/produto\/cyber-silicock-silicone-liquido-macio-ultra-realistico-freeman-20-cm-o-3-8-cm\/#primaryimage"},"image":{"@id":"https:\/\/lovme.pt\/index.php\/produto\/cyber-silicock-silicone-liquido-macio-ultra-realistico-freeman-20-cm-o-3-8-cm\/#primaryimage"},"thumbnailUrl":"https:\/\/erki24nd3ub.exactdn.com\/wp-content\/uploads\/dream\/img\/img_97167_2fcab36cd74d84fcc83e637087bac833_1.png?strip=all","datePublished":"2025-09-30T20:12:53+00:00","dateModified":"2026-02-25T06:44:57+00:00","breadcrumb":{"@id":"https:\/\/lovme.pt\/index.php\/produto\/cyber-silicock-silicone-liquido-macio-ultra-realistico-freeman-20-cm-o-3-8-cm\/#breadcrumb"},"inLanguage":"pt-PT","potentialAction":[{"@type":"ReadAction","target":["https:\/\/lovme.pt\/index.php\/produto\/cyber-silicock-silicone-liquido-macio-ultra-realistico-freeman-20-cm-o-3-8-cm\/"]}]},{"@type":"ImageObject","inLanguage":"pt-PT","@id":"https:\/\/lovme.pt\/index.php\/produto\/cyber-silicock-silicone-liquido-macio-ultra-realistico-freeman-20-cm-o-3-8-cm\/#primaryimage","url":"https:\/\/erki24nd3ub.exactdn.com\/wp-content\/uploads\/dream\/img\/img_97167_2fcab36cd74d84fcc83e637087bac833_1.png?strip=all","contentUrl":"https:\/\/erki24nd3ub.exactdn.com\/wp-content\/uploads\/dream\/img\/img_97167_2fcab36cd74d84fcc83e637087bac833_1.png?strip=all","width":800,"height":800},{"@type":"BreadcrumbList","@id":"https:\/\/lovme.pt\/index.php\/produto\/cyber-silicock-silicone-liquido-macio-ultra-realistico-freeman-20-cm-o-3-8-cm\/#breadcrumb","itemListElement":[{"@type":"ListItem","position":1,"name":"In\u00edcio","item":"https:\/\/lovme.pt\/"},{"@type":"ListItem","position":2,"name":"Loja","item":"https:\/\/lovme.pt\/index.php\/loja\/"},{"@type":"ListItem","position":3,"name":"CYBER SILICOCK &#8211; SILICONE L\u00cdQUIDO MACIO ULTRA REAL\u00cdSTICO FREEMAN 20 CM -O- 3.8 CM"}]},{"@type":"WebSite","@id":"https:\/\/lovme.pt\/#website","url":"https:\/\/lovme.pt\/","name":"Lovme Loja Er\u00f3tica N\u00ba1 em Portugal","description":"A melhor loja er\u00f3tica de Portugal.","alternateName":"Loja Er\u00f3tica Lovme","potentialAction":[{"@type":"SearchAction","target":{"@type":"EntryPoint","urlTemplate":"https:\/\/lovme.pt\/?s={search_term_string}"},"query-input":{"@type":"PropertyValueSpecification","valueRequired":true,"valueName":"search_term_string"}}],"inLanguage":"pt-PT"}]}},"_links":{"self":[{"href":"https:\/\/lovme.pt\/index.php\/wp-json\/wp\/v2\/product\/32992","targetHints":{"allow":["GET"]}}],"collection":[{"href":"https:\/\/lovme.pt\/index.php\/wp-json\/wp\/v2\/product"}],"about":[{"href":"https:\/\/lovme.pt\/index.php\/wp-json\/wp\/v2\/types\/product"}],"wp:featuredmedia":[{"embeddable":true,"href":"https:\/\/lovme.pt\/index.php\/wp-json\/wp\/v2\/media\/66181"}],"wp:attachment":[{"href":"https:\/\/lovme.pt\/index.php\/wp-json\/wp\/v2\/media?parent=32992"}],"wp:term":[{"taxonomy":"product_brand","embeddable":true,"href":"https:\/\/lovme.pt\/index.php\/wp-json\/wp\/v2\/product_brand?post=32992"},{"taxonomy":"product_cat","embeddable":true,"href":"https:\/\/lovme.pt\/index.php\/wp-json\/wp\/v2\/product_cat?post=32992"},{"taxonomy":"product_tag","embeddable":true,"href":"https:\/\/lovme.pt\/index.php\/wp-json\/wp\/v2\/product_tag?post=32992"}],"curies":[{"name":"wp","href":"https:\/\/api.w.org\/{rel}","templated":true}]}}