{"id":32957,"date":"2025-10-01T20:14:45","date_gmt":"2025-10-01T20:14:45","guid":{"rendered":"https:\/\/lovme.pt\/?post_type=product&#038;p=32957"},"modified":"2026-02-25T06:42:38","modified_gmt":"2026-02-25T06:42:38","slug":"ohmama-estimulador-de-clitoris-com-lingua-vibrante-10-modos","status":"publish","type":"product","link":"https:\/\/lovme.pt\/index.php\/produto\/ohmama-estimulador-de-clitoris-com-lingua-vibrante-10-modos\/","title":{"rendered":"OHMAMA &#8211; ESTIMULADOR DE CLIT\u00d3RIS COM L\u00cdNGUA VIBRANTE 10 MODOS"},"content":{"rendered":"<p>Oh m&atilde;e! Os amantes da estimula&ccedil;&atilde;o oral est&atilde;o com sorte. Este estimulador pequeno, mas elegante e poderoso, &eacute; muito divertido e incorpora 10 modos de estimula&ccedil;&atilde;o diferentes com sua l&iacute;ngua vibrat&oacute;ria. Seu corpo tamb&eacute;m &eacute; feito de silicone macio e com detalhes dourados e brancos dando um visual luxuoso. Al&eacute;m disso, seu bico &eacute; remov&iacute;vel para que voc&ecirc; possa limpar confortavelmente ap&oacute;s o uso.<\/p>\n<p>Caracter&iacute;sticas:<\/p>\n<ul>\n<li>Estimulador de clit&oacute;ris com l&iacute;ngua vibrat&oacute;ria<\/li>\n<li>10 padr&otilde;es<\/li>\n<li>Design luxuoso<\/li>\n<li>Capa de silicone macia<\/li>\n<li>Bocal remov&iacute;vel. Limpeza f&aacute;cil<\/li>\n<li>Recarreg&aacute;vel<\/li>\n<li>Sem ftalatos<\/li>\n<li>Medidas: 105 cm x 60 cm<\/li>\n<\/ul>\n<p>A gama de produtos OHMAMA &eacute; perfeita para presentear. Um produto dispon&iacute;vel para todos com qualidade perfeita. Uma combina&ccedil;&atilde;o &uacute;nica nesta linha de brinquedos de edi&ccedil;&atilde;o especial de Natal.<\/p>\n","protected":false},"excerpt":{"rendered":"<p>OHMAMA &#8211; ESTIMULADOR DE CLIT\u00d3RIS COM L\u00cdNGUA VIBRANTE 10 MODOS<\/p>\n","protected":false},"featured_media":103244,"template":"","meta":{"_acf_changed":false},"product_brand":[],"product_cat":[17,61,64,76],"product_tag":[],"class_list":{"0":"post-32957","1":"product","2":"type-product","3":"status-publish","4":"has-post-thumbnail","6":"product_cat-brinquedos-de-bem-estar-sexual","7":"product_cat-para-elas","8":"product_cat-sugadores","9":"product_cat-vibradores","10":"yith_product_brand-ohmamaohmama-stimulating","12":"first","13":"instock","14":"taxable","15":"shipping-taxable","16":"purchasable","17":"product-type-simple"},"acf":[],"yoast_head":"<!-- This site is optimized with the Yoast SEO plugin v27.4 - https:\/\/yoast.com\/product\/yoast-seo-wordpress\/ -->\n<title>OHMAMA - ESTIMULADOR DE CLIT\u00d3RIS COM L\u00cdNGUA VIBRANTE 10 MODOS - Lovme<\/title>\n<meta name=\"robots\" content=\"index, follow, max-snippet:-1, max-image-preview:large, max-video-preview:-1\" \/>\n<link rel=\"canonical\" href=\"https:\/\/lovme.pt\/index.php\/produto\/ohmama-estimulador-de-clitoris-com-lingua-vibrante-10-modos\/\" \/>\n<meta property=\"og:locale\" content=\"pt_PT\" \/>\n<meta property=\"og:type\" content=\"article\" \/>\n<meta property=\"og:title\" content=\"OHMAMA - ESTIMULADOR DE CLIT\u00d3RIS COM L\u00cdNGUA VIBRANTE 10 MODOS - Lovme\" \/>\n<meta property=\"og:description\" content=\"OHMAMA - ESTIMULADOR DE CLIT\u00d3RIS COM L\u00cdNGUA VIBRANTE 10 MODOS\" \/>\n<meta property=\"og:url\" content=\"https:\/\/lovme.pt\/index.php\/produto\/ohmama-estimulador-de-clitoris-com-lingua-vibrante-10-modos\/\" \/>\n<meta property=\"og:site_name\" content=\"Lovme\" \/>\n<meta property=\"article:modified_time\" content=\"2026-02-25T06:42:38+00:00\" \/>\n<meta property=\"og:image\" content=\"https:\/\/erki24nd3ub.exactdn.com\/wp-content\/uploads\/dream\/img\/img_96663_b52d7d6ecbc39977b8138eadae65e2f4_1.png?strip=all\" \/>\n\t<meta property=\"og:image:width\" content=\"800\" \/>\n\t<meta property=\"og:image:height\" content=\"800\" \/>\n\t<meta property=\"og:image:type\" content=\"image\/png\" \/>\n<meta name=\"twitter:card\" content=\"summary_large_image\" \/>\n<meta name=\"twitter:label1\" content=\"Tempo estimado de leitura\" \/>\n\t<meta name=\"twitter:data1\" content=\"1 minuto\" \/>\n<script type=\"application\/ld+json\" class=\"yoast-schema-graph\">{\"@context\":\"https:\\\/\\\/schema.org\",\"@graph\":[{\"@type\":\"WebPage\",\"@id\":\"https:\\\/\\\/lovme.pt\\\/index.php\\\/produto\\\/ohmama-estimulador-de-clitoris-com-lingua-vibrante-10-modos\\\/\",\"url\":\"https:\\\/\\\/lovme.pt\\\/index.php\\\/produto\\\/ohmama-estimulador-de-clitoris-com-lingua-vibrante-10-modos\\\/\",\"name\":\"OHMAMA - ESTIMULADOR DE CLIT\u00d3RIS COM L\u00cdNGUA VIBRANTE 10 MODOS - Lovme\",\"isPartOf\":{\"@id\":\"https:\\\/\\\/lovme.pt\\\/#website\"},\"primaryImageOfPage\":{\"@id\":\"https:\\\/\\\/lovme.pt\\\/index.php\\\/produto\\\/ohmama-estimulador-de-clitoris-com-lingua-vibrante-10-modos\\\/#primaryimage\"},\"image\":{\"@id\":\"https:\\\/\\\/lovme.pt\\\/index.php\\\/produto\\\/ohmama-estimulador-de-clitoris-com-lingua-vibrante-10-modos\\\/#primaryimage\"},\"thumbnailUrl\":\"https:\\\/\\\/erki24nd3ub.exactdn.com\\\/wp-content\\\/uploads\\\/dream\\\/img\\\/img_96663_b52d7d6ecbc39977b8138eadae65e2f4_1.png?strip=all\",\"datePublished\":\"2025-10-01T20:14:45+00:00\",\"dateModified\":\"2026-02-25T06:42:38+00:00\",\"breadcrumb\":{\"@id\":\"https:\\\/\\\/lovme.pt\\\/index.php\\\/produto\\\/ohmama-estimulador-de-clitoris-com-lingua-vibrante-10-modos\\\/#breadcrumb\"},\"inLanguage\":\"pt-PT\",\"potentialAction\":[{\"@type\":\"ReadAction\",\"target\":[\"https:\\\/\\\/lovme.pt\\\/index.php\\\/produto\\\/ohmama-estimulador-de-clitoris-com-lingua-vibrante-10-modos\\\/\"]}]},{\"@type\":\"ImageObject\",\"inLanguage\":\"pt-PT\",\"@id\":\"https:\\\/\\\/lovme.pt\\\/index.php\\\/produto\\\/ohmama-estimulador-de-clitoris-com-lingua-vibrante-10-modos\\\/#primaryimage\",\"url\":\"https:\\\/\\\/erki24nd3ub.exactdn.com\\\/wp-content\\\/uploads\\\/dream\\\/img\\\/img_96663_b52d7d6ecbc39977b8138eadae65e2f4_1.png?strip=all\",\"contentUrl\":\"https:\\\/\\\/erki24nd3ub.exactdn.com\\\/wp-content\\\/uploads\\\/dream\\\/img\\\/img_96663_b52d7d6ecbc39977b8138eadae65e2f4_1.png?strip=all\",\"width\":800,\"height\":800},{\"@type\":\"BreadcrumbList\",\"@id\":\"https:\\\/\\\/lovme.pt\\\/index.php\\\/produto\\\/ohmama-estimulador-de-clitoris-com-lingua-vibrante-10-modos\\\/#breadcrumb\",\"itemListElement\":[{\"@type\":\"ListItem\",\"position\":1,\"name\":\"In\u00edcio\",\"item\":\"https:\\\/\\\/lovme.pt\\\/\"},{\"@type\":\"ListItem\",\"position\":2,\"name\":\"Loja\",\"item\":\"https:\\\/\\\/lovme.pt\\\/index.php\\\/loja\\\/\"},{\"@type\":\"ListItem\",\"position\":3,\"name\":\"OHMAMA &#8211; ESTIMULADOR DE CLIT\u00d3RIS COM L\u00cdNGUA VIBRANTE 10 MODOS\"}]},{\"@type\":\"WebSite\",\"@id\":\"https:\\\/\\\/lovme.pt\\\/#website\",\"url\":\"https:\\\/\\\/lovme.pt\\\/\",\"name\":\"Lovme Loja Er\u00f3tica N\u00ba1 em Portugal\",\"description\":\"A melhor loja er\u00f3tica de Portugal.\",\"alternateName\":\"Loja Er\u00f3tica Lovme\",\"potentialAction\":[{\"@type\":\"SearchAction\",\"target\":{\"@type\":\"EntryPoint\",\"urlTemplate\":\"https:\\\/\\\/lovme.pt\\\/?s={search_term_string}\"},\"query-input\":{\"@type\":\"PropertyValueSpecification\",\"valueRequired\":true,\"valueName\":\"search_term_string\"}}],\"inLanguage\":\"pt-PT\"}]}<\/script>\n<!-- \/ Yoast SEO plugin. -->","yoast_head_json":{"title":"OHMAMA - ESTIMULADOR DE CLIT\u00d3RIS COM L\u00cdNGUA VIBRANTE 10 MODOS - Lovme","robots":{"index":"index","follow":"follow","max-snippet":"max-snippet:-1","max-image-preview":"max-image-preview:large","max-video-preview":"max-video-preview:-1"},"canonical":"https:\/\/lovme.pt\/index.php\/produto\/ohmama-estimulador-de-clitoris-com-lingua-vibrante-10-modos\/","og_locale":"pt_PT","og_type":"article","og_title":"OHMAMA - ESTIMULADOR DE CLIT\u00d3RIS COM L\u00cdNGUA VIBRANTE 10 MODOS - Lovme","og_description":"OHMAMA - ESTIMULADOR DE CLIT\u00d3RIS COM L\u00cdNGUA VIBRANTE 10 MODOS","og_url":"https:\/\/lovme.pt\/index.php\/produto\/ohmama-estimulador-de-clitoris-com-lingua-vibrante-10-modos\/","og_site_name":"Lovme","article_modified_time":"2026-02-25T06:42:38+00:00","og_image":[{"width":800,"height":800,"url":"https:\/\/erki24nd3ub.exactdn.com\/wp-content\/uploads\/dream\/img\/img_96663_b52d7d6ecbc39977b8138eadae65e2f4_1.png?strip=all","type":"image\/png"}],"twitter_card":"summary_large_image","twitter_misc":{"Tempo estimado de leitura":"1 minuto"},"schema":{"@context":"https:\/\/schema.org","@graph":[{"@type":"WebPage","@id":"https:\/\/lovme.pt\/index.php\/produto\/ohmama-estimulador-de-clitoris-com-lingua-vibrante-10-modos\/","url":"https:\/\/lovme.pt\/index.php\/produto\/ohmama-estimulador-de-clitoris-com-lingua-vibrante-10-modos\/","name":"OHMAMA - ESTIMULADOR DE CLIT\u00d3RIS COM L\u00cdNGUA VIBRANTE 10 MODOS - Lovme","isPartOf":{"@id":"https:\/\/lovme.pt\/#website"},"primaryImageOfPage":{"@id":"https:\/\/lovme.pt\/index.php\/produto\/ohmama-estimulador-de-clitoris-com-lingua-vibrante-10-modos\/#primaryimage"},"image":{"@id":"https:\/\/lovme.pt\/index.php\/produto\/ohmama-estimulador-de-clitoris-com-lingua-vibrante-10-modos\/#primaryimage"},"thumbnailUrl":"https:\/\/erki24nd3ub.exactdn.com\/wp-content\/uploads\/dream\/img\/img_96663_b52d7d6ecbc39977b8138eadae65e2f4_1.png?strip=all","datePublished":"2025-10-01T20:14:45+00:00","dateModified":"2026-02-25T06:42:38+00:00","breadcrumb":{"@id":"https:\/\/lovme.pt\/index.php\/produto\/ohmama-estimulador-de-clitoris-com-lingua-vibrante-10-modos\/#breadcrumb"},"inLanguage":"pt-PT","potentialAction":[{"@type":"ReadAction","target":["https:\/\/lovme.pt\/index.php\/produto\/ohmama-estimulador-de-clitoris-com-lingua-vibrante-10-modos\/"]}]},{"@type":"ImageObject","inLanguage":"pt-PT","@id":"https:\/\/lovme.pt\/index.php\/produto\/ohmama-estimulador-de-clitoris-com-lingua-vibrante-10-modos\/#primaryimage","url":"https:\/\/erki24nd3ub.exactdn.com\/wp-content\/uploads\/dream\/img\/img_96663_b52d7d6ecbc39977b8138eadae65e2f4_1.png?strip=all","contentUrl":"https:\/\/erki24nd3ub.exactdn.com\/wp-content\/uploads\/dream\/img\/img_96663_b52d7d6ecbc39977b8138eadae65e2f4_1.png?strip=all","width":800,"height":800},{"@type":"BreadcrumbList","@id":"https:\/\/lovme.pt\/index.php\/produto\/ohmama-estimulador-de-clitoris-com-lingua-vibrante-10-modos\/#breadcrumb","itemListElement":[{"@type":"ListItem","position":1,"name":"In\u00edcio","item":"https:\/\/lovme.pt\/"},{"@type":"ListItem","position":2,"name":"Loja","item":"https:\/\/lovme.pt\/index.php\/loja\/"},{"@type":"ListItem","position":3,"name":"OHMAMA &#8211; ESTIMULADOR DE CLIT\u00d3RIS COM L\u00cdNGUA VIBRANTE 10 MODOS"}]},{"@type":"WebSite","@id":"https:\/\/lovme.pt\/#website","url":"https:\/\/lovme.pt\/","name":"Lovme Loja Er\u00f3tica N\u00ba1 em Portugal","description":"A melhor loja er\u00f3tica de Portugal.","alternateName":"Loja Er\u00f3tica Lovme","potentialAction":[{"@type":"SearchAction","target":{"@type":"EntryPoint","urlTemplate":"https:\/\/lovme.pt\/?s={search_term_string}"},"query-input":{"@type":"PropertyValueSpecification","valueRequired":true,"valueName":"search_term_string"}}],"inLanguage":"pt-PT"}]}},"_links":{"self":[{"href":"https:\/\/lovme.pt\/index.php\/wp-json\/wp\/v2\/product\/32957","targetHints":{"allow":["GET"]}}],"collection":[{"href":"https:\/\/lovme.pt\/index.php\/wp-json\/wp\/v2\/product"}],"about":[{"href":"https:\/\/lovme.pt\/index.php\/wp-json\/wp\/v2\/types\/product"}],"wp:featuredmedia":[{"embeddable":true,"href":"https:\/\/lovme.pt\/index.php\/wp-json\/wp\/v2\/media\/103244"}],"wp:attachment":[{"href":"https:\/\/lovme.pt\/index.php\/wp-json\/wp\/v2\/media?parent=32957"}],"wp:term":[{"taxonomy":"product_brand","embeddable":true,"href":"https:\/\/lovme.pt\/index.php\/wp-json\/wp\/v2\/product_brand?post=32957"},{"taxonomy":"product_cat","embeddable":true,"href":"https:\/\/lovme.pt\/index.php\/wp-json\/wp\/v2\/product_cat?post=32957"},{"taxonomy":"product_tag","embeddable":true,"href":"https:\/\/lovme.pt\/index.php\/wp-json\/wp\/v2\/product_tag?post=32957"}],"curies":[{"name":"wp","href":"https:\/\/api.w.org\/{rel}","templated":true}]}}