{"id":32938,"date":"2025-09-30T22:31:45","date_gmt":"2025-09-30T22:31:45","guid":{"rendered":"https:\/\/lovme.pt\/?post_type=product&#038;p=32938"},"modified":"2026-02-25T06:42:10","modified_gmt":"2026-02-25T06:42:10","slug":"fetish-submissive-origin-punhos-de-tornozelo-de-couro-vegano-com-forro-de-neoprene","status":"publish","type":"product","link":"https:\/\/lovme.pt\/index.php\/produto\/fetish-submissive-origin-punhos-de-tornozelo-de-couro-vegano-com-forro-de-neoprene\/","title":{"rendered":"FETISH SUBMISSIVE ORIGIN &#8211; PUNHOS DE TORNOZELO DE COURO VEGANO COM FORRO DE NEOPRENE"},"content":{"rendered":"<p>FETISH SUBMISIVE Apresenta as primeiras esposas de couro vegano com metal sem n\u00edquel! Prenda sua amante com essas esposas sensuais, eficazes e confort\u00e1veis. Um acess\u00f3rio cl\u00e1ssico para seus jogos de escravid\u00e3o.<\/p>\n<p> Essas esposas t\u00eam a est\u00e9tica elegante que voc\u00ea procura, ao mesmo tempo em que s\u00e3o absolutamente eficazes. Camada dupla e acabamento com fivela de metal, seu sub n\u00e3o conseguir\u00e1 escapar. O interior acolchoado garante que voc\u00ea ficar\u00e1 confort\u00e1vel, n\u00e3o importa o quanto voc\u00ea jogue ou por quanto tempo voc\u00ea jogue.<\/p>\n<p> A uni\u00e3o ao inv\u00e9s das cl\u00e1ssicas correntes de metal \u00e9 um acess\u00f3rio para puxar ou ter sujeito ao seu amante, elas valem para bonecas ou tornozelos, v\u00e1rias possibilidades para o seu jogo bdsm.<br \/> Eles s\u00e3o perfeitos para jogadores de n\u00edvel avan\u00e7ado e tamb\u00e9m para iniciantes.<\/p>\n<ul>\n<li> Feito de material; Neoprene, metal sem n\u00edquel e couro vegano.<\/li>\n<\/ul>\n<p> A cole\u00e7\u00e3o Fetish Submisive \u00e9 perfeita para BDSM, qualidade e resist\u00eancia adequadas para qualquer jogo!<br \/> Use essas algemas com outros acess\u00f3rios da cole\u00e7\u00e3o FETISH SUBMISIVE.<br \/> 100% ajust\u00e1vel<\/p>\n<p style=\"text-align: center\">\n","protected":false},"excerpt":{"rendered":"<p>FETISH SUBMISSIVE ORIGIN &#8211; PUNHOS DE COURO VEGANO COM FORRO DE NEOPRENE<\/p>\n","protected":false},"featured_media":78530,"template":"","meta":{"_acf_changed":false},"product_brand":[],"product_cat":[48,17,50],"product_tag":[],"class_list":{"0":"post-32938","1":"product","2":"type-product","3":"status-publish","4":"has-post-thumbnail","6":"product_cat-bdsm","7":"product_cat-brinquedos-de-bem-estar-sexual","8":"product_cat-complementos-e-acessorios","9":"yith_product_brand-fetish-submissivefetish-submissive-origin","11":"first","12":"instock","13":"taxable","14":"shipping-taxable","15":"purchasable","16":"product-type-simple"},"acf":[],"yoast_head":"<!-- This site is optimized with the Yoast SEO plugin v27.3 - https:\/\/yoast.com\/product\/yoast-seo-wordpress\/ -->\n<title>FETISH SUBMISSIVE ORIGIN - PUNHOS DE TORNOZELO DE COURO VEGANO COM FORRO DE NEOPRENE - Lovme<\/title>\n<meta name=\"robots\" content=\"index, follow, max-snippet:-1, max-image-preview:large, max-video-preview:-1\" \/>\n<link rel=\"canonical\" href=\"https:\/\/lovme.pt\/index.php\/produto\/fetish-submissive-origin-punhos-de-tornozelo-de-couro-vegano-com-forro-de-neoprene\/\" \/>\n<meta property=\"og:locale\" content=\"pt_PT\" \/>\n<meta property=\"og:type\" content=\"article\" \/>\n<meta property=\"og:title\" content=\"FETISH SUBMISSIVE ORIGIN - PUNHOS DE TORNOZELO DE COURO VEGANO COM FORRO DE NEOPRENE - Lovme\" \/>\n<meta property=\"og:description\" content=\"FETISH SUBMISSIVE ORIGIN - PUNHOS DE COURO VEGANO COM FORRO DE NEOPRENE\" \/>\n<meta property=\"og:url\" content=\"https:\/\/lovme.pt\/index.php\/produto\/fetish-submissive-origin-punhos-de-tornozelo-de-couro-vegano-com-forro-de-neoprene\/\" \/>\n<meta property=\"og:site_name\" content=\"Lovme\" \/>\n<meta property=\"article:modified_time\" content=\"2026-02-25T06:42:10+00:00\" \/>\n<meta property=\"og:image\" content=\"https:\/\/erki24nd3ub.exactdn.com\/wp-content\/uploads\/dream\/img\/img_96593_aca152f9f2f801313f24cea2f5ab852b_1.png?strip=all\" \/>\n\t<meta property=\"og:image:width\" content=\"800\" \/>\n\t<meta property=\"og:image:height\" content=\"800\" \/>\n\t<meta property=\"og:image:type\" content=\"image\/png\" \/>\n<meta name=\"twitter:card\" content=\"summary_large_image\" \/>\n<meta name=\"twitter:label1\" content=\"Tempo estimado de leitura\" \/>\n\t<meta name=\"twitter:data1\" content=\"1 minuto\" \/>\n<script type=\"application\/ld+json\" class=\"yoast-schema-graph\">{\"@context\":\"https:\\\/\\\/schema.org\",\"@graph\":[{\"@type\":\"WebPage\",\"@id\":\"https:\\\/\\\/lovme.pt\\\/index.php\\\/produto\\\/fetish-submissive-origin-punhos-de-tornozelo-de-couro-vegano-com-forro-de-neoprene\\\/\",\"url\":\"https:\\\/\\\/lovme.pt\\\/index.php\\\/produto\\\/fetish-submissive-origin-punhos-de-tornozelo-de-couro-vegano-com-forro-de-neoprene\\\/\",\"name\":\"FETISH SUBMISSIVE ORIGIN - PUNHOS DE TORNOZELO DE COURO VEGANO COM FORRO DE NEOPRENE - Lovme\",\"isPartOf\":{\"@id\":\"https:\\\/\\\/lovme.pt\\\/#website\"},\"primaryImageOfPage\":{\"@id\":\"https:\\\/\\\/lovme.pt\\\/index.php\\\/produto\\\/fetish-submissive-origin-punhos-de-tornozelo-de-couro-vegano-com-forro-de-neoprene\\\/#primaryimage\"},\"image\":{\"@id\":\"https:\\\/\\\/lovme.pt\\\/index.php\\\/produto\\\/fetish-submissive-origin-punhos-de-tornozelo-de-couro-vegano-com-forro-de-neoprene\\\/#primaryimage\"},\"thumbnailUrl\":\"https:\\\/\\\/erki24nd3ub.exactdn.com\\\/wp-content\\\/uploads\\\/dream\\\/img\\\/img_96593_aca152f9f2f801313f24cea2f5ab852b_1.png?strip=all\",\"datePublished\":\"2025-09-30T22:31:45+00:00\",\"dateModified\":\"2026-02-25T06:42:10+00:00\",\"breadcrumb\":{\"@id\":\"https:\\\/\\\/lovme.pt\\\/index.php\\\/produto\\\/fetish-submissive-origin-punhos-de-tornozelo-de-couro-vegano-com-forro-de-neoprene\\\/#breadcrumb\"},\"inLanguage\":\"pt-PT\",\"potentialAction\":[{\"@type\":\"ReadAction\",\"target\":[\"https:\\\/\\\/lovme.pt\\\/index.php\\\/produto\\\/fetish-submissive-origin-punhos-de-tornozelo-de-couro-vegano-com-forro-de-neoprene\\\/\"]}]},{\"@type\":\"ImageObject\",\"inLanguage\":\"pt-PT\",\"@id\":\"https:\\\/\\\/lovme.pt\\\/index.php\\\/produto\\\/fetish-submissive-origin-punhos-de-tornozelo-de-couro-vegano-com-forro-de-neoprene\\\/#primaryimage\",\"url\":\"https:\\\/\\\/erki24nd3ub.exactdn.com\\\/wp-content\\\/uploads\\\/dream\\\/img\\\/img_96593_aca152f9f2f801313f24cea2f5ab852b_1.png?strip=all\",\"contentUrl\":\"https:\\\/\\\/erki24nd3ub.exactdn.com\\\/wp-content\\\/uploads\\\/dream\\\/img\\\/img_96593_aca152f9f2f801313f24cea2f5ab852b_1.png?strip=all\",\"width\":800,\"height\":800},{\"@type\":\"BreadcrumbList\",\"@id\":\"https:\\\/\\\/lovme.pt\\\/index.php\\\/produto\\\/fetish-submissive-origin-punhos-de-tornozelo-de-couro-vegano-com-forro-de-neoprene\\\/#breadcrumb\",\"itemListElement\":[{\"@type\":\"ListItem\",\"position\":1,\"name\":\"In\u00edcio\",\"item\":\"https:\\\/\\\/lovme.pt\\\/\"},{\"@type\":\"ListItem\",\"position\":2,\"name\":\"Loja\",\"item\":\"https:\\\/\\\/lovme.pt\\\/index.php\\\/loja\\\/\"},{\"@type\":\"ListItem\",\"position\":3,\"name\":\"FETISH SUBMISSIVE ORIGIN &#8211; PUNHOS DE TORNOZELO DE COURO VEGANO COM FORRO DE NEOPRENE\"}]},{\"@type\":\"WebSite\",\"@id\":\"https:\\\/\\\/lovme.pt\\\/#website\",\"url\":\"https:\\\/\\\/lovme.pt\\\/\",\"name\":\"Lovme Loja Er\u00f3tica N\u00ba1 em Portugal\",\"description\":\"A melhor loja er\u00f3tica de Portugal.\",\"alternateName\":\"Loja Er\u00f3tica Lovme\",\"potentialAction\":[{\"@type\":\"SearchAction\",\"target\":{\"@type\":\"EntryPoint\",\"urlTemplate\":\"https:\\\/\\\/lovme.pt\\\/?s={search_term_string}\"},\"query-input\":{\"@type\":\"PropertyValueSpecification\",\"valueRequired\":true,\"valueName\":\"search_term_string\"}}],\"inLanguage\":\"pt-PT\"}]}<\/script>\n<!-- \/ Yoast SEO plugin. -->","yoast_head_json":{"title":"FETISH SUBMISSIVE ORIGIN - PUNHOS DE TORNOZELO DE COURO VEGANO COM FORRO DE NEOPRENE - Lovme","robots":{"index":"index","follow":"follow","max-snippet":"max-snippet:-1","max-image-preview":"max-image-preview:large","max-video-preview":"max-video-preview:-1"},"canonical":"https:\/\/lovme.pt\/index.php\/produto\/fetish-submissive-origin-punhos-de-tornozelo-de-couro-vegano-com-forro-de-neoprene\/","og_locale":"pt_PT","og_type":"article","og_title":"FETISH SUBMISSIVE ORIGIN - PUNHOS DE TORNOZELO DE COURO VEGANO COM FORRO DE NEOPRENE - Lovme","og_description":"FETISH SUBMISSIVE ORIGIN - PUNHOS DE COURO VEGANO COM FORRO DE NEOPRENE","og_url":"https:\/\/lovme.pt\/index.php\/produto\/fetish-submissive-origin-punhos-de-tornozelo-de-couro-vegano-com-forro-de-neoprene\/","og_site_name":"Lovme","article_modified_time":"2026-02-25T06:42:10+00:00","og_image":[{"width":800,"height":800,"url":"https:\/\/erki24nd3ub.exactdn.com\/wp-content\/uploads\/dream\/img\/img_96593_aca152f9f2f801313f24cea2f5ab852b_1.png?strip=all","type":"image\/png"}],"twitter_card":"summary_large_image","twitter_misc":{"Tempo estimado de leitura":"1 minuto"},"schema":{"@context":"https:\/\/schema.org","@graph":[{"@type":"WebPage","@id":"https:\/\/lovme.pt\/index.php\/produto\/fetish-submissive-origin-punhos-de-tornozelo-de-couro-vegano-com-forro-de-neoprene\/","url":"https:\/\/lovme.pt\/index.php\/produto\/fetish-submissive-origin-punhos-de-tornozelo-de-couro-vegano-com-forro-de-neoprene\/","name":"FETISH SUBMISSIVE ORIGIN - PUNHOS DE TORNOZELO DE COURO VEGANO COM FORRO DE NEOPRENE - Lovme","isPartOf":{"@id":"https:\/\/lovme.pt\/#website"},"primaryImageOfPage":{"@id":"https:\/\/lovme.pt\/index.php\/produto\/fetish-submissive-origin-punhos-de-tornozelo-de-couro-vegano-com-forro-de-neoprene\/#primaryimage"},"image":{"@id":"https:\/\/lovme.pt\/index.php\/produto\/fetish-submissive-origin-punhos-de-tornozelo-de-couro-vegano-com-forro-de-neoprene\/#primaryimage"},"thumbnailUrl":"https:\/\/erki24nd3ub.exactdn.com\/wp-content\/uploads\/dream\/img\/img_96593_aca152f9f2f801313f24cea2f5ab852b_1.png?strip=all","datePublished":"2025-09-30T22:31:45+00:00","dateModified":"2026-02-25T06:42:10+00:00","breadcrumb":{"@id":"https:\/\/lovme.pt\/index.php\/produto\/fetish-submissive-origin-punhos-de-tornozelo-de-couro-vegano-com-forro-de-neoprene\/#breadcrumb"},"inLanguage":"pt-PT","potentialAction":[{"@type":"ReadAction","target":["https:\/\/lovme.pt\/index.php\/produto\/fetish-submissive-origin-punhos-de-tornozelo-de-couro-vegano-com-forro-de-neoprene\/"]}]},{"@type":"ImageObject","inLanguage":"pt-PT","@id":"https:\/\/lovme.pt\/index.php\/produto\/fetish-submissive-origin-punhos-de-tornozelo-de-couro-vegano-com-forro-de-neoprene\/#primaryimage","url":"https:\/\/erki24nd3ub.exactdn.com\/wp-content\/uploads\/dream\/img\/img_96593_aca152f9f2f801313f24cea2f5ab852b_1.png?strip=all","contentUrl":"https:\/\/erki24nd3ub.exactdn.com\/wp-content\/uploads\/dream\/img\/img_96593_aca152f9f2f801313f24cea2f5ab852b_1.png?strip=all","width":800,"height":800},{"@type":"BreadcrumbList","@id":"https:\/\/lovme.pt\/index.php\/produto\/fetish-submissive-origin-punhos-de-tornozelo-de-couro-vegano-com-forro-de-neoprene\/#breadcrumb","itemListElement":[{"@type":"ListItem","position":1,"name":"In\u00edcio","item":"https:\/\/lovme.pt\/"},{"@type":"ListItem","position":2,"name":"Loja","item":"https:\/\/lovme.pt\/index.php\/loja\/"},{"@type":"ListItem","position":3,"name":"FETISH SUBMISSIVE ORIGIN &#8211; PUNHOS DE TORNOZELO DE COURO VEGANO COM FORRO DE NEOPRENE"}]},{"@type":"WebSite","@id":"https:\/\/lovme.pt\/#website","url":"https:\/\/lovme.pt\/","name":"Lovme Loja Er\u00f3tica N\u00ba1 em Portugal","description":"A melhor loja er\u00f3tica de Portugal.","alternateName":"Loja Er\u00f3tica Lovme","potentialAction":[{"@type":"SearchAction","target":{"@type":"EntryPoint","urlTemplate":"https:\/\/lovme.pt\/?s={search_term_string}"},"query-input":{"@type":"PropertyValueSpecification","valueRequired":true,"valueName":"search_term_string"}}],"inLanguage":"pt-PT"}]}},"_links":{"self":[{"href":"https:\/\/lovme.pt\/index.php\/wp-json\/wp\/v2\/product\/32938","targetHints":{"allow":["GET"]}}],"collection":[{"href":"https:\/\/lovme.pt\/index.php\/wp-json\/wp\/v2\/product"}],"about":[{"href":"https:\/\/lovme.pt\/index.php\/wp-json\/wp\/v2\/types\/product"}],"wp:featuredmedia":[{"embeddable":true,"href":"https:\/\/lovme.pt\/index.php\/wp-json\/wp\/v2\/media\/78530"}],"wp:attachment":[{"href":"https:\/\/lovme.pt\/index.php\/wp-json\/wp\/v2\/media?parent=32938"}],"wp:term":[{"taxonomy":"product_brand","embeddable":true,"href":"https:\/\/lovme.pt\/index.php\/wp-json\/wp\/v2\/product_brand?post=32938"},{"taxonomy":"product_cat","embeddable":true,"href":"https:\/\/lovme.pt\/index.php\/wp-json\/wp\/v2\/product_cat?post=32938"},{"taxonomy":"product_tag","embeddable":true,"href":"https:\/\/lovme.pt\/index.php\/wp-json\/wp\/v2\/product_tag?post=32938"}],"curies":[{"name":"wp","href":"https:\/\/api.w.org\/{rel}","templated":true}]}}