{"id":32913,"date":"2025-09-30T22:26:00","date_gmt":"2025-09-30T22:26:00","guid":{"rendered":"https:\/\/lovme.pt\/?post_type=product&#038;p=32913"},"modified":"2026-02-25T06:41:16","modified_gmt":"2026-02-25T06:41:16","slug":"jamyjob-aquecedor-de-mangas-de-pre-venda","status":"publish","type":"product","link":"https:\/\/lovme.pt\/index.php\/produto\/jamyjob-aquecedor-de-mangas-de-pre-venda\/","title":{"rendered":"JAMYJOB &#8211; AQUECEDOR DE MANGAS DE PR\u00c9-VENDA"},"content":{"rendered":"<p>Por que usar o aquecedor de mangas JAMYJOB PREW? O dispositivo SleeveWarmer aquece seu masturbador JAMYJOB a uma temperatura sensual que imita ainda mais a sensa\u00e7\u00e3o de uma experi\u00eancia sexual real.<\/p>\n<ul>\n<li> Op\u00e7\u00f5es de energia convenientes: cabo USB<\/li>\n<li> Aquece at\u00e9 40\u00b0 Celsius, a temperatura perfeita para recriar um ambiente sexual realista, em menos de cinco minutos.<\/li>\n<li> Mant\u00e9m a temperatura ap\u00f3s o aquecimento, para que esteja pronto para uso sempre que voc\u00ea estiver pronto para uso<\/li>\n<li> O recurso de desligamento autom\u00e1tico evita superaquecimento acidental<\/li>\n<li> Resistente \u00e0 \u00e1gua contra umidade leve e respingos.<\/li>\n<li> Bases resistentes e antiderrapantes<\/li>\n<li> Configura\u00e7\u00e3o r\u00e1pida e f\u00e1cil<\/li>\n<li> Comprimento total: 20 cm<\/li>\n<li> Comprimento inser\u00edvel: 15 cm<\/li>\n<\/ul>\n","protected":false},"excerpt":{"rendered":"<p>JAMYJOB &#8211; AQUECEDOR DE MANGAS DE PR\u00c9-VENDA<\/p>\n","protected":false},"featured_media":77727,"template":"","meta":{"_acf_changed":false},"product_brand":[],"product_cat":[58],"product_tag":[],"class_list":{"0":"post-32913","1":"product","2":"type-product","3":"status-publish","4":"has-post-thumbnail","6":"product_cat-masturbadores-para-penis","7":"yith_product_brand-jamyjob","9":"first","10":"instock","11":"taxable","12":"shipping-taxable","13":"purchasable","14":"product-type-simple"},"acf":[],"yoast_head":"<!-- This site is optimized with the Yoast SEO plugin v27.4 - https:\/\/yoast.com\/product\/yoast-seo-wordpress\/ -->\n<title>JAMYJOB - AQUECEDOR DE MANGAS DE PR\u00c9-VENDA - Lovme<\/title>\n<meta name=\"robots\" content=\"index, follow, max-snippet:-1, max-image-preview:large, max-video-preview:-1\" \/>\n<link rel=\"canonical\" href=\"https:\/\/lovme.pt\/index.php\/produto\/jamyjob-aquecedor-de-mangas-de-pre-venda\/\" \/>\n<meta property=\"og:locale\" content=\"pt_PT\" \/>\n<meta property=\"og:type\" content=\"article\" \/>\n<meta property=\"og:title\" content=\"JAMYJOB - AQUECEDOR DE MANGAS DE PR\u00c9-VENDA - Lovme\" \/>\n<meta property=\"og:description\" content=\"JAMYJOB - AQUECEDOR DE MANGAS DE PR\u00c9-VENDA\" \/>\n<meta property=\"og:url\" content=\"https:\/\/lovme.pt\/index.php\/produto\/jamyjob-aquecedor-de-mangas-de-pre-venda\/\" \/>\n<meta property=\"og:site_name\" content=\"Lovme\" \/>\n<meta property=\"article:modified_time\" content=\"2026-02-25T06:41:16+00:00\" \/>\n<meta property=\"og:image\" content=\"https:\/\/erki24nd3ub.exactdn.com\/wp-content\/uploads\/dream\/img\/img_96432_4f551f4224bf62318067b0ca19a1e166_1.png?strip=all\" \/>\n\t<meta property=\"og:image:width\" content=\"800\" \/>\n\t<meta property=\"og:image:height\" content=\"800\" \/>\n\t<meta property=\"og:image:type\" content=\"image\/png\" \/>\n<meta name=\"twitter:card\" content=\"summary_large_image\" \/>\n<meta name=\"twitter:label1\" content=\"Tempo estimado de leitura\" \/>\n\t<meta name=\"twitter:data1\" content=\"1 minuto\" \/>\n<script type=\"application\/ld+json\" class=\"yoast-schema-graph\">{\"@context\":\"https:\\\/\\\/schema.org\",\"@graph\":[{\"@type\":\"WebPage\",\"@id\":\"https:\\\/\\\/lovme.pt\\\/index.php\\\/produto\\\/jamyjob-aquecedor-de-mangas-de-pre-venda\\\/\",\"url\":\"https:\\\/\\\/lovme.pt\\\/index.php\\\/produto\\\/jamyjob-aquecedor-de-mangas-de-pre-venda\\\/\",\"name\":\"JAMYJOB - AQUECEDOR DE MANGAS DE PR\u00c9-VENDA - Lovme\",\"isPartOf\":{\"@id\":\"https:\\\/\\\/lovme.pt\\\/#website\"},\"primaryImageOfPage\":{\"@id\":\"https:\\\/\\\/lovme.pt\\\/index.php\\\/produto\\\/jamyjob-aquecedor-de-mangas-de-pre-venda\\\/#primaryimage\"},\"image\":{\"@id\":\"https:\\\/\\\/lovme.pt\\\/index.php\\\/produto\\\/jamyjob-aquecedor-de-mangas-de-pre-venda\\\/#primaryimage\"},\"thumbnailUrl\":\"https:\\\/\\\/erki24nd3ub.exactdn.com\\\/wp-content\\\/uploads\\\/dream\\\/img\\\/img_96432_4f551f4224bf62318067b0ca19a1e166_1.png?strip=all\",\"datePublished\":\"2025-09-30T22:26:00+00:00\",\"dateModified\":\"2026-02-25T06:41:16+00:00\",\"breadcrumb\":{\"@id\":\"https:\\\/\\\/lovme.pt\\\/index.php\\\/produto\\\/jamyjob-aquecedor-de-mangas-de-pre-venda\\\/#breadcrumb\"},\"inLanguage\":\"pt-PT\",\"potentialAction\":[{\"@type\":\"ReadAction\",\"target\":[\"https:\\\/\\\/lovme.pt\\\/index.php\\\/produto\\\/jamyjob-aquecedor-de-mangas-de-pre-venda\\\/\"]}]},{\"@type\":\"ImageObject\",\"inLanguage\":\"pt-PT\",\"@id\":\"https:\\\/\\\/lovme.pt\\\/index.php\\\/produto\\\/jamyjob-aquecedor-de-mangas-de-pre-venda\\\/#primaryimage\",\"url\":\"https:\\\/\\\/erki24nd3ub.exactdn.com\\\/wp-content\\\/uploads\\\/dream\\\/img\\\/img_96432_4f551f4224bf62318067b0ca19a1e166_1.png?strip=all\",\"contentUrl\":\"https:\\\/\\\/erki24nd3ub.exactdn.com\\\/wp-content\\\/uploads\\\/dream\\\/img\\\/img_96432_4f551f4224bf62318067b0ca19a1e166_1.png?strip=all\",\"width\":800,\"height\":800},{\"@type\":\"BreadcrumbList\",\"@id\":\"https:\\\/\\\/lovme.pt\\\/index.php\\\/produto\\\/jamyjob-aquecedor-de-mangas-de-pre-venda\\\/#breadcrumb\",\"itemListElement\":[{\"@type\":\"ListItem\",\"position\":1,\"name\":\"In\u00edcio\",\"item\":\"https:\\\/\\\/lovme.pt\\\/\"},{\"@type\":\"ListItem\",\"position\":2,\"name\":\"Loja\",\"item\":\"https:\\\/\\\/lovme.pt\\\/index.php\\\/loja\\\/\"},{\"@type\":\"ListItem\",\"position\":3,\"name\":\"JAMYJOB &#8211; AQUECEDOR DE MANGAS DE PR\u00c9-VENDA\"}]},{\"@type\":\"WebSite\",\"@id\":\"https:\\\/\\\/lovme.pt\\\/#website\",\"url\":\"https:\\\/\\\/lovme.pt\\\/\",\"name\":\"Lovme Loja Er\u00f3tica N\u00ba1 em Portugal\",\"description\":\"A melhor loja er\u00f3tica de Portugal.\",\"alternateName\":\"Loja Er\u00f3tica Lovme\",\"potentialAction\":[{\"@type\":\"SearchAction\",\"target\":{\"@type\":\"EntryPoint\",\"urlTemplate\":\"https:\\\/\\\/lovme.pt\\\/?s={search_term_string}\"},\"query-input\":{\"@type\":\"PropertyValueSpecification\",\"valueRequired\":true,\"valueName\":\"search_term_string\"}}],\"inLanguage\":\"pt-PT\"}]}<\/script>\n<!-- \/ Yoast SEO plugin. -->","yoast_head_json":{"title":"JAMYJOB - AQUECEDOR DE MANGAS DE PR\u00c9-VENDA - Lovme","robots":{"index":"index","follow":"follow","max-snippet":"max-snippet:-1","max-image-preview":"max-image-preview:large","max-video-preview":"max-video-preview:-1"},"canonical":"https:\/\/lovme.pt\/index.php\/produto\/jamyjob-aquecedor-de-mangas-de-pre-venda\/","og_locale":"pt_PT","og_type":"article","og_title":"JAMYJOB - AQUECEDOR DE MANGAS DE PR\u00c9-VENDA - Lovme","og_description":"JAMYJOB - AQUECEDOR DE MANGAS DE PR\u00c9-VENDA","og_url":"https:\/\/lovme.pt\/index.php\/produto\/jamyjob-aquecedor-de-mangas-de-pre-venda\/","og_site_name":"Lovme","article_modified_time":"2026-02-25T06:41:16+00:00","og_image":[{"width":800,"height":800,"url":"https:\/\/erki24nd3ub.exactdn.com\/wp-content\/uploads\/dream\/img\/img_96432_4f551f4224bf62318067b0ca19a1e166_1.png?strip=all","type":"image\/png"}],"twitter_card":"summary_large_image","twitter_misc":{"Tempo estimado de leitura":"1 minuto"},"schema":{"@context":"https:\/\/schema.org","@graph":[{"@type":"WebPage","@id":"https:\/\/lovme.pt\/index.php\/produto\/jamyjob-aquecedor-de-mangas-de-pre-venda\/","url":"https:\/\/lovme.pt\/index.php\/produto\/jamyjob-aquecedor-de-mangas-de-pre-venda\/","name":"JAMYJOB - AQUECEDOR DE MANGAS DE PR\u00c9-VENDA - Lovme","isPartOf":{"@id":"https:\/\/lovme.pt\/#website"},"primaryImageOfPage":{"@id":"https:\/\/lovme.pt\/index.php\/produto\/jamyjob-aquecedor-de-mangas-de-pre-venda\/#primaryimage"},"image":{"@id":"https:\/\/lovme.pt\/index.php\/produto\/jamyjob-aquecedor-de-mangas-de-pre-venda\/#primaryimage"},"thumbnailUrl":"https:\/\/erki24nd3ub.exactdn.com\/wp-content\/uploads\/dream\/img\/img_96432_4f551f4224bf62318067b0ca19a1e166_1.png?strip=all","datePublished":"2025-09-30T22:26:00+00:00","dateModified":"2026-02-25T06:41:16+00:00","breadcrumb":{"@id":"https:\/\/lovme.pt\/index.php\/produto\/jamyjob-aquecedor-de-mangas-de-pre-venda\/#breadcrumb"},"inLanguage":"pt-PT","potentialAction":[{"@type":"ReadAction","target":["https:\/\/lovme.pt\/index.php\/produto\/jamyjob-aquecedor-de-mangas-de-pre-venda\/"]}]},{"@type":"ImageObject","inLanguage":"pt-PT","@id":"https:\/\/lovme.pt\/index.php\/produto\/jamyjob-aquecedor-de-mangas-de-pre-venda\/#primaryimage","url":"https:\/\/erki24nd3ub.exactdn.com\/wp-content\/uploads\/dream\/img\/img_96432_4f551f4224bf62318067b0ca19a1e166_1.png?strip=all","contentUrl":"https:\/\/erki24nd3ub.exactdn.com\/wp-content\/uploads\/dream\/img\/img_96432_4f551f4224bf62318067b0ca19a1e166_1.png?strip=all","width":800,"height":800},{"@type":"BreadcrumbList","@id":"https:\/\/lovme.pt\/index.php\/produto\/jamyjob-aquecedor-de-mangas-de-pre-venda\/#breadcrumb","itemListElement":[{"@type":"ListItem","position":1,"name":"In\u00edcio","item":"https:\/\/lovme.pt\/"},{"@type":"ListItem","position":2,"name":"Loja","item":"https:\/\/lovme.pt\/index.php\/loja\/"},{"@type":"ListItem","position":3,"name":"JAMYJOB &#8211; AQUECEDOR DE MANGAS DE PR\u00c9-VENDA"}]},{"@type":"WebSite","@id":"https:\/\/lovme.pt\/#website","url":"https:\/\/lovme.pt\/","name":"Lovme Loja Er\u00f3tica N\u00ba1 em Portugal","description":"A melhor loja er\u00f3tica de Portugal.","alternateName":"Loja Er\u00f3tica Lovme","potentialAction":[{"@type":"SearchAction","target":{"@type":"EntryPoint","urlTemplate":"https:\/\/lovme.pt\/?s={search_term_string}"},"query-input":{"@type":"PropertyValueSpecification","valueRequired":true,"valueName":"search_term_string"}}],"inLanguage":"pt-PT"}]}},"_links":{"self":[{"href":"https:\/\/lovme.pt\/index.php\/wp-json\/wp\/v2\/product\/32913","targetHints":{"allow":["GET"]}}],"collection":[{"href":"https:\/\/lovme.pt\/index.php\/wp-json\/wp\/v2\/product"}],"about":[{"href":"https:\/\/lovme.pt\/index.php\/wp-json\/wp\/v2\/types\/product"}],"wp:featuredmedia":[{"embeddable":true,"href":"https:\/\/lovme.pt\/index.php\/wp-json\/wp\/v2\/media\/77727"}],"wp:attachment":[{"href":"https:\/\/lovme.pt\/index.php\/wp-json\/wp\/v2\/media?parent=32913"}],"wp:term":[{"taxonomy":"product_brand","embeddable":true,"href":"https:\/\/lovme.pt\/index.php\/wp-json\/wp\/v2\/product_brand?post=32913"},{"taxonomy":"product_cat","embeddable":true,"href":"https:\/\/lovme.pt\/index.php\/wp-json\/wp\/v2\/product_cat?post=32913"},{"taxonomy":"product_tag","embeddable":true,"href":"https:\/\/lovme.pt\/index.php\/wp-json\/wp\/v2\/product_tag?post=32913"}],"curies":[{"name":"wp","href":"https:\/\/api.w.org\/{rel}","templated":true}]}}