{"id":32849,"date":"2025-09-30T22:25:22","date_gmt":"2025-09-30T22:25:22","guid":{"rendered":"https:\/\/lovme.pt\/?post_type=product&#038;p=32849"},"modified":"2026-02-25T06:37:14","modified_gmt":"2026-02-25T06:37:14","slug":"electrastim-lencos-de-limpeza-com-alcool-10-unidades","status":"publish","type":"product","link":"https:\/\/lovme.pt\/index.php\/produto\/electrastim-lencos-de-limpeza-com-alcool-10-unidades\/","title":{"rendered":"ELECTRASTIM &#8211; LEN\u00c7OS DE LIMPEZA COM \u00c1LCOOL 10 UNIDADES"},"content":{"rendered":"<p>Estes pr\u00e1ticos len\u00e7os umedecidos esterilizados com \u00e1lcool s\u00e3o a maneira ideal de limpar todos os seus brinquedos sexuais eletr\u00f4nicos. Embalados individualmente para maior higiene, s\u00e3o pequenos o suficiente para caber no estojo ou na bolsa do seu ElectraStim, para uma limpeza pr\u00e1tica em casa e em qualquer lugar. Projetados para a limpeza de dispositivos m\u00e9dicos, voc\u00ea deve usar um desses len\u00e7os descart\u00e1veis para limpar seus eletrodos antes do uso, garantindo que estejam livres de bact\u00e9rias.<\/p>\n<ul>\n<li> Cada pacote inclui 10 len\u00e7os umedecidos embalados individualmente.<\/li>\n<li> \u00c1lcool isoprop\u00edlico 70% v\/v. Uso \u00fanico.<\/li>\n<\/ul>\n<p> Imagem apenas para refer\u00eancia. Outras marcas equivalentes podem ser fornecidas.<\/p>\n<p> Garanta que seus eletrodos estejam sempre esterilizados com este pacote de 10 len\u00e7os de limpeza. Embalados individualmente para maior higiene, estes len\u00e7os de limpeza \u00e0 base de \u00e1lcool foram desenvolvidos para limpar dispositivos m\u00e9dicos e s\u00e3o a maneira ideal de preparar seus brinquedos sexuais para uso.<\/p>\n<p> Basta abrir a embalagem, desdobrar o len\u00e7o umedecido e us\u00e1-lo para limpar a superf\u00edcie dos eletrodos antes do uso e garantir que estejam limpos antes de come\u00e7ar a usar. Combine-o com nosso lubrificante est\u00e9ril para maximizar os efeitos. Cada len\u00e7o vem em uma embalagem fina que cabe dentro do estojo r\u00edgido ou da bolsa de armazenamento do seu ElectraStim para uso pr\u00e1tico em casa ou em qualquer lugar.<\/p>\n","protected":false},"excerpt":{"rendered":"<p>ELECTRASTIM &#8211; LEN\u00c7OS DE LIMPEZA COM \u00c1LCOOL 10 UNIDADES<\/p>\n","protected":false},"featured_media":77636,"template":"","meta":{"_acf_changed":false},"product_brand":[],"product_cat":[55],"product_tag":[],"class_list":{"0":"post-32849","1":"product","2":"type-product","3":"status-publish","4":"has-post-thumbnail","6":"product_cat-cuidado-de-brinquedos","7":"yith_product_brand-electrastim","9":"first","10":"instock","11":"taxable","12":"shipping-taxable","13":"purchasable","14":"product-type-simple"},"acf":[],"yoast_head":"<!-- This site is optimized with the Yoast SEO plugin v27.4 - https:\/\/yoast.com\/product\/yoast-seo-wordpress\/ -->\n<title>ELECTRASTIM - LEN\u00c7OS DE LIMPEZA COM \u00c1LCOOL 10 UNIDADES - Lovme<\/title>\n<meta name=\"robots\" content=\"index, follow, max-snippet:-1, max-image-preview:large, max-video-preview:-1\" \/>\n<link rel=\"canonical\" href=\"https:\/\/lovme.pt\/index.php\/produto\/electrastim-lencos-de-limpeza-com-alcool-10-unidades\/\" \/>\n<meta property=\"og:locale\" content=\"pt_PT\" \/>\n<meta property=\"og:type\" content=\"article\" \/>\n<meta property=\"og:title\" content=\"ELECTRASTIM - LEN\u00c7OS DE LIMPEZA COM \u00c1LCOOL 10 UNIDADES - Lovme\" \/>\n<meta property=\"og:description\" content=\"ELECTRASTIM - LEN\u00c7OS DE LIMPEZA COM \u00c1LCOOL 10 UNIDADES\" \/>\n<meta property=\"og:url\" content=\"https:\/\/lovme.pt\/index.php\/produto\/electrastim-lencos-de-limpeza-com-alcool-10-unidades\/\" \/>\n<meta property=\"og:site_name\" content=\"Lovme\" \/>\n<meta property=\"article:modified_time\" content=\"2026-02-25T06:37:14+00:00\" \/>\n<meta property=\"og:image\" content=\"https:\/\/erki24nd3ub.exactdn.com\/wp-content\/uploads\/dream\/img\/img_216021_51be63e7db47edf203035e78a8cdb41d_1.jpg?strip=all\" \/>\n\t<meta property=\"og:image:width\" content=\"900\" \/>\n\t<meta property=\"og:image:height\" content=\"900\" \/>\n\t<meta property=\"og:image:type\" content=\"image\/jpeg\" \/>\n<meta name=\"twitter:card\" content=\"summary_large_image\" \/>\n<meta name=\"twitter:label1\" content=\"Tempo estimado de leitura\" \/>\n\t<meta name=\"twitter:data1\" content=\"1 minuto\" \/>\n<script type=\"application\/ld+json\" class=\"yoast-schema-graph\">{\"@context\":\"https:\\\/\\\/schema.org\",\"@graph\":[{\"@type\":\"WebPage\",\"@id\":\"https:\\\/\\\/lovme.pt\\\/index.php\\\/produto\\\/electrastim-lencos-de-limpeza-com-alcool-10-unidades\\\/\",\"url\":\"https:\\\/\\\/lovme.pt\\\/index.php\\\/produto\\\/electrastim-lencos-de-limpeza-com-alcool-10-unidades\\\/\",\"name\":\"ELECTRASTIM - LEN\u00c7OS DE LIMPEZA COM \u00c1LCOOL 10 UNIDADES - Lovme\",\"isPartOf\":{\"@id\":\"https:\\\/\\\/lovme.pt\\\/#website\"},\"primaryImageOfPage\":{\"@id\":\"https:\\\/\\\/lovme.pt\\\/index.php\\\/produto\\\/electrastim-lencos-de-limpeza-com-alcool-10-unidades\\\/#primaryimage\"},\"image\":{\"@id\":\"https:\\\/\\\/lovme.pt\\\/index.php\\\/produto\\\/electrastim-lencos-de-limpeza-com-alcool-10-unidades\\\/#primaryimage\"},\"thumbnailUrl\":\"https:\\\/\\\/erki24nd3ub.exactdn.com\\\/wp-content\\\/uploads\\\/dream\\\/img\\\/img_216021_51be63e7db47edf203035e78a8cdb41d_1.jpg?strip=all\",\"datePublished\":\"2025-09-30T22:25:22+00:00\",\"dateModified\":\"2026-02-25T06:37:14+00:00\",\"breadcrumb\":{\"@id\":\"https:\\\/\\\/lovme.pt\\\/index.php\\\/produto\\\/electrastim-lencos-de-limpeza-com-alcool-10-unidades\\\/#breadcrumb\"},\"inLanguage\":\"pt-PT\",\"potentialAction\":[{\"@type\":\"ReadAction\",\"target\":[\"https:\\\/\\\/lovme.pt\\\/index.php\\\/produto\\\/electrastim-lencos-de-limpeza-com-alcool-10-unidades\\\/\"]}]},{\"@type\":\"ImageObject\",\"inLanguage\":\"pt-PT\",\"@id\":\"https:\\\/\\\/lovme.pt\\\/index.php\\\/produto\\\/electrastim-lencos-de-limpeza-com-alcool-10-unidades\\\/#primaryimage\",\"url\":\"https:\\\/\\\/erki24nd3ub.exactdn.com\\\/wp-content\\\/uploads\\\/dream\\\/img\\\/img_216021_51be63e7db47edf203035e78a8cdb41d_1.jpg?strip=all\",\"contentUrl\":\"https:\\\/\\\/erki24nd3ub.exactdn.com\\\/wp-content\\\/uploads\\\/dream\\\/img\\\/img_216021_51be63e7db47edf203035e78a8cdb41d_1.jpg?strip=all\",\"width\":900,\"height\":900},{\"@type\":\"BreadcrumbList\",\"@id\":\"https:\\\/\\\/lovme.pt\\\/index.php\\\/produto\\\/electrastim-lencos-de-limpeza-com-alcool-10-unidades\\\/#breadcrumb\",\"itemListElement\":[{\"@type\":\"ListItem\",\"position\":1,\"name\":\"In\u00edcio\",\"item\":\"https:\\\/\\\/lovme.pt\\\/\"},{\"@type\":\"ListItem\",\"position\":2,\"name\":\"Loja\",\"item\":\"https:\\\/\\\/lovme.pt\\\/index.php\\\/loja\\\/\"},{\"@type\":\"ListItem\",\"position\":3,\"name\":\"ELECTRASTIM &#8211; LEN\u00c7OS DE LIMPEZA COM \u00c1LCOOL 10 UNIDADES\"}]},{\"@type\":\"WebSite\",\"@id\":\"https:\\\/\\\/lovme.pt\\\/#website\",\"url\":\"https:\\\/\\\/lovme.pt\\\/\",\"name\":\"Lovme Loja Er\u00f3tica N\u00ba1 em Portugal\",\"description\":\"A melhor loja er\u00f3tica de Portugal.\",\"alternateName\":\"Loja Er\u00f3tica Lovme\",\"potentialAction\":[{\"@type\":\"SearchAction\",\"target\":{\"@type\":\"EntryPoint\",\"urlTemplate\":\"https:\\\/\\\/lovme.pt\\\/?s={search_term_string}\"},\"query-input\":{\"@type\":\"PropertyValueSpecification\",\"valueRequired\":true,\"valueName\":\"search_term_string\"}}],\"inLanguage\":\"pt-PT\"}]}<\/script>\n<!-- \/ Yoast SEO plugin. -->","yoast_head_json":{"title":"ELECTRASTIM - LEN\u00c7OS DE LIMPEZA COM \u00c1LCOOL 10 UNIDADES - Lovme","robots":{"index":"index","follow":"follow","max-snippet":"max-snippet:-1","max-image-preview":"max-image-preview:large","max-video-preview":"max-video-preview:-1"},"canonical":"https:\/\/lovme.pt\/index.php\/produto\/electrastim-lencos-de-limpeza-com-alcool-10-unidades\/","og_locale":"pt_PT","og_type":"article","og_title":"ELECTRASTIM - LEN\u00c7OS DE LIMPEZA COM \u00c1LCOOL 10 UNIDADES - Lovme","og_description":"ELECTRASTIM - LEN\u00c7OS DE LIMPEZA COM \u00c1LCOOL 10 UNIDADES","og_url":"https:\/\/lovme.pt\/index.php\/produto\/electrastim-lencos-de-limpeza-com-alcool-10-unidades\/","og_site_name":"Lovme","article_modified_time":"2026-02-25T06:37:14+00:00","og_image":[{"width":900,"height":900,"url":"https:\/\/erki24nd3ub.exactdn.com\/wp-content\/uploads\/dream\/img\/img_216021_51be63e7db47edf203035e78a8cdb41d_1.jpg?strip=all","type":"image\/jpeg"}],"twitter_card":"summary_large_image","twitter_misc":{"Tempo estimado de leitura":"1 minuto"},"schema":{"@context":"https:\/\/schema.org","@graph":[{"@type":"WebPage","@id":"https:\/\/lovme.pt\/index.php\/produto\/electrastim-lencos-de-limpeza-com-alcool-10-unidades\/","url":"https:\/\/lovme.pt\/index.php\/produto\/electrastim-lencos-de-limpeza-com-alcool-10-unidades\/","name":"ELECTRASTIM - LEN\u00c7OS DE LIMPEZA COM \u00c1LCOOL 10 UNIDADES - Lovme","isPartOf":{"@id":"https:\/\/lovme.pt\/#website"},"primaryImageOfPage":{"@id":"https:\/\/lovme.pt\/index.php\/produto\/electrastim-lencos-de-limpeza-com-alcool-10-unidades\/#primaryimage"},"image":{"@id":"https:\/\/lovme.pt\/index.php\/produto\/electrastim-lencos-de-limpeza-com-alcool-10-unidades\/#primaryimage"},"thumbnailUrl":"https:\/\/erki24nd3ub.exactdn.com\/wp-content\/uploads\/dream\/img\/img_216021_51be63e7db47edf203035e78a8cdb41d_1.jpg?strip=all","datePublished":"2025-09-30T22:25:22+00:00","dateModified":"2026-02-25T06:37:14+00:00","breadcrumb":{"@id":"https:\/\/lovme.pt\/index.php\/produto\/electrastim-lencos-de-limpeza-com-alcool-10-unidades\/#breadcrumb"},"inLanguage":"pt-PT","potentialAction":[{"@type":"ReadAction","target":["https:\/\/lovme.pt\/index.php\/produto\/electrastim-lencos-de-limpeza-com-alcool-10-unidades\/"]}]},{"@type":"ImageObject","inLanguage":"pt-PT","@id":"https:\/\/lovme.pt\/index.php\/produto\/electrastim-lencos-de-limpeza-com-alcool-10-unidades\/#primaryimage","url":"https:\/\/erki24nd3ub.exactdn.com\/wp-content\/uploads\/dream\/img\/img_216021_51be63e7db47edf203035e78a8cdb41d_1.jpg?strip=all","contentUrl":"https:\/\/erki24nd3ub.exactdn.com\/wp-content\/uploads\/dream\/img\/img_216021_51be63e7db47edf203035e78a8cdb41d_1.jpg?strip=all","width":900,"height":900},{"@type":"BreadcrumbList","@id":"https:\/\/lovme.pt\/index.php\/produto\/electrastim-lencos-de-limpeza-com-alcool-10-unidades\/#breadcrumb","itemListElement":[{"@type":"ListItem","position":1,"name":"In\u00edcio","item":"https:\/\/lovme.pt\/"},{"@type":"ListItem","position":2,"name":"Loja","item":"https:\/\/lovme.pt\/index.php\/loja\/"},{"@type":"ListItem","position":3,"name":"ELECTRASTIM &#8211; LEN\u00c7OS DE LIMPEZA COM \u00c1LCOOL 10 UNIDADES"}]},{"@type":"WebSite","@id":"https:\/\/lovme.pt\/#website","url":"https:\/\/lovme.pt\/","name":"Lovme Loja Er\u00f3tica N\u00ba1 em Portugal","description":"A melhor loja er\u00f3tica de Portugal.","alternateName":"Loja Er\u00f3tica Lovme","potentialAction":[{"@type":"SearchAction","target":{"@type":"EntryPoint","urlTemplate":"https:\/\/lovme.pt\/?s={search_term_string}"},"query-input":{"@type":"PropertyValueSpecification","valueRequired":true,"valueName":"search_term_string"}}],"inLanguage":"pt-PT"}]}},"_links":{"self":[{"href":"https:\/\/lovme.pt\/index.php\/wp-json\/wp\/v2\/product\/32849","targetHints":{"allow":["GET"]}}],"collection":[{"href":"https:\/\/lovme.pt\/index.php\/wp-json\/wp\/v2\/product"}],"about":[{"href":"https:\/\/lovme.pt\/index.php\/wp-json\/wp\/v2\/types\/product"}],"wp:featuredmedia":[{"embeddable":true,"href":"https:\/\/lovme.pt\/index.php\/wp-json\/wp\/v2\/media\/77636"}],"wp:attachment":[{"href":"https:\/\/lovme.pt\/index.php\/wp-json\/wp\/v2\/media?parent=32849"}],"wp:term":[{"taxonomy":"product_brand","embeddable":true,"href":"https:\/\/lovme.pt\/index.php\/wp-json\/wp\/v2\/product_brand?post=32849"},{"taxonomy":"product_cat","embeddable":true,"href":"https:\/\/lovme.pt\/index.php\/wp-json\/wp\/v2\/product_cat?post=32849"},{"taxonomy":"product_tag","embeddable":true,"href":"https:\/\/lovme.pt\/index.php\/wp-json\/wp\/v2\/product_tag?post=32849"}],"curies":[{"name":"wp","href":"https:\/\/api.w.org\/{rel}","templated":true}]}}