{"id":32675,"date":"2025-10-01T00:43:30","date_gmt":"2025-10-01T00:43:30","guid":{"rendered":"https:\/\/lovme.pt\/?post_type=product&#038;p=32675"},"modified":"2026-02-19T20:23:25","modified_gmt":"2026-02-19T20:23:25","slug":"me-seduce-aisha-set-preto-l-xl","status":"publish","type":"product","link":"https:\/\/lovme.pt\/index.php\/produto\/me-seduce-aisha-set-preto-l-xl\/","title":{"rendered":"ME-SEDUCE &#8211; AISHA SET NEGRO L\/XL"},"content":{"rendered":"<p>Apresentamos Gold and I, uma cole\u00e7\u00e3o muito sexy da prestigiada marca europeia de lingerie Me-Seduce e as suas pe\u00e7as e acess\u00f3rios de lingerie exclusivos:<\/p>\n<ul>\n<li> Conjunto Aisha<\/li>\n<li> Um padr\u00e3o muito original e inovador que \u00e9 uma combina\u00e7\u00e3o de borracha el\u00e1stica e uma renda grossa.<\/li>\n<li> O suti\u00e3 usado por baixo da camisa ou top tamb\u00e9m ser\u00e1 um acess\u00f3rio decorativo.<\/li>\n<li> Composi\u00e7\u00e3o: 60% poli\u00e9ster 40% elastano<\/li>\n<li> Cor preta<\/li>\n<li> Tamanho: L\/XL<\/li>\n<\/ul>\n<p> A Me-Seduce foi criada em 2013 e tem como foco lingerie er\u00f3tica para mulheres e homens. No outono de 2018, a marca foi homenageada pela XBIZ Europe e recebeu o pre\u00e7o de Empresa de Lingerie do Ano (2018). Foi a primeira edi\u00e7\u00e3o europeia e a \u00fanica marca polaca nomeada. Agora foi indicada na edi\u00e7\u00e3o americana da XBIZ em duas categorias: Empresa de Lingerie do Ano (2019) e Cole\u00e7\u00e3o de Lingerie do Ano. <\/p>\n<p style=\"text-align: center;\"><img decoding=\"async\" alt=\"\" src=\"https:\/\/interno.dreamlove.es\/UserFiles\/images\/TALLAS%20ME%20SEDUCE%281%29.jpg\" style=\"width: 577px; height: 519px;\" \/><\/p>\n","protected":false},"excerpt":{"rendered":"<p>ME-SEDUCE &#8211; AISHA SET PRETO L\/XL<\/p>\n","protected":false},"featured_media":90345,"template":"","meta":{"_acf_changed":false},"product_brand":[],"product_cat":[47,66],"product_tag":[],"class_list":{"0":"post-32675","1":"product","2":"type-product","3":"status-publish","4":"has-post-thumbnail","6":"product_cat-lingerie","7":"product_cat-lingerie-feminina","8":"yith_product_brand-me-seduce","9":"yith_product_brand-me-seduce-me-seduce-set","11":"first","12":"instock","13":"taxable","14":"shipping-taxable","15":"purchasable","16":"product-type-variable","17":"has-default-attributes"},"acf":[],"yoast_head":"<!-- This site is optimized with the Yoast SEO plugin v27.4 - https:\/\/yoast.com\/product\/yoast-seo-wordpress\/ -->\n<title>ME-SEDUCE - AISHA SET NEGRO L\/XL - Lovme<\/title>\n<meta name=\"robots\" content=\"index, follow, max-snippet:-1, max-image-preview:large, max-video-preview:-1\" \/>\n<link rel=\"canonical\" href=\"https:\/\/lovme.pt\/index.php\/produto\/me-seduce-aisha-set-preto-l-xl\/\" \/>\n<meta property=\"og:locale\" content=\"pt_PT\" \/>\n<meta property=\"og:type\" content=\"article\" \/>\n<meta property=\"og:title\" content=\"ME-SEDUCE - AISHA SET NEGRO L\/XL - Lovme\" \/>\n<meta property=\"og:description\" content=\"ME-SEDUCE - AISHA SET PRETO L\/XL\" \/>\n<meta property=\"og:url\" content=\"https:\/\/lovme.pt\/index.php\/produto\/me-seduce-aisha-set-preto-l-xl\/\" \/>\n<meta property=\"og:site_name\" content=\"Lovme\" \/>\n<meta property=\"article:modified_time\" content=\"2026-02-19T20:23:25+00:00\" \/>\n<meta property=\"og:image\" content=\"https:\/\/erki24nd3ub.exactdn.com\/wp-content\/uploads\/dream\/img\/img_94654_a65089a39aa64625839e29a7bd3ad1e2_1.png?strip=all\" \/>\n\t<meta property=\"og:image:width\" content=\"800\" \/>\n\t<meta property=\"og:image:height\" content=\"800\" \/>\n\t<meta property=\"og:image:type\" content=\"image\/png\" \/>\n<meta name=\"twitter:card\" content=\"summary_large_image\" \/>\n<meta name=\"twitter:label1\" content=\"Tempo estimado de leitura\" \/>\n\t<meta name=\"twitter:data1\" content=\"1 minuto\" \/>\n<script type=\"application\/ld+json\" class=\"yoast-schema-graph\">{\"@context\":\"https:\\\/\\\/schema.org\",\"@graph\":[{\"@type\":\"WebPage\",\"@id\":\"https:\\\/\\\/lovme.pt\\\/index.php\\\/produto\\\/me-seduce-aisha-set-preto-l-xl\\\/\",\"url\":\"https:\\\/\\\/lovme.pt\\\/index.php\\\/produto\\\/me-seduce-aisha-set-preto-l-xl\\\/\",\"name\":\"ME-SEDUCE - AISHA SET NEGRO L\\\/XL - Lovme\",\"isPartOf\":{\"@id\":\"https:\\\/\\\/lovme.pt\\\/#website\"},\"primaryImageOfPage\":{\"@id\":\"https:\\\/\\\/lovme.pt\\\/index.php\\\/produto\\\/me-seduce-aisha-set-preto-l-xl\\\/#primaryimage\"},\"image\":{\"@id\":\"https:\\\/\\\/lovme.pt\\\/index.php\\\/produto\\\/me-seduce-aisha-set-preto-l-xl\\\/#primaryimage\"},\"thumbnailUrl\":\"https:\\\/\\\/erki24nd3ub.exactdn.com\\\/wp-content\\\/uploads\\\/dream\\\/img\\\/img_94654_a65089a39aa64625839e29a7bd3ad1e2_1.png?strip=all\",\"datePublished\":\"2025-10-01T00:43:30+00:00\",\"dateModified\":\"2026-02-19T20:23:25+00:00\",\"breadcrumb\":{\"@id\":\"https:\\\/\\\/lovme.pt\\\/index.php\\\/produto\\\/me-seduce-aisha-set-preto-l-xl\\\/#breadcrumb\"},\"inLanguage\":\"pt-PT\",\"potentialAction\":[{\"@type\":\"ReadAction\",\"target\":[\"https:\\\/\\\/lovme.pt\\\/index.php\\\/produto\\\/me-seduce-aisha-set-preto-l-xl\\\/\"]}]},{\"@type\":\"ImageObject\",\"inLanguage\":\"pt-PT\",\"@id\":\"https:\\\/\\\/lovme.pt\\\/index.php\\\/produto\\\/me-seduce-aisha-set-preto-l-xl\\\/#primaryimage\",\"url\":\"https:\\\/\\\/erki24nd3ub.exactdn.com\\\/wp-content\\\/uploads\\\/dream\\\/img\\\/img_94654_a65089a39aa64625839e29a7bd3ad1e2_1.png?strip=all\",\"contentUrl\":\"https:\\\/\\\/erki24nd3ub.exactdn.com\\\/wp-content\\\/uploads\\\/dream\\\/img\\\/img_94654_a65089a39aa64625839e29a7bd3ad1e2_1.png?strip=all\",\"width\":800,\"height\":800},{\"@type\":\"BreadcrumbList\",\"@id\":\"https:\\\/\\\/lovme.pt\\\/index.php\\\/produto\\\/me-seduce-aisha-set-preto-l-xl\\\/#breadcrumb\",\"itemListElement\":[{\"@type\":\"ListItem\",\"position\":1,\"name\":\"In\u00edcio\",\"item\":\"https:\\\/\\\/lovme.pt\\\/\"},{\"@type\":\"ListItem\",\"position\":2,\"name\":\"Loja\",\"item\":\"https:\\\/\\\/lovme.pt\\\/index.php\\\/loja\\\/\"},{\"@type\":\"ListItem\",\"position\":3,\"name\":\"ME-SEDUCE &#8211; AISHA SET NEGRO L\\\/XL\"}]},{\"@type\":\"WebSite\",\"@id\":\"https:\\\/\\\/lovme.pt\\\/#website\",\"url\":\"https:\\\/\\\/lovme.pt\\\/\",\"name\":\"Lovme Loja Er\u00f3tica N\u00ba1 em Portugal\",\"description\":\"A melhor loja er\u00f3tica de Portugal.\",\"alternateName\":\"Loja Er\u00f3tica Lovme\",\"potentialAction\":[{\"@type\":\"SearchAction\",\"target\":{\"@type\":\"EntryPoint\",\"urlTemplate\":\"https:\\\/\\\/lovme.pt\\\/?s={search_term_string}\"},\"query-input\":{\"@type\":\"PropertyValueSpecification\",\"valueRequired\":true,\"valueName\":\"search_term_string\"}}],\"inLanguage\":\"pt-PT\"}]}<\/script>\n<!-- \/ Yoast SEO plugin. -->","yoast_head_json":{"title":"ME-SEDUCE - AISHA SET NEGRO L\/XL - Lovme","robots":{"index":"index","follow":"follow","max-snippet":"max-snippet:-1","max-image-preview":"max-image-preview:large","max-video-preview":"max-video-preview:-1"},"canonical":"https:\/\/lovme.pt\/index.php\/produto\/me-seduce-aisha-set-preto-l-xl\/","og_locale":"pt_PT","og_type":"article","og_title":"ME-SEDUCE - AISHA SET NEGRO L\/XL - Lovme","og_description":"ME-SEDUCE - AISHA SET PRETO L\/XL","og_url":"https:\/\/lovme.pt\/index.php\/produto\/me-seduce-aisha-set-preto-l-xl\/","og_site_name":"Lovme","article_modified_time":"2026-02-19T20:23:25+00:00","og_image":[{"width":800,"height":800,"url":"https:\/\/erki24nd3ub.exactdn.com\/wp-content\/uploads\/dream\/img\/img_94654_a65089a39aa64625839e29a7bd3ad1e2_1.png?strip=all","type":"image\/png"}],"twitter_card":"summary_large_image","twitter_misc":{"Tempo estimado de leitura":"1 minuto"},"schema":{"@context":"https:\/\/schema.org","@graph":[{"@type":"WebPage","@id":"https:\/\/lovme.pt\/index.php\/produto\/me-seduce-aisha-set-preto-l-xl\/","url":"https:\/\/lovme.pt\/index.php\/produto\/me-seduce-aisha-set-preto-l-xl\/","name":"ME-SEDUCE - AISHA SET NEGRO L\/XL - Lovme","isPartOf":{"@id":"https:\/\/lovme.pt\/#website"},"primaryImageOfPage":{"@id":"https:\/\/lovme.pt\/index.php\/produto\/me-seduce-aisha-set-preto-l-xl\/#primaryimage"},"image":{"@id":"https:\/\/lovme.pt\/index.php\/produto\/me-seduce-aisha-set-preto-l-xl\/#primaryimage"},"thumbnailUrl":"https:\/\/erki24nd3ub.exactdn.com\/wp-content\/uploads\/dream\/img\/img_94654_a65089a39aa64625839e29a7bd3ad1e2_1.png?strip=all","datePublished":"2025-10-01T00:43:30+00:00","dateModified":"2026-02-19T20:23:25+00:00","breadcrumb":{"@id":"https:\/\/lovme.pt\/index.php\/produto\/me-seduce-aisha-set-preto-l-xl\/#breadcrumb"},"inLanguage":"pt-PT","potentialAction":[{"@type":"ReadAction","target":["https:\/\/lovme.pt\/index.php\/produto\/me-seduce-aisha-set-preto-l-xl\/"]}]},{"@type":"ImageObject","inLanguage":"pt-PT","@id":"https:\/\/lovme.pt\/index.php\/produto\/me-seduce-aisha-set-preto-l-xl\/#primaryimage","url":"https:\/\/erki24nd3ub.exactdn.com\/wp-content\/uploads\/dream\/img\/img_94654_a65089a39aa64625839e29a7bd3ad1e2_1.png?strip=all","contentUrl":"https:\/\/erki24nd3ub.exactdn.com\/wp-content\/uploads\/dream\/img\/img_94654_a65089a39aa64625839e29a7bd3ad1e2_1.png?strip=all","width":800,"height":800},{"@type":"BreadcrumbList","@id":"https:\/\/lovme.pt\/index.php\/produto\/me-seduce-aisha-set-preto-l-xl\/#breadcrumb","itemListElement":[{"@type":"ListItem","position":1,"name":"In\u00edcio","item":"https:\/\/lovme.pt\/"},{"@type":"ListItem","position":2,"name":"Loja","item":"https:\/\/lovme.pt\/index.php\/loja\/"},{"@type":"ListItem","position":3,"name":"ME-SEDUCE &#8211; AISHA SET NEGRO L\/XL"}]},{"@type":"WebSite","@id":"https:\/\/lovme.pt\/#website","url":"https:\/\/lovme.pt\/","name":"Lovme Loja Er\u00f3tica N\u00ba1 em Portugal","description":"A melhor loja er\u00f3tica de Portugal.","alternateName":"Loja Er\u00f3tica Lovme","potentialAction":[{"@type":"SearchAction","target":{"@type":"EntryPoint","urlTemplate":"https:\/\/lovme.pt\/?s={search_term_string}"},"query-input":{"@type":"PropertyValueSpecification","valueRequired":true,"valueName":"search_term_string"}}],"inLanguage":"pt-PT"}]}},"_links":{"self":[{"href":"https:\/\/lovme.pt\/index.php\/wp-json\/wp\/v2\/product\/32675","targetHints":{"allow":["GET"]}}],"collection":[{"href":"https:\/\/lovme.pt\/index.php\/wp-json\/wp\/v2\/product"}],"about":[{"href":"https:\/\/lovme.pt\/index.php\/wp-json\/wp\/v2\/types\/product"}],"wp:featuredmedia":[{"embeddable":true,"href":"https:\/\/lovme.pt\/index.php\/wp-json\/wp\/v2\/media\/90345"}],"wp:attachment":[{"href":"https:\/\/lovme.pt\/index.php\/wp-json\/wp\/v2\/media?parent=32675"}],"wp:term":[{"taxonomy":"product_brand","embeddable":true,"href":"https:\/\/lovme.pt\/index.php\/wp-json\/wp\/v2\/product_brand?post=32675"},{"taxonomy":"product_cat","embeddable":true,"href":"https:\/\/lovme.pt\/index.php\/wp-json\/wp\/v2\/product_cat?post=32675"},{"taxonomy":"product_tag","embeddable":true,"href":"https:\/\/lovme.pt\/index.php\/wp-json\/wp\/v2\/product_tag?post=32675"}],"curies":[{"name":"wp","href":"https:\/\/api.w.org\/{rel}","templated":true}]}}