{"id":32609,"date":"2025-09-30T20:35:52","date_gmt":"2025-09-30T20:35:52","guid":{"rendered":"https:\/\/lovme.pt\/?post_type=product&#038;p=32609"},"modified":"2026-02-25T06:28:09","modified_gmt":"2026-02-25T06:28:09","slug":"darkness-ondas-estimulantes-de-mamilos-transparentes-5cm-dimetro","status":"publish","type":"product","link":"https:\/\/lovme.pt\/index.php\/produto\/darkness-ondas-estimulantes-de-mamilos-transparentes-5cm-dimetro\/","title":{"rendered":"DARKNESS &#8211; SUCTOR DE MAMILO TRANSPARENTE 5CM DE DI\u00c2METRO"},"content":{"rendered":"<p>Combine o prazer e a excita\u00e7\u00e3o desses intensificadores de mamilos enquanto massageia seus seios.<\/p>\n<p> Surpreenda-se com a simplicidade e a efic\u00e1cia dessas ventosas. Basta colocar as ventosas sobre a \u00e1rea desejada, mover a al\u00e7a manualmente e as ventosas permanecer\u00e3o presas.<\/p>\n<ul>\n<li> Essas ventosas s\u00e3o feitas de pl\u00e1stico s\u00f3lido, s\u00e3o feitas nas cores branco\/transparente com di\u00e2metro interno de 3,1 cm<\/li>\n<li> 2 unidades<\/li>\n<\/ul>\n<p> <strong>A MARCA<\/strong><\/p>\n<p> Darkness \u00e9 uma marca de nova gera\u00e7\u00e3o 2020, todos os nossos materiais s\u00e3o de excelente qualidade garantindo que a fabrica\u00e7\u00e3o comprometa um resultado perfeito para iniciantes ou usu\u00e1rios avan\u00e7ados que gostam do mundo Fetiche ou BDSM.<\/p>\n<p style=\"text-align: center\">\n","protected":false},"excerpt":{"rendered":"<p>DARKNESS &#8211; SUCTOR DE MAMILO TRANSPARENTE 5CM DE DI\u00c2METRO<\/p>\n","protected":false},"featured_media":70504,"template":"","meta":{"_acf_changed":false},"product_brand":[],"product_cat":[17,61],"product_tag":[],"class_list":{"0":"post-32609","1":"product","2":"type-product","3":"status-publish","4":"has-post-thumbnail","6":"product_cat-brinquedos-de-bem-estar-sexual","7":"product_cat-para-elas","8":"yith_product_brand-darknessdarkness-sensations","10":"first","11":"instock","12":"taxable","13":"shipping-taxable","14":"purchasable","15":"product-type-simple"},"acf":[],"yoast_head":"<!-- This site is optimized with the Yoast SEO plugin v27.3 - https:\/\/yoast.com\/product\/yoast-seo-wordpress\/ -->\n<title>DARKNESS - SUCTOR DE MAMILO TRANSPARENTE 5CM DE DI\u00c2METRO - Lovme<\/title>\n<meta name=\"robots\" content=\"index, follow, max-snippet:-1, max-image-preview:large, max-video-preview:-1\" \/>\n<link rel=\"canonical\" href=\"https:\/\/lovme.pt\/index.php\/produto\/darkness-ondas-estimulantes-de-mamilos-transparentes-5cm-dimetro\/\" \/>\n<meta property=\"og:locale\" content=\"pt_PT\" \/>\n<meta property=\"og:type\" content=\"article\" \/>\n<meta property=\"og:title\" content=\"DARKNESS - SUCTOR DE MAMILO TRANSPARENTE 5CM DE DI\u00c2METRO - Lovme\" \/>\n<meta property=\"og:description\" content=\"DARKNESS - SUCTOR DE MAMILO TRANSPARENTE 5CM DE DI\u00c2METRO\" \/>\n<meta property=\"og:url\" content=\"https:\/\/lovme.pt\/index.php\/produto\/darkness-ondas-estimulantes-de-mamilos-transparentes-5cm-dimetro\/\" \/>\n<meta property=\"og:site_name\" content=\"Lovme\" \/>\n<meta property=\"article:modified_time\" content=\"2026-02-25T06:28:09+00:00\" \/>\n<meta property=\"og:image\" content=\"https:\/\/erki24nd3ub.exactdn.com\/wp-content\/uploads\/dream\/img\/img_142934_67660a4397bd0d0fc8aa6bbc8fc30bc9_1.png?strip=all\" \/>\n\t<meta property=\"og:image:width\" content=\"800\" \/>\n\t<meta property=\"og:image:height\" content=\"800\" \/>\n\t<meta property=\"og:image:type\" content=\"image\/png\" \/>\n<meta name=\"twitter:card\" content=\"summary_large_image\" \/>\n<meta name=\"twitter:label1\" content=\"Tempo estimado de leitura\" \/>\n\t<meta name=\"twitter:data1\" content=\"1 minuto\" \/>\n<script type=\"application\/ld+json\" class=\"yoast-schema-graph\">{\"@context\":\"https:\\\/\\\/schema.org\",\"@graph\":[{\"@type\":\"WebPage\",\"@id\":\"https:\\\/\\\/lovme.pt\\\/index.php\\\/produto\\\/darkness-ondas-estimulantes-de-mamilos-transparentes-5cm-dimetro\\\/\",\"url\":\"https:\\\/\\\/lovme.pt\\\/index.php\\\/produto\\\/darkness-ondas-estimulantes-de-mamilos-transparentes-5cm-dimetro\\\/\",\"name\":\"DARKNESS - SUCTOR DE MAMILO TRANSPARENTE 5CM DE DI\u00c2METRO - Lovme\",\"isPartOf\":{\"@id\":\"https:\\\/\\\/lovme.pt\\\/#website\"},\"primaryImageOfPage\":{\"@id\":\"https:\\\/\\\/lovme.pt\\\/index.php\\\/produto\\\/darkness-ondas-estimulantes-de-mamilos-transparentes-5cm-dimetro\\\/#primaryimage\"},\"image\":{\"@id\":\"https:\\\/\\\/lovme.pt\\\/index.php\\\/produto\\\/darkness-ondas-estimulantes-de-mamilos-transparentes-5cm-dimetro\\\/#primaryimage\"},\"thumbnailUrl\":\"https:\\\/\\\/erki24nd3ub.exactdn.com\\\/wp-content\\\/uploads\\\/dream\\\/img\\\/img_142934_67660a4397bd0d0fc8aa6bbc8fc30bc9_1.png?strip=all\",\"datePublished\":\"2025-09-30T20:35:52+00:00\",\"dateModified\":\"2026-02-25T06:28:09+00:00\",\"breadcrumb\":{\"@id\":\"https:\\\/\\\/lovme.pt\\\/index.php\\\/produto\\\/darkness-ondas-estimulantes-de-mamilos-transparentes-5cm-dimetro\\\/#breadcrumb\"},\"inLanguage\":\"pt-PT\",\"potentialAction\":[{\"@type\":\"ReadAction\",\"target\":[\"https:\\\/\\\/lovme.pt\\\/index.php\\\/produto\\\/darkness-ondas-estimulantes-de-mamilos-transparentes-5cm-dimetro\\\/\"]}]},{\"@type\":\"ImageObject\",\"inLanguage\":\"pt-PT\",\"@id\":\"https:\\\/\\\/lovme.pt\\\/index.php\\\/produto\\\/darkness-ondas-estimulantes-de-mamilos-transparentes-5cm-dimetro\\\/#primaryimage\",\"url\":\"https:\\\/\\\/erki24nd3ub.exactdn.com\\\/wp-content\\\/uploads\\\/dream\\\/img\\\/img_142934_67660a4397bd0d0fc8aa6bbc8fc30bc9_1.png?strip=all\",\"contentUrl\":\"https:\\\/\\\/erki24nd3ub.exactdn.com\\\/wp-content\\\/uploads\\\/dream\\\/img\\\/img_142934_67660a4397bd0d0fc8aa6bbc8fc30bc9_1.png?strip=all\",\"width\":800,\"height\":800},{\"@type\":\"BreadcrumbList\",\"@id\":\"https:\\\/\\\/lovme.pt\\\/index.php\\\/produto\\\/darkness-ondas-estimulantes-de-mamilos-transparentes-5cm-dimetro\\\/#breadcrumb\",\"itemListElement\":[{\"@type\":\"ListItem\",\"position\":1,\"name\":\"In\u00edcio\",\"item\":\"https:\\\/\\\/lovme.pt\\\/\"},{\"@type\":\"ListItem\",\"position\":2,\"name\":\"Loja\",\"item\":\"https:\\\/\\\/lovme.pt\\\/index.php\\\/loja\\\/\"},{\"@type\":\"ListItem\",\"position\":3,\"name\":\"DARKNESS &#8211; SUCTOR DE MAMILO TRANSPARENTE 5CM DE DI\u00c2METRO\"}]},{\"@type\":\"WebSite\",\"@id\":\"https:\\\/\\\/lovme.pt\\\/#website\",\"url\":\"https:\\\/\\\/lovme.pt\\\/\",\"name\":\"Lovme Loja Er\u00f3tica N\u00ba1 em Portugal\",\"description\":\"A melhor loja er\u00f3tica de Portugal.\",\"alternateName\":\"Loja Er\u00f3tica Lovme\",\"potentialAction\":[{\"@type\":\"SearchAction\",\"target\":{\"@type\":\"EntryPoint\",\"urlTemplate\":\"https:\\\/\\\/lovme.pt\\\/?s={search_term_string}\"},\"query-input\":{\"@type\":\"PropertyValueSpecification\",\"valueRequired\":true,\"valueName\":\"search_term_string\"}}],\"inLanguage\":\"pt-PT\"}]}<\/script>\n<!-- \/ Yoast SEO plugin. -->","yoast_head_json":{"title":"DARKNESS - SUCTOR DE MAMILO TRANSPARENTE 5CM DE DI\u00c2METRO - Lovme","robots":{"index":"index","follow":"follow","max-snippet":"max-snippet:-1","max-image-preview":"max-image-preview:large","max-video-preview":"max-video-preview:-1"},"canonical":"https:\/\/lovme.pt\/index.php\/produto\/darkness-ondas-estimulantes-de-mamilos-transparentes-5cm-dimetro\/","og_locale":"pt_PT","og_type":"article","og_title":"DARKNESS - SUCTOR DE MAMILO TRANSPARENTE 5CM DE DI\u00c2METRO - Lovme","og_description":"DARKNESS - SUCTOR DE MAMILO TRANSPARENTE 5CM DE DI\u00c2METRO","og_url":"https:\/\/lovme.pt\/index.php\/produto\/darkness-ondas-estimulantes-de-mamilos-transparentes-5cm-dimetro\/","og_site_name":"Lovme","article_modified_time":"2026-02-25T06:28:09+00:00","og_image":[{"width":800,"height":800,"url":"https:\/\/erki24nd3ub.exactdn.com\/wp-content\/uploads\/dream\/img\/img_142934_67660a4397bd0d0fc8aa6bbc8fc30bc9_1.png?strip=all","type":"image\/png"}],"twitter_card":"summary_large_image","twitter_misc":{"Tempo estimado de leitura":"1 minuto"},"schema":{"@context":"https:\/\/schema.org","@graph":[{"@type":"WebPage","@id":"https:\/\/lovme.pt\/index.php\/produto\/darkness-ondas-estimulantes-de-mamilos-transparentes-5cm-dimetro\/","url":"https:\/\/lovme.pt\/index.php\/produto\/darkness-ondas-estimulantes-de-mamilos-transparentes-5cm-dimetro\/","name":"DARKNESS - SUCTOR DE MAMILO TRANSPARENTE 5CM DE DI\u00c2METRO - Lovme","isPartOf":{"@id":"https:\/\/lovme.pt\/#website"},"primaryImageOfPage":{"@id":"https:\/\/lovme.pt\/index.php\/produto\/darkness-ondas-estimulantes-de-mamilos-transparentes-5cm-dimetro\/#primaryimage"},"image":{"@id":"https:\/\/lovme.pt\/index.php\/produto\/darkness-ondas-estimulantes-de-mamilos-transparentes-5cm-dimetro\/#primaryimage"},"thumbnailUrl":"https:\/\/erki24nd3ub.exactdn.com\/wp-content\/uploads\/dream\/img\/img_142934_67660a4397bd0d0fc8aa6bbc8fc30bc9_1.png?strip=all","datePublished":"2025-09-30T20:35:52+00:00","dateModified":"2026-02-25T06:28:09+00:00","breadcrumb":{"@id":"https:\/\/lovme.pt\/index.php\/produto\/darkness-ondas-estimulantes-de-mamilos-transparentes-5cm-dimetro\/#breadcrumb"},"inLanguage":"pt-PT","potentialAction":[{"@type":"ReadAction","target":["https:\/\/lovme.pt\/index.php\/produto\/darkness-ondas-estimulantes-de-mamilos-transparentes-5cm-dimetro\/"]}]},{"@type":"ImageObject","inLanguage":"pt-PT","@id":"https:\/\/lovme.pt\/index.php\/produto\/darkness-ondas-estimulantes-de-mamilos-transparentes-5cm-dimetro\/#primaryimage","url":"https:\/\/erki24nd3ub.exactdn.com\/wp-content\/uploads\/dream\/img\/img_142934_67660a4397bd0d0fc8aa6bbc8fc30bc9_1.png?strip=all","contentUrl":"https:\/\/erki24nd3ub.exactdn.com\/wp-content\/uploads\/dream\/img\/img_142934_67660a4397bd0d0fc8aa6bbc8fc30bc9_1.png?strip=all","width":800,"height":800},{"@type":"BreadcrumbList","@id":"https:\/\/lovme.pt\/index.php\/produto\/darkness-ondas-estimulantes-de-mamilos-transparentes-5cm-dimetro\/#breadcrumb","itemListElement":[{"@type":"ListItem","position":1,"name":"In\u00edcio","item":"https:\/\/lovme.pt\/"},{"@type":"ListItem","position":2,"name":"Loja","item":"https:\/\/lovme.pt\/index.php\/loja\/"},{"@type":"ListItem","position":3,"name":"DARKNESS &#8211; SUCTOR DE MAMILO TRANSPARENTE 5CM DE DI\u00c2METRO"}]},{"@type":"WebSite","@id":"https:\/\/lovme.pt\/#website","url":"https:\/\/lovme.pt\/","name":"Lovme Loja Er\u00f3tica N\u00ba1 em Portugal","description":"A melhor loja er\u00f3tica de Portugal.","alternateName":"Loja Er\u00f3tica Lovme","potentialAction":[{"@type":"SearchAction","target":{"@type":"EntryPoint","urlTemplate":"https:\/\/lovme.pt\/?s={search_term_string}"},"query-input":{"@type":"PropertyValueSpecification","valueRequired":true,"valueName":"search_term_string"}}],"inLanguage":"pt-PT"}]}},"_links":{"self":[{"href":"https:\/\/lovme.pt\/index.php\/wp-json\/wp\/v2\/product\/32609","targetHints":{"allow":["GET"]}}],"collection":[{"href":"https:\/\/lovme.pt\/index.php\/wp-json\/wp\/v2\/product"}],"about":[{"href":"https:\/\/lovme.pt\/index.php\/wp-json\/wp\/v2\/types\/product"}],"wp:featuredmedia":[{"embeddable":true,"href":"https:\/\/lovme.pt\/index.php\/wp-json\/wp\/v2\/media\/70504"}],"wp:attachment":[{"href":"https:\/\/lovme.pt\/index.php\/wp-json\/wp\/v2\/media?parent=32609"}],"wp:term":[{"taxonomy":"product_brand","embeddable":true,"href":"https:\/\/lovme.pt\/index.php\/wp-json\/wp\/v2\/product_brand?post=32609"},{"taxonomy":"product_cat","embeddable":true,"href":"https:\/\/lovme.pt\/index.php\/wp-json\/wp\/v2\/product_cat?post=32609"},{"taxonomy":"product_tag","embeddable":true,"href":"https:\/\/lovme.pt\/index.php\/wp-json\/wp\/v2\/product_tag?post=32609"}],"curies":[{"name":"wp","href":"https:\/\/api.w.org\/{rel}","templated":true}]}}