{"id":32593,"date":"2025-09-30T22:11:24","date_gmt":"2025-09-30T22:11:24","guid":{"rendered":"https:\/\/lovme.pt\/?post_type=product&#038;p=32593"},"modified":"2026-02-25T06:28:01","modified_gmt":"2026-02-25T06:28:01","slug":"jes-extender-substituicao-de-silicone","status":"publish","type":"product","link":"https:\/\/lovme.pt\/index.php\/produto\/jes-extender-substituicao-de-silicone\/","title":{"rendered":"JES-EXTENDER &#8211; SUBSTITUI\u00c7\u00c3O DE SILICONE"},"content":{"rendered":"<p>Substitui&ccedil;&atilde;o de silicone caso queira melhorar seu Jes Extender.<\/p>\n<p>As novas vers&otilde;es <strong>Jes Extender Black<\/strong> e <strong>Jes Extender Gold<\/strong> v&ecirc;m com fixa&ccedil;&atilde;o de pulseira de borracha macia, justamente para maior conforto, j&aacute; que voc&ecirc; mal percebe que est&aacute; sendo usado; Mas como tudo, tem gente que se sente mais confort&aacute;vel com a mangueira de silicone e por isso a op&ccedil;&atilde;o foi habilitada para que quem quiser possa adquiri-la pelo pre&ccedil;o de fabrica&ccedil;&atilde;o.<\/p>\n<p>Sugerimos, se n&atilde;o tiver certeza, que compre este substituto de silicone junto com o kit extensor e evitar&aacute; pagar custos de envio posteriormente.<\/p>\n<p>Por se tratar de um dispositivo m&eacute;dico, &eacute; imprescind&iacute;vel utilizar apenas pe&ccedil;as de reposi&ccedil;&atilde;o e acess&oacute;rios originais para seu correto funcionamento, caso contr&aacute;rio poder&atilde;o ocorrer resultados inesperados e prejudiciais para o p&ecirc;nis.<\/p>\n<p>A maneira mais barata de alongar o p&ecirc;nis em muito pouco tempo. O extensor &eacute; apresentado numa caixa de cart&atilde;o e enviado para a morada que indicar de forma totalmente discreta.<\/p>\n<p>Este extensor s&oacute; pode ser usado com p&ecirc;nis de at&eacute; 17 cm.<\/p>\n<p>Para tamanhos maiores, deve-se usar o Jes-Extender Gold.<\/p>\n","protected":false},"excerpt":{"rendered":"<p>JES-EXTENDER &#8211; SUBSTITUI\u00c7\u00c3O DE SILICONE<\/p>\n","protected":false},"featured_media":74855,"template":"","meta":{"_acf_changed":false},"product_brand":[],"product_cat":[17,60],"product_tag":[],"class_list":{"0":"post-32593","1":"product","2":"type-product","3":"status-publish","4":"has-post-thumbnail","6":"product_cat-brinquedos-de-bem-estar-sexual","7":"product_cat-para-eles","8":"yith_product_brand-jes-extender","10":"first","11":"instock","12":"taxable","13":"shipping-taxable","14":"purchasable","15":"product-type-simple"},"acf":[],"yoast_head":"<!-- This site is optimized with the Yoast SEO plugin v27.4 - https:\/\/yoast.com\/product\/yoast-seo-wordpress\/ -->\n<title>JES-EXTENDER - SUBSTITUI\u00c7\u00c3O DE SILICONE - Lovme<\/title>\n<meta name=\"robots\" content=\"index, follow, max-snippet:-1, max-image-preview:large, max-video-preview:-1\" \/>\n<link rel=\"canonical\" href=\"https:\/\/lovme.pt\/index.php\/produto\/jes-extender-substituicao-de-silicone\/\" \/>\n<meta property=\"og:locale\" content=\"pt_PT\" \/>\n<meta property=\"og:type\" content=\"article\" \/>\n<meta property=\"og:title\" content=\"JES-EXTENDER - SUBSTITUI\u00c7\u00c3O DE SILICONE - Lovme\" \/>\n<meta property=\"og:description\" content=\"JES-EXTENDER - SUBSTITUI\u00c7\u00c3O DE SILICONE\" \/>\n<meta property=\"og:url\" content=\"https:\/\/lovme.pt\/index.php\/produto\/jes-extender-substituicao-de-silicone\/\" \/>\n<meta property=\"og:site_name\" content=\"Lovme\" \/>\n<meta property=\"article:modified_time\" content=\"2026-02-25T06:28:01+00:00\" \/>\n<meta property=\"og:image\" content=\"https:\/\/erki24nd3ub.exactdn.com\/wp-content\/uploads\/dream\/img\/img_94366_7382d85499eee7b92f9e1b70cc65e917_1.jpg?strip=all\" \/>\n\t<meta property=\"og:image:width\" content=\"800\" \/>\n\t<meta property=\"og:image:height\" content=\"800\" \/>\n\t<meta property=\"og:image:type\" content=\"image\/jpeg\" \/>\n<meta name=\"twitter:card\" content=\"summary_large_image\" \/>\n<meta name=\"twitter:label1\" content=\"Tempo estimado de leitura\" \/>\n\t<meta name=\"twitter:data1\" content=\"1 minuto\" \/>\n<script type=\"application\/ld+json\" class=\"yoast-schema-graph\">{\"@context\":\"https:\\\/\\\/schema.org\",\"@graph\":[{\"@type\":\"WebPage\",\"@id\":\"https:\\\/\\\/lovme.pt\\\/index.php\\\/produto\\\/jes-extender-substituicao-de-silicone\\\/\",\"url\":\"https:\\\/\\\/lovme.pt\\\/index.php\\\/produto\\\/jes-extender-substituicao-de-silicone\\\/\",\"name\":\"JES-EXTENDER - SUBSTITUI\u00c7\u00c3O DE SILICONE - Lovme\",\"isPartOf\":{\"@id\":\"https:\\\/\\\/lovme.pt\\\/#website\"},\"primaryImageOfPage\":{\"@id\":\"https:\\\/\\\/lovme.pt\\\/index.php\\\/produto\\\/jes-extender-substituicao-de-silicone\\\/#primaryimage\"},\"image\":{\"@id\":\"https:\\\/\\\/lovme.pt\\\/index.php\\\/produto\\\/jes-extender-substituicao-de-silicone\\\/#primaryimage\"},\"thumbnailUrl\":\"https:\\\/\\\/erki24nd3ub.exactdn.com\\\/wp-content\\\/uploads\\\/dream\\\/img\\\/img_94366_7382d85499eee7b92f9e1b70cc65e917_1.jpg?strip=all\",\"datePublished\":\"2025-09-30T22:11:24+00:00\",\"dateModified\":\"2026-02-25T06:28:01+00:00\",\"breadcrumb\":{\"@id\":\"https:\\\/\\\/lovme.pt\\\/index.php\\\/produto\\\/jes-extender-substituicao-de-silicone\\\/#breadcrumb\"},\"inLanguage\":\"pt-PT\",\"potentialAction\":[{\"@type\":\"ReadAction\",\"target\":[\"https:\\\/\\\/lovme.pt\\\/index.php\\\/produto\\\/jes-extender-substituicao-de-silicone\\\/\"]}]},{\"@type\":\"ImageObject\",\"inLanguage\":\"pt-PT\",\"@id\":\"https:\\\/\\\/lovme.pt\\\/index.php\\\/produto\\\/jes-extender-substituicao-de-silicone\\\/#primaryimage\",\"url\":\"https:\\\/\\\/erki24nd3ub.exactdn.com\\\/wp-content\\\/uploads\\\/dream\\\/img\\\/img_94366_7382d85499eee7b92f9e1b70cc65e917_1.jpg?strip=all\",\"contentUrl\":\"https:\\\/\\\/erki24nd3ub.exactdn.com\\\/wp-content\\\/uploads\\\/dream\\\/img\\\/img_94366_7382d85499eee7b92f9e1b70cc65e917_1.jpg?strip=all\",\"width\":800,\"height\":800},{\"@type\":\"BreadcrumbList\",\"@id\":\"https:\\\/\\\/lovme.pt\\\/index.php\\\/produto\\\/jes-extender-substituicao-de-silicone\\\/#breadcrumb\",\"itemListElement\":[{\"@type\":\"ListItem\",\"position\":1,\"name\":\"In\u00edcio\",\"item\":\"https:\\\/\\\/lovme.pt\\\/\"},{\"@type\":\"ListItem\",\"position\":2,\"name\":\"Loja\",\"item\":\"https:\\\/\\\/lovme.pt\\\/index.php\\\/loja\\\/\"},{\"@type\":\"ListItem\",\"position\":3,\"name\":\"JES-EXTENDER &#8211; SUBSTITUI\u00c7\u00c3O DE SILICONE\"}]},{\"@type\":\"WebSite\",\"@id\":\"https:\\\/\\\/lovme.pt\\\/#website\",\"url\":\"https:\\\/\\\/lovme.pt\\\/\",\"name\":\"Lovme Loja Er\u00f3tica N\u00ba1 em Portugal\",\"description\":\"A melhor loja er\u00f3tica de Portugal.\",\"alternateName\":\"Loja Er\u00f3tica Lovme\",\"potentialAction\":[{\"@type\":\"SearchAction\",\"target\":{\"@type\":\"EntryPoint\",\"urlTemplate\":\"https:\\\/\\\/lovme.pt\\\/?s={search_term_string}\"},\"query-input\":{\"@type\":\"PropertyValueSpecification\",\"valueRequired\":true,\"valueName\":\"search_term_string\"}}],\"inLanguage\":\"pt-PT\"}]}<\/script>\n<!-- \/ Yoast SEO plugin. -->","yoast_head_json":{"title":"JES-EXTENDER - SUBSTITUI\u00c7\u00c3O DE SILICONE - Lovme","robots":{"index":"index","follow":"follow","max-snippet":"max-snippet:-1","max-image-preview":"max-image-preview:large","max-video-preview":"max-video-preview:-1"},"canonical":"https:\/\/lovme.pt\/index.php\/produto\/jes-extender-substituicao-de-silicone\/","og_locale":"pt_PT","og_type":"article","og_title":"JES-EXTENDER - SUBSTITUI\u00c7\u00c3O DE SILICONE - Lovme","og_description":"JES-EXTENDER - SUBSTITUI\u00c7\u00c3O DE SILICONE","og_url":"https:\/\/lovme.pt\/index.php\/produto\/jes-extender-substituicao-de-silicone\/","og_site_name":"Lovme","article_modified_time":"2026-02-25T06:28:01+00:00","og_image":[{"width":800,"height":800,"url":"https:\/\/erki24nd3ub.exactdn.com\/wp-content\/uploads\/dream\/img\/img_94366_7382d85499eee7b92f9e1b70cc65e917_1.jpg?strip=all","type":"image\/jpeg"}],"twitter_card":"summary_large_image","twitter_misc":{"Tempo estimado de leitura":"1 minuto"},"schema":{"@context":"https:\/\/schema.org","@graph":[{"@type":"WebPage","@id":"https:\/\/lovme.pt\/index.php\/produto\/jes-extender-substituicao-de-silicone\/","url":"https:\/\/lovme.pt\/index.php\/produto\/jes-extender-substituicao-de-silicone\/","name":"JES-EXTENDER - SUBSTITUI\u00c7\u00c3O DE SILICONE - Lovme","isPartOf":{"@id":"https:\/\/lovme.pt\/#website"},"primaryImageOfPage":{"@id":"https:\/\/lovme.pt\/index.php\/produto\/jes-extender-substituicao-de-silicone\/#primaryimage"},"image":{"@id":"https:\/\/lovme.pt\/index.php\/produto\/jes-extender-substituicao-de-silicone\/#primaryimage"},"thumbnailUrl":"https:\/\/erki24nd3ub.exactdn.com\/wp-content\/uploads\/dream\/img\/img_94366_7382d85499eee7b92f9e1b70cc65e917_1.jpg?strip=all","datePublished":"2025-09-30T22:11:24+00:00","dateModified":"2026-02-25T06:28:01+00:00","breadcrumb":{"@id":"https:\/\/lovme.pt\/index.php\/produto\/jes-extender-substituicao-de-silicone\/#breadcrumb"},"inLanguage":"pt-PT","potentialAction":[{"@type":"ReadAction","target":["https:\/\/lovme.pt\/index.php\/produto\/jes-extender-substituicao-de-silicone\/"]}]},{"@type":"ImageObject","inLanguage":"pt-PT","@id":"https:\/\/lovme.pt\/index.php\/produto\/jes-extender-substituicao-de-silicone\/#primaryimage","url":"https:\/\/erki24nd3ub.exactdn.com\/wp-content\/uploads\/dream\/img\/img_94366_7382d85499eee7b92f9e1b70cc65e917_1.jpg?strip=all","contentUrl":"https:\/\/erki24nd3ub.exactdn.com\/wp-content\/uploads\/dream\/img\/img_94366_7382d85499eee7b92f9e1b70cc65e917_1.jpg?strip=all","width":800,"height":800},{"@type":"BreadcrumbList","@id":"https:\/\/lovme.pt\/index.php\/produto\/jes-extender-substituicao-de-silicone\/#breadcrumb","itemListElement":[{"@type":"ListItem","position":1,"name":"In\u00edcio","item":"https:\/\/lovme.pt\/"},{"@type":"ListItem","position":2,"name":"Loja","item":"https:\/\/lovme.pt\/index.php\/loja\/"},{"@type":"ListItem","position":3,"name":"JES-EXTENDER &#8211; SUBSTITUI\u00c7\u00c3O DE SILICONE"}]},{"@type":"WebSite","@id":"https:\/\/lovme.pt\/#website","url":"https:\/\/lovme.pt\/","name":"Lovme Loja Er\u00f3tica N\u00ba1 em Portugal","description":"A melhor loja er\u00f3tica de Portugal.","alternateName":"Loja Er\u00f3tica Lovme","potentialAction":[{"@type":"SearchAction","target":{"@type":"EntryPoint","urlTemplate":"https:\/\/lovme.pt\/?s={search_term_string}"},"query-input":{"@type":"PropertyValueSpecification","valueRequired":true,"valueName":"search_term_string"}}],"inLanguage":"pt-PT"}]}},"_links":{"self":[{"href":"https:\/\/lovme.pt\/index.php\/wp-json\/wp\/v2\/product\/32593","targetHints":{"allow":["GET"]}}],"collection":[{"href":"https:\/\/lovme.pt\/index.php\/wp-json\/wp\/v2\/product"}],"about":[{"href":"https:\/\/lovme.pt\/index.php\/wp-json\/wp\/v2\/types\/product"}],"wp:featuredmedia":[{"embeddable":true,"href":"https:\/\/lovme.pt\/index.php\/wp-json\/wp\/v2\/media\/74855"}],"wp:attachment":[{"href":"https:\/\/lovme.pt\/index.php\/wp-json\/wp\/v2\/media?parent=32593"}],"wp:term":[{"taxonomy":"product_brand","embeddable":true,"href":"https:\/\/lovme.pt\/index.php\/wp-json\/wp\/v2\/product_brand?post=32593"},{"taxonomy":"product_cat","embeddable":true,"href":"https:\/\/lovme.pt\/index.php\/wp-json\/wp\/v2\/product_cat?post=32593"},{"taxonomy":"product_tag","embeddable":true,"href":"https:\/\/lovme.pt\/index.php\/wp-json\/wp\/v2\/product_tag?post=32593"}],"curies":[{"name":"wp","href":"https:\/\/api.w.org\/{rel}","templated":true}]}}