{"id":32457,"date":"2025-09-30T10:08:24","date_gmt":"2025-09-30T10:08:24","guid":{"rendered":"https:\/\/lovme.pt\/?post_type=product&#038;p=32457"},"modified":"2026-02-25T06:26:05","modified_gmt":"2026-02-25T06:26:05","slug":"darkness-anel-duplo-de-penis-e-testiculos-de-couro-ajustvel","status":"publish","type":"product","link":"https:\/\/lovme.pt\/index.php\/produto\/darkness-anel-duplo-de-penis-e-testiculos-de-couro-ajustvel\/","title":{"rendered":"DARKNESS &#8211; ANEL DUPLO DE P\u00caNIS E TEST\u00cdCULOS DE COURO AJUSTVEL"},"content":{"rendered":"<p>Para uma noite de paix&atilde;o sem fim, o melhor &eacute; usar um bom anel peniano. Mas, se somarmos a este um para os test&iacute;culos, a noite n&atilde;o poderia ser melhor. Com colchetes para ajust&aacute;-lo, este anel vai te dar aquele aperto que voc&ecirc; tanto deseja, e voc&ecirc; n&atilde;o s&oacute; vai gostar, vendo como est&aacute; seu p&ecirc;nis, mas seu parceiro poder&aacute; desfrutar de penetra&ccedil;&otilde;es mais fortes do que nunca.<\/p>\n<ul>\n<li> Feito de couro sint&eacute;tico<\/li>\n<\/ul>\n<p> <strong>A MARCA<\/strong><\/p>\n<p> Darkness &eacute; uma marca da nova gera&ccedil;&atilde;o 2020, todos os nossos materiais s&atilde;o de excelente qualidade garantindo que a fabrica&ccedil;&atilde;o comprometa um resultado perfeito para usu&aacute;rios iniciantes ou avan&ccedil;ados que gostam do mundo Fetiche ou bdsm.<\/p>\n","protected":false},"excerpt":{"rendered":"<p>DARKNESS &#8211; ANEL DUPLO DE P\u00caNIS E TEST\u00cdCULOS DE COURO AJUSTVEL<\/p>\n","protected":false},"featured_media":63066,"template":"","meta":{"_acf_changed":false},"product_brand":[],"product_cat":[17,59,60],"product_tag":[],"class_list":{"0":"post-32457","1":"product","2":"type-product","3":"status-publish","4":"has-post-thumbnail","6":"product_cat-brinquedos-de-bem-estar-sexual","7":"product_cat-para-casais","8":"product_cat-para-eles","9":"yith_product_brand-darknessdarkness-bondage","11":"first","12":"instock","13":"taxable","14":"shipping-taxable","15":"purchasable","16":"product-type-simple"},"acf":[],"yoast_head":"<!-- This site is optimized with the Yoast SEO plugin v27.3 - https:\/\/yoast.com\/product\/yoast-seo-wordpress\/ -->\n<title>DARKNESS - ANEL DUPLO DE P\u00caNIS E TEST\u00cdCULOS DE COURO AJUSTVEL - Lovme<\/title>\n<meta name=\"robots\" content=\"index, follow, max-snippet:-1, max-image-preview:large, max-video-preview:-1\" \/>\n<link rel=\"canonical\" href=\"https:\/\/lovme.pt\/index.php\/produto\/darkness-anel-duplo-de-penis-e-testiculos-de-couro-ajustvel\/\" \/>\n<meta property=\"og:locale\" content=\"pt_PT\" \/>\n<meta property=\"og:type\" content=\"article\" \/>\n<meta property=\"og:title\" content=\"DARKNESS - ANEL DUPLO DE P\u00caNIS E TEST\u00cdCULOS DE COURO AJUSTVEL - Lovme\" \/>\n<meta property=\"og:description\" content=\"DARKNESS - ANEL DUPLO DE P\u00caNIS E TEST\u00cdCULOS DE COURO AJUSTVEL\" \/>\n<meta property=\"og:url\" content=\"https:\/\/lovme.pt\/index.php\/produto\/darkness-anel-duplo-de-penis-e-testiculos-de-couro-ajustvel\/\" \/>\n<meta property=\"og:site_name\" content=\"Lovme\" \/>\n<meta property=\"article:modified_time\" content=\"2026-02-25T06:26:05+00:00\" \/>\n<meta property=\"og:image\" content=\"https:\/\/erki24nd3ub.exactdn.com\/wp-content\/uploads\/dream\/img\/img_142916_b7d0c8a3afb7f91171b530ac746d0844_1.png?strip=all\" \/>\n\t<meta property=\"og:image:width\" content=\"800\" \/>\n\t<meta property=\"og:image:height\" content=\"800\" \/>\n\t<meta property=\"og:image:type\" content=\"image\/png\" \/>\n<meta name=\"twitter:card\" content=\"summary_large_image\" \/>\n<meta name=\"twitter:label1\" content=\"Tempo estimado de leitura\" \/>\n\t<meta name=\"twitter:data1\" content=\"1 minuto\" \/>\n<script type=\"application\/ld+json\" class=\"yoast-schema-graph\">{\"@context\":\"https:\\\/\\\/schema.org\",\"@graph\":[{\"@type\":\"WebPage\",\"@id\":\"https:\\\/\\\/lovme.pt\\\/index.php\\\/produto\\\/darkness-anel-duplo-de-penis-e-testiculos-de-couro-ajustvel\\\/\",\"url\":\"https:\\\/\\\/lovme.pt\\\/index.php\\\/produto\\\/darkness-anel-duplo-de-penis-e-testiculos-de-couro-ajustvel\\\/\",\"name\":\"DARKNESS - ANEL DUPLO DE P\u00caNIS E TEST\u00cdCULOS DE COURO AJUSTVEL - Lovme\",\"isPartOf\":{\"@id\":\"https:\\\/\\\/lovme.pt\\\/#website\"},\"primaryImageOfPage\":{\"@id\":\"https:\\\/\\\/lovme.pt\\\/index.php\\\/produto\\\/darkness-anel-duplo-de-penis-e-testiculos-de-couro-ajustvel\\\/#primaryimage\"},\"image\":{\"@id\":\"https:\\\/\\\/lovme.pt\\\/index.php\\\/produto\\\/darkness-anel-duplo-de-penis-e-testiculos-de-couro-ajustvel\\\/#primaryimage\"},\"thumbnailUrl\":\"https:\\\/\\\/erki24nd3ub.exactdn.com\\\/wp-content\\\/uploads\\\/dream\\\/img\\\/img_142916_b7d0c8a3afb7f91171b530ac746d0844_1.png?strip=all\",\"datePublished\":\"2025-09-30T10:08:24+00:00\",\"dateModified\":\"2026-02-25T06:26:05+00:00\",\"breadcrumb\":{\"@id\":\"https:\\\/\\\/lovme.pt\\\/index.php\\\/produto\\\/darkness-anel-duplo-de-penis-e-testiculos-de-couro-ajustvel\\\/#breadcrumb\"},\"inLanguage\":\"pt-PT\",\"potentialAction\":[{\"@type\":\"ReadAction\",\"target\":[\"https:\\\/\\\/lovme.pt\\\/index.php\\\/produto\\\/darkness-anel-duplo-de-penis-e-testiculos-de-couro-ajustvel\\\/\"]}]},{\"@type\":\"ImageObject\",\"inLanguage\":\"pt-PT\",\"@id\":\"https:\\\/\\\/lovme.pt\\\/index.php\\\/produto\\\/darkness-anel-duplo-de-penis-e-testiculos-de-couro-ajustvel\\\/#primaryimage\",\"url\":\"https:\\\/\\\/erki24nd3ub.exactdn.com\\\/wp-content\\\/uploads\\\/dream\\\/img\\\/img_142916_b7d0c8a3afb7f91171b530ac746d0844_1.png?strip=all\",\"contentUrl\":\"https:\\\/\\\/erki24nd3ub.exactdn.com\\\/wp-content\\\/uploads\\\/dream\\\/img\\\/img_142916_b7d0c8a3afb7f91171b530ac746d0844_1.png?strip=all\",\"width\":800,\"height\":800},{\"@type\":\"BreadcrumbList\",\"@id\":\"https:\\\/\\\/lovme.pt\\\/index.php\\\/produto\\\/darkness-anel-duplo-de-penis-e-testiculos-de-couro-ajustvel\\\/#breadcrumb\",\"itemListElement\":[{\"@type\":\"ListItem\",\"position\":1,\"name\":\"In\u00edcio\",\"item\":\"https:\\\/\\\/lovme.pt\\\/\"},{\"@type\":\"ListItem\",\"position\":2,\"name\":\"Loja\",\"item\":\"https:\\\/\\\/lovme.pt\\\/index.php\\\/loja\\\/\"},{\"@type\":\"ListItem\",\"position\":3,\"name\":\"DARKNESS &#8211; ANEL DUPLO DE P\u00caNIS E TEST\u00cdCULOS DE COURO AJUSTVEL\"}]},{\"@type\":\"WebSite\",\"@id\":\"https:\\\/\\\/lovme.pt\\\/#website\",\"url\":\"https:\\\/\\\/lovme.pt\\\/\",\"name\":\"Lovme Loja Er\u00f3tica N\u00ba1 em Portugal\",\"description\":\"A melhor loja er\u00f3tica de Portugal.\",\"alternateName\":\"Loja Er\u00f3tica Lovme\",\"potentialAction\":[{\"@type\":\"SearchAction\",\"target\":{\"@type\":\"EntryPoint\",\"urlTemplate\":\"https:\\\/\\\/lovme.pt\\\/?s={search_term_string}\"},\"query-input\":{\"@type\":\"PropertyValueSpecification\",\"valueRequired\":true,\"valueName\":\"search_term_string\"}}],\"inLanguage\":\"pt-PT\"}]}<\/script>\n<!-- \/ Yoast SEO plugin. -->","yoast_head_json":{"title":"DARKNESS - ANEL DUPLO DE P\u00caNIS E TEST\u00cdCULOS DE COURO AJUSTVEL - Lovme","robots":{"index":"index","follow":"follow","max-snippet":"max-snippet:-1","max-image-preview":"max-image-preview:large","max-video-preview":"max-video-preview:-1"},"canonical":"https:\/\/lovme.pt\/index.php\/produto\/darkness-anel-duplo-de-penis-e-testiculos-de-couro-ajustvel\/","og_locale":"pt_PT","og_type":"article","og_title":"DARKNESS - ANEL DUPLO DE P\u00caNIS E TEST\u00cdCULOS DE COURO AJUSTVEL - Lovme","og_description":"DARKNESS - ANEL DUPLO DE P\u00caNIS E TEST\u00cdCULOS DE COURO AJUSTVEL","og_url":"https:\/\/lovme.pt\/index.php\/produto\/darkness-anel-duplo-de-penis-e-testiculos-de-couro-ajustvel\/","og_site_name":"Lovme","article_modified_time":"2026-02-25T06:26:05+00:00","og_image":[{"width":800,"height":800,"url":"https:\/\/erki24nd3ub.exactdn.com\/wp-content\/uploads\/dream\/img\/img_142916_b7d0c8a3afb7f91171b530ac746d0844_1.png?strip=all","type":"image\/png"}],"twitter_card":"summary_large_image","twitter_misc":{"Tempo estimado de leitura":"1 minuto"},"schema":{"@context":"https:\/\/schema.org","@graph":[{"@type":"WebPage","@id":"https:\/\/lovme.pt\/index.php\/produto\/darkness-anel-duplo-de-penis-e-testiculos-de-couro-ajustvel\/","url":"https:\/\/lovme.pt\/index.php\/produto\/darkness-anel-duplo-de-penis-e-testiculos-de-couro-ajustvel\/","name":"DARKNESS - ANEL DUPLO DE P\u00caNIS E TEST\u00cdCULOS DE COURO AJUSTVEL - Lovme","isPartOf":{"@id":"https:\/\/lovme.pt\/#website"},"primaryImageOfPage":{"@id":"https:\/\/lovme.pt\/index.php\/produto\/darkness-anel-duplo-de-penis-e-testiculos-de-couro-ajustvel\/#primaryimage"},"image":{"@id":"https:\/\/lovme.pt\/index.php\/produto\/darkness-anel-duplo-de-penis-e-testiculos-de-couro-ajustvel\/#primaryimage"},"thumbnailUrl":"https:\/\/erki24nd3ub.exactdn.com\/wp-content\/uploads\/dream\/img\/img_142916_b7d0c8a3afb7f91171b530ac746d0844_1.png?strip=all","datePublished":"2025-09-30T10:08:24+00:00","dateModified":"2026-02-25T06:26:05+00:00","breadcrumb":{"@id":"https:\/\/lovme.pt\/index.php\/produto\/darkness-anel-duplo-de-penis-e-testiculos-de-couro-ajustvel\/#breadcrumb"},"inLanguage":"pt-PT","potentialAction":[{"@type":"ReadAction","target":["https:\/\/lovme.pt\/index.php\/produto\/darkness-anel-duplo-de-penis-e-testiculos-de-couro-ajustvel\/"]}]},{"@type":"ImageObject","inLanguage":"pt-PT","@id":"https:\/\/lovme.pt\/index.php\/produto\/darkness-anel-duplo-de-penis-e-testiculos-de-couro-ajustvel\/#primaryimage","url":"https:\/\/erki24nd3ub.exactdn.com\/wp-content\/uploads\/dream\/img\/img_142916_b7d0c8a3afb7f91171b530ac746d0844_1.png?strip=all","contentUrl":"https:\/\/erki24nd3ub.exactdn.com\/wp-content\/uploads\/dream\/img\/img_142916_b7d0c8a3afb7f91171b530ac746d0844_1.png?strip=all","width":800,"height":800},{"@type":"BreadcrumbList","@id":"https:\/\/lovme.pt\/index.php\/produto\/darkness-anel-duplo-de-penis-e-testiculos-de-couro-ajustvel\/#breadcrumb","itemListElement":[{"@type":"ListItem","position":1,"name":"In\u00edcio","item":"https:\/\/lovme.pt\/"},{"@type":"ListItem","position":2,"name":"Loja","item":"https:\/\/lovme.pt\/index.php\/loja\/"},{"@type":"ListItem","position":3,"name":"DARKNESS &#8211; ANEL DUPLO DE P\u00caNIS E TEST\u00cdCULOS DE COURO AJUSTVEL"}]},{"@type":"WebSite","@id":"https:\/\/lovme.pt\/#website","url":"https:\/\/lovme.pt\/","name":"Lovme Loja Er\u00f3tica N\u00ba1 em Portugal","description":"A melhor loja er\u00f3tica de Portugal.","alternateName":"Loja Er\u00f3tica Lovme","potentialAction":[{"@type":"SearchAction","target":{"@type":"EntryPoint","urlTemplate":"https:\/\/lovme.pt\/?s={search_term_string}"},"query-input":{"@type":"PropertyValueSpecification","valueRequired":true,"valueName":"search_term_string"}}],"inLanguage":"pt-PT"}]}},"_links":{"self":[{"href":"https:\/\/lovme.pt\/index.php\/wp-json\/wp\/v2\/product\/32457","targetHints":{"allow":["GET"]}}],"collection":[{"href":"https:\/\/lovme.pt\/index.php\/wp-json\/wp\/v2\/product"}],"about":[{"href":"https:\/\/lovme.pt\/index.php\/wp-json\/wp\/v2\/types\/product"}],"wp:featuredmedia":[{"embeddable":true,"href":"https:\/\/lovme.pt\/index.php\/wp-json\/wp\/v2\/media\/63066"}],"wp:attachment":[{"href":"https:\/\/lovme.pt\/index.php\/wp-json\/wp\/v2\/media?parent=32457"}],"wp:term":[{"taxonomy":"product_brand","embeddable":true,"href":"https:\/\/lovme.pt\/index.php\/wp-json\/wp\/v2\/product_brand?post=32457"},{"taxonomy":"product_cat","embeddable":true,"href":"https:\/\/lovme.pt\/index.php\/wp-json\/wp\/v2\/product_cat?post=32457"},{"taxonomy":"product_tag","embeddable":true,"href":"https:\/\/lovme.pt\/index.php\/wp-json\/wp\/v2\/product_tag?post=32457"}],"curies":[{"name":"wp","href":"https:\/\/api.w.org\/{rel}","templated":true}]}}