{"id":3214,"date":"2025-10-01T03:11:25","date_gmt":"2025-10-01T03:11:25","guid":{"rendered":"https:\/\/lovme.pt\/?post_type=product&#038;p=3214"},"modified":"2026-04-15T12:27:19","modified_gmt":"2026-04-15T12:27:19","slug":"femintimate-pelvix-concept-bolas-100-terapeuticas","status":"publish","type":"product","link":"https:\/\/lovme.pt\/index.php\/produto\/femintimate-pelvix-concept-bolas-100-terapeuticas\/","title":{"rendered":"FEMINTIMATE &#8211; PELVIX CONCEPT BOLAS 100% TERAP\u00caUTICAS"},"content":{"rendered":"<p>&Eacute; uma terapia totalmente natural baseada na realiza&ccedil;&atilde;o de exerc&iacute;cios musculares do assoalho p&eacute;lvico com aumento gradual de pesos. PELVIX CONCEPT permite-nos solicitar a &aacute;rea precisa que queremos fortalecer; Na verdade, muitas vezes &eacute; muito dif&iacute;cil sentir e ativar especificamente o grupo muscular p&eacute;lvico. Ao utilizar PELVIX CONCEPT, o est&iacute;mulo &eacute; alcan&ccedil;ado naturalmente, causando uma a&ccedil;&atilde;o reflexa da pelve para neutralizar a a&ccedil;&atilde;o da gravidade.<\/p>\n<p>&Eacute; um produto exclusivo concebido para estimular a musculatura do pavimento p&eacute;lvico, permitindo, atrav&eacute;s de um programa de exerc&iacute;cios progressivo, melhorar consideravelmente a musculatura p&eacute;lvica com os consequentes benef&iacute;cios na sua sa&uacute;de &iacute;ntima e sexual.<\/p>\n<p>Preven&ccedil;&atilde;o, p&oacute;s-parto, perda de urina, sexualidade.<\/p>\n<ul>\n<li>Facilita o suporte das paredes vaginais<\/li>\n<li>&Acirc;ngulo adaptado aos m&uacute;sculos p&eacute;lvicos<\/li>\n<li>Formato ergon&ocirc;mico para f&aacute;cil introdu&ccedil;&atilde;o<\/li>\n<li>Material antial&eacute;rgico: 100% silicone m&eacute;dico.<\/li>\n<\/ul>\n<p>Quando e como usar o Pelvix Concept?<\/p>\n<p>Sintomas e causa da deteriora&ccedil;&atilde;o do assoalho p&eacute;lvico, o assoalho p&eacute;lvico pode deteriorar-se devido &agrave;s seguintes causas.<\/p>\n<p>Gravidez, parto, p&oacute;s-parto, s&atilde;o as principais causas que predisp&otilde;em a mulher a sofrer de assoalho p&eacute;lvico,<\/p>\n<p>Durante a gravidez devido ao peso do &uacute;tero que sobrecarrega os tecidos.<\/p>\n<p>Durante o parto devido &agrave; passagem do beb&ecirc; pela vagina, agravada pelo grande peso do beb&ecirc; ou circunfer&ecirc;ncia craniana not&aacute;vel, deve ser realizada uma episiotomia. Nos casos de cesariana tamb&eacute;m pode ocorrer enfraquecimento do assoalho p&eacute;lvico.<\/p>\n<p>No p&oacute;s-parto, caso os m&uacute;sculos enfraquecidos n&atilde;o sejam exercitados corretamente; A pr&aacute;tica precoce de exerc&iacute;cios abdominais ou de gin&aacute;stica pode enfraquecer os m&uacute;sculos p&eacute;lvicos.<\/p>\n<p>A menopausa tamb&eacute;m pode ser um sintoma dos m&uacute;sculos p&eacute;lvicos.<\/p>\n<p>Sexualmente, um assoalho p&eacute;lvico adequado &eacute; essencial para obter o m&aacute;ximo prazer e satisfa&ccedil;&atilde;o nas rela&ccedil;&otilde;es sexuais.<\/p>\n<p>M&uacute;sculos mais firmes e um suprimento sangu&iacute;neo mais rico aumentam as sensa&ccedil;&otilde;es durante o sexo para voc&ecirc; e seu parceiro.<\/p>\n<p>Com Pelvixconcept e seu tratamento indicado voc&ecirc; gerar&aacute; rapidamente um fortalecimento do assoalho p&eacute;lvico.<\/p>\n<p>Qualquer idade &eacute; boa para come&ccedil;ar a usar o Conceito Pelvix, pois vai melhorar sua vida sexual.<\/p>\n<ul>\n<li>Material 100% de silicone m&eacute;dico.<\/li>\n<li>Pesos. 9, 17, 34 gramas<\/li>\n<\/ul>\n<p style=\"text-align: center\"><img decoding=\"async\" alt=\"\" src=\"https:\/\/erki24nd3ub.exactdn.com\/UserFiles\/images\/4%282%29.png?strip=all&w=1920\" style=\"width: 460px;height: 331px\" \/><\/p>\n","protected":false},"excerpt":{"rendered":"<p>FEMINTIMATE &#8211; CONCEITO PELVIX PREVEN\u00c7\u00c3O P\u00d3S PARTO, PERDA DE URINA, SEXUALIDADE<\/p>\n","protected":false},"featured_media":102001,"template":"","meta":{"_acf_changed":false},"product_brand":[],"product_cat":[17,61,63],"product_tag":[],"class_list":{"0":"post-3214","1":"product","2":"type-product","3":"status-publish","4":"has-post-thumbnail","6":"product_cat-brinquedos-de-bem-estar-sexual","7":"product_cat-para-elas","8":"product_cat-sexo-anal","9":"yith_product_brand-femintimate","11":"first","12":"instock","13":"taxable","14":"shipping-taxable","15":"purchasable","16":"product-type-simple"},"acf":[],"yoast_head":"<!-- This site is optimized with the Yoast SEO plugin v27.4 - https:\/\/yoast.com\/product\/yoast-seo-wordpress\/ -->\n<title>FEMINTIMATE - PELVIX CONCEPT BOLAS 100% TERAP\u00caUTICAS - Lovme<\/title>\n<meta name=\"robots\" content=\"index, follow, max-snippet:-1, max-image-preview:large, max-video-preview:-1\" \/>\n<link rel=\"canonical\" href=\"https:\/\/lovme.pt\/index.php\/produto\/femintimate-pelvix-concept-bolas-100-terapeuticas\/\" \/>\n<meta property=\"og:locale\" content=\"pt_PT\" \/>\n<meta property=\"og:type\" content=\"article\" \/>\n<meta property=\"og:title\" content=\"FEMINTIMATE - PELVIX CONCEPT BOLAS 100% TERAP\u00caUTICAS - Lovme\" \/>\n<meta property=\"og:description\" content=\"FEMINTIMATE - CONCEITO PELVIX PREVEN\u00c7\u00c3O P\u00d3S PARTO, PERDA DE URINA, SEXUALIDADE\" \/>\n<meta property=\"og:url\" content=\"https:\/\/lovme.pt\/index.php\/produto\/femintimate-pelvix-concept-bolas-100-terapeuticas\/\" \/>\n<meta property=\"og:site_name\" content=\"Lovme\" \/>\n<meta property=\"article:modified_time\" content=\"2026-04-15T12:27:19+00:00\" \/>\n<meta property=\"og:image\" content=\"https:\/\/erki24nd3ub.exactdn.com\/wp-content\/uploads\/dream\/img\/img_10820_951703c61e5afa65479d8f7ea2382325_1.png?strip=all\" \/>\n\t<meta property=\"og:image:width\" content=\"663\" \/>\n\t<meta property=\"og:image:height\" content=\"663\" \/>\n\t<meta property=\"og:image:type\" content=\"image\/png\" \/>\n<meta name=\"twitter:card\" content=\"summary_large_image\" \/>\n<meta name=\"twitter:label1\" content=\"Tempo estimado de leitura\" \/>\n\t<meta name=\"twitter:data1\" content=\"2 minutos\" \/>\n<script type=\"application\/ld+json\" class=\"yoast-schema-graph\">{\"@context\":\"https:\\\/\\\/schema.org\",\"@graph\":[{\"@type\":\"WebPage\",\"@id\":\"https:\\\/\\\/lovme.pt\\\/index.php\\\/produto\\\/femintimate-pelvix-concept-bolas-100-terapeuticas\\\/\",\"url\":\"https:\\\/\\\/lovme.pt\\\/index.php\\\/produto\\\/femintimate-pelvix-concept-bolas-100-terapeuticas\\\/\",\"name\":\"FEMINTIMATE - PELVIX CONCEPT BOLAS 100% TERAP\u00caUTICAS - Lovme\",\"isPartOf\":{\"@id\":\"https:\\\/\\\/lovme.pt\\\/#website\"},\"primaryImageOfPage\":{\"@id\":\"https:\\\/\\\/lovme.pt\\\/index.php\\\/produto\\\/femintimate-pelvix-concept-bolas-100-terapeuticas\\\/#primaryimage\"},\"image\":{\"@id\":\"https:\\\/\\\/lovme.pt\\\/index.php\\\/produto\\\/femintimate-pelvix-concept-bolas-100-terapeuticas\\\/#primaryimage\"},\"thumbnailUrl\":\"https:\\\/\\\/erki24nd3ub.exactdn.com\\\/wp-content\\\/uploads\\\/dream\\\/img\\\/img_10820_951703c61e5afa65479d8f7ea2382325_1.png?strip=all\",\"datePublished\":\"2025-10-01T03:11:25+00:00\",\"dateModified\":\"2026-04-15T12:27:19+00:00\",\"breadcrumb\":{\"@id\":\"https:\\\/\\\/lovme.pt\\\/index.php\\\/produto\\\/femintimate-pelvix-concept-bolas-100-terapeuticas\\\/#breadcrumb\"},\"inLanguage\":\"pt-PT\",\"potentialAction\":[{\"@type\":\"ReadAction\",\"target\":[\"https:\\\/\\\/lovme.pt\\\/index.php\\\/produto\\\/femintimate-pelvix-concept-bolas-100-terapeuticas\\\/\"]}]},{\"@type\":\"ImageObject\",\"inLanguage\":\"pt-PT\",\"@id\":\"https:\\\/\\\/lovme.pt\\\/index.php\\\/produto\\\/femintimate-pelvix-concept-bolas-100-terapeuticas\\\/#primaryimage\",\"url\":\"https:\\\/\\\/erki24nd3ub.exactdn.com\\\/wp-content\\\/uploads\\\/dream\\\/img\\\/img_10820_951703c61e5afa65479d8f7ea2382325_1.png?strip=all\",\"contentUrl\":\"https:\\\/\\\/erki24nd3ub.exactdn.com\\\/wp-content\\\/uploads\\\/dream\\\/img\\\/img_10820_951703c61e5afa65479d8f7ea2382325_1.png?strip=all\",\"width\":663,\"height\":663},{\"@type\":\"BreadcrumbList\",\"@id\":\"https:\\\/\\\/lovme.pt\\\/index.php\\\/produto\\\/femintimate-pelvix-concept-bolas-100-terapeuticas\\\/#breadcrumb\",\"itemListElement\":[{\"@type\":\"ListItem\",\"position\":1,\"name\":\"In\u00edcio\",\"item\":\"https:\\\/\\\/lovme.pt\\\/\"},{\"@type\":\"ListItem\",\"position\":2,\"name\":\"Loja\",\"item\":\"https:\\\/\\\/lovme.pt\\\/index.php\\\/loja\\\/\"},{\"@type\":\"ListItem\",\"position\":3,\"name\":\"FEMINTIMATE &#8211; PELVIX CONCEPT BOLAS 100% TERAP\u00caUTICAS\"}]},{\"@type\":\"WebSite\",\"@id\":\"https:\\\/\\\/lovme.pt\\\/#website\",\"url\":\"https:\\\/\\\/lovme.pt\\\/\",\"name\":\"Lovme Loja Er\u00f3tica N\u00ba1 em Portugal\",\"description\":\"A melhor loja er\u00f3tica de Portugal.\",\"alternateName\":\"Loja Er\u00f3tica Lovme\",\"potentialAction\":[{\"@type\":\"SearchAction\",\"target\":{\"@type\":\"EntryPoint\",\"urlTemplate\":\"https:\\\/\\\/lovme.pt\\\/?s={search_term_string}\"},\"query-input\":{\"@type\":\"PropertyValueSpecification\",\"valueRequired\":true,\"valueName\":\"search_term_string\"}}],\"inLanguage\":\"pt-PT\"}]}<\/script>\n<!-- \/ Yoast SEO plugin. -->","yoast_head_json":{"title":"FEMINTIMATE - PELVIX CONCEPT BOLAS 100% TERAP\u00caUTICAS - Lovme","robots":{"index":"index","follow":"follow","max-snippet":"max-snippet:-1","max-image-preview":"max-image-preview:large","max-video-preview":"max-video-preview:-1"},"canonical":"https:\/\/lovme.pt\/index.php\/produto\/femintimate-pelvix-concept-bolas-100-terapeuticas\/","og_locale":"pt_PT","og_type":"article","og_title":"FEMINTIMATE - PELVIX CONCEPT BOLAS 100% TERAP\u00caUTICAS - Lovme","og_description":"FEMINTIMATE - CONCEITO PELVIX PREVEN\u00c7\u00c3O P\u00d3S PARTO, PERDA DE URINA, SEXUALIDADE","og_url":"https:\/\/lovme.pt\/index.php\/produto\/femintimate-pelvix-concept-bolas-100-terapeuticas\/","og_site_name":"Lovme","article_modified_time":"2026-04-15T12:27:19+00:00","og_image":[{"width":663,"height":663,"url":"https:\/\/erki24nd3ub.exactdn.com\/wp-content\/uploads\/dream\/img\/img_10820_951703c61e5afa65479d8f7ea2382325_1.png?strip=all","type":"image\/png"}],"twitter_card":"summary_large_image","twitter_misc":{"Tempo estimado de leitura":"2 minutos"},"schema":{"@context":"https:\/\/schema.org","@graph":[{"@type":"WebPage","@id":"https:\/\/lovme.pt\/index.php\/produto\/femintimate-pelvix-concept-bolas-100-terapeuticas\/","url":"https:\/\/lovme.pt\/index.php\/produto\/femintimate-pelvix-concept-bolas-100-terapeuticas\/","name":"FEMINTIMATE - PELVIX CONCEPT BOLAS 100% TERAP\u00caUTICAS - Lovme","isPartOf":{"@id":"https:\/\/lovme.pt\/#website"},"primaryImageOfPage":{"@id":"https:\/\/lovme.pt\/index.php\/produto\/femintimate-pelvix-concept-bolas-100-terapeuticas\/#primaryimage"},"image":{"@id":"https:\/\/lovme.pt\/index.php\/produto\/femintimate-pelvix-concept-bolas-100-terapeuticas\/#primaryimage"},"thumbnailUrl":"https:\/\/erki24nd3ub.exactdn.com\/wp-content\/uploads\/dream\/img\/img_10820_951703c61e5afa65479d8f7ea2382325_1.png?strip=all","datePublished":"2025-10-01T03:11:25+00:00","dateModified":"2026-04-15T12:27:19+00:00","breadcrumb":{"@id":"https:\/\/lovme.pt\/index.php\/produto\/femintimate-pelvix-concept-bolas-100-terapeuticas\/#breadcrumb"},"inLanguage":"pt-PT","potentialAction":[{"@type":"ReadAction","target":["https:\/\/lovme.pt\/index.php\/produto\/femintimate-pelvix-concept-bolas-100-terapeuticas\/"]}]},{"@type":"ImageObject","inLanguage":"pt-PT","@id":"https:\/\/lovme.pt\/index.php\/produto\/femintimate-pelvix-concept-bolas-100-terapeuticas\/#primaryimage","url":"https:\/\/erki24nd3ub.exactdn.com\/wp-content\/uploads\/dream\/img\/img_10820_951703c61e5afa65479d8f7ea2382325_1.png?strip=all","contentUrl":"https:\/\/erki24nd3ub.exactdn.com\/wp-content\/uploads\/dream\/img\/img_10820_951703c61e5afa65479d8f7ea2382325_1.png?strip=all","width":663,"height":663},{"@type":"BreadcrumbList","@id":"https:\/\/lovme.pt\/index.php\/produto\/femintimate-pelvix-concept-bolas-100-terapeuticas\/#breadcrumb","itemListElement":[{"@type":"ListItem","position":1,"name":"In\u00edcio","item":"https:\/\/lovme.pt\/"},{"@type":"ListItem","position":2,"name":"Loja","item":"https:\/\/lovme.pt\/index.php\/loja\/"},{"@type":"ListItem","position":3,"name":"FEMINTIMATE &#8211; PELVIX CONCEPT BOLAS 100% TERAP\u00caUTICAS"}]},{"@type":"WebSite","@id":"https:\/\/lovme.pt\/#website","url":"https:\/\/lovme.pt\/","name":"Lovme Loja Er\u00f3tica N\u00ba1 em Portugal","description":"A melhor loja er\u00f3tica de Portugal.","alternateName":"Loja Er\u00f3tica Lovme","potentialAction":[{"@type":"SearchAction","target":{"@type":"EntryPoint","urlTemplate":"https:\/\/lovme.pt\/?s={search_term_string}"},"query-input":{"@type":"PropertyValueSpecification","valueRequired":true,"valueName":"search_term_string"}}],"inLanguage":"pt-PT"}]}},"_links":{"self":[{"href":"https:\/\/lovme.pt\/index.php\/wp-json\/wp\/v2\/product\/3214","targetHints":{"allow":["GET"]}}],"collection":[{"href":"https:\/\/lovme.pt\/index.php\/wp-json\/wp\/v2\/product"}],"about":[{"href":"https:\/\/lovme.pt\/index.php\/wp-json\/wp\/v2\/types\/product"}],"wp:featuredmedia":[{"embeddable":true,"href":"https:\/\/lovme.pt\/index.php\/wp-json\/wp\/v2\/media\/102001"}],"wp:attachment":[{"href":"https:\/\/lovme.pt\/index.php\/wp-json\/wp\/v2\/media?parent=3214"}],"wp:term":[{"taxonomy":"product_brand","embeddable":true,"href":"https:\/\/lovme.pt\/index.php\/wp-json\/wp\/v2\/product_brand?post=3214"},{"taxonomy":"product_cat","embeddable":true,"href":"https:\/\/lovme.pt\/index.php\/wp-json\/wp\/v2\/product_cat?post=3214"},{"taxonomy":"product_tag","embeddable":true,"href":"https:\/\/lovme.pt\/index.php\/wp-json\/wp\/v2\/product_tag?post=3214"}],"curies":[{"name":"wp","href":"https:\/\/api.w.org\/{rel}","templated":true}]}}