{"id":3201,"date":"2025-10-01T02:54:07","date_gmt":"2025-10-01T02:54:07","guid":{"rendered":"https:\/\/lovme.pt\/?post_type=product&#038;p=3201"},"modified":"2026-04-14T12:27:14","modified_gmt":"2026-04-14T12:27:14","slug":"m-limpy-fleshlight-pequeno-fleshtone","status":"publish","type":"product","link":"https:\/\/lovme.pt\/index.php\/produto\/m-limpy-fleshlight-pequeno-fleshtone\/","title":{"rendered":"MR. LIMPY FLESHLIGHT &#8211; PEQUENO FLESHTONE"},"content":{"rendered":"<p>O Mr. Limpy \u00e9 sempre a alma da festa! Feito com o inovador Fleshtone\u00ae, assim como as mangas de masturba\u00e7\u00e3o Fleshlight, voc\u00ea pode estic\u00e1-lo, torc\u00ea-lo, pux\u00e1-lo, guard\u00e1-lo em qualquer lugar ou us\u00e1-lo como um presente divertido.<\/p>\n<p> O brinquedo mais original para despedidas de solteira ou simplesmente para deixar na mesa enquanto toma um caf\u00e9. O Sr. Limpy \u00e9 uma \u00f3tima maneira de puxar assunto, quebrar o gelo e se divertir.<\/p>\n<p> \u00c9 frequentemente usado por homens transg\u00eaneros como preenchimento para dar a apar\u00eancia de terem genitais masculinos.<\/p>\n<p> N\u00e3o \u00e9 um vibrador que lhe dar\u00e1 prazer \u00edntimo; o Sr. Limpy \u00e9 mais um brinquedo para se divertir, sem necessariamente ter um car\u00e1ter sexual. Afinal, o pobre &quot;Sr. Limpy&quot; tem estado sob muito estresse ultimamente.<\/p>\n<p> Diferente de qualquer experi\u00eancia que voc\u00ea j\u00e1 teve, voc\u00ea descobrir\u00e1 que os usos do Sr. Limpy s\u00e3o ilimitados.<\/p>\n<ul>\n<li> Comprimento: 9 x 3,5 cm.<\/li>\n<\/ul>\n<p> Experimente novas sensa\u00e7\u00f5es!<\/p>\n<p> A Fleshlight\u00ae \u00e9 l\u00edder mundial na fabrica\u00e7\u00e3o de masturbadores masculinos a partir de moldes de pessoas reais. Sua alta qualidade e caracter\u00edsticas deram origem a uma marca pensada para homens e seu prazer \u00e9 \u00fanico no mundo!! <\/p>\n<p style=\"text-align: center\"><img decoding=\"async\" alt=\"\" src=\"https:\/\/erki24nd3ub.exactdn.com\/UserFiles\/image\/fleshlight_mrlimpy.png?strip=all&w=1920\" style=\"width: 500px;height: 338px\" \/><\/p>\n","protected":false},"excerpt":{"rendered":"<p>MR. LIMPY FLESHLIGHT &#8211; PEQUENO FLESHTONE<\/p>\n","protected":false},"featured_media":99963,"template":"","meta":{"_acf_changed":false},"product_brand":[],"product_cat":[17,56],"product_tag":[],"class_list":{"0":"post-3201","1":"product","2":"type-product","3":"status-publish","4":"has-post-thumbnail","6":"product_cat-brinquedos-de-bem-estar-sexual","7":"product_cat-dildos-e-arneses","8":"yith_product_brand-fleshlightmr-limpy","10":"first","11":"instock","12":"taxable","13":"shipping-taxable","14":"purchasable","15":"product-type-simple"},"acf":[],"yoast_head":"<!-- This site is optimized with the Yoast SEO plugin v27.4 - https:\/\/yoast.com\/product\/yoast-seo-wordpress\/ -->\n<title>MR. LIMPY FLESHLIGHT - PEQUENO FLESHTONE - Lovme<\/title>\n<meta name=\"robots\" content=\"index, follow, max-snippet:-1, max-image-preview:large, max-video-preview:-1\" \/>\n<link rel=\"canonical\" href=\"https:\/\/lovme.pt\/index.php\/produto\/m-limpy-fleshlight-pequeno-fleshtone\/\" \/>\n<meta property=\"og:locale\" content=\"pt_PT\" \/>\n<meta property=\"og:type\" content=\"article\" \/>\n<meta property=\"og:title\" content=\"MR. LIMPY FLESHLIGHT - PEQUENO FLESHTONE - Lovme\" \/>\n<meta property=\"og:description\" content=\"MR. LIMPY FLESHLIGHT - PEQUENO FLESHTONE\" \/>\n<meta property=\"og:url\" content=\"https:\/\/lovme.pt\/index.php\/produto\/m-limpy-fleshlight-pequeno-fleshtone\/\" \/>\n<meta property=\"og:site_name\" content=\"Lovme\" \/>\n<meta property=\"article:modified_time\" content=\"2026-04-14T12:27:14+00:00\" \/>\n<meta property=\"og:image\" content=\"https:\/\/erki24nd3ub.exactdn.com\/wp-content\/uploads\/dream\/img\/img_73360_1b5907d5294de8ca95495ae0ed41b46f_1.jpg?strip=all\" \/>\n\t<meta property=\"og:image:width\" content=\"900\" \/>\n\t<meta property=\"og:image:height\" content=\"900\" \/>\n\t<meta property=\"og:image:type\" content=\"image\/jpeg\" \/>\n<meta name=\"twitter:card\" content=\"summary_large_image\" \/>\n<meta name=\"twitter:label1\" content=\"Tempo estimado de leitura\" \/>\n\t<meta name=\"twitter:data1\" content=\"1 minuto\" \/>\n<script type=\"application\/ld+json\" class=\"yoast-schema-graph\">{\"@context\":\"https:\\\/\\\/schema.org\",\"@graph\":[{\"@type\":\"WebPage\",\"@id\":\"https:\\\/\\\/lovme.pt\\\/index.php\\\/produto\\\/m-limpy-fleshlight-pequeno-fleshtone\\\/\",\"url\":\"https:\\\/\\\/lovme.pt\\\/index.php\\\/produto\\\/m-limpy-fleshlight-pequeno-fleshtone\\\/\",\"name\":\"MR. LIMPY FLESHLIGHT - PEQUENO FLESHTONE - Lovme\",\"isPartOf\":{\"@id\":\"https:\\\/\\\/lovme.pt\\\/#website\"},\"primaryImageOfPage\":{\"@id\":\"https:\\\/\\\/lovme.pt\\\/index.php\\\/produto\\\/m-limpy-fleshlight-pequeno-fleshtone\\\/#primaryimage\"},\"image\":{\"@id\":\"https:\\\/\\\/lovme.pt\\\/index.php\\\/produto\\\/m-limpy-fleshlight-pequeno-fleshtone\\\/#primaryimage\"},\"thumbnailUrl\":\"https:\\\/\\\/erki24nd3ub.exactdn.com\\\/wp-content\\\/uploads\\\/dream\\\/img\\\/img_73360_1b5907d5294de8ca95495ae0ed41b46f_1.jpg?strip=all\",\"datePublished\":\"2025-10-01T02:54:07+00:00\",\"dateModified\":\"2026-04-14T12:27:14+00:00\",\"breadcrumb\":{\"@id\":\"https:\\\/\\\/lovme.pt\\\/index.php\\\/produto\\\/m-limpy-fleshlight-pequeno-fleshtone\\\/#breadcrumb\"},\"inLanguage\":\"pt-PT\",\"potentialAction\":[{\"@type\":\"ReadAction\",\"target\":[\"https:\\\/\\\/lovme.pt\\\/index.php\\\/produto\\\/m-limpy-fleshlight-pequeno-fleshtone\\\/\"]}]},{\"@type\":\"ImageObject\",\"inLanguage\":\"pt-PT\",\"@id\":\"https:\\\/\\\/lovme.pt\\\/index.php\\\/produto\\\/m-limpy-fleshlight-pequeno-fleshtone\\\/#primaryimage\",\"url\":\"https:\\\/\\\/erki24nd3ub.exactdn.com\\\/wp-content\\\/uploads\\\/dream\\\/img\\\/img_73360_1b5907d5294de8ca95495ae0ed41b46f_1.jpg?strip=all\",\"contentUrl\":\"https:\\\/\\\/erki24nd3ub.exactdn.com\\\/wp-content\\\/uploads\\\/dream\\\/img\\\/img_73360_1b5907d5294de8ca95495ae0ed41b46f_1.jpg?strip=all\",\"width\":900,\"height\":900},{\"@type\":\"BreadcrumbList\",\"@id\":\"https:\\\/\\\/lovme.pt\\\/index.php\\\/produto\\\/m-limpy-fleshlight-pequeno-fleshtone\\\/#breadcrumb\",\"itemListElement\":[{\"@type\":\"ListItem\",\"position\":1,\"name\":\"In\u00edcio\",\"item\":\"https:\\\/\\\/lovme.pt\\\/\"},{\"@type\":\"ListItem\",\"position\":2,\"name\":\"Loja\",\"item\":\"https:\\\/\\\/lovme.pt\\\/index.php\\\/loja\\\/\"},{\"@type\":\"ListItem\",\"position\":3,\"name\":\"MR. LIMPY FLESHLIGHT &#8211; PEQUENO FLESHTONE\"}]},{\"@type\":\"WebSite\",\"@id\":\"https:\\\/\\\/lovme.pt\\\/#website\",\"url\":\"https:\\\/\\\/lovme.pt\\\/\",\"name\":\"Lovme Loja Er\u00f3tica N\u00ba1 em Portugal\",\"description\":\"A melhor loja er\u00f3tica de Portugal.\",\"alternateName\":\"Loja Er\u00f3tica Lovme\",\"potentialAction\":[{\"@type\":\"SearchAction\",\"target\":{\"@type\":\"EntryPoint\",\"urlTemplate\":\"https:\\\/\\\/lovme.pt\\\/?s={search_term_string}\"},\"query-input\":{\"@type\":\"PropertyValueSpecification\",\"valueRequired\":true,\"valueName\":\"search_term_string\"}}],\"inLanguage\":\"pt-PT\"}]}<\/script>\n<!-- \/ Yoast SEO plugin. -->","yoast_head_json":{"title":"MR. LIMPY FLESHLIGHT - PEQUENO FLESHTONE - Lovme","robots":{"index":"index","follow":"follow","max-snippet":"max-snippet:-1","max-image-preview":"max-image-preview:large","max-video-preview":"max-video-preview:-1"},"canonical":"https:\/\/lovme.pt\/index.php\/produto\/m-limpy-fleshlight-pequeno-fleshtone\/","og_locale":"pt_PT","og_type":"article","og_title":"MR. LIMPY FLESHLIGHT - PEQUENO FLESHTONE - Lovme","og_description":"MR. LIMPY FLESHLIGHT - PEQUENO FLESHTONE","og_url":"https:\/\/lovme.pt\/index.php\/produto\/m-limpy-fleshlight-pequeno-fleshtone\/","og_site_name":"Lovme","article_modified_time":"2026-04-14T12:27:14+00:00","og_image":[{"width":900,"height":900,"url":"https:\/\/erki24nd3ub.exactdn.com\/wp-content\/uploads\/dream\/img\/img_73360_1b5907d5294de8ca95495ae0ed41b46f_1.jpg?strip=all","type":"image\/jpeg"}],"twitter_card":"summary_large_image","twitter_misc":{"Tempo estimado de leitura":"1 minuto"},"schema":{"@context":"https:\/\/schema.org","@graph":[{"@type":"WebPage","@id":"https:\/\/lovme.pt\/index.php\/produto\/m-limpy-fleshlight-pequeno-fleshtone\/","url":"https:\/\/lovme.pt\/index.php\/produto\/m-limpy-fleshlight-pequeno-fleshtone\/","name":"MR. LIMPY FLESHLIGHT - PEQUENO FLESHTONE - Lovme","isPartOf":{"@id":"https:\/\/lovme.pt\/#website"},"primaryImageOfPage":{"@id":"https:\/\/lovme.pt\/index.php\/produto\/m-limpy-fleshlight-pequeno-fleshtone\/#primaryimage"},"image":{"@id":"https:\/\/lovme.pt\/index.php\/produto\/m-limpy-fleshlight-pequeno-fleshtone\/#primaryimage"},"thumbnailUrl":"https:\/\/erki24nd3ub.exactdn.com\/wp-content\/uploads\/dream\/img\/img_73360_1b5907d5294de8ca95495ae0ed41b46f_1.jpg?strip=all","datePublished":"2025-10-01T02:54:07+00:00","dateModified":"2026-04-14T12:27:14+00:00","breadcrumb":{"@id":"https:\/\/lovme.pt\/index.php\/produto\/m-limpy-fleshlight-pequeno-fleshtone\/#breadcrumb"},"inLanguage":"pt-PT","potentialAction":[{"@type":"ReadAction","target":["https:\/\/lovme.pt\/index.php\/produto\/m-limpy-fleshlight-pequeno-fleshtone\/"]}]},{"@type":"ImageObject","inLanguage":"pt-PT","@id":"https:\/\/lovme.pt\/index.php\/produto\/m-limpy-fleshlight-pequeno-fleshtone\/#primaryimage","url":"https:\/\/erki24nd3ub.exactdn.com\/wp-content\/uploads\/dream\/img\/img_73360_1b5907d5294de8ca95495ae0ed41b46f_1.jpg?strip=all","contentUrl":"https:\/\/erki24nd3ub.exactdn.com\/wp-content\/uploads\/dream\/img\/img_73360_1b5907d5294de8ca95495ae0ed41b46f_1.jpg?strip=all","width":900,"height":900},{"@type":"BreadcrumbList","@id":"https:\/\/lovme.pt\/index.php\/produto\/m-limpy-fleshlight-pequeno-fleshtone\/#breadcrumb","itemListElement":[{"@type":"ListItem","position":1,"name":"In\u00edcio","item":"https:\/\/lovme.pt\/"},{"@type":"ListItem","position":2,"name":"Loja","item":"https:\/\/lovme.pt\/index.php\/loja\/"},{"@type":"ListItem","position":3,"name":"MR. LIMPY FLESHLIGHT &#8211; PEQUENO FLESHTONE"}]},{"@type":"WebSite","@id":"https:\/\/lovme.pt\/#website","url":"https:\/\/lovme.pt\/","name":"Lovme Loja Er\u00f3tica N\u00ba1 em Portugal","description":"A melhor loja er\u00f3tica de Portugal.","alternateName":"Loja Er\u00f3tica Lovme","potentialAction":[{"@type":"SearchAction","target":{"@type":"EntryPoint","urlTemplate":"https:\/\/lovme.pt\/?s={search_term_string}"},"query-input":{"@type":"PropertyValueSpecification","valueRequired":true,"valueName":"search_term_string"}}],"inLanguage":"pt-PT"}]}},"_links":{"self":[{"href":"https:\/\/lovme.pt\/index.php\/wp-json\/wp\/v2\/product\/3201","targetHints":{"allow":["GET"]}}],"collection":[{"href":"https:\/\/lovme.pt\/index.php\/wp-json\/wp\/v2\/product"}],"about":[{"href":"https:\/\/lovme.pt\/index.php\/wp-json\/wp\/v2\/types\/product"}],"wp:featuredmedia":[{"embeddable":true,"href":"https:\/\/lovme.pt\/index.php\/wp-json\/wp\/v2\/media\/99963"}],"wp:attachment":[{"href":"https:\/\/lovme.pt\/index.php\/wp-json\/wp\/v2\/media?parent=3201"}],"wp:term":[{"taxonomy":"product_brand","embeddable":true,"href":"https:\/\/lovme.pt\/index.php\/wp-json\/wp\/v2\/product_brand?post=3201"},{"taxonomy":"product_cat","embeddable":true,"href":"https:\/\/lovme.pt\/index.php\/wp-json\/wp\/v2\/product_cat?post=3201"},{"taxonomy":"product_tag","embeddable":true,"href":"https:\/\/lovme.pt\/index.php\/wp-json\/wp\/v2\/product_tag?post=3201"}],"curies":[{"name":"wp","href":"https:\/\/api.w.org\/{rel}","templated":true}]}}