{"id":32007,"date":"2025-10-01T00:12:20","date_gmt":"2025-10-01T00:12:20","guid":{"rendered":"https:\/\/lovme.pt\/?post_type=product&#038;p=32007"},"modified":"2026-02-19T20:23:21","modified_gmt":"2026-02-19T20:23:21","slug":"casmir-conjunto-biquini-lara-duas-peas-s-m","status":"publish","type":"product","link":"https:\/\/lovme.pt\/index.php\/produto\/casmir-conjunto-biquini-lara-duas-peas-s-m\/","title":{"rendered":"CASMIR &#8211; LARA SET BIKINI DOS PIEZAS S\/M"},"content":{"rendered":"<p>Este conjunto \u00fanico \u00e9 uma lingerie exclusiva criada por e para a mulher de hoje, fabricada pela Casmir, o que significa que \u00e9 sin\u00f3nimo de Alta Lingerie e que cada pe\u00e7a foi confeccionada na Europa com um controlo rigoroso que resulta numa pe\u00e7a exclusiva.<\/p>\n<ul>\n<li> Conjunto de biqu\u00edni cole\u00e7\u00e3o Lara<\/li>\n<li style=\"line-height: 20.8px;\"> Composto por duas pe\u00e7as<\/li>\n<li style=\"line-height: 20.8px;\"> Inclui suti\u00e3 e calcinha<\/li>\n<li style=\"line-height: 20.8px;\"> N\u00e3o \u00e9 roupa de banho<\/li>\n<li style=\"line-height: 20.8px;\"> Al\u00e7as ajust\u00e1veis<\/li>\n<li style=\"line-height: 20.8px;\"> Design sexy e muito confort\u00e1vel.<\/li>\n<li style=\"line-height: 20.8px;\"> Cor preta<\/li>\n<li> Apresenta\u00e7\u00e3o em caixa<\/li>\n<li> Tamanho S\/M<\/li>\n<\/ul>\n<p style=\"line-height: 20.8px;\"> Abrir uma caixa Casmir \u00e9 uma experi\u00eancia de Luxo, com caixa dupla para garantir seguran\u00e7a. \u00c9 uma experi\u00eancia \u00fanica. Pensado e desenhado para a mulher moderna e din\u00e2mica!<\/p>\n<p style=\"line-height: 20.8px;\"> via Casmir <span style=\"color: rgb(0, 0, 205);\"><strong>\u00a0<\/strong><\/span> As mulheres s\u00e3o convidadas a consolidar a sua autoestima, explorar a sua feminilidade e explorar o seu poder de sensualidade e sedu\u00e7\u00e3o. <\/p>\n<p style=\"line-height: 20.8px; text-align: center;\"><img decoding=\"async\" alt=\"\" src=\"https:\/\/store.dreamlove.es\/UserFiles\/images\/PASIOM.png\" style=\"line-height: 20.8px; outline: 0px; box-sizing: border-box; vertical-align: middle; border: 0px; max-width: 100%; width: 512px; height: 167px;\" \/><\/p>\n","protected":false},"excerpt":{"rendered":"<p>CASMIR -CONJUNTO BIQU\u00cdNI LARA DUAS PEAS S\/M<\/p>\n","protected":false},"featured_media":85418,"template":"","meta":{"_acf_changed":false},"product_brand":[],"product_cat":[47,66,115],"product_tag":[],"class_list":{"0":"post-32007","1":"product","2":"type-product","3":"status-publish","4":"has-post-thumbnail","6":"product_cat-lingerie","7":"product_cat-lingerie-feminina","8":"product_cat-ofertas","9":"yith_product_brand-casmir","11":"first","12":"instock","13":"taxable","14":"shipping-taxable","15":"purchasable","16":"product-type-variable","17":"has-default-attributes"},"acf":[],"yoast_head":"<!-- This site is optimized with the Yoast SEO plugin v27.4 - https:\/\/yoast.com\/product\/yoast-seo-wordpress\/ -->\n<title>CASMIR - LARA SET BIKINI DOS PIEZAS S\/M - Lovme<\/title>\n<meta name=\"robots\" content=\"index, follow, max-snippet:-1, max-image-preview:large, max-video-preview:-1\" \/>\n<link rel=\"canonical\" href=\"https:\/\/lovme.pt\/index.php\/produto\/casmir-conjunto-biquini-lara-duas-peas-s-m\/\" \/>\n<meta property=\"og:locale\" content=\"pt_PT\" \/>\n<meta property=\"og:type\" content=\"article\" \/>\n<meta property=\"og:title\" content=\"CASMIR - LARA SET BIKINI DOS PIEZAS S\/M - Lovme\" \/>\n<meta property=\"og:description\" content=\"CASMIR -CONJUNTO BIQU\u00cdNI LARA DUAS PEAS S\/M\" \/>\n<meta property=\"og:url\" content=\"https:\/\/lovme.pt\/index.php\/produto\/casmir-conjunto-biquini-lara-duas-peas-s-m\/\" \/>\n<meta property=\"og:site_name\" content=\"Lovme\" \/>\n<meta property=\"article:modified_time\" content=\"2026-02-19T20:23:21+00:00\" \/>\n<meta property=\"og:image\" content=\"https:\/\/erki24nd3ub.exactdn.com\/wp-content\/uploads\/dream\/img\/img_92499_44be01b0d3f36a0a3aeafd5ceeb7ef01_1.jpg?strip=all\" \/>\n\t<meta property=\"og:image:width\" content=\"800\" \/>\n\t<meta property=\"og:image:height\" content=\"800\" \/>\n\t<meta property=\"og:image:type\" content=\"image\/jpeg\" \/>\n<meta name=\"twitter:card\" content=\"summary_large_image\" \/>\n<meta name=\"twitter:label1\" content=\"Tempo estimado de leitura\" \/>\n\t<meta name=\"twitter:data1\" content=\"1 minuto\" \/>\n<script type=\"application\/ld+json\" class=\"yoast-schema-graph\">{\"@context\":\"https:\\\/\\\/schema.org\",\"@graph\":[{\"@type\":\"WebPage\",\"@id\":\"https:\\\/\\\/lovme.pt\\\/index.php\\\/produto\\\/casmir-conjunto-biquini-lara-duas-peas-s-m\\\/\",\"url\":\"https:\\\/\\\/lovme.pt\\\/index.php\\\/produto\\\/casmir-conjunto-biquini-lara-duas-peas-s-m\\\/\",\"name\":\"CASMIR - LARA SET BIKINI DOS PIEZAS S\\\/M - Lovme\",\"isPartOf\":{\"@id\":\"https:\\\/\\\/lovme.pt\\\/#website\"},\"primaryImageOfPage\":{\"@id\":\"https:\\\/\\\/lovme.pt\\\/index.php\\\/produto\\\/casmir-conjunto-biquini-lara-duas-peas-s-m\\\/#primaryimage\"},\"image\":{\"@id\":\"https:\\\/\\\/lovme.pt\\\/index.php\\\/produto\\\/casmir-conjunto-biquini-lara-duas-peas-s-m\\\/#primaryimage\"},\"thumbnailUrl\":\"https:\\\/\\\/erki24nd3ub.exactdn.com\\\/wp-content\\\/uploads\\\/dream\\\/img\\\/img_92499_44be01b0d3f36a0a3aeafd5ceeb7ef01_1.jpg?strip=all\",\"datePublished\":\"2025-10-01T00:12:20+00:00\",\"dateModified\":\"2026-02-19T20:23:21+00:00\",\"breadcrumb\":{\"@id\":\"https:\\\/\\\/lovme.pt\\\/index.php\\\/produto\\\/casmir-conjunto-biquini-lara-duas-peas-s-m\\\/#breadcrumb\"},\"inLanguage\":\"pt-PT\",\"potentialAction\":[{\"@type\":\"ReadAction\",\"target\":[\"https:\\\/\\\/lovme.pt\\\/index.php\\\/produto\\\/casmir-conjunto-biquini-lara-duas-peas-s-m\\\/\"]}]},{\"@type\":\"ImageObject\",\"inLanguage\":\"pt-PT\",\"@id\":\"https:\\\/\\\/lovme.pt\\\/index.php\\\/produto\\\/casmir-conjunto-biquini-lara-duas-peas-s-m\\\/#primaryimage\",\"url\":\"https:\\\/\\\/erki24nd3ub.exactdn.com\\\/wp-content\\\/uploads\\\/dream\\\/img\\\/img_92499_44be01b0d3f36a0a3aeafd5ceeb7ef01_1.jpg?strip=all\",\"contentUrl\":\"https:\\\/\\\/erki24nd3ub.exactdn.com\\\/wp-content\\\/uploads\\\/dream\\\/img\\\/img_92499_44be01b0d3f36a0a3aeafd5ceeb7ef01_1.jpg?strip=all\",\"width\":800,\"height\":800},{\"@type\":\"BreadcrumbList\",\"@id\":\"https:\\\/\\\/lovme.pt\\\/index.php\\\/produto\\\/casmir-conjunto-biquini-lara-duas-peas-s-m\\\/#breadcrumb\",\"itemListElement\":[{\"@type\":\"ListItem\",\"position\":1,\"name\":\"In\u00edcio\",\"item\":\"https:\\\/\\\/lovme.pt\\\/\"},{\"@type\":\"ListItem\",\"position\":2,\"name\":\"Loja\",\"item\":\"https:\\\/\\\/lovme.pt\\\/index.php\\\/loja\\\/\"},{\"@type\":\"ListItem\",\"position\":3,\"name\":\"CASMIR &#8211; LARA SET BIKINI DOS PIEZAS S\\\/M\"}]},{\"@type\":\"WebSite\",\"@id\":\"https:\\\/\\\/lovme.pt\\\/#website\",\"url\":\"https:\\\/\\\/lovme.pt\\\/\",\"name\":\"Lovme Loja Er\u00f3tica N\u00ba1 em Portugal\",\"description\":\"A melhor loja er\u00f3tica de Portugal.\",\"alternateName\":\"Loja Er\u00f3tica Lovme\",\"potentialAction\":[{\"@type\":\"SearchAction\",\"target\":{\"@type\":\"EntryPoint\",\"urlTemplate\":\"https:\\\/\\\/lovme.pt\\\/?s={search_term_string}\"},\"query-input\":{\"@type\":\"PropertyValueSpecification\",\"valueRequired\":true,\"valueName\":\"search_term_string\"}}],\"inLanguage\":\"pt-PT\"}]}<\/script>\n<!-- \/ Yoast SEO plugin. -->","yoast_head_json":{"title":"CASMIR - LARA SET BIKINI DOS PIEZAS S\/M - Lovme","robots":{"index":"index","follow":"follow","max-snippet":"max-snippet:-1","max-image-preview":"max-image-preview:large","max-video-preview":"max-video-preview:-1"},"canonical":"https:\/\/lovme.pt\/index.php\/produto\/casmir-conjunto-biquini-lara-duas-peas-s-m\/","og_locale":"pt_PT","og_type":"article","og_title":"CASMIR - LARA SET BIKINI DOS PIEZAS S\/M - Lovme","og_description":"CASMIR -CONJUNTO BIQU\u00cdNI LARA DUAS PEAS S\/M","og_url":"https:\/\/lovme.pt\/index.php\/produto\/casmir-conjunto-biquini-lara-duas-peas-s-m\/","og_site_name":"Lovme","article_modified_time":"2026-02-19T20:23:21+00:00","og_image":[{"width":800,"height":800,"url":"https:\/\/erki24nd3ub.exactdn.com\/wp-content\/uploads\/dream\/img\/img_92499_44be01b0d3f36a0a3aeafd5ceeb7ef01_1.jpg?strip=all","type":"image\/jpeg"}],"twitter_card":"summary_large_image","twitter_misc":{"Tempo estimado de leitura":"1 minuto"},"schema":{"@context":"https:\/\/schema.org","@graph":[{"@type":"WebPage","@id":"https:\/\/lovme.pt\/index.php\/produto\/casmir-conjunto-biquini-lara-duas-peas-s-m\/","url":"https:\/\/lovme.pt\/index.php\/produto\/casmir-conjunto-biquini-lara-duas-peas-s-m\/","name":"CASMIR - LARA SET BIKINI DOS PIEZAS S\/M - Lovme","isPartOf":{"@id":"https:\/\/lovme.pt\/#website"},"primaryImageOfPage":{"@id":"https:\/\/lovme.pt\/index.php\/produto\/casmir-conjunto-biquini-lara-duas-peas-s-m\/#primaryimage"},"image":{"@id":"https:\/\/lovme.pt\/index.php\/produto\/casmir-conjunto-biquini-lara-duas-peas-s-m\/#primaryimage"},"thumbnailUrl":"https:\/\/erki24nd3ub.exactdn.com\/wp-content\/uploads\/dream\/img\/img_92499_44be01b0d3f36a0a3aeafd5ceeb7ef01_1.jpg?strip=all","datePublished":"2025-10-01T00:12:20+00:00","dateModified":"2026-02-19T20:23:21+00:00","breadcrumb":{"@id":"https:\/\/lovme.pt\/index.php\/produto\/casmir-conjunto-biquini-lara-duas-peas-s-m\/#breadcrumb"},"inLanguage":"pt-PT","potentialAction":[{"@type":"ReadAction","target":["https:\/\/lovme.pt\/index.php\/produto\/casmir-conjunto-biquini-lara-duas-peas-s-m\/"]}]},{"@type":"ImageObject","inLanguage":"pt-PT","@id":"https:\/\/lovme.pt\/index.php\/produto\/casmir-conjunto-biquini-lara-duas-peas-s-m\/#primaryimage","url":"https:\/\/erki24nd3ub.exactdn.com\/wp-content\/uploads\/dream\/img\/img_92499_44be01b0d3f36a0a3aeafd5ceeb7ef01_1.jpg?strip=all","contentUrl":"https:\/\/erki24nd3ub.exactdn.com\/wp-content\/uploads\/dream\/img\/img_92499_44be01b0d3f36a0a3aeafd5ceeb7ef01_1.jpg?strip=all","width":800,"height":800},{"@type":"BreadcrumbList","@id":"https:\/\/lovme.pt\/index.php\/produto\/casmir-conjunto-biquini-lara-duas-peas-s-m\/#breadcrumb","itemListElement":[{"@type":"ListItem","position":1,"name":"In\u00edcio","item":"https:\/\/lovme.pt\/"},{"@type":"ListItem","position":2,"name":"Loja","item":"https:\/\/lovme.pt\/index.php\/loja\/"},{"@type":"ListItem","position":3,"name":"CASMIR &#8211; LARA SET BIKINI DOS PIEZAS S\/M"}]},{"@type":"WebSite","@id":"https:\/\/lovme.pt\/#website","url":"https:\/\/lovme.pt\/","name":"Lovme Loja Er\u00f3tica N\u00ba1 em Portugal","description":"A melhor loja er\u00f3tica de Portugal.","alternateName":"Loja Er\u00f3tica Lovme","potentialAction":[{"@type":"SearchAction","target":{"@type":"EntryPoint","urlTemplate":"https:\/\/lovme.pt\/?s={search_term_string}"},"query-input":{"@type":"PropertyValueSpecification","valueRequired":true,"valueName":"search_term_string"}}],"inLanguage":"pt-PT"}]}},"_links":{"self":[{"href":"https:\/\/lovme.pt\/index.php\/wp-json\/wp\/v2\/product\/32007","targetHints":{"allow":["GET"]}}],"collection":[{"href":"https:\/\/lovme.pt\/index.php\/wp-json\/wp\/v2\/product"}],"about":[{"href":"https:\/\/lovme.pt\/index.php\/wp-json\/wp\/v2\/types\/product"}],"wp:featuredmedia":[{"embeddable":true,"href":"https:\/\/lovme.pt\/index.php\/wp-json\/wp\/v2\/media\/85418"}],"wp:attachment":[{"href":"https:\/\/lovme.pt\/index.php\/wp-json\/wp\/v2\/media?parent=32007"}],"wp:term":[{"taxonomy":"product_brand","embeddable":true,"href":"https:\/\/lovme.pt\/index.php\/wp-json\/wp\/v2\/product_brand?post=32007"},{"taxonomy":"product_cat","embeddable":true,"href":"https:\/\/lovme.pt\/index.php\/wp-json\/wp\/v2\/product_cat?post=32007"},{"taxonomy":"product_tag","embeddable":true,"href":"https:\/\/lovme.pt\/index.php\/wp-json\/wp\/v2\/product_tag?post=32007"}],"curies":[{"name":"wp","href":"https:\/\/api.w.org\/{rel}","templated":true}]}}