{"id":31876,"date":"2025-09-30T20:35:28","date_gmt":"2025-09-30T20:35:28","guid":{"rendered":"https:\/\/lovme.pt\/?post_type=product&#038;p=31876"},"modified":"2026-04-07T13:50:32","modified_gmt":"2026-04-07T13:50:32","slug":"custom-bullets-balas-recarregaveis-vaca-10-intensidades","status":"publish","type":"product","link":"https:\/\/lovme.pt\/index.php\/produto\/custom-bullets-balas-recarregaveis-vaca-10-intensidades\/","title":{"rendered":"CUSTOM BULLETS &#8211; BALAS RECARREG\u00c1VEIS VACA 10 INTENSIDADES"},"content":{"rendered":"<p>Descubra a nova cole&ccedil;&atilde;o de balas vibrat&oacute;rias recarreg&aacute;veis Custom Bullets ? &eacute; tudo que voc&ecirc; precisa para se divertir.<\/p>\n<p>Esta bala f&aacute;cil de operar est&aacute; pronta para ficar suja onde quer que suas paix&otilde;es o levem com 10 fun&ccedil;&otilde;es de vibra&ccedil;&atilde;o.<\/p>\n<p>Marcadores personalizados fornecem uma tenta&ccedil;&atilde;o precisa. Divirta-se enquanto percorre 10 fun&ccedil;&otilde;es de vibra&ccedil;&atilde;o, pulso e escala com o bot&atilde;o de controle de toque f&aacute;cil.<\/p>\n<p>A cole&ccedil;&atilde;o Custom Bullets ? foi feita para se destacar em qualquer mesa de cabeceira.<\/p>\n<p>A impress&atilde;o e o design compacto deste lindo mini massageador far&atilde;o at&eacute; o amante mais elegante sorrir.<\/p>\n<p>Carregue sua paix&atilde;o em apenas 30 minutos, conectando o cabo USB fornecido &agrave; porta de carregamento magn&eacute;tico na parte de tr&aacute;s do massageador. Aceita at&eacute; 2 horas de vibra&ccedil;&atilde;o em baixa velocidade e 70 minutos em alta velocidade.<\/p>\n<p>O massageador fino e discreto de 6,25 cm torna-o no companheiro de viagem perfeito, permitindo-lhe abra&ccedil;ar o prazer onde quer que suas fantasias o levem.<\/p>\n<ul>\n<li>Comprimento total 6,25 x 2 cm<\/li>\n<li>Recarreg&aacute;vel<\/li>\n<li>Modos de vibra&ccedil;&atilde;o 10<\/li>\n<li>Submers&iacute;vel<\/li>\n<li>Material macio (silicone e abs)<\/li>\n<li>Motores 1<\/li>\n<li>Carregador magn&eacute;tico inclu&iacute;do recarreg&aacute;vel<\/li>\n<\/ul>\n","protected":false},"excerpt":{"rendered":"<p>CUSTOM BULLETS &#8211; BALAS PERSONALIZADAS RECARREG\u00c1VEL VACA BALA MAGN\u00c9TICA 10V<\/p>\n","protected":false},"featured_media":70433,"template":"","meta":{"_acf_changed":false},"product_brand":[],"product_cat":[17,61],"product_tag":[],"class_list":{"0":"post-31876","1":"product","2":"type-product","3":"status-publish","4":"has-post-thumbnail","6":"product_cat-brinquedos-de-bem-estar-sexual","7":"product_cat-para-elas","8":"yith_product_brand-custom-bullets","10":"first","11":"instock","12":"taxable","13":"shipping-taxable","14":"purchasable","15":"product-type-simple"},"acf":[],"yoast_head":"<!-- This site is optimized with the Yoast SEO plugin v27.4 - https:\/\/yoast.com\/product\/yoast-seo-wordpress\/ -->\n<title>CUSTOM BULLETS - BALAS RECARREG\u00c1VEIS VACA 10 INTENSIDADES - Lovme<\/title>\n<meta name=\"robots\" content=\"index, follow, max-snippet:-1, max-image-preview:large, max-video-preview:-1\" \/>\n<link rel=\"canonical\" href=\"https:\/\/lovme.pt\/index.php\/produto\/custom-bullets-balas-recarregaveis-vaca-10-intensidades\/\" \/>\n<meta property=\"og:locale\" content=\"pt_PT\" \/>\n<meta property=\"og:type\" content=\"article\" \/>\n<meta property=\"og:title\" content=\"CUSTOM BULLETS - BALAS RECARREG\u00c1VEIS VACA 10 INTENSIDADES - Lovme\" \/>\n<meta property=\"og:description\" content=\"CUSTOM BULLETS - BALAS PERSONALIZADAS RECARREG\u00c1VEL VACA BALA MAGN\u00c9TICA 10V\" \/>\n<meta property=\"og:url\" content=\"https:\/\/lovme.pt\/index.php\/produto\/custom-bullets-balas-recarregaveis-vaca-10-intensidades\/\" \/>\n<meta property=\"og:site_name\" content=\"Lovme\" \/>\n<meta property=\"article:modified_time\" content=\"2026-04-07T13:50:32+00:00\" \/>\n<meta property=\"og:image\" content=\"https:\/\/erki24nd3ub.exactdn.com\/wp-content\/uploads\/dream\/img\/img_92200_c352d85b915bf396bd013cd9793e02fd_1.png?strip=all\" \/>\n\t<meta property=\"og:image:width\" content=\"757\" \/>\n\t<meta property=\"og:image:height\" content=\"757\" \/>\n\t<meta property=\"og:image:type\" content=\"image\/png\" \/>\n<meta name=\"twitter:card\" content=\"summary_large_image\" \/>\n<meta name=\"twitter:label1\" content=\"Tempo estimado de leitura\" \/>\n\t<meta name=\"twitter:data1\" content=\"1 minuto\" \/>\n<script type=\"application\/ld+json\" class=\"yoast-schema-graph\">{\"@context\":\"https:\\\/\\\/schema.org\",\"@graph\":[{\"@type\":\"WebPage\",\"@id\":\"https:\\\/\\\/lovme.pt\\\/index.php\\\/produto\\\/custom-bullets-balas-recarregaveis-vaca-10-intensidades\\\/\",\"url\":\"https:\\\/\\\/lovme.pt\\\/index.php\\\/produto\\\/custom-bullets-balas-recarregaveis-vaca-10-intensidades\\\/\",\"name\":\"CUSTOM BULLETS - BALAS RECARREG\u00c1VEIS VACA 10 INTENSIDADES - Lovme\",\"isPartOf\":{\"@id\":\"https:\\\/\\\/lovme.pt\\\/#website\"},\"primaryImageOfPage\":{\"@id\":\"https:\\\/\\\/lovme.pt\\\/index.php\\\/produto\\\/custom-bullets-balas-recarregaveis-vaca-10-intensidades\\\/#primaryimage\"},\"image\":{\"@id\":\"https:\\\/\\\/lovme.pt\\\/index.php\\\/produto\\\/custom-bullets-balas-recarregaveis-vaca-10-intensidades\\\/#primaryimage\"},\"thumbnailUrl\":\"https:\\\/\\\/erki24nd3ub.exactdn.com\\\/wp-content\\\/uploads\\\/dream\\\/img\\\/img_92200_c352d85b915bf396bd013cd9793e02fd_1.png?strip=all\",\"datePublished\":\"2025-09-30T20:35:28+00:00\",\"dateModified\":\"2026-04-07T13:50:32+00:00\",\"breadcrumb\":{\"@id\":\"https:\\\/\\\/lovme.pt\\\/index.php\\\/produto\\\/custom-bullets-balas-recarregaveis-vaca-10-intensidades\\\/#breadcrumb\"},\"inLanguage\":\"pt-PT\",\"potentialAction\":[{\"@type\":\"ReadAction\",\"target\":[\"https:\\\/\\\/lovme.pt\\\/index.php\\\/produto\\\/custom-bullets-balas-recarregaveis-vaca-10-intensidades\\\/\"]}]},{\"@type\":\"ImageObject\",\"inLanguage\":\"pt-PT\",\"@id\":\"https:\\\/\\\/lovme.pt\\\/index.php\\\/produto\\\/custom-bullets-balas-recarregaveis-vaca-10-intensidades\\\/#primaryimage\",\"url\":\"https:\\\/\\\/erki24nd3ub.exactdn.com\\\/wp-content\\\/uploads\\\/dream\\\/img\\\/img_92200_c352d85b915bf396bd013cd9793e02fd_1.png?strip=all\",\"contentUrl\":\"https:\\\/\\\/erki24nd3ub.exactdn.com\\\/wp-content\\\/uploads\\\/dream\\\/img\\\/img_92200_c352d85b915bf396bd013cd9793e02fd_1.png?strip=all\",\"width\":757,\"height\":757},{\"@type\":\"BreadcrumbList\",\"@id\":\"https:\\\/\\\/lovme.pt\\\/index.php\\\/produto\\\/custom-bullets-balas-recarregaveis-vaca-10-intensidades\\\/#breadcrumb\",\"itemListElement\":[{\"@type\":\"ListItem\",\"position\":1,\"name\":\"In\u00edcio\",\"item\":\"https:\\\/\\\/lovme.pt\\\/\"},{\"@type\":\"ListItem\",\"position\":2,\"name\":\"Loja\",\"item\":\"https:\\\/\\\/lovme.pt\\\/index.php\\\/loja\\\/\"},{\"@type\":\"ListItem\",\"position\":3,\"name\":\"CUSTOM BULLETS &#8211; BALAS RECARREG\u00c1VEIS VACA 10 INTENSIDADES\"}]},{\"@type\":\"WebSite\",\"@id\":\"https:\\\/\\\/lovme.pt\\\/#website\",\"url\":\"https:\\\/\\\/lovme.pt\\\/\",\"name\":\"Lovme Loja Er\u00f3tica N\u00ba1 em Portugal\",\"description\":\"A melhor loja er\u00f3tica de Portugal.\",\"alternateName\":\"Loja Er\u00f3tica Lovme\",\"potentialAction\":[{\"@type\":\"SearchAction\",\"target\":{\"@type\":\"EntryPoint\",\"urlTemplate\":\"https:\\\/\\\/lovme.pt\\\/?s={search_term_string}\"},\"query-input\":{\"@type\":\"PropertyValueSpecification\",\"valueRequired\":true,\"valueName\":\"search_term_string\"}}],\"inLanguage\":\"pt-PT\"}]}<\/script>\n<!-- \/ Yoast SEO plugin. -->","yoast_head_json":{"title":"CUSTOM BULLETS - BALAS RECARREG\u00c1VEIS VACA 10 INTENSIDADES - Lovme","robots":{"index":"index","follow":"follow","max-snippet":"max-snippet:-1","max-image-preview":"max-image-preview:large","max-video-preview":"max-video-preview:-1"},"canonical":"https:\/\/lovme.pt\/index.php\/produto\/custom-bullets-balas-recarregaveis-vaca-10-intensidades\/","og_locale":"pt_PT","og_type":"article","og_title":"CUSTOM BULLETS - BALAS RECARREG\u00c1VEIS VACA 10 INTENSIDADES - Lovme","og_description":"CUSTOM BULLETS - BALAS PERSONALIZADAS RECARREG\u00c1VEL VACA BALA MAGN\u00c9TICA 10V","og_url":"https:\/\/lovme.pt\/index.php\/produto\/custom-bullets-balas-recarregaveis-vaca-10-intensidades\/","og_site_name":"Lovme","article_modified_time":"2026-04-07T13:50:32+00:00","og_image":[{"width":757,"height":757,"url":"https:\/\/erki24nd3ub.exactdn.com\/wp-content\/uploads\/dream\/img\/img_92200_c352d85b915bf396bd013cd9793e02fd_1.png?strip=all","type":"image\/png"}],"twitter_card":"summary_large_image","twitter_misc":{"Tempo estimado de leitura":"1 minuto"},"schema":{"@context":"https:\/\/schema.org","@graph":[{"@type":"WebPage","@id":"https:\/\/lovme.pt\/index.php\/produto\/custom-bullets-balas-recarregaveis-vaca-10-intensidades\/","url":"https:\/\/lovme.pt\/index.php\/produto\/custom-bullets-balas-recarregaveis-vaca-10-intensidades\/","name":"CUSTOM BULLETS - BALAS RECARREG\u00c1VEIS VACA 10 INTENSIDADES - Lovme","isPartOf":{"@id":"https:\/\/lovme.pt\/#website"},"primaryImageOfPage":{"@id":"https:\/\/lovme.pt\/index.php\/produto\/custom-bullets-balas-recarregaveis-vaca-10-intensidades\/#primaryimage"},"image":{"@id":"https:\/\/lovme.pt\/index.php\/produto\/custom-bullets-balas-recarregaveis-vaca-10-intensidades\/#primaryimage"},"thumbnailUrl":"https:\/\/erki24nd3ub.exactdn.com\/wp-content\/uploads\/dream\/img\/img_92200_c352d85b915bf396bd013cd9793e02fd_1.png?strip=all","datePublished":"2025-09-30T20:35:28+00:00","dateModified":"2026-04-07T13:50:32+00:00","breadcrumb":{"@id":"https:\/\/lovme.pt\/index.php\/produto\/custom-bullets-balas-recarregaveis-vaca-10-intensidades\/#breadcrumb"},"inLanguage":"pt-PT","potentialAction":[{"@type":"ReadAction","target":["https:\/\/lovme.pt\/index.php\/produto\/custom-bullets-balas-recarregaveis-vaca-10-intensidades\/"]}]},{"@type":"ImageObject","inLanguage":"pt-PT","@id":"https:\/\/lovme.pt\/index.php\/produto\/custom-bullets-balas-recarregaveis-vaca-10-intensidades\/#primaryimage","url":"https:\/\/erki24nd3ub.exactdn.com\/wp-content\/uploads\/dream\/img\/img_92200_c352d85b915bf396bd013cd9793e02fd_1.png?strip=all","contentUrl":"https:\/\/erki24nd3ub.exactdn.com\/wp-content\/uploads\/dream\/img\/img_92200_c352d85b915bf396bd013cd9793e02fd_1.png?strip=all","width":757,"height":757},{"@type":"BreadcrumbList","@id":"https:\/\/lovme.pt\/index.php\/produto\/custom-bullets-balas-recarregaveis-vaca-10-intensidades\/#breadcrumb","itemListElement":[{"@type":"ListItem","position":1,"name":"In\u00edcio","item":"https:\/\/lovme.pt\/"},{"@type":"ListItem","position":2,"name":"Loja","item":"https:\/\/lovme.pt\/index.php\/loja\/"},{"@type":"ListItem","position":3,"name":"CUSTOM BULLETS &#8211; BALAS RECARREG\u00c1VEIS VACA 10 INTENSIDADES"}]},{"@type":"WebSite","@id":"https:\/\/lovme.pt\/#website","url":"https:\/\/lovme.pt\/","name":"Lovme Loja Er\u00f3tica N\u00ba1 em Portugal","description":"A melhor loja er\u00f3tica de Portugal.","alternateName":"Loja Er\u00f3tica Lovme","potentialAction":[{"@type":"SearchAction","target":{"@type":"EntryPoint","urlTemplate":"https:\/\/lovme.pt\/?s={search_term_string}"},"query-input":{"@type":"PropertyValueSpecification","valueRequired":true,"valueName":"search_term_string"}}],"inLanguage":"pt-PT"}]}},"_links":{"self":[{"href":"https:\/\/lovme.pt\/index.php\/wp-json\/wp\/v2\/product\/31876","targetHints":{"allow":["GET"]}}],"collection":[{"href":"https:\/\/lovme.pt\/index.php\/wp-json\/wp\/v2\/product"}],"about":[{"href":"https:\/\/lovme.pt\/index.php\/wp-json\/wp\/v2\/types\/product"}],"wp:featuredmedia":[{"embeddable":true,"href":"https:\/\/lovme.pt\/index.php\/wp-json\/wp\/v2\/media\/70433"}],"wp:attachment":[{"href":"https:\/\/lovme.pt\/index.php\/wp-json\/wp\/v2\/media?parent=31876"}],"wp:term":[{"taxonomy":"product_brand","embeddable":true,"href":"https:\/\/lovme.pt\/index.php\/wp-json\/wp\/v2\/product_brand?post=31876"},{"taxonomy":"product_cat","embeddable":true,"href":"https:\/\/lovme.pt\/index.php\/wp-json\/wp\/v2\/product_cat?post=31876"},{"taxonomy":"product_tag","embeddable":true,"href":"https:\/\/lovme.pt\/index.php\/wp-json\/wp\/v2\/product_tag?post=31876"}],"curies":[{"name":"wp","href":"https:\/\/api.w.org\/{rel}","templated":true}]}}