{"id":31828,"date":"2025-10-01T03:11:13","date_gmt":"2025-10-01T03:11:13","guid":{"rendered":"https:\/\/lovme.pt\/?post_type=product&p=31828"},"modified":"2026-02-19T20:22:34","modified_gmt":"2026-02-19T20:22:34","slug":"sterstoy-pack-sanitizante-1-stergel-gratis","status":"publish","type":"product","link":"https:\/\/lovme.pt\/index.php\/produto\/sterstoy-pack-sanitizante-1-stergel-gratis\/","title":{"rendered":"STERSTOY &#8211; PACK SANITIZANTE + 1 STERGEL GR\u00c1TIS"},"content":{"rendered":"<p style=\"background-image: initial; background-position: initial; background-size: initial; background-repeat: initial; background-attachment: initial; background-origin: initial; background-clip: initial; margin-top: 0cm;\">Este produto \u00e9 especialmente indicado at\u00e9 mesmo para a erradica\u00e7\u00e3o do V\u00edrus COVID-19, podendo ser utilizado para qualquer objeto, seja metal, papel ou vidro no qual seja necess\u00e1rio eliminar restos de bact\u00e9rias.<\/p>\n<p style=\"background-image: initial; background-position: initial; background-size: initial; background-repeat: initial; background-attachment: initial; background-origin: initial; background-clip: initial; margin-top: 0cm;\"><span style=\"font-size: 10.5pt;\">O gel higienizante hidroalco\u00f3lico STERGEL \u00e9 um gel desinfetante que permite lavar as m\u00e3os sem a necessidade de \u00e1gua. Sua f\u00f3rmula \u00e0 base de \u00e1lcool e aloe vera remove efetivamente a sujeira, garantindo n\u00edveis ideais de hidrata\u00e7\u00e3o.<\/span> <o:p><\/o:p><\/p>\n<p style=\"background-image: initial; background-position: initial; background-size: initial; background-repeat: initial; background-attachment: initial; background-origin: initial; background-clip: initial; outline: 0px; box-sizing: border-box;\"><span style=\"font-size: 10.5pt;\">Indicado para higiene preventiva em situa\u00e7\u00f5es de contato com organismos patog\u00eanicos que destroem cerca de 90% das bact\u00e9rias cut\u00e2neas: gram-negativas, gram-positivas, microbact\u00e9rias, fungos e v\u00edrus revestidos por lip\u00eddios (incluindo COVID-19, HIV e hepatite B).<\/span><\/p>\n<p>Stertoy \u00e9 um acess\u00f3rio completo para a esteriliza\u00e7\u00e3o de vibradores, brinquedos sexuais, acess\u00f3rios m\u00f3veis, itens pessoais, chupetas de beb\u00ea e qualquer acess\u00f3rio que voc\u00ea precise esterilizar.<\/p>\n<p>A esteriliza\u00e7\u00e3o \u00e9 realizada por meio de uma l\u00e2mpada ultravioleta de \u00faltima gera\u00e7\u00e3o, que destr\u00f3i imediatamente a estrutura do DNA da bact\u00e9ria.<\/p>\n<p>A principal aplica\u00e7\u00e3o do esterilizador ultravioleta \u00e9 a desinfec\u00e7\u00e3o.<\/p>\n<p>A radia\u00e7\u00e3o ultravioleta constitui uma das franjas do espectro eletromagn\u00e9tico e possui energia superior \u00e0 da luz vis\u00edvel. A irradia\u00e7\u00e3o ultravioleta dos germes presentes causa uma s\u00e9rie de danos \u00e0 sua mol\u00e9cula de DNA, o que impede a divis\u00e3o celular e provoca seu desaparecimento imediato.<\/p>\n<p>O esterilizador ultravioleta stertoy \u00e9 um equipamento de desinfec\u00e7\u00e3o avan\u00e7ado. Os raios ultravioleta ultravioleta alteram o DNA dos microrganismos (v\u00edrus, bact\u00e9rias, protozo\u00e1rios, etc.) presentes, eliminando-os ou inativando-os geneticamente, para evitar a sua reprodu\u00e7\u00e3o. A efici\u00eancia do UV na elimina\u00e7\u00e3o de v\u00edrus e bact\u00e9rias \u00e9 de 99,9%; Al\u00e9m disso, o UV \u00e9 mais eficaz do que o cloro contra v\u00edrus e protozo\u00e1rios.<\/p>\n<p>O equipamento esterilizador ultravioleta consiste em uma caixa sanit\u00e1ria com interior totalmente polido em espelho. Dentro da caixa existe outro tubo de quartzo e dentro deste \u00faltimo a l\u00e2mpada de radia\u00e7\u00e3o ultravioleta.<\/p>\n<p>Este produto \u00e9 especialmente indicado at\u00e9 mesmo para a erradica\u00e7\u00e3o do V\u00edrus COVID-19, podendo ser utilizado para qualquer objeto, seja metal, papel ou vidro no qual seja necess\u00e1rio eliminar restos de bact\u00e9rias.<\/p>\n<p>Estes s\u00e3o alguns de seus muitos benef\u00edcios:<\/p>\n<ul>\n<li>Desinfec\u00e7\u00e3o sem o uso de produtos qu\u00edmicos.<\/li>\n<li>Reduz bact\u00e9rias, v\u00edrus e protozo\u00e1rios em 99,99%. e \u00e9 perfeito para brinquedos sexuais, pois estar com nosso corpo requer uma desinfec\u00e7\u00e3o adicional.<\/li>\n<li>F\u00e1cil de operar e manter.<\/li>\n<li>Os raios ultravioleta n\u00e3o alteram o sabor, cheiro, cor e pH da \u00e1gua.<\/li>\n<li>UV n\u00e3o requer a adi\u00e7\u00e3o de produtos qu\u00edmicos. O UV \u00e9 compacto, f\u00e1cil de instalar e n\u00e3o requer manuten\u00e7\u00e3o.<\/li>\n<li>Medidas: 25,9 x 14,9 x 9,1 cm<\/li>\n<\/ul>\n","protected":false},"excerpt":{"rendered":"<p>STERSTOY &#8211; PACK SANITIZANTE + 1 STERGEL GR\u00c1TIS<\/p>\n","protected":false},"featured_media":101986,"template":"","meta":{"_acf_changed":false},"product_brand":[],"product_cat":[49,55],"product_tag":[],"class_list":{"0":"post-31828","1":"product","2":"type-product","3":"status-publish","4":"has-post-thumbnail","6":"product_cat-cosmeticos","7":"product_cat-cuidado-de-brinquedos","8":"yith_product_brand-stergel","10":"first","11":"instock","12":"taxable","13":"shipping-taxable","14":"purchasable","15":"product-type-simple"},"acf":[],"yoast_head":"<!-- This site is optimized with the Yoast SEO plugin v27.4 - https:\/\/yoast.com\/product\/yoast-seo-wordpress\/ -->\n<title>STERSTOY - PACK SANITIZANTE + 1 STERGEL GR\u00c1TIS - Lovme<\/title>\n<meta name=\"robots\" content=\"index, follow, max-snippet:-1, max-image-preview:large, max-video-preview:-1\" \/>\n<link rel=\"canonical\" href=\"https:\/\/lovme.pt\/index.php\/produto\/sterstoy-pack-sanitizante-1-stergel-gratis\/\" \/>\n<meta property=\"og:locale\" content=\"pt_PT\" \/>\n<meta property=\"og:type\" content=\"article\" \/>\n<meta property=\"og:title\" content=\"STERSTOY - PACK SANITIZANTE + 1 STERGEL GR\u00c1TIS - Lovme\" \/>\n<meta property=\"og:description\" content=\"STERSTOY - PACK SANITIZANTE + 1 STERGEL GR\u00c1TIS\" \/>\n<meta property=\"og:url\" content=\"https:\/\/lovme.pt\/index.php\/produto\/sterstoy-pack-sanitizante-1-stergel-gratis\/\" \/>\n<meta property=\"og:site_name\" content=\"Lovme\" \/>\n<meta property=\"article:modified_time\" content=\"2026-02-19T20:22:34+00:00\" \/>\n<meta property=\"og:image\" content=\"https:\/\/erki24nd3ub.exactdn.com\/wp-content\/uploads\/dream\/img\/img_92076_d2c22b8b838e830493d31df1108d1469_1.jpg?strip=all\" \/>\n\t<meta property=\"og:image:width\" content=\"800\" \/>\n\t<meta property=\"og:image:height\" content=\"800\" \/>\n\t<meta property=\"og:image:type\" content=\"image\/jpeg\" \/>\n<meta name=\"twitter:card\" content=\"summary_large_image\" \/>\n<meta name=\"twitter:label1\" content=\"Tempo estimado de leitura\" \/>\n\t<meta name=\"twitter:data1\" content=\"2 minutos\" \/>\n<script type=\"application\/ld+json\" class=\"yoast-schema-graph\">{\"@context\":\"https:\\\/\\\/schema.org\",\"@graph\":[{\"@type\":\"WebPage\",\"@id\":\"https:\\\/\\\/lovme.pt\\\/index.php\\\/produto\\\/sterstoy-pack-sanitizante-1-stergel-gratis\\\/\",\"url\":\"https:\\\/\\\/lovme.pt\\\/index.php\\\/produto\\\/sterstoy-pack-sanitizante-1-stergel-gratis\\\/\",\"name\":\"STERSTOY - PACK SANITIZANTE + 1 STERGEL GR\u00c1TIS - Lovme\",\"isPartOf\":{\"@id\":\"https:\\\/\\\/lovme.pt\\\/#website\"},\"primaryImageOfPage\":{\"@id\":\"https:\\\/\\\/lovme.pt\\\/index.php\\\/produto\\\/sterstoy-pack-sanitizante-1-stergel-gratis\\\/#primaryimage\"},\"image\":{\"@id\":\"https:\\\/\\\/lovme.pt\\\/index.php\\\/produto\\\/sterstoy-pack-sanitizante-1-stergel-gratis\\\/#primaryimage\"},\"thumbnailUrl\":\"https:\\\/\\\/erki24nd3ub.exactdn.com\\\/wp-content\\\/uploads\\\/dream\\\/img\\\/img_92076_d2c22b8b838e830493d31df1108d1469_1.jpg?strip=all\",\"datePublished\":\"2025-10-01T03:11:13+00:00\",\"dateModified\":\"2026-02-19T20:22:34+00:00\",\"breadcrumb\":{\"@id\":\"https:\\\/\\\/lovme.pt\\\/index.php\\\/produto\\\/sterstoy-pack-sanitizante-1-stergel-gratis\\\/#breadcrumb\"},\"inLanguage\":\"pt-PT\",\"potentialAction\":[{\"@type\":\"ReadAction\",\"target\":[\"https:\\\/\\\/lovme.pt\\\/index.php\\\/produto\\\/sterstoy-pack-sanitizante-1-stergel-gratis\\\/\"]}]},{\"@type\":\"ImageObject\",\"inLanguage\":\"pt-PT\",\"@id\":\"https:\\\/\\\/lovme.pt\\\/index.php\\\/produto\\\/sterstoy-pack-sanitizante-1-stergel-gratis\\\/#primaryimage\",\"url\":\"https:\\\/\\\/erki24nd3ub.exactdn.com\\\/wp-content\\\/uploads\\\/dream\\\/img\\\/img_92076_d2c22b8b838e830493d31df1108d1469_1.jpg?strip=all\",\"contentUrl\":\"https:\\\/\\\/erki24nd3ub.exactdn.com\\\/wp-content\\\/uploads\\\/dream\\\/img\\\/img_92076_d2c22b8b838e830493d31df1108d1469_1.jpg?strip=all\",\"width\":800,\"height\":800},{\"@type\":\"BreadcrumbList\",\"@id\":\"https:\\\/\\\/lovme.pt\\\/index.php\\\/produto\\\/sterstoy-pack-sanitizante-1-stergel-gratis\\\/#breadcrumb\",\"itemListElement\":[{\"@type\":\"ListItem\",\"position\":1,\"name\":\"In\u00edcio\",\"item\":\"https:\\\/\\\/lovme.pt\\\/\"},{\"@type\":\"ListItem\",\"position\":2,\"name\":\"Loja\",\"item\":\"https:\\\/\\\/lovme.pt\\\/index.php\\\/loja\\\/\"},{\"@type\":\"ListItem\",\"position\":3,\"name\":\"STERSTOY &#8211; PACK SANITIZANTE + 1 STERGEL GR\u00c1TIS\"}]},{\"@type\":\"WebSite\",\"@id\":\"https:\\\/\\\/lovme.pt\\\/#website\",\"url\":\"https:\\\/\\\/lovme.pt\\\/\",\"name\":\"Lovme Loja Er\u00f3tica N\u00ba1 em Portugal\",\"description\":\"A melhor loja er\u00f3tica de Portugal.\",\"alternateName\":\"Loja Er\u00f3tica Lovme\",\"potentialAction\":[{\"@type\":\"SearchAction\",\"target\":{\"@type\":\"EntryPoint\",\"urlTemplate\":\"https:\\\/\\\/lovme.pt\\\/?s={search_term_string}\"},\"query-input\":{\"@type\":\"PropertyValueSpecification\",\"valueRequired\":true,\"valueName\":\"search_term_string\"}}],\"inLanguage\":\"pt-PT\"}]}<\/script>\n<!-- \/ Yoast SEO plugin. -->","yoast_head_json":{"title":"STERSTOY - PACK SANITIZANTE + 1 STERGEL GR\u00c1TIS - Lovme","robots":{"index":"index","follow":"follow","max-snippet":"max-snippet:-1","max-image-preview":"max-image-preview:large","max-video-preview":"max-video-preview:-1"},"canonical":"https:\/\/lovme.pt\/index.php\/produto\/sterstoy-pack-sanitizante-1-stergel-gratis\/","og_locale":"pt_PT","og_type":"article","og_title":"STERSTOY - PACK SANITIZANTE + 1 STERGEL GR\u00c1TIS - Lovme","og_description":"STERSTOY - PACK SANITIZANTE + 1 STERGEL GR\u00c1TIS","og_url":"https:\/\/lovme.pt\/index.php\/produto\/sterstoy-pack-sanitizante-1-stergel-gratis\/","og_site_name":"Lovme","article_modified_time":"2026-02-19T20:22:34+00:00","og_image":[{"width":800,"height":800,"url":"https:\/\/erki24nd3ub.exactdn.com\/wp-content\/uploads\/dream\/img\/img_92076_d2c22b8b838e830493d31df1108d1469_1.jpg?strip=all","type":"image\/jpeg"}],"twitter_card":"summary_large_image","twitter_misc":{"Tempo estimado de leitura":"2 minutos"},"schema":{"@context":"https:\/\/schema.org","@graph":[{"@type":"WebPage","@id":"https:\/\/lovme.pt\/index.php\/produto\/sterstoy-pack-sanitizante-1-stergel-gratis\/","url":"https:\/\/lovme.pt\/index.php\/produto\/sterstoy-pack-sanitizante-1-stergel-gratis\/","name":"STERSTOY - PACK SANITIZANTE + 1 STERGEL GR\u00c1TIS - Lovme","isPartOf":{"@id":"https:\/\/lovme.pt\/#website"},"primaryImageOfPage":{"@id":"https:\/\/lovme.pt\/index.php\/produto\/sterstoy-pack-sanitizante-1-stergel-gratis\/#primaryimage"},"image":{"@id":"https:\/\/lovme.pt\/index.php\/produto\/sterstoy-pack-sanitizante-1-stergel-gratis\/#primaryimage"},"thumbnailUrl":"https:\/\/erki24nd3ub.exactdn.com\/wp-content\/uploads\/dream\/img\/img_92076_d2c22b8b838e830493d31df1108d1469_1.jpg?strip=all","datePublished":"2025-10-01T03:11:13+00:00","dateModified":"2026-02-19T20:22:34+00:00","breadcrumb":{"@id":"https:\/\/lovme.pt\/index.php\/produto\/sterstoy-pack-sanitizante-1-stergel-gratis\/#breadcrumb"},"inLanguage":"pt-PT","potentialAction":[{"@type":"ReadAction","target":["https:\/\/lovme.pt\/index.php\/produto\/sterstoy-pack-sanitizante-1-stergel-gratis\/"]}]},{"@type":"ImageObject","inLanguage":"pt-PT","@id":"https:\/\/lovme.pt\/index.php\/produto\/sterstoy-pack-sanitizante-1-stergel-gratis\/#primaryimage","url":"https:\/\/erki24nd3ub.exactdn.com\/wp-content\/uploads\/dream\/img\/img_92076_d2c22b8b838e830493d31df1108d1469_1.jpg?strip=all","contentUrl":"https:\/\/erki24nd3ub.exactdn.com\/wp-content\/uploads\/dream\/img\/img_92076_d2c22b8b838e830493d31df1108d1469_1.jpg?strip=all","width":800,"height":800},{"@type":"BreadcrumbList","@id":"https:\/\/lovme.pt\/index.php\/produto\/sterstoy-pack-sanitizante-1-stergel-gratis\/#breadcrumb","itemListElement":[{"@type":"ListItem","position":1,"name":"In\u00edcio","item":"https:\/\/lovme.pt\/"},{"@type":"ListItem","position":2,"name":"Loja","item":"https:\/\/lovme.pt\/index.php\/loja\/"},{"@type":"ListItem","position":3,"name":"STERSTOY &#8211; PACK SANITIZANTE + 1 STERGEL GR\u00c1TIS"}]},{"@type":"WebSite","@id":"https:\/\/lovme.pt\/#website","url":"https:\/\/lovme.pt\/","name":"Lovme Loja Er\u00f3tica N\u00ba1 em Portugal","description":"A melhor loja er\u00f3tica de Portugal.","alternateName":"Loja Er\u00f3tica Lovme","potentialAction":[{"@type":"SearchAction","target":{"@type":"EntryPoint","urlTemplate":"https:\/\/lovme.pt\/?s={search_term_string}"},"query-input":{"@type":"PropertyValueSpecification","valueRequired":true,"valueName":"search_term_string"}}],"inLanguage":"pt-PT"}]}},"_links":{"self":[{"href":"https:\/\/lovme.pt\/index.php\/wp-json\/wp\/v2\/product\/31828","targetHints":{"allow":["GET"]}}],"collection":[{"href":"https:\/\/lovme.pt\/index.php\/wp-json\/wp\/v2\/product"}],"about":[{"href":"https:\/\/lovme.pt\/index.php\/wp-json\/wp\/v2\/types\/product"}],"wp:featuredmedia":[{"embeddable":true,"href":"https:\/\/lovme.pt\/index.php\/wp-json\/wp\/v2\/media\/101986"}],"wp:attachment":[{"href":"https:\/\/lovme.pt\/index.php\/wp-json\/wp\/v2\/media?parent=31828"}],"wp:term":[{"taxonomy":"product_brand","embeddable":true,"href":"https:\/\/lovme.pt\/index.php\/wp-json\/wp\/v2\/product_brand?post=31828"},{"taxonomy":"product_cat","embeddable":true,"href":"https:\/\/lovme.pt\/index.php\/wp-json\/wp\/v2\/product_cat?post=31828"},{"taxonomy":"product_tag","embeddable":true,"href":"https:\/\/lovme.pt\/index.php\/wp-json\/wp\/v2\/product_tag?post=31828"}],"curies":[{"name":"wp","href":"https:\/\/api.w.org\/{rel}","templated":true}]}}