{"id":31483,"date":"2025-09-30T20:35:20","date_gmt":"2025-09-30T20:35:20","guid":{"rendered":"https:\/\/lovme.pt\/?post_type=product&#038;p=31483"},"modified":"2026-02-19T20:23:18","modified_gmt":"2026-02-19T20:23:18","slug":"rithual-conjunto-de-treinamento-pelvico-deva-aqua-green","status":"publish","type":"product","link":"https:\/\/lovme.pt\/index.php\/produto\/rithual-conjunto-de-treinamento-pelvico-deva-aqua-green\/","title":{"rendered":"RITHUAL- DEVA SET ENTRENAMIENTO PELVICO ORQUIDEA"},"content":{"rendered":"<p>Deva \u00e9 um kit de treino com 4 bolas de pesos diferentes e 10 passos, para tonificar os m\u00fasculos do pavimento p\u00e9lvico, melhores orgasmos, melhor lubrifica\u00e7\u00e3o, maior sensibilidade e controlo sobre os m\u00fasculos vaginais.<\/p>\n<p> Com esta bola Deva, a ritual criou um programa de exerc\u00edcios pessoal que \u00e9 muito mais agrad\u00e1vel do que ir ao gin\u00e1sio.<\/p>\n<p> O assoalho p\u00e9lvico \u00e9 uma rede de m\u00fasculos e ligamentos que mant\u00e9m a bexiga, o \u00fatero e o reto na posi\u00e7\u00e3o correta. Esse m\u00fasculo tamb\u00e9m \u00e9 respons\u00e1vel por manter os esf\u00edncteres abertos ou fechados e sua fraqueza ou flacidez d\u00e1 origem a perdas involunt\u00e1rias de urina, que podem evoluir para a temida incontin\u00eancia urin\u00e1ria e prolapso (descolamento) de bexiga, vagina, \u00fatero e reto. O assoalho p\u00e9lvico enfraquece por diversos motivos, embora os mais comuns sejam: idade, nascimentos m\u00faltiplos, obesidade, pris\u00e3o de ventre, alguns esportes, doen\u00e7as respirat\u00f3rias cr\u00f4nicas, m\u00e1 nutri\u00e7\u00e3o, estilo de vida sedent\u00e1rio e falta de rela\u00e7\u00f5es sexuais.<\/p>\n<p> O assoalho p\u00e9lvico tamb\u00e9m est\u00e1 relacionado \u00e0 sexualidade, pois um bom t\u00f4nus muscular do assoalho p\u00e9lvico produzir\u00e1 maior sensibilidade na vagina e, portanto, maior prazer nas rela\u00e7\u00f5es sexuais. Al\u00e9m dos efeitos f\u00edsicos, as bolas chinesas Deva tamb\u00e9m possuem um importante poder psicol\u00f3gico, aumentando o desejo sexual, incentivando a autoexplora\u00e7\u00e3o e a descoberta de novas sensa\u00e7\u00f5es para desfrutar plenamente do seu corpo.<\/p>\n<p> Os exerc\u00edcios de Kegel s\u00e3o os conhecidos exerc\u00edcios de treinamento do assoalho p\u00e9lvico para fortalecer os m\u00fasculos e \u00f3rg\u00e3os localizados em toda essa \u00e1rea interna. Isso \u00e9 feito contraindo os m\u00fasculos da vagina por 5 segundos e depois relaxando-os por mais 5 segundos, repetindo esta opera\u00e7\u00e3o 4 ou 5 vezes seguidas.<\/p>\n<p> Rithual Deva inclui 4 bolas de pesos diferentes: 60g, 25g, 40g e 60g para combin\u00e1-las e criar o programa de exerc\u00edcios.<\/p>\n<p> Estas bolas podem ser combinadas num programa de 10 passos para avan\u00e7ar no treino Kegel e atingir um n\u00edvel superior.<\/p>\n<ul>\n<li> Feito de silicone m\u00e9dico de alta qualidade.<\/li>\n<li> \u00c9 n\u00e3o poroso e hipoalerg\u00eanico.<\/li>\n<\/ul>\n<p> <strong>MATERIAL E CUIDADOS<\/strong><\/p>\n<p> Recomenda-se a utiliza\u00e7\u00e3o de lubrificante \u00e0 base de \u00e1gua waterfeel para melhor inser\u00e7\u00e3o e cuidado do produto, pois outros lubrificantes podem danificar o brinquedo. Limpe cuidadosamente o brinquedo antes da primeira utiliza\u00e7\u00e3o e ap\u00f3s cada utiliza\u00e7\u00e3o.<\/p>\n<p> Deva \u00e9 feito de silicone m\u00e9dico macio e sedoso, que \u00e9 extremamente escorregadio e absorve o calor do corpo rapidamente. O brinquedo pode ser facilmente limpo com um pouco de sab\u00e3o e \u00e1gua morna. Com um pouco de limpador desinfetante para brinquedos, voc\u00ea pode garantir uma higiene particularmente completa depois, de prefer\u00eancia com o spray desinfetante perfeitamente coordenado da Waterfeel. Para o m\u00e1ximo prazer, utilize sempre o seu brinquedo com um dos lubrificantes \u00e0 base de \u00e1gua da Waterfeel que combinam perfeitamente com o produto. A composi\u00e7\u00e3o vegana \u00e0 base de \u00e1gua protege o material e mant\u00e9m a superf\u00edcie do seu brinquedo bonita e lisa.<\/p>\n<p> <strong>RITUAL DA MARCA<\/strong><\/p>\n<p> Rithual \u00e9 uma filosofia de sa\u00fade, prazer e bem-estar. Cuidadosamente preparado para aumentar a felicidade pessoal e o bem-estar humano. A marca \u00e9 l\u00edder de vendas com Rithual Shushu, da\u00ed o lan\u00e7amento de novos brinquedos que complementam todos os objetos de prazer para uma vida mais saud\u00e1vel e feliz gra\u00e7as \u00e0 satisfa\u00e7\u00e3o sexual. Garantia total de 2 anos para todos os brinquedos de revezamento Rithual, um prazer garantido.<\/p>\n","protected":false},"excerpt":{"rendered":"<p>RITHUAL &#8211; CONJUNTO DE TREINAMENTO P\u00c9LVICO DEVA AQUA GREEN<\/p>\n","protected":false},"featured_media":70411,"template":"","meta":{"_acf_changed":false},"product_brand":[],"product_cat":[54,17,61],"product_tag":[],"class_list":{"0":"post-31483","1":"product","2":"type-product","3":"status-publish","4":"has-post-thumbnail","6":"product_cat-bolas-chinesas","7":"product_cat-brinquedos-de-bem-estar-sexual","8":"product_cat-para-elas","9":"yith_product_brand-rithual","11":"first","12":"instock","13":"taxable","14":"shipping-taxable","15":"purchasable","16":"product-type-variable","17":"has-default-attributes"},"acf":[],"yoast_head":"<!-- This site is optimized with the Yoast SEO plugin v27.4 - https:\/\/yoast.com\/product\/yoast-seo-wordpress\/ -->\n<title>RITHUAL- DEVA SET ENTRENAMIENTO PELVICO ORQUIDEA - Lovme<\/title>\n<meta name=\"robots\" content=\"index, follow, max-snippet:-1, max-image-preview:large, max-video-preview:-1\" \/>\n<link rel=\"canonical\" href=\"https:\/\/lovme.pt\/index.php\/produto\/rithual-conjunto-de-treinamento-pelvico-deva-aqua-green\/\" \/>\n<meta property=\"og:locale\" content=\"pt_PT\" \/>\n<meta property=\"og:type\" content=\"article\" \/>\n<meta property=\"og:title\" content=\"RITHUAL- DEVA SET ENTRENAMIENTO PELVICO ORQUIDEA - Lovme\" \/>\n<meta property=\"og:description\" content=\"RITHUAL - CONJUNTO DE TREINAMENTO P\u00c9LVICO DEVA AQUA GREEN\" \/>\n<meta property=\"og:url\" content=\"https:\/\/lovme.pt\/index.php\/produto\/rithual-conjunto-de-treinamento-pelvico-deva-aqua-green\/\" \/>\n<meta property=\"og:site_name\" content=\"Lovme\" \/>\n<meta property=\"article:modified_time\" content=\"2026-02-19T20:23:18+00:00\" \/>\n<meta property=\"og:image\" content=\"https:\/\/erki24nd3ub.exactdn.com\/wp-content\/uploads\/dream\/img\/img_91086_900ba2a6d773c2489527846325803b71_1.png?strip=all\" \/>\n\t<meta property=\"og:image:width\" content=\"900\" \/>\n\t<meta property=\"og:image:height\" content=\"900\" \/>\n\t<meta property=\"og:image:type\" content=\"image\/png\" \/>\n<meta name=\"twitter:card\" content=\"summary_large_image\" \/>\n<meta name=\"twitter:label1\" content=\"Tempo estimado de leitura\" \/>\n\t<meta name=\"twitter:data1\" content=\"3 minutos\" \/>\n<script type=\"application\/ld+json\" class=\"yoast-schema-graph\">{\"@context\":\"https:\\\/\\\/schema.org\",\"@graph\":[{\"@type\":\"WebPage\",\"@id\":\"https:\\\/\\\/lovme.pt\\\/index.php\\\/produto\\\/rithual-conjunto-de-treinamento-pelvico-deva-aqua-green\\\/\",\"url\":\"https:\\\/\\\/lovme.pt\\\/index.php\\\/produto\\\/rithual-conjunto-de-treinamento-pelvico-deva-aqua-green\\\/\",\"name\":\"RITHUAL- DEVA SET ENTRENAMIENTO PELVICO ORQUIDEA - Lovme\",\"isPartOf\":{\"@id\":\"https:\\\/\\\/lovme.pt\\\/#website\"},\"primaryImageOfPage\":{\"@id\":\"https:\\\/\\\/lovme.pt\\\/index.php\\\/produto\\\/rithual-conjunto-de-treinamento-pelvico-deva-aqua-green\\\/#primaryimage\"},\"image\":{\"@id\":\"https:\\\/\\\/lovme.pt\\\/index.php\\\/produto\\\/rithual-conjunto-de-treinamento-pelvico-deva-aqua-green\\\/#primaryimage\"},\"thumbnailUrl\":\"https:\\\/\\\/erki24nd3ub.exactdn.com\\\/wp-content\\\/uploads\\\/dream\\\/img\\\/img_91086_900ba2a6d773c2489527846325803b71_1.png?strip=all\",\"datePublished\":\"2025-09-30T20:35:20+00:00\",\"dateModified\":\"2026-02-19T20:23:18+00:00\",\"breadcrumb\":{\"@id\":\"https:\\\/\\\/lovme.pt\\\/index.php\\\/produto\\\/rithual-conjunto-de-treinamento-pelvico-deva-aqua-green\\\/#breadcrumb\"},\"inLanguage\":\"pt-PT\",\"potentialAction\":[{\"@type\":\"ReadAction\",\"target\":[\"https:\\\/\\\/lovme.pt\\\/index.php\\\/produto\\\/rithual-conjunto-de-treinamento-pelvico-deva-aqua-green\\\/\"]}]},{\"@type\":\"ImageObject\",\"inLanguage\":\"pt-PT\",\"@id\":\"https:\\\/\\\/lovme.pt\\\/index.php\\\/produto\\\/rithual-conjunto-de-treinamento-pelvico-deva-aqua-green\\\/#primaryimage\",\"url\":\"https:\\\/\\\/erki24nd3ub.exactdn.com\\\/wp-content\\\/uploads\\\/dream\\\/img\\\/img_91086_900ba2a6d773c2489527846325803b71_1.png?strip=all\",\"contentUrl\":\"https:\\\/\\\/erki24nd3ub.exactdn.com\\\/wp-content\\\/uploads\\\/dream\\\/img\\\/img_91086_900ba2a6d773c2489527846325803b71_1.png?strip=all\",\"width\":900,\"height\":900},{\"@type\":\"BreadcrumbList\",\"@id\":\"https:\\\/\\\/lovme.pt\\\/index.php\\\/produto\\\/rithual-conjunto-de-treinamento-pelvico-deva-aqua-green\\\/#breadcrumb\",\"itemListElement\":[{\"@type\":\"ListItem\",\"position\":1,\"name\":\"In\u00edcio\",\"item\":\"https:\\\/\\\/lovme.pt\\\/\"},{\"@type\":\"ListItem\",\"position\":2,\"name\":\"Loja\",\"item\":\"https:\\\/\\\/lovme.pt\\\/index.php\\\/loja\\\/\"},{\"@type\":\"ListItem\",\"position\":3,\"name\":\"RITHUAL- DEVA SET ENTRENAMIENTO PELVICO ORQUIDEA\"}]},{\"@type\":\"WebSite\",\"@id\":\"https:\\\/\\\/lovme.pt\\\/#website\",\"url\":\"https:\\\/\\\/lovme.pt\\\/\",\"name\":\"Lovme Loja Er\u00f3tica N\u00ba1 em Portugal\",\"description\":\"A melhor loja er\u00f3tica de Portugal.\",\"alternateName\":\"Loja Er\u00f3tica Lovme\",\"potentialAction\":[{\"@type\":\"SearchAction\",\"target\":{\"@type\":\"EntryPoint\",\"urlTemplate\":\"https:\\\/\\\/lovme.pt\\\/?s={search_term_string}\"},\"query-input\":{\"@type\":\"PropertyValueSpecification\",\"valueRequired\":true,\"valueName\":\"search_term_string\"}}],\"inLanguage\":\"pt-PT\"}]}<\/script>\n<!-- \/ Yoast SEO plugin. -->","yoast_head_json":{"title":"RITHUAL- DEVA SET ENTRENAMIENTO PELVICO ORQUIDEA - Lovme","robots":{"index":"index","follow":"follow","max-snippet":"max-snippet:-1","max-image-preview":"max-image-preview:large","max-video-preview":"max-video-preview:-1"},"canonical":"https:\/\/lovme.pt\/index.php\/produto\/rithual-conjunto-de-treinamento-pelvico-deva-aqua-green\/","og_locale":"pt_PT","og_type":"article","og_title":"RITHUAL- DEVA SET ENTRENAMIENTO PELVICO ORQUIDEA - Lovme","og_description":"RITHUAL - CONJUNTO DE TREINAMENTO P\u00c9LVICO DEVA AQUA GREEN","og_url":"https:\/\/lovme.pt\/index.php\/produto\/rithual-conjunto-de-treinamento-pelvico-deva-aqua-green\/","og_site_name":"Lovme","article_modified_time":"2026-02-19T20:23:18+00:00","og_image":[{"width":900,"height":900,"url":"https:\/\/erki24nd3ub.exactdn.com\/wp-content\/uploads\/dream\/img\/img_91086_900ba2a6d773c2489527846325803b71_1.png?strip=all","type":"image\/png"}],"twitter_card":"summary_large_image","twitter_misc":{"Tempo estimado de leitura":"3 minutos"},"schema":{"@context":"https:\/\/schema.org","@graph":[{"@type":"WebPage","@id":"https:\/\/lovme.pt\/index.php\/produto\/rithual-conjunto-de-treinamento-pelvico-deva-aqua-green\/","url":"https:\/\/lovme.pt\/index.php\/produto\/rithual-conjunto-de-treinamento-pelvico-deva-aqua-green\/","name":"RITHUAL- DEVA SET ENTRENAMIENTO PELVICO ORQUIDEA - Lovme","isPartOf":{"@id":"https:\/\/lovme.pt\/#website"},"primaryImageOfPage":{"@id":"https:\/\/lovme.pt\/index.php\/produto\/rithual-conjunto-de-treinamento-pelvico-deva-aqua-green\/#primaryimage"},"image":{"@id":"https:\/\/lovme.pt\/index.php\/produto\/rithual-conjunto-de-treinamento-pelvico-deva-aqua-green\/#primaryimage"},"thumbnailUrl":"https:\/\/erki24nd3ub.exactdn.com\/wp-content\/uploads\/dream\/img\/img_91086_900ba2a6d773c2489527846325803b71_1.png?strip=all","datePublished":"2025-09-30T20:35:20+00:00","dateModified":"2026-02-19T20:23:18+00:00","breadcrumb":{"@id":"https:\/\/lovme.pt\/index.php\/produto\/rithual-conjunto-de-treinamento-pelvico-deva-aqua-green\/#breadcrumb"},"inLanguage":"pt-PT","potentialAction":[{"@type":"ReadAction","target":["https:\/\/lovme.pt\/index.php\/produto\/rithual-conjunto-de-treinamento-pelvico-deva-aqua-green\/"]}]},{"@type":"ImageObject","inLanguage":"pt-PT","@id":"https:\/\/lovme.pt\/index.php\/produto\/rithual-conjunto-de-treinamento-pelvico-deva-aqua-green\/#primaryimage","url":"https:\/\/erki24nd3ub.exactdn.com\/wp-content\/uploads\/dream\/img\/img_91086_900ba2a6d773c2489527846325803b71_1.png?strip=all","contentUrl":"https:\/\/erki24nd3ub.exactdn.com\/wp-content\/uploads\/dream\/img\/img_91086_900ba2a6d773c2489527846325803b71_1.png?strip=all","width":900,"height":900},{"@type":"BreadcrumbList","@id":"https:\/\/lovme.pt\/index.php\/produto\/rithual-conjunto-de-treinamento-pelvico-deva-aqua-green\/#breadcrumb","itemListElement":[{"@type":"ListItem","position":1,"name":"In\u00edcio","item":"https:\/\/lovme.pt\/"},{"@type":"ListItem","position":2,"name":"Loja","item":"https:\/\/lovme.pt\/index.php\/loja\/"},{"@type":"ListItem","position":3,"name":"RITHUAL- DEVA SET ENTRENAMIENTO PELVICO ORQUIDEA"}]},{"@type":"WebSite","@id":"https:\/\/lovme.pt\/#website","url":"https:\/\/lovme.pt\/","name":"Lovme Loja Er\u00f3tica N\u00ba1 em Portugal","description":"A melhor loja er\u00f3tica de Portugal.","alternateName":"Loja Er\u00f3tica Lovme","potentialAction":[{"@type":"SearchAction","target":{"@type":"EntryPoint","urlTemplate":"https:\/\/lovme.pt\/?s={search_term_string}"},"query-input":{"@type":"PropertyValueSpecification","valueRequired":true,"valueName":"search_term_string"}}],"inLanguage":"pt-PT"}]}},"_links":{"self":[{"href":"https:\/\/lovme.pt\/index.php\/wp-json\/wp\/v2\/product\/31483","targetHints":{"allow":["GET"]}}],"collection":[{"href":"https:\/\/lovme.pt\/index.php\/wp-json\/wp\/v2\/product"}],"about":[{"href":"https:\/\/lovme.pt\/index.php\/wp-json\/wp\/v2\/types\/product"}],"wp:featuredmedia":[{"embeddable":true,"href":"https:\/\/lovme.pt\/index.php\/wp-json\/wp\/v2\/media\/70411"}],"wp:attachment":[{"href":"https:\/\/lovme.pt\/index.php\/wp-json\/wp\/v2\/media?parent=31483"}],"wp:term":[{"taxonomy":"product_brand","embeddable":true,"href":"https:\/\/lovme.pt\/index.php\/wp-json\/wp\/v2\/product_brand?post=31483"},{"taxonomy":"product_cat","embeddable":true,"href":"https:\/\/lovme.pt\/index.php\/wp-json\/wp\/v2\/product_cat?post=31483"},{"taxonomy":"product_tag","embeddable":true,"href":"https:\/\/lovme.pt\/index.php\/wp-json\/wp\/v2\/product_tag?post=31483"}],"curies":[{"name":"wp","href":"https:\/\/api.w.org\/{rel}","templated":true}]}}