{"id":31477,"date":"2025-09-30T20:35:17","date_gmt":"2025-09-30T20:35:17","guid":{"rendered":"https:\/\/lovme.pt\/?post_type=product&#038;p=31477"},"modified":"2026-02-19T20:23:18","modified_gmt":"2026-02-19T20:23:18","slug":"rithual-nisha-bolas-de-kegel-vibratorias-recarregveis-orquidea","status":"publish","type":"product","link":"https:\/\/lovme.pt\/index.php\/produto\/rithual-nisha-bolas-de-kegel-vibratorias-recarregveis-orquidea\/","title":{"rendered":"RITHUAL &#8211; NISHA BOLAS KEGEL RECARGABLES VIBRADORAS ORQUIDEA"},"content":{"rendered":"<p>Bolas vaginais recarreg\u00e1veis Nisha que ajudam a fortalecer o assoalho p\u00e9lvico. S\u00e3o um magn\u00edfico treinador do assoalho p\u00e9lvico, os especialistas garantem que o uso adequado das bolas chinesas ajuda a prevenir problemas de sa\u00fade como incontin\u00eancia urin\u00e1ria ou vaginismo, al\u00e9m de melhorar a satisfa\u00e7\u00e3o sexual.<\/p>\n<p>O uso das bolas chinesas, acompanhadas de um gel espec\u00edfico, ajuda a fortalecer a musculatura p\u00e9lvica e isso pode n\u00e3o s\u00f3 proporcionar maior satisfa\u00e7\u00e3o nos relacionamentos, mas tamb\u00e9m ajuda a evitar problemas e l\u00e1grimas durante o parto. Principais caracter\u00edsticas:<\/p>\n<ul>\n<li>Feito de silicone m\u00e9dico de alta qualidade.<\/li>\n<li>Submers\u00edvel IPX7<\/li>\n<li>Poderoso<\/li>\n<li>Recarreg\u00e1vel, cabo USB inclu\u00eddo.<\/li>\n<li>Luz indicadora de carregamento.<\/li>\n<li>Tempo de carregamento entre 6 a 8 horas.<\/li>\n<li>40-120 minutos de prazer dependendo da velocidade.<\/li>\n<li>Silencioso e discreto.<\/li>\n<li>\u00c9 n\u00e3o poroso e hipoalerg\u00eanico.<\/li>\n<li>10 modos de vibra\u00e7\u00e3o<\/li>\n<li>N\u00e3o poroso e hipoalerg\u00eanico.<\/li>\n<\/ul>\n<p><strong>FARDO<\/strong><\/p>\n<p>O seu brinquedo est\u00e1 equipado com baterias incorporadas e, portanto, \u00e9 recarreg\u00e1vel ambientalmente. Se necess\u00e1rio, o cabo de carregamento magn\u00e9tico USB inclu\u00eddo pode ser complementado com uma ficha de rede padr\u00e3o de 5V.<\/p>\n<p><strong>MATERIAL E CUIDADOS<\/strong><\/p>\n<p>Recomenda-se a utiliza\u00e7\u00e3o de lubrificante \u00e0 base de \u00e1gua waterfeel para melhor inser\u00e7\u00e3o e cuidado do produto, pois outros lubrificantes podem danificar o brinquedo. Limpe cuidadosamente o brinquedo antes da primeira utiliza\u00e7\u00e3o e ap\u00f3s cada utiliza\u00e7\u00e3o.<\/p>\n<p>Nisha \u00e9 feita de silicone m\u00e9dico macio e sedoso, que \u00e9 extremamente escorregadio e absorve rapidamente o calor do corpo. O brinquedo pode ser facilmente limpo com um pouco de sab\u00e3o e \u00e1gua morna. Com um pouco de limpador desinfetante para brinquedos, voc\u00ea pode garantir uma higiene particularmente completa depois, de prefer\u00eancia com o spray desinfetante perfeitamente coordenado da Waterfeel. Para o m\u00e1ximo prazer, utilize sempre o seu brinquedo com um dos lubrificantes \u00e0 base de \u00e1gua da Waterfeel que combinam perfeitamente com o produto. A composi\u00e7\u00e3o vegana \u00e0 base de \u00e1gua protege o material e mant\u00e9m a superf\u00edcie do seu brinquedo bonita e lisa.<\/p>\n<p><strong>RITUAL DA MARCA<\/strong><\/p>\n<p>Rithual \u00e9 uma filosofia de sa\u00fade, prazer e bem-estar. Cuidadosamente preparado para aumentar a felicidade pessoal e o bem-estar humano. A marca \u00e9 l\u00edder de vendas com Rithual Shushu, da\u00ed o lan\u00e7amento de novos brinquedos que complementam todos os objetos de prazer para uma vida mais saud\u00e1vel e feliz gra\u00e7as \u00e0 satisfa\u00e7\u00e3o sexual. Garantia total de 2 anos para todos os brinquedos de revezamento Rithual, um prazer garantido.<\/p>\n","protected":false},"excerpt":{"rendered":"<p>RITHUAL &#8211; NISHA BOLAS DE KEGEL VIBRAT\u00d3RIAS RECARREGVEIS ORQU\u00cdDEA<\/p>\n","protected":false},"featured_media":70402,"template":"","meta":{"_acf_changed":false},"product_brand":[],"product_cat":[54,17,61],"product_tag":[],"class_list":{"0":"post-31477","1":"product","2":"type-product","3":"status-publish","4":"has-post-thumbnail","6":"product_cat-bolas-chinesas","7":"product_cat-brinquedos-de-bem-estar-sexual","8":"product_cat-para-elas","9":"yith_product_brand-rithual","11":"first","12":"instock","13":"taxable","14":"shipping-taxable","15":"purchasable","16":"product-type-variable","17":"has-default-attributes"},"acf":[],"yoast_head":"<!-- This site is optimized with the Yoast SEO plugin v27.3 - https:\/\/yoast.com\/product\/yoast-seo-wordpress\/ -->\n<title>RITHUAL - NISHA BOLAS KEGEL RECARGABLES VIBRADORAS ORQUIDEA - Lovme<\/title>\n<meta name=\"robots\" content=\"index, follow, max-snippet:-1, max-image-preview:large, max-video-preview:-1\" \/>\n<link rel=\"canonical\" href=\"https:\/\/lovme.pt\/index.php\/produto\/rithual-nisha-bolas-de-kegel-vibratorias-recarregveis-orquidea\/\" \/>\n<meta property=\"og:locale\" content=\"pt_PT\" \/>\n<meta property=\"og:type\" content=\"article\" \/>\n<meta property=\"og:title\" content=\"RITHUAL - NISHA BOLAS KEGEL RECARGABLES VIBRADORAS ORQUIDEA - Lovme\" \/>\n<meta property=\"og:description\" content=\"RITHUAL - NISHA BOLAS DE KEGEL VIBRAT\u00d3RIAS RECARREGVEIS ORQU\u00cdDEA\" \/>\n<meta property=\"og:url\" content=\"https:\/\/lovme.pt\/index.php\/produto\/rithual-nisha-bolas-de-kegel-vibratorias-recarregveis-orquidea\/\" \/>\n<meta property=\"og:site_name\" content=\"Lovme\" \/>\n<meta property=\"article:modified_time\" content=\"2026-02-19T20:23:18+00:00\" \/>\n<meta property=\"og:image\" content=\"https:\/\/erki24nd3ub.exactdn.com\/wp-content\/uploads\/dream\/img\/img_144678_2dadcef86336f09274d5235eab80e450_1.png?strip=all\" \/>\n\t<meta property=\"og:image:width\" content=\"800\" \/>\n\t<meta property=\"og:image:height\" content=\"800\" \/>\n\t<meta property=\"og:image:type\" content=\"image\/png\" \/>\n<meta name=\"twitter:card\" content=\"summary_large_image\" \/>\n<meta name=\"twitter:label1\" content=\"Tempo estimado de leitura\" \/>\n\t<meta name=\"twitter:data1\" content=\"2 minutos\" \/>\n<script type=\"application\/ld+json\" class=\"yoast-schema-graph\">{\"@context\":\"https:\\\/\\\/schema.org\",\"@graph\":[{\"@type\":\"WebPage\",\"@id\":\"https:\\\/\\\/lovme.pt\\\/index.php\\\/produto\\\/rithual-nisha-bolas-de-kegel-vibratorias-recarregveis-orquidea\\\/\",\"url\":\"https:\\\/\\\/lovme.pt\\\/index.php\\\/produto\\\/rithual-nisha-bolas-de-kegel-vibratorias-recarregveis-orquidea\\\/\",\"name\":\"RITHUAL - NISHA BOLAS KEGEL RECARGABLES VIBRADORAS ORQUIDEA - Lovme\",\"isPartOf\":{\"@id\":\"https:\\\/\\\/lovme.pt\\\/#website\"},\"primaryImageOfPage\":{\"@id\":\"https:\\\/\\\/lovme.pt\\\/index.php\\\/produto\\\/rithual-nisha-bolas-de-kegel-vibratorias-recarregveis-orquidea\\\/#primaryimage\"},\"image\":{\"@id\":\"https:\\\/\\\/lovme.pt\\\/index.php\\\/produto\\\/rithual-nisha-bolas-de-kegel-vibratorias-recarregveis-orquidea\\\/#primaryimage\"},\"thumbnailUrl\":\"https:\\\/\\\/erki24nd3ub.exactdn.com\\\/wp-content\\\/uploads\\\/dream\\\/img\\\/img_144678_2dadcef86336f09274d5235eab80e450_1.png?strip=all\",\"datePublished\":\"2025-09-30T20:35:17+00:00\",\"dateModified\":\"2026-02-19T20:23:18+00:00\",\"breadcrumb\":{\"@id\":\"https:\\\/\\\/lovme.pt\\\/index.php\\\/produto\\\/rithual-nisha-bolas-de-kegel-vibratorias-recarregveis-orquidea\\\/#breadcrumb\"},\"inLanguage\":\"pt-PT\",\"potentialAction\":[{\"@type\":\"ReadAction\",\"target\":[\"https:\\\/\\\/lovme.pt\\\/index.php\\\/produto\\\/rithual-nisha-bolas-de-kegel-vibratorias-recarregveis-orquidea\\\/\"]}]},{\"@type\":\"ImageObject\",\"inLanguage\":\"pt-PT\",\"@id\":\"https:\\\/\\\/lovme.pt\\\/index.php\\\/produto\\\/rithual-nisha-bolas-de-kegel-vibratorias-recarregveis-orquidea\\\/#primaryimage\",\"url\":\"https:\\\/\\\/erki24nd3ub.exactdn.com\\\/wp-content\\\/uploads\\\/dream\\\/img\\\/img_144678_2dadcef86336f09274d5235eab80e450_1.png?strip=all\",\"contentUrl\":\"https:\\\/\\\/erki24nd3ub.exactdn.com\\\/wp-content\\\/uploads\\\/dream\\\/img\\\/img_144678_2dadcef86336f09274d5235eab80e450_1.png?strip=all\",\"width\":800,\"height\":800},{\"@type\":\"BreadcrumbList\",\"@id\":\"https:\\\/\\\/lovme.pt\\\/index.php\\\/produto\\\/rithual-nisha-bolas-de-kegel-vibratorias-recarregveis-orquidea\\\/#breadcrumb\",\"itemListElement\":[{\"@type\":\"ListItem\",\"position\":1,\"name\":\"In\u00edcio\",\"item\":\"https:\\\/\\\/lovme.pt\\\/\"},{\"@type\":\"ListItem\",\"position\":2,\"name\":\"Loja\",\"item\":\"https:\\\/\\\/lovme.pt\\\/index.php\\\/loja\\\/\"},{\"@type\":\"ListItem\",\"position\":3,\"name\":\"RITHUAL &#8211; NISHA BOLAS KEGEL RECARGABLES VIBRADORAS ORQUIDEA\"}]},{\"@type\":\"WebSite\",\"@id\":\"https:\\\/\\\/lovme.pt\\\/#website\",\"url\":\"https:\\\/\\\/lovme.pt\\\/\",\"name\":\"Lovme Loja Er\u00f3tica N\u00ba1 em Portugal\",\"description\":\"A melhor loja er\u00f3tica de Portugal.\",\"alternateName\":\"Loja Er\u00f3tica Lovme\",\"potentialAction\":[{\"@type\":\"SearchAction\",\"target\":{\"@type\":\"EntryPoint\",\"urlTemplate\":\"https:\\\/\\\/lovme.pt\\\/?s={search_term_string}\"},\"query-input\":{\"@type\":\"PropertyValueSpecification\",\"valueRequired\":true,\"valueName\":\"search_term_string\"}}],\"inLanguage\":\"pt-PT\"}]}<\/script>\n<!-- \/ Yoast SEO plugin. -->","yoast_head_json":{"title":"RITHUAL - NISHA BOLAS KEGEL RECARGABLES VIBRADORAS ORQUIDEA - Lovme","robots":{"index":"index","follow":"follow","max-snippet":"max-snippet:-1","max-image-preview":"max-image-preview:large","max-video-preview":"max-video-preview:-1"},"canonical":"https:\/\/lovme.pt\/index.php\/produto\/rithual-nisha-bolas-de-kegel-vibratorias-recarregveis-orquidea\/","og_locale":"pt_PT","og_type":"article","og_title":"RITHUAL - NISHA BOLAS KEGEL RECARGABLES VIBRADORAS ORQUIDEA - Lovme","og_description":"RITHUAL - NISHA BOLAS DE KEGEL VIBRAT\u00d3RIAS RECARREGVEIS ORQU\u00cdDEA","og_url":"https:\/\/lovme.pt\/index.php\/produto\/rithual-nisha-bolas-de-kegel-vibratorias-recarregveis-orquidea\/","og_site_name":"Lovme","article_modified_time":"2026-02-19T20:23:18+00:00","og_image":[{"width":800,"height":800,"url":"https:\/\/erki24nd3ub.exactdn.com\/wp-content\/uploads\/dream\/img\/img_144678_2dadcef86336f09274d5235eab80e450_1.png?strip=all","type":"image\/png"}],"twitter_card":"summary_large_image","twitter_misc":{"Tempo estimado de leitura":"2 minutos"},"schema":{"@context":"https:\/\/schema.org","@graph":[{"@type":"WebPage","@id":"https:\/\/lovme.pt\/index.php\/produto\/rithual-nisha-bolas-de-kegel-vibratorias-recarregveis-orquidea\/","url":"https:\/\/lovme.pt\/index.php\/produto\/rithual-nisha-bolas-de-kegel-vibratorias-recarregveis-orquidea\/","name":"RITHUAL - NISHA BOLAS KEGEL RECARGABLES VIBRADORAS ORQUIDEA - Lovme","isPartOf":{"@id":"https:\/\/lovme.pt\/#website"},"primaryImageOfPage":{"@id":"https:\/\/lovme.pt\/index.php\/produto\/rithual-nisha-bolas-de-kegel-vibratorias-recarregveis-orquidea\/#primaryimage"},"image":{"@id":"https:\/\/lovme.pt\/index.php\/produto\/rithual-nisha-bolas-de-kegel-vibratorias-recarregveis-orquidea\/#primaryimage"},"thumbnailUrl":"https:\/\/erki24nd3ub.exactdn.com\/wp-content\/uploads\/dream\/img\/img_144678_2dadcef86336f09274d5235eab80e450_1.png?strip=all","datePublished":"2025-09-30T20:35:17+00:00","dateModified":"2026-02-19T20:23:18+00:00","breadcrumb":{"@id":"https:\/\/lovme.pt\/index.php\/produto\/rithual-nisha-bolas-de-kegel-vibratorias-recarregveis-orquidea\/#breadcrumb"},"inLanguage":"pt-PT","potentialAction":[{"@type":"ReadAction","target":["https:\/\/lovme.pt\/index.php\/produto\/rithual-nisha-bolas-de-kegel-vibratorias-recarregveis-orquidea\/"]}]},{"@type":"ImageObject","inLanguage":"pt-PT","@id":"https:\/\/lovme.pt\/index.php\/produto\/rithual-nisha-bolas-de-kegel-vibratorias-recarregveis-orquidea\/#primaryimage","url":"https:\/\/erki24nd3ub.exactdn.com\/wp-content\/uploads\/dream\/img\/img_144678_2dadcef86336f09274d5235eab80e450_1.png?strip=all","contentUrl":"https:\/\/erki24nd3ub.exactdn.com\/wp-content\/uploads\/dream\/img\/img_144678_2dadcef86336f09274d5235eab80e450_1.png?strip=all","width":800,"height":800},{"@type":"BreadcrumbList","@id":"https:\/\/lovme.pt\/index.php\/produto\/rithual-nisha-bolas-de-kegel-vibratorias-recarregveis-orquidea\/#breadcrumb","itemListElement":[{"@type":"ListItem","position":1,"name":"In\u00edcio","item":"https:\/\/lovme.pt\/"},{"@type":"ListItem","position":2,"name":"Loja","item":"https:\/\/lovme.pt\/index.php\/loja\/"},{"@type":"ListItem","position":3,"name":"RITHUAL &#8211; NISHA BOLAS KEGEL RECARGABLES VIBRADORAS ORQUIDEA"}]},{"@type":"WebSite","@id":"https:\/\/lovme.pt\/#website","url":"https:\/\/lovme.pt\/","name":"Lovme Loja Er\u00f3tica N\u00ba1 em Portugal","description":"A melhor loja er\u00f3tica de Portugal.","alternateName":"Loja Er\u00f3tica Lovme","potentialAction":[{"@type":"SearchAction","target":{"@type":"EntryPoint","urlTemplate":"https:\/\/lovme.pt\/?s={search_term_string}"},"query-input":{"@type":"PropertyValueSpecification","valueRequired":true,"valueName":"search_term_string"}}],"inLanguage":"pt-PT"}]}},"_links":{"self":[{"href":"https:\/\/lovme.pt\/index.php\/wp-json\/wp\/v2\/product\/31477","targetHints":{"allow":["GET"]}}],"collection":[{"href":"https:\/\/lovme.pt\/index.php\/wp-json\/wp\/v2\/product"}],"about":[{"href":"https:\/\/lovme.pt\/index.php\/wp-json\/wp\/v2\/types\/product"}],"wp:featuredmedia":[{"embeddable":true,"href":"https:\/\/lovme.pt\/index.php\/wp-json\/wp\/v2\/media\/70402"}],"wp:attachment":[{"href":"https:\/\/lovme.pt\/index.php\/wp-json\/wp\/v2\/media?parent=31477"}],"wp:term":[{"taxonomy":"product_brand","embeddable":true,"href":"https:\/\/lovme.pt\/index.php\/wp-json\/wp\/v2\/product_brand?post=31477"},{"taxonomy":"product_cat","embeddable":true,"href":"https:\/\/lovme.pt\/index.php\/wp-json\/wp\/v2\/product_cat?post=31477"},{"taxonomy":"product_tag","embeddable":true,"href":"https:\/\/lovme.pt\/index.php\/wp-json\/wp\/v2\/product_tag?post=31477"}],"curies":[{"name":"wp","href":"https:\/\/api.w.org\/{rel}","templated":true}]}}