{"id":31342,"date":"2025-10-01T20:06:47","date_gmt":"2025-10-01T20:06:47","guid":{"rendered":"https:\/\/lovme.pt\/?post_type=product&#038;p=31342"},"modified":"2026-04-14T10:50:55","modified_gmt":"2026-04-14T10:50:55","slug":"calexotics-bomba-climaxer-ondas-estimulantes-rosa","status":"publish","type":"product","link":"https:\/\/lovme.pt\/index.php\/produto\/calexotics-bomba-climaxer-ondas-estimulantes-rosa\/","title":{"rendered":"CALEXOTICS &#8211; BOMBA DE SUC\u00c7\u00c3O CLIMAXER ROSA"},"content":{"rendered":"<div>Estimule sensualmente com a bomba recarreg\u00e1vel Climaxer Intimate Pump\u2122. Com um toque suave e \u00edntimo, c\u00f3cegas provocantes e 12 fun\u00e7\u00f5es sincronizadas de vibra\u00e7\u00e3o e suc\u00e7\u00e3o, este massageador sensual te levar\u00e1 a uma espiral de possibilidades prazerosas.<\/div>\n<div><\/div>\n<div> A p\u00e1 flex\u00edvel proporciona a estimula\u00e7\u00e3o precisa que voc\u00ea tanto deseja, enquanto a vibra\u00e7\u00e3o provoca. O estimulador ergonomicamente curvo cria uma suc\u00e7\u00e3o superior para maior sensibilidade e estimula\u00e7\u00e3o.<\/div>\n<div> Desfrute de prazer personalizado enquanto o copo curvo oscila ao ritmo de 12 fun\u00e7\u00f5es de vibra\u00e7\u00e3o animadas com sensa\u00e7\u00f5es de suc\u00e7\u00e3o sincronizadas.<\/div>\n<div><\/div>\n<div> O chip de mem\u00f3ria de alta tecnologia do Smart Vibe lembra exatamente como voc\u00ea gosta, retomando a \u00faltima fun\u00e7\u00e3o usada, para que voc\u00ea possa mergulhar profundamente em um prazer apaixonado.<\/div>\n<div> O massageador flex\u00edvel \u00e9 feito de silicone higienicamente superior. Este material seguro para o corpo \u00e9 isento de fragr\u00e2ncias e ftalatos, para manter seus pontos mais sens\u00edveis saud\u00e1veis e saud\u00e1veis.<\/div>\n<ul>\n<li> \u2022<span style=\"white-space:pre\"> <\/span>Medidas: 5 x 3,75 cm<\/li>\n<li> \u2022<span style=\"white-space:pre\"> <\/span>Material: Silicone e ABS<\/li>\n<li> \u2022<span style=\"white-space:pre\"> <\/span>Recarreg\u00e1vel por USB<\/li>\n<\/ul>\n<div> Na busca incessante pelo prazer instant\u00e2neo, a California Exotics continua inovando com milhares de produtos para o prazer masculino e feminino. Pronto para a a\u00e7\u00e3o?<\/div>\n","protected":false},"excerpt":{"rendered":"<p>CALEXOTICS &#8211; BOMBA DE SUC\u00c7\u00c3O CLIMAXER ROSA<\/p>\n","protected":false},"featured_media":103037,"template":"","meta":{"_acf_changed":false},"product_brand":[],"product_cat":[61,64],"product_tag":[],"class_list":{"0":"post-31342","1":"product","2":"type-product","3":"status-publish","4":"has-post-thumbnail","6":"product_cat-para-elas","7":"product_cat-sugadores","8":"yith_product_brand-calexotics","10":"first","11":"instock","12":"taxable","13":"shipping-taxable","14":"purchasable","15":"product-type-simple"},"acf":[],"yoast_head":"<!-- This site is optimized with the Yoast SEO plugin v27.3 - https:\/\/yoast.com\/product\/yoast-seo-wordpress\/ -->\n<title>CALEXOTICS - BOMBA DE SUC\u00c7\u00c3O CLIMAXER ROSA - Lovme<\/title>\n<meta name=\"robots\" content=\"index, follow, max-snippet:-1, max-image-preview:large, max-video-preview:-1\" \/>\n<link rel=\"canonical\" href=\"https:\/\/lovme.pt\/index.php\/produto\/calexotics-bomba-climaxer-ondas-estimulantes-rosa\/\" \/>\n<meta property=\"og:locale\" content=\"pt_PT\" \/>\n<meta property=\"og:type\" content=\"article\" \/>\n<meta property=\"og:title\" content=\"CALEXOTICS - BOMBA DE SUC\u00c7\u00c3O CLIMAXER ROSA - Lovme\" \/>\n<meta property=\"og:description\" content=\"CALEXOTICS - BOMBA DE SUC\u00c7\u00c3O CLIMAXER ROSA\" \/>\n<meta property=\"og:url\" content=\"https:\/\/lovme.pt\/index.php\/produto\/calexotics-bomba-climaxer-ondas-estimulantes-rosa\/\" \/>\n<meta property=\"og:site_name\" content=\"Lovme\" \/>\n<meta property=\"article:modified_time\" content=\"2026-04-14T10:50:55+00:00\" \/>\n<meta property=\"og:image\" content=\"https:\/\/erki24nd3ub.exactdn.com\/wp-content\/uploads\/dream\/img\/img_90598_c95f9f79404c87615d0068f341f48fd9_1.jpg?strip=all\" \/>\n\t<meta property=\"og:image:width\" content=\"550\" \/>\n\t<meta property=\"og:image:height\" content=\"550\" \/>\n\t<meta property=\"og:image:type\" content=\"image\/jpeg\" \/>\n<meta name=\"twitter:card\" content=\"summary_large_image\" \/>\n<meta name=\"twitter:label1\" content=\"Tempo estimado de leitura\" \/>\n\t<meta name=\"twitter:data1\" content=\"1 minuto\" \/>\n<script type=\"application\/ld+json\" class=\"yoast-schema-graph\">{\"@context\":\"https:\\\/\\\/schema.org\",\"@graph\":[{\"@type\":\"WebPage\",\"@id\":\"https:\\\/\\\/lovme.pt\\\/index.php\\\/produto\\\/calexotics-bomba-climaxer-ondas-estimulantes-rosa\\\/\",\"url\":\"https:\\\/\\\/lovme.pt\\\/index.php\\\/produto\\\/calexotics-bomba-climaxer-ondas-estimulantes-rosa\\\/\",\"name\":\"CALEXOTICS - BOMBA DE SUC\u00c7\u00c3O CLIMAXER ROSA - Lovme\",\"isPartOf\":{\"@id\":\"https:\\\/\\\/lovme.pt\\\/#website\"},\"primaryImageOfPage\":{\"@id\":\"https:\\\/\\\/lovme.pt\\\/index.php\\\/produto\\\/calexotics-bomba-climaxer-ondas-estimulantes-rosa\\\/#primaryimage\"},\"image\":{\"@id\":\"https:\\\/\\\/lovme.pt\\\/index.php\\\/produto\\\/calexotics-bomba-climaxer-ondas-estimulantes-rosa\\\/#primaryimage\"},\"thumbnailUrl\":\"https:\\\/\\\/erki24nd3ub.exactdn.com\\\/wp-content\\\/uploads\\\/dream\\\/img\\\/img_90598_c95f9f79404c87615d0068f341f48fd9_1.jpg?strip=all\",\"datePublished\":\"2025-10-01T20:06:47+00:00\",\"dateModified\":\"2026-04-14T10:50:55+00:00\",\"breadcrumb\":{\"@id\":\"https:\\\/\\\/lovme.pt\\\/index.php\\\/produto\\\/calexotics-bomba-climaxer-ondas-estimulantes-rosa\\\/#breadcrumb\"},\"inLanguage\":\"pt-PT\",\"potentialAction\":[{\"@type\":\"ReadAction\",\"target\":[\"https:\\\/\\\/lovme.pt\\\/index.php\\\/produto\\\/calexotics-bomba-climaxer-ondas-estimulantes-rosa\\\/\"]}]},{\"@type\":\"ImageObject\",\"inLanguage\":\"pt-PT\",\"@id\":\"https:\\\/\\\/lovme.pt\\\/index.php\\\/produto\\\/calexotics-bomba-climaxer-ondas-estimulantes-rosa\\\/#primaryimage\",\"url\":\"https:\\\/\\\/erki24nd3ub.exactdn.com\\\/wp-content\\\/uploads\\\/dream\\\/img\\\/img_90598_c95f9f79404c87615d0068f341f48fd9_1.jpg?strip=all\",\"contentUrl\":\"https:\\\/\\\/erki24nd3ub.exactdn.com\\\/wp-content\\\/uploads\\\/dream\\\/img\\\/img_90598_c95f9f79404c87615d0068f341f48fd9_1.jpg?strip=all\",\"width\":550,\"height\":550},{\"@type\":\"BreadcrumbList\",\"@id\":\"https:\\\/\\\/lovme.pt\\\/index.php\\\/produto\\\/calexotics-bomba-climaxer-ondas-estimulantes-rosa\\\/#breadcrumb\",\"itemListElement\":[{\"@type\":\"ListItem\",\"position\":1,\"name\":\"In\u00edcio\",\"item\":\"https:\\\/\\\/lovme.pt\\\/\"},{\"@type\":\"ListItem\",\"position\":2,\"name\":\"Loja\",\"item\":\"https:\\\/\\\/lovme.pt\\\/index.php\\\/loja\\\/\"},{\"@type\":\"ListItem\",\"position\":3,\"name\":\"CALEXOTICS &#8211; BOMBA DE SUC\u00c7\u00c3O CLIMAXER ROSA\"}]},{\"@type\":\"WebSite\",\"@id\":\"https:\\\/\\\/lovme.pt\\\/#website\",\"url\":\"https:\\\/\\\/lovme.pt\\\/\",\"name\":\"Lovme Loja Er\u00f3tica N\u00ba1 em Portugal\",\"description\":\"A melhor loja er\u00f3tica de Portugal.\",\"alternateName\":\"Loja Er\u00f3tica Lovme\",\"potentialAction\":[{\"@type\":\"SearchAction\",\"target\":{\"@type\":\"EntryPoint\",\"urlTemplate\":\"https:\\\/\\\/lovme.pt\\\/?s={search_term_string}\"},\"query-input\":{\"@type\":\"PropertyValueSpecification\",\"valueRequired\":true,\"valueName\":\"search_term_string\"}}],\"inLanguage\":\"pt-PT\"}]}<\/script>\n<!-- \/ Yoast SEO plugin. -->","yoast_head_json":{"title":"CALEXOTICS - BOMBA DE SUC\u00c7\u00c3O CLIMAXER ROSA - Lovme","robots":{"index":"index","follow":"follow","max-snippet":"max-snippet:-1","max-image-preview":"max-image-preview:large","max-video-preview":"max-video-preview:-1"},"canonical":"https:\/\/lovme.pt\/index.php\/produto\/calexotics-bomba-climaxer-ondas-estimulantes-rosa\/","og_locale":"pt_PT","og_type":"article","og_title":"CALEXOTICS - BOMBA DE SUC\u00c7\u00c3O CLIMAXER ROSA - Lovme","og_description":"CALEXOTICS - BOMBA DE SUC\u00c7\u00c3O CLIMAXER ROSA","og_url":"https:\/\/lovme.pt\/index.php\/produto\/calexotics-bomba-climaxer-ondas-estimulantes-rosa\/","og_site_name":"Lovme","article_modified_time":"2026-04-14T10:50:55+00:00","og_image":[{"width":550,"height":550,"url":"https:\/\/erki24nd3ub.exactdn.com\/wp-content\/uploads\/dream\/img\/img_90598_c95f9f79404c87615d0068f341f48fd9_1.jpg?strip=all","type":"image\/jpeg"}],"twitter_card":"summary_large_image","twitter_misc":{"Tempo estimado de leitura":"1 minuto"},"schema":{"@context":"https:\/\/schema.org","@graph":[{"@type":"WebPage","@id":"https:\/\/lovme.pt\/index.php\/produto\/calexotics-bomba-climaxer-ondas-estimulantes-rosa\/","url":"https:\/\/lovme.pt\/index.php\/produto\/calexotics-bomba-climaxer-ondas-estimulantes-rosa\/","name":"CALEXOTICS - BOMBA DE SUC\u00c7\u00c3O CLIMAXER ROSA - Lovme","isPartOf":{"@id":"https:\/\/lovme.pt\/#website"},"primaryImageOfPage":{"@id":"https:\/\/lovme.pt\/index.php\/produto\/calexotics-bomba-climaxer-ondas-estimulantes-rosa\/#primaryimage"},"image":{"@id":"https:\/\/lovme.pt\/index.php\/produto\/calexotics-bomba-climaxer-ondas-estimulantes-rosa\/#primaryimage"},"thumbnailUrl":"https:\/\/erki24nd3ub.exactdn.com\/wp-content\/uploads\/dream\/img\/img_90598_c95f9f79404c87615d0068f341f48fd9_1.jpg?strip=all","datePublished":"2025-10-01T20:06:47+00:00","dateModified":"2026-04-14T10:50:55+00:00","breadcrumb":{"@id":"https:\/\/lovme.pt\/index.php\/produto\/calexotics-bomba-climaxer-ondas-estimulantes-rosa\/#breadcrumb"},"inLanguage":"pt-PT","potentialAction":[{"@type":"ReadAction","target":["https:\/\/lovme.pt\/index.php\/produto\/calexotics-bomba-climaxer-ondas-estimulantes-rosa\/"]}]},{"@type":"ImageObject","inLanguage":"pt-PT","@id":"https:\/\/lovme.pt\/index.php\/produto\/calexotics-bomba-climaxer-ondas-estimulantes-rosa\/#primaryimage","url":"https:\/\/erki24nd3ub.exactdn.com\/wp-content\/uploads\/dream\/img\/img_90598_c95f9f79404c87615d0068f341f48fd9_1.jpg?strip=all","contentUrl":"https:\/\/erki24nd3ub.exactdn.com\/wp-content\/uploads\/dream\/img\/img_90598_c95f9f79404c87615d0068f341f48fd9_1.jpg?strip=all","width":550,"height":550},{"@type":"BreadcrumbList","@id":"https:\/\/lovme.pt\/index.php\/produto\/calexotics-bomba-climaxer-ondas-estimulantes-rosa\/#breadcrumb","itemListElement":[{"@type":"ListItem","position":1,"name":"In\u00edcio","item":"https:\/\/lovme.pt\/"},{"@type":"ListItem","position":2,"name":"Loja","item":"https:\/\/lovme.pt\/index.php\/loja\/"},{"@type":"ListItem","position":3,"name":"CALEXOTICS &#8211; BOMBA DE SUC\u00c7\u00c3O CLIMAXER ROSA"}]},{"@type":"WebSite","@id":"https:\/\/lovme.pt\/#website","url":"https:\/\/lovme.pt\/","name":"Lovme Loja Er\u00f3tica N\u00ba1 em Portugal","description":"A melhor loja er\u00f3tica de Portugal.","alternateName":"Loja Er\u00f3tica Lovme","potentialAction":[{"@type":"SearchAction","target":{"@type":"EntryPoint","urlTemplate":"https:\/\/lovme.pt\/?s={search_term_string}"},"query-input":{"@type":"PropertyValueSpecification","valueRequired":true,"valueName":"search_term_string"}}],"inLanguage":"pt-PT"}]}},"_links":{"self":[{"href":"https:\/\/lovme.pt\/index.php\/wp-json\/wp\/v2\/product\/31342","targetHints":{"allow":["GET"]}}],"collection":[{"href":"https:\/\/lovme.pt\/index.php\/wp-json\/wp\/v2\/product"}],"about":[{"href":"https:\/\/lovme.pt\/index.php\/wp-json\/wp\/v2\/types\/product"}],"wp:featuredmedia":[{"embeddable":true,"href":"https:\/\/lovme.pt\/index.php\/wp-json\/wp\/v2\/media\/103037"}],"wp:attachment":[{"href":"https:\/\/lovme.pt\/index.php\/wp-json\/wp\/v2\/media?parent=31342"}],"wp:term":[{"taxonomy":"product_brand","embeddable":true,"href":"https:\/\/lovme.pt\/index.php\/wp-json\/wp\/v2\/product_brand?post=31342"},{"taxonomy":"product_cat","embeddable":true,"href":"https:\/\/lovme.pt\/index.php\/wp-json\/wp\/v2\/product_cat?post=31342"},{"taxonomy":"product_tag","embeddable":true,"href":"https:\/\/lovme.pt\/index.php\/wp-json\/wp\/v2\/product_tag?post=31342"}],"curies":[{"name":"wp","href":"https:\/\/api.w.org\/{rel}","templated":true}]}}