{"id":31127,"date":"2025-09-30T20:34:41","date_gmt":"2025-09-30T20:34:41","guid":{"rendered":"https:\/\/lovme.pt\/?post_type=product&#038;p=31127"},"modified":"2026-02-19T20:23:18","modified_gmt":"2026-02-19T20:23:18","slug":"satisfyer-curvy-1-vermelho-rosa","status":"publish","type":"product","link":"https:\/\/lovme.pt\/index.php\/produto\/satisfyer-curvy-1-vermelho-rosa\/","title":{"rendered":"SATISFYER &#8211; CURVY 2 + ROSA"},"content":{"rendered":"<p><strong>SATISFAT\u00d3RIO CURVY 1+<\/strong><\/p>\n<p>Quase bom demais para ser verdade, mas \u00e9 uma realidade org\u00e1stica!! Este luxo clitoriano ergonomicamente curvado faz o cora\u00e7\u00e3o das mulheres bater mais r\u00e1pido: combina a inesquec\u00edvel tecnologia de ondas de press\u00e3o Satisfyer com vibra\u00e7\u00e3o adicional e o novo recurso de aplica\u00e7\u00e3o Satisfyer. Um prazer \u00fanico.<\/p>\n<p><strong>PARA MULHERES COM TEND\u00caNCIA<\/strong><\/p>\n<p>Voc\u00ea sabe o que quer: Satisfyer sabe o que voc\u00ea merece. Quando se trata de prazeres do clit\u00f3ris, d\u00ea-se ao luxo! O Curvy 1+ cabe perfeitamente na m\u00e3o e cuida da sua pele com uma superf\u00edcie lisa de silicone m\u00e9dico. Al\u00e9m do seu design particularmente elegante, este brinquedo simp\u00e1tico, claro, tem outros argumentos impressionantes a oferecer: enquanto a estimula\u00e7\u00e3o por ondas de press\u00e3o sem contacto mima o seu cl\u00edtoris, a cabe\u00e7a macia acaricia habilmente os l\u00e1bios vaginais.<\/p>\n<p><strong>D\u00ca-LHE PODER!<\/strong><br \/>O seu brinquedo est\u00e1 equipado com baterias incorporadas e, portanto, \u00e9 recarreg\u00e1vel ambientalmente. Se necess\u00e1rio, o cabo de carregamento magn\u00e9tico USB inclu\u00eddo pode ser complementado com uma ficha de rede padr\u00e3o de 5V.<\/p>\n<p><strong>MATERIAL E CUIDADOS<\/strong><br \/>\u00c9 \u00e0 prova d\u00e1gua e feito de silicone m\u00e9dico, macio como seda, que \u00e9 extremamente f\u00e1cil de deslizar e absorve rapidamente o calor do corpo. O brinquedo pode ser facilmente limpo com um pouco de sab\u00e3o em \u00e1gua morna. Com um pouco de limpador desinfetante para brinquedos, voc\u00ea pode garantir uma higiene especialmente profunda depois, de prefer\u00eancia com o spray desinfetante perfeitamente coordenado da Satisfyer. Para o m\u00e1ximo prazer, utilize sempre o seu brinquedo com um dos lubrificantes \u00e0 base de \u00e1gua da Satisfyer que combinam perfeitamente com o produto.<br \/>Est\u00e3o dispon\u00edveis nas vers\u00f5es cl\u00e1ssica, sedosa e quente. A composi\u00e7\u00e3o vegana \u00e0 base de \u00e1gua protege o material e mant\u00e9m a superf\u00edcie do seu brinquedo bonita e lisa.<\/p>\n<p><strong>A MARCA SATISFADORA<\/strong><br \/>Satisfyer: muito mais que uma marca alem\u00e3! Tudo come\u00e7ou com a estimula\u00e7\u00e3o sem contato do clit\u00f3ris, gra\u00e7as \u00e0 tecnologia inovadora e patenteada de ondas de press\u00e3o. Entretanto, a marca l\u00edder mundial de bem-estar sexual enriquece a vida amorosa de mais de 25 mil milh\u00f5es de mulheres, homens e casais em mais de 100 pa\u00edses com uma vasta gama de produtos, bem como ideias sempre novas e inovadoras. Tecnologias com caracter\u00edsticas de qualidade como silicone de alta qualidade, garantia de 15 anos, acabamento herm\u00e9tico e motores potentes, a bem-sucedida marca alem\u00e3 est\u00e1 sempre pronta para aliar tecnologia a design excepcional em seus produtos. S\u00f3 nos \u00faltimos 3 anos, a Satisfyer ganhou mais de 140 pr\u00e9mios internacionais de design como nenhuma outra empresa.<\/p>\n","protected":false},"excerpt":{"rendered":"<p>SATISFYER &#8211; CURVY 1 + VERMELHO ROSA<\/p>\n","protected":false},"featured_media":70285,"template":"","meta":{"_acf_changed":false},"product_brand":[],"product_cat":[17,61,64,76],"product_tag":[],"class_list":{"0":"post-31127","1":"product","2":"type-product","3":"status-publish","4":"has-post-thumbnail","6":"product_cat-brinquedos-de-bem-estar-sexual","7":"product_cat-para-elas","8":"product_cat-sugadores","9":"product_cat-vibradores","10":"yith_product_brand-satisfyer","11":"yith_product_brand-satisfyer-satisfyer-connect","13":"first","14":"instock","15":"taxable","16":"shipping-taxable","17":"purchasable","18":"product-type-variable","19":"has-default-attributes"},"acf":[],"yoast_head":"<!-- This site is optimized with the Yoast SEO plugin v27.4 - https:\/\/yoast.com\/product\/yoast-seo-wordpress\/ -->\n<title>SATISFYER - CURVY 2 + ROSA - Lovme<\/title>\n<meta name=\"robots\" content=\"index, follow, max-snippet:-1, max-image-preview:large, max-video-preview:-1\" \/>\n<link rel=\"canonical\" href=\"https:\/\/lovme.pt\/index.php\/produto\/satisfyer-curvy-1-vermelho-rosa\/\" \/>\n<meta property=\"og:locale\" content=\"pt_PT\" \/>\n<meta property=\"og:type\" content=\"article\" \/>\n<meta property=\"og:title\" content=\"SATISFYER - CURVY 2 + ROSA - Lovme\" \/>\n<meta property=\"og:description\" content=\"SATISFYER - CURVY 1 + VERMELHO ROSA\" \/>\n<meta property=\"og:url\" content=\"https:\/\/lovme.pt\/index.php\/produto\/satisfyer-curvy-1-vermelho-rosa\/\" \/>\n<meta property=\"og:site_name\" content=\"Lovme\" \/>\n<meta property=\"article:modified_time\" content=\"2026-02-19T20:23:18+00:00\" \/>\n<meta property=\"og:image\" content=\"https:\/\/erki24nd3ub.exactdn.com\/wp-content\/uploads\/dream\/img\/img_89515_024bf72afc0f26f384ebdc8dadd718d9_1.png?strip=all\" \/>\n\t<meta property=\"og:image:width\" content=\"900\" \/>\n\t<meta property=\"og:image:height\" content=\"900\" \/>\n\t<meta property=\"og:image:type\" content=\"image\/png\" \/>\n<meta name=\"twitter:card\" content=\"summary_large_image\" \/>\n<meta name=\"twitter:label1\" content=\"Tempo estimado de leitura\" \/>\n\t<meta name=\"twitter:data1\" content=\"2 minutos\" \/>\n<script type=\"application\/ld+json\" class=\"yoast-schema-graph\">{\"@context\":\"https:\\\/\\\/schema.org\",\"@graph\":[{\"@type\":\"WebPage\",\"@id\":\"https:\\\/\\\/lovme.pt\\\/index.php\\\/produto\\\/satisfyer-curvy-1-vermelho-rosa\\\/\",\"url\":\"https:\\\/\\\/lovme.pt\\\/index.php\\\/produto\\\/satisfyer-curvy-1-vermelho-rosa\\\/\",\"name\":\"SATISFYER - CURVY 2 + ROSA - Lovme\",\"isPartOf\":{\"@id\":\"https:\\\/\\\/lovme.pt\\\/#website\"},\"primaryImageOfPage\":{\"@id\":\"https:\\\/\\\/lovme.pt\\\/index.php\\\/produto\\\/satisfyer-curvy-1-vermelho-rosa\\\/#primaryimage\"},\"image\":{\"@id\":\"https:\\\/\\\/lovme.pt\\\/index.php\\\/produto\\\/satisfyer-curvy-1-vermelho-rosa\\\/#primaryimage\"},\"thumbnailUrl\":\"https:\\\/\\\/erki24nd3ub.exactdn.com\\\/wp-content\\\/uploads\\\/dream\\\/img\\\/img_89515_024bf72afc0f26f384ebdc8dadd718d9_1.png?strip=all\",\"datePublished\":\"2025-09-30T20:34:41+00:00\",\"dateModified\":\"2026-02-19T20:23:18+00:00\",\"breadcrumb\":{\"@id\":\"https:\\\/\\\/lovme.pt\\\/index.php\\\/produto\\\/satisfyer-curvy-1-vermelho-rosa\\\/#breadcrumb\"},\"inLanguage\":\"pt-PT\",\"potentialAction\":[{\"@type\":\"ReadAction\",\"target\":[\"https:\\\/\\\/lovme.pt\\\/index.php\\\/produto\\\/satisfyer-curvy-1-vermelho-rosa\\\/\"]}]},{\"@type\":\"ImageObject\",\"inLanguage\":\"pt-PT\",\"@id\":\"https:\\\/\\\/lovme.pt\\\/index.php\\\/produto\\\/satisfyer-curvy-1-vermelho-rosa\\\/#primaryimage\",\"url\":\"https:\\\/\\\/erki24nd3ub.exactdn.com\\\/wp-content\\\/uploads\\\/dream\\\/img\\\/img_89515_024bf72afc0f26f384ebdc8dadd718d9_1.png?strip=all\",\"contentUrl\":\"https:\\\/\\\/erki24nd3ub.exactdn.com\\\/wp-content\\\/uploads\\\/dream\\\/img\\\/img_89515_024bf72afc0f26f384ebdc8dadd718d9_1.png?strip=all\",\"width\":900,\"height\":900},{\"@type\":\"BreadcrumbList\",\"@id\":\"https:\\\/\\\/lovme.pt\\\/index.php\\\/produto\\\/satisfyer-curvy-1-vermelho-rosa\\\/#breadcrumb\",\"itemListElement\":[{\"@type\":\"ListItem\",\"position\":1,\"name\":\"In\u00edcio\",\"item\":\"https:\\\/\\\/lovme.pt\\\/\"},{\"@type\":\"ListItem\",\"position\":2,\"name\":\"Loja\",\"item\":\"https:\\\/\\\/lovme.pt\\\/index.php\\\/loja\\\/\"},{\"@type\":\"ListItem\",\"position\":3,\"name\":\"SATISFYER &#8211; CURVY 2 + ROSA\"}]},{\"@type\":\"WebSite\",\"@id\":\"https:\\\/\\\/lovme.pt\\\/#website\",\"url\":\"https:\\\/\\\/lovme.pt\\\/\",\"name\":\"Lovme Loja Er\u00f3tica N\u00ba1 em Portugal\",\"description\":\"A melhor loja er\u00f3tica de Portugal.\",\"alternateName\":\"Loja Er\u00f3tica Lovme\",\"potentialAction\":[{\"@type\":\"SearchAction\",\"target\":{\"@type\":\"EntryPoint\",\"urlTemplate\":\"https:\\\/\\\/lovme.pt\\\/?s={search_term_string}\"},\"query-input\":{\"@type\":\"PropertyValueSpecification\",\"valueRequired\":true,\"valueName\":\"search_term_string\"}}],\"inLanguage\":\"pt-PT\"}]}<\/script>\n<!-- \/ Yoast SEO plugin. -->","yoast_head_json":{"title":"SATISFYER - CURVY 2 + ROSA - Lovme","robots":{"index":"index","follow":"follow","max-snippet":"max-snippet:-1","max-image-preview":"max-image-preview:large","max-video-preview":"max-video-preview:-1"},"canonical":"https:\/\/lovme.pt\/index.php\/produto\/satisfyer-curvy-1-vermelho-rosa\/","og_locale":"pt_PT","og_type":"article","og_title":"SATISFYER - CURVY 2 + ROSA - Lovme","og_description":"SATISFYER - CURVY 1 + VERMELHO ROSA","og_url":"https:\/\/lovme.pt\/index.php\/produto\/satisfyer-curvy-1-vermelho-rosa\/","og_site_name":"Lovme","article_modified_time":"2026-02-19T20:23:18+00:00","og_image":[{"width":900,"height":900,"url":"https:\/\/erki24nd3ub.exactdn.com\/wp-content\/uploads\/dream\/img\/img_89515_024bf72afc0f26f384ebdc8dadd718d9_1.png?strip=all","type":"image\/png"}],"twitter_card":"summary_large_image","twitter_misc":{"Tempo estimado de leitura":"2 minutos"},"schema":{"@context":"https:\/\/schema.org","@graph":[{"@type":"WebPage","@id":"https:\/\/lovme.pt\/index.php\/produto\/satisfyer-curvy-1-vermelho-rosa\/","url":"https:\/\/lovme.pt\/index.php\/produto\/satisfyer-curvy-1-vermelho-rosa\/","name":"SATISFYER - CURVY 2 + ROSA - Lovme","isPartOf":{"@id":"https:\/\/lovme.pt\/#website"},"primaryImageOfPage":{"@id":"https:\/\/lovme.pt\/index.php\/produto\/satisfyer-curvy-1-vermelho-rosa\/#primaryimage"},"image":{"@id":"https:\/\/lovme.pt\/index.php\/produto\/satisfyer-curvy-1-vermelho-rosa\/#primaryimage"},"thumbnailUrl":"https:\/\/erki24nd3ub.exactdn.com\/wp-content\/uploads\/dream\/img\/img_89515_024bf72afc0f26f384ebdc8dadd718d9_1.png?strip=all","datePublished":"2025-09-30T20:34:41+00:00","dateModified":"2026-02-19T20:23:18+00:00","breadcrumb":{"@id":"https:\/\/lovme.pt\/index.php\/produto\/satisfyer-curvy-1-vermelho-rosa\/#breadcrumb"},"inLanguage":"pt-PT","potentialAction":[{"@type":"ReadAction","target":["https:\/\/lovme.pt\/index.php\/produto\/satisfyer-curvy-1-vermelho-rosa\/"]}]},{"@type":"ImageObject","inLanguage":"pt-PT","@id":"https:\/\/lovme.pt\/index.php\/produto\/satisfyer-curvy-1-vermelho-rosa\/#primaryimage","url":"https:\/\/erki24nd3ub.exactdn.com\/wp-content\/uploads\/dream\/img\/img_89515_024bf72afc0f26f384ebdc8dadd718d9_1.png?strip=all","contentUrl":"https:\/\/erki24nd3ub.exactdn.com\/wp-content\/uploads\/dream\/img\/img_89515_024bf72afc0f26f384ebdc8dadd718d9_1.png?strip=all","width":900,"height":900},{"@type":"BreadcrumbList","@id":"https:\/\/lovme.pt\/index.php\/produto\/satisfyer-curvy-1-vermelho-rosa\/#breadcrumb","itemListElement":[{"@type":"ListItem","position":1,"name":"In\u00edcio","item":"https:\/\/lovme.pt\/"},{"@type":"ListItem","position":2,"name":"Loja","item":"https:\/\/lovme.pt\/index.php\/loja\/"},{"@type":"ListItem","position":3,"name":"SATISFYER &#8211; CURVY 2 + ROSA"}]},{"@type":"WebSite","@id":"https:\/\/lovme.pt\/#website","url":"https:\/\/lovme.pt\/","name":"Lovme Loja Er\u00f3tica N\u00ba1 em Portugal","description":"A melhor loja er\u00f3tica de Portugal.","alternateName":"Loja Er\u00f3tica Lovme","potentialAction":[{"@type":"SearchAction","target":{"@type":"EntryPoint","urlTemplate":"https:\/\/lovme.pt\/?s={search_term_string}"},"query-input":{"@type":"PropertyValueSpecification","valueRequired":true,"valueName":"search_term_string"}}],"inLanguage":"pt-PT"}]}},"_links":{"self":[{"href":"https:\/\/lovme.pt\/index.php\/wp-json\/wp\/v2\/product\/31127","targetHints":{"allow":["GET"]}}],"collection":[{"href":"https:\/\/lovme.pt\/index.php\/wp-json\/wp\/v2\/product"}],"about":[{"href":"https:\/\/lovme.pt\/index.php\/wp-json\/wp\/v2\/types\/product"}],"wp:featuredmedia":[{"embeddable":true,"href":"https:\/\/lovme.pt\/index.php\/wp-json\/wp\/v2\/media\/70285"}],"wp:attachment":[{"href":"https:\/\/lovme.pt\/index.php\/wp-json\/wp\/v2\/media?parent=31127"}],"wp:term":[{"taxonomy":"product_brand","embeddable":true,"href":"https:\/\/lovme.pt\/index.php\/wp-json\/wp\/v2\/product_brand?post=31127"},{"taxonomy":"product_cat","embeddable":true,"href":"https:\/\/lovme.pt\/index.php\/wp-json\/wp\/v2\/product_cat?post=31127"},{"taxonomy":"product_tag","embeddable":true,"href":"https:\/\/lovme.pt\/index.php\/wp-json\/wp\/v2\/product_tag?post=31127"}],"curies":[{"name":"wp","href":"https:\/\/api.w.org\/{rel}","templated":true}]}}