{"id":31125,"date":"2025-10-01T02:34:36","date_gmt":"2025-10-01T02:34:36","guid":{"rendered":"https:\/\/lovme.pt\/?post_type=product&#038;p=31125"},"modified":"2026-02-19T20:23:29","modified_gmt":"2026-02-19T20:23:29","slug":"satisfyer-estimulador-e-vibrador-love-triangle-preto","status":"publish","type":"product","link":"https:\/\/lovme.pt\/index.php\/produto\/satisfyer-estimulador-e-vibrador-love-triangle-preto\/","title":{"rendered":"SATISFYER LOVE TRIANGLE ESTIMULADOR Y VIBRADOR &#8211; BLANCO"},"content":{"rendered":"<p>UM APLICATIVO, INFINITOS DE DESTAQUES<\/p>\n<p>A n\u00e3o perder: o novo aplicativo Satisfyer Connect oferece oportunidades \u00fanicas! \u00c9 compat\u00edvel com qualquer smartphone, tablet e Apple Watch Android ou Apple. E o melhor de tudo \u00e9 que \u00e9 gratuito para voc\u00ea e recursos novos e interessantes esperam por voc\u00ea todos os meses. N\u00e3o \u00e9 de admirar que o aplicativo Satisfyer Connect tenha sido homenageado na maior feira de eletr\u00f4nicos de consumo do mundo, a CES, em Las Vegas.<\/p>\n<p>FUN\u00c7\u00d5ES SENSACIONAIS NO NOSSO APP SENSACIONAL<\/p>\n<p>Seguran\u00e7a de dados 100% seguran\u00e7a de dados<br \/>O aplicativo est\u00e1 em conformidade com todos os r\u00edgidos requisitos alem\u00e3es de prote\u00e7\u00e3o de dados. Al\u00e9m disso, n\u00e3o \u00e9 necess\u00e1rio registro! O Satisfyer Connect n\u00e3o coleta dados de uso ou comportamento. Portanto, seus dados est\u00e3o 100% seguros em todos os momentos.<\/p>\n<p>Controle remoto Controle remoto<\/p>\n<p>Utilize o seu telem\u00f3vel ou Apple Watch via Bluetooth ou Internet como controlo remoto para todos os seus Satisfyer ou Satisfyer de terceiros (claro, apenas e se solicitado por ambas as partes). Ou monitore a satisfa\u00e7\u00e3o de outros usu\u00e1rios ao vivo em chats de v\u00eddeo! Designer de<\/p>\n<p>Projetista de vibra\u00e7\u00e3o<br \/>Crie suas pr\u00f3prias vibra\u00e7\u00f5es e compartilhe-as com outros usu\u00e1rios ao redor do mundo, se desejar.<\/p>\n<p><strong>Vibra\u00e7\u00e3o ambiente Vibra\u00e7\u00e3o ambiente<\/strong><br \/>Use o microfone do seu celular para transformar o ru\u00eddo ambiente em vibra\u00e7\u00f5es.<\/p>\n<p>Lista de reprodu\u00e7\u00e3o de vibra\u00e7\u00e3o Lista de reprodu\u00e7\u00e3o de vibra\u00e7\u00e3o<br \/>Experimente as vibra\u00e7\u00f5es ao ritmo da sua playlist no Spotify ou em outros servi\u00e7os de streaming.<\/p>\n<p><strong>VENHA COM BLUETOOTH! O R-LOVE-UTION DA SATISFYER APP-TOYS<\/strong><br \/>Fa\u00e7a parte da R-Love-ution e baixe gratuitamente o aplicativo Satisfyer Connect no seu smartphone! Experimente aventuras divertidas: controle remoto e recursos exclusivos como programa\u00e7\u00e3o t\u00e1til, programas de vibra\u00e7\u00e3o individualmente ajust\u00e1veis, detec\u00e7\u00e3o de movimento ou at\u00e9 mesmo a intera\u00e7\u00e3o de v\u00e1rios brinquedos conectados &#8211; experimente e espere novos recursos excelentes todos os meses! Basta baixar o aplicativo gratuito para Android ou Apple iOs e o aplicativo est\u00e1 pronto!<\/p>\n<p>A Satisfyer apresentou seu novo aplicativo revolucion\u00e1rio na maior feira de eletr\u00f4nicos de consumo do mundo, na CES de Las Vegas:<\/p>\n<p><strong>CONEX\u00c3O SATISFAT\u00d3RIA<\/strong><br \/>Devido \u00e0 intera\u00e7\u00e3o bem-sucedida entre bem-estar sexual e tecnologia, o aplicativo Satisfyer Connect ganhou o mundialmente famoso pr\u00eamio CES TWICE Picks. O j\u00fari do CES elogiou especialmente a programa\u00e7\u00e3o t\u00e1til, a detec\u00e7\u00e3o de movimento e a possibilidade de cria\u00e7\u00e3o de novos programas de vibra\u00e7\u00e3o.<\/p>\n<p>O pr\u00eamio CES TWICE Ticks \u00e9 concedido apenas aos melhores bens de consumo do mundo.<\/p>\n<p><strong>SATISFADOR TRI\u00c2NGULO AMOROSO<\/strong><\/p>\n<p>Os orgasmos inesquec\u00edveis do clit\u00f3ris parecem uma utopia er\u00f3tica? Ent\u00e3o prepare-se para uma surpresa, pois com o Love Triangle Satisfyer ele vai te mostrar a exist\u00eancia de aspectos sexuais que v\u00e3o abalar o seu universo, at\u00e9 mesmo controlando o aplicativo. Estimula\u00e7\u00e3o de ondas de press\u00e3o sem contato combinada com vibra\u00e7\u00f5es intensas: Se sua libido voltar a formar um tri\u00e2ngulo, este elegante brinquedo feminino \u00e9 a solu\u00e7\u00e3o de sua escolha!<\/p>\n<p><strong>D\u00ca-LHE PODER!<\/strong><\/p>\n<p>O seu brinquedo est\u00e1 equipado com baterias incorporadas e, portanto, \u00e9 amigo do ambiente. Se necess\u00e1rio, o cabo de carregamento magn\u00e9tico USB inclu\u00eddo pode ser complementado com uma ficha de rede padr\u00e3o de 5V.<\/p>\n<p><strong>MATERIAL E CUIDADOS<\/strong><\/p>\n<p>A cabe\u00e7a de seu brinquedo \u00e0 prova d\u00e1gua \u00e9 feita de silicone m\u00e9dico macio e sedoso, que \u00e9 extremamente escorregadio e absorve rapidamente o calor do corpo. O brinquedo pode ser facilmente limpo com um pouco de sab\u00e3o em \u00e1gua morna. Com um pouco de limpador desinfetante para brinquedos, voc\u00ea pode garantir uma higiene particularmente completa depois, de prefer\u00eancia com o spray desinfetante perfeitamente coordenado da Satisfyer. Para o m\u00e1ximo prazer, utilize sempre o seu brinquedo com um dos lubrificantes \u00e0 base de \u00e1gua da Satisfyer que combinam perfeitamente com o produto. Est\u00e3o dispon\u00edveis nas vers\u00f5es cl\u00e1ssica, sedosa e quente. A composi\u00e7\u00e3o vegana \u00e0 base de \u00e1gua protege o material e mant\u00e9m a superf\u00edcie do seu brinquedo bonita e macia.<\/p>\n<p><strong>A MARCA SATISFADORA<\/strong><\/p>\n<p>Satisfyer: muito mais que uma marca alem\u00e3! Tudo come\u00e7ou com a estimula\u00e7\u00e3o sem contato do clit\u00f3ris gra\u00e7as \u00e0 inovadora e patenteada tecnologia de ondas de press\u00e3o; Enquanto isso, a marca l\u00edder mundial em bem-estar sexual enriquece a vida amorosa de mais de 25 milh\u00f5es de mulheres, homens e casais em mais de 100 pa\u00edses com uma ampla gama de produtos, bem como ideias sempre novas e modernas. Tecnologias Com recursos de qualidade como silicone de alta qualidade, garantia de 15 anos, acabamento herm\u00e9tico e motores potentes, a bem-sucedida marca alem\u00e3 est\u00e1 sempre pronta para aliar tecnologia a design excepcional em seus produtos. S\u00f3 nos \u00faltimos 3 anos, a Satisfyer ganhou mais de 140 pr\u00e9mios internacionais de design como nenhuma outra empresa.<\/p>\n","protected":false},"excerpt":{"rendered":"<p>SATISFYER &#8211; ESTIMULADOR E VIBRADOR LOVE TRIANGLE PRETO<\/p>\n","protected":false},"featured_media":97781,"template":"","meta":{"_acf_changed":false},"product_brand":[],"product_cat":[17,61,64,76],"product_tag":[],"class_list":{"0":"post-31125","1":"product","2":"type-product","3":"status-publish","4":"has-post-thumbnail","6":"product_cat-brinquedos-de-bem-estar-sexual","7":"product_cat-para-elas","8":"product_cat-sugadores","9":"product_cat-vibradores","10":"yith_product_brand-satisfyer","11":"yith_product_brand-satisfyer-satisfyer-connect","13":"first","14":"instock","15":"taxable","16":"shipping-taxable","17":"purchasable","18":"product-type-variable","19":"has-default-attributes"},"acf":[],"yoast_head":"<!-- This site is optimized with the Yoast SEO plugin v27.4 - https:\/\/yoast.com\/product\/yoast-seo-wordpress\/ -->\n<title>SATISFYER LOVE TRIANGLE ESTIMULADOR Y VIBRADOR - BLANCO - Lovme<\/title>\n<meta name=\"robots\" content=\"index, follow, max-snippet:-1, max-image-preview:large, max-video-preview:-1\" \/>\n<link rel=\"canonical\" href=\"https:\/\/lovme.pt\/index.php\/produto\/satisfyer-estimulador-e-vibrador-love-triangle-preto\/\" \/>\n<meta property=\"og:locale\" content=\"pt_PT\" \/>\n<meta property=\"og:type\" content=\"article\" \/>\n<meta property=\"og:title\" content=\"SATISFYER LOVE TRIANGLE ESTIMULADOR Y VIBRADOR - BLANCO - Lovme\" \/>\n<meta property=\"og:description\" content=\"SATISFYER - ESTIMULADOR E VIBRADOR LOVE TRIANGLE PRETO\" \/>\n<meta property=\"og:url\" content=\"https:\/\/lovme.pt\/index.php\/produto\/satisfyer-estimulador-e-vibrador-love-triangle-preto\/\" \/>\n<meta property=\"og:site_name\" content=\"Lovme\" \/>\n<meta property=\"article:modified_time\" content=\"2026-02-19T20:23:29+00:00\" \/>\n<meta property=\"og:image\" content=\"https:\/\/erki24nd3ub.exactdn.com\/wp-content\/uploads\/dream\/img\/img_89498_4d1554385d544770ccbb74881ecfa9d5_1.png?strip=all\" \/>\n\t<meta property=\"og:image:width\" content=\"900\" \/>\n\t<meta property=\"og:image:height\" content=\"900\" \/>\n\t<meta property=\"og:image:type\" content=\"image\/png\" \/>\n<meta name=\"twitter:card\" content=\"summary_large_image\" \/>\n<meta name=\"twitter:label1\" content=\"Tempo estimado de leitura\" \/>\n\t<meta name=\"twitter:data1\" content=\"4 minutos\" \/>\n<script type=\"application\/ld+json\" class=\"yoast-schema-graph\">{\"@context\":\"https:\\\/\\\/schema.org\",\"@graph\":[{\"@type\":\"WebPage\",\"@id\":\"https:\\\/\\\/lovme.pt\\\/index.php\\\/produto\\\/satisfyer-estimulador-e-vibrador-love-triangle-preto\\\/\",\"url\":\"https:\\\/\\\/lovme.pt\\\/index.php\\\/produto\\\/satisfyer-estimulador-e-vibrador-love-triangle-preto\\\/\",\"name\":\"SATISFYER LOVE TRIANGLE ESTIMULADOR Y VIBRADOR - BLANCO - Lovme\",\"isPartOf\":{\"@id\":\"https:\\\/\\\/lovme.pt\\\/#website\"},\"primaryImageOfPage\":{\"@id\":\"https:\\\/\\\/lovme.pt\\\/index.php\\\/produto\\\/satisfyer-estimulador-e-vibrador-love-triangle-preto\\\/#primaryimage\"},\"image\":{\"@id\":\"https:\\\/\\\/lovme.pt\\\/index.php\\\/produto\\\/satisfyer-estimulador-e-vibrador-love-triangle-preto\\\/#primaryimage\"},\"thumbnailUrl\":\"https:\\\/\\\/erki24nd3ub.exactdn.com\\\/wp-content\\\/uploads\\\/dream\\\/img\\\/img_89498_4d1554385d544770ccbb74881ecfa9d5_1.png?strip=all\",\"datePublished\":\"2025-10-01T02:34:36+00:00\",\"dateModified\":\"2026-02-19T20:23:29+00:00\",\"breadcrumb\":{\"@id\":\"https:\\\/\\\/lovme.pt\\\/index.php\\\/produto\\\/satisfyer-estimulador-e-vibrador-love-triangle-preto\\\/#breadcrumb\"},\"inLanguage\":\"pt-PT\",\"potentialAction\":[{\"@type\":\"ReadAction\",\"target\":[\"https:\\\/\\\/lovme.pt\\\/index.php\\\/produto\\\/satisfyer-estimulador-e-vibrador-love-triangle-preto\\\/\"]}]},{\"@type\":\"ImageObject\",\"inLanguage\":\"pt-PT\",\"@id\":\"https:\\\/\\\/lovme.pt\\\/index.php\\\/produto\\\/satisfyer-estimulador-e-vibrador-love-triangle-preto\\\/#primaryimage\",\"url\":\"https:\\\/\\\/erki24nd3ub.exactdn.com\\\/wp-content\\\/uploads\\\/dream\\\/img\\\/img_89498_4d1554385d544770ccbb74881ecfa9d5_1.png?strip=all\",\"contentUrl\":\"https:\\\/\\\/erki24nd3ub.exactdn.com\\\/wp-content\\\/uploads\\\/dream\\\/img\\\/img_89498_4d1554385d544770ccbb74881ecfa9d5_1.png?strip=all\",\"width\":900,\"height\":900},{\"@type\":\"BreadcrumbList\",\"@id\":\"https:\\\/\\\/lovme.pt\\\/index.php\\\/produto\\\/satisfyer-estimulador-e-vibrador-love-triangle-preto\\\/#breadcrumb\",\"itemListElement\":[{\"@type\":\"ListItem\",\"position\":1,\"name\":\"In\u00edcio\",\"item\":\"https:\\\/\\\/lovme.pt\\\/\"},{\"@type\":\"ListItem\",\"position\":2,\"name\":\"Loja\",\"item\":\"https:\\\/\\\/lovme.pt\\\/index.php\\\/loja\\\/\"},{\"@type\":\"ListItem\",\"position\":3,\"name\":\"SATISFYER LOVE TRIANGLE ESTIMULADOR Y VIBRADOR &#8211; BLANCO\"}]},{\"@type\":\"WebSite\",\"@id\":\"https:\\\/\\\/lovme.pt\\\/#website\",\"url\":\"https:\\\/\\\/lovme.pt\\\/\",\"name\":\"Lovme Loja Er\u00f3tica N\u00ba1 em Portugal\",\"description\":\"A melhor loja er\u00f3tica de Portugal.\",\"alternateName\":\"Loja Er\u00f3tica Lovme\",\"potentialAction\":[{\"@type\":\"SearchAction\",\"target\":{\"@type\":\"EntryPoint\",\"urlTemplate\":\"https:\\\/\\\/lovme.pt\\\/?s={search_term_string}\"},\"query-input\":{\"@type\":\"PropertyValueSpecification\",\"valueRequired\":true,\"valueName\":\"search_term_string\"}}],\"inLanguage\":\"pt-PT\"}]}<\/script>\n<!-- \/ Yoast SEO plugin. -->","yoast_head_json":{"title":"SATISFYER LOVE TRIANGLE ESTIMULADOR Y VIBRADOR - BLANCO - Lovme","robots":{"index":"index","follow":"follow","max-snippet":"max-snippet:-1","max-image-preview":"max-image-preview:large","max-video-preview":"max-video-preview:-1"},"canonical":"https:\/\/lovme.pt\/index.php\/produto\/satisfyer-estimulador-e-vibrador-love-triangle-preto\/","og_locale":"pt_PT","og_type":"article","og_title":"SATISFYER LOVE TRIANGLE ESTIMULADOR Y VIBRADOR - BLANCO - Lovme","og_description":"SATISFYER - ESTIMULADOR E VIBRADOR LOVE TRIANGLE PRETO","og_url":"https:\/\/lovme.pt\/index.php\/produto\/satisfyer-estimulador-e-vibrador-love-triangle-preto\/","og_site_name":"Lovme","article_modified_time":"2026-02-19T20:23:29+00:00","og_image":[{"width":900,"height":900,"url":"https:\/\/erki24nd3ub.exactdn.com\/wp-content\/uploads\/dream\/img\/img_89498_4d1554385d544770ccbb74881ecfa9d5_1.png?strip=all","type":"image\/png"}],"twitter_card":"summary_large_image","twitter_misc":{"Tempo estimado de leitura":"4 minutos"},"schema":{"@context":"https:\/\/schema.org","@graph":[{"@type":"WebPage","@id":"https:\/\/lovme.pt\/index.php\/produto\/satisfyer-estimulador-e-vibrador-love-triangle-preto\/","url":"https:\/\/lovme.pt\/index.php\/produto\/satisfyer-estimulador-e-vibrador-love-triangle-preto\/","name":"SATISFYER LOVE TRIANGLE ESTIMULADOR Y VIBRADOR - BLANCO - Lovme","isPartOf":{"@id":"https:\/\/lovme.pt\/#website"},"primaryImageOfPage":{"@id":"https:\/\/lovme.pt\/index.php\/produto\/satisfyer-estimulador-e-vibrador-love-triangle-preto\/#primaryimage"},"image":{"@id":"https:\/\/lovme.pt\/index.php\/produto\/satisfyer-estimulador-e-vibrador-love-triangle-preto\/#primaryimage"},"thumbnailUrl":"https:\/\/erki24nd3ub.exactdn.com\/wp-content\/uploads\/dream\/img\/img_89498_4d1554385d544770ccbb74881ecfa9d5_1.png?strip=all","datePublished":"2025-10-01T02:34:36+00:00","dateModified":"2026-02-19T20:23:29+00:00","breadcrumb":{"@id":"https:\/\/lovme.pt\/index.php\/produto\/satisfyer-estimulador-e-vibrador-love-triangle-preto\/#breadcrumb"},"inLanguage":"pt-PT","potentialAction":[{"@type":"ReadAction","target":["https:\/\/lovme.pt\/index.php\/produto\/satisfyer-estimulador-e-vibrador-love-triangle-preto\/"]}]},{"@type":"ImageObject","inLanguage":"pt-PT","@id":"https:\/\/lovme.pt\/index.php\/produto\/satisfyer-estimulador-e-vibrador-love-triangle-preto\/#primaryimage","url":"https:\/\/erki24nd3ub.exactdn.com\/wp-content\/uploads\/dream\/img\/img_89498_4d1554385d544770ccbb74881ecfa9d5_1.png?strip=all","contentUrl":"https:\/\/erki24nd3ub.exactdn.com\/wp-content\/uploads\/dream\/img\/img_89498_4d1554385d544770ccbb74881ecfa9d5_1.png?strip=all","width":900,"height":900},{"@type":"BreadcrumbList","@id":"https:\/\/lovme.pt\/index.php\/produto\/satisfyer-estimulador-e-vibrador-love-triangle-preto\/#breadcrumb","itemListElement":[{"@type":"ListItem","position":1,"name":"In\u00edcio","item":"https:\/\/lovme.pt\/"},{"@type":"ListItem","position":2,"name":"Loja","item":"https:\/\/lovme.pt\/index.php\/loja\/"},{"@type":"ListItem","position":3,"name":"SATISFYER LOVE TRIANGLE ESTIMULADOR Y VIBRADOR &#8211; BLANCO"}]},{"@type":"WebSite","@id":"https:\/\/lovme.pt\/#website","url":"https:\/\/lovme.pt\/","name":"Lovme Loja Er\u00f3tica N\u00ba1 em Portugal","description":"A melhor loja er\u00f3tica de Portugal.","alternateName":"Loja Er\u00f3tica Lovme","potentialAction":[{"@type":"SearchAction","target":{"@type":"EntryPoint","urlTemplate":"https:\/\/lovme.pt\/?s={search_term_string}"},"query-input":{"@type":"PropertyValueSpecification","valueRequired":true,"valueName":"search_term_string"}}],"inLanguage":"pt-PT"}]}},"_links":{"self":[{"href":"https:\/\/lovme.pt\/index.php\/wp-json\/wp\/v2\/product\/31125","targetHints":{"allow":["GET"]}}],"collection":[{"href":"https:\/\/lovme.pt\/index.php\/wp-json\/wp\/v2\/product"}],"about":[{"href":"https:\/\/lovme.pt\/index.php\/wp-json\/wp\/v2\/types\/product"}],"wp:featuredmedia":[{"embeddable":true,"href":"https:\/\/lovme.pt\/index.php\/wp-json\/wp\/v2\/media\/97781"}],"wp:attachment":[{"href":"https:\/\/lovme.pt\/index.php\/wp-json\/wp\/v2\/media?parent=31125"}],"wp:term":[{"taxonomy":"product_brand","embeddable":true,"href":"https:\/\/lovme.pt\/index.php\/wp-json\/wp\/v2\/product_brand?post=31125"},{"taxonomy":"product_cat","embeddable":true,"href":"https:\/\/lovme.pt\/index.php\/wp-json\/wp\/v2\/product_cat?post=31125"},{"taxonomy":"product_tag","embeddable":true,"href":"https:\/\/lovme.pt\/index.php\/wp-json\/wp\/v2\/product_tag?post=31125"}],"curies":[{"name":"wp","href":"https:\/\/api.w.org\/{rel}","templated":true}]}}