{"id":30999,"date":"2025-09-30T09:44:40","date_gmt":"2025-09-30T09:44:40","guid":{"rendered":"https:\/\/lovme.pt\/?post_type=product&#038;p=30999"},"modified":"2026-04-14T10:47:44","modified_gmt":"2026-04-14T10:47:44","slug":"shunga-oleo-de-massagem-organico-natural-240-ml","status":"publish","type":"product","link":"https:\/\/lovme.pt\/index.php\/produto\/shunga-oleo-de-massagem-organico-natural-240-ml\/","title":{"rendered":"SHUNGA &#8211; \u00d3LEO DE MASSAGEM ORG\u00c2NICO NATURAL 240 ML"},"content":{"rendered":"<p>Quer fazer massagens como nunca antes? O que a m&atilde;o e a pele se fundem em uma s&oacute;? Quer deixar seu parceiro querendo mais cada vez que usar esse &oacute;leo? N&atilde;o espere mais e experimente, voc&ecirc; s&oacute; vai querer repetir de novo e de novo.<\/p>\n<p>Este &oacute;leo &eacute; inspirado na arte er&oacute;tica japonesa. &Eacute; um verdadeiro convite a uma viagem que o deixar&aacute; maravilhado. com a boca aberta. Estes cosm&eacute;ticos elegantes s&atilde;o uma ode &agrave; sensualidade, excita&ccedil;&atilde;o e paix&atilde;o. Voc&ecirc; tem coragem? Deixe a jornada come&ccedil;ar!<\/p>\n<p>&nbsp;<\/p>\n<p><u><strong>CARACTER&Iacute;STICAS:<\/strong><\/u><\/p>\n<ul>\n<li>Feito com &oacute;leos 100% naturais prensados a frio<\/li>\n<li>Sabores deliciosos<\/li>\n<li>Vitamina E (antioxidante)<\/li>\n<li>Nenhum res&iacute;duo gorduroso<\/li>\n<li>N&atilde;o obstrui os poros da pele<\/li>\n<li>Pacote: 240ML<\/li>\n<li>Aroma: Natural<\/li>\n<\/ul>\n<p>&nbsp;<\/p>\n<p><strong>Shunga<\/strong> &eacute; l&iacute;der mundial em cosm&eacute;tica er&oacute;tica, seus ingredientes naturais fundidos com princ&iacute;pios ativos alcan&ccedil;am &oacute;timos resultados. Entrar no mundo er&oacute;tico de Shunga &eacute; viajar ao passado. Traduzido literalmente, <strong>Shunga<\/strong> significa &ldquo;imagem da primavera&rdquo;, uma forma delicada de dizer &ldquo;rela&ccedil;&otilde;es sexuais&rdquo; entre pessoas. Esta palavra era usada para designar as pinturas er&oacute;ticas japonesas dos s&eacute;culos XVI, XVII e XVIII, um tipo denominado ukiyo-e, que nada mais eram do que trabalhos em madeira ou pergaminho com cenas sensuais e epis&oacute;dios de amor carnal, sempre feitos com muito cuidado. carinho e bom gosto. A arte <strong>Shunga<\/strong> , embora escondida durante s&eacute;culos, marcou o in&iacute;cio da ind&uacute;stria pornogr&aacute;fica para a classe m&eacute;dia japonesa e serviu como fonte de renda. por gera&ccedil;&otilde;es como um ensinamento para os filhos e filhas de muitas fam&iacute;lias.<\/p>\n<p><img decoding=\"async\" alt=\"\" src=\"https:\/\/store.dreamlove.es\/UserFiles\/image\/banderas.png\" style=\"width: 121px;height: 35px\" \/><\/p>\n","protected":false},"excerpt":{"rendered":"<p>EMBALAGEM DISPON\u00cdVEL EM: \/es\/en\/fr\/de\/<\/p>\n","protected":false},"featured_media":56449,"template":"","meta":{"_acf_changed":false},"product_brand":[],"product_cat":[49,51],"product_tag":[],"class_list":{"0":"post-30999","1":"product","2":"type-product","3":"status-publish","4":"has-post-thumbnail","6":"product_cat-cosmeticos","7":"product_cat-oleos-de-massagem","8":"yith_product_brand-shungashunga-oils","10":"first","11":"instock","12":"taxable","13":"shipping-taxable","14":"purchasable","15":"product-type-simple"},"acf":[],"yoast_head":"<!-- This site is optimized with the Yoast SEO plugin v27.4 - https:\/\/yoast.com\/product\/yoast-seo-wordpress\/ -->\n<title>SHUNGA - \u00d3LEO DE MASSAGEM ORG\u00c2NICO NATURAL 240 ML - Lovme<\/title>\n<meta name=\"robots\" content=\"index, follow, max-snippet:-1, max-image-preview:large, max-video-preview:-1\" \/>\n<link rel=\"canonical\" href=\"https:\/\/lovme.pt\/index.php\/produto\/shunga-oleo-de-massagem-organico-natural-240-ml\/\" \/>\n<meta property=\"og:locale\" content=\"pt_PT\" \/>\n<meta property=\"og:type\" content=\"article\" \/>\n<meta property=\"og:title\" content=\"SHUNGA - \u00d3LEO DE MASSAGEM ORG\u00c2NICO NATURAL 240 ML - Lovme\" \/>\n<meta property=\"og:description\" content=\"EMBALAGEM DISPON\u00cdVEL EM: \/es\/en\/fr\/de\/\" \/>\n<meta property=\"og:url\" content=\"https:\/\/lovme.pt\/index.php\/produto\/shunga-oleo-de-massagem-organico-natural-240-ml\/\" \/>\n<meta property=\"og:site_name\" content=\"Lovme\" \/>\n<meta property=\"article:modified_time\" content=\"2026-04-14T10:47:44+00:00\" \/>\n<meta property=\"og:image\" content=\"https:\/\/erki24nd3ub.exactdn.com\/wp-content\/uploads\/dream\/img\/img_89231_560fec9fcfb457484b73cc07c2da020d_1.jpg?strip=all\" \/>\n\t<meta property=\"og:image:width\" content=\"564\" \/>\n\t<meta property=\"og:image:height\" content=\"564\" \/>\n\t<meta property=\"og:image:type\" content=\"image\/jpeg\" \/>\n<meta name=\"twitter:card\" content=\"summary_large_image\" \/>\n<meta name=\"twitter:label1\" content=\"Tempo estimado de leitura\" \/>\n\t<meta name=\"twitter:data1\" content=\"2 minutos\" \/>\n<script type=\"application\/ld+json\" class=\"yoast-schema-graph\">{\"@context\":\"https:\\\/\\\/schema.org\",\"@graph\":[{\"@type\":\"WebPage\",\"@id\":\"https:\\\/\\\/lovme.pt\\\/index.php\\\/produto\\\/shunga-oleo-de-massagem-organico-natural-240-ml\\\/\",\"url\":\"https:\\\/\\\/lovme.pt\\\/index.php\\\/produto\\\/shunga-oleo-de-massagem-organico-natural-240-ml\\\/\",\"name\":\"SHUNGA - \u00d3LEO DE MASSAGEM ORG\u00c2NICO NATURAL 240 ML - Lovme\",\"isPartOf\":{\"@id\":\"https:\\\/\\\/lovme.pt\\\/#website\"},\"primaryImageOfPage\":{\"@id\":\"https:\\\/\\\/lovme.pt\\\/index.php\\\/produto\\\/shunga-oleo-de-massagem-organico-natural-240-ml\\\/#primaryimage\"},\"image\":{\"@id\":\"https:\\\/\\\/lovme.pt\\\/index.php\\\/produto\\\/shunga-oleo-de-massagem-organico-natural-240-ml\\\/#primaryimage\"},\"thumbnailUrl\":\"https:\\\/\\\/erki24nd3ub.exactdn.com\\\/wp-content\\\/uploads\\\/dream\\\/img\\\/img_89231_560fec9fcfb457484b73cc07c2da020d_1.jpg?strip=all\",\"datePublished\":\"2025-09-30T09:44:40+00:00\",\"dateModified\":\"2026-04-14T10:47:44+00:00\",\"breadcrumb\":{\"@id\":\"https:\\\/\\\/lovme.pt\\\/index.php\\\/produto\\\/shunga-oleo-de-massagem-organico-natural-240-ml\\\/#breadcrumb\"},\"inLanguage\":\"pt-PT\",\"potentialAction\":[{\"@type\":\"ReadAction\",\"target\":[\"https:\\\/\\\/lovme.pt\\\/index.php\\\/produto\\\/shunga-oleo-de-massagem-organico-natural-240-ml\\\/\"]}]},{\"@type\":\"ImageObject\",\"inLanguage\":\"pt-PT\",\"@id\":\"https:\\\/\\\/lovme.pt\\\/index.php\\\/produto\\\/shunga-oleo-de-massagem-organico-natural-240-ml\\\/#primaryimage\",\"url\":\"https:\\\/\\\/erki24nd3ub.exactdn.com\\\/wp-content\\\/uploads\\\/dream\\\/img\\\/img_89231_560fec9fcfb457484b73cc07c2da020d_1.jpg?strip=all\",\"contentUrl\":\"https:\\\/\\\/erki24nd3ub.exactdn.com\\\/wp-content\\\/uploads\\\/dream\\\/img\\\/img_89231_560fec9fcfb457484b73cc07c2da020d_1.jpg?strip=all\",\"width\":564,\"height\":564},{\"@type\":\"BreadcrumbList\",\"@id\":\"https:\\\/\\\/lovme.pt\\\/index.php\\\/produto\\\/shunga-oleo-de-massagem-organico-natural-240-ml\\\/#breadcrumb\",\"itemListElement\":[{\"@type\":\"ListItem\",\"position\":1,\"name\":\"In\u00edcio\",\"item\":\"https:\\\/\\\/lovme.pt\\\/\"},{\"@type\":\"ListItem\",\"position\":2,\"name\":\"Loja\",\"item\":\"https:\\\/\\\/lovme.pt\\\/index.php\\\/loja\\\/\"},{\"@type\":\"ListItem\",\"position\":3,\"name\":\"SHUNGA &#8211; \u00d3LEO DE MASSAGEM ORG\u00c2NICO NATURAL 240 ML\"}]},{\"@type\":\"WebSite\",\"@id\":\"https:\\\/\\\/lovme.pt\\\/#website\",\"url\":\"https:\\\/\\\/lovme.pt\\\/\",\"name\":\"Lovme Loja Er\u00f3tica N\u00ba1 em Portugal\",\"description\":\"A melhor loja er\u00f3tica de Portugal.\",\"alternateName\":\"Loja Er\u00f3tica Lovme\",\"potentialAction\":[{\"@type\":\"SearchAction\",\"target\":{\"@type\":\"EntryPoint\",\"urlTemplate\":\"https:\\\/\\\/lovme.pt\\\/?s={search_term_string}\"},\"query-input\":{\"@type\":\"PropertyValueSpecification\",\"valueRequired\":true,\"valueName\":\"search_term_string\"}}],\"inLanguage\":\"pt-PT\"}]}<\/script>\n<!-- \/ Yoast SEO plugin. -->","yoast_head_json":{"title":"SHUNGA - \u00d3LEO DE MASSAGEM ORG\u00c2NICO NATURAL 240 ML - Lovme","robots":{"index":"index","follow":"follow","max-snippet":"max-snippet:-1","max-image-preview":"max-image-preview:large","max-video-preview":"max-video-preview:-1"},"canonical":"https:\/\/lovme.pt\/index.php\/produto\/shunga-oleo-de-massagem-organico-natural-240-ml\/","og_locale":"pt_PT","og_type":"article","og_title":"SHUNGA - \u00d3LEO DE MASSAGEM ORG\u00c2NICO NATURAL 240 ML - Lovme","og_description":"EMBALAGEM DISPON\u00cdVEL EM: \/es\/en\/fr\/de\/","og_url":"https:\/\/lovme.pt\/index.php\/produto\/shunga-oleo-de-massagem-organico-natural-240-ml\/","og_site_name":"Lovme","article_modified_time":"2026-04-14T10:47:44+00:00","og_image":[{"width":564,"height":564,"url":"https:\/\/erki24nd3ub.exactdn.com\/wp-content\/uploads\/dream\/img\/img_89231_560fec9fcfb457484b73cc07c2da020d_1.jpg?strip=all","type":"image\/jpeg"}],"twitter_card":"summary_large_image","twitter_misc":{"Tempo estimado de leitura":"2 minutos"},"schema":{"@context":"https:\/\/schema.org","@graph":[{"@type":"WebPage","@id":"https:\/\/lovme.pt\/index.php\/produto\/shunga-oleo-de-massagem-organico-natural-240-ml\/","url":"https:\/\/lovme.pt\/index.php\/produto\/shunga-oleo-de-massagem-organico-natural-240-ml\/","name":"SHUNGA - \u00d3LEO DE MASSAGEM ORG\u00c2NICO NATURAL 240 ML - Lovme","isPartOf":{"@id":"https:\/\/lovme.pt\/#website"},"primaryImageOfPage":{"@id":"https:\/\/lovme.pt\/index.php\/produto\/shunga-oleo-de-massagem-organico-natural-240-ml\/#primaryimage"},"image":{"@id":"https:\/\/lovme.pt\/index.php\/produto\/shunga-oleo-de-massagem-organico-natural-240-ml\/#primaryimage"},"thumbnailUrl":"https:\/\/erki24nd3ub.exactdn.com\/wp-content\/uploads\/dream\/img\/img_89231_560fec9fcfb457484b73cc07c2da020d_1.jpg?strip=all","datePublished":"2025-09-30T09:44:40+00:00","dateModified":"2026-04-14T10:47:44+00:00","breadcrumb":{"@id":"https:\/\/lovme.pt\/index.php\/produto\/shunga-oleo-de-massagem-organico-natural-240-ml\/#breadcrumb"},"inLanguage":"pt-PT","potentialAction":[{"@type":"ReadAction","target":["https:\/\/lovme.pt\/index.php\/produto\/shunga-oleo-de-massagem-organico-natural-240-ml\/"]}]},{"@type":"ImageObject","inLanguage":"pt-PT","@id":"https:\/\/lovme.pt\/index.php\/produto\/shunga-oleo-de-massagem-organico-natural-240-ml\/#primaryimage","url":"https:\/\/erki24nd3ub.exactdn.com\/wp-content\/uploads\/dream\/img\/img_89231_560fec9fcfb457484b73cc07c2da020d_1.jpg?strip=all","contentUrl":"https:\/\/erki24nd3ub.exactdn.com\/wp-content\/uploads\/dream\/img\/img_89231_560fec9fcfb457484b73cc07c2da020d_1.jpg?strip=all","width":564,"height":564},{"@type":"BreadcrumbList","@id":"https:\/\/lovme.pt\/index.php\/produto\/shunga-oleo-de-massagem-organico-natural-240-ml\/#breadcrumb","itemListElement":[{"@type":"ListItem","position":1,"name":"In\u00edcio","item":"https:\/\/lovme.pt\/"},{"@type":"ListItem","position":2,"name":"Loja","item":"https:\/\/lovme.pt\/index.php\/loja\/"},{"@type":"ListItem","position":3,"name":"SHUNGA &#8211; \u00d3LEO DE MASSAGEM ORG\u00c2NICO NATURAL 240 ML"}]},{"@type":"WebSite","@id":"https:\/\/lovme.pt\/#website","url":"https:\/\/lovme.pt\/","name":"Lovme Loja Er\u00f3tica N\u00ba1 em Portugal","description":"A melhor loja er\u00f3tica de Portugal.","alternateName":"Loja Er\u00f3tica Lovme","potentialAction":[{"@type":"SearchAction","target":{"@type":"EntryPoint","urlTemplate":"https:\/\/lovme.pt\/?s={search_term_string}"},"query-input":{"@type":"PropertyValueSpecification","valueRequired":true,"valueName":"search_term_string"}}],"inLanguage":"pt-PT"}]}},"_links":{"self":[{"href":"https:\/\/lovme.pt\/index.php\/wp-json\/wp\/v2\/product\/30999","targetHints":{"allow":["GET"]}}],"collection":[{"href":"https:\/\/lovme.pt\/index.php\/wp-json\/wp\/v2\/product"}],"about":[{"href":"https:\/\/lovme.pt\/index.php\/wp-json\/wp\/v2\/types\/product"}],"wp:featuredmedia":[{"embeddable":true,"href":"https:\/\/lovme.pt\/index.php\/wp-json\/wp\/v2\/media\/56449"}],"wp:attachment":[{"href":"https:\/\/lovme.pt\/index.php\/wp-json\/wp\/v2\/media?parent=30999"}],"wp:term":[{"taxonomy":"product_brand","embeddable":true,"href":"https:\/\/lovme.pt\/index.php\/wp-json\/wp\/v2\/product_brand?post=30999"},{"taxonomy":"product_cat","embeddable":true,"href":"https:\/\/lovme.pt\/index.php\/wp-json\/wp\/v2\/product_cat?post=30999"},{"taxonomy":"product_tag","embeddable":true,"href":"https:\/\/lovme.pt\/index.php\/wp-json\/wp\/v2\/product_tag?post=30999"}],"curies":[{"name":"wp","href":"https:\/\/api.w.org\/{rel}","templated":true}]}}