{"id":30975,"date":"2025-09-30T09:44:39","date_gmt":"2025-09-30T09:44:39","guid":{"rendered":"https:\/\/lovme.pt\/?post_type=product&#038;p=30975"},"modified":"2026-04-15T10:47:32","modified_gmt":"2026-04-15T10:47:32","slug":"shunga-oleo-de-massagem-erotica-serenity-240-ml","status":"publish","type":"product","link":"https:\/\/lovme.pt\/index.php\/produto\/shunga-oleo-de-massagem-erotica-serenity-240-ml\/","title":{"rendered":"SHUNGA &#8211; \u00d3LEO DE MASSAGEM ER\u00d3TICA SERENITY 240 ML"},"content":{"rendered":"<p>&Oacute;leo de massagem sensual de origem ORIENTAL de alta qualidade, composto por uma mistura de &oacute;leos essenciais de am&ecirc;ndoa doce, sementes de uva, gergelim, abacate, ess&ecirc;ncia pura de Ylang-Ylang e Yohime.<\/p>\n<p>Aroma sensual de MONOI, estimulando todos os sentidos, especialmente selecionado pela sua suavidade quando espalhado na pele sem deixar sensa&ccedil;&atilde;o oleosa.<\/p>\n<p>Fabricado de acordo com a antiga tradi&ccedil;&atilde;o oriental, com este &oacute;leo de do&ccedil;ura absoluta, voc&ecirc; deslizar&aacute; fantasticamente sobre o corpo do seu amante, produzindo uma sensa&ccedil;&atilde;o AFRODIS&Iacute;ACA.<\/p>\n<p>Testado dermatologicamente, n&atilde;o produz nenhuma rea&ccedil;&atilde;o al&eacute;rgica e &eacute; totalmente inofensivo para a pele.<\/p>\n<ul>\n<li>Recipiente transparente de 240 ml.<\/li>\n<\/ul>\n<p>Shunga &eacute; l&iacute;der mundial em cosm&eacute;ticos er&oacute;ticos, seus ingredientes naturais fundidos com princ&iacute;pios ativos alcan&ccedil;am &oacute;timos resultados.<\/p>\n<p>Entrar no mundo er&oacute;tico de Shunga &eacute; como viajar ao passado. Traduzido literalmente, Shunga significa &ldquo;imagem da primavera&rdquo;, uma forma delicada de dizer &ldquo;rela&ccedil;&otilde;es sexuais&rdquo; entre pessoas.<\/p>\n<p>Essa palavra era usada para designar as pinturas er&oacute;ticas japonesas dos s&eacute;culos XVI, XVII e XVIII, tipo denominado ukiyo-e, que nada mais eram do que trabalhos em madeira ou pergaminho com cenas sensuais e epis&oacute;dios de amor carnal, sempre feitos com muito cuidado. e bom gosto.<\/p>\n<p>A arte Shunga, embora escondida durante s&eacute;culos, marcou o in&iacute;cio da ind&uacute;stria pornogr&aacute;fica para a classe m&eacute;dia japonesa e serviu durante gera&ccedil;&otilde;es como educa&ccedil;&atilde;o para filhos e filhas de muitas fam&iacute;lias.<\/p>\n","protected":false},"excerpt":{"rendered":"<p>EMBALAGEM DISPON\u00cdVEL EM: \/es\/en\/fr\/de\/<\/p>\n","protected":false},"featured_media":56445,"template":"","meta":{"_acf_changed":false},"product_brand":[],"product_cat":[51],"product_tag":[],"class_list":{"0":"post-30975","1":"product","2":"type-product","3":"status-publish","4":"has-post-thumbnail","6":"product_cat-oleos-de-massagem","7":"yith_product_brand-shungashunga-oils","9":"first","10":"instock","11":"taxable","12":"shipping-taxable","13":"purchasable","14":"product-type-simple"},"acf":[],"yoast_head":"<!-- This site is optimized with the Yoast SEO plugin v27.4 - https:\/\/yoast.com\/product\/yoast-seo-wordpress\/ -->\n<title>SHUNGA - \u00d3LEO DE MASSAGEM ER\u00d3TICA SERENITY 240 ML - Lovme<\/title>\n<meta name=\"robots\" content=\"index, follow, max-snippet:-1, max-image-preview:large, max-video-preview:-1\" \/>\n<link rel=\"canonical\" href=\"https:\/\/lovme.pt\/index.php\/produto\/shunga-oleo-de-massagem-erotica-serenity-240-ml\/\" \/>\n<meta property=\"og:locale\" content=\"pt_PT\" \/>\n<meta property=\"og:type\" content=\"article\" \/>\n<meta property=\"og:title\" content=\"SHUNGA - \u00d3LEO DE MASSAGEM ER\u00d3TICA SERENITY 240 ML - Lovme\" \/>\n<meta property=\"og:description\" content=\"EMBALAGEM DISPON\u00cdVEL EM: \/es\/en\/fr\/de\/\" \/>\n<meta property=\"og:url\" content=\"https:\/\/lovme.pt\/index.php\/produto\/shunga-oleo-de-massagem-erotica-serenity-240-ml\/\" \/>\n<meta property=\"og:site_name\" content=\"Lovme\" \/>\n<meta property=\"article:modified_time\" content=\"2026-04-15T10:47:32+00:00\" \/>\n<meta property=\"og:image\" content=\"https:\/\/erki24nd3ub.exactdn.com\/wp-content\/uploads\/dream\/img\/img_89182_85090d10fa2902ee80db5bab5f174953_1.jpg?strip=all\" \/>\n\t<meta property=\"og:image:width\" content=\"630\" \/>\n\t<meta property=\"og:image:height\" content=\"630\" \/>\n\t<meta property=\"og:image:type\" content=\"image\/jpeg\" \/>\n<meta name=\"twitter:card\" content=\"summary_large_image\" \/>\n<meta name=\"twitter:label1\" content=\"Tempo estimado de leitura\" \/>\n\t<meta name=\"twitter:data1\" content=\"1 minuto\" \/>\n<script type=\"application\/ld+json\" class=\"yoast-schema-graph\">{\"@context\":\"https:\\\/\\\/schema.org\",\"@graph\":[{\"@type\":\"WebPage\",\"@id\":\"https:\\\/\\\/lovme.pt\\\/index.php\\\/produto\\\/shunga-oleo-de-massagem-erotica-serenity-240-ml\\\/\",\"url\":\"https:\\\/\\\/lovme.pt\\\/index.php\\\/produto\\\/shunga-oleo-de-massagem-erotica-serenity-240-ml\\\/\",\"name\":\"SHUNGA - \u00d3LEO DE MASSAGEM ER\u00d3TICA SERENITY 240 ML - Lovme\",\"isPartOf\":{\"@id\":\"https:\\\/\\\/lovme.pt\\\/#website\"},\"primaryImageOfPage\":{\"@id\":\"https:\\\/\\\/lovme.pt\\\/index.php\\\/produto\\\/shunga-oleo-de-massagem-erotica-serenity-240-ml\\\/#primaryimage\"},\"image\":{\"@id\":\"https:\\\/\\\/lovme.pt\\\/index.php\\\/produto\\\/shunga-oleo-de-massagem-erotica-serenity-240-ml\\\/#primaryimage\"},\"thumbnailUrl\":\"https:\\\/\\\/erki24nd3ub.exactdn.com\\\/wp-content\\\/uploads\\\/dream\\\/img\\\/img_89182_85090d10fa2902ee80db5bab5f174953_1.jpg?strip=all\",\"datePublished\":\"2025-09-30T09:44:39+00:00\",\"dateModified\":\"2026-04-15T10:47:32+00:00\",\"breadcrumb\":{\"@id\":\"https:\\\/\\\/lovme.pt\\\/index.php\\\/produto\\\/shunga-oleo-de-massagem-erotica-serenity-240-ml\\\/#breadcrumb\"},\"inLanguage\":\"pt-PT\",\"potentialAction\":[{\"@type\":\"ReadAction\",\"target\":[\"https:\\\/\\\/lovme.pt\\\/index.php\\\/produto\\\/shunga-oleo-de-massagem-erotica-serenity-240-ml\\\/\"]}]},{\"@type\":\"ImageObject\",\"inLanguage\":\"pt-PT\",\"@id\":\"https:\\\/\\\/lovme.pt\\\/index.php\\\/produto\\\/shunga-oleo-de-massagem-erotica-serenity-240-ml\\\/#primaryimage\",\"url\":\"https:\\\/\\\/erki24nd3ub.exactdn.com\\\/wp-content\\\/uploads\\\/dream\\\/img\\\/img_89182_85090d10fa2902ee80db5bab5f174953_1.jpg?strip=all\",\"contentUrl\":\"https:\\\/\\\/erki24nd3ub.exactdn.com\\\/wp-content\\\/uploads\\\/dream\\\/img\\\/img_89182_85090d10fa2902ee80db5bab5f174953_1.jpg?strip=all\",\"width\":630,\"height\":630},{\"@type\":\"BreadcrumbList\",\"@id\":\"https:\\\/\\\/lovme.pt\\\/index.php\\\/produto\\\/shunga-oleo-de-massagem-erotica-serenity-240-ml\\\/#breadcrumb\",\"itemListElement\":[{\"@type\":\"ListItem\",\"position\":1,\"name\":\"In\u00edcio\",\"item\":\"https:\\\/\\\/lovme.pt\\\/\"},{\"@type\":\"ListItem\",\"position\":2,\"name\":\"Loja\",\"item\":\"https:\\\/\\\/lovme.pt\\\/index.php\\\/loja\\\/\"},{\"@type\":\"ListItem\",\"position\":3,\"name\":\"SHUNGA &#8211; \u00d3LEO DE MASSAGEM ER\u00d3TICA SERENITY 240 ML\"}]},{\"@type\":\"WebSite\",\"@id\":\"https:\\\/\\\/lovme.pt\\\/#website\",\"url\":\"https:\\\/\\\/lovme.pt\\\/\",\"name\":\"Lovme Loja Er\u00f3tica N\u00ba1 em Portugal\",\"description\":\"A melhor loja er\u00f3tica de Portugal.\",\"alternateName\":\"Loja Er\u00f3tica Lovme\",\"potentialAction\":[{\"@type\":\"SearchAction\",\"target\":{\"@type\":\"EntryPoint\",\"urlTemplate\":\"https:\\\/\\\/lovme.pt\\\/?s={search_term_string}\"},\"query-input\":{\"@type\":\"PropertyValueSpecification\",\"valueRequired\":true,\"valueName\":\"search_term_string\"}}],\"inLanguage\":\"pt-PT\"}]}<\/script>\n<!-- \/ Yoast SEO plugin. -->","yoast_head_json":{"title":"SHUNGA - \u00d3LEO DE MASSAGEM ER\u00d3TICA SERENITY 240 ML - Lovme","robots":{"index":"index","follow":"follow","max-snippet":"max-snippet:-1","max-image-preview":"max-image-preview:large","max-video-preview":"max-video-preview:-1"},"canonical":"https:\/\/lovme.pt\/index.php\/produto\/shunga-oleo-de-massagem-erotica-serenity-240-ml\/","og_locale":"pt_PT","og_type":"article","og_title":"SHUNGA - \u00d3LEO DE MASSAGEM ER\u00d3TICA SERENITY 240 ML - Lovme","og_description":"EMBALAGEM DISPON\u00cdVEL EM: \/es\/en\/fr\/de\/","og_url":"https:\/\/lovme.pt\/index.php\/produto\/shunga-oleo-de-massagem-erotica-serenity-240-ml\/","og_site_name":"Lovme","article_modified_time":"2026-04-15T10:47:32+00:00","og_image":[{"width":630,"height":630,"url":"https:\/\/erki24nd3ub.exactdn.com\/wp-content\/uploads\/dream\/img\/img_89182_85090d10fa2902ee80db5bab5f174953_1.jpg?strip=all","type":"image\/jpeg"}],"twitter_card":"summary_large_image","twitter_misc":{"Tempo estimado de leitura":"1 minuto"},"schema":{"@context":"https:\/\/schema.org","@graph":[{"@type":"WebPage","@id":"https:\/\/lovme.pt\/index.php\/produto\/shunga-oleo-de-massagem-erotica-serenity-240-ml\/","url":"https:\/\/lovme.pt\/index.php\/produto\/shunga-oleo-de-massagem-erotica-serenity-240-ml\/","name":"SHUNGA - \u00d3LEO DE MASSAGEM ER\u00d3TICA SERENITY 240 ML - Lovme","isPartOf":{"@id":"https:\/\/lovme.pt\/#website"},"primaryImageOfPage":{"@id":"https:\/\/lovme.pt\/index.php\/produto\/shunga-oleo-de-massagem-erotica-serenity-240-ml\/#primaryimage"},"image":{"@id":"https:\/\/lovme.pt\/index.php\/produto\/shunga-oleo-de-massagem-erotica-serenity-240-ml\/#primaryimage"},"thumbnailUrl":"https:\/\/erki24nd3ub.exactdn.com\/wp-content\/uploads\/dream\/img\/img_89182_85090d10fa2902ee80db5bab5f174953_1.jpg?strip=all","datePublished":"2025-09-30T09:44:39+00:00","dateModified":"2026-04-15T10:47:32+00:00","breadcrumb":{"@id":"https:\/\/lovme.pt\/index.php\/produto\/shunga-oleo-de-massagem-erotica-serenity-240-ml\/#breadcrumb"},"inLanguage":"pt-PT","potentialAction":[{"@type":"ReadAction","target":["https:\/\/lovme.pt\/index.php\/produto\/shunga-oleo-de-massagem-erotica-serenity-240-ml\/"]}]},{"@type":"ImageObject","inLanguage":"pt-PT","@id":"https:\/\/lovme.pt\/index.php\/produto\/shunga-oleo-de-massagem-erotica-serenity-240-ml\/#primaryimage","url":"https:\/\/erki24nd3ub.exactdn.com\/wp-content\/uploads\/dream\/img\/img_89182_85090d10fa2902ee80db5bab5f174953_1.jpg?strip=all","contentUrl":"https:\/\/erki24nd3ub.exactdn.com\/wp-content\/uploads\/dream\/img\/img_89182_85090d10fa2902ee80db5bab5f174953_1.jpg?strip=all","width":630,"height":630},{"@type":"BreadcrumbList","@id":"https:\/\/lovme.pt\/index.php\/produto\/shunga-oleo-de-massagem-erotica-serenity-240-ml\/#breadcrumb","itemListElement":[{"@type":"ListItem","position":1,"name":"In\u00edcio","item":"https:\/\/lovme.pt\/"},{"@type":"ListItem","position":2,"name":"Loja","item":"https:\/\/lovme.pt\/index.php\/loja\/"},{"@type":"ListItem","position":3,"name":"SHUNGA &#8211; \u00d3LEO DE MASSAGEM ER\u00d3TICA SERENITY 240 ML"}]},{"@type":"WebSite","@id":"https:\/\/lovme.pt\/#website","url":"https:\/\/lovme.pt\/","name":"Lovme Loja Er\u00f3tica N\u00ba1 em Portugal","description":"A melhor loja er\u00f3tica de Portugal.","alternateName":"Loja Er\u00f3tica Lovme","potentialAction":[{"@type":"SearchAction","target":{"@type":"EntryPoint","urlTemplate":"https:\/\/lovme.pt\/?s={search_term_string}"},"query-input":{"@type":"PropertyValueSpecification","valueRequired":true,"valueName":"search_term_string"}}],"inLanguage":"pt-PT"}]}},"_links":{"self":[{"href":"https:\/\/lovme.pt\/index.php\/wp-json\/wp\/v2\/product\/30975","targetHints":{"allow":["GET"]}}],"collection":[{"href":"https:\/\/lovme.pt\/index.php\/wp-json\/wp\/v2\/product"}],"about":[{"href":"https:\/\/lovme.pt\/index.php\/wp-json\/wp\/v2\/types\/product"}],"wp:featuredmedia":[{"embeddable":true,"href":"https:\/\/lovme.pt\/index.php\/wp-json\/wp\/v2\/media\/56445"}],"wp:attachment":[{"href":"https:\/\/lovme.pt\/index.php\/wp-json\/wp\/v2\/media?parent=30975"}],"wp:term":[{"taxonomy":"product_brand","embeddable":true,"href":"https:\/\/lovme.pt\/index.php\/wp-json\/wp\/v2\/product_brand?post=30975"},{"taxonomy":"product_cat","embeddable":true,"href":"https:\/\/lovme.pt\/index.php\/wp-json\/wp\/v2\/product_cat?post=30975"},{"taxonomy":"product_tag","embeddable":true,"href":"https:\/\/lovme.pt\/index.php\/wp-json\/wp\/v2\/product_tag?post=30975"}],"curies":[{"name":"wp","href":"https:\/\/api.w.org\/{rel}","templated":true}]}}