{"id":30647,"date":"2025-09-30T09:49:12","date_gmt":"2025-09-30T09:49:12","guid":{"rendered":"https:\/\/lovme.pt\/?post_type=product&#038;p=30647"},"modified":"2026-02-19T20:23:15","modified_gmt":"2026-02-19T20:23:15","slug":"satisfyer-copo-menstrual-feel-good-azul-escuro-15-20-ml","status":"publish","type":"product","link":"https:\/\/lovme.pt\/index.php\/produto\/satisfyer-copo-menstrual-feel-good-azul-escuro-15-20-ml\/","title":{"rendered":"SATISFYER &#8211; FEEL GOOD KIT COPA MENSTRUAL AZUL INTENSO 15 + 20 ML"},"content":{"rendered":"<p>O que poderia ser mais agrad\u00e1vel do que ser mulher? Para muitas mulheres, o per\u00edodo menstrual n\u00e3o \u00e9 muito divertido &#8211; convuls\u00f5es, caos hormonal e a preocupa\u00e7\u00e3o constante de que algo possa dar errado &#8211; \u00e9 hora de facilitar um pouco, pelo menos no que diz respeito \u00e0 higiene feminina!<\/p>\n<p> Aben\u00e7oada \u00e9 a nova tend\u00eancia no mundo feminino: os copos menstruais n\u00e3o s\u00e3o apenas uma alternativa ecol\u00f3gica aos tamp\u00f5es e afins, mas tamb\u00e9m impressionam pela sua utiliza\u00e7\u00e3o descomplicada. O Conjunto Feel Good oferece dois copos menstruais feitos de silicone m\u00e9dico e amigo da pele, com capacidade de 15 e 20 ml. Gra\u00e7as \u00e0 constru\u00e7\u00e3o sem costuras e ao elegante cord\u00e3o remov\u00edvel, o copo \u00e9 muito f\u00e1cil e agrad\u00e1vel de usar. O material flex\u00edvel adapta-se perfeitamente aos seus contornos e oferece prote\u00e7\u00e3o segura e higi\u00eanica por um per\u00edodo de at\u00e9 12 horas. Finalmente poder\u00e1 desfrutar de desportos, sauna ou banhos termais completamente relaxados!<\/p>\n<p> Outra vantagem: economiza tamp\u00f5es caros, que afetam a flora vaginal e podem deixar rasgos finos na parede vaginal quando removidos. Ent\u00e3o, trate com sa\u00fade o templo da sua feminilidade e ao mesmo tempo fa\u00e7a algo pelo meio ambiente: sem compras adicionais, sem descarte. Com muito cuidado, voc\u00ea poder\u00e1 desfrutar do seu Copo Menstrual por muitos anos. Simplesmente bom, n\u00e3o \u00e9?<\/p>\n<p> Silicone de grau m\u00e9dico<\/p>\n<ul>\n<li> Reutiliz\u00e1vel<\/li>\n<li> Adequado para iniciantes e mulheres avan\u00e7adas<\/li>\n<li> O kit inclui 2 x\u00edcaras<\/li>\n<li> Sinta-se bem com o design<\/li>\n<li> Copos de 15 e 20ml<\/li>\n<\/ul>\n<p> MATERIAL E CUIDADOS<\/p>\n<p> O copo menstrual \u00e9 feito de silicone m\u00e9dico flex\u00edvel, f\u00e1cil de deslizar e adequado para a pele. Para uma inser\u00e7\u00e3o particularmente f\u00e1cil, voc\u00ea pode usar lubrificantes \u00e0 base de \u00e1gua Waterfeel, ideais para o produto. Antes de usar pela primeira vez ou entre dois per\u00edodos, voc\u00ea pode limpar sua x\u00edcara fervendo-a em \u00e1gua por alguns minutos. Durante o per\u00edodo, lavar com \u00e1gua limpa \u00e9 suficiente.<\/p>\n","protected":false},"excerpt":{"rendered":"<p>SATISFYER &#8211; COPO MENSTRUAL FEEL GOOD AZUL ESCURO 15 + 20 ML<\/p>\n","protected":false},"featured_media":57469,"template":"","meta":{"_acf_changed":false},"product_brand":[],"product_cat":[49,74],"product_tag":[],"class_list":{"0":"post-30647","1":"product","2":"type-product","3":"status-publish","4":"has-post-thumbnail","6":"product_cat-cosmeticos","7":"product_cat-saude-menstrual","8":"yith_product_brand-satisfyer","9":"yith_product_brand-satisfyer-satisfyer-menstrual-cups","11":"first","12":"instock","13":"taxable","14":"shipping-taxable","15":"purchasable","16":"product-type-variable","17":"has-default-attributes"},"acf":[],"yoast_head":"<!-- This site is optimized with the Yoast SEO plugin v27.4 - https:\/\/yoast.com\/product\/yoast-seo-wordpress\/ -->\n<title>SATISFYER - FEEL GOOD KIT COPA MENSTRUAL AZUL INTENSO 15 + 20 ML - Lovme<\/title>\n<meta name=\"robots\" content=\"index, follow, max-snippet:-1, max-image-preview:large, max-video-preview:-1\" \/>\n<link rel=\"canonical\" href=\"https:\/\/lovme.pt\/index.php\/produto\/satisfyer-copo-menstrual-feel-good-azul-escuro-15-20-ml\/\" \/>\n<meta property=\"og:locale\" content=\"pt_PT\" \/>\n<meta property=\"og:type\" content=\"article\" \/>\n<meta property=\"og:title\" content=\"SATISFYER - FEEL GOOD KIT COPA MENSTRUAL AZUL INTENSO 15 + 20 ML - Lovme\" \/>\n<meta property=\"og:description\" content=\"SATISFYER - COPO MENSTRUAL FEEL GOOD AZUL ESCURO 15 + 20 ML\" \/>\n<meta property=\"og:url\" content=\"https:\/\/lovme.pt\/index.php\/produto\/satisfyer-copo-menstrual-feel-good-azul-escuro-15-20-ml\/\" \/>\n<meta property=\"og:site_name\" content=\"Lovme\" \/>\n<meta property=\"article:modified_time\" content=\"2026-02-19T20:23:15+00:00\" \/>\n<meta property=\"og:image\" content=\"https:\/\/erki24nd3ub.exactdn.com\/wp-content\/uploads\/dream\/img\/img_88121_e16033ee60bb41dad054dbdf957f2fc6_1.png?strip=all\" \/>\n\t<meta property=\"og:image:width\" content=\"472\" \/>\n\t<meta property=\"og:image:height\" content=\"472\" \/>\n\t<meta property=\"og:image:type\" content=\"image\/png\" \/>\n<meta name=\"twitter:card\" content=\"summary_large_image\" \/>\n<meta name=\"twitter:label1\" content=\"Tempo estimado de leitura\" \/>\n\t<meta name=\"twitter:data1\" content=\"2 minutos\" \/>\n<script type=\"application\/ld+json\" class=\"yoast-schema-graph\">{\"@context\":\"https:\\\/\\\/schema.org\",\"@graph\":[{\"@type\":\"WebPage\",\"@id\":\"https:\\\/\\\/lovme.pt\\\/index.php\\\/produto\\\/satisfyer-copo-menstrual-feel-good-azul-escuro-15-20-ml\\\/\",\"url\":\"https:\\\/\\\/lovme.pt\\\/index.php\\\/produto\\\/satisfyer-copo-menstrual-feel-good-azul-escuro-15-20-ml\\\/\",\"name\":\"SATISFYER - FEEL GOOD KIT COPA MENSTRUAL AZUL INTENSO 15 + 20 ML - Lovme\",\"isPartOf\":{\"@id\":\"https:\\\/\\\/lovme.pt\\\/#website\"},\"primaryImageOfPage\":{\"@id\":\"https:\\\/\\\/lovme.pt\\\/index.php\\\/produto\\\/satisfyer-copo-menstrual-feel-good-azul-escuro-15-20-ml\\\/#primaryimage\"},\"image\":{\"@id\":\"https:\\\/\\\/lovme.pt\\\/index.php\\\/produto\\\/satisfyer-copo-menstrual-feel-good-azul-escuro-15-20-ml\\\/#primaryimage\"},\"thumbnailUrl\":\"https:\\\/\\\/erki24nd3ub.exactdn.com\\\/wp-content\\\/uploads\\\/dream\\\/img\\\/img_88121_e16033ee60bb41dad054dbdf957f2fc6_1.png?strip=all\",\"datePublished\":\"2025-09-30T09:49:12+00:00\",\"dateModified\":\"2026-02-19T20:23:15+00:00\",\"breadcrumb\":{\"@id\":\"https:\\\/\\\/lovme.pt\\\/index.php\\\/produto\\\/satisfyer-copo-menstrual-feel-good-azul-escuro-15-20-ml\\\/#breadcrumb\"},\"inLanguage\":\"pt-PT\",\"potentialAction\":[{\"@type\":\"ReadAction\",\"target\":[\"https:\\\/\\\/lovme.pt\\\/index.php\\\/produto\\\/satisfyer-copo-menstrual-feel-good-azul-escuro-15-20-ml\\\/\"]}]},{\"@type\":\"ImageObject\",\"inLanguage\":\"pt-PT\",\"@id\":\"https:\\\/\\\/lovme.pt\\\/index.php\\\/produto\\\/satisfyer-copo-menstrual-feel-good-azul-escuro-15-20-ml\\\/#primaryimage\",\"url\":\"https:\\\/\\\/erki24nd3ub.exactdn.com\\\/wp-content\\\/uploads\\\/dream\\\/img\\\/img_88121_e16033ee60bb41dad054dbdf957f2fc6_1.png?strip=all\",\"contentUrl\":\"https:\\\/\\\/erki24nd3ub.exactdn.com\\\/wp-content\\\/uploads\\\/dream\\\/img\\\/img_88121_e16033ee60bb41dad054dbdf957f2fc6_1.png?strip=all\",\"width\":472,\"height\":472},{\"@type\":\"BreadcrumbList\",\"@id\":\"https:\\\/\\\/lovme.pt\\\/index.php\\\/produto\\\/satisfyer-copo-menstrual-feel-good-azul-escuro-15-20-ml\\\/#breadcrumb\",\"itemListElement\":[{\"@type\":\"ListItem\",\"position\":1,\"name\":\"In\u00edcio\",\"item\":\"https:\\\/\\\/lovme.pt\\\/\"},{\"@type\":\"ListItem\",\"position\":2,\"name\":\"Loja\",\"item\":\"https:\\\/\\\/lovme.pt\\\/index.php\\\/loja\\\/\"},{\"@type\":\"ListItem\",\"position\":3,\"name\":\"SATISFYER &#8211; FEEL GOOD KIT COPA MENSTRUAL AZUL INTENSO 15 + 20 ML\"}]},{\"@type\":\"WebSite\",\"@id\":\"https:\\\/\\\/lovme.pt\\\/#website\",\"url\":\"https:\\\/\\\/lovme.pt\\\/\",\"name\":\"Lovme Loja Er\u00f3tica N\u00ba1 em Portugal\",\"description\":\"A melhor loja er\u00f3tica de Portugal.\",\"alternateName\":\"Loja Er\u00f3tica Lovme\",\"potentialAction\":[{\"@type\":\"SearchAction\",\"target\":{\"@type\":\"EntryPoint\",\"urlTemplate\":\"https:\\\/\\\/lovme.pt\\\/?s={search_term_string}\"},\"query-input\":{\"@type\":\"PropertyValueSpecification\",\"valueRequired\":true,\"valueName\":\"search_term_string\"}}],\"inLanguage\":\"pt-PT\"}]}<\/script>\n<!-- \/ Yoast SEO plugin. -->","yoast_head_json":{"title":"SATISFYER - FEEL GOOD KIT COPA MENSTRUAL AZUL INTENSO 15 + 20 ML - Lovme","robots":{"index":"index","follow":"follow","max-snippet":"max-snippet:-1","max-image-preview":"max-image-preview:large","max-video-preview":"max-video-preview:-1"},"canonical":"https:\/\/lovme.pt\/index.php\/produto\/satisfyer-copo-menstrual-feel-good-azul-escuro-15-20-ml\/","og_locale":"pt_PT","og_type":"article","og_title":"SATISFYER - FEEL GOOD KIT COPA MENSTRUAL AZUL INTENSO 15 + 20 ML - Lovme","og_description":"SATISFYER - COPO MENSTRUAL FEEL GOOD AZUL ESCURO 15 + 20 ML","og_url":"https:\/\/lovme.pt\/index.php\/produto\/satisfyer-copo-menstrual-feel-good-azul-escuro-15-20-ml\/","og_site_name":"Lovme","article_modified_time":"2026-02-19T20:23:15+00:00","og_image":[{"width":472,"height":472,"url":"https:\/\/erki24nd3ub.exactdn.com\/wp-content\/uploads\/dream\/img\/img_88121_e16033ee60bb41dad054dbdf957f2fc6_1.png?strip=all","type":"image\/png"}],"twitter_card":"summary_large_image","twitter_misc":{"Tempo estimado de leitura":"2 minutos"},"schema":{"@context":"https:\/\/schema.org","@graph":[{"@type":"WebPage","@id":"https:\/\/lovme.pt\/index.php\/produto\/satisfyer-copo-menstrual-feel-good-azul-escuro-15-20-ml\/","url":"https:\/\/lovme.pt\/index.php\/produto\/satisfyer-copo-menstrual-feel-good-azul-escuro-15-20-ml\/","name":"SATISFYER - FEEL GOOD KIT COPA MENSTRUAL AZUL INTENSO 15 + 20 ML - Lovme","isPartOf":{"@id":"https:\/\/lovme.pt\/#website"},"primaryImageOfPage":{"@id":"https:\/\/lovme.pt\/index.php\/produto\/satisfyer-copo-menstrual-feel-good-azul-escuro-15-20-ml\/#primaryimage"},"image":{"@id":"https:\/\/lovme.pt\/index.php\/produto\/satisfyer-copo-menstrual-feel-good-azul-escuro-15-20-ml\/#primaryimage"},"thumbnailUrl":"https:\/\/erki24nd3ub.exactdn.com\/wp-content\/uploads\/dream\/img\/img_88121_e16033ee60bb41dad054dbdf957f2fc6_1.png?strip=all","datePublished":"2025-09-30T09:49:12+00:00","dateModified":"2026-02-19T20:23:15+00:00","breadcrumb":{"@id":"https:\/\/lovme.pt\/index.php\/produto\/satisfyer-copo-menstrual-feel-good-azul-escuro-15-20-ml\/#breadcrumb"},"inLanguage":"pt-PT","potentialAction":[{"@type":"ReadAction","target":["https:\/\/lovme.pt\/index.php\/produto\/satisfyer-copo-menstrual-feel-good-azul-escuro-15-20-ml\/"]}]},{"@type":"ImageObject","inLanguage":"pt-PT","@id":"https:\/\/lovme.pt\/index.php\/produto\/satisfyer-copo-menstrual-feel-good-azul-escuro-15-20-ml\/#primaryimage","url":"https:\/\/erki24nd3ub.exactdn.com\/wp-content\/uploads\/dream\/img\/img_88121_e16033ee60bb41dad054dbdf957f2fc6_1.png?strip=all","contentUrl":"https:\/\/erki24nd3ub.exactdn.com\/wp-content\/uploads\/dream\/img\/img_88121_e16033ee60bb41dad054dbdf957f2fc6_1.png?strip=all","width":472,"height":472},{"@type":"BreadcrumbList","@id":"https:\/\/lovme.pt\/index.php\/produto\/satisfyer-copo-menstrual-feel-good-azul-escuro-15-20-ml\/#breadcrumb","itemListElement":[{"@type":"ListItem","position":1,"name":"In\u00edcio","item":"https:\/\/lovme.pt\/"},{"@type":"ListItem","position":2,"name":"Loja","item":"https:\/\/lovme.pt\/index.php\/loja\/"},{"@type":"ListItem","position":3,"name":"SATISFYER &#8211; FEEL GOOD KIT COPA MENSTRUAL AZUL INTENSO 15 + 20 ML"}]},{"@type":"WebSite","@id":"https:\/\/lovme.pt\/#website","url":"https:\/\/lovme.pt\/","name":"Lovme Loja Er\u00f3tica N\u00ba1 em Portugal","description":"A melhor loja er\u00f3tica de Portugal.","alternateName":"Loja Er\u00f3tica Lovme","potentialAction":[{"@type":"SearchAction","target":{"@type":"EntryPoint","urlTemplate":"https:\/\/lovme.pt\/?s={search_term_string}"},"query-input":{"@type":"PropertyValueSpecification","valueRequired":true,"valueName":"search_term_string"}}],"inLanguage":"pt-PT"}]}},"_links":{"self":[{"href":"https:\/\/lovme.pt\/index.php\/wp-json\/wp\/v2\/product\/30647","targetHints":{"allow":["GET"]}}],"collection":[{"href":"https:\/\/lovme.pt\/index.php\/wp-json\/wp\/v2\/product"}],"about":[{"href":"https:\/\/lovme.pt\/index.php\/wp-json\/wp\/v2\/types\/product"}],"wp:featuredmedia":[{"embeddable":true,"href":"https:\/\/lovme.pt\/index.php\/wp-json\/wp\/v2\/media\/57469"}],"wp:attachment":[{"href":"https:\/\/lovme.pt\/index.php\/wp-json\/wp\/v2\/media?parent=30647"}],"wp:term":[{"taxonomy":"product_brand","embeddable":true,"href":"https:\/\/lovme.pt\/index.php\/wp-json\/wp\/v2\/product_brand?post=30647"},{"taxonomy":"product_cat","embeddable":true,"href":"https:\/\/lovme.pt\/index.php\/wp-json\/wp\/v2\/product_cat?post=30647"},{"taxonomy":"product_tag","embeddable":true,"href":"https:\/\/lovme.pt\/index.php\/wp-json\/wp\/v2\/product_tag?post=30647"}],"curies":[{"name":"wp","href":"https:\/\/api.w.org\/{rel}","templated":true}]}}