{"id":30596,"date":"2025-10-01T02:49:15","date_gmt":"2025-10-01T02:49:15","guid":{"rendered":"https:\/\/lovme.pt\/?post_type=product&p=30596"},"modified":"2026-02-19T20:21:46","modified_gmt":"2026-02-19T20:21:46","slug":"ecopack-6-unit-basecock-vibrador-realista-controle-remoto-natural-com-testiculos-19-5-cm-o-4-cm","status":"publish","type":"product","link":"https:\/\/lovme.pt\/index.php\/produto\/ecopack-6-unit-basecock-vibrador-realista-controle-remoto-natural-com-testiculos-19-5-cm-o-4-cm\/","title":{"rendered":"ECOPACK 6 UNIT &#8211; BASECOCK VIBRADOR REALISTA CONTROLE REMOTO NATURAL COM TEST\u00cdCULOS 19.5 CM -O- 4 CM"},"content":{"rendered":"<p>Os novos Vibrating Dildos BASECOCK s\u00e3o os p\u00eanis vibrat\u00f3rios mais realistas do mundo feitos nos Estados Unidos!<\/p>\n<p>Cada veia, cada eixo e cada cabe\u00e7a s\u00e3o feitos \u00e0 m\u00e3o com requintada aten\u00e7\u00e3o aos detalhes para oferecer a experi\u00eancia mais realista imaginada. Os eixos poss\u00edveis permitem que voc\u00ea dobre o p\u00eanis para se ajustar aos contornos do seu corpo, enquanto o poderoso motor o afasta.<\/p>\n<p>Bases de ventosas remov\u00edveis aderem a quase qualquer superf\u00edcie plana e possibilitam o uso do vibrador realista em qualquer base de parede lisa.<\/p>\n<p>Como se isso n\u00e3o bastasse, esses vibradores realistas com base de apoio possuem um controle remoto com cabo que proporciona vibra\u00e7\u00f5es intensas por todo o corpo.<\/p>\n<p>Al\u00e9m disso, voc\u00ea pode remover o estojo realista e us\u00e1-lo como extensor de p\u00eanis.<\/p>\n<p>O galo baseado fornece uma experi\u00eancia realista com uma infinidade de fun\u00e7\u00f5es, apenas deixe-se levar, sonhe, imagine e divirta-se !!<\/p>\n<ul>\n<li>Toque realista<\/li>\n<li>Modo de 12 vibra\u00e7\u00f5es<\/li>\n<li>Controle remoto com fio<\/li>\n<li>V\u00e1lido como extensor de p\u00eanis<\/li>\n<li>Phalatos gr\u00e1tis<\/li>\n<li>Base de fixa\u00e7\u00e3o<\/li>\n<li>Material seguro para o corpo<\/li>\n<li>Material TPE sedoso e resistente.<\/li>\n<li>Use duas pilhas AAA que voc\u00ea pode encontrar na se\u00e7\u00e3o Bateria.<\/li>\n<li>Tamanho; 19,5 x 4 cm<\/li>\n<\/ul>\n<p>O material TPE destaca-se pela sua superf\u00edcie mate sedosa com uma extraordin\u00e1ria adapta\u00e7\u00e3o ao corpo. Brinquedos er\u00f3ticos s\u00e3o facilmente limpos e mantidos higi\u00eanicos por um longo tempo. O material flex\u00edvel desliza lindamente e adota rapidamente a temperatura do corpo. O vibrador \u00e9 limpo de forma r\u00e1pida e f\u00e1cil com um pouco de sab\u00e3o e \u00e1gua morna. Para uma higiene completa, borrife-o com o limpador desinfetante Waterfeel ToyCleaner para brinquedos sexuais projetado especificamente para ele.<\/p>\n","protected":false},"excerpt":{"rendered":"<p>ECOPACK 6 UNIT &#8211; BASECOCK VIBRADOR REALISTA CONTROLE REMOTO NATURAL COM TEST\u00cdCULOS 19.5 CM -O- 4 CM<\/p>\n","protected":false},"featured_media":99226,"template":"","meta":{"_acf_changed":false},"product_brand":[],"product_cat":[17,76],"product_tag":[],"class_list":{"0":"post-30596","1":"product","2":"type-product","3":"status-publish","4":"has-post-thumbnail","6":"product_cat-brinquedos-de-bem-estar-sexual","7":"product_cat-vibradores","8":"yith_product_brand-basecock","10":"first","11":"instock","12":"taxable","13":"shipping-taxable","14":"purchasable","15":"product-type-simple"},"acf":[],"yoast_head":"<!-- This site is optimized with the Yoast SEO plugin v27.4 - https:\/\/yoast.com\/product\/yoast-seo-wordpress\/ -->\n<title>ECOPACK 6 UNIT - BASECOCK VIBRADOR REALISTA CONTROLE REMOTO NATURAL COM TEST\u00cdCULOS 19.5 CM -O- 4 CM - Lovme<\/title>\n<meta name=\"robots\" content=\"index, follow, max-snippet:-1, max-image-preview:large, max-video-preview:-1\" \/>\n<link rel=\"canonical\" href=\"https:\/\/lovme.pt\/index.php\/produto\/ecopack-6-unit-basecock-vibrador-realista-controle-remoto-natural-com-testiculos-19-5-cm-o-4-cm\/\" \/>\n<meta property=\"og:locale\" content=\"pt_PT\" \/>\n<meta property=\"og:type\" content=\"article\" \/>\n<meta property=\"og:title\" content=\"ECOPACK 6 UNIT - BASECOCK VIBRADOR REALISTA CONTROLE REMOTO NATURAL COM TEST\u00cdCULOS 19.5 CM -O- 4 CM - Lovme\" \/>\n<meta property=\"og:description\" content=\"ECOPACK 6 UNIT - BASECOCK VIBRADOR REALISTA CONTROLE REMOTO NATURAL COM TEST\u00cdCULOS 19.5 CM -O- 4 CM\" \/>\n<meta property=\"og:url\" content=\"https:\/\/lovme.pt\/index.php\/produto\/ecopack-6-unit-basecock-vibrador-realista-controle-remoto-natural-com-testiculos-19-5-cm-o-4-cm\/\" \/>\n<meta property=\"og:site_name\" content=\"Lovme\" \/>\n<meta property=\"article:modified_time\" content=\"2026-02-19T20:21:46+00:00\" \/>\n<meta property=\"og:image\" content=\"https:\/\/erki24nd3ub.exactdn.com\/wp-content\/uploads\/dream\/img\/img_146152_b522d0b2c20598101891ed2f4e89a0c0_1.jpg?strip=all\" \/>\n\t<meta property=\"og:image:width\" content=\"800\" \/>\n\t<meta property=\"og:image:height\" content=\"800\" \/>\n\t<meta property=\"og:image:type\" content=\"image\/jpeg\" \/>\n<meta name=\"twitter:card\" content=\"summary_large_image\" \/>\n<meta name=\"twitter:label1\" content=\"Tempo estimado de leitura\" \/>\n\t<meta name=\"twitter:data1\" content=\"1 minuto\" \/>\n<script type=\"application\/ld+json\" class=\"yoast-schema-graph\">{\"@context\":\"https:\\\/\\\/schema.org\",\"@graph\":[{\"@type\":\"WebPage\",\"@id\":\"https:\\\/\\\/lovme.pt\\\/index.php\\\/produto\\\/ecopack-6-unit-basecock-vibrador-realista-controle-remoto-natural-com-testiculos-19-5-cm-o-4-cm\\\/\",\"url\":\"https:\\\/\\\/lovme.pt\\\/index.php\\\/produto\\\/ecopack-6-unit-basecock-vibrador-realista-controle-remoto-natural-com-testiculos-19-5-cm-o-4-cm\\\/\",\"name\":\"ECOPACK 6 UNIT - BASECOCK VIBRADOR REALISTA CONTROLE REMOTO NATURAL COM TEST\u00cdCULOS 19.5 CM -O- 4 CM - Lovme\",\"isPartOf\":{\"@id\":\"https:\\\/\\\/lovme.pt\\\/#website\"},\"primaryImageOfPage\":{\"@id\":\"https:\\\/\\\/lovme.pt\\\/index.php\\\/produto\\\/ecopack-6-unit-basecock-vibrador-realista-controle-remoto-natural-com-testiculos-19-5-cm-o-4-cm\\\/#primaryimage\"},\"image\":{\"@id\":\"https:\\\/\\\/lovme.pt\\\/index.php\\\/produto\\\/ecopack-6-unit-basecock-vibrador-realista-controle-remoto-natural-com-testiculos-19-5-cm-o-4-cm\\\/#primaryimage\"},\"thumbnailUrl\":\"https:\\\/\\\/erki24nd3ub.exactdn.com\\\/wp-content\\\/uploads\\\/dream\\\/img\\\/img_146152_b522d0b2c20598101891ed2f4e89a0c0_1.jpg?strip=all\",\"datePublished\":\"2025-10-01T02:49:15+00:00\",\"dateModified\":\"2026-02-19T20:21:46+00:00\",\"breadcrumb\":{\"@id\":\"https:\\\/\\\/lovme.pt\\\/index.php\\\/produto\\\/ecopack-6-unit-basecock-vibrador-realista-controle-remoto-natural-com-testiculos-19-5-cm-o-4-cm\\\/#breadcrumb\"},\"inLanguage\":\"pt-PT\",\"potentialAction\":[{\"@type\":\"ReadAction\",\"target\":[\"https:\\\/\\\/lovme.pt\\\/index.php\\\/produto\\\/ecopack-6-unit-basecock-vibrador-realista-controle-remoto-natural-com-testiculos-19-5-cm-o-4-cm\\\/\"]}]},{\"@type\":\"ImageObject\",\"inLanguage\":\"pt-PT\",\"@id\":\"https:\\\/\\\/lovme.pt\\\/index.php\\\/produto\\\/ecopack-6-unit-basecock-vibrador-realista-controle-remoto-natural-com-testiculos-19-5-cm-o-4-cm\\\/#primaryimage\",\"url\":\"https:\\\/\\\/erki24nd3ub.exactdn.com\\\/wp-content\\\/uploads\\\/dream\\\/img\\\/img_146152_b522d0b2c20598101891ed2f4e89a0c0_1.jpg?strip=all\",\"contentUrl\":\"https:\\\/\\\/erki24nd3ub.exactdn.com\\\/wp-content\\\/uploads\\\/dream\\\/img\\\/img_146152_b522d0b2c20598101891ed2f4e89a0c0_1.jpg?strip=all\",\"width\":800,\"height\":800},{\"@type\":\"BreadcrumbList\",\"@id\":\"https:\\\/\\\/lovme.pt\\\/index.php\\\/produto\\\/ecopack-6-unit-basecock-vibrador-realista-controle-remoto-natural-com-testiculos-19-5-cm-o-4-cm\\\/#breadcrumb\",\"itemListElement\":[{\"@type\":\"ListItem\",\"position\":1,\"name\":\"In\u00edcio\",\"item\":\"https:\\\/\\\/lovme.pt\\\/\"},{\"@type\":\"ListItem\",\"position\":2,\"name\":\"Loja\",\"item\":\"https:\\\/\\\/lovme.pt\\\/index.php\\\/loja\\\/\"},{\"@type\":\"ListItem\",\"position\":3,\"name\":\"ECOPACK 6 UNIT &#8211; BASECOCK VIBRADOR REALISTA CONTROLE REMOTO NATURAL COM TEST\u00cdCULOS 19.5 CM -O- 4 CM\"}]},{\"@type\":\"WebSite\",\"@id\":\"https:\\\/\\\/lovme.pt\\\/#website\",\"url\":\"https:\\\/\\\/lovme.pt\\\/\",\"name\":\"Lovme Loja Er\u00f3tica N\u00ba1 em Portugal\",\"description\":\"A melhor loja er\u00f3tica de Portugal.\",\"alternateName\":\"Loja Er\u00f3tica Lovme\",\"potentialAction\":[{\"@type\":\"SearchAction\",\"target\":{\"@type\":\"EntryPoint\",\"urlTemplate\":\"https:\\\/\\\/lovme.pt\\\/?s={search_term_string}\"},\"query-input\":{\"@type\":\"PropertyValueSpecification\",\"valueRequired\":true,\"valueName\":\"search_term_string\"}}],\"inLanguage\":\"pt-PT\"}]}<\/script>\n<!-- \/ Yoast SEO plugin. -->","yoast_head_json":{"title":"ECOPACK 6 UNIT - BASECOCK VIBRADOR REALISTA CONTROLE REMOTO NATURAL COM TEST\u00cdCULOS 19.5 CM -O- 4 CM - Lovme","robots":{"index":"index","follow":"follow","max-snippet":"max-snippet:-1","max-image-preview":"max-image-preview:large","max-video-preview":"max-video-preview:-1"},"canonical":"https:\/\/lovme.pt\/index.php\/produto\/ecopack-6-unit-basecock-vibrador-realista-controle-remoto-natural-com-testiculos-19-5-cm-o-4-cm\/","og_locale":"pt_PT","og_type":"article","og_title":"ECOPACK 6 UNIT - BASECOCK VIBRADOR REALISTA CONTROLE REMOTO NATURAL COM TEST\u00cdCULOS 19.5 CM -O- 4 CM - Lovme","og_description":"ECOPACK 6 UNIT - BASECOCK VIBRADOR REALISTA CONTROLE REMOTO NATURAL COM TEST\u00cdCULOS 19.5 CM -O- 4 CM","og_url":"https:\/\/lovme.pt\/index.php\/produto\/ecopack-6-unit-basecock-vibrador-realista-controle-remoto-natural-com-testiculos-19-5-cm-o-4-cm\/","og_site_name":"Lovme","article_modified_time":"2026-02-19T20:21:46+00:00","og_image":[{"width":800,"height":800,"url":"https:\/\/erki24nd3ub.exactdn.com\/wp-content\/uploads\/dream\/img\/img_146152_b522d0b2c20598101891ed2f4e89a0c0_1.jpg?strip=all","type":"image\/jpeg"}],"twitter_card":"summary_large_image","twitter_misc":{"Tempo estimado de leitura":"1 minuto"},"schema":{"@context":"https:\/\/schema.org","@graph":[{"@type":"WebPage","@id":"https:\/\/lovme.pt\/index.php\/produto\/ecopack-6-unit-basecock-vibrador-realista-controle-remoto-natural-com-testiculos-19-5-cm-o-4-cm\/","url":"https:\/\/lovme.pt\/index.php\/produto\/ecopack-6-unit-basecock-vibrador-realista-controle-remoto-natural-com-testiculos-19-5-cm-o-4-cm\/","name":"ECOPACK 6 UNIT - BASECOCK VIBRADOR REALISTA CONTROLE REMOTO NATURAL COM TEST\u00cdCULOS 19.5 CM -O- 4 CM - Lovme","isPartOf":{"@id":"https:\/\/lovme.pt\/#website"},"primaryImageOfPage":{"@id":"https:\/\/lovme.pt\/index.php\/produto\/ecopack-6-unit-basecock-vibrador-realista-controle-remoto-natural-com-testiculos-19-5-cm-o-4-cm\/#primaryimage"},"image":{"@id":"https:\/\/lovme.pt\/index.php\/produto\/ecopack-6-unit-basecock-vibrador-realista-controle-remoto-natural-com-testiculos-19-5-cm-o-4-cm\/#primaryimage"},"thumbnailUrl":"https:\/\/erki24nd3ub.exactdn.com\/wp-content\/uploads\/dream\/img\/img_146152_b522d0b2c20598101891ed2f4e89a0c0_1.jpg?strip=all","datePublished":"2025-10-01T02:49:15+00:00","dateModified":"2026-02-19T20:21:46+00:00","breadcrumb":{"@id":"https:\/\/lovme.pt\/index.php\/produto\/ecopack-6-unit-basecock-vibrador-realista-controle-remoto-natural-com-testiculos-19-5-cm-o-4-cm\/#breadcrumb"},"inLanguage":"pt-PT","potentialAction":[{"@type":"ReadAction","target":["https:\/\/lovme.pt\/index.php\/produto\/ecopack-6-unit-basecock-vibrador-realista-controle-remoto-natural-com-testiculos-19-5-cm-o-4-cm\/"]}]},{"@type":"ImageObject","inLanguage":"pt-PT","@id":"https:\/\/lovme.pt\/index.php\/produto\/ecopack-6-unit-basecock-vibrador-realista-controle-remoto-natural-com-testiculos-19-5-cm-o-4-cm\/#primaryimage","url":"https:\/\/erki24nd3ub.exactdn.com\/wp-content\/uploads\/dream\/img\/img_146152_b522d0b2c20598101891ed2f4e89a0c0_1.jpg?strip=all","contentUrl":"https:\/\/erki24nd3ub.exactdn.com\/wp-content\/uploads\/dream\/img\/img_146152_b522d0b2c20598101891ed2f4e89a0c0_1.jpg?strip=all","width":800,"height":800},{"@type":"BreadcrumbList","@id":"https:\/\/lovme.pt\/index.php\/produto\/ecopack-6-unit-basecock-vibrador-realista-controle-remoto-natural-com-testiculos-19-5-cm-o-4-cm\/#breadcrumb","itemListElement":[{"@type":"ListItem","position":1,"name":"In\u00edcio","item":"https:\/\/lovme.pt\/"},{"@type":"ListItem","position":2,"name":"Loja","item":"https:\/\/lovme.pt\/index.php\/loja\/"},{"@type":"ListItem","position":3,"name":"ECOPACK 6 UNIT &#8211; BASECOCK VIBRADOR REALISTA CONTROLE REMOTO NATURAL COM TEST\u00cdCULOS 19.5 CM -O- 4 CM"}]},{"@type":"WebSite","@id":"https:\/\/lovme.pt\/#website","url":"https:\/\/lovme.pt\/","name":"Lovme Loja Er\u00f3tica N\u00ba1 em Portugal","description":"A melhor loja er\u00f3tica de Portugal.","alternateName":"Loja Er\u00f3tica Lovme","potentialAction":[{"@type":"SearchAction","target":{"@type":"EntryPoint","urlTemplate":"https:\/\/lovme.pt\/?s={search_term_string}"},"query-input":{"@type":"PropertyValueSpecification","valueRequired":true,"valueName":"search_term_string"}}],"inLanguage":"pt-PT"}]}},"_links":{"self":[{"href":"https:\/\/lovme.pt\/index.php\/wp-json\/wp\/v2\/product\/30596","targetHints":{"allow":["GET"]}}],"collection":[{"href":"https:\/\/lovme.pt\/index.php\/wp-json\/wp\/v2\/product"}],"about":[{"href":"https:\/\/lovme.pt\/index.php\/wp-json\/wp\/v2\/types\/product"}],"wp:featuredmedia":[{"embeddable":true,"href":"https:\/\/lovme.pt\/index.php\/wp-json\/wp\/v2\/media\/99226"}],"wp:attachment":[{"href":"https:\/\/lovme.pt\/index.php\/wp-json\/wp\/v2\/media?parent=30596"}],"wp:term":[{"taxonomy":"product_brand","embeddable":true,"href":"https:\/\/lovme.pt\/index.php\/wp-json\/wp\/v2\/product_brand?post=30596"},{"taxonomy":"product_cat","embeddable":true,"href":"https:\/\/lovme.pt\/index.php\/wp-json\/wp\/v2\/product_cat?post=30596"},{"taxonomy":"product_tag","embeddable":true,"href":"https:\/\/lovme.pt\/index.php\/wp-json\/wp\/v2\/product_tag?post=30596"}],"curies":[{"name":"wp","href":"https:\/\/api.w.org\/{rel}","templated":true}]}}