{"id":30409,"date":"2025-10-01T02:33:01","date_gmt":"2025-10-01T02:33:01","guid":{"rendered":"https:\/\/lovme.pt\/?post_type=product&#038;p=30409"},"modified":"2026-02-19T20:23:29","modified_gmt":"2026-02-19T20:23:29","slug":"rithual-controle-remoto-kama-para-casais-azabache","status":"publish","type":"product","link":"https:\/\/lovme.pt\/index.php\/produto\/rithual-controle-remoto-kama-para-casais-azabache\/","title":{"rendered":"RITHUAL &#8211; KAMA CONTROL REMOTO PARA PAREJAS AZABACHE"},"content":{"rendered":"<p>Bem-vindo a um novo mundo de prazer! Al\u00e9m das vibra\u00e7\u00f5es, que o seu parceiro tamb\u00e9m ir\u00e1 gostar, a ponta de silicone hipoalerg\u00eanica que penetra em voc\u00ea revelar\u00e1 um aperto no seu parceiro que o far\u00e1 desfrutar ainda mais. Voc\u00ea pode desfrutar daquela estimula\u00e7\u00e3o simult\u00e2nea onde o prazer \u00e9 despertado: A impermeabilidade do Ritual Kama permite transformar um banho quente em um prazer t\u00f3rrido.<\/p>\n<p> A bateria integrada \u00e9 muito pr\u00e1tica: voc\u00ea pode recarregar confortavelmente o Ritual Kama com o cabo de carregamento USB integrado e melhorar suas brincadeiras sempre que desejar.<\/p>\n<p> Com o pr\u00e1tico controle remoto voc\u00ea pode controlar a vibra\u00e7\u00e3o confortavelmente e decidir quem pode tomar as decis\u00f5es. Para aventuras selvagens e preliminares emocionantes, a mulher tamb\u00e9m pode usar o vibrador na calcinha e deixar o parceiro excit\u00e1-la.<\/p>\n<p> O Ritual Kama possui 2 motores potentes que levam o p\u00eanis, o clit\u00f3ris e a vagina ao \u00eaxtase, refor\u00e7ando seus jogos er\u00f3ticos com sensa\u00e7\u00f5es \u00fanicas. O formato em U adapt\u00e1vel do silicone flex\u00edvel cria estanqueidade adicional e press\u00e3o direta em pontos importantes. Como ousado desenvolvimento do Ritual Kama, este companheiro possui um controle remoto, com o qual voc\u00ea pode variar seus jogos er\u00f3ticos!<\/p>\n<p> O silicone hipoalerg\u00eanico tem um toque muito agrad\u00e1vel e \u00e9 o material ideal para curtir o jogo por muito tempo. \u00c9 muito higi\u00e9nico e convence pela sua grande capacidade de deslizamento, o que se torna um verdadeiro prazer juntamente com um lubrificante aquoso. Voc\u00ea pode lavar seu brinquedo com \u00e1gua e sab\u00e3o neutro. Para uma higiene profunda voc\u00ea tamb\u00e9m deve usar um Waterfeel Toycleaner, alguns sprays s\u00e3o suficientes para limpar seu brinquedo de maneira ideal.<\/p>\n<ul>\n<li> Controle remoto<\/li>\n<li> Silicone hipoalerg\u00eanico<\/li>\n<li> Carregador Magn\u00e9tico<\/li>\n<li> 10 programas de vibra\u00e7\u00e3o<\/li>\n<li> Capa de chuva<\/li>\n<li> Recarreg\u00e1vel<\/li>\n<li> 2 motores potentes<\/li>\n<\/ul>\n","protected":false},"excerpt":{"rendered":"<p>RITHUAL &#8211; CONTROLE REMOTO KAMA PARA CASAIS AZABACHE<\/p>\n","protected":false},"featured_media":97605,"template":"","meta":{"_acf_changed":false},"product_brand":[],"product_cat":[17,76],"product_tag":[],"class_list":{"0":"post-30409","1":"product","2":"type-product","3":"status-publish","4":"has-post-thumbnail","6":"product_cat-brinquedos-de-bem-estar-sexual","7":"product_cat-vibradores","8":"yith_product_brand-rithual","10":"first","11":"instock","12":"taxable","13":"shipping-taxable","14":"purchasable","15":"product-type-variable","16":"has-default-attributes"},"acf":[],"yoast_head":"<!-- This site is optimized with the Yoast SEO plugin v27.4 - https:\/\/yoast.com\/product\/yoast-seo-wordpress\/ -->\n<title>RITHUAL - KAMA CONTROL REMOTO PARA PAREJAS AZABACHE - Lovme<\/title>\n<meta name=\"robots\" content=\"index, follow, max-snippet:-1, max-image-preview:large, max-video-preview:-1\" \/>\n<link rel=\"canonical\" href=\"https:\/\/lovme.pt\/index.php\/produto\/rithual-controle-remoto-kama-para-casais-azabache\/\" \/>\n<meta property=\"og:locale\" content=\"pt_PT\" \/>\n<meta property=\"og:type\" content=\"article\" \/>\n<meta property=\"og:title\" content=\"RITHUAL - KAMA CONTROL REMOTO PARA PAREJAS AZABACHE - Lovme\" \/>\n<meta property=\"og:description\" content=\"RITHUAL - CONTROLE REMOTO KAMA PARA CASAIS AZABACHE\" \/>\n<meta property=\"og:url\" content=\"https:\/\/lovme.pt\/index.php\/produto\/rithual-controle-remoto-kama-para-casais-azabache\/\" \/>\n<meta property=\"og:site_name\" content=\"Lovme\" \/>\n<meta property=\"article:modified_time\" content=\"2026-02-19T20:23:29+00:00\" \/>\n<meta property=\"og:image\" content=\"https:\/\/erki24nd3ub.exactdn.com\/wp-content\/uploads\/dream\/img\/img_87819_d8c1a21d2a4a74da0ce0ce8299b9beff_1.png?strip=all\" \/>\n\t<meta property=\"og:image:width\" content=\"900\" \/>\n\t<meta property=\"og:image:height\" content=\"900\" \/>\n\t<meta property=\"og:image:type\" content=\"image\/png\" \/>\n<meta name=\"twitter:card\" content=\"summary_large_image\" \/>\n<meta name=\"twitter:label1\" content=\"Tempo estimado de leitura\" \/>\n\t<meta name=\"twitter:data1\" content=\"2 minutos\" \/>\n<script type=\"application\/ld+json\" class=\"yoast-schema-graph\">{\"@context\":\"https:\\\/\\\/schema.org\",\"@graph\":[{\"@type\":\"WebPage\",\"@id\":\"https:\\\/\\\/lovme.pt\\\/index.php\\\/produto\\\/rithual-controle-remoto-kama-para-casais-azabache\\\/\",\"url\":\"https:\\\/\\\/lovme.pt\\\/index.php\\\/produto\\\/rithual-controle-remoto-kama-para-casais-azabache\\\/\",\"name\":\"RITHUAL - KAMA CONTROL REMOTO PARA PAREJAS AZABACHE - Lovme\",\"isPartOf\":{\"@id\":\"https:\\\/\\\/lovme.pt\\\/#website\"},\"primaryImageOfPage\":{\"@id\":\"https:\\\/\\\/lovme.pt\\\/index.php\\\/produto\\\/rithual-controle-remoto-kama-para-casais-azabache\\\/#primaryimage\"},\"image\":{\"@id\":\"https:\\\/\\\/lovme.pt\\\/index.php\\\/produto\\\/rithual-controle-remoto-kama-para-casais-azabache\\\/#primaryimage\"},\"thumbnailUrl\":\"https:\\\/\\\/erki24nd3ub.exactdn.com\\\/wp-content\\\/uploads\\\/dream\\\/img\\\/img_87819_d8c1a21d2a4a74da0ce0ce8299b9beff_1.png?strip=all\",\"datePublished\":\"2025-10-01T02:33:01+00:00\",\"dateModified\":\"2026-02-19T20:23:29+00:00\",\"breadcrumb\":{\"@id\":\"https:\\\/\\\/lovme.pt\\\/index.php\\\/produto\\\/rithual-controle-remoto-kama-para-casais-azabache\\\/#breadcrumb\"},\"inLanguage\":\"pt-PT\",\"potentialAction\":[{\"@type\":\"ReadAction\",\"target\":[\"https:\\\/\\\/lovme.pt\\\/index.php\\\/produto\\\/rithual-controle-remoto-kama-para-casais-azabache\\\/\"]}]},{\"@type\":\"ImageObject\",\"inLanguage\":\"pt-PT\",\"@id\":\"https:\\\/\\\/lovme.pt\\\/index.php\\\/produto\\\/rithual-controle-remoto-kama-para-casais-azabache\\\/#primaryimage\",\"url\":\"https:\\\/\\\/erki24nd3ub.exactdn.com\\\/wp-content\\\/uploads\\\/dream\\\/img\\\/img_87819_d8c1a21d2a4a74da0ce0ce8299b9beff_1.png?strip=all\",\"contentUrl\":\"https:\\\/\\\/erki24nd3ub.exactdn.com\\\/wp-content\\\/uploads\\\/dream\\\/img\\\/img_87819_d8c1a21d2a4a74da0ce0ce8299b9beff_1.png?strip=all\",\"width\":900,\"height\":900},{\"@type\":\"BreadcrumbList\",\"@id\":\"https:\\\/\\\/lovme.pt\\\/index.php\\\/produto\\\/rithual-controle-remoto-kama-para-casais-azabache\\\/#breadcrumb\",\"itemListElement\":[{\"@type\":\"ListItem\",\"position\":1,\"name\":\"In\u00edcio\",\"item\":\"https:\\\/\\\/lovme.pt\\\/\"},{\"@type\":\"ListItem\",\"position\":2,\"name\":\"Loja\",\"item\":\"https:\\\/\\\/lovme.pt\\\/index.php\\\/loja\\\/\"},{\"@type\":\"ListItem\",\"position\":3,\"name\":\"RITHUAL &#8211; KAMA CONTROL REMOTO PARA PAREJAS AZABACHE\"}]},{\"@type\":\"WebSite\",\"@id\":\"https:\\\/\\\/lovme.pt\\\/#website\",\"url\":\"https:\\\/\\\/lovme.pt\\\/\",\"name\":\"Lovme Loja Er\u00f3tica N\u00ba1 em Portugal\",\"description\":\"A melhor loja er\u00f3tica de Portugal.\",\"alternateName\":\"Loja Er\u00f3tica Lovme\",\"potentialAction\":[{\"@type\":\"SearchAction\",\"target\":{\"@type\":\"EntryPoint\",\"urlTemplate\":\"https:\\\/\\\/lovme.pt\\\/?s={search_term_string}\"},\"query-input\":{\"@type\":\"PropertyValueSpecification\",\"valueRequired\":true,\"valueName\":\"search_term_string\"}}],\"inLanguage\":\"pt-PT\"}]}<\/script>\n<!-- \/ Yoast SEO plugin. -->","yoast_head_json":{"title":"RITHUAL - KAMA CONTROL REMOTO PARA PAREJAS AZABACHE - Lovme","robots":{"index":"index","follow":"follow","max-snippet":"max-snippet:-1","max-image-preview":"max-image-preview:large","max-video-preview":"max-video-preview:-1"},"canonical":"https:\/\/lovme.pt\/index.php\/produto\/rithual-controle-remoto-kama-para-casais-azabache\/","og_locale":"pt_PT","og_type":"article","og_title":"RITHUAL - KAMA CONTROL REMOTO PARA PAREJAS AZABACHE - Lovme","og_description":"RITHUAL - CONTROLE REMOTO KAMA PARA CASAIS AZABACHE","og_url":"https:\/\/lovme.pt\/index.php\/produto\/rithual-controle-remoto-kama-para-casais-azabache\/","og_site_name":"Lovme","article_modified_time":"2026-02-19T20:23:29+00:00","og_image":[{"width":900,"height":900,"url":"https:\/\/erki24nd3ub.exactdn.com\/wp-content\/uploads\/dream\/img\/img_87819_d8c1a21d2a4a74da0ce0ce8299b9beff_1.png?strip=all","type":"image\/png"}],"twitter_card":"summary_large_image","twitter_misc":{"Tempo estimado de leitura":"2 minutos"},"schema":{"@context":"https:\/\/schema.org","@graph":[{"@type":"WebPage","@id":"https:\/\/lovme.pt\/index.php\/produto\/rithual-controle-remoto-kama-para-casais-azabache\/","url":"https:\/\/lovme.pt\/index.php\/produto\/rithual-controle-remoto-kama-para-casais-azabache\/","name":"RITHUAL - KAMA CONTROL REMOTO PARA PAREJAS AZABACHE - Lovme","isPartOf":{"@id":"https:\/\/lovme.pt\/#website"},"primaryImageOfPage":{"@id":"https:\/\/lovme.pt\/index.php\/produto\/rithual-controle-remoto-kama-para-casais-azabache\/#primaryimage"},"image":{"@id":"https:\/\/lovme.pt\/index.php\/produto\/rithual-controle-remoto-kama-para-casais-azabache\/#primaryimage"},"thumbnailUrl":"https:\/\/erki24nd3ub.exactdn.com\/wp-content\/uploads\/dream\/img\/img_87819_d8c1a21d2a4a74da0ce0ce8299b9beff_1.png?strip=all","datePublished":"2025-10-01T02:33:01+00:00","dateModified":"2026-02-19T20:23:29+00:00","breadcrumb":{"@id":"https:\/\/lovme.pt\/index.php\/produto\/rithual-controle-remoto-kama-para-casais-azabache\/#breadcrumb"},"inLanguage":"pt-PT","potentialAction":[{"@type":"ReadAction","target":["https:\/\/lovme.pt\/index.php\/produto\/rithual-controle-remoto-kama-para-casais-azabache\/"]}]},{"@type":"ImageObject","inLanguage":"pt-PT","@id":"https:\/\/lovme.pt\/index.php\/produto\/rithual-controle-remoto-kama-para-casais-azabache\/#primaryimage","url":"https:\/\/erki24nd3ub.exactdn.com\/wp-content\/uploads\/dream\/img\/img_87819_d8c1a21d2a4a74da0ce0ce8299b9beff_1.png?strip=all","contentUrl":"https:\/\/erki24nd3ub.exactdn.com\/wp-content\/uploads\/dream\/img\/img_87819_d8c1a21d2a4a74da0ce0ce8299b9beff_1.png?strip=all","width":900,"height":900},{"@type":"BreadcrumbList","@id":"https:\/\/lovme.pt\/index.php\/produto\/rithual-controle-remoto-kama-para-casais-azabache\/#breadcrumb","itemListElement":[{"@type":"ListItem","position":1,"name":"In\u00edcio","item":"https:\/\/lovme.pt\/"},{"@type":"ListItem","position":2,"name":"Loja","item":"https:\/\/lovme.pt\/index.php\/loja\/"},{"@type":"ListItem","position":3,"name":"RITHUAL &#8211; KAMA CONTROL REMOTO PARA PAREJAS AZABACHE"}]},{"@type":"WebSite","@id":"https:\/\/lovme.pt\/#website","url":"https:\/\/lovme.pt\/","name":"Lovme Loja Er\u00f3tica N\u00ba1 em Portugal","description":"A melhor loja er\u00f3tica de Portugal.","alternateName":"Loja Er\u00f3tica Lovme","potentialAction":[{"@type":"SearchAction","target":{"@type":"EntryPoint","urlTemplate":"https:\/\/lovme.pt\/?s={search_term_string}"},"query-input":{"@type":"PropertyValueSpecification","valueRequired":true,"valueName":"search_term_string"}}],"inLanguage":"pt-PT"}]}},"_links":{"self":[{"href":"https:\/\/lovme.pt\/index.php\/wp-json\/wp\/v2\/product\/30409","targetHints":{"allow":["GET"]}}],"collection":[{"href":"https:\/\/lovme.pt\/index.php\/wp-json\/wp\/v2\/product"}],"about":[{"href":"https:\/\/lovme.pt\/index.php\/wp-json\/wp\/v2\/types\/product"}],"wp:featuredmedia":[{"embeddable":true,"href":"https:\/\/lovme.pt\/index.php\/wp-json\/wp\/v2\/media\/97605"}],"wp:attachment":[{"href":"https:\/\/lovme.pt\/index.php\/wp-json\/wp\/v2\/media?parent=30409"}],"wp:term":[{"taxonomy":"product_brand","embeddable":true,"href":"https:\/\/lovme.pt\/index.php\/wp-json\/wp\/v2\/product_brand?post=30409"},{"taxonomy":"product_cat","embeddable":true,"href":"https:\/\/lovme.pt\/index.php\/wp-json\/wp\/v2\/product_cat?post=30409"},{"taxonomy":"product_tag","embeddable":true,"href":"https:\/\/lovme.pt\/index.php\/wp-json\/wp\/v2\/product_tag?post=30409"}],"curies":[{"name":"wp","href":"https:\/\/api.w.org\/{rel}","templated":true}]}}