{"id":29427,"date":"2025-09-30T09:53:02","date_gmt":"2025-09-30T09:53:02","guid":{"rendered":"https:\/\/lovme.pt\/?post_type=product&#038;p=29427"},"modified":"2026-02-19T20:23:16","modified_gmt":"2026-02-19T20:23:16","slug":"lelo-smart-wand-2-preto","status":"publish","type":"product","link":"https:\/\/lovme.pt\/index.php\/produto\/lelo-smart-wand-2-preto\/","title":{"rendered":"LELO &#8211; SMART WAND 2 NEGRO"},"content":{"rendered":"<p>A ESTIMULA\u00c7\u00c3O MAIS PODEROSA E A MASSAGEM MAIS RELAXANTE.<\/p>\n<p> Quando o estresse evapora com o massageador de corpo inteiro mais desejado do mundo, \u00e9 hora de experimentar tudo o que seus 10 modos de vibra\u00e7\u00e3o podem fazer \u00e0s suas zonas er\u00f3genas. Desfrute de horas de massagem e prazer com apenas uma carga.<\/p>\n<ul>\n<li> Material: Silicone, PC, ABS<\/li>\n<li> Tamanho: 304x80x60mm<\/li>\n<li> Peso: 383g<\/li>\n<li> Bateria: \u00edon de l\u00edtio 1200\/1050 mA 3,7 V<\/li>\n<li> Carga: 2,5h a 5,0V 750mA<\/li>\n<\/ul>\n<p> CARACTER\u00cdSTICAS<\/p>\n<ul>\n<li> VANTAGENS DE CARGA DE LONGA DURA\u00c7\u00c3O At\u00e9 4 horas de uso por carga e 10 modos de vibra\u00e7\u00e3o para desfrutar de uma massagem total.<\/li>\n<li> DESIGN ELEGANTE COM PODER INCR\u00cdVEL F\u00e1cil de usar, com uma intensidade que pode ser t\u00e3o suave quanto avassaladora.<\/li>\n<li> SILICONE EXTRA-SUAVE Com silicone premium extramacio e biocompat\u00edvel.<\/li>\n<li> COMPLETAMENTE SUBMERS\u00cdVEL E RECARREG\u00c1VEL POR USB<\/li>\n<li> Para usar no banho ou no chuveiro e levar para onde quiser.<\/li>\n<li> Em uso: at\u00e9 4 horas Em espera: 90 dias<\/li>\n<li> Frequ\u00eancia: 80Hz<\/li>\n<li> Interface: 3 bot\u00f5es<\/li>\n<\/ul>\n","protected":false},"excerpt":{"rendered":"<p>LELO &#8211; SMART WAND 2 PRETO<\/p>\n","protected":false},"featured_media":58841,"template":"","meta":{"_acf_changed":false},"product_brand":[],"product_cat":[17,61],"product_tag":[],"class_list":{"0":"post-29427","1":"product","2":"type-product","3":"status-publish","4":"has-post-thumbnail","6":"product_cat-brinquedos-de-bem-estar-sexual","7":"product_cat-para-elas","8":"yith_product_brand-lelo","10":"first","11":"instock","12":"taxable","13":"shipping-taxable","14":"purchasable","15":"product-type-variable","16":"has-default-attributes"},"acf":[],"yoast_head":"<!-- This site is optimized with the Yoast SEO plugin v27.4 - https:\/\/yoast.com\/product\/yoast-seo-wordpress\/ -->\n<title>LELO - SMART WAND 2 NEGRO - Lovme<\/title>\n<meta name=\"robots\" content=\"index, follow, max-snippet:-1, max-image-preview:large, max-video-preview:-1\" \/>\n<link rel=\"canonical\" href=\"https:\/\/lovme.pt\/index.php\/produto\/lelo-smart-wand-2-preto\/\" \/>\n<meta property=\"og:locale\" content=\"pt_PT\" \/>\n<meta property=\"og:type\" content=\"article\" \/>\n<meta property=\"og:title\" content=\"LELO - SMART WAND 2 NEGRO - Lovme\" \/>\n<meta property=\"og:description\" content=\"LELO - SMART WAND 2 PRETO\" \/>\n<meta property=\"og:url\" content=\"https:\/\/lovme.pt\/index.php\/produto\/lelo-smart-wand-2-preto\/\" \/>\n<meta property=\"og:site_name\" content=\"Lovme\" \/>\n<meta property=\"article:modified_time\" content=\"2026-02-19T20:23:16+00:00\" \/>\n<meta property=\"og:image\" content=\"https:\/\/erki24nd3ub.exactdn.com\/wp-content\/uploads\/dream\/img\/img_84227_d67d1bc8dc2e0df6932e5ac317df4efd_1.jpg?strip=all\" \/>\n\t<meta property=\"og:image:width\" content=\"900\" \/>\n\t<meta property=\"og:image:height\" content=\"900\" \/>\n\t<meta property=\"og:image:type\" content=\"image\/jpeg\" \/>\n<meta name=\"twitter:card\" content=\"summary_large_image\" \/>\n<meta name=\"twitter:label1\" content=\"Tempo estimado de leitura\" \/>\n\t<meta name=\"twitter:data1\" content=\"1 minuto\" \/>\n<script type=\"application\/ld+json\" class=\"yoast-schema-graph\">{\"@context\":\"https:\\\/\\\/schema.org\",\"@graph\":[{\"@type\":\"WebPage\",\"@id\":\"https:\\\/\\\/lovme.pt\\\/index.php\\\/produto\\\/lelo-smart-wand-2-preto\\\/\",\"url\":\"https:\\\/\\\/lovme.pt\\\/index.php\\\/produto\\\/lelo-smart-wand-2-preto\\\/\",\"name\":\"LELO - SMART WAND 2 NEGRO - Lovme\",\"isPartOf\":{\"@id\":\"https:\\\/\\\/lovme.pt\\\/#website\"},\"primaryImageOfPage\":{\"@id\":\"https:\\\/\\\/lovme.pt\\\/index.php\\\/produto\\\/lelo-smart-wand-2-preto\\\/#primaryimage\"},\"image\":{\"@id\":\"https:\\\/\\\/lovme.pt\\\/index.php\\\/produto\\\/lelo-smart-wand-2-preto\\\/#primaryimage\"},\"thumbnailUrl\":\"https:\\\/\\\/erki24nd3ub.exactdn.com\\\/wp-content\\\/uploads\\\/dream\\\/img\\\/img_84227_d67d1bc8dc2e0df6932e5ac317df4efd_1.jpg?strip=all\",\"datePublished\":\"2025-09-30T09:53:02+00:00\",\"dateModified\":\"2026-02-19T20:23:16+00:00\",\"breadcrumb\":{\"@id\":\"https:\\\/\\\/lovme.pt\\\/index.php\\\/produto\\\/lelo-smart-wand-2-preto\\\/#breadcrumb\"},\"inLanguage\":\"pt-PT\",\"potentialAction\":[{\"@type\":\"ReadAction\",\"target\":[\"https:\\\/\\\/lovme.pt\\\/index.php\\\/produto\\\/lelo-smart-wand-2-preto\\\/\"]}]},{\"@type\":\"ImageObject\",\"inLanguage\":\"pt-PT\",\"@id\":\"https:\\\/\\\/lovme.pt\\\/index.php\\\/produto\\\/lelo-smart-wand-2-preto\\\/#primaryimage\",\"url\":\"https:\\\/\\\/erki24nd3ub.exactdn.com\\\/wp-content\\\/uploads\\\/dream\\\/img\\\/img_84227_d67d1bc8dc2e0df6932e5ac317df4efd_1.jpg?strip=all\",\"contentUrl\":\"https:\\\/\\\/erki24nd3ub.exactdn.com\\\/wp-content\\\/uploads\\\/dream\\\/img\\\/img_84227_d67d1bc8dc2e0df6932e5ac317df4efd_1.jpg?strip=all\",\"width\":900,\"height\":900},{\"@type\":\"BreadcrumbList\",\"@id\":\"https:\\\/\\\/lovme.pt\\\/index.php\\\/produto\\\/lelo-smart-wand-2-preto\\\/#breadcrumb\",\"itemListElement\":[{\"@type\":\"ListItem\",\"position\":1,\"name\":\"In\u00edcio\",\"item\":\"https:\\\/\\\/lovme.pt\\\/\"},{\"@type\":\"ListItem\",\"position\":2,\"name\":\"Loja\",\"item\":\"https:\\\/\\\/lovme.pt\\\/index.php\\\/loja\\\/\"},{\"@type\":\"ListItem\",\"position\":3,\"name\":\"LELO &#8211; SMART WAND 2 NEGRO\"}]},{\"@type\":\"WebSite\",\"@id\":\"https:\\\/\\\/lovme.pt\\\/#website\",\"url\":\"https:\\\/\\\/lovme.pt\\\/\",\"name\":\"Lovme Loja Er\u00f3tica N\u00ba1 em Portugal\",\"description\":\"A melhor loja er\u00f3tica de Portugal.\",\"alternateName\":\"Loja Er\u00f3tica Lovme\",\"potentialAction\":[{\"@type\":\"SearchAction\",\"target\":{\"@type\":\"EntryPoint\",\"urlTemplate\":\"https:\\\/\\\/lovme.pt\\\/?s={search_term_string}\"},\"query-input\":{\"@type\":\"PropertyValueSpecification\",\"valueRequired\":true,\"valueName\":\"search_term_string\"}}],\"inLanguage\":\"pt-PT\"}]}<\/script>\n<!-- \/ Yoast SEO plugin. -->","yoast_head_json":{"title":"LELO - SMART WAND 2 NEGRO - Lovme","robots":{"index":"index","follow":"follow","max-snippet":"max-snippet:-1","max-image-preview":"max-image-preview:large","max-video-preview":"max-video-preview:-1"},"canonical":"https:\/\/lovme.pt\/index.php\/produto\/lelo-smart-wand-2-preto\/","og_locale":"pt_PT","og_type":"article","og_title":"LELO - SMART WAND 2 NEGRO - Lovme","og_description":"LELO - SMART WAND 2 PRETO","og_url":"https:\/\/lovme.pt\/index.php\/produto\/lelo-smart-wand-2-preto\/","og_site_name":"Lovme","article_modified_time":"2026-02-19T20:23:16+00:00","og_image":[{"width":900,"height":900,"url":"https:\/\/erki24nd3ub.exactdn.com\/wp-content\/uploads\/dream\/img\/img_84227_d67d1bc8dc2e0df6932e5ac317df4efd_1.jpg?strip=all","type":"image\/jpeg"}],"twitter_card":"summary_large_image","twitter_misc":{"Tempo estimado de leitura":"1 minuto"},"schema":{"@context":"https:\/\/schema.org","@graph":[{"@type":"WebPage","@id":"https:\/\/lovme.pt\/index.php\/produto\/lelo-smart-wand-2-preto\/","url":"https:\/\/lovme.pt\/index.php\/produto\/lelo-smart-wand-2-preto\/","name":"LELO - SMART WAND 2 NEGRO - Lovme","isPartOf":{"@id":"https:\/\/lovme.pt\/#website"},"primaryImageOfPage":{"@id":"https:\/\/lovme.pt\/index.php\/produto\/lelo-smart-wand-2-preto\/#primaryimage"},"image":{"@id":"https:\/\/lovme.pt\/index.php\/produto\/lelo-smart-wand-2-preto\/#primaryimage"},"thumbnailUrl":"https:\/\/erki24nd3ub.exactdn.com\/wp-content\/uploads\/dream\/img\/img_84227_d67d1bc8dc2e0df6932e5ac317df4efd_1.jpg?strip=all","datePublished":"2025-09-30T09:53:02+00:00","dateModified":"2026-02-19T20:23:16+00:00","breadcrumb":{"@id":"https:\/\/lovme.pt\/index.php\/produto\/lelo-smart-wand-2-preto\/#breadcrumb"},"inLanguage":"pt-PT","potentialAction":[{"@type":"ReadAction","target":["https:\/\/lovme.pt\/index.php\/produto\/lelo-smart-wand-2-preto\/"]}]},{"@type":"ImageObject","inLanguage":"pt-PT","@id":"https:\/\/lovme.pt\/index.php\/produto\/lelo-smart-wand-2-preto\/#primaryimage","url":"https:\/\/erki24nd3ub.exactdn.com\/wp-content\/uploads\/dream\/img\/img_84227_d67d1bc8dc2e0df6932e5ac317df4efd_1.jpg?strip=all","contentUrl":"https:\/\/erki24nd3ub.exactdn.com\/wp-content\/uploads\/dream\/img\/img_84227_d67d1bc8dc2e0df6932e5ac317df4efd_1.jpg?strip=all","width":900,"height":900},{"@type":"BreadcrumbList","@id":"https:\/\/lovme.pt\/index.php\/produto\/lelo-smart-wand-2-preto\/#breadcrumb","itemListElement":[{"@type":"ListItem","position":1,"name":"In\u00edcio","item":"https:\/\/lovme.pt\/"},{"@type":"ListItem","position":2,"name":"Loja","item":"https:\/\/lovme.pt\/index.php\/loja\/"},{"@type":"ListItem","position":3,"name":"LELO &#8211; SMART WAND 2 NEGRO"}]},{"@type":"WebSite","@id":"https:\/\/lovme.pt\/#website","url":"https:\/\/lovme.pt\/","name":"Lovme Loja Er\u00f3tica N\u00ba1 em Portugal","description":"A melhor loja er\u00f3tica de Portugal.","alternateName":"Loja Er\u00f3tica Lovme","potentialAction":[{"@type":"SearchAction","target":{"@type":"EntryPoint","urlTemplate":"https:\/\/lovme.pt\/?s={search_term_string}"},"query-input":{"@type":"PropertyValueSpecification","valueRequired":true,"valueName":"search_term_string"}}],"inLanguage":"pt-PT"}]}},"_links":{"self":[{"href":"https:\/\/lovme.pt\/index.php\/wp-json\/wp\/v2\/product\/29427","targetHints":{"allow":["GET"]}}],"collection":[{"href":"https:\/\/lovme.pt\/index.php\/wp-json\/wp\/v2\/product"}],"about":[{"href":"https:\/\/lovme.pt\/index.php\/wp-json\/wp\/v2\/types\/product"}],"wp:featuredmedia":[{"embeddable":true,"href":"https:\/\/lovme.pt\/index.php\/wp-json\/wp\/v2\/media\/58841"}],"wp:attachment":[{"href":"https:\/\/lovme.pt\/index.php\/wp-json\/wp\/v2\/media?parent=29427"}],"wp:term":[{"taxonomy":"product_brand","embeddable":true,"href":"https:\/\/lovme.pt\/index.php\/wp-json\/wp\/v2\/product_brand?post=29427"},{"taxonomy":"product_cat","embeddable":true,"href":"https:\/\/lovme.pt\/index.php\/wp-json\/wp\/v2\/product_cat?post=29427"},{"taxonomy":"product_tag","embeddable":true,"href":"https:\/\/lovme.pt\/index.php\/wp-json\/wp\/v2\/product_tag?post=29427"}],"curies":[{"name":"wp","href":"https:\/\/api.w.org\/{rel}","templated":true}]}}