{"id":29227,"date":"2025-10-01T00:42:12","date_gmt":"2025-10-01T00:42:12","guid":{"rendered":"https:\/\/lovme.pt\/?post_type=product&#038;p=29227"},"modified":"2026-02-19T20:23:25","modified_gmt":"2026-02-19T20:23:25","slug":"passion-conjunto-woman-deby-tres-peas-s-m","status":"publish","type":"product","link":"https:\/\/lovme.pt\/index.php\/produto\/passion-conjunto-woman-deby-tres-peas-s-m\/","title":{"rendered":"PASSION &#8211; WOMAN DEBY THREE PIECES SET S\/M"},"content":{"rendered":"<p>Este conjunto \u00e9 composto por uma fabulosa lingerie com um design espetacularmente sexy com a qual voc\u00ea se tornar\u00e1 uma bomba de sedu\u00e7\u00e3o, fabricada pela prestigiada marca de lingerie sexy Passion<\/p>\n<ul>\n<li> Definir D\u00e9by<\/li>\n<li> Composto por tr\u00eas pe\u00e7as<\/li>\n<li> Composto por suti\u00e3, saia e tanga<\/li>\n<li> Cor preta<\/li>\n<li> Apresenta\u00e7\u00e3o em uma linda caixa<\/li>\n<li> Composi\u00e7\u00e3o: 75% poli\u00e9ster \/ 15% elastano \/ 10% poliamida<\/li>\n<li> Tamanho S\/M<\/li>\n<\/ul>\n<p style=\"line-height: 20.8px;\"> Passion \u00e9 uma lingerie fabricada na Uni\u00e3o Europeia com rigorosos controles de qualidade, cuidando ao m\u00e1ximo detalhe tanto na fabrica\u00e7\u00e3o quanto nos seus elementos decorativos, pensada para o mundo de hoje, pessoas din\u00e2micas com vontade de inovar e se sentirem sempre atualizadas. <\/p>\n<p style=\"text-align: center;\"><img decoding=\"async\" alt=\"\" src=\"https:\/\/store.dreamlove.es\/UserFiles\/images\/PASIOM.png\" style=\"line-height: 20.8px; outline: 0px; box-sizing: border-box; vertical-align: middle; border: 0px; max-width: 100%; width: 512px; height: 167px;\" \/><\/p>\n","protected":false},"excerpt":{"rendered":"<p>PASSION &#8211; CONJUNTO WOMAN DEBY TR\u00caS PEAS S\/M<\/p>\n","protected":false},"featured_media":90131,"template":"","meta":{"_acf_changed":false},"product_brand":[],"product_cat":[48,47,66],"product_tag":[],"class_list":{"0":"post-29227","1":"product","2":"type-product","3":"status-publish","4":"has-post-thumbnail","6":"product_cat-bdsm","7":"product_cat-lingerie","8":"product_cat-lingerie-feminina","9":"yith_product_brand-passion","10":"yith_product_brand-passionpassion-woman","11":"yith_product_brand-passionpassion-womanpassion-woman-sets","13":"first","14":"instock","15":"taxable","16":"shipping-taxable","17":"purchasable","18":"product-type-variable","19":"has-default-attributes"},"acf":[],"yoast_head":"<!-- This site is optimized with the Yoast SEO plugin v27.4 - https:\/\/yoast.com\/product\/yoast-seo-wordpress\/ -->\n<title>PASSION - WOMAN DEBY THREE PIECES SET S\/M - Lovme<\/title>\n<meta name=\"robots\" content=\"index, follow, max-snippet:-1, max-image-preview:large, max-video-preview:-1\" \/>\n<link rel=\"canonical\" href=\"https:\/\/lovme.pt\/index.php\/produto\/passion-conjunto-woman-deby-tres-peas-s-m\/\" \/>\n<meta property=\"og:locale\" content=\"pt_PT\" \/>\n<meta property=\"og:type\" content=\"article\" \/>\n<meta property=\"og:title\" content=\"PASSION - WOMAN DEBY THREE PIECES SET S\/M - Lovme\" \/>\n<meta property=\"og:description\" content=\"PASSION - CONJUNTO WOMAN DEBY TR\u00caS PEAS S\/M\" \/>\n<meta property=\"og:url\" content=\"https:\/\/lovme.pt\/index.php\/produto\/passion-conjunto-woman-deby-tres-peas-s-m\/\" \/>\n<meta property=\"og:site_name\" content=\"Lovme\" \/>\n<meta property=\"article:modified_time\" content=\"2026-02-19T20:23:25+00:00\" \/>\n<meta property=\"og:image\" content=\"https:\/\/erki24nd3ub.exactdn.com\/wp-content\/uploads\/dream\/img\/img_83736_e43c9d6a2f4a90342a021e7fafc57ff4_1.jpg?strip=all\" \/>\n\t<meta property=\"og:image:width\" content=\"900\" \/>\n\t<meta property=\"og:image:height\" content=\"900\" \/>\n\t<meta property=\"og:image:type\" content=\"image\/jpeg\" \/>\n<meta name=\"twitter:card\" content=\"summary_large_image\" \/>\n<meta name=\"twitter:label1\" content=\"Tempo estimado de leitura\" \/>\n\t<meta name=\"twitter:data1\" content=\"1 minuto\" \/>\n<script type=\"application\/ld+json\" class=\"yoast-schema-graph\">{\"@context\":\"https:\\\/\\\/schema.org\",\"@graph\":[{\"@type\":\"WebPage\",\"@id\":\"https:\\\/\\\/lovme.pt\\\/index.php\\\/produto\\\/passion-conjunto-woman-deby-tres-peas-s-m\\\/\",\"url\":\"https:\\\/\\\/lovme.pt\\\/index.php\\\/produto\\\/passion-conjunto-woman-deby-tres-peas-s-m\\\/\",\"name\":\"PASSION - WOMAN DEBY THREE PIECES SET S\\\/M - Lovme\",\"isPartOf\":{\"@id\":\"https:\\\/\\\/lovme.pt\\\/#website\"},\"primaryImageOfPage\":{\"@id\":\"https:\\\/\\\/lovme.pt\\\/index.php\\\/produto\\\/passion-conjunto-woman-deby-tres-peas-s-m\\\/#primaryimage\"},\"image\":{\"@id\":\"https:\\\/\\\/lovme.pt\\\/index.php\\\/produto\\\/passion-conjunto-woman-deby-tres-peas-s-m\\\/#primaryimage\"},\"thumbnailUrl\":\"https:\\\/\\\/erki24nd3ub.exactdn.com\\\/wp-content\\\/uploads\\\/dream\\\/img\\\/img_83736_e43c9d6a2f4a90342a021e7fafc57ff4_1.jpg?strip=all\",\"datePublished\":\"2025-10-01T00:42:12+00:00\",\"dateModified\":\"2026-02-19T20:23:25+00:00\",\"breadcrumb\":{\"@id\":\"https:\\\/\\\/lovme.pt\\\/index.php\\\/produto\\\/passion-conjunto-woman-deby-tres-peas-s-m\\\/#breadcrumb\"},\"inLanguage\":\"pt-PT\",\"potentialAction\":[{\"@type\":\"ReadAction\",\"target\":[\"https:\\\/\\\/lovme.pt\\\/index.php\\\/produto\\\/passion-conjunto-woman-deby-tres-peas-s-m\\\/\"]}]},{\"@type\":\"ImageObject\",\"inLanguage\":\"pt-PT\",\"@id\":\"https:\\\/\\\/lovme.pt\\\/index.php\\\/produto\\\/passion-conjunto-woman-deby-tres-peas-s-m\\\/#primaryimage\",\"url\":\"https:\\\/\\\/erki24nd3ub.exactdn.com\\\/wp-content\\\/uploads\\\/dream\\\/img\\\/img_83736_e43c9d6a2f4a90342a021e7fafc57ff4_1.jpg?strip=all\",\"contentUrl\":\"https:\\\/\\\/erki24nd3ub.exactdn.com\\\/wp-content\\\/uploads\\\/dream\\\/img\\\/img_83736_e43c9d6a2f4a90342a021e7fafc57ff4_1.jpg?strip=all\",\"width\":900,\"height\":900},{\"@type\":\"BreadcrumbList\",\"@id\":\"https:\\\/\\\/lovme.pt\\\/index.php\\\/produto\\\/passion-conjunto-woman-deby-tres-peas-s-m\\\/#breadcrumb\",\"itemListElement\":[{\"@type\":\"ListItem\",\"position\":1,\"name\":\"In\u00edcio\",\"item\":\"https:\\\/\\\/lovme.pt\\\/\"},{\"@type\":\"ListItem\",\"position\":2,\"name\":\"Loja\",\"item\":\"https:\\\/\\\/lovme.pt\\\/index.php\\\/loja\\\/\"},{\"@type\":\"ListItem\",\"position\":3,\"name\":\"PASSION &#8211; WOMAN DEBY THREE PIECES SET S\\\/M\"}]},{\"@type\":\"WebSite\",\"@id\":\"https:\\\/\\\/lovme.pt\\\/#website\",\"url\":\"https:\\\/\\\/lovme.pt\\\/\",\"name\":\"Lovme Loja Er\u00f3tica N\u00ba1 em Portugal\",\"description\":\"A melhor loja er\u00f3tica de Portugal.\",\"alternateName\":\"Loja Er\u00f3tica Lovme\",\"potentialAction\":[{\"@type\":\"SearchAction\",\"target\":{\"@type\":\"EntryPoint\",\"urlTemplate\":\"https:\\\/\\\/lovme.pt\\\/?s={search_term_string}\"},\"query-input\":{\"@type\":\"PropertyValueSpecification\",\"valueRequired\":true,\"valueName\":\"search_term_string\"}}],\"inLanguage\":\"pt-PT\"}]}<\/script>\n<!-- \/ Yoast SEO plugin. -->","yoast_head_json":{"title":"PASSION - WOMAN DEBY THREE PIECES SET S\/M - Lovme","robots":{"index":"index","follow":"follow","max-snippet":"max-snippet:-1","max-image-preview":"max-image-preview:large","max-video-preview":"max-video-preview:-1"},"canonical":"https:\/\/lovme.pt\/index.php\/produto\/passion-conjunto-woman-deby-tres-peas-s-m\/","og_locale":"pt_PT","og_type":"article","og_title":"PASSION - WOMAN DEBY THREE PIECES SET S\/M - Lovme","og_description":"PASSION - CONJUNTO WOMAN DEBY TR\u00caS PEAS S\/M","og_url":"https:\/\/lovme.pt\/index.php\/produto\/passion-conjunto-woman-deby-tres-peas-s-m\/","og_site_name":"Lovme","article_modified_time":"2026-02-19T20:23:25+00:00","og_image":[{"width":900,"height":900,"url":"https:\/\/erki24nd3ub.exactdn.com\/wp-content\/uploads\/dream\/img\/img_83736_e43c9d6a2f4a90342a021e7fafc57ff4_1.jpg?strip=all","type":"image\/jpeg"}],"twitter_card":"summary_large_image","twitter_misc":{"Tempo estimado de leitura":"1 minuto"},"schema":{"@context":"https:\/\/schema.org","@graph":[{"@type":"WebPage","@id":"https:\/\/lovme.pt\/index.php\/produto\/passion-conjunto-woman-deby-tres-peas-s-m\/","url":"https:\/\/lovme.pt\/index.php\/produto\/passion-conjunto-woman-deby-tres-peas-s-m\/","name":"PASSION - WOMAN DEBY THREE PIECES SET S\/M - Lovme","isPartOf":{"@id":"https:\/\/lovme.pt\/#website"},"primaryImageOfPage":{"@id":"https:\/\/lovme.pt\/index.php\/produto\/passion-conjunto-woman-deby-tres-peas-s-m\/#primaryimage"},"image":{"@id":"https:\/\/lovme.pt\/index.php\/produto\/passion-conjunto-woman-deby-tres-peas-s-m\/#primaryimage"},"thumbnailUrl":"https:\/\/erki24nd3ub.exactdn.com\/wp-content\/uploads\/dream\/img\/img_83736_e43c9d6a2f4a90342a021e7fafc57ff4_1.jpg?strip=all","datePublished":"2025-10-01T00:42:12+00:00","dateModified":"2026-02-19T20:23:25+00:00","breadcrumb":{"@id":"https:\/\/lovme.pt\/index.php\/produto\/passion-conjunto-woman-deby-tres-peas-s-m\/#breadcrumb"},"inLanguage":"pt-PT","potentialAction":[{"@type":"ReadAction","target":["https:\/\/lovme.pt\/index.php\/produto\/passion-conjunto-woman-deby-tres-peas-s-m\/"]}]},{"@type":"ImageObject","inLanguage":"pt-PT","@id":"https:\/\/lovme.pt\/index.php\/produto\/passion-conjunto-woman-deby-tres-peas-s-m\/#primaryimage","url":"https:\/\/erki24nd3ub.exactdn.com\/wp-content\/uploads\/dream\/img\/img_83736_e43c9d6a2f4a90342a021e7fafc57ff4_1.jpg?strip=all","contentUrl":"https:\/\/erki24nd3ub.exactdn.com\/wp-content\/uploads\/dream\/img\/img_83736_e43c9d6a2f4a90342a021e7fafc57ff4_1.jpg?strip=all","width":900,"height":900},{"@type":"BreadcrumbList","@id":"https:\/\/lovme.pt\/index.php\/produto\/passion-conjunto-woman-deby-tres-peas-s-m\/#breadcrumb","itemListElement":[{"@type":"ListItem","position":1,"name":"In\u00edcio","item":"https:\/\/lovme.pt\/"},{"@type":"ListItem","position":2,"name":"Loja","item":"https:\/\/lovme.pt\/index.php\/loja\/"},{"@type":"ListItem","position":3,"name":"PASSION &#8211; WOMAN DEBY THREE PIECES SET S\/M"}]},{"@type":"WebSite","@id":"https:\/\/lovme.pt\/#website","url":"https:\/\/lovme.pt\/","name":"Lovme Loja Er\u00f3tica N\u00ba1 em Portugal","description":"A melhor loja er\u00f3tica de Portugal.","alternateName":"Loja Er\u00f3tica Lovme","potentialAction":[{"@type":"SearchAction","target":{"@type":"EntryPoint","urlTemplate":"https:\/\/lovme.pt\/?s={search_term_string}"},"query-input":{"@type":"PropertyValueSpecification","valueRequired":true,"valueName":"search_term_string"}}],"inLanguage":"pt-PT"}]}},"_links":{"self":[{"href":"https:\/\/lovme.pt\/index.php\/wp-json\/wp\/v2\/product\/29227","targetHints":{"allow":["GET"]}}],"collection":[{"href":"https:\/\/lovme.pt\/index.php\/wp-json\/wp\/v2\/product"}],"about":[{"href":"https:\/\/lovme.pt\/index.php\/wp-json\/wp\/v2\/types\/product"}],"wp:featuredmedia":[{"embeddable":true,"href":"https:\/\/lovme.pt\/index.php\/wp-json\/wp\/v2\/media\/90131"}],"wp:attachment":[{"href":"https:\/\/lovme.pt\/index.php\/wp-json\/wp\/v2\/media?parent=29227"}],"wp:term":[{"taxonomy":"product_brand","embeddable":true,"href":"https:\/\/lovme.pt\/index.php\/wp-json\/wp\/v2\/product_brand?post=29227"},{"taxonomy":"product_cat","embeddable":true,"href":"https:\/\/lovme.pt\/index.php\/wp-json\/wp\/v2\/product_cat?post=29227"},{"taxonomy":"product_tag","embeddable":true,"href":"https:\/\/lovme.pt\/index.php\/wp-json\/wp\/v2\/product_tag?post=29227"}],"curies":[{"name":"wp","href":"https:\/\/api.w.org\/{rel}","templated":true}]}}