{"id":28872,"date":"2025-09-30T09:34:35","date_gmt":"2025-09-30T09:34:35","guid":{"rendered":"https:\/\/lovme.pt\/?post_type=product&#038;p=28872"},"modified":"2026-04-14T10:36:21","modified_gmt":"2026-04-14T10:36:21","slug":"toyjoy-so-para-voce-conjunto-de-presente-romance-vermelho","status":"publish","type":"product","link":"https:\/\/lovme.pt\/index.php\/produto\/toyjoy-so-para-voce-conjunto-de-presente-romance-vermelho\/","title":{"rendered":"TOYJOY &#8211; S\u00d3 PARA VOC\u00ca CONJUNTO DE PRESENTE ROMANCE VERMELHO"},"content":{"rendered":"<p>Prepare a sua noite mais especial com esta caixa de amor!!<\/p>\n<p>Cont&eacute;m tudo que voc&ecirc; precisa para desfrutar de uma noite doce, rom&acirc;ntica, sensual e muito picante.<\/p>\n<p>&Eacute; composto de<\/p>\n<ul>\n<li>&#8211; Esposas<\/li>\n<li>&#8211; vibrador<\/li>\n<li>&#8211; bala vibrat&oacute;ria<\/li>\n<li>&#8211; Anel com vibrador<\/li>\n<li>&#8211; Vela de massagem<\/li>\n<li>&#8211; P&eacute;talas de rosa<\/li>\n<li>&#8211; Lubrificante<\/li>\n<li>&#8211; Espanador extra macio.<\/li>\n<li>&#8211; Em lubrificante 4ml.<\/li>\n<\/ul>\n<p>Com este conjunto voc&ecirc; estar&aacute; preparado para dar asas &agrave; sua paix&atilde;o e porque n&atilde;o, experimentar novas e emocionantes fantasias.<\/p>\n","protected":false},"excerpt":{"rendered":"<p>TOYJOY &#8211; S\u00d3 PARA VOC\u00ca CONJUNTO DE PRESENTE ROMANCE VERMELHO<\/p>\n","protected":false},"featured_media":53798,"template":"","meta":{"_acf_changed":false},"product_brand":[],"product_cat":[17,65],"product_tag":[],"class_list":{"0":"post-28872","1":"product","2":"type-product","3":"status-publish","4":"has-post-thumbnail","6":"product_cat-brinquedos-de-bem-estar-sexual","7":"product_cat-kits","8":"yith_product_brand-toyjoy","10":"first","11":"instock","12":"taxable","13":"shipping-taxable","14":"purchasable","15":"product-type-simple"},"acf":[],"yoast_head":"<!-- This site is optimized with the Yoast SEO plugin v27.4 - https:\/\/yoast.com\/product\/yoast-seo-wordpress\/ -->\n<title>TOYJOY - S\u00d3 PARA VOC\u00ca CONJUNTO DE PRESENTE ROMANCE VERMELHO - Lovme<\/title>\n<meta name=\"robots\" content=\"index, follow, max-snippet:-1, max-image-preview:large, max-video-preview:-1\" \/>\n<link rel=\"canonical\" href=\"https:\/\/lovme.pt\/index.php\/produto\/toyjoy-so-para-voce-conjunto-de-presente-romance-vermelho\/\" \/>\n<meta property=\"og:locale\" content=\"pt_PT\" \/>\n<meta property=\"og:type\" content=\"article\" \/>\n<meta property=\"og:title\" content=\"TOYJOY - S\u00d3 PARA VOC\u00ca CONJUNTO DE PRESENTE ROMANCE VERMELHO - Lovme\" \/>\n<meta property=\"og:description\" content=\"TOYJOY - S\u00d3 PARA VOC\u00ca CONJUNTO DE PRESENTE ROMANCE VERMELHO\" \/>\n<meta property=\"og:url\" content=\"https:\/\/lovme.pt\/index.php\/produto\/toyjoy-so-para-voce-conjunto-de-presente-romance-vermelho\/\" \/>\n<meta property=\"og:site_name\" content=\"Lovme\" \/>\n<meta property=\"article:modified_time\" content=\"2026-04-14T10:36:21+00:00\" \/>\n<meta property=\"og:image\" content=\"https:\/\/erki24nd3ub.exactdn.com\/wp-content\/uploads\/dream\/img\/img_82632_cfd54ddc6955511afd29f68f36ea47b6_1.jpg?strip=all\" \/>\n\t<meta property=\"og:image:width\" content=\"550\" \/>\n\t<meta property=\"og:image:height\" content=\"550\" \/>\n\t<meta property=\"og:image:type\" content=\"image\/jpeg\" \/>\n<meta name=\"twitter:card\" content=\"summary_large_image\" \/>\n<script type=\"application\/ld+json\" class=\"yoast-schema-graph\">{\"@context\":\"https:\\\/\\\/schema.org\",\"@graph\":[{\"@type\":\"WebPage\",\"@id\":\"https:\\\/\\\/lovme.pt\\\/index.php\\\/produto\\\/toyjoy-so-para-voce-conjunto-de-presente-romance-vermelho\\\/\",\"url\":\"https:\\\/\\\/lovme.pt\\\/index.php\\\/produto\\\/toyjoy-so-para-voce-conjunto-de-presente-romance-vermelho\\\/\",\"name\":\"TOYJOY - S\u00d3 PARA VOC\u00ca CONJUNTO DE PRESENTE ROMANCE VERMELHO - Lovme\",\"isPartOf\":{\"@id\":\"https:\\\/\\\/lovme.pt\\\/#website\"},\"primaryImageOfPage\":{\"@id\":\"https:\\\/\\\/lovme.pt\\\/index.php\\\/produto\\\/toyjoy-so-para-voce-conjunto-de-presente-romance-vermelho\\\/#primaryimage\"},\"image\":{\"@id\":\"https:\\\/\\\/lovme.pt\\\/index.php\\\/produto\\\/toyjoy-so-para-voce-conjunto-de-presente-romance-vermelho\\\/#primaryimage\"},\"thumbnailUrl\":\"https:\\\/\\\/erki24nd3ub.exactdn.com\\\/wp-content\\\/uploads\\\/dream\\\/img\\\/img_82632_cfd54ddc6955511afd29f68f36ea47b6_1.jpg?strip=all\",\"datePublished\":\"2025-09-30T09:34:35+00:00\",\"dateModified\":\"2026-04-14T10:36:21+00:00\",\"breadcrumb\":{\"@id\":\"https:\\\/\\\/lovme.pt\\\/index.php\\\/produto\\\/toyjoy-so-para-voce-conjunto-de-presente-romance-vermelho\\\/#breadcrumb\"},\"inLanguage\":\"pt-PT\",\"potentialAction\":[{\"@type\":\"ReadAction\",\"target\":[\"https:\\\/\\\/lovme.pt\\\/index.php\\\/produto\\\/toyjoy-so-para-voce-conjunto-de-presente-romance-vermelho\\\/\"]}]},{\"@type\":\"ImageObject\",\"inLanguage\":\"pt-PT\",\"@id\":\"https:\\\/\\\/lovme.pt\\\/index.php\\\/produto\\\/toyjoy-so-para-voce-conjunto-de-presente-romance-vermelho\\\/#primaryimage\",\"url\":\"https:\\\/\\\/erki24nd3ub.exactdn.com\\\/wp-content\\\/uploads\\\/dream\\\/img\\\/img_82632_cfd54ddc6955511afd29f68f36ea47b6_1.jpg?strip=all\",\"contentUrl\":\"https:\\\/\\\/erki24nd3ub.exactdn.com\\\/wp-content\\\/uploads\\\/dream\\\/img\\\/img_82632_cfd54ddc6955511afd29f68f36ea47b6_1.jpg?strip=all\",\"width\":550,\"height\":550},{\"@type\":\"BreadcrumbList\",\"@id\":\"https:\\\/\\\/lovme.pt\\\/index.php\\\/produto\\\/toyjoy-so-para-voce-conjunto-de-presente-romance-vermelho\\\/#breadcrumb\",\"itemListElement\":[{\"@type\":\"ListItem\",\"position\":1,\"name\":\"In\u00edcio\",\"item\":\"https:\\\/\\\/lovme.pt\\\/\"},{\"@type\":\"ListItem\",\"position\":2,\"name\":\"Loja\",\"item\":\"https:\\\/\\\/lovme.pt\\\/index.php\\\/loja\\\/\"},{\"@type\":\"ListItem\",\"position\":3,\"name\":\"TOYJOY &#8211; S\u00d3 PARA VOC\u00ca CONJUNTO DE PRESENTE ROMANCE VERMELHO\"}]},{\"@type\":\"WebSite\",\"@id\":\"https:\\\/\\\/lovme.pt\\\/#website\",\"url\":\"https:\\\/\\\/lovme.pt\\\/\",\"name\":\"Lovme Loja Er\u00f3tica N\u00ba1 em Portugal\",\"description\":\"A melhor loja er\u00f3tica de Portugal.\",\"alternateName\":\"Loja Er\u00f3tica Lovme\",\"potentialAction\":[{\"@type\":\"SearchAction\",\"target\":{\"@type\":\"EntryPoint\",\"urlTemplate\":\"https:\\\/\\\/lovme.pt\\\/?s={search_term_string}\"},\"query-input\":{\"@type\":\"PropertyValueSpecification\",\"valueRequired\":true,\"valueName\":\"search_term_string\"}}],\"inLanguage\":\"pt-PT\"}]}<\/script>\n<!-- \/ Yoast SEO plugin. -->","yoast_head_json":{"title":"TOYJOY - S\u00d3 PARA VOC\u00ca CONJUNTO DE PRESENTE ROMANCE VERMELHO - Lovme","robots":{"index":"index","follow":"follow","max-snippet":"max-snippet:-1","max-image-preview":"max-image-preview:large","max-video-preview":"max-video-preview:-1"},"canonical":"https:\/\/lovme.pt\/index.php\/produto\/toyjoy-so-para-voce-conjunto-de-presente-romance-vermelho\/","og_locale":"pt_PT","og_type":"article","og_title":"TOYJOY - S\u00d3 PARA VOC\u00ca CONJUNTO DE PRESENTE ROMANCE VERMELHO - Lovme","og_description":"TOYJOY - S\u00d3 PARA VOC\u00ca CONJUNTO DE PRESENTE ROMANCE VERMELHO","og_url":"https:\/\/lovme.pt\/index.php\/produto\/toyjoy-so-para-voce-conjunto-de-presente-romance-vermelho\/","og_site_name":"Lovme","article_modified_time":"2026-04-14T10:36:21+00:00","og_image":[{"width":550,"height":550,"url":"https:\/\/erki24nd3ub.exactdn.com\/wp-content\/uploads\/dream\/img\/img_82632_cfd54ddc6955511afd29f68f36ea47b6_1.jpg?strip=all","type":"image\/jpeg"}],"twitter_card":"summary_large_image","schema":{"@context":"https:\/\/schema.org","@graph":[{"@type":"WebPage","@id":"https:\/\/lovme.pt\/index.php\/produto\/toyjoy-so-para-voce-conjunto-de-presente-romance-vermelho\/","url":"https:\/\/lovme.pt\/index.php\/produto\/toyjoy-so-para-voce-conjunto-de-presente-romance-vermelho\/","name":"TOYJOY - S\u00d3 PARA VOC\u00ca CONJUNTO DE PRESENTE ROMANCE VERMELHO - Lovme","isPartOf":{"@id":"https:\/\/lovme.pt\/#website"},"primaryImageOfPage":{"@id":"https:\/\/lovme.pt\/index.php\/produto\/toyjoy-so-para-voce-conjunto-de-presente-romance-vermelho\/#primaryimage"},"image":{"@id":"https:\/\/lovme.pt\/index.php\/produto\/toyjoy-so-para-voce-conjunto-de-presente-romance-vermelho\/#primaryimage"},"thumbnailUrl":"https:\/\/erki24nd3ub.exactdn.com\/wp-content\/uploads\/dream\/img\/img_82632_cfd54ddc6955511afd29f68f36ea47b6_1.jpg?strip=all","datePublished":"2025-09-30T09:34:35+00:00","dateModified":"2026-04-14T10:36:21+00:00","breadcrumb":{"@id":"https:\/\/lovme.pt\/index.php\/produto\/toyjoy-so-para-voce-conjunto-de-presente-romance-vermelho\/#breadcrumb"},"inLanguage":"pt-PT","potentialAction":[{"@type":"ReadAction","target":["https:\/\/lovme.pt\/index.php\/produto\/toyjoy-so-para-voce-conjunto-de-presente-romance-vermelho\/"]}]},{"@type":"ImageObject","inLanguage":"pt-PT","@id":"https:\/\/lovme.pt\/index.php\/produto\/toyjoy-so-para-voce-conjunto-de-presente-romance-vermelho\/#primaryimage","url":"https:\/\/erki24nd3ub.exactdn.com\/wp-content\/uploads\/dream\/img\/img_82632_cfd54ddc6955511afd29f68f36ea47b6_1.jpg?strip=all","contentUrl":"https:\/\/erki24nd3ub.exactdn.com\/wp-content\/uploads\/dream\/img\/img_82632_cfd54ddc6955511afd29f68f36ea47b6_1.jpg?strip=all","width":550,"height":550},{"@type":"BreadcrumbList","@id":"https:\/\/lovme.pt\/index.php\/produto\/toyjoy-so-para-voce-conjunto-de-presente-romance-vermelho\/#breadcrumb","itemListElement":[{"@type":"ListItem","position":1,"name":"In\u00edcio","item":"https:\/\/lovme.pt\/"},{"@type":"ListItem","position":2,"name":"Loja","item":"https:\/\/lovme.pt\/index.php\/loja\/"},{"@type":"ListItem","position":3,"name":"TOYJOY &#8211; S\u00d3 PARA VOC\u00ca CONJUNTO DE PRESENTE ROMANCE VERMELHO"}]},{"@type":"WebSite","@id":"https:\/\/lovme.pt\/#website","url":"https:\/\/lovme.pt\/","name":"Lovme Loja Er\u00f3tica N\u00ba1 em Portugal","description":"A melhor loja er\u00f3tica de Portugal.","alternateName":"Loja Er\u00f3tica Lovme","potentialAction":[{"@type":"SearchAction","target":{"@type":"EntryPoint","urlTemplate":"https:\/\/lovme.pt\/?s={search_term_string}"},"query-input":{"@type":"PropertyValueSpecification","valueRequired":true,"valueName":"search_term_string"}}],"inLanguage":"pt-PT"}]}},"_links":{"self":[{"href":"https:\/\/lovme.pt\/index.php\/wp-json\/wp\/v2\/product\/28872","targetHints":{"allow":["GET"]}}],"collection":[{"href":"https:\/\/lovme.pt\/index.php\/wp-json\/wp\/v2\/product"}],"about":[{"href":"https:\/\/lovme.pt\/index.php\/wp-json\/wp\/v2\/types\/product"}],"wp:featuredmedia":[{"embeddable":true,"href":"https:\/\/lovme.pt\/index.php\/wp-json\/wp\/v2\/media\/53798"}],"wp:attachment":[{"href":"https:\/\/lovme.pt\/index.php\/wp-json\/wp\/v2\/media?parent=28872"}],"wp:term":[{"taxonomy":"product_brand","embeddable":true,"href":"https:\/\/lovme.pt\/index.php\/wp-json\/wp\/v2\/product_brand?post=28872"},{"taxonomy":"product_cat","embeddable":true,"href":"https:\/\/lovme.pt\/index.php\/wp-json\/wp\/v2\/product_cat?post=28872"},{"taxonomy":"product_tag","embeddable":true,"href":"https:\/\/lovme.pt\/index.php\/wp-json\/wp\/v2\/product_tag?post=28872"}],"curies":[{"name":"wp","href":"https:\/\/api.w.org\/{rel}","templated":true}]}}