{"id":28870,"date":"2025-09-30T09:34:34","date_gmt":"2025-09-30T09:34:34","guid":{"rendered":"https:\/\/lovme.pt\/?post_type=product&#038;p=28870"},"modified":"2026-04-14T10:36:19","modified_gmt":"2026-04-14T10:36:19","slug":"toyjoy-so-para-voce-ama-kit-inicial-de-brinquedos","status":"publish","type":"product","link":"https:\/\/lovme.pt\/index.php\/produto\/toyjoy-so-para-voce-ama-kit-inicial-de-brinquedos\/","title":{"rendered":"TOYJOY &#8211; S\u00d3 PARA VOC\u00ca AMA KIT INICIAL DE BRINQUEDOS"},"content":{"rendered":"<p>Kit de alta tecnologia, com uma grande variedade de escolha, gra&ccedil;as aos seus diversos brinquedos, com os quais poder&aacute; experimentar in&uacute;meras experi&ecirc;ncias novas e agrad&aacute;veis.<\/p>\n<p>Este fabuloso kit inclui:<\/p>\n<ul>\n<li>&#8211; Esposas<\/li>\n<li>&#8211; Manga para p&ecirc;nis.<\/li>\n<li>&#8211; Ovo vibrat&oacute;rio.<\/li>\n<li>&#8211; Grampos de mamilo.<\/li>\n<li>&#8211; Vibrador (requer 3 x AAA n&atilde;o inclu&iacute;dos).<\/li>\n<li>&#8211; Plugue anal<\/li>\n<li>&#8211; Conjunto de bolas chinesas.<\/li>\n<li>&#8211; Anel vibrat&oacute;rio para o p&ecirc;nis.<\/li>\n<li>&#8211; Mascarar.<\/li>\n<li>&#8211; Chicote.<\/li>\n<\/ul>\n<p>Este kit &eacute; perfeito para governar em uma ocasi&atilde;o especial.<\/p>\n","protected":false},"excerpt":{"rendered":"<p>TOYJOY &#8211; S\u00d3 PARA VOC\u00ca AMA KIT INICIAL DE BRINQUEDOS<\/p>\n","protected":false},"featured_media":53790,"template":"","meta":{"_acf_changed":false},"product_brand":[],"product_cat":[17,65],"product_tag":[],"class_list":{"0":"post-28870","1":"product","2":"type-product","3":"status-publish","4":"has-post-thumbnail","6":"product_cat-brinquedos-de-bem-estar-sexual","7":"product_cat-kits","8":"yith_product_brand-toyjoy","10":"first","11":"instock","12":"taxable","13":"shipping-taxable","14":"purchasable","15":"product-type-simple"},"acf":[],"yoast_head":"<!-- This site is optimized with the Yoast SEO plugin v27.4 - https:\/\/yoast.com\/product\/yoast-seo-wordpress\/ -->\n<title>TOYJOY - S\u00d3 PARA VOC\u00ca AMA KIT INICIAL DE BRINQUEDOS - Lovme<\/title>\n<meta name=\"robots\" content=\"index, follow, max-snippet:-1, max-image-preview:large, max-video-preview:-1\" \/>\n<link rel=\"canonical\" href=\"https:\/\/lovme.pt\/index.php\/produto\/toyjoy-so-para-voce-ama-kit-inicial-de-brinquedos\/\" \/>\n<meta property=\"og:locale\" content=\"pt_PT\" \/>\n<meta property=\"og:type\" content=\"article\" \/>\n<meta property=\"og:title\" content=\"TOYJOY - S\u00d3 PARA VOC\u00ca AMA KIT INICIAL DE BRINQUEDOS - Lovme\" \/>\n<meta property=\"og:description\" content=\"TOYJOY - S\u00d3 PARA VOC\u00ca AMA KIT INICIAL DE BRINQUEDOS\" \/>\n<meta property=\"og:url\" content=\"https:\/\/lovme.pt\/index.php\/produto\/toyjoy-so-para-voce-ama-kit-inicial-de-brinquedos\/\" \/>\n<meta property=\"og:site_name\" content=\"Lovme\" \/>\n<meta property=\"article:modified_time\" content=\"2026-04-14T10:36:19+00:00\" \/>\n<meta property=\"og:image\" content=\"https:\/\/erki24nd3ub.exactdn.com\/wp-content\/uploads\/dream\/img\/img_82626_63d717dd8e07de07062fe742d7e52c25_1.jpg?strip=all\" \/>\n\t<meta property=\"og:image:width\" content=\"550\" \/>\n\t<meta property=\"og:image:height\" content=\"550\" \/>\n\t<meta property=\"og:image:type\" content=\"image\/jpeg\" \/>\n<meta name=\"twitter:card\" content=\"summary_large_image\" \/>\n<meta name=\"twitter:label1\" content=\"Tempo estimado de leitura\" \/>\n\t<meta name=\"twitter:data1\" content=\"1 minuto\" \/>\n<script type=\"application\/ld+json\" class=\"yoast-schema-graph\">{\"@context\":\"https:\\\/\\\/schema.org\",\"@graph\":[{\"@type\":\"WebPage\",\"@id\":\"https:\\\/\\\/lovme.pt\\\/index.php\\\/produto\\\/toyjoy-so-para-voce-ama-kit-inicial-de-brinquedos\\\/\",\"url\":\"https:\\\/\\\/lovme.pt\\\/index.php\\\/produto\\\/toyjoy-so-para-voce-ama-kit-inicial-de-brinquedos\\\/\",\"name\":\"TOYJOY - S\u00d3 PARA VOC\u00ca AMA KIT INICIAL DE BRINQUEDOS - Lovme\",\"isPartOf\":{\"@id\":\"https:\\\/\\\/lovme.pt\\\/#website\"},\"primaryImageOfPage\":{\"@id\":\"https:\\\/\\\/lovme.pt\\\/index.php\\\/produto\\\/toyjoy-so-para-voce-ama-kit-inicial-de-brinquedos\\\/#primaryimage\"},\"image\":{\"@id\":\"https:\\\/\\\/lovme.pt\\\/index.php\\\/produto\\\/toyjoy-so-para-voce-ama-kit-inicial-de-brinquedos\\\/#primaryimage\"},\"thumbnailUrl\":\"https:\\\/\\\/erki24nd3ub.exactdn.com\\\/wp-content\\\/uploads\\\/dream\\\/img\\\/img_82626_63d717dd8e07de07062fe742d7e52c25_1.jpg?strip=all\",\"datePublished\":\"2025-09-30T09:34:34+00:00\",\"dateModified\":\"2026-04-14T10:36:19+00:00\",\"breadcrumb\":{\"@id\":\"https:\\\/\\\/lovme.pt\\\/index.php\\\/produto\\\/toyjoy-so-para-voce-ama-kit-inicial-de-brinquedos\\\/#breadcrumb\"},\"inLanguage\":\"pt-PT\",\"potentialAction\":[{\"@type\":\"ReadAction\",\"target\":[\"https:\\\/\\\/lovme.pt\\\/index.php\\\/produto\\\/toyjoy-so-para-voce-ama-kit-inicial-de-brinquedos\\\/\"]}]},{\"@type\":\"ImageObject\",\"inLanguage\":\"pt-PT\",\"@id\":\"https:\\\/\\\/lovme.pt\\\/index.php\\\/produto\\\/toyjoy-so-para-voce-ama-kit-inicial-de-brinquedos\\\/#primaryimage\",\"url\":\"https:\\\/\\\/erki24nd3ub.exactdn.com\\\/wp-content\\\/uploads\\\/dream\\\/img\\\/img_82626_63d717dd8e07de07062fe742d7e52c25_1.jpg?strip=all\",\"contentUrl\":\"https:\\\/\\\/erki24nd3ub.exactdn.com\\\/wp-content\\\/uploads\\\/dream\\\/img\\\/img_82626_63d717dd8e07de07062fe742d7e52c25_1.jpg?strip=all\",\"width\":550,\"height\":550},{\"@type\":\"BreadcrumbList\",\"@id\":\"https:\\\/\\\/lovme.pt\\\/index.php\\\/produto\\\/toyjoy-so-para-voce-ama-kit-inicial-de-brinquedos\\\/#breadcrumb\",\"itemListElement\":[{\"@type\":\"ListItem\",\"position\":1,\"name\":\"In\u00edcio\",\"item\":\"https:\\\/\\\/lovme.pt\\\/\"},{\"@type\":\"ListItem\",\"position\":2,\"name\":\"Loja\",\"item\":\"https:\\\/\\\/lovme.pt\\\/index.php\\\/loja\\\/\"},{\"@type\":\"ListItem\",\"position\":3,\"name\":\"TOYJOY &#8211; S\u00d3 PARA VOC\u00ca AMA KIT INICIAL DE BRINQUEDOS\"}]},{\"@type\":\"WebSite\",\"@id\":\"https:\\\/\\\/lovme.pt\\\/#website\",\"url\":\"https:\\\/\\\/lovme.pt\\\/\",\"name\":\"Lovme Loja Er\u00f3tica N\u00ba1 em Portugal\",\"description\":\"A melhor loja er\u00f3tica de Portugal.\",\"alternateName\":\"Loja Er\u00f3tica Lovme\",\"potentialAction\":[{\"@type\":\"SearchAction\",\"target\":{\"@type\":\"EntryPoint\",\"urlTemplate\":\"https:\\\/\\\/lovme.pt\\\/?s={search_term_string}\"},\"query-input\":{\"@type\":\"PropertyValueSpecification\",\"valueRequired\":true,\"valueName\":\"search_term_string\"}}],\"inLanguage\":\"pt-PT\"}]}<\/script>\n<!-- \/ Yoast SEO plugin. -->","yoast_head_json":{"title":"TOYJOY - S\u00d3 PARA VOC\u00ca AMA KIT INICIAL DE BRINQUEDOS - Lovme","robots":{"index":"index","follow":"follow","max-snippet":"max-snippet:-1","max-image-preview":"max-image-preview:large","max-video-preview":"max-video-preview:-1"},"canonical":"https:\/\/lovme.pt\/index.php\/produto\/toyjoy-so-para-voce-ama-kit-inicial-de-brinquedos\/","og_locale":"pt_PT","og_type":"article","og_title":"TOYJOY - S\u00d3 PARA VOC\u00ca AMA KIT INICIAL DE BRINQUEDOS - Lovme","og_description":"TOYJOY - S\u00d3 PARA VOC\u00ca AMA KIT INICIAL DE BRINQUEDOS","og_url":"https:\/\/lovme.pt\/index.php\/produto\/toyjoy-so-para-voce-ama-kit-inicial-de-brinquedos\/","og_site_name":"Lovme","article_modified_time":"2026-04-14T10:36:19+00:00","og_image":[{"width":550,"height":550,"url":"https:\/\/erki24nd3ub.exactdn.com\/wp-content\/uploads\/dream\/img\/img_82626_63d717dd8e07de07062fe742d7e52c25_1.jpg?strip=all","type":"image\/jpeg"}],"twitter_card":"summary_large_image","twitter_misc":{"Tempo estimado de leitura":"1 minuto"},"schema":{"@context":"https:\/\/schema.org","@graph":[{"@type":"WebPage","@id":"https:\/\/lovme.pt\/index.php\/produto\/toyjoy-so-para-voce-ama-kit-inicial-de-brinquedos\/","url":"https:\/\/lovme.pt\/index.php\/produto\/toyjoy-so-para-voce-ama-kit-inicial-de-brinquedos\/","name":"TOYJOY - S\u00d3 PARA VOC\u00ca AMA KIT INICIAL DE BRINQUEDOS - Lovme","isPartOf":{"@id":"https:\/\/lovme.pt\/#website"},"primaryImageOfPage":{"@id":"https:\/\/lovme.pt\/index.php\/produto\/toyjoy-so-para-voce-ama-kit-inicial-de-brinquedos\/#primaryimage"},"image":{"@id":"https:\/\/lovme.pt\/index.php\/produto\/toyjoy-so-para-voce-ama-kit-inicial-de-brinquedos\/#primaryimage"},"thumbnailUrl":"https:\/\/erki24nd3ub.exactdn.com\/wp-content\/uploads\/dream\/img\/img_82626_63d717dd8e07de07062fe742d7e52c25_1.jpg?strip=all","datePublished":"2025-09-30T09:34:34+00:00","dateModified":"2026-04-14T10:36:19+00:00","breadcrumb":{"@id":"https:\/\/lovme.pt\/index.php\/produto\/toyjoy-so-para-voce-ama-kit-inicial-de-brinquedos\/#breadcrumb"},"inLanguage":"pt-PT","potentialAction":[{"@type":"ReadAction","target":["https:\/\/lovme.pt\/index.php\/produto\/toyjoy-so-para-voce-ama-kit-inicial-de-brinquedos\/"]}]},{"@type":"ImageObject","inLanguage":"pt-PT","@id":"https:\/\/lovme.pt\/index.php\/produto\/toyjoy-so-para-voce-ama-kit-inicial-de-brinquedos\/#primaryimage","url":"https:\/\/erki24nd3ub.exactdn.com\/wp-content\/uploads\/dream\/img\/img_82626_63d717dd8e07de07062fe742d7e52c25_1.jpg?strip=all","contentUrl":"https:\/\/erki24nd3ub.exactdn.com\/wp-content\/uploads\/dream\/img\/img_82626_63d717dd8e07de07062fe742d7e52c25_1.jpg?strip=all","width":550,"height":550},{"@type":"BreadcrumbList","@id":"https:\/\/lovme.pt\/index.php\/produto\/toyjoy-so-para-voce-ama-kit-inicial-de-brinquedos\/#breadcrumb","itemListElement":[{"@type":"ListItem","position":1,"name":"In\u00edcio","item":"https:\/\/lovme.pt\/"},{"@type":"ListItem","position":2,"name":"Loja","item":"https:\/\/lovme.pt\/index.php\/loja\/"},{"@type":"ListItem","position":3,"name":"TOYJOY &#8211; S\u00d3 PARA VOC\u00ca AMA KIT INICIAL DE BRINQUEDOS"}]},{"@type":"WebSite","@id":"https:\/\/lovme.pt\/#website","url":"https:\/\/lovme.pt\/","name":"Lovme Loja Er\u00f3tica N\u00ba1 em Portugal","description":"A melhor loja er\u00f3tica de Portugal.","alternateName":"Loja Er\u00f3tica Lovme","potentialAction":[{"@type":"SearchAction","target":{"@type":"EntryPoint","urlTemplate":"https:\/\/lovme.pt\/?s={search_term_string}"},"query-input":{"@type":"PropertyValueSpecification","valueRequired":true,"valueName":"search_term_string"}}],"inLanguage":"pt-PT"}]}},"_links":{"self":[{"href":"https:\/\/lovme.pt\/index.php\/wp-json\/wp\/v2\/product\/28870","targetHints":{"allow":["GET"]}}],"collection":[{"href":"https:\/\/lovme.pt\/index.php\/wp-json\/wp\/v2\/product"}],"about":[{"href":"https:\/\/lovme.pt\/index.php\/wp-json\/wp\/v2\/types\/product"}],"wp:featuredmedia":[{"embeddable":true,"href":"https:\/\/lovme.pt\/index.php\/wp-json\/wp\/v2\/media\/53790"}],"wp:attachment":[{"href":"https:\/\/lovme.pt\/index.php\/wp-json\/wp\/v2\/media?parent=28870"}],"wp:term":[{"taxonomy":"product_brand","embeddable":true,"href":"https:\/\/lovme.pt\/index.php\/wp-json\/wp\/v2\/product_brand?post=28870"},{"taxonomy":"product_cat","embeddable":true,"href":"https:\/\/lovme.pt\/index.php\/wp-json\/wp\/v2\/product_cat?post=28870"},{"taxonomy":"product_tag","embeddable":true,"href":"https:\/\/lovme.pt\/index.php\/wp-json\/wp\/v2\/product_tag?post=28870"}],"curies":[{"name":"wp","href":"https:\/\/api.w.org\/{rel}","templated":true}]}}