{"id":28817,"date":"2025-09-30T23:08:39","date_gmt":"2025-09-30T23:08:39","guid":{"rendered":"https:\/\/lovme.pt\/?post_type=product&#038;p=28817"},"modified":"2026-04-15T13:35:33","modified_gmt":"2026-04-15T13:35:33","slug":"addicted-toys-plug-anal-com-anel-de-penis-duplo-e-testiculos-preto","status":"publish","type":"product","link":"https:\/\/lovme.pt\/index.php\/produto\/addicted-toys-plug-anal-com-anel-de-penis-duplo-e-testiculos-preto\/","title":{"rendered":"ADDICTED TOYS &#8211; PLUG ANAL COM ANEL DE P\u00caNIS DUPLO E TEST\u00cdCULOS PRETO"},"content":{"rendered":"<p>Voc&ecirc; j&aacute; viu um dilatador anal combinado com um anel peniano? Garantimos que, se voc&ecirc; est&aacute; entusiasmado com o prazer da traseira, vai adorar.<\/p>\n<p>O anel peniano lhe dar&aacute; a solidez que voc&ecirc; deseja e o anel testicular lhe dar&aacute; uma agrad&aacute;vel sensa&ccedil;&atilde;o de press&atilde;o. Uma vez inserido o dilatador anal, voc&ecirc; poder&aacute; desfrutar de seu formato e textura caracter&iacute;sticos, gra&ccedil;as ao material tpr de toque suave que respeita seu corpo. O dilatador anal adapta-se muito rapidamente &agrave; temperatura do seu corpo e a sua ponta curva ir&aacute; transport&aacute;-lo para ambientes inimagin&aacute;veis.<\/p>\n<p>Al&eacute;m disso, este dilatador possui um motor vibrat&oacute;rio que completa a fonte de prazer.<\/p>\n<ul>\n<li>Comprimento do plugue: 11,4 cm<\/li>\n<li>Di&acirc;metro do plugue: 4cm<\/li>\n<\/ul>\n","protected":false},"excerpt":{"rendered":"<p>ADDICTED TOYS &#8211; PLUG ANAL COM ANEL DE P\u00caNIS DUPLO E TEST\u00cdCULOS PRETO<\/p>\n","protected":false},"featured_media":83718,"template":"","meta":{"_acf_changed":false},"product_brand":[],"product_cat":[48,17,59,60,62,63],"product_tag":[],"class_list":{"0":"post-28817","1":"product","2":"type-product","3":"status-publish","4":"has-post-thumbnail","6":"product_cat-bdsm","7":"product_cat-brinquedos-de-bem-estar-sexual","8":"product_cat-para-casais","9":"product_cat-para-eles","10":"product_cat-plugues-e-correntes-anais","11":"product_cat-sexo-anal","12":"yith_product_brand-addicted-toys","14":"first","15":"instock","16":"taxable","17":"shipping-taxable","18":"purchasable","19":"product-type-simple"},"acf":[],"yoast_head":"<!-- This site is optimized with the Yoast SEO plugin v27.4 - https:\/\/yoast.com\/product\/yoast-seo-wordpress\/ -->\n<title>ADDICTED TOYS - PLUG ANAL COM ANEL DE P\u00caNIS DUPLO E TEST\u00cdCULOS PRETO - Lovme<\/title>\n<meta name=\"robots\" content=\"index, follow, max-snippet:-1, max-image-preview:large, max-video-preview:-1\" \/>\n<link rel=\"canonical\" href=\"https:\/\/lovme.pt\/index.php\/produto\/addicted-toys-plug-anal-com-anel-de-penis-duplo-e-testiculos-preto\/\" \/>\n<meta property=\"og:locale\" content=\"pt_PT\" \/>\n<meta property=\"og:type\" content=\"article\" \/>\n<meta property=\"og:title\" content=\"ADDICTED TOYS - PLUG ANAL COM ANEL DE P\u00caNIS DUPLO E TEST\u00cdCULOS PRETO - Lovme\" \/>\n<meta property=\"og:description\" content=\"ADDICTED TOYS - PLUG ANAL COM ANEL DE P\u00caNIS DUPLO E TEST\u00cdCULOS PRETO\" \/>\n<meta property=\"og:url\" content=\"https:\/\/lovme.pt\/index.php\/produto\/addicted-toys-plug-anal-com-anel-de-penis-duplo-e-testiculos-preto\/\" \/>\n<meta property=\"og:site_name\" content=\"Lovme\" \/>\n<meta property=\"article:modified_time\" content=\"2026-04-15T13:35:33+00:00\" \/>\n<meta property=\"og:image\" content=\"https:\/\/erki24nd3ub.exactdn.com\/wp-content\/uploads\/dream\/img\/img_82331_a84bc2910ba8f0954c1fcd6ed4cd26f1_1.png?strip=all\" \/>\n\t<meta property=\"og:image:width\" content=\"900\" \/>\n\t<meta property=\"og:image:height\" content=\"900\" \/>\n\t<meta property=\"og:image:type\" content=\"image\/png\" \/>\n<meta name=\"twitter:card\" content=\"summary_large_image\" \/>\n<meta name=\"twitter:label1\" content=\"Tempo estimado de leitura\" \/>\n\t<meta name=\"twitter:data1\" content=\"1 minuto\" \/>\n<script type=\"application\/ld+json\" class=\"yoast-schema-graph\">{\"@context\":\"https:\\\/\\\/schema.org\",\"@graph\":[{\"@type\":\"WebPage\",\"@id\":\"https:\\\/\\\/lovme.pt\\\/index.php\\\/produto\\\/addicted-toys-plug-anal-com-anel-de-penis-duplo-e-testiculos-preto\\\/\",\"url\":\"https:\\\/\\\/lovme.pt\\\/index.php\\\/produto\\\/addicted-toys-plug-anal-com-anel-de-penis-duplo-e-testiculos-preto\\\/\",\"name\":\"ADDICTED TOYS - PLUG ANAL COM ANEL DE P\u00caNIS DUPLO E TEST\u00cdCULOS PRETO - Lovme\",\"isPartOf\":{\"@id\":\"https:\\\/\\\/lovme.pt\\\/#website\"},\"primaryImageOfPage\":{\"@id\":\"https:\\\/\\\/lovme.pt\\\/index.php\\\/produto\\\/addicted-toys-plug-anal-com-anel-de-penis-duplo-e-testiculos-preto\\\/#primaryimage\"},\"image\":{\"@id\":\"https:\\\/\\\/lovme.pt\\\/index.php\\\/produto\\\/addicted-toys-plug-anal-com-anel-de-penis-duplo-e-testiculos-preto\\\/#primaryimage\"},\"thumbnailUrl\":\"https:\\\/\\\/erki24nd3ub.exactdn.com\\\/wp-content\\\/uploads\\\/dream\\\/img\\\/img_82331_a84bc2910ba8f0954c1fcd6ed4cd26f1_1.png?strip=all\",\"datePublished\":\"2025-09-30T23:08:39+00:00\",\"dateModified\":\"2026-04-15T13:35:33+00:00\",\"breadcrumb\":{\"@id\":\"https:\\\/\\\/lovme.pt\\\/index.php\\\/produto\\\/addicted-toys-plug-anal-com-anel-de-penis-duplo-e-testiculos-preto\\\/#breadcrumb\"},\"inLanguage\":\"pt-PT\",\"potentialAction\":[{\"@type\":\"ReadAction\",\"target\":[\"https:\\\/\\\/lovme.pt\\\/index.php\\\/produto\\\/addicted-toys-plug-anal-com-anel-de-penis-duplo-e-testiculos-preto\\\/\"]}]},{\"@type\":\"ImageObject\",\"inLanguage\":\"pt-PT\",\"@id\":\"https:\\\/\\\/lovme.pt\\\/index.php\\\/produto\\\/addicted-toys-plug-anal-com-anel-de-penis-duplo-e-testiculos-preto\\\/#primaryimage\",\"url\":\"https:\\\/\\\/erki24nd3ub.exactdn.com\\\/wp-content\\\/uploads\\\/dream\\\/img\\\/img_82331_a84bc2910ba8f0954c1fcd6ed4cd26f1_1.png?strip=all\",\"contentUrl\":\"https:\\\/\\\/erki24nd3ub.exactdn.com\\\/wp-content\\\/uploads\\\/dream\\\/img\\\/img_82331_a84bc2910ba8f0954c1fcd6ed4cd26f1_1.png?strip=all\",\"width\":900,\"height\":900},{\"@type\":\"BreadcrumbList\",\"@id\":\"https:\\\/\\\/lovme.pt\\\/index.php\\\/produto\\\/addicted-toys-plug-anal-com-anel-de-penis-duplo-e-testiculos-preto\\\/#breadcrumb\",\"itemListElement\":[{\"@type\":\"ListItem\",\"position\":1,\"name\":\"In\u00edcio\",\"item\":\"https:\\\/\\\/lovme.pt\\\/\"},{\"@type\":\"ListItem\",\"position\":2,\"name\":\"Loja\",\"item\":\"https:\\\/\\\/lovme.pt\\\/index.php\\\/loja\\\/\"},{\"@type\":\"ListItem\",\"position\":3,\"name\":\"ADDICTED TOYS &#8211; PLUG ANAL COM ANEL DE P\u00caNIS DUPLO E TEST\u00cdCULOS PRETO\"}]},{\"@type\":\"WebSite\",\"@id\":\"https:\\\/\\\/lovme.pt\\\/#website\",\"url\":\"https:\\\/\\\/lovme.pt\\\/\",\"name\":\"Lovme Loja Er\u00f3tica N\u00ba1 em Portugal\",\"description\":\"A melhor loja er\u00f3tica de Portugal.\",\"alternateName\":\"Loja Er\u00f3tica Lovme\",\"potentialAction\":[{\"@type\":\"SearchAction\",\"target\":{\"@type\":\"EntryPoint\",\"urlTemplate\":\"https:\\\/\\\/lovme.pt\\\/?s={search_term_string}\"},\"query-input\":{\"@type\":\"PropertyValueSpecification\",\"valueRequired\":true,\"valueName\":\"search_term_string\"}}],\"inLanguage\":\"pt-PT\"}]}<\/script>\n<!-- \/ Yoast SEO plugin. -->","yoast_head_json":{"title":"ADDICTED TOYS - PLUG ANAL COM ANEL DE P\u00caNIS DUPLO E TEST\u00cdCULOS PRETO - Lovme","robots":{"index":"index","follow":"follow","max-snippet":"max-snippet:-1","max-image-preview":"max-image-preview:large","max-video-preview":"max-video-preview:-1"},"canonical":"https:\/\/lovme.pt\/index.php\/produto\/addicted-toys-plug-anal-com-anel-de-penis-duplo-e-testiculos-preto\/","og_locale":"pt_PT","og_type":"article","og_title":"ADDICTED TOYS - PLUG ANAL COM ANEL DE P\u00caNIS DUPLO E TEST\u00cdCULOS PRETO - Lovme","og_description":"ADDICTED TOYS - PLUG ANAL COM ANEL DE P\u00caNIS DUPLO E TEST\u00cdCULOS PRETO","og_url":"https:\/\/lovme.pt\/index.php\/produto\/addicted-toys-plug-anal-com-anel-de-penis-duplo-e-testiculos-preto\/","og_site_name":"Lovme","article_modified_time":"2026-04-15T13:35:33+00:00","og_image":[{"width":900,"height":900,"url":"https:\/\/erki24nd3ub.exactdn.com\/wp-content\/uploads\/dream\/img\/img_82331_a84bc2910ba8f0954c1fcd6ed4cd26f1_1.png?strip=all","type":"image\/png"}],"twitter_card":"summary_large_image","twitter_misc":{"Tempo estimado de leitura":"1 minuto"},"schema":{"@context":"https:\/\/schema.org","@graph":[{"@type":"WebPage","@id":"https:\/\/lovme.pt\/index.php\/produto\/addicted-toys-plug-anal-com-anel-de-penis-duplo-e-testiculos-preto\/","url":"https:\/\/lovme.pt\/index.php\/produto\/addicted-toys-plug-anal-com-anel-de-penis-duplo-e-testiculos-preto\/","name":"ADDICTED TOYS - PLUG ANAL COM ANEL DE P\u00caNIS DUPLO E TEST\u00cdCULOS PRETO - Lovme","isPartOf":{"@id":"https:\/\/lovme.pt\/#website"},"primaryImageOfPage":{"@id":"https:\/\/lovme.pt\/index.php\/produto\/addicted-toys-plug-anal-com-anel-de-penis-duplo-e-testiculos-preto\/#primaryimage"},"image":{"@id":"https:\/\/lovme.pt\/index.php\/produto\/addicted-toys-plug-anal-com-anel-de-penis-duplo-e-testiculos-preto\/#primaryimage"},"thumbnailUrl":"https:\/\/erki24nd3ub.exactdn.com\/wp-content\/uploads\/dream\/img\/img_82331_a84bc2910ba8f0954c1fcd6ed4cd26f1_1.png?strip=all","datePublished":"2025-09-30T23:08:39+00:00","dateModified":"2026-04-15T13:35:33+00:00","breadcrumb":{"@id":"https:\/\/lovme.pt\/index.php\/produto\/addicted-toys-plug-anal-com-anel-de-penis-duplo-e-testiculos-preto\/#breadcrumb"},"inLanguage":"pt-PT","potentialAction":[{"@type":"ReadAction","target":["https:\/\/lovme.pt\/index.php\/produto\/addicted-toys-plug-anal-com-anel-de-penis-duplo-e-testiculos-preto\/"]}]},{"@type":"ImageObject","inLanguage":"pt-PT","@id":"https:\/\/lovme.pt\/index.php\/produto\/addicted-toys-plug-anal-com-anel-de-penis-duplo-e-testiculos-preto\/#primaryimage","url":"https:\/\/erki24nd3ub.exactdn.com\/wp-content\/uploads\/dream\/img\/img_82331_a84bc2910ba8f0954c1fcd6ed4cd26f1_1.png?strip=all","contentUrl":"https:\/\/erki24nd3ub.exactdn.com\/wp-content\/uploads\/dream\/img\/img_82331_a84bc2910ba8f0954c1fcd6ed4cd26f1_1.png?strip=all","width":900,"height":900},{"@type":"BreadcrumbList","@id":"https:\/\/lovme.pt\/index.php\/produto\/addicted-toys-plug-anal-com-anel-de-penis-duplo-e-testiculos-preto\/#breadcrumb","itemListElement":[{"@type":"ListItem","position":1,"name":"In\u00edcio","item":"https:\/\/lovme.pt\/"},{"@type":"ListItem","position":2,"name":"Loja","item":"https:\/\/lovme.pt\/index.php\/loja\/"},{"@type":"ListItem","position":3,"name":"ADDICTED TOYS &#8211; PLUG ANAL COM ANEL DE P\u00caNIS DUPLO E TEST\u00cdCULOS PRETO"}]},{"@type":"WebSite","@id":"https:\/\/lovme.pt\/#website","url":"https:\/\/lovme.pt\/","name":"Lovme Loja Er\u00f3tica N\u00ba1 em Portugal","description":"A melhor loja er\u00f3tica de Portugal.","alternateName":"Loja Er\u00f3tica Lovme","potentialAction":[{"@type":"SearchAction","target":{"@type":"EntryPoint","urlTemplate":"https:\/\/lovme.pt\/?s={search_term_string}"},"query-input":{"@type":"PropertyValueSpecification","valueRequired":true,"valueName":"search_term_string"}}],"inLanguage":"pt-PT"}]}},"_links":{"self":[{"href":"https:\/\/lovme.pt\/index.php\/wp-json\/wp\/v2\/product\/28817","targetHints":{"allow":["GET"]}}],"collection":[{"href":"https:\/\/lovme.pt\/index.php\/wp-json\/wp\/v2\/product"}],"about":[{"href":"https:\/\/lovme.pt\/index.php\/wp-json\/wp\/v2\/types\/product"}],"wp:featuredmedia":[{"embeddable":true,"href":"https:\/\/lovme.pt\/index.php\/wp-json\/wp\/v2\/media\/83718"}],"wp:attachment":[{"href":"https:\/\/lovme.pt\/index.php\/wp-json\/wp\/v2\/media?parent=28817"}],"wp:term":[{"taxonomy":"product_brand","embeddable":true,"href":"https:\/\/lovme.pt\/index.php\/wp-json\/wp\/v2\/product_brand?post=28817"},{"taxonomy":"product_cat","embeddable":true,"href":"https:\/\/lovme.pt\/index.php\/wp-json\/wp\/v2\/product_cat?post=28817"},{"taxonomy":"product_tag","embeddable":true,"href":"https:\/\/lovme.pt\/index.php\/wp-json\/wp\/v2\/product_tag?post=28817"}],"curies":[{"name":"wp","href":"https:\/\/api.w.org\/{rel}","templated":true}]}}