{"id":28789,"date":"2025-09-30T20:35:08","date_gmt":"2025-09-30T20:35:08","guid":{"rendered":"https:\/\/lovme.pt\/?post_type=product&#038;p=28789"},"modified":"2026-04-22T16:34:17","modified_gmt":"2026-04-22T16:34:17","slug":"seven-creations-kit-de-ondas-estimulantes-para-mamilos-com-10-pecas","status":"publish","type":"product","link":"https:\/\/lovme.pt\/index.php\/produto\/seven-creations-kit-de-ondas-estimulantes-para-mamilos-com-10-pecas\/","title":{"rendered":"SEVEN CREATIONS &#8211; KIT DE SUC\u00c7\u00c3O DE MAMILOS COM 10 PE\u00c7AS"},"content":{"rendered":"<p>Sugador de mamilo em 2 tamanhos com 8 an\u00e9is para escolher.<\/p>\n<ul>\n<li> Aumenta os mamilos e d\u00e1 prazer.<\/li>\n<li> Material: ABS<\/li>\n<li> Di\u00e2metro externo: 1 cm<\/li>\n<li> Comprimento do eixo: 1 cm.<\/li>\n<\/ul>\n<p> A Sevencreations foi fundada em 2002 para satisfazer milh\u00f5es de pessoas em todo o mundo. A marca, consolidada como uma empresa s\u00f3lida, produz quase 1 milh\u00e3o de brinquedos por dia, com pre\u00e7os adequados para p\u00fablicos de todos os n\u00edveis de poder aquisitivo e para aqueles que est\u00e3o come\u00e7ando a conhecer o mundo dos brinquedos sexuais.<\/p>\n","protected":false},"excerpt":{"rendered":"<p>SEVEN CREATIONS &#8211; KIT DE SUC\u00c7\u00c3O DE MAMILOS COM 10 PE\u00c7AS<\/p>\n","protected":false},"featured_media":70372,"template":"","meta":{"_acf_changed":false},"product_brand":[],"product_cat":[17,61],"product_tag":[],"class_list":{"0":"post-28789","1":"product","2":"type-product","3":"status-publish","4":"has-post-thumbnail","6":"product_cat-brinquedos-de-bem-estar-sexual","7":"product_cat-para-elas","8":"yith_product_brand-seven-creations","10":"first","11":"instock","12":"taxable","13":"shipping-taxable","14":"purchasable","15":"product-type-simple"},"acf":[],"yoast_head":"<!-- This site is optimized with the Yoast SEO plugin v27.4 - https:\/\/yoast.com\/product\/yoast-seo-wordpress\/ -->\n<title>SEVEN CREATIONS - KIT DE SUC\u00c7\u00c3O DE MAMILOS COM 10 PE\u00c7AS - Lovme<\/title>\n<meta name=\"robots\" content=\"index, follow, max-snippet:-1, max-image-preview:large, max-video-preview:-1\" \/>\n<link rel=\"canonical\" href=\"https:\/\/lovme.pt\/index.php\/produto\/seven-creations-kit-de-ondas-estimulantes-para-mamilos-com-10-pecas\/\" \/>\n<meta property=\"og:locale\" content=\"pt_PT\" \/>\n<meta property=\"og:type\" content=\"article\" \/>\n<meta property=\"og:title\" content=\"SEVEN CREATIONS - KIT DE SUC\u00c7\u00c3O DE MAMILOS COM 10 PE\u00c7AS - Lovme\" \/>\n<meta property=\"og:description\" content=\"SEVEN CREATIONS - KIT DE SUC\u00c7\u00c3O DE MAMILOS COM 10 PE\u00c7AS\" \/>\n<meta property=\"og:url\" content=\"https:\/\/lovme.pt\/index.php\/produto\/seven-creations-kit-de-ondas-estimulantes-para-mamilos-com-10-pecas\/\" \/>\n<meta property=\"og:site_name\" content=\"Lovme\" \/>\n<meta property=\"article:modified_time\" content=\"2026-04-22T16:34:17+00:00\" \/>\n<meta property=\"og:image\" content=\"https:\/\/erki24nd3ub.exactdn.com\/wp-content\/uploads\/dream\/img\/img_82165_4ea2f0a8326340320ae2b39cce40c12b_1.jpg?strip=all\" \/>\n\t<meta property=\"og:image:width\" content=\"550\" \/>\n\t<meta property=\"og:image:height\" content=\"550\" \/>\n\t<meta property=\"og:image:type\" content=\"image\/jpeg\" \/>\n<meta name=\"twitter:card\" content=\"summary_large_image\" \/>\n<script type=\"application\/ld+json\" class=\"yoast-schema-graph\">{\"@context\":\"https:\\\/\\\/schema.org\",\"@graph\":[{\"@type\":\"WebPage\",\"@id\":\"https:\\\/\\\/lovme.pt\\\/index.php\\\/produto\\\/seven-creations-kit-de-ondas-estimulantes-para-mamilos-com-10-pecas\\\/\",\"url\":\"https:\\\/\\\/lovme.pt\\\/index.php\\\/produto\\\/seven-creations-kit-de-ondas-estimulantes-para-mamilos-com-10-pecas\\\/\",\"name\":\"SEVEN CREATIONS - KIT DE SUC\u00c7\u00c3O DE MAMILOS COM 10 PE\u00c7AS - Lovme\",\"isPartOf\":{\"@id\":\"https:\\\/\\\/lovme.pt\\\/#website\"},\"primaryImageOfPage\":{\"@id\":\"https:\\\/\\\/lovme.pt\\\/index.php\\\/produto\\\/seven-creations-kit-de-ondas-estimulantes-para-mamilos-com-10-pecas\\\/#primaryimage\"},\"image\":{\"@id\":\"https:\\\/\\\/lovme.pt\\\/index.php\\\/produto\\\/seven-creations-kit-de-ondas-estimulantes-para-mamilos-com-10-pecas\\\/#primaryimage\"},\"thumbnailUrl\":\"https:\\\/\\\/erki24nd3ub.exactdn.com\\\/wp-content\\\/uploads\\\/dream\\\/img\\\/img_82165_4ea2f0a8326340320ae2b39cce40c12b_1.jpg?strip=all\",\"datePublished\":\"2025-09-30T20:35:08+00:00\",\"dateModified\":\"2026-04-22T16:34:17+00:00\",\"breadcrumb\":{\"@id\":\"https:\\\/\\\/lovme.pt\\\/index.php\\\/produto\\\/seven-creations-kit-de-ondas-estimulantes-para-mamilos-com-10-pecas\\\/#breadcrumb\"},\"inLanguage\":\"pt-PT\",\"potentialAction\":[{\"@type\":\"ReadAction\",\"target\":[\"https:\\\/\\\/lovme.pt\\\/index.php\\\/produto\\\/seven-creations-kit-de-ondas-estimulantes-para-mamilos-com-10-pecas\\\/\"]}]},{\"@type\":\"ImageObject\",\"inLanguage\":\"pt-PT\",\"@id\":\"https:\\\/\\\/lovme.pt\\\/index.php\\\/produto\\\/seven-creations-kit-de-ondas-estimulantes-para-mamilos-com-10-pecas\\\/#primaryimage\",\"url\":\"https:\\\/\\\/erki24nd3ub.exactdn.com\\\/wp-content\\\/uploads\\\/dream\\\/img\\\/img_82165_4ea2f0a8326340320ae2b39cce40c12b_1.jpg?strip=all\",\"contentUrl\":\"https:\\\/\\\/erki24nd3ub.exactdn.com\\\/wp-content\\\/uploads\\\/dream\\\/img\\\/img_82165_4ea2f0a8326340320ae2b39cce40c12b_1.jpg?strip=all\",\"width\":550,\"height\":550},{\"@type\":\"BreadcrumbList\",\"@id\":\"https:\\\/\\\/lovme.pt\\\/index.php\\\/produto\\\/seven-creations-kit-de-ondas-estimulantes-para-mamilos-com-10-pecas\\\/#breadcrumb\",\"itemListElement\":[{\"@type\":\"ListItem\",\"position\":1,\"name\":\"In\u00edcio\",\"item\":\"https:\\\/\\\/lovme.pt\\\/\"},{\"@type\":\"ListItem\",\"position\":2,\"name\":\"Loja\",\"item\":\"https:\\\/\\\/lovme.pt\\\/index.php\\\/loja\\\/\"},{\"@type\":\"ListItem\",\"position\":3,\"name\":\"SEVEN CREATIONS &#8211; KIT DE SUC\u00c7\u00c3O DE MAMILOS COM 10 PE\u00c7AS\"}]},{\"@type\":\"WebSite\",\"@id\":\"https:\\\/\\\/lovme.pt\\\/#website\",\"url\":\"https:\\\/\\\/lovme.pt\\\/\",\"name\":\"Lovme Loja Er\u00f3tica N\u00ba1 em Portugal\",\"description\":\"A melhor loja er\u00f3tica de Portugal.\",\"alternateName\":\"Loja Er\u00f3tica Lovme\",\"potentialAction\":[{\"@type\":\"SearchAction\",\"target\":{\"@type\":\"EntryPoint\",\"urlTemplate\":\"https:\\\/\\\/lovme.pt\\\/?s={search_term_string}\"},\"query-input\":{\"@type\":\"PropertyValueSpecification\",\"valueRequired\":true,\"valueName\":\"search_term_string\"}}],\"inLanguage\":\"pt-PT\"}]}<\/script>\n<!-- \/ Yoast SEO plugin. -->","yoast_head_json":{"title":"SEVEN CREATIONS - KIT DE SUC\u00c7\u00c3O DE MAMILOS COM 10 PE\u00c7AS - Lovme","robots":{"index":"index","follow":"follow","max-snippet":"max-snippet:-1","max-image-preview":"max-image-preview:large","max-video-preview":"max-video-preview:-1"},"canonical":"https:\/\/lovme.pt\/index.php\/produto\/seven-creations-kit-de-ondas-estimulantes-para-mamilos-com-10-pecas\/","og_locale":"pt_PT","og_type":"article","og_title":"SEVEN CREATIONS - KIT DE SUC\u00c7\u00c3O DE MAMILOS COM 10 PE\u00c7AS - Lovme","og_description":"SEVEN CREATIONS - KIT DE SUC\u00c7\u00c3O DE MAMILOS COM 10 PE\u00c7AS","og_url":"https:\/\/lovme.pt\/index.php\/produto\/seven-creations-kit-de-ondas-estimulantes-para-mamilos-com-10-pecas\/","og_site_name":"Lovme","article_modified_time":"2026-04-22T16:34:17+00:00","og_image":[{"width":550,"height":550,"url":"https:\/\/erki24nd3ub.exactdn.com\/wp-content\/uploads\/dream\/img\/img_82165_4ea2f0a8326340320ae2b39cce40c12b_1.jpg?strip=all","type":"image\/jpeg"}],"twitter_card":"summary_large_image","schema":{"@context":"https:\/\/schema.org","@graph":[{"@type":"WebPage","@id":"https:\/\/lovme.pt\/index.php\/produto\/seven-creations-kit-de-ondas-estimulantes-para-mamilos-com-10-pecas\/","url":"https:\/\/lovme.pt\/index.php\/produto\/seven-creations-kit-de-ondas-estimulantes-para-mamilos-com-10-pecas\/","name":"SEVEN CREATIONS - KIT DE SUC\u00c7\u00c3O DE MAMILOS COM 10 PE\u00c7AS - Lovme","isPartOf":{"@id":"https:\/\/lovme.pt\/#website"},"primaryImageOfPage":{"@id":"https:\/\/lovme.pt\/index.php\/produto\/seven-creations-kit-de-ondas-estimulantes-para-mamilos-com-10-pecas\/#primaryimage"},"image":{"@id":"https:\/\/lovme.pt\/index.php\/produto\/seven-creations-kit-de-ondas-estimulantes-para-mamilos-com-10-pecas\/#primaryimage"},"thumbnailUrl":"https:\/\/erki24nd3ub.exactdn.com\/wp-content\/uploads\/dream\/img\/img_82165_4ea2f0a8326340320ae2b39cce40c12b_1.jpg?strip=all","datePublished":"2025-09-30T20:35:08+00:00","dateModified":"2026-04-22T16:34:17+00:00","breadcrumb":{"@id":"https:\/\/lovme.pt\/index.php\/produto\/seven-creations-kit-de-ondas-estimulantes-para-mamilos-com-10-pecas\/#breadcrumb"},"inLanguage":"pt-PT","potentialAction":[{"@type":"ReadAction","target":["https:\/\/lovme.pt\/index.php\/produto\/seven-creations-kit-de-ondas-estimulantes-para-mamilos-com-10-pecas\/"]}]},{"@type":"ImageObject","inLanguage":"pt-PT","@id":"https:\/\/lovme.pt\/index.php\/produto\/seven-creations-kit-de-ondas-estimulantes-para-mamilos-com-10-pecas\/#primaryimage","url":"https:\/\/erki24nd3ub.exactdn.com\/wp-content\/uploads\/dream\/img\/img_82165_4ea2f0a8326340320ae2b39cce40c12b_1.jpg?strip=all","contentUrl":"https:\/\/erki24nd3ub.exactdn.com\/wp-content\/uploads\/dream\/img\/img_82165_4ea2f0a8326340320ae2b39cce40c12b_1.jpg?strip=all","width":550,"height":550},{"@type":"BreadcrumbList","@id":"https:\/\/lovme.pt\/index.php\/produto\/seven-creations-kit-de-ondas-estimulantes-para-mamilos-com-10-pecas\/#breadcrumb","itemListElement":[{"@type":"ListItem","position":1,"name":"In\u00edcio","item":"https:\/\/lovme.pt\/"},{"@type":"ListItem","position":2,"name":"Loja","item":"https:\/\/lovme.pt\/index.php\/loja\/"},{"@type":"ListItem","position":3,"name":"SEVEN CREATIONS &#8211; KIT DE SUC\u00c7\u00c3O DE MAMILOS COM 10 PE\u00c7AS"}]},{"@type":"WebSite","@id":"https:\/\/lovme.pt\/#website","url":"https:\/\/lovme.pt\/","name":"Lovme Loja Er\u00f3tica N\u00ba1 em Portugal","description":"A melhor loja er\u00f3tica de Portugal.","alternateName":"Loja Er\u00f3tica Lovme","potentialAction":[{"@type":"SearchAction","target":{"@type":"EntryPoint","urlTemplate":"https:\/\/lovme.pt\/?s={search_term_string}"},"query-input":{"@type":"PropertyValueSpecification","valueRequired":true,"valueName":"search_term_string"}}],"inLanguage":"pt-PT"}]}},"_links":{"self":[{"href":"https:\/\/lovme.pt\/index.php\/wp-json\/wp\/v2\/product\/28789","targetHints":{"allow":["GET"]}}],"collection":[{"href":"https:\/\/lovme.pt\/index.php\/wp-json\/wp\/v2\/product"}],"about":[{"href":"https:\/\/lovme.pt\/index.php\/wp-json\/wp\/v2\/types\/product"}],"wp:featuredmedia":[{"embeddable":true,"href":"https:\/\/lovme.pt\/index.php\/wp-json\/wp\/v2\/media\/70372"}],"wp:attachment":[{"href":"https:\/\/lovme.pt\/index.php\/wp-json\/wp\/v2\/media?parent=28789"}],"wp:term":[{"taxonomy":"product_brand","embeddable":true,"href":"https:\/\/lovme.pt\/index.php\/wp-json\/wp\/v2\/product_brand?post=28789"},{"taxonomy":"product_cat","embeddable":true,"href":"https:\/\/lovme.pt\/index.php\/wp-json\/wp\/v2\/product_cat?post=28789"},{"taxonomy":"product_tag","embeddable":true,"href":"https:\/\/lovme.pt\/index.php\/wp-json\/wp\/v2\/product_tag?post=28789"}],"curies":[{"name":"wp","href":"https:\/\/api.w.org\/{rel}","templated":true}]}}